{"id":19571,"date":"2025-04-07T06:55:09","date_gmt":"2025-04-07T06:55:09","guid":{"rendered":"https:\/\/www.hydraulic-cylinders.net\/product\/boom-cylinder-for-john-deere-e230lc\/"},"modified":"2025-04-07T06:55:12","modified_gmt":"2025-04-07T06:55:12","slug":"boom-cylinder-for-john-deere-e230lc","status":"publish","type":"product","link":"https:\/\/www.hydraulic-cylinders.net\/lv\/products\/boom-cylinder-for-john-deere-e230lc\/","title":{"rendered":"Str\u0113les cilindrs John Deere E230LC"},"content":{"rendered":"<h1>Str\u0113les cilindrs John Deere E230LC<\/h1>\n<h2>Produkta p\u0101rskats<\/h2>\n<p>John Deere E230LC str\u0113les cilindrs ir svar\u012bga hidrauliska sast\u0101vda\u013ca, kas paredz\u0113ta, lai kontrol\u0113tu str\u0113les kust\u012bbu smagaj\u0101 ma\u0161\u012bn\u0101. \u0160ie cilindri ir \u012bpa\u0161i izstr\u0101d\u0101ti izmanto\u0161anai ekskavatoros, univers\u0101lajos iekr\u0101v\u0113jos un iekr\u0101v\u0113jos, \u013caujot str\u0113lei pacelt, nolaist un noliekt, t\u0101d\u0113j\u0101di atvieglojot efekt\u012bvus materi\u0101lu apstr\u0101des darbus. Darbojoties k\u0101 hidraulisko sist\u0113mu dzin\u0113jsp\u0113ks, kausa cilindri p\u0101rveido hidraulisko spiedienu meh\u0101nisk\u0101 kust\u012bb\u0101, nodro\u0161inot prec\u012bzu vad\u012bbu un darb\u012bbu da\u017e\u0101dos pielietojumos.<\/p>\n<p><img decoding=\"async\" src=\"https:\/\/www.hydraulic-cylinders.net\/wp-content\/uploads\/2025\/04\/songte-company-1.webp\" alt=\"Str\u0113les cilindrs\"><\/p>\n<h3>Kausa cilindru izpratne<\/h3>\n<p>Kausa cilindri ir hidrauliskie cilindri, kuriem ir iz\u0161\u0137iro\u0161a noz\u012bme smag\u0101 apr\u012bkojuma darb\u012bbas vad\u012b\u0161an\u0101. Tie ir b\u016btiski t\u0101du uzdevumu veik\u0161an\u0101 k\u0101 rak\u0161ana, cel\u0161ana un materi\u0101lu transport\u0113\u0161ana. \u0160o cilindru darb\u012bba balst\u0101s uz hidraulikas principiem, kur \u0161\u0137idruma spiediens tiek izmantots, lai nodro\u0161in\u0101tu vienm\u0113r\u012bgu un efekt\u012bvu kust\u012bbu. To konstrukcijas apsv\u0113rumi ietver iztur\u012bbu, ilgm\u016b\u017e\u012bbu un ilgtermi\u0146a veiktsp\u0113ju skarbos apst\u0101k\u013cos.<\/p>\n<h2>Str\u0113les cilindra galven\u0101s iez\u012bmes<\/h2>\n<ul>\n<li><strong>Augsta iztur\u012bba un ilgm\u016b\u017e\u012bba:<\/strong> \u0160ie cilindri, kas izgatavoti no augstas stipr\u012bbas t\u0113rauda vai alum\u012bnija, var iztur\u0113t augstu spiedienu un lielas slodzes, padarot tos piem\u0113rotus skarbiem darba apst\u0101k\u013ciem.<\/li>\n<li><strong>Efekt\u012bva hidraulisk\u0101 darb\u012bba:<\/strong> Izmantojot hidraulisk\u0101s e\u013c\u013cas spiedienu, str\u0113les cilindrs nodro\u0161ina vienm\u0113r\u012bgu izstiep\u0161anu un ievilk\u0161anu, nodro\u0161inot stabilas stum\u0161anas un vilk\u0161anas iesp\u0113jas smagiem cel\u0161anas darbiem.<\/li>\n<li><strong>Da\u017e\u0101di veidi:<\/strong> Pieejams vienk\u0101r\u0161\u0101s darb\u012bbas (darbojas vien\u0101 virzien\u0101) vai divk\u0101r\u0161\u0101s darb\u012bbas (darbojas abos virzienos) konfigur\u0101cij\u0101s, lai apmierin\u0101tu da\u017e\u0101das ekspluat\u0101cijas pras\u012bbas.<\/li>\n<li><strong>Vietu taupo\u0161i dizaini:<\/strong> Da\u017eiem mode\u013ciem ir teleskopiska konstrukcija, kas \u013cauj veikt liel\u0101ku pagarin\u0101jumu, nepalielinot kop\u0113jos \u0101r\u0113jos izm\u0113rus, kas ir ide\u0101li piem\u0113rots lietojumiem ar ierobe\u017eotu vietu.<\/li>\n<li><strong>Piel\u0101gota ra\u017eo\u0161ana:<\/strong> M\u0113s sp\u0113jam ra\u017eot \u0161o produktu, lai perfekti aizst\u0101tu eso\u0161os hidrauliskos cilindrus, pied\u0101v\u0101jot m\u016bsu klientiem piel\u0101gotus risin\u0101jumus.<\/li>\n<\/ul>\n<p><img decoding=\"async\" src=\"https:\/\/www.hydraulic-cylinders.net\/wp-content\/uploads\/2025\/04\/songte-cylinder-head-with-all-kinds-excavator-models.webp\" alt=\"Piel\u0101gota ra\u017eo\u0161ana\"><\/p>\n<h2>Str\u0113les cilindra pielietojumi<\/h2>\n<h3>Celtniec\u012bbas apr\u012bkojums<\/h3>\n<p>B\u016bvniec\u012bbas iek\u0101rt\u0101s, piem\u0113ram, ekskavatoros, str\u0113les cilindri ir neat\u0146emama sast\u0101vda\u013ca zemes vai gru\u017eu rak\u0161anai, iekrau\u0161anai un p\u0101rvieto\u0161anai. Tie nodro\u0161ina nepiecie\u0161amo sp\u0113ku, lai iek\u013c\u016btu zem\u0113, paceltu smagas kravas un novietotu str\u0113li prec\u012bz\u0101m rak\u0161anas darb\u012bb\u0101m. \u0160\u012b efektivit\u0101te uzlabo produktivit\u0101ti darba viet\u0101s, \u013caujot \u0101tr\u0101k pabeigt projektus un samazin\u0101t ekspluat\u0101cijas izmaksas.<\/p>\n<h3>Lauksaimniec\u012bbas tehnika<\/h3>\n<p>Front\u0101lo iekr\u0101v\u0113ju str\u0113les cilindri ir nepiecie\u0161ami augsnes, siena un citu materi\u0101lu sav\u0101k\u0161anai, cel\u0161anai un transport\u0113\u0161anai. To sp\u0113ja viegli tikt gal\u0101 ar smag\u0101m krav\u0101m padara tos neaizst\u0101jamus lauksaimniec\u012bbas darb\u012bb\u0101s, nodro\u0161inot uzdevumu \u0101tru un efekt\u012bvu izpildi.<\/p>\n<h3>Ekskavatori<\/h3>\n<p>Ekskavatoros str\u0113les cilindrs \u013cauj kausam efekt\u012bvi iek\u013c\u016bt augsn\u0113, atvieglojot rak\u0161anas darb\u012bbas, kas nepiecie\u0161amas b\u016bvniec\u012bbas un ainavu veido\u0161anas projektos. To jaud\u012bg\u0101 darb\u012bba nodro\u0161ina, ka ekskavatori var tikt gal\u0101 ar cietiem materi\u0101liem, nodro\u0161inot konkurences priek\u0161roc\u012bbas tirg\u016b.<\/p>\n<h3>Iekr\u0101v\u0113ji<\/h3>\n<p>Front\u0101lajos iekr\u0101v\u0113jos str\u0113les cilindri pal\u012bdz efekt\u012bvi pacelt un izg\u0101zt kravas. Tie nodro\u0161ina, ka materi\u0101lus var pacelt vajadz\u012bgaj\u0101 augstum\u0101 izg\u0101\u0161anai, kas ir \u013coti svar\u012bgi da\u017e\u0101diem ainavu veido\u0161anas, b\u016bvniec\u012bbas un kalnr\u016bpniec\u012bbas darbiem.<\/p>\n<h2>Dizaina apsv\u0113rumi un atlases krit\u0113riji<\/h2>\n<h3>Kravnes\u012bba<\/h3>\n<p>Str\u0113les cilindra kravnes\u012bba ir \u0101rk\u0101rt\u012bgi svar\u012bga, lai nodro\u0161in\u0101tu, ka tas sp\u0113j iztur\u0113t materi\u0101lu un apr\u012bkojuma svaru ekspluat\u0101cijas laik\u0101. Lai izv\u0113l\u0113tos cilindru, kas atbilst vai p\u0101rsniedz ekspluat\u0101cijas pras\u012bbas, ir j\u0101veic atbilsto\u0161i apr\u0113\u0137ini un nov\u0113rt\u0113jumi, t\u0101d\u0113j\u0101di nov\u0113r\u0161ot k\u013c\u016bmes, kas var\u0113tu izrais\u012bt negad\u012bjumus vai apr\u012bkojuma boj\u0101jumus.<\/p>\n<h3>Bl\u012bv\u0113\u0161ana<\/h3>\n<p>Efekt\u012bvi bl\u012bv\u0113\u0161anas meh\u0101nismi ir b\u016btiski, lai uztur\u0113tu hidraulisko \u0161\u0137idrumu cilindr\u0101 un nov\u0113rstu nopl\u016bdes. Augstas kvalit\u0101tes bl\u012bv\u0113jumu izv\u0113le, kas izgatavoti no iztur\u012bgiem materi\u0101liem, ir \u013coti svar\u012bga, lai nodro\u0161in\u0101tu ilgm\u016b\u017e\u012bbu un veiktsp\u0113ju augsta spiediena apst\u0101k\u013cos. Lai uztur\u0113tu optim\u0101lu funkcionalit\u0101ti, ir nepiecie\u0161amas regul\u0101ras bl\u012bv\u0113jumu p\u0101rbaudes un nomai\u0146a.<\/p>\n<h3>Iztur\u012bba<\/h3>\n<p>Iztur\u012bba ir kritisks faktors str\u0113les cilindru projekt\u0113\u0161an\u0101, jo tie ir pak\u013cauti ekstrem\u0101liem apst\u0101k\u013ciem un intens\u012bvai lieto\u0161anai. Materi\u0101lu un konstrukcijas meto\u017eu izv\u0113l\u0113 priorit\u0101tei j\u0101b\u016bt iztur\u012bbai pret nodilumu, ietekmi uz vidi un nogurumu laika gait\u0101. Stingru konstrukcijas standartu ievie\u0161ana nodro\u0161ina, ka \u0161ie cilindri var iztur\u0113t skarbu vidi, neapdraudot veiktsp\u0113ju.<\/p>\n<h3>Dro\u0161\u012bba<\/h3>\n<p>Lai nov\u0113rstu negad\u012bjumus darb\u012bbas laik\u0101, str\u0113les cilindru konstrukcij\u0101 j\u0101iek\u013cauj dro\u0161\u012bbas funkcijas. Tas ietver dro\u0161\u012bbas v\u0101rstus un spiediena samazin\u0101\u0161anas sist\u0113mas, kas mazina p\u0101rspiediena riskus un nodro\u0161ina operatoriem sirdsmieru iek\u0101rtas lieto\u0161anas laik\u0101.<\/p>\n<h3>Uzturam\u012bba<\/h3>\n<p>V\u0113l viens svar\u012bgs apsv\u0113rums ir vienk\u0101r\u0161a apkope. Projekt\u0113\u0161anas darbiem j\u0101veic \u0101tra p\u0101rbaude un apkope, nodro\u0161inot savlaic\u012bgu remontu un regul\u0113\u0161anu. Komponentu darbsp\u0113ja negat\u012bvi ietekm\u0113s d\u012bkst\u0101ves laiku un darb\u012bbas efektivit\u0101ti, ja t\u0101 netiks pien\u0101c\u012bgi \u0146emta v\u0113r\u0101 projekt\u0113\u0161anas posm\u0101.<\/p>\n<p><img decoding=\"async\" src=\"https:\/\/www.hydraulic-cylinders.net\/wp-content\/uploads\/2025\/04\/songte-oil-pipes-and-spare-parts.webp\" alt=\"Hidraulisk\u0101s da\u013cas\"><\/p>\n<h2>Bl\u012bv\u0113\u0161ana un e\u013c\u013co\u0161ana<\/h2>\n<p>Bl\u012bv\u0113jums un e\u013c\u013co\u0161ana ir \u013coti svar\u012bgas str\u0113les cilindru veiktsp\u0113jas uztur\u0113\u0161anai. Lai nov\u0113rstu hidraulisk\u0101 \u0161\u0137idruma nopl\u016bdi un pies\u0101r\u0146ojumu, tiek izmantoti da\u017e\u0101di bl\u012bv\u0113jumi, piem\u0113ram, virzu\u013ca bl\u012bv\u0113jumi un stie\u0146a bl\u012bv\u0113jumi. Materi\u0101li, piem\u0113ram, poliuret\u0101ns un nitrilgumija, parasti tiek izmantoti to nodilumiztur\u012bbas un sp\u0113jas iztur\u0113t skarbus apst\u0101k\u013cus d\u0113\u013c. Cilindra korpuss un v\u012bt\u0146otie gali tiek prec\u012bzi apstr\u0101d\u0101ti, lai uzlabotu nodilumiztur\u012bbu, savuk\u0101rt regul\u0101ra e\u013c\u013co\u0161ana ar hidraulisko e\u013c\u013cu nodro\u0161ina vienm\u0113r\u012bgu darb\u012bbu un pagarina cilindra kalpo\u0161anas laiku.<\/p>\n<h2>Regul\u0101ra apkope un prevent\u012bvie pas\u0101kumi<\/h2>\n<ul>\n<li><strong>Regul\u0101ras p\u0101rbaudes:<\/strong> Regul\u0101ru p\u0101rbau\u017eu veik\u0161ana pal\u012bdz noteikt nodilumu un potenci\u0101los boj\u0101jumus, pirms tie saasin\u0101s. Mekl\u0113jiet nopl\u016bdes vai neparasta nodiluma paz\u012bmes bl\u012bv\u0113m un deta\u013c\u0101m.<\/li>\n<li><strong>Pareiza e\u013c\u013co\u0161ana:<\/strong> Regul\u0101ri iee\u013c\u013cojiet kust\u012bg\u0101s da\u013cas ar piem\u0113rotu hidraulisko e\u013c\u013cu, lai samazin\u0101tu berzi un nodilumu. P\u0101rliecinieties, vai izmantot\u0101 e\u013c\u013ca atbilst optim\u0101lai veiktsp\u0113jai nepiecie\u0161amaj\u0101m specifik\u0101cij\u0101m.<\/li>\n<li><strong>Bl\u012bv\u0113juma nomai\u0146a:<\/strong> Laika gait\u0101 bl\u012bves nolietojas un var izrais\u012bt nopl\u016bdes. Izveidojiet grafiku bl\u012bvju p\u0101rbaudei un nepiecie\u0161am\u012bbas gad\u012bjum\u0101 nomai\u0146ai, lai saglab\u0101tu hidraulisk\u0101s sist\u0113mas integrit\u0101ti.<\/li>\n<\/ul>\n<h2>Uzst\u0101d\u012b\u0161anas vadl\u012bnijas<\/h2>\n<p>Pareiza str\u0113les cilindra uzst\u0101d\u012b\u0161ana ir b\u016btiska t\u0101 veiktsp\u0113jai un ilgm\u016b\u017e\u012bbai. Uzst\u0101d\u012b\u0161anas laik\u0101 p\u0101rliecinieties, vai tiek iev\u0113rotas \u0161\u0101das darb\u012bbas:<\/p>\n<ol>\n<li>Pareizi nol\u012bdziniet cilindru ar stiprin\u0101juma punktiem, lai nov\u0113rstu p\u0101rm\u0113r\u012bgu spriegumu un nodro\u0161in\u0101tu vienm\u0113r\u012bgu darb\u012bbu.<\/li>\n<li>Izmantojiet atbilsto\u0161us mont\u0101\u017eas kron\u0161teinus un stiprin\u0101jumus, lai nostiprin\u0101tu cilindru viet\u0101, izvairoties no jebk\u0101das kust\u012bbas, kas var\u0113tu izrais\u012bt nepareizu izl\u012bdzin\u0101\u0161anu.<\/li>\n<li>P\u0101rbaudiet visu hidraulisko savienojumu stingr\u012bbu, lai nov\u0113rstu nopl\u016bdes.<\/li>\n<li>Piepildiet hidraulisko sist\u0113mu ar ieteicamo \u0161\u0137idrumu, p\u0101rliecinoties, ka l\u012bnij\u0101s nav gaisa kabatu.<\/li>\n<li>Pirms pilnas darb\u012bbas p\u0101rbaudiet sist\u0113mu zemas slodzes apst\u0101k\u013cos, lai p\u0101rliecin\u0101tos, ka viss darbojas pareizi.<\/li>\n<\/ol>\n<h2>Bie\u017ei sastopamie apkopes uzdevumi<\/h2>\n<h3>Regul\u0101ras p\u0101rbaudes<\/h3>\n<p>Regul\u0101ras p\u0101rbaudes ir b\u016btiskas, lai laikus identific\u0113tu jebk\u0101dus nodiluma vai potenci\u0101lus boj\u0101jumu punktus. Regul\u0101ri p\u0101rbaudiet hidraulisk\u0101s l\u012bnijas, bl\u012bves un cilindra korpusu, vai nav nopl\u016b\u017eu vai boj\u0101jumu paz\u012bmju. Nekav\u0113joties nov\u0113rsiet visas probl\u0113mas, lai nov\u0113rstu d\u0101rgus remontdarbus n\u0101kotn\u0113.<\/p>\n<h3>Piem\u0113rota e\u013c\u013co\u0161ana<\/h3>\n<p>Regul\u0101ra str\u0113les cilindra e\u013c\u013co\u0161ana ir \u013coti svar\u012bga, lai nodro\u0161in\u0101tu vienm\u0113r\u012bgu darb\u012bbu. Izmantojiet pareizo hidraulisko e\u013c\u013cu un p\u0101rliecinieties, ka e\u013c\u013co\u0161anas grafiks atbilst ra\u017eot\u0101ja ieteikumiem. Pareiza e\u013c\u013co\u0161ana iev\u0113rojami pagarina hidraulisk\u0101s sist\u0113mas kalpo\u0161anas laiku.<\/p>\n<h3>Bl\u012bv\u0113juma nomai\u0146a un kalibr\u0113\u0161ana<\/h3>\n<p>Laika gait\u0101 bl\u012bves var nolietoties un t\u0101s var b\u016bt j\u0101nomaina, lai saglab\u0101tu hidraulisk\u0101s sist\u0113mas integrit\u0101ti. Ieviesiet bl\u012bvju p\u0101rbau\u017eu un nomai\u0146as grafiku. Hidraulisk\u0101s sist\u0113mas kalibr\u0113\u0161anai ir ar\u012b b\u016btiska loma optim\u0101las veiktsp\u0113jas nodro\u0161in\u0101\u0161an\u0101, samazinot darb\u012bbas trauc\u0113jumu vai atteices iesp\u0113jam\u012bbu.<\/p>\n<p><img decoding=\"async\" src=\"https:\/\/www.hydraulic-cylinders.net\/wp-content\/uploads\/2025\/04\/songte-chushion-collar.webp\" alt=\"Spilvenu apkakle\"><\/p>\n<h2>Dro\u0161\u012bbas apsv\u0113rumi un vides faktori<\/h2>\n<p>Str\u0101d\u0101jot ar hidrauliskajiem cilindriem, dro\u0161\u012bbas pas\u0101kumi ir \u0101rk\u0101rt\u012bgi svar\u012bgi. Operatoriem j\u0101b\u016bt apm\u0101c\u012btiem par iek\u0101rtu dro\u0161u ekspluat\u0101ciju un j\u0101saprot ar hidrauliskaj\u0101m sist\u0113m\u0101m saist\u012btie riski. Ir svar\u012bgi ieviest dro\u0161\u012bbas protokolus, piem\u0113ram, lietot atbilsto\u0161us individu\u0101los aizsardz\u012bbas l\u012bdzek\u013cus (IAL) un nodro\u0161in\u0101t, ka viss apr\u012bkojums ir lab\u0101 darba k\u0101rt\u012bb\u0101. Turkl\u0101t \u0146emiet v\u0113r\u0101 hidraulisko \u0161\u0137idrumu ietekmi uz vidi un nodro\u0161iniet, lai visas proced\u016bras atbilstu viet\u0113jiem noteikumiem par nopl\u016bd\u0113m un atkritumu apglab\u0101\u0161anu.<\/p>\n<h2>Probl\u0113mu nov\u0113r\u0161ana un bie\u017ei sastopamas probl\u0113mas<\/h2>\n<h3>Bie\u017ei sastopamas probl\u0113mas<\/h3>\n<ul>\n<li><strong>Nopl\u016bde:<\/strong> Tas var rasties nolietotu bl\u012bv\u0113jumu vai va\u013c\u012bgu savienojumu d\u0113\u013c. Regul\u0101ras p\u0101rbaudes var pal\u012bdz\u0113t laikus atkl\u0101t nopl\u016bdes.<\/li>\n<li><strong>L\u0113na darb\u012bba:<\/strong> Ja cilindrs kustas l\u0113ni, tas var liecin\u0101t par zemu hidraulisk\u0101 \u0161\u0137idruma l\u012bmeni vai gaisu sist\u0113m\u0101. P\u0101rbaudiet \u0161\u0137idruma l\u012bmeni un, ja nepiecie\u0161ams, atgaisojiet sist\u0113mu.<\/li>\n<li><strong>Neparastas ska\u0146as:<\/strong> Sl\u012bpo\u0161a vai gaudo\u0161a ska\u0146a var liecin\u0101t par meh\u0101nisku nodilumu vai nepietiekamu e\u013c\u013co\u0161anu. Nekav\u0113joties p\u0101rbaudiet un nov\u0113rsiet jebkuru troksni.<\/li>\n<\/ul>\n<h3>Probl\u0113mu nov\u0113r\u0161anas padomi<\/h3>\n<p>Lai efekt\u012bvi diagnostic\u0113tu un nov\u0113rstu probl\u0113mas, operatoriem j\u0101uztur simptomu un iesp\u0113jamo c\u0113lo\u0146u kontrolsaraksts. Piem\u0113ram, ja tiek nov\u0113rota nopl\u016bde, vispirms p\u0101rbaudiet bl\u012bves un savienojumus. Ja tiek konstat\u0113ta l\u0113na darb\u012bba, p\u0101rbaudiet hidraulisk\u0101 \u0161\u0137idruma l\u012bmeni un mekl\u0113jiet l\u012bnij\u0101s iesprostotu gaisu. \u0160o probl\u0113mu savlaic\u012bga nov\u0113r\u0161ana var nov\u0113rst nopietn\u0101kus boj\u0101jumus un darb\u012bbas d\u012bkst\u0101vi.<\/p>\n<p><img decoding=\"async\" src=\"https:\/\/www.hydraulic-cylinders.net\/wp-content\/uploads\/2025\/04\/songte-bushings-with-all-kinds-of-excavator-models.webp\" alt=\"Bukses\"><\/p>\n<h2>Par m\u016bsu uz\u0146\u0113mumu<\/h2>\n<p>M\u0113s esam vado\u0161ais rezerves hidraulisko cilindru ra\u017eot\u0101js, kas pied\u0101v\u0101 pla\u0161u produktu kl\u0101stu, lai apmierin\u0101tu viet\u0113j\u0101 un starptautisk\u0101 tirgus da\u017e\u0101d\u0101s vajadz\u012bbas. M\u016bsu ap\u0146em\u0161anos sasniegt izcil\u012bbu nodro\u0161ina izsmalcin\u0101ta ra\u017eo\u0161anas strat\u0113\u0123ija, kas ietver augstus kvalit\u0101tes kontroles standartus. M\u016bsu ra\u017eotnes ir apr\u012bkotas ar modern\u0101m tehnolo\u0123ij\u0101m, kas \u013cauj mums ra\u017eot cilindrus, kas atbilst stingriem veiktsp\u0113jas krit\u0113rijiem. M\u0113s lepojamies ar sav\u0101m inovat\u012bvaj\u0101m sp\u0113j\u0101m un sp\u0113ju nodro\u0161in\u0101t piel\u0101gotus risin\u0101jumus, kas piel\u0101goti m\u016bsu klientu \u012bpa\u0161aj\u0101m vajadz\u012bb\u0101m.<\/p>\n<p><img decoding=\"async\" src=\"https:\/\/www.hydraulic-cylinders.net\/wp-content\/uploads\/2025\/04\/songte-company-4.webp\" alt=\"Uz\u0146\u0113muma p\u0101rskats\"><br \/>\n<img decoding=\"async\" src=\"https:\/\/www.hydraulic-cylinders.net\/wp-content\/uploads\/2025\/04\/songte-company-3.webp\" alt=\"Ra\u017eo\u0161anas iek\u0101rta\"><\/p>\n<h3>Profesionalit\u0101te un sertifik\u0101ti<\/h3>\n<p>M\u016bsu uz\u0146\u0113mums iev\u0113ro starptautiskos standartus un sertifik\u0101tus, nodro\u0161inot, ka m\u016bsu produkti atbilst augst\u0101kajiem kvalit\u0101tes krit\u0113rijiem. M\u0113s koncentr\u0113jamies uz piel\u0101gotu pakalpojumu snieg\u0161anu, kas piel\u0101goti m\u016bsu klientu pras\u012bb\u0101m, garant\u0113jot apmierin\u0101t\u012bbu un uzticam\u012bbu.<\/p>\n<h3>Ra\u017eo\u0161anas iek\u0101rtas<\/h3>\n<p>M\u016bsu modern\u0101kais ra\u017eo\u0161anas apr\u012bkojums \u013cauj mums ra\u017eot augstas kvalit\u0101tes hidrauliskos cilindrus ar precizit\u0101ti un efektivit\u0101ti. Koncentr\u0113joties uz kvalit\u0101ti un veiktsp\u0113ju, m\u016bsu ra\u017eo\u0161anas procesi ir izstr\u0101d\u0101ti, lai apmierin\u0101tu tirgus piepras\u012bjumu, vienlaikus iev\u0113rojot dro\u0161\u012bbas noteikumus.<\/p>\n<h3>P\u0113cp\u0101rdo\u0161anas serviss<\/h3>\n<p>M\u0113s pied\u0101v\u0101jam visaptvero\u0161us p\u0113cp\u0101rdo\u0161anas pakalpojumus, tostarp atbalstu uzst\u0101d\u012b\u0161anai, apkopei un probl\u0113mu nov\u0113r\u0161anai. M\u016bsu \u012bpa\u0161i atlas\u012bt\u0101 klientu apkalpo\u0161anas komanda ir pieejama, lai pal\u012bdz\u0113tu klientiem ar jebk\u0101d\u0101m probl\u0113m\u0101m, ar kur\u0101m tie var saskarties, nodro\u0161inot nevainojamu pieredzi no ieg\u0101des br\u012b\u017ea l\u012bdz pat lieto\u0161anai.<\/p>\n<p>Autors: lil<\/p>","protected":false},"excerpt":{"rendered":"<p>Boom Cylinder For John Deere E230LC Product Overview The Boom Cylinder for John Deere E230LC is a vital hydraulic component designed to control the movement of the boom in heavy machinery. These cylinders are specifically engineered for use in excavators, backhoes, and loaders, enabling the boom to lift, lower, and tilt, facilitating efficient material handling [&hellip;]<\/p>","protected":false},"featured_media":17879,"comment_status":"open","ping_status":"closed","template":"","meta":{"_et_pb_use_builder":"","_et_pb_old_content":"","_et_gb_content_width":""},"product_brand":[],"product_cat":[1546],"product_tag":[1547,1496],"class_list":{"0":"post-19571","1":"product","2":"type-product","3":"status-publish","4":"has-post-thumbnail","6":"product_cat-boom-cylinders","7":"product_tag-boom-cylinders","8":"product_tag-hydraulic-cylinders","10":"first","11":"instock","12":"shipping-taxable","13":"product-type-simple"},"amp_enabled":true,"_links":{"self":[{"href":"https:\/\/www.hydraulic-cylinders.net\/lv\/wp-json\/wp\/v2\/product\/19571","targetHints":{"allow":["GET"]}}],"collection":[{"href":"https:\/\/www.hydraulic-cylinders.net\/lv\/wp-json\/wp\/v2\/product"}],"about":[{"href":"https:\/\/www.hydraulic-cylinders.net\/lv\/wp-json\/wp\/v2\/types\/product"}],"replies":[{"embeddable":true,"href":"https:\/\/www.hydraulic-cylinders.net\/lv\/wp-json\/wp\/v2\/comments?post=19571"}],"wp:featuredmedia":[{"embeddable":true,"href":"https:\/\/www.hydraulic-cylinders.net\/lv\/wp-json\/wp\/v2\/media\/17879"}],"wp:attachment":[{"href":"https:\/\/www.hydraulic-cylinders.net\/lv\/wp-json\/wp\/v2\/media?parent=19571"}],"wp:term":[{"taxonomy":"product_brand","embeddable":true,"href":"https:\/\/www.hydraulic-cylinders.net\/lv\/wp-json\/wp\/v2\/product_brand?post=19571"},{"taxonomy":"product_cat","embeddable":true,"href":"https:\/\/www.hydraulic-cylinders.net\/lv\/wp-json\/wp\/v2\/product_cat?post=19571"},{"taxonomy":"product_tag","embeddable":true,"href":"https:\/\/www.hydraulic-cylinders.net\/lv\/wp-json\/wp\/v2\/product_tag?post=19571"}],"curies":[{"name":"wp","href":"https:\/\/api.w.org\/{rel}","templated":true}]}}