{"id":19574,"date":"2025-04-07T06:55:18","date_gmt":"2025-04-07T06:55:18","guid":{"rendered":"https:\/\/www.hydraulic-cylinders.net\/product\/boom-cylinder-for-yuchai-yc08-8\/"},"modified":"2025-04-07T06:55:20","modified_gmt":"2025-04-07T06:55:20","slug":"boom-cylinder-for-yuchai-yc08-8","status":"publish","type":"product","link":"https:\/\/www.hydraulic-cylinders.net\/lv\/products\/boom-cylinder-for-yuchai-yc08-8\/","title":{"rendered":"Str\u0113les cilindrs Yuchai YC08-8"},"content":{"rendered":"<h1>Str\u0113les cilindrs Yuchai YC08-8<\/h1>\n<h2>Produkta p\u0101rskats<\/h2>\n<p>Yuchai YC08-8 str\u0113les cilindrs ir b\u016btiska sast\u0101vda\u013ca hidrauliskaj\u0101s sist\u0113m\u0101s, ko izmanto smagaj\u0101s ma\u0161\u012bn\u0101s. K\u0101 hidraulisk\u0101 cilindra veids tas ir \u012bpa\u0161i paredz\u0113ts, lai kontrol\u0113tu kausu kust\u012bbu da\u017e\u0101d\u0101s iek\u0101rt\u0101s, piem\u0113ram, ekskavatoros, ekskavatoros-iekr\u0101v\u0113jos un front\u0101lajos iekr\u0101v\u0113jos. Str\u0113les cilindra galven\u0101 funkcija ir nodro\u0161in\u0101t kausa pacel\u0161anu, nolai\u0161anu un noliek\u0161anu, atvieglojot efekt\u012bvus materi\u0101lu apstr\u0101des uzdevumus.<\/p>\n<p>Str\u0113les cilindra darb\u012bba ir kritiski svar\u012bga b\u016bvniec\u012bbas un lauksaimniec\u012bbas tehnik\u0101, kur nepiecie\u0161ama prec\u012bza vad\u012bba un jaud\u012bga veiktsp\u0113ja. T\u0101 nodro\u0161ina vienm\u0113r\u012bgas kust\u012bbas un nepiecie\u0161amo sp\u0113ku, lai efekt\u012bvi apstr\u0101d\u0101tu smagas kravas. Hidraulisk\u0101 sist\u0113ma izmanto \u0161\u0137idruma spiedienu, kas \u013cauj str\u0113les cilindram neman\u0101mi izstiepties un ievilkties. \u0160\u012b funkcionalit\u0101te ir vit\u0101li svar\u012bga da\u017e\u0101du darb\u012bbu veik\u0161anai, tostarp rak\u0161anai, cel\u0161anai un materi\u0101lu transport\u0113\u0161anai.<\/p>\n<p><img decoding=\"async\" src=\"https:\/\/www.hydraulic-cylinders.net\/wp-content\/uploads\/2025\/04\/songte-company-1.webp\" alt=\"Str\u0113les cilindrs\"><\/p>\n<h2>Galven\u0101s iez\u012bmes<\/h2>\n<ul>\n<li>\n<h3>Augsta iztur\u012bba un ilgm\u016b\u017e\u012bba<\/h3>\n<p>Izgatavots no augstas stipr\u012bbas t\u0113rauda vai alum\u012bnija, str\u0113les cilindrs ir paredz\u0113ts, lai iztur\u0113tu augstu spiedienu un lielas slodzes. T\u0101 konstrukcija ir paredz\u0113ta nodilumiztur\u012bbai un korozijas nov\u0113r\u0161anai, nodro\u0161inot ilgu kalpo\u0161anas laiku pat skarbos darba apst\u0101k\u013cos.<\/p>\n<\/li>\n<li>\n<h3>Efekt\u012bva hidraulisk\u0101 darb\u012bba<\/h3>\n<p>Str\u0113les cilindrs izmanto hidraulisk\u0101s e\u013c\u013cas spiedienu, lai pan\u0101ktu vienm\u0113r\u012bgu izstiep\u0161anu un ievilk\u0161anu. Tas \u0101tri rea\u0123\u0113 uz operatora komand\u0101m, nodro\u0161inot sp\u0113c\u012bgus stum\u0161anas un vilk\u0161anas sp\u0113kus, kas piem\u0113roti smagu priek\u0161metu apstr\u0101dei un sare\u017e\u0123\u012btu uzdevumu veik\u0161anai.<\/p>\n<\/li>\n<li>\n<h3>Da\u017e\u0101di veidi<\/h3>\n<p>Atkar\u012bb\u0101 no pielietojuma vajadz\u012bb\u0101m str\u0113les cilindru var izv\u0113l\u0113ties k\u0101 vienas darb\u012bbas (darbojas vien\u0101 virzien\u0101) vai divk\u0101r\u0161as darb\u012bbas (darbojas divos virzienos) cilindru. Da\u017ei mode\u013ci ir teleskopiski, kas \u013cauj veikt liel\u0101ku pagarin\u0101jumu, nepalielinot \u0101r\u0113jos izm\u0113rus, padarot tos piem\u0113rotus darbam sl\u0113gt\u0101s telp\u0101s.<\/p>\n<\/li>\n<li>\n<h3>Piel\u0101gota ra\u017eo\u0161ana<\/h3>\n<p>M\u016bsu uz\u0146\u0113mums specializ\u0113jas str\u0113les cilindru ra\u017eo\u0161an\u0101, kas piel\u0101goti \u012bpa\u0161\u0101m pras\u012bb\u0101m. M\u016bsu produkti var lieliski aizst\u0101t eso\u0161os hidrauliskos cilindrus, nodro\u0161inot sader\u012bbu un veiktsp\u0113ju.<\/p>\n<\/li>\n<li>\n<h3>Uzlabota tehnolo\u0123iju integr\u0101cija<\/h3>\n<p>M\u016bsu ra\u017eo\u0161anas procesos m\u0113s izmantojam jaun\u0101k\u0101s tehnolo\u0123ijas, uzlabojot m\u016bsu str\u0113les cilindru precizit\u0101ti un kvalit\u0101ti.<\/p>\n<\/li>\n<\/ul>\n<p><img decoding=\"async\" src=\"https:\/\/www.hydraulic-cylinders.net\/wp-content\/uploads\/2025\/04\/songte-cylinder-head-with-all-kinds-excavator-models.webp\" alt=\"Hidraulisk\u0101 cilindra galva\"><\/p>\n<h2>Lietojumprogrammu scen\u0101riji<\/h2>\n<h3>Celtniec\u012bbas apr\u012bkojums<\/h3>\n<p>Ekskavatoros str\u0113les cilindriem ir iz\u0161\u0137iro\u0161a noz\u012bme augsnes vai gru\u017eu rak\u0161an\u0101, iekrau\u0161an\u0101 un p\u0101rvieto\u0161an\u0101. Tie \u013cauj kausam efekt\u012bvi iek\u013c\u016bt zem\u0113, \u013caujot operatoriem efekt\u012bvi veikt rak\u0161anas darbus. Ekskavatoros-iekr\u0101v\u0113jos \u0161ie cilindri pal\u012bdz ne tikai rakt, bet ar\u012b pacelt materi\u0101lus, nodro\u0161inot daudzpus\u012bbu b\u016bvniec\u012bbas darbos.<\/p>\n<h3>Lauksaimniec\u012bbas tehnika<\/h3>\n<p>Front\u0101lajos iekr\u0101v\u0113jos str\u0113les cilindri ir b\u016btiski augsnes, siena un citu materi\u0101lu sav\u0101k\u0161anai, cel\u0161anai un transport\u0113\u0161anai. To hidraulisk\u0101 jauda nodro\u0161ina, ka lielus apjomus var \u0101tri un efekt\u012bvi p\u0101rvietot, t\u0101d\u0113j\u0101di uzlabojot produktivit\u0101ti saimniec\u012bb\u0101s un lauksaimniec\u012bbas objektos.<\/p>\n<h3>Ekskavatori<\/h3>\n<p>Ekskavatori izmanto str\u0113les cilindrus, lai atvieglotu rak\u0161anas darb\u012bbas, \u013caujot kausam efekt\u012bvi iek\u013c\u016bt augsn\u0113. \u0160\u012b sp\u0113ja ir vit\u0101li svar\u012bga da\u017e\u0101diem uzdevumiem, tostarp tran\u0161eju rak\u0161anai, plan\u0113\u0161anai un vietas sagatavo\u0161anai, kur nepiecie\u0161ama precizit\u0101te un jauda.<\/p>\n<h3>Iekr\u0101v\u0113ji<\/h3>\n<p>Front\u0101lajos iekr\u0101v\u0113jos str\u0113les cilindri iev\u0113rojami veicina kravu efekt\u012bvu cel\u0161anu un izg\u0101\u0161anu. Tie ir paredz\u0113ti, lai tiktu gal\u0101 ar smag\u0101s cel\u0161anas pras\u012bb\u0101m, vienlaikus saglab\u0101jot stabilit\u0101ti un kontroli, padarot tos neaizst\u0101jamus materi\u0101lu apstr\u0101des oper\u0101cij\u0101s.<\/p>\n<h2>Dizaina apsv\u0113rumi<\/h2>\n<h3>Kravnes\u012bba<\/h3>\n<p>Str\u0113les cilindra kravnes\u012bba ir iz\u0161\u0137iro\u0161s faktors t\u0101 konstrukcij\u0101. Tam j\u0101b\u016bt konstru\u0113tam t\u0101, lai iztur\u0113tu maksim\u0101lo svaru, ar ko tas saskarsies, neapdraudot dro\u0161\u012bbu vai veiktsp\u0113ju. Tas ietver atbilsto\u0161u materi\u0101lu un izm\u0113ru izv\u0113li, lai nodro\u0161in\u0101tu konstrukcijas integrit\u0101ti slodzes laik\u0101.<\/p>\n<h3>Bl\u012bv\u0113\u0161ana<\/h3>\n<p>Efekt\u012bvs bl\u012bv\u0113jums hidrauliskajos cilindros ir b\u016btisks, lai nov\u0113rstu \u0161\u0137idruma nopl\u016bdi un pies\u0101r\u0146ojumu. Lai uztur\u0113tu spiedienu sist\u0113m\u0101, nodro\u0161inot optim\u0101lu cilindra veiktsp\u0113ju un ilgm\u016b\u017e\u012bbu, j\u0101izmanto augstas kvalit\u0101tes bl\u012bv\u0113jumi. Konstrukcijai j\u0101b\u016bt piem\u0113rotai da\u017e\u0101diem bl\u012bv\u0113jumu veidiem, lai tie atbilstu konkr\u0113tiem ekspluat\u0101cijas apst\u0101k\u013ciem.<\/p>\n<h3>Iztur\u012bba<\/h3>\n<p>Iztur\u012bba ir \u0101rk\u0101rt\u012bgi svar\u012bga str\u0113les cilindriem, jo \u200b\u200btie darbojas skarbos apst\u0101k\u013cos. Izmantotajiem materi\u0101liem j\u0101b\u016bt iztur\u012bgiem pret nodilumu un koroziju, pagarinot cilindra kalpo\u0161anas laiku. Regul\u0101ra apkope un kvalit\u0101tes p\u0101rbaudes ra\u017eo\u0161anas laik\u0101 pal\u012bdz nodro\u0161in\u0101t, ka cilindri atbilst iztur\u012bbas standartiem.<\/p>\n<h3>Dro\u0161\u012bba<\/h3>\n<p>Dro\u0161\u012bbas elementu iek\u013cau\u0161ana hidraulisko cilindru konstrukcij\u0101 ir b\u016btiska, lai nov\u0113rstu negad\u012bjumus un nodro\u0161in\u0101tu smago ma\u0161\u012bnu dro\u0161u ekspluat\u0101ciju. Tas ietver spiediena samazin\u0101\u0161anas v\u0101rstus un dro\u0161\u012bbas meh\u0101nismus, kas aktiviz\u0113jas darb\u012bbas trauc\u0113jumu gad\u012bjum\u0101.<\/p>\n<h3>Uzturam\u012bba<\/h3>\n<p>Str\u0113les cilindru konstrukcijai j\u0101b\u016bt t\u0101dai, lai nodro\u0161in\u0101tu \u0113rtu apkopi un remontu. Tas ietver piek\u013cuvi bl\u012bvju nomai\u0146ai un deta\u013cu e\u013c\u013co\u0161anai, k\u0101 ar\u012b skaidru apkopes vadl\u012bniju nodro\u0161in\u0101\u0161anu. Labi izstr\u0101d\u0101tas apkopes proced\u016bras pal\u012bdz pagarin\u0101t hidraulisk\u0101s sist\u0113mas kalpo\u0161anas laiku.<\/p>\n<p><img decoding=\"async\" src=\"https:\/\/www.hydraulic-cylinders.net\/wp-content\/uploads\/2025\/04\/songte-oil-pipes-and-spare-parts.webp\" alt=\"Hidraulisk\u0101s da\u013cas\"><\/p>\n<h2>Bl\u012bv\u0113\u0161ana un e\u013c\u013co\u0161ana<\/h2>\n<p>Bl\u012bv\u0113jums un e\u013c\u013co\u0161ana ir kritiski svar\u012bgi komponenti hidraulisko cilindru darb\u012bbas uztur\u0113\u0161an\u0101. Lai nodro\u0161in\u0101tu, ka \u0161\u0137idrums nenopl\u016bst un t\u0101d\u0113j\u0101di saglab\u0101jas spiediens sist\u0113m\u0101, tiek izmantoti da\u017e\u0101di bl\u012bv\u0113\u0161anas elementi, piem\u0113ram, virzu\u013ca bl\u012bvsl\u0113gi \u200b\u200bun stie\u0146a bl\u012bvsl\u0113gi. Priek\u0161roka tiek dota bl\u012bvsl\u0113giem, kas izgatavoti no t\u0101diem materi\u0101liem k\u0101 poliuret\u0101ns un nitrilgumija, to nodilumiztur\u012bbas un ilgm\u016b\u017e\u012bbas d\u0113\u013c.<\/p>\n<p>Cilindra korpuss un v\u012bt\u0146ot\u0101s gala virsmas parasti tiek smalki apstr\u0101d\u0101tas, lai uzlabotu nodilumiztur\u012bbu. Regul\u0101ra e\u013c\u013co\u0161ana ar atbilsto\u0161u hidraulisko e\u013c\u013cu ir nepiecie\u0161ama, lai samazin\u0101tu kust\u012bgo da\u013cu berzi un nodilumu, t\u0101d\u0113j\u0101di nodro\u0161inot vienm\u0113r\u012bgu darb\u012bbu. Regul\u0101ras e\u013c\u013co\u0161anas grafika ievie\u0161ana ir \u013coti svar\u012bga, lai saglab\u0101tu hidraulisk\u0101s sist\u0113mas efektivit\u0101ti un ilgm\u016b\u017e\u012bbu.<\/p>\n<h2>Regul\u0101ra p\u0101rbaude un profilaktisk\u0101 apkope<\/h2>\n<ul>\n<li>\n<h3>Regul\u0101ras p\u0101rbaudes<\/h3>\n<p>Regul\u0101ras str\u0113les cilindra p\u0101rbaudes ir \u013coti svar\u012bgas, lai identific\u0113tu iesp\u0113jam\u0101s probl\u0113mas, pirms t\u0101s saasin\u0101s. Operatoriem j\u0101p\u0101rbauda, \u200b\u200bvai nav nopl\u016b\u017eu, korozijas vai bl\u012bv\u0113jumu un citu sast\u0101vda\u013cu nodiluma paz\u012bmju. Agr\u012bna atkl\u0101\u0161ana var nov\u0113rst d\u0101rgus remontdarbus un pagarin\u0101t apr\u012bkojuma kalpo\u0161anas laiku.<\/p>\n<\/li>\n<li>\n<h3>Pareiza e\u013c\u013co\u0161ana<\/h3>\n<p>Lai str\u0113les cilindrs darbotos efekt\u012bvi, ir svar\u012bgi nodro\u0161in\u0101t t\u0101 pien\u0101c\u012bgu e\u013c\u013co\u0161anu. Operatoriem j\u0101iev\u0113ro ra\u017eot\u0101ja vadl\u012bnijas par e\u013c\u013co\u0161anas bie\u017eumu un izmantojam\u0101s hidraulisk\u0101s e\u013c\u013cas veidiem. Nepietiekama e\u013c\u013co\u0161ana var izrais\u012bt palielin\u0101tu berzi un priek\u0161laic\u012bgu nodilumu.<\/p>\n<\/li>\n<li>\n<h3>Bl\u012bv\u0113juma nomai\u0146a<\/h3>\n<p>Laika gait\u0101 bl\u012bves var nolietoties un t\u0101s var b\u016bt j\u0101nomaina, lai saglab\u0101tu sist\u0113mas integrit\u0101ti. Regul\u0101rai apkopei j\u0101ietver bl\u012bvju nodiluma p\u0101rbaude un nepiecie\u0161am\u012bbas gad\u012bjum\u0101 to nomai\u0146a, lai nov\u0113rstu \u0161\u0137idruma nopl\u016bdes un nodro\u0161in\u0101tu optim\u0101lu veiktsp\u0113ju.<\/p>\n<\/li>\n<\/ul>\n<h2>Uzst\u0101d\u012b\u0161anas vadl\u012bnijas<\/h2>\n<p>Pareiza str\u0113les cilindra uzst\u0101d\u012b\u0161ana ir \u013coti svar\u012bga, lai nodro\u0161in\u0101tu t\u0101 optim\u0101lu veiktsp\u0113ju un ilgm\u016b\u017e\u012bbu. Vispirms p\u0101rliecinieties, ka darba vieta ir t\u012bra un bez gru\u017eiem. Prec\u012bzi izl\u012bdziniet cilindru ar stiprin\u0101juma punktiem, izmantojot atbilsto\u0161us stiprin\u0101jumus, lai to nostiprin\u0101tu viet\u0101. Ir svar\u012bgi p\u0101rbaud\u012bt, vai visi savienojumi ir cie\u0161i un vai hidraulisk\u0101s \u0161\u013c\u016btenes ir pareizi novietotas, lai izvair\u012btos no samezglojumiem vai spiediena zudumiem.<\/p>\n<p>Pievienojot \u0161\u013c\u016btenes, p\u0101rliecinieties, ka nav nopl\u016b\u017eu, p\u0101rbaudot visus savienojumus un stiprin\u0101jumus. P\u0113c uzst\u0101d\u012b\u0161anas p\u0101rbaudiet cilindru, darbinot to piln\u0101 kust\u012bbas diapazon\u0101, lai p\u0101rliecin\u0101tos, ka tas darbojas nevainojami bez jebk\u0101diem \u0161\u0137\u0113r\u0161\u013ciem. Regul\u0101ri p\u0101rbaudiet izl\u012bdzin\u0101jumu un stiprin\u0101juma dro\u0161\u012bbu, lai izvair\u012btos no jebk\u0101d\u0101m darb\u012bbas probl\u0113m\u0101m.<\/p>\n<h2>Bie\u017ei sastopamie apkopes uzdevumi<\/h2>\n<ul>\n<li>\n<h3>Regul\u0101ras p\u0101rbaudes<\/h3>\n<p>Lai uzraudz\u012btu str\u0113les cilindra st\u0101vokli, j\u0101veic pl\u0101notas p\u0101rbaudes. Tas ietver nodiluma paz\u012bmju p\u0101rbaudi, \u0161\u0137idruma l\u012bme\u0146a nov\u0113rt\u0113\u0161anu un visu sast\u0101vda\u013cu nostiprin\u0101\u0161anas un pareizas darb\u012bbas nodro\u0161in\u0101\u0161anu.<\/p>\n<\/li>\n<li>\n<h3>Pareiza e\u013c\u013co\u0161ana<\/h3>\n<p>Ir svar\u012bgi izveidot e\u013c\u013co\u0161anas grafiku. Izmantojiet ieteicam\u0101s hidraulisk\u0101s e\u013c\u013cas un p\u0101rliecinieties, ka cilindrs ir iee\u013c\u013cots saska\u0146\u0101 ar ra\u017eot\u0101ja specifik\u0101cij\u0101m, lai nov\u0113rstu p\u0101rm\u0113r\u012bgu nodilumu un saglab\u0101tu efektivit\u0101ti.<\/p>\n<\/li>\n<li>\n<h3>Bl\u012bvju nomai\u0146as un kalibr\u0113\u0161anas p\u0101rbaudes<\/h3>\n<p>Piev\u0113rsiet uzman\u012bbu bl\u012bv\u0113m, vai nav redzamas jebk\u0101das nolietojuma paz\u012bmes. Nomainot bl\u012bves, p\u0101rliecinieties, vai visas sast\u0101vda\u013cas ir pareizi kalibr\u0113tas, lai uztur\u0113tu optim\u0101lu hidraulisk\u0101s sist\u0113mas darb\u012bbu.<\/p>\n<\/li>\n<\/ul>\n<p><img decoding=\"async\" src=\"https:\/\/www.hydraulic-cylinders.net\/wp-content\/uploads\/2025\/04\/songte-chushion-collar.webp\" alt=\"Hidraulisk\u0101 spilvena apkakle\"><\/p>\n<h2>Dro\u0161\u012bbas apsv\u0113rumi un vides faktori<\/h2>\n<p>Darbinot hidraulisk\u0101s sist\u0113mas, dro\u0161\u012bbas pas\u0101kumi ir \u0101rk\u0101rt\u012bgi svar\u012bgi. Operatoriem j\u0101valk\u0101 atbilsto\u0161s individu\u0101lais aizsardz\u012bbas apr\u012bkojums un j\u0101nodro\u0161ina, ka ekspluat\u0101cijas un apkopes laik\u0101 tiek iev\u0113roti visi dro\u0161\u012bbas protokoli. Regul\u0101ra apm\u0101c\u012bba un dro\u0161\u012bbas m\u0101c\u012bbas var pal\u012bdz\u0113t samazin\u0101t negad\u012bjumu risku darba viet\u0101. Turkl\u0101t j\u0101\u0146em v\u0113r\u0101 vides apsv\u0113rumi, lai nov\u0113rstu hidraulisk\u0101 \u0161\u0137idruma nopl\u016bdes un nopl\u016bdes, kas var kait\u0113t apk\u0101rt\u0113jai videi.<\/p>\n<h2>K\u013c\u016bmju diagnostika un bie\u017e\u0101k sastopam\u0101s probl\u0113mas<\/h2>\n<ul>\n<li>\n<h3>\u0160\u0137idruma nopl\u016bdes<\/h3>\n<p>\u0160\u0137idruma nopl\u016bdes ir viena no visbie\u017e\u0101k sastopamaj\u0101m probl\u0113m\u0101m, ar kur\u0101m saskaras hidrauliskie cilindri. Paz\u012bmes ir pe\u013c\u0137es zem tehnikas vai hidraulisk\u0101 spiediena pazemin\u0101\u0161an\u0101s. P\u0101rbaudiet bl\u012bves, savienojumus un \u0161\u013c\u016btenes, lai noteiktu un nov\u0113rstu nopl\u016bdes avotu.<\/p>\n<\/li>\n<li>\n<h3>Samazin\u0101ta veiktsp\u0113ja<\/h3>\n<p>Ja str\u0113les cilindrs nece\u013cas vai nedarbojas, k\u0101 paredz\u0113ts, p\u0101rbaudiet, vai nav zems hidraulisk\u0101 \u0161\u0137idruma l\u012bmenis, aizsprostojumi \u0161\u013c\u016bten\u0113s vai nodilu\u0161as bl\u012bves. Pareiza hidraulisk\u0101 \u0161\u0137idruma l\u012bme\u0146a nodro\u0161in\u0101\u0161ana un aizsprostojumu p\u0101rbaude bie\u017ei vien var atrisin\u0101t veiktsp\u0113jas probl\u0113mas.<\/p>\n<\/li>\n<li>\n<h3>P\u0101rkar\u0161ana<\/h3>\n<p>P\u0101rkar\u0161ana var rasties p\u0101rm\u0113r\u012bgas lieto\u0161anas, nepietiekamas e\u013c\u013co\u0161anas vai nepareizi funkcion\u0113jo\u0161as hidraulisk\u0101s sist\u0113mas d\u0113\u013c. Lai izvair\u012btos no p\u0101rkar\u0161anas probl\u0113m\u0101m, p\u0101rliecinieties, ka tiek veikta regul\u0101ra apkope un ka hidraulisk\u0101 e\u013c\u013ca tiek nomain\u012bta saska\u0146\u0101 ar ra\u017eot\u0101ja ieteikumiem.<\/p>\n<\/li>\n<\/ul>\n<p>Lai efekt\u012bvi diagnostic\u0113tu un nov\u0113rstu probl\u0113mas, operatoriem j\u0101b\u016bt apm\u0101c\u012btiem atpaz\u012bt simptomus un veikt pamata probl\u0113mu nov\u0113r\u0161anu. Prevent\u012bvie pas\u0101kumi, piem\u0113ram, regul\u0101ra apkope un \u0161\u0137idruma l\u012bme\u0146a uzraudz\u012bba, var pal\u012bdz\u0113t samazin\u0101t iesp\u0113jam\u0101s probl\u0113mas.<\/p>\n<p><img decoding=\"async\" src=\"https:\/\/www.hydraulic-cylinders.net\/wp-content\/uploads\/2025\/04\/songte-bushings-with-all-kinds-of-excavator-models.webp\" alt=\"Hidraulisk\u0101s bukses\"><\/p>\n<h2>Par m\u016bsu uz\u0146\u0113mumu<\/h2>\n<p>M\u0113s esam vado\u0161ais rezerves hidraulisko cilindru ra\u017eot\u0101js, kas pied\u0101v\u0101 pla\u0161u produktu kl\u0101stu viet\u0113jam un starptautiskajam tirgum. M\u016bsu ap\u0146em\u0161anos nodro\u0161in\u0101t izcil\u012bbu kvalit\u0101t\u0113 atbalsta m\u016bsu pilnveidot\u0101s ra\u017eo\u0161anas vad\u012bbas strat\u0113\u0123ijas. M\u0113s nep\u0101rtraukti uzlabojam savas ra\u017eo\u0161anas iesp\u0113jas, izmantojot progres\u012bvas tehnolo\u0123ijas, kvalific\u0113tus darbiniekus un profesion\u0101las test\u0113\u0161anas sist\u0113mas, nodro\u0161inot augstu efektivit\u0101ti, augstu precizit\u0101ti un augstas kvalit\u0101tes rezult\u0101tus, kas atbilst da\u017e\u0101d\u0101m klientu vajadz\u012bb\u0101m.<\/p>\n<p>M\u016bsu specializ\u0101cija aptver profesion\u0101lus pakalpojumus, starptautiskas sertifik\u0101cijas un piel\u0101gojamus risin\u0101jumus, kas atbilst da\u017e\u0101du nozaru pras\u012bb\u0101m. M\u016bsu modern\u0101k\u0101s ra\u017eo\u0161anas iek\u0101rtas un stabils p\u0113cp\u0101rdo\u0161anas serviss v\u0113l vair\u0101k pastiprina m\u016bsu ap\u0146em\u0161anos nodro\u0161in\u0101t klientu apmierin\u0101t\u012bbu.<\/p>\n<p><img decoding=\"async\" src=\"https:\/\/www.hydraulic-cylinders.net\/wp-content\/uploads\/2025\/04\/songte-company-4.webp\" alt=\"Uz\u0146\u0113muma telpas\"><br \/>\n<img decoding=\"async\" src=\"https:\/\/www.hydraulic-cylinders.net\/wp-content\/uploads\/2025\/04\/songte-company-3.webp\" alt=\"Uz\u0146\u0113muma ra\u017eo\u0161ana\"><\/p>\n<p>Autors: lil<\/p>","protected":false},"excerpt":{"rendered":"<p>Boom Cylinder For Yuchai YC08-8 Product Overview The Boom Cylinder for Yuchai YC08-8 is an essential component in hydraulic systems used in heavy machinery. As a type of hydraulic cylinder, it is specifically designed to control the movement of buckets in various equipment such as excavators, backhoe loaders, and front-end loaders. The primary function of [&hellip;]<\/p>","protected":false},"featured_media":17867,"comment_status":"open","ping_status":"closed","template":"","meta":{"_et_pb_use_builder":"","_et_pb_old_content":"","_et_gb_content_width":""},"product_brand":[],"product_cat":[1546],"product_tag":[1547,1496],"class_list":{"0":"post-19574","1":"product","2":"type-product","3":"status-publish","4":"has-post-thumbnail","6":"product_cat-boom-cylinders","7":"product_tag-boom-cylinders","8":"product_tag-hydraulic-cylinders","10":"first","11":"instock","12":"shipping-taxable","13":"product-type-simple"},"amp_enabled":true,"_links":{"self":[{"href":"https:\/\/www.hydraulic-cylinders.net\/lv\/wp-json\/wp\/v2\/product\/19574","targetHints":{"allow":["GET"]}}],"collection":[{"href":"https:\/\/www.hydraulic-cylinders.net\/lv\/wp-json\/wp\/v2\/product"}],"about":[{"href":"https:\/\/www.hydraulic-cylinders.net\/lv\/wp-json\/wp\/v2\/types\/product"}],"replies":[{"embeddable":true,"href":"https:\/\/www.hydraulic-cylinders.net\/lv\/wp-json\/wp\/v2\/comments?post=19574"}],"wp:featuredmedia":[{"embeddable":true,"href":"https:\/\/www.hydraulic-cylinders.net\/lv\/wp-json\/wp\/v2\/media\/17867"}],"wp:attachment":[{"href":"https:\/\/www.hydraulic-cylinders.net\/lv\/wp-json\/wp\/v2\/media?parent=19574"}],"wp:term":[{"taxonomy":"product_brand","embeddable":true,"href":"https:\/\/www.hydraulic-cylinders.net\/lv\/wp-json\/wp\/v2\/product_brand?post=19574"},{"taxonomy":"product_cat","embeddable":true,"href":"https:\/\/www.hydraulic-cylinders.net\/lv\/wp-json\/wp\/v2\/product_cat?post=19574"},{"taxonomy":"product_tag","embeddable":true,"href":"https:\/\/www.hydraulic-cylinders.net\/lv\/wp-json\/wp\/v2\/product_tag?post=19574"}],"curies":[{"name":"wp","href":"https:\/\/api.w.org\/{rel}","templated":true}]}}