{"id":19575,"date":"2025-04-07T06:55:20","date_gmt":"2025-04-07T06:55:20","guid":{"rendered":"https:\/\/www.hydraulic-cylinders.net\/product\/boom-cylinder-for-yuchai-yc18sr\/"},"modified":"2025-04-07T06:55:22","modified_gmt":"2025-04-07T06:55:22","slug":"boom-cylinder-for-yuchai-yc18sr","status":"publish","type":"product","link":"https:\/\/www.hydraulic-cylinders.net\/lv\/products\/boom-cylinder-for-yuchai-yc18sr\/","title":{"rendered":"Str\u0113les cilindrs Yuchai YC18SR"},"content":{"rendered":"<h1>Str\u0113les cilindrs Yuchai YC18SR<\/h1>\n<h2>Produkta defin\u012bcija<\/h2>\n<p>Yuchai YC18SR str\u0113les cilindrs ir svar\u012bga hidraulisk\u0101 sast\u0101vda\u013ca, kas paredz\u0113ta da\u017e\u0101du smago ma\u0161\u012bnu, piem\u0113ram, ekskavatoru, univers\u0101lo iekr\u0101v\u0113ju un front\u0101lo iekr\u0101v\u0113ju, pacel\u0161anas, nolai\u0161anas un sasv\u0113r\u0161anas funkciju vad\u012bbai. \u0160is hidrauliskais cilindrs \u013cauj kausam efekt\u012bvi veikt svar\u012bgus uzdevumus, veicinot materi\u0101lu apstr\u0101des darb\u012bbas ar precizit\u0101ti un efektivit\u0101ti. Tam ir b\u016btiska loma hidrauliskaj\u0101s sist\u0113m\u0101s, p\u0101rnesot spiedienu no hidraulisk\u0101 \u0161\u0137idruma uz meh\u0101nisku sp\u0113ku, nodro\u0161inot vienm\u0113r\u012bgas un kontrol\u0113tas kust\u012bbas sare\u017e\u0123\u012btos darba apst\u0101k\u013cos.<\/p>\n<p><img decoding=\"async\" src=\"https:\/\/www.hydraulic-cylinders.net\/wp-content\/uploads\/2025\/04\/songte-company-1.webp\" alt=\"Str\u0113les cilindrs Yuchai YC18SR\"><\/p>\n<h2>Produkta \u012bpa\u0161\u012bbas<\/h2>\n<ul>\n<li>\n<h3>Augsta iztur\u012bba un ilgm\u016b\u017e\u012bba<\/h3>\n<p>\u0160is str\u0113les cilindrs, kas izgatavots no augstas stipr\u012bbas t\u0113rauda vai alum\u012bnija, ir paredz\u0113ts augsta spiediena un lielu kravu iztur\u0113\u0161anai, padarot to piem\u0113rotu skarbiem darba apst\u0101k\u013ciem. T\u0101 konstrukcij\u0101 priorit\u0101te ir nodilumiztur\u012bba un iztur\u012bba pret koroziju, iev\u0113rojami pagarinot t\u0101 kalpo\u0161anas laiku.<\/p>\n<\/li>\n<li>\n<h3>Efekt\u012bva hidraulisk\u0101 darb\u012bba<\/h3>\n<p>Cilindrs izmanto hidraulisk\u0101 \u0161\u0137idruma spiedienu, lai pan\u0101ktu vienm\u0113r\u012bgu izstiep\u0161anu un ievilk\u0161anu, \u013caujot \u0101tri rea\u0123\u0113t uz vad\u012bbas komand\u0101m un nodro\u0161inot sp\u0113c\u012bgu stum\u0161anas un vilk\u0161anas sp\u0113ku, kas ir ide\u0101li piem\u0113rots smagu materi\u0101lu apstr\u0101dei un sare\u017e\u0123\u012btu uzdevumu veik\u0161anai.<\/p>\n<\/li>\n<li>\n<h3>Da\u017e\u0101di veidi<\/h3>\n<p>Str\u0113les cilindrs ir pieejams gan vienas darb\u012bbas (darbojas vien\u0101 virzien\u0101), gan divk\u0101r\u0161as darb\u012bbas (darbojas abos virzienos) mode\u013cos, un to var piel\u0101got da\u017e\u0101d\u0101m ekspluat\u0101cijas vajadz\u012bb\u0101m. Da\u017ei mode\u013ci ir teleskopiski, kas \u013cauj veikt liel\u0101ku pagarin\u0101jumu, nepalielinot \u0101r\u0113jos izm\u0113rus, kas ir ide\u0101li piem\u0113rots lietojumiem ar ierobe\u017eotu vietu.<\/p>\n<\/li>\n<\/ul>\n<p>M\u0113s specializ\u0113jamies \u0161\u012b produkta ra\u017eo\u0161an\u0101, nodro\u0161inot hidrauliskos cilindrus, kas lieliski aizst\u0101j eso\u0161os.<\/p>\n<p><img decoding=\"async\" src=\"https:\/\/www.hydraulic-cylinders.net\/wp-content\/uploads\/2025\/04\/songte-cylinder-head-with-all-kinds-excavator-models.webp\" alt=\"Hidrauliskais cilindrs ekskavatoriem\"><\/p>\n<h2>Str\u0113les cilindra pielietojumi<\/h2>\n<ul>\n<li>\n<h3>Celtniec\u012bbas apr\u012bkojums<\/h3>\n<p>Ekskavatoros str\u0113les cilindri ir kritiski svar\u012bgi rak\u0161anai, iekrau\u0161anai un augsnes vai gru\u017eu p\u0101rvieto\u0161anai. Tie pal\u012bdz gan rak\u0161an\u0101, gan cel\u0161an\u0101 ekskavatoros-iekr\u0101v\u0113jos, padarot tos neaizst\u0101jamus b\u016bvlaukumos.<\/p>\n<\/li>\n<li>\n<h3>Lauksaimniec\u012bbas tehnika<\/h3>\n<p>Front\u0101lajos iekr\u0101v\u0113jos str\u0113les cilindri \u013cauj operatoriem efekt\u012bvi sav\u0101kt, pacelt un transport\u0113t augsni, sienu un citus materi\u0101lus. Tiem ir b\u016btiska loma lauksaimniec\u012bbas darbu produktivit\u0101tes uzlabo\u0161an\u0101.<\/p>\n<\/li>\n<li>\n<h3>Ekskavatori<\/h3>\n<p>Str\u0113les cilindrs \u013cauj kausam efekt\u012bvi iek\u013c\u016bt augsn\u0113, atvieglojot rak\u0161anas procesu. T\u0101 iztur\u012bg\u0101 konstrukcija nodro\u0161ina uzticam\u012bbu smagiem darbiem.<\/p>\n<\/li>\n<li>\n<h3>Iekr\u0101v\u0113ji<\/h3>\n<p>Front\u0101lajos iekr\u0101v\u0113jos \u0161ie cilindri ir b\u016btiski materi\u0101lu pacel\u0161anai un izg\u0101\u0161anai, uzlabojot iekrau\u0161anas oper\u0101ciju efektivit\u0101ti da\u017e\u0101d\u0101s nozar\u0113s.<\/p>\n<\/li>\n<\/ul>\n<h2>Projekt\u0113\u0161anas apsv\u0113rumi un atlases standarti<\/h2>\n<ul>\n<li>\n<h3>Kravnes\u012bba<\/h3>\n<p>Str\u0113les cilindra kravnes\u012bbai ir j\u0101atbilst tehnikas ekspluat\u0101cijas pras\u012bb\u0101m. Nodro\u0161inot, ka cilindrs var iztur\u0113t paredzam\u0101s slodzes, tiek nov\u0113rsta priek\u0161laic\u012bga atteice un uzlabota dro\u0161\u012bba ekspluat\u0101cijas laik\u0101.<\/p>\n<\/li>\n<li>\n<h3>Bl\u012bv\u0113juma veiktsp\u0113ja<\/h3>\n<p>Efekt\u012bva bl\u012bv\u0113\u0161ana ir \u013coti svar\u012bga, lai nov\u0113rstu hidraulisk\u0101 \u0161\u0137idruma nopl\u016bdi, kas var izrais\u012bt veiktsp\u0113jas probl\u0113mas un dro\u0161\u012bbas apdraud\u0113jumus. Augstas kvalit\u0101tes bl\u012bves, kas izgatavotas no iztur\u012bgiem materi\u0101liem, pagarina hidraulisk\u0101 cilindra kalpo\u0161anas laiku.<\/p>\n<\/li>\n<li>\n<h3>Iztur\u012bba<\/h3>\n<p>Iztur\u012bba ir galvenais hidraulisko cilindru darb\u012bbas princips sare\u017e\u0123\u012btos apst\u0101k\u013cos. Izmantotajiem materi\u0101liem j\u0101b\u016bt iztur\u012bgiem pret nodilumu, nodro\u0161inot cilindra ilgsto\u0161u darb\u012bbu. Regul\u0101ra apkope var ar\u012b uzlabot iztur\u012bbu.<\/p>\n<\/li>\n<li>\n<h3>Dro\u0161\u012bbas funkcijas<\/h3>\n<p>Dro\u0161\u012bbas apsv\u0113rumi, piem\u0113ram, spiediena samazin\u0101\u0161anas v\u0101rsti, ir b\u016btiski, lai nov\u0113rstu p\u0101rspiedienu un potenci\u0101lus boj\u0101jumus. \u0160\u012bs funkcijas lieto\u0161anas laik\u0101 aizsarg\u0101 gan iek\u0101rtas, gan operatoru.<\/p>\n<\/li>\n<li>\n<h3>Apkalpojam\u012bba<\/h3>\n<p>Hidraulisko cilindru projekt\u0113\u0161ana, lai nodro\u0161in\u0101tu vienk\u0101r\u0161u apkopi, uzlabo to lietojam\u012bbu. \u0100tra piek\u013cuve bl\u012bv\u0113m un komponentiem \u013cauj veikt efekt\u012bvus remontdarbus un nomai\u0146u, samazinot d\u012bkst\u0101ves laiku un palielinot produktivit\u0101ti.<\/p>\n<\/li>\n<\/ul>\n<p><img decoding=\"async\" src=\"https:\/\/www.hydraulic-cylinders.net\/wp-content\/uploads\/2025\/04\/songte-oil-pipes-and-spare-parts.webp\" alt=\"Hidraulisko cilindru deta\u013cas\"><\/p>\n<h2>Bl\u012bv\u0113\u0161ana un e\u013c\u013co\u0161ana<\/h2>\n<p>Da\u017e\u0101du bl\u012bv\u0113\u0161anas komponentu, piem\u0113ram, virzu\u013ca bl\u012bv\u0113jumu un stie\u0146a bl\u012bv\u0113jumu, izmanto\u0161ana ir b\u016btiska, lai uztur\u0113tu hidraulisk\u0101 cilindra veiktsp\u0113ju. Bl\u012bv\u0113jumi, kas izgatavoti no nodilumiztur\u012bgiem materi\u0101liem, piem\u0113ram, poliuret\u0101na un nitrila gumijas, nodro\u0161ina ilgm\u016b\u017e\u012bbu un uzticam\u012bbu. Cilindra korpuss un v\u012bt\u0146ot\u0101s gala virsmas tiek prec\u012bzi apstr\u0101d\u0101tas, lai uzlabotu nodilumiztur\u012bbu. Regul\u0101ri j\u0101pievieno atbilsto\u0161s hidraulisk\u0101s e\u013c\u013cas daudzums, lai nodro\u0161in\u0101tu e\u013c\u013co\u0161anu, nov\u0113r\u0161ot berzi un nodilumu sist\u0113m\u0101. Pareiza bl\u012bv\u0113\u0161anas un e\u013c\u013co\u0161anas prakse b\u016btiski veicina hidraulisk\u0101 cilindra kop\u0113jo efektivit\u0101ti un kalpo\u0161anas laiku.<\/p>\n<h2>Regul\u0101ra p\u0101rbaude un profilaktisk\u0101 apkope<\/h2>\n<ul>\n<li>\n<h3>Rut\u012bnas p\u0101rbaudes<\/h3>\n<p>Regul\u0101ras hidraulisk\u0101 cilindra p\u0101rbaudes pal\u012bdz laikus noteikt jebk\u0101das nodiluma vai boj\u0101jumu paz\u012bmes. \u0160\u012b proakt\u012bv\u0101 pieeja \u013cauj savlaic\u012bgi veikt remontu un samazina negaid\u012btu k\u013c\u016bmju risku.<\/p>\n<\/li>\n<li>\n<h3>Pareiza e\u013c\u013co\u0161ana<\/h3>\n<p>Nodro\u0161inot, ka cilindrs ir labi iee\u013c\u013cots, tiek samazin\u0101ta iek\u0161\u0113jo deta\u013cu berze un nodilums. Ra\u017eot\u0101ja vadl\u012bniju iev\u0113ro\u0161ana attiec\u012bb\u0101 uz e\u013c\u013co\u0161anas grafikiem ir \u013coti svar\u012bga, lai uztur\u0113tu optim\u0101lu veiktsp\u0113ju.<\/p>\n<\/li>\n<li>\n<h3>Bl\u012bv\u0113juma nomai\u0146a<\/h3>\n<p>Regul\u0101ra bl\u012bv\u0113jumu p\u0101rbaude un nepiecie\u0161am\u012bbas gad\u012bjum\u0101 nomai\u0146a nov\u0113r\u0161 hidraulisk\u0101 \u0161\u0137idruma nopl\u016bdes, nodro\u0161inot cilindra efekt\u012bvu un dro\u0161u darb\u012bbu. Bl\u012bvju nomai\u0146as grafika iev\u0113ro\u0161ana var pal\u012bdz\u0113t uztur\u0113t sist\u0113mas integrit\u0101ti.<\/p>\n<\/li>\n<\/ul>\n<h2>Uzst\u0101d\u012b\u0161anas vadl\u012bnijas<\/h2>\n<p>Pareiza str\u0113les cilindra uzst\u0101d\u012b\u0161ana ir \u013coti svar\u012bga optim\u0101lai veiktsp\u0113jai. Vispirms p\u0101rliecinieties, vai tehnikas un cilindra mont\u0101\u017eas virsmas ir t\u012bras un bez gru\u017eiem. Pareizi izl\u012bdziniet cilindru ar mont\u0101\u017eas punktiem, lai nov\u0113rstu nepareizas izl\u012bdzin\u0101\u0161anas probl\u0113mas, kas var izrais\u012bt priek\u0161laic\u012bgu nodilumu vai boj\u0101jumus. Ieteicams izmantot atbilsto\u0161us mont\u0101\u017eas kron\u0161teinus, lai nostiprin\u0101tu cilindru viet\u0101. P\u0113c uzst\u0101d\u012b\u0161anas veiciet r\u016bp\u012bgu p\u0101rbaudi, lai p\u0101rliecin\u0101tos, ka visi savienojumi ir cie\u0161i un ka cilindrs darbojas vienm\u0113r\u012bgi, bez jebk\u0101diem \u0161\u0137\u0113r\u0161\u013ciem. \u0160o vadl\u012bniju iev\u0113ro\u0161ana nodro\u0161ina hidraulisk\u0101s sist\u0113mas dro\u0161u un efekt\u012bvu darb\u012bbu.<\/p>\n<h2>Bie\u017ei sastopamie apkopes uzdevumi<\/h2>\n<ul>\n<li>\n<h3>Regul\u0101ras p\u0101rbaudes<\/h3>\n<p>Regul\u0101ras p\u0101rbaudes \u013cauj laikus atkl\u0101t potenci\u0101las probl\u0113mas. Darb\u012bbas laik\u0101 mekl\u0113jiet nodiluma paz\u012bmes, nopl\u016bdes vai jebk\u0101dus neparastus trok\u0161\u0146us. P\u0101rbau\u017eu re\u0123istr\u0113\u0161ana var pal\u012bdz\u0113t laika gait\u0101 izsekot balona st\u0101voklim.<\/p>\n<\/li>\n<li>\n<h3>Piem\u0113rota e\u013c\u013co\u0161ana<\/h3>\n<p>Ir svar\u012bgi lietot pareizo hidraulisk\u0101s e\u013c\u013cas veidu un daudzumu. Iev\u0113rojiet ra\u017eot\u0101ja ieteikumus par e\u013c\u013co\u0161anas bie\u017eumu un p\u0101rliecinieties, ka izmantot\u0101 e\u013c\u013ca atbilst nepiecie\u0161amaj\u0101m specifik\u0101cij\u0101m optim\u0101lai veiktsp\u0113jai.<\/p>\n<\/li>\n<li>\n<h3>Bl\u012bv\u0113juma nomai\u0146a<\/h3>\n<p>Regul\u0101ri nomainiet bl\u012bves, kur\u0101m ir nodiluma vai boj\u0101jumu paz\u012bmes. \u0160is prevent\u012bvais pas\u0101kums ir \u013coti svar\u012bgs, lai uztur\u0113tu hidraulisk\u0101 \u0161\u0137idruma l\u012bmeni un nodro\u0161in\u0101tu cilindra efekt\u012bvu darb\u012bbu. Turiet pa rokai rezerves bl\u012bves, lai nepiecie\u0161am\u012bbas gad\u012bjum\u0101 t\u0101s var\u0113tu \u0101tri nomain\u012bt.<\/p>\n<\/li>\n<\/ul>\n<p><img decoding=\"async\" src=\"https:\/\/www.hydraulic-cylinders.net\/wp-content\/uploads\/2025\/04\/songte-chushion-collar.webp\" alt=\"Hidraulisko cilindru spilveni\"><\/p>\n<h2>Dro\u0161\u012bbas apsv\u0113rumi un vides faktori<\/h2>\n<p>Str\u0101d\u0101jot ar hidrauliskajiem cilindriem, dro\u0161\u012bbas pas\u0101kumu ievie\u0161ana ir \u0101rk\u0101rt\u012bgi svar\u012bga. Vienm\u0113r valk\u0101jiet atbilsto\u0161us individu\u0101los aizsardz\u012bbas l\u012bdzek\u013cus (IAL), lai mazin\u0101tu riskus, kas saist\u012bti ar hidraulisk\u0101 \u0161\u0137idruma nopl\u016bd\u0113m vai p\u0113k\u0161\u0146\u0101m cilindru kust\u012bb\u0101m. Hidraulisk\u0101s sist\u0113mas darb\u012bbas ierobe\u017eojumu izpratne un dro\u0161\u012bbas protokolu iev\u0113ro\u0161ana var nov\u0113rst negad\u012bjumus. Turkl\u0101t, lai samazin\u0101tu ietekmi uz vidi, ir svar\u012bgi pareizi utiliz\u0113t hidraulisko \u0161\u0137idrumu un iev\u0113rot videi draudz\u012bgu pieeju apkopes praks\u0113.<\/p>\n<h2>K\u013c\u016bmju diagnostika un bie\u017e\u0101k sastopam\u0101s probl\u0113mas<\/h2>\n<ul>\n<li>\n<h3>Nopl\u016bde<\/h3>\n<p>Hidraulisk\u0101 \u0161\u0137idruma nopl\u016bde ir izplat\u012bta probl\u0113ma, ko var izrais\u012bt nolietoti bl\u012bv\u0113jumi vai boj\u0101ti cilindru korpusi. Regul\u0101ras p\u0101rbaudes var pal\u012bdz\u0113t savlaic\u012bgi atkl\u0101t nopl\u016bdes, \u013caujot veikt savlaic\u012bgu remontu, lai nov\u0113rstu \u0161\u0137idruma zudumus un saglab\u0101tu darb\u012bbas efektivit\u0101ti.<\/p>\n<\/li>\n<li>\n<h3>Samazin\u0101ta veiktsp\u0113ja<\/h3>\n<p>Ja cilindrs nerea\u0123\u0113, k\u0101 paredz\u0113ts, tas var liecin\u0101t par iek\u0161\u0113ju nodilumu vai pies\u0101r\u0146ojumu hidrauliskaj\u0101 \u0161\u0137idrum\u0101. Regul\u0101ra apkope un \u0161\u0137idruma p\u0101rbaudes var pal\u012bdz\u0113t nodro\u0161in\u0101t optim\u0101lu veiktsp\u0113ju un pagarin\u0101t cilindra kalpo\u0161anas laiku.<\/p>\n<\/li>\n<li>\n<h3>Neparastas ska\u0146as<\/h3>\n<p>Neparastas ska\u0146as darb\u012bbas laik\u0101, piem\u0113ram, sl\u012bp\u0113\u0161ana vai klab\u0113\u0161ana, var liecin\u0101t par meh\u0101nisk\u0101m probl\u0113m\u0101m. \u0160o trok\u0161\u0146u avota savlaic\u012bga noteik\u0161ana var nov\u0113rst nopietn\u0101kus boj\u0101jumus un nodro\u0161in\u0101t dro\u0161u darb\u012bbu.<\/p>\n<\/li>\n<\/ul>\n<h2>Probl\u0113mu nov\u0113r\u0161anas padomi<\/h2>\n<p>Diagnostic\u0113jot probl\u0113mas ar str\u0113les cilindru, s\u0101ciet ar redzamu nopl\u016b\u017eu p\u0101rbaudi un p\u0101rbaudiet bl\u012bv\u0113jumu nodilumu. Ja rodas veiktsp\u0113jas probl\u0113mas, apsveriet iesp\u0113ju nov\u0113rt\u0113t hidraulisk\u0101 \u0161\u0137idruma kvalit\u0101ti un l\u012bmeni. P\u0101rliecinieties, vai visi savienojumi ir cie\u0161i, un p\u0101rbaudiet, vai nav nob\u012bdes. Regul\u0101ri prevent\u012bvie pas\u0101kumi, piem\u0113ram, savlaic\u012bga e\u013c\u013co\u0161ana un bl\u012bv\u0113jumu nomai\u0146a, var iev\u0113rojami samazin\u0101t potenci\u0101lo probl\u0113mu ra\u0161anos. Ievie\u0161ot proakt\u012bvas apkopes strat\u0113\u0123ijas, j\u016bs varat uzlabot hidraulisk\u0101s sist\u0113mas uzticam\u012bbu un samazin\u0101t d\u012bkst\u0101ves laiku.<\/p>\n<p><img decoding=\"async\" src=\"https:\/\/www.hydraulic-cylinders.net\/wp-content\/uploads\/2025\/04\/songte-bushings-with-all-kinds-of-excavator-models.webp\" alt=\"Hidraulisk\u0101s bukses\"><\/p>\n<h2>Par m\u016bsu uz\u0146\u0113mumu<\/h2>\n<p>M\u0113s esam vado\u0161ais rezerves hidraulisko cilindru ra\u017eot\u0101js, kas pied\u0101v\u0101 pla\u0161u produktu kl\u0101stu, kas apmierina gan viet\u0113jo, gan starptautisko tirgu vajadz\u012bbas. M\u016bsu ap\u0146em\u0161an\u0101s sasniegt izcil\u012bbu atspogu\u013cojas m\u016bsu pilnveidotaj\u0101s ra\u017eo\u0161anas strat\u0113\u0123ij\u0101s un modern\u0101kaj\u0101s tehnolo\u0123ij\u0101s. M\u0113s past\u0101v\u012bgi ieguld\u0101m l\u012bdzek\u013cus kvalific\u0113tos talantos un modern\u0101s ra\u017eo\u0161anas iek\u0101rt\u0101s, lai uzlabotu m\u016bsu ra\u017eo\u0161anas iesp\u0113jas, nodro\u0161inot augstu efektivit\u0101ti, precizit\u0101ti un kvalit\u0101ti m\u016bsu pied\u0101v\u0101jumos. M\u016bsu pla\u0161ais piel\u0101goto pakalpojumu kl\u0101sts un stabilais p\u0113cp\u0101rdo\u0161anas atbalsts v\u0113l vair\u0101k nostiprina m\u016bsu poz\u012bciju k\u0101 uzticams partneris hidraulisko cilindru nozar\u0113.<\/p>\n<p><img decoding=\"async\" src=\"https:\/\/www.hydraulic-cylinders.net\/wp-content\/uploads\/2025\/04\/songte-company-4.webp\" alt=\"Uz\u0146\u0113muma p\u0101rskats\"><br \/>\n<img decoding=\"async\" src=\"https:\/\/www.hydraulic-cylinders.net\/wp-content\/uploads\/2025\/04\/songte-company-3.webp\" alt=\"Uz\u0146\u0113muma telpas\"><\/p>\n<p>Autors lyl<\/p>","protected":false},"excerpt":{"rendered":"<p>Boom Cylinder For Yuchai YC18SR Product Definition The Boom Cylinder for Yuchai YC18SR is a crucial hydraulic component designed to control the lifting, lowering, and tilting functions of various heavy machinery, such as excavators, backhoe loaders, and front loaders. This hydraulic cylinder enables the bucket to perform essential tasks effectively, facilitating material handling operations with [&hellip;]<\/p>","protected":false},"featured_media":17868,"comment_status":"open","ping_status":"closed","template":"","meta":{"_et_pb_use_builder":"","_et_pb_old_content":"","_et_gb_content_width":""},"product_brand":[],"product_cat":[1546],"product_tag":[1547,1496],"class_list":{"0":"post-19575","1":"product","2":"type-product","3":"status-publish","4":"has-post-thumbnail","6":"product_cat-boom-cylinders","7":"product_tag-boom-cylinders","8":"product_tag-hydraulic-cylinders","10":"first","11":"instock","12":"shipping-taxable","13":"product-type-simple"},"amp_enabled":true,"_links":{"self":[{"href":"https:\/\/www.hydraulic-cylinders.net\/lv\/wp-json\/wp\/v2\/product\/19575","targetHints":{"allow":["GET"]}}],"collection":[{"href":"https:\/\/www.hydraulic-cylinders.net\/lv\/wp-json\/wp\/v2\/product"}],"about":[{"href":"https:\/\/www.hydraulic-cylinders.net\/lv\/wp-json\/wp\/v2\/types\/product"}],"replies":[{"embeddable":true,"href":"https:\/\/www.hydraulic-cylinders.net\/lv\/wp-json\/wp\/v2\/comments?post=19575"}],"wp:featuredmedia":[{"embeddable":true,"href":"https:\/\/www.hydraulic-cylinders.net\/lv\/wp-json\/wp\/v2\/media\/17868"}],"wp:attachment":[{"href":"https:\/\/www.hydraulic-cylinders.net\/lv\/wp-json\/wp\/v2\/media?parent=19575"}],"wp:term":[{"taxonomy":"product_brand","embeddable":true,"href":"https:\/\/www.hydraulic-cylinders.net\/lv\/wp-json\/wp\/v2\/product_brand?post=19575"},{"taxonomy":"product_cat","embeddable":true,"href":"https:\/\/www.hydraulic-cylinders.net\/lv\/wp-json\/wp\/v2\/product_cat?post=19575"},{"taxonomy":"product_tag","embeddable":true,"href":"https:\/\/www.hydraulic-cylinders.net\/lv\/wp-json\/wp\/v2\/product_tag?post=19575"}],"curies":[{"name":"wp","href":"https:\/\/api.w.org\/{rel}","templated":true}]}}