{"id":19577,"date":"2025-04-07T06:55:25","date_gmt":"2025-04-07T06:55:25","guid":{"rendered":"https:\/\/www.hydraulic-cylinders.net\/product\/boom-cylinder-for-yuchai-yc35-8-2\/"},"modified":"2025-04-07T06:55:27","modified_gmt":"2025-04-07T06:55:27","slug":"boom-cylinder-for-yuchai-yc35-8-2","status":"publish","type":"product","link":"https:\/\/www.hydraulic-cylinders.net\/lv\/products\/boom-cylinder-for-yuchai-yc35-8-2\/","title":{"rendered":"Str\u0113les cilindrs Yuchai YC35-8"},"content":{"rendered":"<h1>Str\u0113les cilindrs Yuchai YC35-8<\/h1>\n<h2>Produkta p\u0101rskats<\/h2>\n<p>Yuchai YC35-8 str\u0113les cilindrs ir specializ\u0113ts hidrauliskais cilindrs, kas paredz\u0113ts str\u0113les kust\u012bbas vad\u012bbai smagaj\u0101s ma\u0161\u012bn\u0101s, piem\u0113ram, ekskavatoros, iekr\u0101v\u0113jos un front\u0101lajos iekr\u0101v\u0113jos. \u0160\u0101da veida hidrauliskajam cilindram ir iz\u0161\u0137iro\u0161a noz\u012bme da\u017e\u0101dos materi\u0101lu apstr\u0101des uzdevumos, \u013caujot operatoriem prec\u012bzi pacelt, nolaist un noliekt kausu. Tas ir b\u016btisks hidrauliskaj\u0101s sist\u0113m\u0101s, kur tas izmanto hidraulisko spiedienu, lai rad\u012btu sp\u0113c\u012bgu kust\u012bbu, nodro\u0161inot efektivit\u0101ti un lietder\u012bbu darba viet\u0101.<\/p>\n<p><img decoding=\"async\" src=\"https:\/\/www.hydraulic-cylinders.net\/wp-content\/uploads\/2025\/04\/songte-company-1.webp\" alt=\"Str\u0113les cilindrs\"><\/p>\n<h3>Str\u0113les cilindra funkcija<\/h3>\n<p>A bucket cylinder is a type of hydraulic cylinder specifically engineered for heavy machinery, facilitating the manipulation of the bucket&#8217;s position. This function is vital for excavators that require precise digging operations and for transporting materials effectively. The hydraulic system leverages the power of hydraulic fluid to create strong pushing and pulling forces, which is fundamental in construction and agriculture tasks.<\/p>\n<h2>Str\u0113les cilindra \u012bpa\u0161\u012bbas<\/h2>\n<ul>\n<li><strong>Augsta iztur\u012bba un ilgm\u016b\u017e\u012bba:<\/strong> \u0160ie cilindri ir izgatavoti no augstas stipr\u012bbas t\u0113rauda vai alum\u012bnija, un tie sp\u0113j iztur\u0113t augstu spiedienu un lielas slodzes, padarot tos piem\u0113rotus skarbajiem darba apst\u0101k\u013ciem.<\/li>\n<li><strong>Efekt\u012bva hidraulisk\u0101 darb\u012bba:<\/strong> Cilindrs izmanto hidraulisk\u0101 \u0161\u0137idruma spiedienu, lai nodro\u0161in\u0101tu vienm\u0113r\u012bgu izstiep\u0161anu un ievilk\u0161anu, t\u0101d\u0113j\u0101di \u0101tri rea\u0123\u0113jot uz operatora komand\u0101m.<\/li>\n<li><strong>Veidu da\u017e\u0101d\u012bba:<\/strong> Pieejams vienvirziena darb\u012bbas (darbojas vien\u0101 virzien\u0101) vai divk\u0101r\u0161as darb\u012bbas (darbojas abos virzienos) konfigur\u0101cij\u0101s, da\u017ei mode\u013ci ir teleskopiski, lai nodro\u0161in\u0101tu liel\u0101ku pagarin\u0101jumu, nepalielinot \u0101r\u0113jos izm\u0113rus.<\/li>\n<li><strong>Piel\u0101gojamas opcijas:<\/strong> M\u016bsu produkti var lieliski aizst\u0101t da\u017e\u0101dus hidrauliskos cilindrus, nodro\u0161inot risin\u0101jumus, kas piel\u0101goti da\u017e\u0101d\u0101m ekspluat\u0101cijas vajadz\u012bb\u0101m.<\/li>\n<li><strong>Apkopei draudz\u012bgs dizains:<\/strong> Dizains ietver funkcijas, kas atvieglo apkopes uzdevumus, nodro\u0161inot ilgm\u016b\u017e\u012bbu un uzticam\u012bbu.<\/li>\n<\/ul>\n<p><img decoding=\"async\" src=\"https:\/\/www.hydraulic-cylinders.net\/wp-content\/uploads\/2025\/04\/songte-cylinder-head-with-all-kinds-excavator-models.webp\" alt=\"Ekskavatoru mode\u013ci\"><\/p>\n<h2>Str\u0113les cilindra pielietojumi<\/h2>\n<h3>Celtniec\u012bbas apr\u012bkojums<\/h3>\n<p>Ekskavatoros str\u0113les cilindrs ir vit\u0101li svar\u012bgs augsnes vai gru\u017eu rak\u0161anai, iekrau\u0161anai un p\u0101rvieto\u0161anai. T\u0101 hidraulisk\u0101 jauda nodro\u0161ina nepiecie\u0161amo sp\u0113ku, lai iek\u013c\u016btu zem\u0113, padarot to par b\u016btisku sast\u0101vda\u013cu efekt\u012bv\u0101m rak\u0161anas oper\u0101cij\u0101m.<\/p>\n<h3>Lauksaimniec\u012bbas tehnika<\/h3>\n<p>Front\u0101lajos iekr\u0101v\u0113jos str\u0113les cilindrs tiek izmantots augsnes, siena un citu materi\u0101lu sav\u0101k\u0161anai, pacel\u0161anai un transport\u0113\u0161anai. \u0160\u012b daudzpus\u012bba \u013cauj lauksaimniekiem efekt\u012bvi veikt da\u017e\u0101dus uzdevumus, uzlabojot lauksaimniec\u012bbas darb\u012bbu produktivit\u0101ti.<\/p>\n<h3>Ekskavatori<\/h3>\n<p>Str\u0113les cilindrs \u013cauj kausam iek\u013c\u016bt augsn\u0113, atvieglojot rak\u0161anas darb\u012bbas, kas ir b\u016btiskas b\u016bvniec\u012bbas un ainavu veido\u0161anas projektos. \u0160\u012b sp\u0113ja ir \u013coti svar\u012bga pla\u0161a spektra rak\u0161anas darbu veik\u0161anai.<\/p>\n<h3>Iekr\u0101v\u0113ji<\/h3>\n<p>Front\u0101lajos iekr\u0101v\u0113jos str\u0113les cilindri pal\u012bdz efekt\u012bvi pacelt un izg\u0101zt kravas. \u0160\u012b funkcionalit\u0101te ir kritiski svar\u012bga b\u016bvniec\u012bbas un materi\u0101lu apstr\u0101des darbos, uzlabojot darb\u012bbas efektivit\u0101ti un lietder\u012bbu.<\/p>\n<h2>Dizaina apsv\u0113rumi un atlases krit\u0113riji<\/h2>\n<h3>Kravnes\u012bba<\/h3>\n<p>The boom cylinder must have a design that accommodates the weight it needs to lift. It&#8217;s essential to calculate the maximum load expected to ensure the cylinder performs reliably under operational conditions.<\/p>\n<h3>Bl\u012bv\u0113juma veiktsp\u0113ja<\/h3>\n<p>Pareiza bl\u012bv\u0113\u0161ana ir \u013coti svar\u012bga, lai nov\u0113rstu hidraulisk\u0101 \u0161\u0137idruma nopl\u016bdi, kas var izrais\u012bt sist\u0113mas neefektivit\u0101ti. Augstas kvalit\u0101tes bl\u012bves, kas izgatavotas no t\u0101diem materi\u0101liem k\u0101 poliuret\u0101ns un nitrilgumija, ir b\u016btiskas hidraulisk\u0101 spiediena uztur\u0113\u0161anai.<\/p>\n<h3>Iztur\u012bba<\/h3>\n<p>Iztur\u012bba ir galvenais faktors, jo str\u0113les cilindrs tiks pak\u013cauts skarbai videi. Materi\u0101li un p\u0101rkl\u0101jumi, kas ir iztur\u012bgi pret nodilumu un koroziju, ir nepiecie\u0161ami ilgm\u016b\u017e\u012bbai, samazinot nomai\u0146as bie\u017eumu un izmaksas.<\/p>\n<h3>Dro\u0161\u012bbas funkcijas<\/h3>\n<p>Dro\u0161\u012bba ir \u0101rk\u0101rt\u012bgi svar\u012bga, str\u0101d\u0101jot ar hidrauliskaj\u0101m sist\u0113m\u0101m. Projekt\u0113jum\u0101 j\u0101iek\u013cauj dro\u0161\u012bbas funkcijas, lai nov\u0113rstu p\u0113k\u0161\u0146as k\u013c\u016bmes, tostarp spiediena samazin\u0101\u0161anas v\u0101rsti un atbilsto\u0161i mont\u0101\u017eas meh\u0101nismi cilindra stabiliz\u0113\u0161anai darb\u012bbas laik\u0101.<\/p>\n<h3>Uzturam\u012bba<\/h3>\n<p>Labam projektam vajadz\u0113tu atvieglot apkopi. Komponenti, kuriem var viegli piek\u013c\u016bt p\u0101rbaudei, e\u013c\u013co\u0161anai un deta\u013cu nomai\u0146ai, veicina iek\u0101rtas kop\u0113jo efektivit\u0101ti.<\/p>\n<p><img decoding=\"async\" src=\"https:\/\/www.hydraulic-cylinders.net\/wp-content\/uploads\/2025\/04\/songte-oil-pipes-and-spare-parts.webp\" alt=\"E\u013c\u013cas caurules un rezerves da\u013cas\"><\/p>\n<h2>Bl\u012bv\u0113\u0161ana un e\u013c\u013co\u0161ana<\/h2>\n<p>Lai nodro\u0161in\u0101tu hidraulisk\u0101 cilindra efekt\u012bvu darb\u012bbu, ir oblig\u0101ti j\u0101izmanto da\u017e\u0101di bl\u012bv\u0113\u0161anas komponenti, piem\u0113ram, virzu\u013ca bl\u012bves un stie\u0146a bl\u012bves. No iztur\u012bgiem materi\u0101liem, piem\u0113ram, poliuret\u0101na un nitrila gumijas, izgatavoti bl\u012bv\u0113jumi nodro\u0161ina iztur\u012bbu pret nodilumu. Cilindra korpuss un v\u012bt\u0146ot\u0101s virsmas tiek r\u016bp\u012bgi apstr\u0101d\u0101tas, lai uzlabotu to nodilumiztur\u012bbu. Lai uztur\u0113tu optim\u0101lu veiktsp\u0113ju un nov\u0113rstu boj\u0101jumus, ir nepiecie\u0161ama ar\u012b regul\u0101ra e\u013c\u013co\u0161ana ar hidraulisko e\u013c\u013cu.<\/p>\n<h2>Prevent\u012bvie apkopes pas\u0101kumi<\/h2>\n<ul>\n<li><strong>Regul\u0101ras p\u0101rbaudes:<\/strong> Iepl\u0101nojiet regul\u0101ras p\u0101rbaudes, lai noteiktu nolietojumu, pirms tas k\u013c\u016bst par nopietn\u0101m probl\u0113m\u0101m.<\/li>\n<li><strong>Pareiza e\u013c\u013co\u0161ana:<\/strong> P\u0101rliecinieties, vai hidraulisk\u0101s e\u013c\u013cas l\u012bmenis ir pietiekams un vai e\u013c\u013co\u0161anai tiek izmantots pareizais e\u013c\u013cas veids.<\/li>\n<li><strong>Bl\u012bv\u0113juma nomai\u0146a:<\/strong> Uzraugiet bl\u012bves, vai nav nodiluma paz\u012bmju, un nomainiet t\u0101s, ja nepiecie\u0161ams, lai nov\u0113rstu \u0161\u0137idruma nopl\u016bdes.<\/li>\n<\/ul>\n<h2>Uzst\u0101d\u012b\u0161anas vadl\u012bnijas<\/h2>\n<p>When installing the boom cylinder, ensure that all components are correctly aligned to avoid undue stress on the cylinder. Use appropriate mounting brackets to secure the cylinder in place. Follow the manufacturer&#8217;s guidelines for torque specifications to prevent damage. Ensure that hydraulic lines are clear of obstructions and properly connected to facilitate smooth operation.<\/p>\n<h2>Bie\u017ei sastopamie apkopes uzdevumi<\/h2>\n<ul>\n<li><strong>Regul\u0101ra p\u0101rbaude:<\/strong> Regul\u0101ri p\u0101rbaudiet, vai nav nodiluma vai nopl\u016b\u017eu paz\u012bmju. Agr\u012bna atkl\u0101\u0161ana var nov\u0113rst nopietn\u0101kus remontdarbus v\u0113l\u0101k.<\/li>\n<li><strong>Pareiza e\u013c\u013co\u0161ana:<\/strong> Uztur\u0113t atbilsto\u0161u e\u013c\u013co\u0161anas l\u012bmeni, lai nodro\u0161in\u0101tu hidraulisk\u0101s sist\u0113mas vienm\u0113r\u012bgu darb\u012bbu. Tas samazina berzi un paildzina deta\u013cu kalpo\u0161anas laiku.<\/li>\n<li><strong>Bl\u012bv\u0113juma nomai\u0146a:<\/strong> Regul\u0101ri p\u0101rbaudiet bl\u012bv\u0113jumu nodilumu un nomainiet tos p\u0113c nepiecie\u0161am\u012bbas, lai nov\u0113rstu hidraulisk\u0101 \u0161\u0137idruma nopl\u016bdes, nodro\u0161inot sist\u0113mas efektivit\u0101ti.<\/li>\n<\/ul>\n<h2>Dro\u0161\u012bbas apsv\u0113rumi un vides faktori<\/h2>\n<p>Str\u0101d\u0101jot ar hidrauliskaj\u0101m sist\u0113m\u0101m, ir \u013coti svar\u012bgi ieviest dro\u0161\u012bbas pas\u0101kumus. Operatoriem j\u0101valk\u0101 atbilsto\u0161i individu\u0101lie aizsardz\u012bbas l\u012bdzek\u013ci (IAL) un j\u0101b\u016bt apm\u0101c\u012btiem dro\u0161\u0101 hidraulisko iek\u0101rtu lieto\u0161an\u0101. Lai mazin\u0101tu ietekmi uz vidi, ir nepiecie\u0161ama pareiza hidraulisko \u0161\u0137idrumu un izlietoto deta\u013cu utiliz\u0101cija.<\/p>\n<h2>Probl\u0113mu nov\u0113r\u0161ana un bie\u017ei sastopamas probl\u0113mas<\/h2>\n<ul>\n<li><strong>Nopl\u016bde:<\/strong> P\u0101rbaudiet, vai bl\u012bv\u0113s vai savienojumos nav nopl\u016b\u017eu; nomainiet boj\u0101t\u0101s bl\u012bves un p\u0101rliecinieties, vai savienojumi ir cie\u0161i.<\/li>\n<li><strong>L\u0113na darb\u012bba:<\/strong> P\u0101rbaudiet hidraulisk\u0101 \u0161\u0137idruma l\u012bmeni un, ja nepiecie\u0161ams, nomainiet to, k\u0101 ar\u012b p\u0101rbaudiet, vai hidrauliskaj\u0101s l\u012bnij\u0101s nav aizsprostojumu.<\/li>\n<li><strong>Nekonsekventa veiktsp\u0113ja:<\/strong> P\u0101rbaudiet, vai cilindr\u0101 nav boj\u0101tu deta\u013cu, un p\u0101rliecinieties, vai visas bl\u012bves ir neskartas un darbojas.<\/li>\n<\/ul>\n<p>Prevent\u012bvo pas\u0101kumu ievie\u0161ana var iev\u0113rojami samazin\u0101t iesp\u0113jam\u0101s probl\u0113mas. Regul\u0101ra apkope var pal\u012bdz\u0113t nodro\u0161in\u0101t sist\u0113mas nevainojamu darb\u012bbu, samazinot d\u012bkst\u0101ves laiku.<\/p>\n<p><img decoding=\"async\" src=\"https:\/\/www.hydraulic-cylinders.net\/wp-content\/uploads\/2025\/04\/songte-bushings-with-all-kinds-of-excavator-models.webp\" alt=\"Ekskavatoru mode\u013cu bukses\"><\/p>\n<h2>M\u016bsu uz\u0146\u0113mums<\/h2>\n<p>M\u0113s esam rezerves hidraulisko cilindru ra\u017eot\u0101js, kas paz\u012bstams ar savu pla\u0161o produktu kl\u0101stu, kas ir nostiprin\u0101jis m\u016bsu k\u0101 viena no vado\u0161ajiem ra\u017eot\u0101jiem un vairumtirgot\u0101jiem viet\u0113j\u0101 un starptautiskaj\u0101 tirg\u016b. M\u016bsu ap\u0146em\u0161anos sasniegt izcil\u012bbu atbalsta izsmalcin\u0101ta ra\u017eo\u0161anas vad\u012bbas strat\u0113\u0123ija m\u016bsu modern\u0101kaj\u0101s ra\u017eo\u0161anas iek\u0101rt\u0101s.<\/p>\n<p>M\u0113s nep\u0101rtraukti uzlabojam savu ra\u017eo\u0161anas platformu, ieguldot l\u012bdzek\u013cus kvalific\u0113t\u0101 tehniskaj\u0101 person\u0101l\u0101, modern\u0101s digit\u0101l\u0101s ra\u017eo\u0161anas iek\u0101rt\u0101s un profesion\u0101l\u0101s test\u0113\u0161anas sist\u0113m\u0101s. M\u016bsu uzman\u012bbas centr\u0101 ir augsta efektivit\u0101te, precizit\u0101te un kvalit\u0101te, kas atbilst m\u016bsu klientu da\u017e\u0101daj\u0101m vajadz\u012bb\u0101m.<\/p>\n<p><img decoding=\"async\" src=\"https:\/\/www.hydraulic-cylinders.net\/wp-content\/uploads\/2025\/04\/songte-company-4.webp\" alt=\"Uz\u0146\u0113muma p\u0101rskats\"><br \/>\n<img decoding=\"async\" src=\"https:\/\/www.hydraulic-cylinders.net\/wp-content\/uploads\/2025\/04\/songte-company-3.webp\" alt=\"Ra\u017eo\u0161anas iek\u0101rtas\"><\/p>\n<p>Autors: lil<\/p>","protected":false},"excerpt":{"rendered":"<p>Boom Cylinder For Yuchai YC35-8 Product Overview The Boom Cylinder for Yuchai YC35-8 is a specialized hydraulic cylinder designed to control the movement of the boom in heavy machinery such as excavators, backhoe loaders, and front loaders. This type of hydraulic cylinder plays a crucial role in various material handling tasks, allowing operators to lift, [&hellip;]<\/p>","protected":false},"featured_media":17870,"comment_status":"open","ping_status":"closed","template":"","meta":{"_et_pb_use_builder":"","_et_pb_old_content":"","_et_gb_content_width":""},"product_brand":[],"product_cat":[1546],"product_tag":[1547,1496],"class_list":{"0":"post-19577","1":"product","2":"type-product","3":"status-publish","4":"has-post-thumbnail","6":"product_cat-boom-cylinders","7":"product_tag-boom-cylinders","8":"product_tag-hydraulic-cylinders","10":"first","11":"instock","12":"shipping-taxable","13":"product-type-simple"},"amp_enabled":true,"_links":{"self":[{"href":"https:\/\/www.hydraulic-cylinders.net\/lv\/wp-json\/wp\/v2\/product\/19577","targetHints":{"allow":["GET"]}}],"collection":[{"href":"https:\/\/www.hydraulic-cylinders.net\/lv\/wp-json\/wp\/v2\/product"}],"about":[{"href":"https:\/\/www.hydraulic-cylinders.net\/lv\/wp-json\/wp\/v2\/types\/product"}],"replies":[{"embeddable":true,"href":"https:\/\/www.hydraulic-cylinders.net\/lv\/wp-json\/wp\/v2\/comments?post=19577"}],"wp:featuredmedia":[{"embeddable":true,"href":"https:\/\/www.hydraulic-cylinders.net\/lv\/wp-json\/wp\/v2\/media\/17870"}],"wp:attachment":[{"href":"https:\/\/www.hydraulic-cylinders.net\/lv\/wp-json\/wp\/v2\/media?parent=19577"}],"wp:term":[{"taxonomy":"product_brand","embeddable":true,"href":"https:\/\/www.hydraulic-cylinders.net\/lv\/wp-json\/wp\/v2\/product_brand?post=19577"},{"taxonomy":"product_cat","embeddable":true,"href":"https:\/\/www.hydraulic-cylinders.net\/lv\/wp-json\/wp\/v2\/product_cat?post=19577"},{"taxonomy":"product_tag","embeddable":true,"href":"https:\/\/www.hydraulic-cylinders.net\/lv\/wp-json\/wp\/v2\/product_tag?post=19577"}],"curies":[{"name":"wp","href":"https:\/\/api.w.org\/{rel}","templated":true}]}}