{"id":19582,"date":"2025-04-07T06:55:53","date_gmt":"2025-04-07T06:55:53","guid":{"rendered":"https:\/\/www.hydraulic-cylinders.net\/product\/boom-cylinder-for-yuchai-yc18-8\/"},"modified":"2025-04-07T06:55:56","modified_gmt":"2025-04-07T06:55:56","slug":"boom-cylinder-for-yuchai-yc18-8","status":"publish","type":"product","link":"https:\/\/www.hydraulic-cylinders.net\/lv\/products\/boom-cylinder-for-yuchai-yc18-8\/","title":{"rendered":"Str\u0113les cilindrs Yuchai YC18-8"},"content":{"rendered":"<h1>Str\u0113les cilindrs Yuchai YC18-8<\/h1>\n<h2>Produkta p\u0101rskats<\/h2>\n<p>Yuchai YC18-8 str\u0113les cilindrs ir specializ\u0113ts hidrauliskais cilindrs, kam ir iz\u0161\u0137iro\u0161a noz\u012bme kausa kust\u012bbas kontrol\u0113\u0161an\u0101 da\u017e\u0101d\u0101s smagaj\u0101s ma\u0161\u012bn\u0101s, tostarp ekskavatoros, ekskavatoros-iekr\u0101v\u0113jos un front\u0101lajos iekr\u0101v\u0113jos. \u0160is hidrauliskais cilindrs \u013cauj kausam pacelt, nolaist un noliekt, t\u0101d\u0113j\u0101di atvieglojot efekt\u012bvus materi\u0101lu apstr\u0101des uzdevumus. \u0160ie cilindri, kas paredz\u0113ti, lai iztur\u0113tu augstu spiedienu un lielas slodzes, ir b\u016btiskas hidraulisko sist\u0113mu sast\u0101vda\u013cas, nodro\u0161inot optim\u0101lu veiktsp\u0113ju b\u016bvniec\u012bbas un lauksaimniec\u012bbas ma\u0161\u012bn\u0101s.<\/p>\n<p><img decoding=\"async\" src=\"https:\/\/www.hydraulic-cylinders.net\/wp-content\/uploads\/2025\/04\/songte-company-1.webp\" alt=\"Yuchai YC18-8 str\u0113les cilindrs\" \/><\/p>\n<h2>Galven\u0101s iez\u012bmes<\/h2>\n<ul>\n<li>\n<h3>Augsta iztur\u012bba un ilgm\u016b\u017e\u012bba<\/h3>\n<p>\u0160ie cilindri, kas izgatavoti no augstas stipr\u012bbas t\u0113rauda vai alum\u012bnija, var iztur\u0113t augstu spiedienu un lielas slodzes, vienlaikus piel\u0101gojoties skarbajai darba videi. Tie ir izstr\u0101d\u0101ti, \u0146emot v\u0113r\u0101 nodilumiztur\u012bbu un korozijas iztur\u012bbu, pagarinot to kalpo\u0161anas laiku.<\/li>\n<li>\n<h3>Efekt\u012bva hidraulisk\u0101 darb\u012bba<\/h3>\n<p>Izmantojot hidraulisk\u0101s e\u013c\u013cas spiedienu, \u0161ie cilindri pan\u0101k vienm\u0113r\u012bgu izvirz\u012b\u0161anos un ievilk\u0161anos, \u0101tri rea\u0123\u0113jot uz vad\u012bbas komand\u0101m un nodro\u0161inot jaud\u012bgas stum\u0161anas un vilk\u0161anas sp\u0113jas, kas piem\u0113rotas smagu priek\u0161metu apstr\u0101dei un sare\u017e\u0123\u012btu uzdevumu veik\u0161anai.<\/li>\n<li>\n<h3>Da\u017e\u0101di veidi<\/h3>\n<p>Cilindri ir pieejami da\u017e\u0101dos veidos, tostarp vienk\u0101r\u0161\u0101s darb\u012bbas (darbojas vien\u0101 virzien\u0101) un divk\u0101r\u0161\u0101s darb\u012bbas (darbojas abos virzienos) konfigur\u0101cij\u0101s, lai apmierin\u0101tu da\u017e\u0101das ekspluat\u0101cijas vajadz\u012bbas. Da\u017ei mode\u013ci ir teleskopiski, kas \u013cauj tos pla\u0161\u0101k izstiept, nepalielinot \u0101r\u0113jos izm\u0113rus, kas ir ide\u0101li piem\u0113rots lietojumiem ar ierobe\u017eotu vietu.<\/li>\n<li>\n<h3>Piel\u0101gota ra\u017eo\u0161ana<\/h3>\n<p>M\u0113s ra\u017eojam \u0161o produktu, lai perfekti aizst\u0101tu eso\u0161os hidrauliskos cilindrus, nodro\u0161inot sader\u012bbu un uzticam\u012bbu darb\u012bb\u0101.<\/li>\n<li>\n<h3>Daudzpus\u012bgi pielietojumi<\/h3>\n<p>Tie ir izstr\u0101d\u0101ti da\u017e\u0101diem smago ma\u0161\u012bnu veidiem un tos var piel\u0101got da\u017e\u0101diem ekspluat\u0101cijas scen\u0101rijiem, uzlabojot produktivit\u0101ti da\u017e\u0101d\u0101s nozar\u0113s.<\/li>\n<\/ul>\n<p><img decoding=\"async\" src=\"https:\/\/www.hydraulic-cylinders.net\/wp-content\/uploads\/2025\/04\/songte-cylinder-head-with-all-kinds-excavator-models.webp\" alt=\"Hidraulisko cilindru varianti\" \/><\/p>\n<h2>Str\u0113les cilindra pielietojumi<\/h2>\n<h3>Celtniec\u012bbas apr\u012bkojums<\/h3>\n<p>Ekskavatoros str\u0113les cilindrs ir b\u016btisks rak\u0161anai, iekrau\u0161anai un augsnes vai gru\u017eu p\u0101rvieto\u0161anai. Tas nodro\u0161ina nepiecie\u0161amo sp\u0113ku kausa pacel\u0161anai un \u013cauj prec\u012bzi pozicion\u0113t darbu laik\u0101. Ekskavatoros-iekr\u0101v\u0113jos cilindrs atvieglo gan rak\u0161anas, gan cel\u0161anas darbus, iev\u0113rojami uzlabojot efektivit\u0101ti b\u016bvlaukumos.<\/p>\n<h3>Lauksaimniec\u012bbas tehnika<\/h3>\n<p>\u0160ie cilindri ir \u013coti svar\u012bgi front\u0101lajos iekr\u0101v\u0113jos, kur tos izmanto augsnes, siena un citu materi\u0101lu sav\u0101k\u0161anai, pacel\u0161anai un transport\u0113\u0161anai. To hidraulisk\u0101 jauda nodro\u0161ina netrauc\u0113tu darb\u012bbu lauksaimniec\u012bbas vid\u0113, uzlabojot produktivit\u0101ti un samazinot roku darbu.<\/p>\n<h3>Ekskavatori<\/h3>\n<p>Str\u0113les cilindrs \u013cauj kausam iek\u013c\u016bt augsn\u0113, atvieglojot efekt\u012bvas rak\u0161anas darb\u012bbas. Hidraulisk\u0101 jauda nodro\u0161ina iesp\u0113ju darboties sare\u017e\u0123\u012btos apst\u0101k\u013cos, padarot to par neaizst\u0101jamu sast\u0101vda\u013cu rak\u0161anas darbos da\u017e\u0101d\u0101s reljef\u0101s.<\/p>\n<h3>Iekr\u0101v\u0113ji<\/h3>\n<p>Front\u0101lajos iekr\u0101v\u0113jos str\u0113les cilindrs pal\u012bdz efekt\u012bvi pacelt un izg\u0101zt materi\u0101lus. Tas nodro\u0161ina, ka smagas kravas var viegli p\u0101rvietot, uzlabojot iekrau\u0161anas oper\u0101ciju kop\u0113jo produktivit\u0101ti.<\/p>\n<h2>Dizaina apsv\u0113rumi un atlases krit\u0113riji<\/h2>\n<h3>Kravnes\u012bba<\/h3>\n<p>Str\u0113les cilindra kravnes\u012bba ir kritisks projekt\u0113\u0161anas apsv\u0113rums. Tas j\u0101projekt\u0113 t\u0101, lai iztur\u0113tu p\u0101rvietojamo vai pace\u013camo materi\u0101lu \u012bpatn\u0113jo svaru. Pareiza kravnes\u012bbas apr\u0113\u0137in\u0101\u0161ana nodro\u0161ina, ka cilindrs var darboties bez atteic\u0113m maksim\u0101l\u0101s darba slodzes gad\u012bjum\u0101.<\/p>\n<h3>Bl\u012bv\u0113juma veiktsp\u0113ja<\/h3>\n<p>Efekt\u012bva bl\u012bv\u0113\u0161ana ir \u0101rk\u0101rt\u012bgi svar\u012bga, lai nov\u0113rstu hidraulisk\u0101 \u0161\u0137idruma nopl\u016bdes un pies\u0101r\u0146ojumu. Konstrukcij\u0101 j\u0101iek\u013cauj iztur\u012bgi bl\u012bv\u0113jumi, piem\u0113ram, virzu\u013ca bl\u012bv\u0113jumi un stie\u0146a bl\u012bv\u0113jumi, lai laika gait\u0101 saglab\u0101tu sist\u0113mas integrit\u0101ti un veiktsp\u0113ju. Augstas kvalit\u0101tes bl\u012bv\u0113jumi samazina nodilumu un uzlabo hidraulisk\u0101 cilindra ilgm\u016b\u017e\u012bbu.<\/p>\n<h3>Iztur\u012bba<\/h3>\n<p>Iztur\u012bba ir b\u016btiska, \u012bpa\u0161i skarbos darba apst\u0101k\u013cos. Str\u0113les cilindra konstrukcij\u0101 izmantotajiem materi\u0101liem j\u0101b\u016bt iztur\u012bgiem pret nodilumu un koroziju, nodro\u0161inot cilindra funkcionalit\u0101ti ilgsto\u0161i. Regul\u0101ra materi\u0101la integrit\u0101tes nov\u0113rt\u0113\u0161ana var nov\u0113rst priek\u0161laic\u012bgus boj\u0101jumus.<\/p>\n<h3>Dro\u0161\u012bbas funkcijas<\/h3>\n<p>Hidraulisko cilindru projekt\u0113\u0161an\u0101 dro\u0161\u012bbai j\u0101b\u016bt priorit\u0101tei. T\u0101du funkciju k\u0101 spiediena samazin\u0101\u0161anas v\u0101rstu iek\u013cau\u0161ana var nov\u0113rst p\u0101rslodzi un iesp\u0113jamus negad\u012bjumus darb\u012bbas laik\u0101. Dro\u0161\u012bbas standartu iev\u0113ro\u0161anas nodro\u0161in\u0101\u0161ana aizsarg\u0101 gan apr\u012bkojumu, gan operatorus.<\/p>\n<h3>Uzturam\u012bba<\/h3>\n<p>Projekt\u0113jot sist\u0113mu, kas ir viegli apkopjama, ir viegl\u0101k veikt p\u0101rbaudes un remontu. Komponentiem j\u0101b\u016bt pieejamiem, un konstrukcijai j\u0101atvieglo ikdienas apkopes darbi, piem\u0113ram, bl\u012bv\u0113jumu nomai\u0146a un e\u013c\u013co\u0161ana, lai pagarin\u0101tu hidraulisk\u0101s sist\u0113mas kalpo\u0161anas laiku.<\/p>\n<p><img decoding=\"async\" src=\"https:\/\/www.hydraulic-cylinders.net\/wp-content\/uploads\/2025\/04\/songte-oil-pipes-and-spare-parts.webp\" alt=\"Hidraulisko cilindru komponenti\" \/><\/p>\n<h2>Bl\u012bv\u0113\u0161ana un e\u013c\u013co\u0161ana<\/h2>\n<p>Hidraulisk\u0101 cilindra efektivit\u0101te ir b\u016btiski atkar\u012bga no t\u0101 bl\u012bv\u0113\u0161anas un e\u013c\u013co\u0161anas sist\u0113m\u0101m. Da\u017e\u0101di bl\u012bv\u0113jumi, tostarp virzu\u013ca bl\u012bv\u0113jumi un stie\u0146a bl\u012bv\u0113jumi, ir \u013coti svar\u012bgi hidraulisk\u0101 spiediena uztur\u0113\u0161anai un nopl\u016b\u017eu nov\u0113r\u0161anai. Bie\u017ei tiek izmantoti t\u0101di materi\u0101li k\u0101 poliuret\u0101ns un nitrilgumija to nodilumiztur\u012bgo \u012bpa\u0161\u012bbu d\u0113\u013c.<\/p>\n<p>Turkl\u0101t cilindra korpuss un v\u012bt\u0146ot\u0101s gala virsmas ir smalki apstr\u0101d\u0101tas, lai uzlabotu nodilumiztur\u012bbu. Regul\u0101ra e\u013c\u013co\u0161ana ar hidraulisko e\u013c\u013cu ir b\u016btiska, lai nodro\u0161in\u0101tu visu kust\u012bgo da\u013cu vienm\u0113r\u012bgu darb\u012bbu un samazin\u0101tu berzi, kas var izrais\u012bt priek\u0161laic\u012bgu nodilumu.<\/p>\n<h2>Prevent\u012bvie apkopes pas\u0101kumi<\/h2>\n<ul>\n<li>\n<h3>Regul\u0101ras p\u0101rbaudes<\/h3>\n<p>Ir svar\u012bgi regul\u0101ri p\u0101rbaud\u012bt str\u0113les cilindru, vai nav nodiluma vai boj\u0101jumu paz\u012bmju. Nopl\u016b\u017eu p\u0101rbaude, bl\u012bv\u0113jumu neskart\u012bbas nodro\u0161in\u0101\u0161ana un hidraulisko \u0161\u013c\u016bte\u0146u st\u0101vok\u013ca nov\u0113rt\u0113\u0161ana pal\u012bdz\u0113s identific\u0113t probl\u0113mas, pirms t\u0101s saasin\u0101s.<\/li>\n<li>\n<h3>Piem\u0113rota e\u013c\u013co\u0161ana<\/h3>\n<p>Nodro\u0161inot atbilsto\u0161u hidraulisk\u0101s e\u013c\u013cas l\u012bmeni un pareizu kust\u012bgo da\u013cu e\u013c\u013co\u0161anu, tiks uzlabota veiktsp\u0113ja un pagarin\u0101ts cilindra kalpo\u0161anas laiks. Ir svar\u012bgi iev\u0113rot ra\u017eot\u0101ja ieteikumus par e\u013c\u013co\u0161anas interv\u0101liem.<\/li>\n<li>\n<h3>Bl\u012bv\u0113juma nomai\u0146a<\/h3>\n<p>Regul\u0101ra bl\u012bv\u0113jumu nomai\u0146a apkopes grafika ietvaros nov\u0113rs\u012bs nopl\u016bdes un saglab\u0101s hidraulisko efektivit\u0101ti. Nodilu\u0161o bl\u012bv\u0113jumu nenomai\u0146a var izrais\u012bt iev\u0113rojamas veiktsp\u0113jas probl\u0113mas un d\u0101rgus remontdarbus.<\/li>\n<\/ul>\n<h2>Uzst\u0101d\u012b\u0161anas vadl\u012bnijas<\/h2>\n<p>Lai nodro\u0161in\u0101tu str\u0113les cilindra pareizu darb\u012bbu un ilgm\u016b\u017e\u012bbu, ir svar\u012bgi iev\u0113rot pareizas uzst\u0101d\u012b\u0161anas proced\u016bras. Vispirms p\u0101rliecinieties, vai mont\u0101\u017eas virsmas ir t\u012bras un bez gru\u017eiem. Pareizi izl\u012bdziniet cilindru ar stiprin\u0101juma punktiem, saglab\u0101jot pareizu orient\u0101ciju, lai nov\u0113rstu bl\u012bv\u0113jumu noslodzi.<\/p>\n<p>Izmantojiet atbilsto\u0161us mont\u0101\u017eas kron\u0161teinus, lai nostiprin\u0101tu cilindru un nov\u0113rstu jebk\u0101du kust\u012bbu darb\u012bbas laik\u0101. P\u0113c uzst\u0101d\u012b\u0161anas p\u0101rbaudiet, vai hidraulisk\u0101 \u0161\u0137idruma l\u012bmenis ir atbilsto\u0161s, un atgaisojiet sist\u0113mu, lai no\u0146emtu gaisa kabatas, kas var\u0113tu ietekm\u0113t veiktsp\u0113ju. Visbeidzot, veiciet testa darb\u012bbu, lai p\u0101rliecin\u0101tos, ka cilindrs darbojas vienm\u0113r\u012bgi un efekt\u012bvi, veicot nepiecie\u0161am\u0101s korekcijas.<\/p>\n<h2>Bie\u017ei sastopamie apkopes uzdevumi<\/h2>\n<ul>\n<li>\n<h3>Regul\u0101ras p\u0101rbaudes<\/h3>\n<p>Regul\u0101ru p\u0101rbau\u017eu veik\u0161ana pal\u012bdz laikus identific\u0113t iesp\u0113jam\u0101s probl\u0113mas. P\u0101rbaudiet bl\u012bv\u0113jumu nodilumu, redzamas nopl\u016bdes un kop\u0113jo st\u0101vokli. Savlaic\u012bga iejauk\u0161an\u0101s var nov\u0113rst nopietnus boj\u0101jumus un d\u0101rgus remontdarbus.<\/li>\n<li>\n<h3>Pareiza e\u013c\u013co\u0161ana<\/h3>\n<p>Atbilsto\u0161a e\u013c\u013co\u0161anas l\u012bme\u0146a uztur\u0113\u0161ana ir \u013coti svar\u012bga hidraulisk\u0101s sist\u0113mas nevainojamai darb\u012bbai. Regul\u0101ri p\u0101rbaudiet un uzpildiet hidraulisko e\u013c\u013cu, p\u0101rliecinoties, ka t\u0101 atbilst noteiktaj\u0101m specifik\u0101cij\u0101m, lai izvair\u012btos no veiktsp\u0113jas probl\u0113m\u0101m.<\/li>\n<li>\n<h3>Bl\u012bv\u0113juma nomai\u0146a un kalibr\u0113\u0161ana<\/h3>\n<p>Lai uztur\u0113tu hidraulisko spiedienu, nomainiet bl\u012bves, kur\u0101m ir nodiluma vai boj\u0101jumu paz\u012bmes. Turkl\u0101t hidraulisk\u0101s sist\u0113mas kalibr\u0113\u0161ana nodro\u0161in\u0101s t\u0101s darb\u012bbu noteikto parametru robe\u017e\u0101s, optimiz\u0113jot veiktsp\u0113ju un dro\u0161\u012bbu.<\/li>\n<\/ul>\n<h2>Dro\u0161\u012bbas apsv\u0113rumi un vides faktori<\/h2>\n<p>Izmantojot hidrauliskos cilindrus, dro\u0161\u012bbas pas\u0101kumi ir \u0101rk\u0101rt\u012bgi svar\u012bgi. Operatoriem j\u0101b\u016bt apm\u0101c\u012btiem atpaz\u012bt hidraulisk\u0101s sist\u0113mas k\u013c\u016bmes vai darb\u012bbas trauc\u0113jumu paz\u012bmes. Regul\u0101ras dro\u0161\u012bbas p\u0101rbaudes un ekspluat\u0101cijas vadl\u012bniju iev\u0113ro\u0161ana pal\u012bdz mazin\u0101t riskus. Turkl\u0101t j\u0101ievie\u0161 videi dro\u0161a prakse, piem\u0113ram, pareiza hidraulisko \u0161\u0137idrumu utiliz\u0101cija un materi\u0101lu p\u0101rstr\u0101de, ja iesp\u0113jams.<\/p>\n<h2>K\u013c\u016bmju diagnostika un bie\u017e\u0101k sastopam\u0101s probl\u0113mas<\/h2>\n<ul>\n<li>\n<h3>Hidraulisk\u0101s nopl\u016bdes<\/h3>\n<p>Nopl\u016bdes var rasties nolietotu bl\u012bv\u0113jumu vai boj\u0101tu \u0161\u013c\u016bte\u0146u d\u0113\u013c. Ir svar\u012bgi regul\u0101ri p\u0101rbaud\u012bt sist\u0113mu, lai savlaic\u012bgi identific\u0113tu un nov\u0113rstu nopl\u016bdes.<\/li>\n<li>\n<h3>Spiediena zudums<\/h3>\n<p>P\u0113k\u0161\u0146s spiediena zudums var liecin\u0101t par iek\u0161\u0113jiem boj\u0101jumiem vai \u0161\u0137idruma nopl\u016bdi. M\u0113rinstrumentu r\u0101d\u012bjumu uzraudz\u012bba var pal\u012bdz\u0113t noteikt, vai ir k\u0101da probl\u0113ma, \u013caujot savlaic\u012bgi veikt remontu.<\/li>\n<li>\n<h3>Nerea\u0123\u0113jo\u0161s cilindrs<\/h3>\n<p>Ja cilindrs nerea\u0123\u0113 uz vad\u012bbas komand\u0101m, tas var liecin\u0101t par hidraulisk\u0101s sist\u0113mas aizsprostojumu vai vad\u012bbas meh\u0101nisma k\u013c\u016bmi. Vad\u012bbas v\u0101rstu un \u0161\u013c\u016bte\u0146u probl\u0113mu nov\u0113r\u0161ana var pal\u012bdz\u0113t noteikt c\u0113loni.<\/li>\n<\/ul>\n<h2>Probl\u0113mu nov\u0113r\u0161anas padomi<\/h2>\n<p>Lai efekt\u012bvi diagnostic\u0113tu un nov\u0113rstu probl\u0113mas ar str\u0113les cilindru, operatoriem ir j\u0101uztur detaliz\u0113ts simptomu un apkopes v\u0113stures re\u0123istrs. Regul\u0101ra apm\u0101c\u012bba par probl\u0113mu nov\u0113r\u0161anas metod\u0113m pal\u012bdz\u0113s person\u0101lam laikus identific\u0113t probl\u0113mas.<\/p>\n<p>Prevent\u012bvu pas\u0101kumu, piem\u0113ram, regul\u0101ru apkopes grafiku un ekspluat\u0101cijas vadl\u012bniju iev\u0113ro\u0161anas, ievie\u0161ana samazin\u0101s iesp\u0113jam\u0101s probl\u0113mas. Turkl\u0101t, nodro\u0161inot, ka operatori ir iepazinu\u0161ies ar dro\u0161\u012bbas protokoliem, tiks veicin\u0101ta dro\u0161\u0101ka darba vide.<\/p>\n<p><img decoding=\"async\" src=\"https:\/\/www.hydraulic-cylinders.net\/wp-content\/uploads\/2025\/04\/songte-bushings-with-all-kinds-of-excavator-models.webp\" alt=\"Ekskavatora komponenti\" \/><\/p>\n<h2>Par m\u016bsu uz\u0146\u0113mumu<\/h2>\n<p>M\u0113s esam vado\u0161ais rezerves hidraulisko cilindru ra\u017eot\u0101js, kas pied\u0101v\u0101 pla\u0161u produktu kl\u0101stu starptautiskajiem tirgiem. Iev\u0113rojot izcilus kvalit\u0101tes standartus un ievie\u0161ot izsmalcin\u0101tu ra\u017eo\u0161anas vad\u012bbas strat\u0113\u0123iju, m\u0113s past\u0101v\u012bgi uzlabojam savas ra\u017eo\u0161anas iesp\u0113jas. M\u016bsu uzman\u012bba tehnolo\u0123iskajiem talantiem, modern\u0101m ra\u017eo\u0161anas iek\u0101rt\u0101m un specializ\u0113t\u0101m test\u0113\u0161anas sist\u0113m\u0101m \u013cauj mums apmierin\u0101t da\u017e\u0101das klientu pras\u012bbas ar augstu efektivit\u0101ti, precizit\u0101ti un kvalit\u0101ti.<\/p>\n<p>M\u016bsu uz\u0146\u0113mums ir starptautiski sertific\u0113ts un pied\u0101v\u0101 piel\u0101gotus pakalpojumus, kas piel\u0101goti konkr\u0113t\u0101m klientu pras\u012bb\u0101m. Ar modern\u0101m ra\u017eo\u0161anas iek\u0101rt\u0101m un \u012bpa\u0161u p\u0113cp\u0101rdo\u0161anas apkalpo\u0161anas komandu m\u0113s nodro\u0161in\u0101m, ka m\u016bsu klienti sa\u0146em augst\u0101k\u0101s kvalit\u0101tes produktus un atbalstu.<\/p>\n<p><img decoding=\"async\" src=\"https:\/\/www.hydraulic-cylinders.net\/wp-content\/uploads\/2025\/04\/songte-company-4.webp\" alt=\"Uz\u0146\u0113muma p\u0101rskats\" \/><br \/>\n<img decoding=\"async\" src=\"https:\/\/www.hydraulic-cylinders.net\/wp-content\/uploads\/2025\/04\/songte-company-3.webp\" alt=\"Ra\u017eo\u0161anas iek\u0101rta\" \/><\/p>\n<p>Autors: lil<\/p>","protected":false},"excerpt":{"rendered":"<p>Boom Cylinder For Yuchai YC18-8 Product Overview The Boom Cylinder for Yuchai YC18-8 is a specialized hydraulic cylinder that plays a critical role in controlling the movement of the bucket on various heavy machinery, including excavators, backhoe loaders, and front loaders. This hydraulic cylinder enables the bucket to lift, lower, and tilt, facilitating efficient material [&hellip;]<\/p>","protected":false},"featured_media":17875,"comment_status":"open","ping_status":"closed","template":"","meta":{"_et_pb_use_builder":"","_et_pb_old_content":"","_et_gb_content_width":""},"product_brand":[],"product_cat":[1546],"product_tag":[1547,1496],"class_list":{"0":"post-19582","1":"product","2":"type-product","3":"status-publish","4":"has-post-thumbnail","6":"product_cat-boom-cylinders","7":"product_tag-boom-cylinders","8":"product_tag-hydraulic-cylinders","10":"first","11":"instock","12":"shipping-taxable","13":"product-type-simple"},"amp_enabled":true,"_links":{"self":[{"href":"https:\/\/www.hydraulic-cylinders.net\/lv\/wp-json\/wp\/v2\/product\/19582","targetHints":{"allow":["GET"]}}],"collection":[{"href":"https:\/\/www.hydraulic-cylinders.net\/lv\/wp-json\/wp\/v2\/product"}],"about":[{"href":"https:\/\/www.hydraulic-cylinders.net\/lv\/wp-json\/wp\/v2\/types\/product"}],"replies":[{"embeddable":true,"href":"https:\/\/www.hydraulic-cylinders.net\/lv\/wp-json\/wp\/v2\/comments?post=19582"}],"wp:featuredmedia":[{"embeddable":true,"href":"https:\/\/www.hydraulic-cylinders.net\/lv\/wp-json\/wp\/v2\/media\/17875"}],"wp:attachment":[{"href":"https:\/\/www.hydraulic-cylinders.net\/lv\/wp-json\/wp\/v2\/media?parent=19582"}],"wp:term":[{"taxonomy":"product_brand","embeddable":true,"href":"https:\/\/www.hydraulic-cylinders.net\/lv\/wp-json\/wp\/v2\/product_brand?post=19582"},{"taxonomy":"product_cat","embeddable":true,"href":"https:\/\/www.hydraulic-cylinders.net\/lv\/wp-json\/wp\/v2\/product_cat?post=19582"},{"taxonomy":"product_tag","embeddable":true,"href":"https:\/\/www.hydraulic-cylinders.net\/lv\/wp-json\/wp\/v2\/product_tag?post=19582"}],"curies":[{"name":"wp","href":"https:\/\/api.w.org\/{rel}","templated":true}]}}