{"id":19583,"date":"2025-04-07T06:55:56","date_gmt":"2025-04-07T06:55:56","guid":{"rendered":"https:\/\/www.hydraulic-cylinders.net\/product\/boom-cylinder-for-yuchai-yc35sr\/"},"modified":"2025-04-07T06:55:58","modified_gmt":"2025-04-07T06:55:58","slug":"boom-cylinder-for-yuchai-yc35sr","status":"publish","type":"product","link":"https:\/\/www.hydraulic-cylinders.net\/lv\/products\/boom-cylinder-for-yuchai-yc35sr\/","title":{"rendered":"Str\u0113les cilindrs Yuchai YC35SR"},"content":{"rendered":"<h1>Str\u0113les cilindrs Yuchai YC35SR<\/h1>\n<h2>Ievads str\u0113les cilindros<\/h2>\n<p>Str\u0113les cilindrs ir b\u016btiska hidraulisko sist\u0113mu sast\u0101vda\u013ca, kas \u012bpa\u0161i paredz\u0113ta da\u017e\u0101du smago ma\u0161\u012bnu kausu kust\u012bbas vad\u012bbai. Tas ietver ekskavatorus, ekskavatorus-iekr\u0101v\u0113jus un front\u0101los iekr\u0101v\u0113jus. Tas \u013cauj kausam pacelties, nolaisties un noliekties, atvieglojot da\u017e\u0101dus materi\u0101lu apstr\u0101des uzdevumus.<\/p>\n<p><img decoding=\"async\" src=\"https:\/\/www.hydraulic-cylinders.net\/wp-content\/uploads\/2025\/04\/songte-company-1.webp\" alt=\"Str\u0113les cilindrs\"><\/p>\n<h3>Funkcionalit\u0101te un defin\u012bcija<\/h3>\n<p>Kausa cilindrs ir hidraulisk\u0101 cilindra veids, kas paredz\u0113ts tehnikas kausa darb\u012bbas vad\u012bbai. \u0160iem cilindriem ir b\u016btiska loma hidrauliskaj\u0101 sist\u0113m\u0101, p\u0101rveidojot hidraulisko ener\u0123iju meh\u0101niskaj\u0101 ener\u0123ij\u0101, \u013caujot prec\u012bzi kontrol\u0113t kausa kust\u012bbas. Sp\u0113ja pacelt smagas kravas, prec\u012bzi t\u0101s nolaist un noliekt lab\u0101kai pozicion\u0113\u0161anai padara str\u0113les cilindrus b\u016btiskus b\u016bvniec\u012bb\u0101, lauksaimniec\u012bb\u0101 un da\u017e\u0101dos r\u016bpnieciskos pielietojumos.<\/p>\n<h2>Str\u0113les cilindra \u012bpa\u0161\u012bbas<\/h2>\n<ul>\n<li><strong>Augsta iztur\u012bba un ilgm\u016b\u017e\u012bba:<\/strong> \u0160ie cilindri, kas parasti ir izgatavoti no augstas stipr\u012bbas t\u0113rauda vai alum\u012bnija, var iztur\u0113t augstu spiedienu un lielas slodzes, padarot tos piem\u0113rotus skarbiem darba apst\u0101k\u013ciem. To konstrukcij\u0101 ir iek\u013cauta nodilumiztur\u012bba un iztur\u012bba pret koroziju, lai pagarin\u0101tu to kalpo\u0161anas laiku.<\/li>\n<li><strong>Efekt\u012bva hidraulisk\u0101 darb\u012bba:<\/strong> Izmantojot hidraulisk\u0101s e\u013c\u013cas spiedienu, str\u0113les cilindri nodro\u0161ina vienm\u0113r\u012bgu izstiep\u0161anu un ievilk\u0161anu. Tie \u0101tri rea\u0123\u0113 uz vad\u012bbas komand\u0101m, nodro\u0161inot jaud\u012bgu stum\u0161anas un vilk\u0161anas sp\u0113ku, kas nepiecie\u0161ams smagu materi\u0101lu apstr\u0101dei un sare\u017e\u0123\u012btu uzdevumu veik\u0161anai.<\/li>\n<li><strong>Da\u017e\u0101di veidi:<\/strong> Str\u0113les cilindrus var izv\u0113l\u0113ties k\u0101 vienk\u0101r\u0161as darb\u012bbas (darbojas vien\u0101 virzien\u0101) vai divk\u0101r\u0161as darb\u012bbas (darbojas abos virzienos), piel\u0101gojoties da\u017e\u0101d\u0101m ekspluat\u0101cijas vajadz\u012bb\u0101m. Da\u017ei mode\u013ci ir teleskopiski, kas \u013cauj veikt liel\u0101ku pagarin\u0101jumu, nepalielinot \u0101r\u0113jos izm\u0113rus, kas ir ide\u0101li piem\u0113rots darbam ar ierobe\u017eotu vietu.<\/li>\n<li><strong>Piel\u0101gota piel\u0101go\u0161ana:<\/strong> M\u016bsu produkti var lieliski aizst\u0101t eso\u0161os hidrauliskos cilindrus, nodro\u0161inot sader\u012bbu un veiktsp\u0113ju.<\/li>\n<li><strong>Uzlabota ra\u017eo\u0161ana:<\/strong> M\u016bsu cilindri ir izgatavoti prec\u012bzi, izmantojot jaun\u0101k\u0101s tehnolo\u0123ijas, un atbilst stingriem kvalit\u0101tes standartiem, lai nodro\u0161in\u0101tu uzticam\u012bbu un efektivit\u0101ti.<\/li>\n<\/ul>\n<p><img decoding=\"async\" src=\"https:\/\/www.hydraulic-cylinders.net\/wp-content\/uploads\/2025\/04\/songte-cylinder-head-with-all-kinds-excavator-models.webp\" alt=\"Ekskavatoru mode\u013ci\"><\/p>\n<h2>Str\u0113les cilindru pielietojums<\/h2>\n<h3>Celtniec\u012bbas apr\u012bkojums<\/h3>\n<p>Ekskavatoros str\u0113les cilindri ir nepiecie\u0161ami rak\u0161anai, iekrau\u0161anai un augsnes vai gru\u017eu p\u0101rvieto\u0161anai. Tie nodro\u0161ina nepiecie\u0161amo sp\u0113ku, lai efekt\u012bvi iek\u013c\u016btu zem\u0113, padarot tos neaizst\u0101jamus b\u016bvniec\u012bbas projektos. Ekskavatoros-iekr\u0101v\u0113jos \u0161ie cilindri pal\u012bdz gan rak\u0161anas, gan cel\u0161anas oper\u0101cij\u0101s, nodro\u0161inot daudzpus\u012bbu darba viet\u0101.<\/p>\n<h3>Lauksaimniec\u012bbas tehnika<\/h3>\n<p>Front\u0101lajos iekr\u0101v\u0113jos str\u0113les cilindriem ir iz\u0161\u0137iro\u0161a noz\u012bme augsnes, siena un citu materi\u0101lu sav\u0101k\u0161an\u0101, cel\u0161an\u0101 un transport\u0113\u0161an\u0101. To sp\u0113ja veikt da\u017e\u0101dus uzdevumus padara tos nenov\u0113rt\u0113jamus lauksaimniec\u012bbas darb\u012bb\u0101s, uzlabojot produktivit\u0101ti un efektivit\u0101ti.<\/p>\n<h3>Ekskavatori<\/h3>\n<p>Ekskavatoros str\u0113les cilindrs \u013cauj kausam iek\u013c\u016bt augsn\u0113, atvieglojot efekt\u012bvu rak\u0161anu. \u0160o cilindru nodro\u0161in\u0101t\u0101 hidraulisk\u0101 jauda nodro\u0161ina, ka tehnika var tikt gal\u0101 ar sare\u017e\u0123\u012btu reljefu un smag\u0101m krav\u0101m, padarot t\u0101s piem\u0113rotas pla\u0161am rak\u0161anas darbu kl\u0101stam.<\/p>\n<h3>Iekr\u0101v\u0113ji<\/h3>\n<p>Front\u0101lajos iekr\u0101v\u0113jos str\u0113les cilindri pal\u012bdz efekt\u012bvi pacelt un izkraut kravas. To sp\u0113ja apstr\u0101d\u0101t smagus materi\u0101lus nodro\u0161ina, ka darb\u012bbas var veikt \u0101tri un dro\u0161i, t\u0101d\u0113j\u0101di optimiz\u0113jot darbpl\u016bsmu b\u016bvniec\u012bbas un r\u016bpniec\u012bbas objektos.<\/p>\n<h2>Dizaina apsv\u0113rumi un atlases krit\u0113riji<\/h2>\n<h3>Kravnes\u012bba<\/h3>\n<p>Str\u0113les cilindra kravnes\u012bba ir kritisks projekt\u0113\u0161anas apsv\u0113rums. Ir svar\u012bgi nodro\u0161in\u0101t, lai cilindrs var\u0113tu iztur\u0113t maksim\u0101lo paredzamo slodzi bez atteices riska. In\u017eenieriem j\u0101\u0146em v\u0113r\u0101 sp\u0113ki, kas iedarbojas uz cilindru darb\u012bbas laik\u0101, un j\u0101izv\u0113las materi\u0101li un konstrukcijas, kas laika gait\u0101 var iztur\u0113t \u0161\u012bs slodzes.<\/p>\n<h3>Bl\u012bv\u0113\u0161anas meh\u0101nismi<\/h3>\n<p>Efekt\u012bva bl\u012bv\u0113\u0161ana ir vit\u0101li svar\u012bga, lai nov\u0113rstu hidraulisk\u0101 \u0161\u0137idruma nopl\u016bdes. Bl\u012bv\u0113jumu, piem\u0113ram, virzu\u013ca bl\u012bv\u0113jumu un stie\u0146a bl\u012bv\u0113jumu, izv\u0113le j\u0101veic, pamatojoties uz konkr\u0113taj\u0101m lietojuma vajadz\u012bb\u0101m. Augstas kvalit\u0101tes bl\u012bv\u0113jumi ir b\u016btiski, lai nodro\u0161in\u0101tu ilgsto\u0161u darb\u012bbu un samazin\u0101tu apkopes pras\u012bbas.<\/p>\n<h3>Iztur\u012bba<\/h3>\n<p>Iztur\u012bba ir galvenais faktors str\u0113les cilindru konstrukcij\u0101. Tiem j\u0101b\u016bt izgatavotiem no materi\u0101liem, kas sp\u0113j iztur\u0113t skarbus darba apst\u0101k\u013cus, tostarp net\u012brumu, mitruma un ekstrem\u0101lu temperat\u016bru iedarb\u012bbu. Korozijiztur\u012bgu p\u0101rkl\u0101jumu un iztur\u012bgu materi\u0101lu izmanto\u0161ana var uzlabot cilindra iztur\u012bbu.<\/p>\n<h3>Dro\u0161\u012bbas funkcijas<\/h3>\n<p>Dro\u0161\u012bba hidrauliskaj\u0101s lietojumprogramm\u0101s ir \u0101rk\u0101rt\u012bgi svar\u012bga. Str\u0113les cilindriem j\u0101b\u016bt konstru\u0113tiem ar funkcij\u0101m, kas nov\u0113r\u0161 nejau\u0161u kust\u012bbu, piem\u0113ram, dro\u0161\u012bbas sl\u0113dzen\u0113m vai p\u0101rslodzes aizsardz\u012bbas sist\u0113m\u0101m. Nodro\u0161inot, ka \u0161ie dro\u0161\u012bbas pas\u0101kumi ir ieviesti, tiek nov\u0113rsti negad\u012bjumi un iek\u0101rtu boj\u0101jumi.<\/p>\n<h3>Apkopes pieejam\u012bba<\/h3>\n<p>Ir \u013coti svar\u012bgi projekt\u0113t str\u0113les cilindrus, lai tos b\u016btu viegli apkopt. Projekt\u0113\u0161anas proces\u0101 j\u0101\u0146em v\u0113r\u0101 piek\u013cuves punkti e\u013c\u013co\u0161anai, bl\u012bvju nomai\u0146ai un p\u0101rbaud\u0113m. Tas atvieglo ikdienas apkopi, t\u0101d\u0113j\u0101di pagarinot cilindra kalpo\u0161anas laiku un uzlabojot darb\u012bbas efektivit\u0101ti.<\/p>\n<p><img decoding=\"async\" src=\"https:\/\/www.hydraulic-cylinders.net\/wp-content\/uploads\/2025\/04\/songte-oil-pipes-and-spare-parts.webp\" alt=\"Hidraulisk\u0101s da\u013cas\"><\/p>\n<h2>Bl\u012bv\u0113\u0161ana un e\u013c\u013co\u0161ana<\/h2>\n<p>Str\u0113les cilindru bl\u012bv\u0113\u0161ana un e\u013c\u013co\u0161ana ir kritiski svar\u012bga optim\u0101lai veiktsp\u0113jai un ilgm\u016b\u017e\u012bbai. Lai nov\u0113rstu hidraulisk\u0101 \u0161\u0137idruma nopl\u016bdi, tiek izmantoti da\u017e\u0101di bl\u012bv\u0113jumi, piem\u0113ram, virzu\u013ca bl\u012bv\u0113jumi un stie\u0146a bl\u012bv\u0113jumi. Bl\u012bv\u0113jumi, kas izgatavoti no nodilumiztur\u012bgiem materi\u0101liem, piem\u0113ram, poliuret\u0101na un nitrila gumijas, nodro\u0161ina iztur\u012bbu skarbos apst\u0101k\u013cos.<\/p>\n<p>Cilindra korpuss un v\u012bt\u0146otie gali ir smalki apstr\u0101d\u0101ti, lai uzlabotu nodilumiztur\u012bbu, samazinot boj\u0101jumu risku laika gait\u0101. Turkl\u0101t regul\u0101ra e\u013c\u013co\u0161ana ar hidraulisko e\u013c\u013cu ir b\u016btiska, lai uztur\u0113tu vienm\u0113r\u012bgu darb\u012bbu un nov\u0113rstu kust\u012bgo da\u013cu nodilumu. Periodiskas p\u0101rbaudes un atbilsto\u0161a e\u013c\u013co\u0161ana nodro\u0161ina cilindra efekt\u012bvu darb\u012bbu un pagarina t\u0101 kalpo\u0161anas laiku.<\/p>\n<h2>Regul\u0101ras p\u0101rbaudes un profilaktisk\u0101s apkopes pas\u0101kumi<\/h2>\n<ul>\n<li><strong>Regul\u0101ras p\u0101rbaudes:<\/strong> Veiciet regul\u0101ras p\u0101rbaudes, lai noteiktu nodiluma vai boj\u0101jumu paz\u012bmes. Tas ietver nopl\u016b\u017eu p\u0101rbaudi, bl\u012bv\u0113jumu neskart\u012bbas p\u0101rbaudi un balona visp\u0101r\u0113j\u0101 st\u0101vok\u013ca p\u0101rbaudi. Probl\u0113mu agr\u012bna atkl\u0101\u0161ana var nov\u0113rst d\u0101rgus remontdarbus un d\u012bkst\u0101ves.<\/li>\n<li><strong>Piem\u0113rota e\u013c\u013co\u0161ana:<\/strong> P\u0101rliecinieties, vai cilindrs tiek pien\u0101c\u012bgi iee\u013c\u013cots noteiktos interv\u0101los. Pareiza hidraulisk\u0101s e\u013c\u013cas veida izmanto\u0161ana un ra\u017eot\u0101ja ieteikumu iev\u0113ro\u0161ana e\u013c\u013co\u0161anai pal\u012bdz uztur\u0113t efekt\u012bvu darb\u012bbu.<\/li>\n<li><strong>Bl\u012bv\u0113juma nomai\u0146a:<\/strong> Laika gait\u0101 bl\u012bves var nolietoties un t\u0101s var b\u016bt j\u0101nomaina. Regul\u0101ras apkopes grafik\u0101 j\u0101iek\u013cauj bl\u012bvju integrit\u0101tes p\u0101rbaudes un savlaic\u012bgas nomai\u0146as pl\u0101ns, lai nov\u0113rstu nopl\u016bdes.<\/li>\n<\/ul>\n<h2>Uzst\u0101d\u012b\u0161anas vadl\u012bnijas<\/h2>\n<p>Pareiza str\u0113les cilindru uzst\u0101d\u012b\u0161ana ir \u013coti svar\u012bga, lai nodro\u0161in\u0101tu to efektivit\u0101ti un ilgm\u016b\u017e\u012bbu. S\u0101ciet, r\u016bp\u012bgi izl\u012bdzinot cilindru ar mont\u0101\u017eas kron\u0161teiniem, p\u0101rliecinoties, ka tas ir taisns un pareizi novietots. Ieteicams izmantot atbilsto\u0161us mont\u0101\u017eas kron\u0161teinus, lai nostiprin\u0101tu cilindru, nov\u0113r\u0161ot nepareizu izl\u012bdzin\u0101\u0161anu darb\u012bbas laik\u0101.<\/p>\n<p>Pirms jebkuru skr\u016bvju pievilk\u0161anas divreiz p\u0101rbaudiet izl\u012bdzin\u0101jumu, lai izvair\u012btos no p\u0101rm\u0113r\u012bgas slodzes uz cilindru. P\u0113c cilindra nostiprin\u0101\u0161anas pievienojiet hidraulisk\u0101s \u0161\u013c\u016btenes, p\u0101rliecinoties, ka nav loc\u012bjumu vai l\u012bkumu, kas var\u0113tu trauc\u0113t \u0161\u0137idruma pl\u016bsmu. P\u0113c uzst\u0101d\u012b\u0161anas veiciet spiediena p\u0101rbaudi, lai p\u0101rliecin\u0101tos, ka cilindrs darbojas pareizi un nav nopl\u016b\u017eu. Pareiza izl\u012bdzin\u0101juma uztur\u0113\u0161ana ir \u013coti svar\u012bga, lai nov\u0113rstu nodilumu un pagarin\u0101tu str\u0113les cilindra kalpo\u0161anas laiku.<\/p>\n<h2>Bie\u017ei sastopamie apkopes uzdevumi<\/h2>\n<ul>\n<li><strong>Regul\u0101ras p\u0101rbaudes:<\/strong> Regul\u0101ri p\u0101rbaudiet cilindra st\u0101vokli. Mekl\u0113jiet nodiluma paz\u012bmes, piem\u0113ram, skr\u0101p\u0113jumus uz stie\u0146a vai nopl\u016bdes ap bl\u012bv\u0113m. Probl\u0113mu agr\u012bna atkl\u0101\u0161ana var nov\u0113rst nopietn\u0101kas probl\u0113mas n\u0101kotn\u0113.<\/li>\n<li><strong>Piem\u0113rota e\u013c\u013co\u0161ana:<\/strong> P\u0101rliecinieties, vai cilindrs ir pien\u0101c\u012bgi iee\u013c\u013cots saska\u0146\u0101 ar ra\u017eot\u0101ja specifik\u0101cij\u0101m. Izmantojiet ieteicamo hidraulisko e\u013c\u013cu un regul\u0101ri iee\u013c\u013cojiet, lai uztur\u0113tu optim\u0101lu veiktsp\u0113ju.<\/li>\n<li><strong>Bl\u012bv\u0113juma nomai\u0146a:<\/strong> Uzraugiet bl\u012bv\u0113jumu st\u0101vokli un nomainiet tos p\u0113c nepiecie\u0161am\u012bbas. Tas nov\u0113r\u0161 \u0161\u0137idruma nopl\u016bdes un uztur hidraulisk\u0101s sist\u0113mas efektivit\u0101ti.<\/li>\n<\/ul>\n<p>Pareiza uzst\u0101d\u012b\u0161ana, e\u013c\u013co\u0161ana un regul\u0113\u0161ana ir \u013coti svar\u012bga cilindra funkcionalit\u0101tei. Uzst\u0101d\u012b\u0161anas laik\u0101 p\u0101rliecinieties, vai cilindrs ir pareizi izl\u012bdzin\u0101ts un dro\u0161i nostiprin\u0101ts, izmantojot atbilsto\u0161us stiprin\u0101juma balstus. Regul\u0101ras p\u0101rbaudes, remonts un nomai\u0146as proced\u016bras pagarina str\u0113les cilindru kalpo\u0161anas laiku.<\/p>\n<p><img decoding=\"async\" src=\"https:\/\/www.hydraulic-cylinders.net\/wp-content\/uploads\/2025\/04\/songte-chushion-collar.webp\" alt=\"Spilvenu apkakle\"><\/p>\n<h2>Dro\u0161\u012bbas apsv\u0113rumi un vides faktori<\/h2>\n<p>Dro\u0161\u012bbas pas\u0101kumu ievie\u0161ana str\u0113les cilindru darb\u012bbas laik\u0101 ir b\u016btiska negad\u012bjumu nov\u0113r\u0161anai. Operatoriem j\u0101b\u016bt apm\u0101c\u012btiem dro\u0161as r\u012bc\u012bbas proced\u016br\u0101s un j\u0101apzin\u0101s iesp\u0113jamie apdraud\u0113jumi, kas saist\u012bti ar hidrauliskaj\u0101m sist\u0113m\u0101m. Atbilsto\u0161u individu\u0101lo aizsardz\u012bbas l\u012bdzek\u013cu (IAL) lieto\u0161ana un dro\u0161\u012bbas protokolu iev\u0113ro\u0161ana iev\u0113rojami samazina riskus darba viet\u0101.<\/p>\n<h2>Bie\u017ei sastopamo probl\u0113mu nov\u0113r\u0161ana<\/h2>\n<ul>\n<li><strong>Hidraulisk\u0101 \u0161\u0137idruma nopl\u016bdes:<\/strong> P\u0101rbaudiet bl\u012bves un savienojumus, vai nav nopl\u016b\u017eu paz\u012bmju. Nekav\u0113joties nomainiet boj\u0101t\u0101s bl\u012bves, lai nov\u0113rstu hidraulisk\u0101 spiediena zudumu.<\/li>\n<li><strong>Samazin\u0101ta veiktsp\u0113ja:<\/strong> Ja cilindrs darbojas l\u0113ni vai nerea\u0123\u0113, p\u0101rbaudiet hidraulisk\u0101 \u0161\u0137idruma l\u012bmeni un apskatiet, vai hidrauliskaj\u0101s l\u012bnij\u0101s nav aizsprostojumu.<\/li>\n<li><strong>P\u0101rm\u0113r\u012bgs troksnis:<\/strong> Neparastas ska\u0146as darb\u012bbas laik\u0101 var liecin\u0101t par iek\u0161\u0113jiem boj\u0101jumiem vai gaisu hidrauliskaj\u0101 sist\u0113m\u0101. Atgaisojiet sist\u0113mu, lai izvad\u012btu iesprostoto gaisu un nodro\u0161in\u0101tu vienm\u0113r\u012bgu darb\u012bbu.<\/li>\n<\/ul>\n<p>\u0100tra \u0161o probl\u0113mu risin\u0101\u0161ana var nov\u0113rst nopietn\u0101kas probl\u0113mas un pagarin\u0101t str\u0113les cilindra kalpo\u0161anas laiku. Regul\u0101ra apkope un p\u0101rbaudes ir iz\u0161\u0137iro\u0161a noz\u012bme potenci\u0101lo probl\u0113mu agr\u012bn\u0101 identific\u0113\u0161an\u0101, nodro\u0161inot netrauc\u0113tu darb\u012bbu.<\/p>\n<p><img decoding=\"async\" src=\"https:\/\/www.hydraulic-cylinders.net\/wp-content\/uploads\/2025\/04\/songte-bushings-with-all-kinds-of-excavator-models.webp\" alt=\"Ekskavatora bukses\"><\/p>\n<h2>Par m\u016bsu uz\u0146\u0113mumu<\/h2>\n<p>M\u0113s esam vado\u0161ais rezerves hidraulisko cilindru ra\u017eot\u0101js, kas pied\u0101v\u0101 pla\u0161u produktu kl\u0101stu, kas apmierina gan viet\u0113jo, gan starptautisko tirgu vajadz\u012bbas. M\u016bsu ap\u0146em\u0161anos nodro\u0161in\u0101t izcilu kvalit\u0101ti atbalsta pilnveidotas ra\u017eo\u0161anas strat\u0113\u0123ijas m\u016bsu modern\u0101kaj\u0101s iek\u0101rt\u0101s. M\u0113s past\u0101v\u012bgi uzlabojam savas ra\u017eo\u0161anas iesp\u0113jas, ieguldot tehniskajos talantos, modern\u0101s digit\u0101l\u0101s ra\u017eo\u0161anas iek\u0101rt\u0101s un specializ\u0113t\u0101s test\u0113\u0161anas sist\u0113m\u0101s.<\/p>\n<p>M\u016bsu ra\u017eo\u0161anas procesi ir izstr\u0101d\u0101ti, lai atbilstu augstiem efektivit\u0101tes, precizit\u0101tes un kvalit\u0101tes standartiem, \u013caujot mums apmierin\u0101t da\u017e\u0101das klientu vajadz\u012bbas. M\u0113s lepojamies ar savu sp\u0113ju sniegt piel\u0101gotus risin\u0101jumus, ko atbalsta starptautiski sertifik\u0101ti, nodro\u0161inot, ka m\u016bsu produkti atbilst pasaules nozares standartiem.<\/p>\n<p><img decoding=\"async\" src=\"https:\/\/www.hydraulic-cylinders.net\/wp-content\/uploads\/2025\/04\/songte-company-4.webp\" alt=\"Uz\u0146\u0113muma p\u0101rskats\"><br \/>\n<img decoding=\"async\" src=\"https:\/\/www.hydraulic-cylinders.net\/wp-content\/uploads\/2025\/04\/songte-company-3.webp\" alt=\"Uzlabota ra\u017eo\u0161ana\"><\/p>\n<p>Ar lielu uzsvaru uz profesion\u0101lu apkalpo\u0161anu m\u0113s nodro\u0161in\u0101m visaptvero\u0161u p\u0113cp\u0101rdo\u0161anas atbalstu, nodro\u0161inot, ka m\u016bsu klienti sa\u0146em visaugst\u0101ko apkalpo\u0161anas l\u012bmeni vis\u0101 m\u016bsu produktu ekspluat\u0101cijas laik\u0101.<\/p>\n<p>Autors: lil<\/p>","protected":false},"excerpt":{"rendered":"<p>Boom Cylinder For Yuchai YC35SR Introduction to Boom Cylinders The Boom Cylinder is a crucial component in hydraulic systems, specifically designed for controlling the movement of buckets in various heavy machinery. This includes excavators, backhoe loaders, and front loaders. It enables the bucket to lift, lower, and tilt, facilitating various material handling tasks. Functionality and [&hellip;]<\/p>","protected":false},"featured_media":17876,"comment_status":"open","ping_status":"closed","template":"","meta":{"_et_pb_use_builder":"","_et_pb_old_content":"","_et_gb_content_width":""},"product_brand":[],"product_cat":[1546],"product_tag":[1547,1496],"class_list":{"0":"post-19583","1":"product","2":"type-product","3":"status-publish","4":"has-post-thumbnail","6":"product_cat-boom-cylinders","7":"product_tag-boom-cylinders","8":"product_tag-hydraulic-cylinders","10":"first","11":"instock","12":"shipping-taxable","13":"product-type-simple"},"amp_enabled":true,"_links":{"self":[{"href":"https:\/\/www.hydraulic-cylinders.net\/lv\/wp-json\/wp\/v2\/product\/19583","targetHints":{"allow":["GET"]}}],"collection":[{"href":"https:\/\/www.hydraulic-cylinders.net\/lv\/wp-json\/wp\/v2\/product"}],"about":[{"href":"https:\/\/www.hydraulic-cylinders.net\/lv\/wp-json\/wp\/v2\/types\/product"}],"replies":[{"embeddable":true,"href":"https:\/\/www.hydraulic-cylinders.net\/lv\/wp-json\/wp\/v2\/comments?post=19583"}],"wp:featuredmedia":[{"embeddable":true,"href":"https:\/\/www.hydraulic-cylinders.net\/lv\/wp-json\/wp\/v2\/media\/17876"}],"wp:attachment":[{"href":"https:\/\/www.hydraulic-cylinders.net\/lv\/wp-json\/wp\/v2\/media?parent=19583"}],"wp:term":[{"taxonomy":"product_brand","embeddable":true,"href":"https:\/\/www.hydraulic-cylinders.net\/lv\/wp-json\/wp\/v2\/product_brand?post=19583"},{"taxonomy":"product_cat","embeddable":true,"href":"https:\/\/www.hydraulic-cylinders.net\/lv\/wp-json\/wp\/v2\/product_cat?post=19583"},{"taxonomy":"product_tag","embeddable":true,"href":"https:\/\/www.hydraulic-cylinders.net\/lv\/wp-json\/wp\/v2\/product_tag?post=19583"}],"curies":[{"name":"wp","href":"https:\/\/api.w.org\/{rel}","templated":true}]}}