{"id":19584,"date":"2025-04-07T06:55:58","date_gmt":"2025-04-07T06:55:58","guid":{"rendered":"https:\/\/www.hydraulic-cylinders.net\/product\/boom-cylinder-for-yuchai-yc50-8\/"},"modified":"2025-04-07T06:56:01","modified_gmt":"2025-04-07T06:56:01","slug":"boom-cylinder-for-yuchai-yc50-8","status":"publish","type":"product","link":"https:\/\/www.hydraulic-cylinders.net\/lv\/products\/boom-cylinder-for-yuchai-yc50-8\/","title":{"rendered":"Str\u0113les cilindrs Yuchai YC50-8"},"content":{"rendered":"<h1>Str\u0113les cilindrs Yuchai YC50-8<\/h1>\n<h2>Produkta p\u0101rskats<\/h2>\n<p>Yuchai YC50-8 str\u0113les cilindrs ir specializ\u0113ts hidrauliskais cilindrs, kas paredz\u0113ts kausa kust\u012bbas vad\u012bbai da\u017e\u0101d\u0101s smagaj\u0101s ma\u0161\u012bn\u0101s. \u0160iem hidrauliskajiem cilindriem ir iz\u0161\u0137iro\u0161a noz\u012bme ekskavatoros, univers\u0101lajos iekr\u0101v\u0113jos un front\u0101lajos iekr\u0101v\u0113jos, \u013caujot kausam pacelties, nolaisties un noliekties. \u0160\u012b funkcionalit\u0101te ir b\u016btiska materi\u0101lu apstr\u0101des darbos, nodro\u0161inot efekt\u012bvu materi\u0101lu izrak\u0161anu un transport\u0113\u0161anu.<\/p>\n<p><img decoding=\"async\" src=\"https:\/\/www.hydraulic-cylinders.net\/wp-content\/uploads\/2025\/04\/songte-company-1.webp\" alt=\"Str\u0113les cilindrs\" \/><\/p>\n<h3>Kas ir kausa cilindrs?<\/h3>\n<p>Kausa cilindrs ir hidraulisk\u0101 cilindra veids, ko galvenok\u0101rt izmanto, lai kontrol\u0113tu kausu kust\u012bbu uz celtniec\u012bbas tehnikas. \u0160\u012b hidraulisk\u0101 sast\u0101vda\u013ca ir paredz\u0113ta hidraulisk\u0101 \u0161\u0137idruma spiediena un pl\u016bsmas p\u0101rvald\u012bbai, \u013caujot kausam veikt da\u017e\u0101das kust\u012bbas, kas ir b\u016btiskas efekt\u012bvai darb\u012bbai. Kausa cilindru noz\u012bmi nevar p\u0101rv\u0113rt\u0113t, jo tie tie\u0161i ietekm\u0113 celtniec\u012bbas un lauksaimniec\u012bbas tehnikas efektivit\u0101ti un produktivit\u0101ti.<\/p>\n<h2>Galven\u0101s iez\u012bmes<\/h2>\n<ul>\n<li><strong>Augsta iztur\u012bba un ilgm\u016b\u017e\u012bba:<\/strong> \u0160ie cilindri, kas izgatavoti no augstas stipr\u012bbas t\u0113rauda vai alum\u012bnija, var iztur\u0113t augstu spiedienu un lielas slodzes, un tie ir paredz\u0113ti, lai iztur\u0113tu skarbas darba vides, vienlaikus samazinot nodilumu un koroziju.<\/li>\n<li><strong>Efekt\u012bva hidraulisk\u0101 darb\u012bba:<\/strong> Izmantojot hidraulisk\u0101s e\u013c\u013cas spiedienu, str\u0113les cilindrs nodro\u0161ina vienm\u0113r\u012bgu izstiep\u0161anu un ievilk\u0161anu, \u0101tri rea\u0123\u0113jot uz operatora komand\u0101m un radot jaud\u012bgus stum\u0161anas un vilk\u0161anas sp\u0113kus, kas piem\u0113roti smagiem un sare\u017e\u0123\u012btiem uzdevumiem.<\/li>\n<li><strong>Da\u017e\u0101di veidi:<\/strong> Pieejami gan vienas darb\u012bbas (darbojas vien\u0101 virzien\u0101), gan divk\u0101r\u0161as darb\u012bbas (darbojas abos virzienos) konfigur\u0101cij\u0101s, da\u017eiem mode\u013ciem ir teleskopiska konstrukcija liel\u0101kam pagarin\u0101jumam, nepalielinot \u0101r\u0113jo izm\u0113ru, kas ir ide\u0101li piem\u0113rots lietojumiem ar ierobe\u017eotu vietu.<\/li>\n<\/ul>\n<p>M\u016bsu uz\u0146\u0113mums ra\u017eo \u0161os produktus, nodro\u0161inot ide\u0101lus da\u017e\u0101du hidraulisko cilindru aizvietot\u0101jus.<\/p>\n<p><img decoding=\"async\" src=\"https:\/\/www.hydraulic-cylinders.net\/wp-content\/uploads\/2025\/04\/songte-cylinder-head-with-all-kinds-excavator-models.webp\" alt=\"Ekskavatoru mode\u013ci\" \/><\/p>\n<h2>Pieteikumi<\/h2>\n<h3>Celtniec\u012bbas apr\u012bkojums<\/h3>\n<p>Ekskavatoros kausa cilindri ir vit\u0101li svar\u012bgi zemes vai gru\u017eu rak\u0161anai, iekrau\u0161anai un p\u0101rvieto\u0161anai. Tie \u013cauj kausam efekt\u012bvi iek\u013c\u016bt augsn\u0113, uzlabojot rak\u0161anas procesu. Ekskavatoros-iekr\u0101v\u0113jos \u0161ie cilindri pal\u012bdz ne tikai rak\u0161anas, bet ar\u012b cel\u0161anas oper\u0101cij\u0101s, padarot tos neaizst\u0101jamus daudzfunkcion\u0101lai darb\u012bbai b\u016bvlaukumos.<\/p>\n<h3>Lauksaimniec\u012bbas tehnika<\/h3>\n<p>Kausa cilindri, ko izmanto front\u0101lajos iekr\u0101v\u0113jos, ir atbild\u012bgi par augsnes, siena un citu materi\u0101lu sav\u0101k\u0161anu, cel\u0161anu un transport\u0113\u0161anu. To konstrukcija \u013cauj prec\u012bzi apstr\u0101d\u0101t materi\u0101lus, kas ir \u013coti svar\u012bgi, lai saglab\u0101tu produktivit\u0101ti lauksaimniec\u012bbas darb\u012bb\u0101s.<\/p>\n<h3>Ekskavatori<\/h3>\n<p>Ekskavatoru kausa cilindri \u013cauj kausam iek\u013c\u016bt zem\u0113, atvieglojot efekt\u012bvas rak\u0161anas darb\u012bbas. \u0160\u012b funkcija ir kritiski svar\u012bga da\u017e\u0101dos b\u016bvniec\u012bbas projektos, uzlabojot tehnikas kop\u0113jo efektivit\u0101ti augsnes rak\u0161an\u0101.<\/p>\n<h3>Iekr\u0101v\u0113ji<\/h3>\n<p>Front\u0101lajos iekr\u0101v\u0113jos \u0161ie cilindri pal\u012bdz efekt\u012bvi pacelt un izkraut kravas. To veiktsp\u0113ja tie\u0161i ietekm\u0113 materi\u0101lu apstr\u0101des \u0101trumu un efektivit\u0101ti, padarot tos par b\u016btisk\u0101m sast\u0101vda\u013c\u0101m iekrau\u0161anas oper\u0101cij\u0101s.<\/p>\n<h2>Dizaina apsv\u0113rumi<\/h2>\n<ul>\n<li><strong>Kravnes\u012bba:<\/strong> Hidraulisk\u0101 cilindra kravnes\u012bba ir \u0101rk\u0101rt\u012bgi svar\u012bga, jo t\u0101 nosaka maksim\u0101lo svaru, ko cilindrs var dro\u0161i iztur\u0113t. \u0160\u012b specifik\u0101cija ir \u013coti svar\u012bga, lai nodro\u0161in\u0101tu ma\u0161\u012bnas efekt\u012bvu darb\u012bbu bez atteices riska. Hidrauliskajiem cilindriem j\u0101b\u016bt konstru\u0113tiem t\u0101, lai tie iztur\u0113tu noteiktas slodzes robe\u017eas, vienlaikus nodro\u0161inot uzticamu darb\u012bbu laika gait\u0101.<\/li>\n<li><strong>Bl\u012bv\u0113jums:<\/strong> Efekt\u012bvs bl\u012bv\u0113jums ir neat\u0146emama hidraulisko cilindru veiktsp\u0113jas un ilgm\u016b\u017e\u012bbas sast\u0101vda\u013ca. Lai nodro\u0161in\u0101tu nopl\u016b\u017eu nov\u0113r\u0161anu un uztur\u0113tu hidraulisko spiedienu, tiek izmantoti da\u017e\u0101di bl\u012bv\u0113\u0161anas materi\u0101li, piem\u0113ram, poliuret\u0101ns un nitrilgumija. Pareiza bl\u012bv\u0113\u0161ana ar\u012b samazina nodilumu, t\u0101d\u0113j\u0101di palielinot cilindra ekspluat\u0101cijas laiku.<\/li>\n<li><strong>Iztur\u012bba:<\/strong> Balona iztur\u012bbu ietekm\u0113 konstrukcij\u0101 izmantotais materi\u0101ls un ra\u017eo\u0161anas process. Augstas kvalit\u0101tes materi\u0101li un prec\u012bza in\u017eenierija \u013cauj rad\u012bt produktus, kas sp\u0113j iztur\u0113t ekstrem\u0101lus apst\u0101k\u013cus, nodro\u0161inot ilgtermi\u0146a uzticam\u012bbu darba apst\u0101k\u013cos.<\/li>\n<li><strong>Dro\u0161\u012bba:<\/strong> Projekt\u0113\u0161an\u0101 j\u0101iek\u013cauj dro\u0161\u012bbas elementi, lai nov\u0113rstu negad\u012bjumus un iek\u0101rtu boj\u0101jumus. Tas ietver spiediena samazin\u0101\u0161anas v\u0101rstus un dro\u0161\u012bbas blo\u0137\u0113\u0161anas ier\u012bces, kas aizsarg\u0101 operatorus un iek\u0101rtas darb\u012bbas laik\u0101.<\/li>\n<li><strong>Apkope:<\/strong> Hidraulisko cilindru izv\u0113l\u0113 kritisks faktors ir apkopes vienk\u0101r\u0161\u012bba. Konstrukcijas, kas nodro\u0161ina \u0113rtu piek\u013cuvi komponentiem p\u0101rbaudei un remontam, var iev\u0113rojami samazin\u0101t smag\u0101 apr\u012bkojuma d\u012bkst\u0101ves laiku un ekspluat\u0101cijas izmaksas.<\/li>\n<\/ul>\n<p><img decoding=\"async\" src=\"https:\/\/www.hydraulic-cylinders.net\/wp-content\/uploads\/2025\/04\/songte-oil-pipes-and-spare-parts.webp\" alt=\"E\u013c\u013cas caurules un rezerves da\u013cas\" \/><\/p>\n<h2>Bl\u012bv\u0113\u0161ana un e\u013c\u013co\u0161ana<\/h2>\n<p>Hidraulisko cilindru bl\u012bv\u0113\u0161ana un e\u013c\u013co\u0161ana ir \u013coti svar\u012bga to veiktsp\u0113jai un ilgm\u016b\u017e\u012bbai. Lai nov\u0113rstu \u0161\u0137idruma nopl\u016bdi, tiek izmantoti da\u017e\u0101di bl\u012bv\u0113jumi, piem\u0113ram, virzu\u013ca bl\u012bv\u0113jumi un stie\u0146a bl\u012bv\u0113jumi. \u0160ie bl\u012bv\u0113jumi ir izgatavoti no iztur\u012bgiem materi\u0101liem, piem\u0113ram, poliuret\u0101na un nitrila gumijas, kas ir iztur\u012bgi pret nodilumu un nodro\u0161ina efekt\u012bvas bl\u012bv\u0113\u0161anas sp\u0113jas. Turkl\u0101t cilindra korpuss un v\u012bt\u0146otie gali tiek r\u016bp\u012bgi apstr\u0101d\u0101ti, lai uzlabotu nodilumiztur\u012bbu. Regul\u0101ra e\u013c\u013co\u0161ana ar hidraulisko e\u013c\u013cu ir nepiecie\u0161ama, lai uztur\u0113tu vienm\u0113r\u012bgu darb\u012bbu un samazin\u0101tu berzi, nov\u0113r\u0161ot priek\u0161laic\u012bgu hidraulisko komponentu nodilumu un boj\u0101jumus.<\/p>\n<h2>Apkopes prakse<\/h2>\n<ul>\n<li><strong>Regul\u0101ras p\u0101rbaudes:<\/strong> Ir svar\u012bgi veikt regul\u0101ras hidraulisko cilindru p\u0101rbaudes, lai noteiktu nodiluma, nopl\u016bdes vai boj\u0101jumu paz\u012bmes. Probl\u0113mu agr\u012bna atkl\u0101\u0161ana var nov\u0113rst nopietnus boj\u0101jumus un d\u0101rgus remontdarbus.<\/li>\n<li><strong>Pareiza e\u013c\u013co\u0161ana:<\/strong> Hidraulisk\u0101 cilindra laba iee\u013c\u013co\u0161ana ar atbilsto\u0161u hidraulisk\u0101s e\u013c\u013cas daudzumu ir \u013coti svar\u012bga, lai nodro\u0161in\u0101tu vienm\u0113r\u012bgu darb\u012bbu. Nepietiekama e\u013c\u013co\u0161ana var izrais\u012bt palielin\u0101tu berzi un nodilumu, kas ietekm\u0113 cilindra darb\u012bbu.<\/li>\n<li><strong>Bl\u012bv\u0113juma nomai\u0146a:<\/strong> Regul\u0101ra bl\u012bv\u0113jumu p\u0101rbaude un nomai\u0146a p\u0113c nepiecie\u0161am\u012bbas var nov\u0113rst \u0161\u0137idruma nopl\u016bdes un uztur\u0113t optim\u0101lu hidraulisko spiedienu. \u0160\u012b prakse ir \u013coti svar\u012bga, lai nodro\u0161in\u0101tu hidraulisk\u0101s sist\u0113mas ilgm\u016b\u017e\u012bbu un efektivit\u0101ti.<\/li>\n<\/ul>\n<h2>Uzst\u0101d\u012b\u0161anas vadl\u012bnijas<\/h2>\n<p>Pareiza hidraulisk\u0101 cilindra uzst\u0101d\u012b\u0161ana ir \u013coti svar\u012bga veiktsp\u0113jai un dro\u0161\u012bbai. Vispirms p\u0101rliecinieties, vai visas sast\u0101vda\u013cas ir t\u012bras un bez gru\u017eiem. Pareizi izl\u012bdziniet cilindru ar apr\u012bkojuma stiprin\u0101juma punktiem, izmantojot atbilsto\u0161us stiprin\u0101juma kron\u0161teinus, lai to nostiprin\u0101tu viet\u0101. Noteikti iev\u0113rojiet ra\u017eot\u0101ja specifik\u0101cijas attiec\u012bb\u0101 uz griezes momenta iestat\u012bjumiem un izl\u012bdzin\u0101\u0161anu. P\u0113c uzst\u0101d\u012b\u0161anas p\u0101rbaudiet, vai nav nopl\u016b\u017eu, un p\u0101rliecinieties, vai hidraulisk\u0101 sist\u0113ma darbojas pareizi. Pareiza uzst\u0101d\u012b\u0161ana ne tikai uzlabo cilindra darb\u012bbas efektivit\u0101ti, bet ar\u012b pagarina t\u0101 kalpo\u0161anas laiku.<\/p>\n<h2>Bie\u017ei sastopamie apkopes uzdevumi<\/h2>\n<ul>\n<li><strong>Regul\u0101ras p\u0101rbaudes:<\/strong> Regul\u0101ras p\u0101rbaudes pal\u012bdz laikus atkl\u0101t iesp\u0113jam\u0101s probl\u0113mas, \u013caujot veikt savlaic\u012bgus remontdarbus un samazin\u0101t iek\u0101rtu boj\u0101jumu risku.<\/li>\n<li><strong>Piem\u0113rota e\u013c\u013co\u0161ana:<\/strong> Hidraulisk\u0101 cilindra laba iee\u013c\u013co\u0161ana ir b\u016btiska t\u0101 darb\u012bbai. \u0160\u012b prakse samazina berzi un nodilumu, t\u0101d\u0113j\u0101di uzlabojot veiktsp\u0113ju.<\/li>\n<li><strong>Bl\u012bv\u0113juma nomai\u0146a:<\/strong> Bl\u012bvju periodiska nomai\u0146a pal\u012bdz nov\u0113rst nopl\u016bdes un uztur\u0113t hidraulisko spiedienu, nodro\u0161inot optim\u0101lu hidraulisk\u0101s sist\u0113mas darb\u012bbu.<\/li>\n<\/ul>\n<h2>Dro\u0161\u012bbas apsv\u0113rumi un vides faktori<\/h2>\n<p>Dro\u0161\u012bbas pas\u0101kumi, lietojot hidrauliskos cilindrus, ir \u0101rk\u0101rt\u012bgi svar\u012bgi. Operatoriem j\u0101b\u016bt apm\u0101c\u012btiem atpaz\u012bt iesp\u0113jamos apdraud\u0113jumus un nodro\u0161in\u0101t dro\u0161\u012bbas protokolu iev\u0113ro\u0161anu. Turkl\u0101t nedr\u012bkst aizmirst par hidraulisk\u0101 \u0161\u0137idruma nopl\u016b\u017eu ietekmi uz vidi. Pareizi ierobe\u017eo\u0161anas pas\u0101kumi un regul\u0101ra apkope var pal\u012bdz\u0113t mazin\u0101t ar hidraulisk\u0101s sist\u0113mas atteic\u0113m saist\u012btos riskus.<\/p>\n<h2>K\u013c\u016bmju diagnostika un bie\u017e\u0101k sastopam\u0101s probl\u0113mas<\/h2>\n<ul>\n<li><strong>Nopl\u016bdu\u0161as bl\u012bves:<\/strong> Viena izplat\u012bta probl\u0113ma ir bl\u012bv\u0113jumu nopl\u016bdes, kas var izrais\u012bt hidraulisk\u0101 spiediena zudumu. Regul\u0101ra bl\u012bv\u0113jumu p\u0101rbaude un savlaic\u012bga nomai\u0146a var nov\u0113rst \u0161o probl\u0113mu.<\/li>\n<li><strong>Nekonsekventa darb\u012bba:<\/strong> Ja cilindrs darbojas nevienm\u0113r\u012bgi, tas var nor\u0101d\u012bt uz probl\u0113mu ar hidraulisk\u0101 \u0161\u0137idruma l\u012bmeni vai pies\u0101r\u0146ot\u0101jiem \u0161\u0137idrum\u0101. Regul\u0101ra apkope var pal\u012bdz\u0113t nodro\u0161in\u0101t vienm\u0113r\u012bgu darb\u012bbu.<\/li>\n<li><strong>P\u0101rkar\u0161ana:<\/strong> P\u0101rkar\u0161ana var notikt p\u0101rm\u0113r\u012bgas slodzes vai nepietiekamas e\u013c\u013co\u0161anas d\u0113\u013c. Lai nov\u0113rstu p\u0101rkar\u0161anu, ir svar\u012bgi uzraudz\u012bt darb\u012bbas apst\u0101k\u013cus un nodro\u0161in\u0101t atbilsto\u0161u e\u013c\u013co\u0161anu.<\/li>\n<\/ul>\n<p>Lai efekt\u012bvi diagnostic\u0113tu un nov\u0113rstu probl\u0113mas, operatoriem ir j\u0101uztur hidraulisk\u0101s sist\u0113mas darb\u012bbas \u017eurn\u0101ls un j\u0101veic regul\u0101ras p\u0101rbaudes, lai laikus identific\u0113tu iesp\u0113jam\u0101s probl\u0113mas. Prevent\u012bvie pas\u0101kumi var iev\u0113rojami samazin\u0101t probl\u0113mu ra\u0161an\u0101s iesp\u0113jam\u012bbu.<\/p>\n<p><img decoding=\"async\" src=\"https:\/\/www.hydraulic-cylinders.net\/wp-content\/uploads\/2025\/04\/songte-bushings-with-all-kinds-of-excavator-models.webp\" alt=\"Bukses ar ekskavatora mode\u013ciem\" \/><\/p>\n<h2>Uz\u0146\u0113muma p\u0101rskats<\/h2>\n<p>M\u016bsu uz\u0146\u0113mums specializ\u0113jas rezerves hidraulisko cilindru ra\u017eo\u0161an\u0101 un ir k\u013cuvis par vienu no vado\u0161ajiem ra\u017eot\u0101jiem un vairumtirgot\u0101jiem gan viet\u0113j\u0101, gan starptautiskaj\u0101 tirg\u016b. M\u0113s iev\u0113rojam stingrus kvalit\u0101tes standartus, izmantojot progres\u012bvas ra\u017eo\u0161anas strat\u0113\u0123ijas un tehnolo\u0123ijas. M\u016bsu r\u016bpn\u012bca ir apr\u012bkota ar augst\u0101k\u0101s klases digit\u0101laj\u0101m ra\u017eo\u0161anas iek\u0101rt\u0101m un profesion\u0101lu test\u0113\u0161anas sist\u0113mu, nep\u0101rtraukti uzlabojot m\u016bsu ra\u017eo\u0161anas iesp\u0113jas. M\u0113s uzsveram efektivit\u0101ti, precizit\u0101ti un kvalit\u0101ti, lai apmierin\u0101tu m\u016bsu klientu da\u017e\u0101d\u0101s vajadz\u012bbas.<\/p>\n<p><img decoding=\"async\" src=\"https:\/\/www.hydraulic-cylinders.net\/wp-content\/uploads\/2025\/04\/songte-company-4.webp\" alt=\"Uz\u0146\u0113muma p\u0101rskats\" \/><br \/>\n<img decoding=\"async\" src=\"https:\/\/www.hydraulic-cylinders.net\/wp-content\/uploads\/2025\/04\/songte-company-3.webp\" alt=\"Uz\u0146\u0113muma p\u0101rskats\" \/><\/p>\n<p>Papildus m\u016bsu specializ\u0113taj\u0101m ra\u017eo\u0161anas iesp\u0113j\u0101m m\u0113s pied\u0101v\u0101jam piel\u0101gotus pakalpojumus, kas piel\u0101goti konkr\u0113t\u0101m klientu pras\u012bb\u0101m. M\u016bsu ap\u0146em\u0161an\u0101s nodro\u0161in\u0101t kvalit\u0101ti ir atz\u012bta ar starptautiskiem sertifik\u0101tiem, kas nodro\u0161ina, ka m\u016bsu produkti atbilst pasaules standartiem. M\u016bsu p\u0113cp\u0101rdo\u0161anas serviss nodro\u0161ina, ka m\u016bsu klienti sa\u0146em past\u0101v\u012bgu atbalstu, v\u0113l vair\u0101k nostiprinot m\u016bsu reput\u0101ciju nozar\u0113.<\/p>\n<p>Autors: lil<\/p>","protected":false},"excerpt":{"rendered":"<p>Boom Cylinder For Yuchai YC50-8 Product Overview The Boom Cylinder for Yuchai YC50-8 is a specialized hydraulic cylinder designed to control the movement of the bucket in various heavy machinery. These hydraulic cylinders play a crucial role in excavators, backhoes, and front loaders, enabling the bucket to lift, lower, and tilt. This functionality is essential [&hellip;]<\/p>","protected":false},"featured_media":17877,"comment_status":"open","ping_status":"closed","template":"","meta":{"_et_pb_use_builder":"","_et_pb_old_content":"","_et_gb_content_width":""},"product_brand":[],"product_cat":[1546],"product_tag":[1547,1496],"class_list":{"0":"post-19584","1":"product","2":"type-product","3":"status-publish","4":"has-post-thumbnail","6":"product_cat-boom-cylinders","7":"product_tag-boom-cylinders","8":"product_tag-hydraulic-cylinders","10":"first","11":"instock","12":"shipping-taxable","13":"product-type-simple"},"amp_enabled":true,"_links":{"self":[{"href":"https:\/\/www.hydraulic-cylinders.net\/lv\/wp-json\/wp\/v2\/product\/19584","targetHints":{"allow":["GET"]}}],"collection":[{"href":"https:\/\/www.hydraulic-cylinders.net\/lv\/wp-json\/wp\/v2\/product"}],"about":[{"href":"https:\/\/www.hydraulic-cylinders.net\/lv\/wp-json\/wp\/v2\/types\/product"}],"replies":[{"embeddable":true,"href":"https:\/\/www.hydraulic-cylinders.net\/lv\/wp-json\/wp\/v2\/comments?post=19584"}],"wp:featuredmedia":[{"embeddable":true,"href":"https:\/\/www.hydraulic-cylinders.net\/lv\/wp-json\/wp\/v2\/media\/17877"}],"wp:attachment":[{"href":"https:\/\/www.hydraulic-cylinders.net\/lv\/wp-json\/wp\/v2\/media?parent=19584"}],"wp:term":[{"taxonomy":"product_brand","embeddable":true,"href":"https:\/\/www.hydraulic-cylinders.net\/lv\/wp-json\/wp\/v2\/product_brand?post=19584"},{"taxonomy":"product_cat","embeddable":true,"href":"https:\/\/www.hydraulic-cylinders.net\/lv\/wp-json\/wp\/v2\/product_cat?post=19584"},{"taxonomy":"product_tag","embeddable":true,"href":"https:\/\/www.hydraulic-cylinders.net\/lv\/wp-json\/wp\/v2\/product_tag?post=19584"}],"curies":[{"name":"wp","href":"https:\/\/api.w.org\/{rel}","templated":true}]}}