{"id":19586,"date":"2025-04-07T06:56:04","date_gmt":"2025-04-07T06:56:04","guid":{"rendered":"https:\/\/www.hydraulic-cylinders.net\/product\/boom-cylinder-for-yuchai-yc135-8\/"},"modified":"2025-04-07T06:56:07","modified_gmt":"2025-04-07T06:56:07","slug":"boom-cylinder-for-yuchai-yc135-8","status":"publish","type":"product","link":"https:\/\/www.hydraulic-cylinders.net\/lv\/products\/boom-cylinder-for-yuchai-yc135-8\/","title":{"rendered":"Str\u0113les cilindrs Yuchai YC135-8"},"content":{"rendered":"<h1>Str\u0113les cilindrs Yuchai YC135-8<\/h1>\n<h2>Ievads str\u0113les cilindr\u0101<\/h2>\n<p>Str\u0113les cilindrs ir b\u016btiska hidraulisko sist\u0113mu sast\u0101vda\u013ca, \u012bpa\u0161i smagaj\u0101s ma\u0161\u012bn\u0101s, piem\u0113ram, ekskavatoros, iekr\u0101v\u0113jos un front\u0101lajos iekr\u0101v\u0113jos. \u0160is hidrauliskais cilindrs, kas paredz\u0113ts kausa kust\u012bbas vad\u012bbai, \u013cauj pacelt, nolaist un noliekt kausu, efekt\u012bvi atvieglojot materi\u0101lu apstr\u0101des uzdevumus. Kausa cilindrs ir b\u016btisks hidrauliskais cilindrs, kas \u012bpa\u0161i izstr\u0101d\u0101ts \u0161iem pielietojumiem, padarot to par galveno elementu da\u017e\u0101du celtniec\u012bbas un lauksaimniec\u012bbas ma\u0161\u012bnu darb\u012bb\u0101.<\/p>\n<p><img decoding=\"async\" src=\"https:\/\/www.hydraulic-cylinders.net\/wp-content\/uploads\/2025\/04\/songte-company-1.webp\" alt=\"Str\u0113les cilindra att\u0113ls\" \/><\/p>\n<h3>Kausa cilindra funkcija un pielietojums<\/h3>\n<p>Kausa cilindriem ir iz\u0161\u0137iro\u0161a noz\u012bme smago iek\u0101rtu hidrauliskaj\u0101s sist\u0113m\u0101s. Tie nodro\u0161ina nepiecie\u0161amo jaudu materi\u0101lu pacel\u0161anai un manipul\u0113\u0161anai, garant\u0113jot tehnikas vienm\u0113r\u012bgu darb\u012bbu. Neatkar\u012bgi no t\u0101, vai tos izmanto b\u016bvniec\u012bb\u0101, lauksaimniec\u012bb\u0101 vai ieguves r\u016bpniec\u012bb\u0101, kausa cilindri ir paredz\u0113ti, lai iztur\u0113tu augstu spiedienu un ekstrem\u0101lus apst\u0101k\u013cus, padarot tos neaizst\u0101jamus da\u017e\u0101d\u0101s nozar\u0113s.<\/p>\n<h2>Yuchai YC135-8 str\u0113les cilindra \u012bpa\u0161\u012bbas<\/h2>\n<ul>\n<li><strong>Augsta iztur\u012bba un ilgm\u016b\u017e\u012bba:<\/strong> \u0160ie cilindri ir izgatavoti no augstas stipr\u012bbas t\u0113rauda vai alum\u012bnija, un tie var iztur\u0113t augstu spiedienu un lielas slodzes, t\u0101p\u0113c ir piem\u0113roti skarbajiem darba apst\u0101k\u013ciem.<\/li>\n<li><strong>Efekt\u012bva hidraulisk\u0101 darb\u012bba:<\/strong> Cilindrs izmanto hidraulisk\u0101s e\u013c\u013cas spiedienu, lai nodro\u0161in\u0101tu vienm\u0113r\u012bgu izstiep\u0161anu un ievilk\u0161anu, \u013caujot \u0101tri rea\u0123\u0113t uz darb\u012bbas komand\u0101m.<\/li>\n<li><strong>Veidu da\u017e\u0101d\u012bba:<\/strong> Pieejamie varianti ietver vienk\u0101r\u0161as darb\u012bbas cilindrus (darbojas vien\u0101 virzien\u0101) un divk\u0101r\u0161as darb\u012bbas cilindrus (darbojas abos virzienos), kas atbilst da\u017e\u0101d\u0101m ekspluat\u0101cijas vajadz\u012bb\u0101m.<\/li>\n<li><strong>Teleskopiskie mode\u013ci:<\/strong> Da\u017ei mode\u013ci ir konstru\u0113ti k\u0101 teleskopiski, kas \u013cauj tos pagarin\u0101t, nepalielinot \u0101r\u0113jos izm\u0113rus, kas ir ide\u0101li piem\u0113rots ierobe\u017eotas telpas lietojumprogramm\u0101m.<\/li>\n<li><strong>Korozijas un nodilumiztur\u012bba:<\/strong> \u012apa\u0161i izstr\u0101d\u0101ts, lai iztur\u0113tu pret nodilumu un koroziju, pagarinot produkta kalpo\u0161anas laiku.<\/li>\n<\/ul>\n<p>M\u0113s ra\u017eojam \u0161o produktu, nodro\u0161inot perfektu da\u017e\u0101du hidraulisko cilindru aizvieto\u0161anu.<\/p>\n<p><img decoding=\"async\" src=\"https:\/\/www.hydraulic-cylinders.net\/wp-content\/uploads\/2025\/04\/songte-cylinder-head-with-all-kinds-excavator-models.webp\" alt=\"Ekskavatoru mode\u013ci\" \/><\/p>\n<h2>Str\u0113les cilindra pielietojums<\/h2>\n<h3>Celtniec\u012bbas apr\u012bkojums<\/h3>\n<p>Ekskavatoros str\u0113les cilindri ir svar\u012bgi rak\u0161anai, iekrau\u0161anai un augsnes vai gru\u017eu p\u0101rvieto\u0161anai. Tie \u013cauj kausam vai kausam ierakties zem\u0113 un pacelt smagas kravas. \u0160o cilindru konstrukcija un jauda padara tos iz\u0161\u0137iro\u0161us gan rak\u0161anas, gan cel\u0161anas darbos b\u016bvlaukumos.<\/p>\n<h3>Lauksaimniec\u012bbas tehnika<\/h3>\n<p>\u0160ie cilindri, ko izmanto front\u0101lajos iekr\u0101v\u0113jos, pal\u012bdz sav\u0101kt, pacelt un transport\u0113t augsni, sienu un citus materi\u0101lus. To sp\u0113ja tikt gal\u0101 ar smag\u0101m krav\u0101m \u013cauj lauksaimniekiem efekt\u012bvi veikt uzdevumus, uzlabojot produktivit\u0101ti saimniec\u012bb\u0101.<\/p>\n<h3>Ekskavatori<\/h3>\n<p>Ekskavatoros str\u0113les cilindrs \u013cauj kausam iek\u013c\u016bt augsn\u0113, atvieglojot rak\u0161anas darbus. T\u0101 iztur\u012bg\u0101 konstrukcija nodro\u0161ina, ka tas var iztur\u0113t rak\u0161anas laik\u0101 radu\u0161os sp\u0113kus, padarot to par uzticamu izv\u0113li b\u016bvniec\u012bbas un zemes p\u0101rvieto\u0161anas darbiem.<\/p>\n<h3>Iekr\u0101v\u0113ji<\/h3>\n<p>Front\u0101lajos iekr\u0101v\u0113jos str\u0113les cilindri pal\u012bdz efekt\u012bvi pacelt un izg\u0101zt materi\u0101lus. To hidrauliskais meh\u0101nisms nodro\u0161ina nepiecie\u0161amo iztur\u012bbu da\u017e\u0101du kravu apstr\u0101dei, uzlabojot darb\u012bbas efektivit\u0101ti iekrau\u0161anas darbos.<\/p>\n<h2>Dizaina apsv\u0113rumi un atlases krit\u0113riji<\/h2>\n<h3>Kravnes\u012bba<\/h3>\n<p>Izv\u0113loties str\u0113les cilindru, ir svar\u012bgi izprast t\u0101 kravnes\u012bbu. Cilindra konstrukcijai ir j\u0101iztur maksim\u0101l\u0101 slodze, ko tas var iztur\u0113t, nodro\u0161inot dro\u0161\u012bbu un darb\u012bbas efektivit\u0101ti. Ir svar\u012bgi izv\u0113l\u0113ties produktu, kas ne tikai atbilst nepiecie\u0161amaj\u0101m specifik\u0101cij\u0101m, bet ar\u012b pied\u0101v\u0101 rezervi negaid\u012bt\u0101m slodz\u0113m, samazinot boj\u0101jumu risku lieto\u0161anas laik\u0101.<\/p>\n<h3>Bl\u012bv\u0113\u0161anas pras\u012bbas<\/h3>\n<p>Efekt\u012bva bl\u012bv\u0113\u0161ana ir \u013coti svar\u012bga hidraulisk\u0101 spiediena uztur\u0113\u0161anai un nopl\u016b\u017eu nov\u0113r\u0161anai. Bl\u012bv\u0113jumu, piem\u0113ram, virzu\u013ca bl\u012bv\u0113jumu un stie\u0146a bl\u012bv\u0113jumu, izv\u0113le j\u0101veic, izmantojot augstas kvalit\u0101tes materi\u0101lus, kas var iztur\u0113t darba vidi. Pareiza bl\u012bv\u0113\u0161ana nodro\u0161ina hidraulisk\u0101 \u0161\u0137idruma notur\u0113\u0161anu, optimiz\u0113jot veiktsp\u0113ju un pagarinot cilindra kalpo\u0161anas laiku.<\/p>\n<h3>Iztur\u012bba<\/h3>\n<p>Iztur\u012bba ir galvenais faktors str\u0113les cilindru konstrukcij\u0101. Tiem j\u0101iztur skarbi apst\u0101k\u013ci, tostarp ekstrem\u0101las temperat\u016bras un abraz\u012bvi materi\u0101li. Izv\u0113loties materi\u0101lus, kas ir iztur\u012bgi pret nodilumu un koroziju, piem\u0113ram, specializ\u0113tus p\u0101rkl\u0101jumus vai apstr\u0101di, var iev\u0113rojami palielin\u0101t cilindra kalpo\u0161anas laiku.<\/p>\n<h3>Dro\u0161\u012bbas funkcijas<\/h3>\n<p>Projekt\u0113\u0161anas posm\u0101 priek\u0161pl\u0101n\u0101 j\u0101b\u016bt dro\u0161\u012bbas apsv\u0113rumiem. T\u0101du funkciju k\u0101 spiediena samazin\u0101\u0161anas v\u0101rstu un p\u0101rslodzes aizsardz\u012bbas iek\u013cau\u0161ana var pal\u012bdz\u0113t nov\u0113rst katastrof\u0101las k\u013c\u016bmes. Ir svar\u012bgi nodro\u0161in\u0101t, lai hidraulisk\u0101 sist\u0113ma b\u016btu apr\u012bkota ar nepiecie\u0161amajiem dro\u0161\u012bbas pas\u0101kumiem, lai aizsarg\u0101tu gan operatorus, gan ma\u0161\u012bnas.<\/p>\n<h3>Apkopes apsv\u0113rumi<\/h3>\n<p>V\u0113l viens svar\u012bgs konstrukcijas aspekts ir viegla apkope. Baloniem j\u0101b\u016bt konstru\u0113tiem t\u0101, lai b\u016btu viegli piek\u013c\u016bt bl\u012bv\u0113m, piesl\u0113gviet\u0101m un cit\u0101m sast\u0101vda\u013c\u0101m, kur\u0101m var b\u016bt nepiecie\u0161ama regul\u0101ra apkope. Apkopes proced\u016bru vienk\u0101r\u0161o\u0161ana nodro\u0161ina, ka operatori var uztur\u0113t apr\u012bkojumu optim\u0101l\u0101 st\u0101vokl\u012b ar minim\u0101lu d\u012bkst\u0101vi.<\/p>\n<p><img decoding=\"async\" src=\"https:\/\/www.hydraulic-cylinders.net\/wp-content\/uploads\/2025\/04\/songte-oil-pipes-and-spare-parts.webp\" alt=\"Hidraulisk\u0101s sast\u0101vda\u013cas\" \/><\/p>\n<h2>Str\u0113les cilindra bl\u012bv\u0113\u0161ana un e\u013c\u013co\u0161ana<\/h2>\n<p>Efekt\u012bva bl\u012bv\u0113\u0161ana un e\u013c\u013co\u0161ana ir \u013coti svar\u012bga str\u0113les cilindru darb\u012bbai. Lai nodro\u0161in\u0101tu hidraulisk\u0101s sist\u0113mas integrit\u0101ti, tiek izmantoti da\u017e\u0101di bl\u012bv\u0113\u0161anas elementi, piem\u0113ram, virzu\u013ca bl\u012bves un stie\u0146a bl\u012bves. No poliuret\u0101na vai nitrila gumijas izgatavotie bl\u012bv\u0113jumi nodro\u0161ina izcilu nodilumiztur\u012bbu, kas ir \u013coti svar\u012bgi darb\u012bbas efektivit\u0101tes uztur\u0113\u0161anai.<\/p>\n<p>Cilindra korpuss un v\u012bt\u0146otie gali ir r\u016bp\u012bgi j\u0101apstr\u0101d\u0101, lai uzlabotu nodilumiztur\u012bbu. Regul\u0101ra e\u013c\u013co\u0161ana ar hidraulisko e\u013c\u013cu ir b\u016btiska, lai samazin\u0101tu berzi un nodilumu starp kust\u012bgaj\u0101m da\u013c\u0101m. Regul\u0101ras e\u013c\u013co\u0161anas l\u012bme\u0146a p\u0101rbaudes un uztur\u0113\u0161anas re\u017e\u012bma ievie\u0161ana var iev\u0113rojami pagarin\u0101t cilindra kalpo\u0161anas laiku.<\/p>\n<h2>Prevent\u012bvie apkopes pas\u0101kumi<\/h2>\n<ul>\n<li><strong>Regul\u0101ras p\u0101rbaudes:<\/strong> Regul\u0101ru p\u0101rbau\u017eu veik\u0161ana, lai identific\u0113tu jebk\u0101das nodiluma vai boj\u0101jumu paz\u012bmes, var nov\u0113rst negaid\u012btus boj\u0101jumus.<\/li>\n<li><strong>Pareiza e\u013c\u013co\u0161ana:<\/strong> Nodro\u0161inot, ka kust\u012bg\u0101s da\u013cas ir pien\u0101c\u012bgi iee\u013c\u013cotas, tiek samazin\u0101ta berze un pagarin\u0101ts cilindra kalpo\u0161anas laiks.<\/li>\n<li><strong>Bl\u012bv\u0113juma nomai\u0146a:<\/strong> Regul\u0101ra bl\u012bv\u0113jumu p\u0101rbaude un nomai\u0146a p\u0113c nepiecie\u0161am\u012bbas var nov\u0113rst hidraulisk\u0101s nopl\u016bdes un uztur\u0113t sist\u0113mas efektivit\u0101ti.<\/li>\n<\/ul>\n<h2>Uzst\u0101d\u012b\u0161anas vadl\u012bnijas<\/h2>\n<p>Pareiza str\u0113les cilindra uzst\u0101d\u012b\u0161ana ir \u013coti svar\u012bga t\u0101 veiktsp\u0113jai un ilgm\u016b\u017e\u012bbai. Vispirms p\u0101rliecinieties, vai visas sast\u0101vda\u013cas ir t\u012bras un bez pies\u0101r\u0146ojuma. Pareizi izl\u012bdziniet cilindru ar stiprin\u0101juma punktiem, izmantojot atbilsto\u0161us izl\u012bdzin\u0101\u0161anas instrumentus, lai izvair\u012btos no p\u0101rm\u0113r\u012bgas slodzes uz cilindru. Nostipriniet cilindru, izmantojot atbilsto\u0161us stiprin\u0101juma kron\u0161teinus, lai nodro\u0161in\u0101tu stabilit\u0101ti darb\u012bbas laik\u0101.<\/p>\n<p>P\u0113c uzst\u0101d\u012b\u0161anas p\u0101rbaudiet, vai nav nopl\u016b\u017eu vai nepareizas izl\u012bdzin\u0101\u0161anas paz\u012bmju. Pirms iek\u0101rtas atk\u0101rtotas nodo\u0161anas ekspluat\u0101cij\u0101 ir \u013coti svar\u012bgi veikt r\u016bp\u012bgu p\u0101rbaudi, lai p\u0101rliecin\u0101tos, ka visas funkcijas darbojas nevainojami. Ra\u017eot\u0101ja nor\u0101d\u012bjumu un ieteikumu iev\u0113ro\u0161ana nodro\u0161in\u0101s hidraulisk\u0101 cilindra dro\u0161u un efekt\u012bvu lieto\u0161anu.<\/p>\n<h2>Bie\u017ei sastopamie apkopes uzdevumi<\/h2>\n<h3>Regul\u0101ras p\u0101rbaudes<\/h3>\n<p>Regul\u0101ras p\u0101rbaudes \u013cauj operatoriem identific\u0113t potenci\u0101l\u0101s probl\u0113mas, pirms t\u0101s saasin\u0101s. Hidraulisko savienojumu, bl\u012bv\u0113jumu un cilindru visp\u0101r\u0113j\u0101 st\u0101vok\u013ca p\u0101rbaude pal\u012bdz uztur\u0113t iek\u0101rtu uzticam\u012bbu. Operatoriem j\u0101b\u016bt apm\u0101c\u012btiem atpaz\u012bt nodiluma paz\u012bmes, piem\u0113ram, skr\u0101p\u0113jumus vai nopl\u016bdes, un veikt atbilsto\u0161as \u200b\u200bdarb\u012bbas.<\/p>\n<h3>Pareiza e\u013c\u013co\u0161ana<\/h3>\n<p>Atbilsto\u0161a e\u013c\u013co\u0161anas l\u012bme\u0146a uztur\u0113\u0161ana ir \u013coti svar\u012bga netrauc\u0113tai darb\u012bbai. Regul\u0101ra hidraulisk\u0101s e\u013c\u013cas p\u0101rbaude un papildin\u0101\u0161ana nodro\u0161ina cilindra kust\u012bgo da\u013cu efekt\u012bvu darb\u012bbu. Operatoriem j\u0101iev\u0113ro ieteicamais e\u013c\u013co\u0161anas grafiks, lai nov\u0113rstu p\u0101rm\u0113r\u012bgu nodilumu un pagarin\u0101tu iek\u0101rtas kalpo\u0161anas laiku.<\/p>\n<h3>Bl\u012bvju nomai\u0146as un kalibr\u0113\u0161anas p\u0101rbaudes<\/h3>\n<p>Regul\u0101ra bl\u012bv\u0113jumu nomai\u0146a var nov\u0113rst hidraulisk\u0101s nopl\u016bdes, saglab\u0101jot sist\u0113mas integrit\u0101ti. Turkl\u0101t kalibr\u0113\u0161anas p\u0101rbau\u017eu veik\u0161ana nodro\u0161ina, ka cilindrs darbojas atbilsto\u0161i paredz\u0113taj\u0101m specifik\u0101cij\u0101m, uzlabojot kop\u0113jo veiktsp\u0113ju. Operatoriem ir j\u0101saprot savlaic\u012bgas apkopes noz\u012bme, lai mazin\u0101tu iesp\u0113jamos boj\u0101jumus.<\/p>\n<p><img decoding=\"async\" src=\"https:\/\/www.hydraulic-cylinders.net\/wp-content\/uploads\/2025\/04\/songte-chushion-collar.webp\" alt=\"Spilvenu apkakle\" \/><\/p>\n<h2>Dro\u0161\u012bbas apsv\u0113rumi un vides faktori<\/h2>\n<p>Dro\u0161\u012bbas pas\u0101kumu ievie\u0161ana, lietojot hidrauliskos cilindrus, ir kritiski svar\u012bga. Operatoriem j\u0101b\u016bt apm\u0101c\u012btiem par pareizu apr\u012bkojuma lieto\u0161anu, lai izvair\u012btos no negad\u012bjumiem. Regul\u0101ras dro\u0161\u012bbas p\u0101rbaudes un dro\u0161\u012bbas protokolu iev\u0113ro\u0161ana ir b\u016btiska, lai nodro\u0161in\u0101tu dro\u0161u darba vidi. Turkl\u0101t ir svar\u012bgi \u0146emt v\u0113r\u0101 hidraulisko sist\u0113mu ietekmi uz vidi, piem\u0113ram, nodro\u0161inot pareizu hidraulisko \u0161\u0137idrumu utiliz\u0101ciju, lai nov\u0113rstu pies\u0101r\u0146ojumu.<\/p>\n<h2>K\u013c\u016bmju diagnostika un bie\u017e\u0101k sastopam\u0101s probl\u0113mas<\/h2>\n<h3>Bie\u017ei sastopamas probl\u0113mas<\/h3>\n<ul>\n<li><strong>Hidraulisk\u0101s nopl\u016bdes:<\/strong> Bie\u017ei vien to izraisa nolietotas bl\u012bves vai boj\u0101tas \u0161\u013c\u016btenes, kas samazina veiktsp\u0113ju.<\/li>\n<li><strong>Samazin\u0101ta kust\u012bba:<\/strong> Var liecin\u0101t par iek\u0161\u0113jiem boj\u0101jumiem vai nepietiekamu hidraulisk\u0101 \u0161\u0137idruma l\u012bmeni.<\/li>\n<li><strong>Neparastas ska\u0146as:<\/strong> Sl\u012bp\u0113\u0161anas vai klauv\u0113\u0161anas ska\u0146as var liecin\u0101t par meh\u0101nisk\u0101m probl\u0113m\u0101m cilindr\u0101.<\/li>\n<\/ul>\n<h3>Diagnoze un probl\u0113mu nov\u0113r\u0161ana<\/h3>\n<p>Lai efekt\u012bvi diagnostic\u0113tu probl\u0113mas, operatoriem j\u0101veic vizu\u0101las p\u0101rbaudes un j\u0101uzrauga veiktsp\u0113jas parametri. Nopl\u016b\u017eu gad\u012bjum\u0101 visu savienojumu un bl\u012bv\u0113jumu p\u0101rbaude var pal\u012bdz\u0113t noteikt to c\u0113loni. Ja kust\u012bba ir samazin\u0101ta, probl\u0113mu var atrisin\u0101t, p\u0101rbaudot \u0161\u0137idruma l\u012bmeni un mekl\u0113jot aizsprostojumus hidrauliskaj\u0101s l\u012bnij\u0101s. Neparastu trok\u0161\u0146u gad\u012bjum\u0101 ir nepiecie\u0161ama r\u016bp\u012bga iek\u0161\u0113jo komponentu p\u0101rbaude.<\/p>\n<h3>Prevent\u012bvie pas\u0101kumi<\/h3>\n<p>Prevent\u012bvu pas\u0101kumu, piem\u0113ram, regul\u0101ras apkopes un p\u0101rbau\u017eu, ievie\u0161ana var samazin\u0101t \u0161o probl\u0113mu risku. Operatoru apm\u0101c\u012bba atpaz\u012bt probl\u0113mu agr\u012bnas paz\u012bmes un nekav\u0113joties r\u012bkoties var iev\u0113rojami samazin\u0101t d\u012bkst\u0101ves laiku un remonta izmaksas.<\/p>\n<p><img decoding=\"async\" src=\"https:\/\/www.hydraulic-cylinders.net\/wp-content\/uploads\/2025\/04\/songte-bushings-with-all-kinds-of-excavator-models.webp\" alt=\"Bukses\" \/><\/p>\n<h2>Uz\u0146\u0113muma p\u0101rskats<\/h2>\n<p>M\u0113s esam vado\u0161ais rezerves hidraulisko cilindru ra\u017eot\u0101js, kas pied\u0101v\u0101 pla\u0161u produktu kl\u0101stu viet\u0113jam un starptautiskajam tirgum. M\u016bsu ap\u0146em\u0161an\u0101s sasniegt izcil\u012bbu ir padar\u012bjusi m\u016bs par l\u012bderiem hidraulisko cilindru ra\u017eo\u0161an\u0101 un vairumtirdzniec\u012bb\u0101. M\u0113s iev\u0113rojam augstus kvalit\u0101tes standartus un izmantojam izsmalcin\u0101tas ra\u017eo\u0161anas strat\u0113\u0123ijas.<\/p>\n<p>Ar sp\u0113c\u012bgu uzsvaru uz tehnolo\u0123ij\u0101m un inov\u0101cij\u0101m, m\u016bsu kvalific\u0113tais darbasp\u0113ks, modernas ra\u017eo\u0161anas iek\u0101rtas un profesion\u0101l\u0101s test\u0113\u0161anas sist\u0113mas nep\u0101rtraukti uzlabo m\u016bsu ra\u017eo\u0161anas iesp\u0113jas. M\u0113s lepojamies ar efektivit\u0101ti, precizit\u0101ti un kvalit\u0101ti, kas ir piel\u0101gota m\u016bsu klientu da\u017e\u0101daj\u0101m vajadz\u012bb\u0101m.<\/p>\n<p><img decoding=\"async\" src=\"https:\/\/www.hydraulic-cylinders.net\/wp-content\/uploads\/2025\/04\/songte-company-4.webp\" alt=\"Uz\u0146\u0113muma t\u0113ls\" \/><br \/>\n<img decoding=\"async\" src=\"https:\/\/www.hydraulic-cylinders.net\/wp-content\/uploads\/2025\/04\/songte-company-3.webp\" alt=\"Uz\u0146\u0113muma t\u0113ls\" \/><\/p>\n<p>M\u016bsu specializ\u0101cija ietver starptautiskus sertifik\u0101tus, piel\u0101gotus pakalpojumus, lai apmierin\u0101tu \u012bpa\u0161as klientu pras\u012bbas, modern\u0101k\u0101s ra\u017eo\u0161anas iek\u0101rtas un izcilu p\u0113cp\u0101rdo\u0161anas atbalstu.<\/p>\n<p>Autors: lil<\/p>","protected":false},"excerpt":{"rendered":"<p>Boom Cylinder For Yuchai YC135-8 Introduction to Boom Cylinder The Boom Cylinder is a vital component in hydraulic systems, especially in heavy machinery such as excavators, backhoe loaders, and front loaders. Designed to control the movement of a bucket, this hydraulic cylinder enables the raising, lowering, and tilting of the bucket, facilitating material handling tasks [&hellip;]<\/p>","protected":false},"featured_media":17879,"comment_status":"open","ping_status":"closed","template":"","meta":{"_et_pb_use_builder":"","_et_pb_old_content":"","_et_gb_content_width":""},"product_brand":[],"product_cat":[1546],"product_tag":[1547,1496],"class_list":{"0":"post-19586","1":"product","2":"type-product","3":"status-publish","4":"has-post-thumbnail","6":"product_cat-boom-cylinders","7":"product_tag-boom-cylinders","8":"product_tag-hydraulic-cylinders","10":"first","11":"instock","12":"shipping-taxable","13":"product-type-simple"},"amp_enabled":true,"_links":{"self":[{"href":"https:\/\/www.hydraulic-cylinders.net\/lv\/wp-json\/wp\/v2\/product\/19586","targetHints":{"allow":["GET"]}}],"collection":[{"href":"https:\/\/www.hydraulic-cylinders.net\/lv\/wp-json\/wp\/v2\/product"}],"about":[{"href":"https:\/\/www.hydraulic-cylinders.net\/lv\/wp-json\/wp\/v2\/types\/product"}],"replies":[{"embeddable":true,"href":"https:\/\/www.hydraulic-cylinders.net\/lv\/wp-json\/wp\/v2\/comments?post=19586"}],"wp:featuredmedia":[{"embeddable":true,"href":"https:\/\/www.hydraulic-cylinders.net\/lv\/wp-json\/wp\/v2\/media\/17879"}],"wp:attachment":[{"href":"https:\/\/www.hydraulic-cylinders.net\/lv\/wp-json\/wp\/v2\/media?parent=19586"}],"wp:term":[{"taxonomy":"product_brand","embeddable":true,"href":"https:\/\/www.hydraulic-cylinders.net\/lv\/wp-json\/wp\/v2\/product_brand?post=19586"},{"taxonomy":"product_cat","embeddable":true,"href":"https:\/\/www.hydraulic-cylinders.net\/lv\/wp-json\/wp\/v2\/product_cat?post=19586"},{"taxonomy":"product_tag","embeddable":true,"href":"https:\/\/www.hydraulic-cylinders.net\/lv\/wp-json\/wp\/v2\/product_tag?post=19586"}],"curies":[{"name":"wp","href":"https:\/\/api.w.org\/{rel}","templated":true}]}}