{"id":19589,"date":"2025-04-07T06:56:12","date_gmt":"2025-04-07T06:56:12","guid":{"rendered":"https:\/\/www.hydraulic-cylinders.net\/product\/boom-cylinder-for-yangong-yg70c\/"},"modified":"2025-04-07T06:56:14","modified_gmt":"2025-04-07T06:56:14","slug":"boom-cylinder-for-yangong-yg70c","status":"publish","type":"product","link":"https:\/\/www.hydraulic-cylinders.net\/lv\/products\/boom-cylinder-for-yangong-yg70c\/","title":{"rendered":"Str\u0113les cilindrs Yangong YG70C"},"content":{"rendered":"<h1>Str\u0113les cilindrs Yangong YG70C<\/h1>\n<h2>Ievads str\u0113les cilindr\u0101<\/h2>\n<p>Yangong YG70C str\u0113les cilindrs ir specializ\u0113ta hidrauliska sast\u0101vda\u013ca, kas paredz\u0113ta kausu kust\u012bbas p\u0101rvald\u012bbai da\u017e\u0101d\u0101s smagaj\u0101s ma\u0161\u012bn\u0101s, tostarp ekskavatoros, ekskavatoru-iekr\u0101v\u0113jos un front\u0101lajos iekr\u0101v\u0113jos. \u0160ie cilindri atvieglo kausa pacel\u0161anu, nolai\u0161anu un noliek\u0161anu, padarot tos neaizst\u0101jamus materi\u0101lu apstr\u0101des darbos b\u016bvniec\u012bb\u0101, lauksaimniec\u012bb\u0101 un cit\u0101s r\u016bpniecisk\u0101s lietojumprogramm\u0101s.<\/p>\n<p><img decoding=\"async\" src=\"https:\/\/www.hydraulic-cylinders.net\/wp-content\/uploads\/2025\/04\/songte-company-1.webp\" alt=\"Str\u0113les cilindrs\" \/><\/p>\n<h3>Defin\u012bcija un p\u0101rskats<\/h3>\n<p>Str\u0113les cilindri ir hidrauliskie cilindri, ko galvenok\u0101rt izmanto smagaj\u0101s ma\u0161\u012bn\u0101s, lai kontrol\u0113tu kausa kust\u012bbas. Tiem ir iz\u0161\u0137iro\u0161a noz\u012bme hidrauliskaj\u0101s sist\u0113m\u0101s, p\u0101rveidojot hidraulisko spiedienu meh\u0101nisk\u0101 darb\u0101. Hidraulisk\u0101 \u0161\u0137idruma spiediens nodro\u0161ina vienm\u0113r\u012bgu un kontrol\u0113tu darb\u012bbu, \u013caujot iek\u0101rtai veikt prec\u012bzus uzdevumus, piem\u0113ram, rak\u0161anu, kravu cel\u0161anu un materi\u0101lu efekt\u012bvu izg\u0101\u0161anu.<\/p>\n<h2>Str\u0113les cilindra \u012bpa\u0161\u012bbas<\/h2>\n<ul>\n<li><strong>Augsta iztur\u012bba un ilgm\u016b\u017e\u012bba:<\/strong> \u0160ie cilindri, kas izgatavoti no augstas stipr\u012bbas t\u0113rauda vai alum\u012bnija, var iztur\u0113t augstu spiedienu un lielas slodzes, padarot tos piem\u0113rotus skarbiem darba apst\u0101k\u013ciem.<\/li>\n<li><strong>Efekt\u012bva hidraulisk\u0101 darb\u012bba:<\/strong> Izmantojot hidraulisk\u0101s e\u013c\u013cas spiedienu, tie nodro\u0161ina vienm\u0113r\u012bgu izvirz\u012b\u0161anu un ievilk\u0161anu, rea\u0123\u0113jot uz vad\u012bbas komand\u0101m un radot iev\u0113rojamu stum\u0161anas un vilk\u0161anas sp\u0113ku.<\/li>\n<li><strong>Da\u017e\u0101di veidi:<\/strong> Pieejams vienk\u0101r\u0161\u0101s darb\u012bbas (izmantojot hidraulisko spiedienu vien\u0101 virzien\u0101) vai divk\u0101r\u0161\u0101s darb\u012bbas (izmantojot hidraulisko spiedienu abos virzienos) konstrukcij\u0101s, piel\u0101gojoties da\u017e\u0101d\u0101m ekspluat\u0101cijas vajadz\u012bb\u0101m.<\/li>\n<li><strong>Vietu taupo\u0161s dizains:<\/strong> Da\u017eiem mode\u013ciem ir teleskopiska konstrukcija, kas nodro\u0161ina liel\u0101ku pagarin\u0101jumu, nepalielinot \u0101r\u0113jos izm\u0113rus, kas ir ide\u0101li piem\u0113rots ierobe\u017eot\u0101m lietojumprogramm\u0101m.<\/li>\n<li><strong>Pla\u0161as piel\u0101go\u0161anas iesp\u0113jas:<\/strong> M\u016bsu produkti var lieliski aizst\u0101t da\u017e\u0101dus hidrauliskos cilindrus, kas ir piel\u0101goti konkr\u0113t\u0101m tehnikas pras\u012bb\u0101m.<\/li>\n<\/ul>\n<p><img decoding=\"async\" src=\"https:\/\/www.hydraulic-cylinders.net\/wp-content\/uploads\/2025\/04\/songte-cylinder-head-with-all-kinds-excavator-models.webp\" alt=\"Hidraulisk\u0101 cilindra nomai\u0146a\" \/><\/p>\n<h2>Str\u0113les cilindra pielietojumi<\/h2>\n<h3>Celtniec\u012bbas apr\u012bkojums<\/h3>\n<p>Ekskavatoros str\u0113les cilindri ir vit\u0101li svar\u012bgi rak\u0161anai, iekrau\u0161anai un augsnes vai gru\u017eu p\u0101rvieto\u0161anai. Tie nodro\u0161ina, ka kauss var efekt\u012bvi iek\u013c\u016bt zem\u0113, uzlabojot darb\u012bbas efektivit\u0101ti.<\/p>\n<h3>Lauksaimniec\u012bbas tehnika<\/h3>\n<p>Front\u0101lajiem iekr\u0101v\u0113jiem str\u0113les cilindri tiek izmantoti augsnes, siena un da\u017e\u0101du materi\u0101lu sav\u0101k\u0161anai, pacel\u0161anai un transport\u0113\u0161anai, iev\u0113rojami uzlabojot produktivit\u0101ti lauksaimniec\u012bbas darbos.<\/p>\n<h3>Ekskavatori<\/h3>\n<p>Ekskavatoros str\u0113les cilindrs \u013cauj kausam iek\u013c\u016bt augsn\u0113, padarot to par b\u016btisku rak\u0161anas darbos, nodro\u0161inot prec\u012bzu rak\u0161anas dzi\u013cuma un le\u0146\u0137a kontroli.<\/p>\n<h3>Iekr\u0101v\u0113ji<\/h3>\n<p>Front\u0101lajos iekr\u0101v\u0113jos str\u0113les cilindri pal\u012bdz efekt\u012bvi pacelt un izkraut kravas, optimiz\u0113jot darbpl\u016bsmu materi\u0101lu apstr\u0101des un transport\u0113\u0161anas uzdevumos.<\/p>\n<h2>Dizaina apsv\u0113rumi un atlases krit\u0113riji<\/h2>\n<h3>Kravnes\u012bba<\/h3>\n<p>Izv\u0113loties str\u0113les cilindru, ir \u013coti svar\u012bgi nov\u0113rt\u0113t t\u0101 kravnes\u012bbu. Cilindram j\u0101sp\u0113j iztur\u0113t maksim\u0101lo paredzamo slodzi darb\u012bbas laik\u0101, lai nov\u0113rstu boj\u0101jumus un nodro\u0161in\u0101tu dro\u0161\u012bbu. Maksim\u0101l\u0101s slodzes apr\u0113\u0137in\u0101\u0161an\u0101 j\u0101\u0146em v\u0113r\u0101 ne tikai p\u0101rvietojamo materi\u0101lu svars, bet ar\u012b t\u0101di faktori k\u0101 darb\u012bbas le\u0146\u0137is un tehnikas kop\u0113j\u0101 celtsp\u0113ja. Liel\u0101ka kravnes\u012bba nodro\u0161ina liel\u0101ku darb\u012bbas daudzpus\u012bbu un var iev\u0113rojami uzlabot produktivit\u0101ti sare\u017e\u0123\u012btos apst\u0101k\u013cos.<\/p>\n<h3>Bl\u012bv\u0113\u0161anas sist\u0113mas<\/h3>\n<p>Pareiza bl\u012bv\u0113\u0161ana ir b\u016btiska hidraulisko cilindru efekt\u012bvai darb\u012bbai. Augstas kvalit\u0101tes bl\u012bv\u0113jumi nov\u0113r\u0161 hidraulisk\u0101 \u0161\u0137idruma nopl\u016bdi, kas ir \u013coti svar\u012bgi spiediena uztur\u0113\u0161anai sist\u0113m\u0101. Labi izstr\u0101d\u0101ta bl\u012bv\u0113\u0161anas sist\u0113ma sast\u0101v\u0113s no vair\u0101k\u0101m sast\u0101vda\u013c\u0101m, tostarp virzu\u013ca bl\u012bv\u0113jumiem un stie\u0146a bl\u012bv\u0113jumiem, kas izgatavoti no iztur\u012bgiem materi\u0101liem, piem\u0113ram, poliuret\u0101na vai nitrila gumijas, kas paz\u012bstama ar savu nodilumiztur\u012bbu. Regul\u0101ra bl\u012bv\u0113jumu apkope un savlaic\u012bga nomai\u0146a var iev\u0113rojami samazin\u0101t d\u012bkst\u0101ves laiku un apkopes izmaksas, nodro\u0161inot hidraulisk\u0101s sist\u0113mas ilgm\u016b\u017e\u012bbu.<\/p>\n<h3>Iztur\u012bba un iztur\u012bba pret koroziju<\/h3>\n<p>Iztur\u012bba ir galvenais faktors str\u0113les cilindru konstrukcij\u0101, \u012bpa\u0161i, ja tos izmanto skarbos apst\u0101k\u013cos. Izv\u0113loties materi\u0101lus, kas ir iztur\u012bgi pret nodilumu un koroziju, tiek pagarin\u0101ts cilindra kalpo\u0161anas laiks. Parasti tiek izmantoti augstas stipr\u012bbas t\u0113raudi un alum\u012bnija sakaus\u0113jumi, kas bie\u017ei tiek apstr\u0101d\u0101ti vai p\u0101rkl\u0101ti papildu aizsardz\u012bbai. Turkl\u0101t p\u0101rdom\u0101ti dizaina apsv\u0113rumi, piem\u0113ram, aizsargp\u0101rkl\u0101jumi vai aizsargp\u0101rkl\u0101jumi, var pasarg\u0101t cilindru no vides faktoriem, v\u0113l vair\u0101k uzlabojot t\u0101 iztur\u012bbu un nodro\u0161inot nemain\u012bgu veiktsp\u0113ju.<\/p>\n<h3>Dro\u0161\u012bbas funkcijas<\/h3>\n<p>Dro\u0161\u012bba ir \u0101rk\u0101rt\u012bgi svar\u012bga hidraulisko cilindru projekt\u0113\u0161an\u0101. T\u0101du funkciju k\u0101 spiediena samazin\u0101\u0161anas v\u0101rstu iek\u013cau\u0161ana pal\u012bdz nov\u0113rst sist\u0113mas p\u0101rslodzi, kas var izrais\u012bt katastrof\u0101las k\u013c\u016bmes. Turkl\u0101t stabila in\u017eeniertehnisk\u0101 prakse nodro\u0161ina, ka konstrukcija atbilst nozares standartiem un noteikumiem, garant\u0113jot dro\u0161u darb\u012bbu. Regul\u0101ru dro\u0161\u012bbas p\u0101rbau\u017eu veik\u0161ana var ar\u012b pal\u012bdz\u0113t identific\u0113t potenci\u0101l\u0101s probl\u0113mas, pirms t\u0101s saasin\u0101s, saglab\u0101jot gan ma\u0161\u012bnu, gan to operatoru integrit\u0101ti.<\/p>\n<h3>Apkope un izmantojam\u012bba<\/h3>\n<p>Hidraulisk\u0101 cilindra projekt\u0113\u0161ana, lai nodro\u0161in\u0101tu vienk\u0101r\u0161u apkopi un apkalpojam\u012bbu, ir b\u016btiska, lai samazin\u0101tu d\u012bkst\u0101ves laiku. T\u0101das funkcijas k\u0101 pieejamas e\u013c\u013co\u0161anas nipe\u013ci, modul\u0101ras sast\u0101vda\u013cas un skaidri redzami p\u0101rbaudes punkti atvieglo efekt\u012bvas apkopes proced\u016bras. Turkl\u0101t visaptvero\u0161as servisa dokument\u0101cijas nodro\u0161in\u0101\u0161ana un \u0113rta piek\u013cuve rezerves da\u013c\u0101m nodro\u0161ina, ka operatori var uztur\u0113t savu iek\u0101rtu nevainojamu darb\u012bbu ar minim\u0101lu piep\u016bli.<\/p>\n<p><img decoding=\"async\" src=\"https:\/\/www.hydraulic-cylinders.net\/wp-content\/uploads\/2025\/04\/songte-oil-pipes-and-spare-parts.webp\" alt=\"Hidraulisko cilindru deta\u013cas\" \/><\/p>\n<h2>Bl\u012bv\u0113\u0161ana un e\u013c\u013co\u0161ana<\/h2>\n<p>Efekt\u012bva bl\u012bv\u0113\u0161ana un e\u013c\u013co\u0161ana ir \u013coti svar\u012bga str\u0113les cilindru veiktsp\u0113jai un ilgm\u016b\u017e\u012bbai. Lai nov\u0113rstu hidraulisk\u0101 \u0161\u0137idruma nopl\u016bdi, vienlaikus nodro\u0161inot vienm\u0113r\u012bgu kust\u012bbu, tiek izmantoti da\u017e\u0101di bl\u012bv\u0113\u0161anas elementi, piem\u0113ram, virzu\u013ca bl\u012bves un stie\u0146a bl\u012bves. Bl\u012bv\u0113\u0161anas materi\u0101lu, piem\u0113ram, poliuret\u0101na un nitrila gumijas, izv\u0113le ir \u013coti svar\u012bga iztur\u012bbai un nodilumiztur\u012bbai. Turkl\u0101t cilindra korpusa un v\u012bt\u0146oto galu virsmas apdare tiek r\u016bp\u012bgi apstr\u0101d\u0101ta, lai uzlabotu nodilumiztur\u012bbu. Ir svar\u012bgi regul\u0101ri uzpild\u012bt hidraulisko e\u013c\u013cu e\u013c\u013co\u0161anai, lai uztur\u0113tu optim\u0101lu veiktsp\u0113ju un nov\u0113rstu iek\u0161\u0113jus boj\u0101jumus.<\/p>\n<h2>Prevent\u012bvie apkopes pas\u0101kumi<\/h2>\n<ul>\n<li><strong>Regul\u0101ras p\u0101rbaudes:<\/strong> Veiciet regul\u0101ras p\u0101rbaudes, lai noteiktu jebk\u0101du nodilumu vai boj\u0101jumus, kas var\u0113tu apdraud\u0113t cilindra darb\u012bbu un dro\u0161\u012bbu.<\/li>\n<li><strong>Pareiza e\u013c\u013co\u0161ana:<\/strong> P\u0101rliecinieties, vai visas kust\u012bg\u0101s da\u013cas ir pien\u0101c\u012bgi iee\u013c\u013cotas, lai samazin\u0101tu berzi un nodilumu, izmantojot ieteicam\u0101s hidraulisk\u0101s e\u013c\u013cas.<\/li>\n<li><strong>Bl\u012bv\u0113juma nomai\u0146a:<\/strong> Regul\u0101ri uzraugiet bl\u012bv\u0113juma integrit\u0101ti un nekav\u0113joties nomainiet nolietotos bl\u012bv\u0113jumus, lai nov\u0113rstu nopl\u016bdes un uztur\u0113tu spiedienu.<\/li>\n<\/ul>\n<h2>Uzst\u0101d\u012b\u0161anas vadl\u012bnijas<\/h2>\n<p>Pareiza str\u0113les cilindru uzst\u0101d\u012b\u0161ana ir b\u016btiska optim\u0101lai veiktsp\u0113jai. Vispirms p\u0101rliecinieties, vai mont\u0101\u017eas virsmas ir t\u012bras un bez gru\u017eiem. Izmantojiet atbilsto\u0161us mont\u0101\u017eas kron\u0161teinus, lai nostiprin\u0101tu cilindru viet\u0101, nodro\u0161inot, ka tas ir pareizi izl\u012bdzin\u0101ts ar ma\u0161\u012bnas darb\u012bbas ce\u013cu. R\u016bp\u012bgi iev\u0113rojiet ra\u017eot\u0101ja uzst\u0101d\u012b\u0161anas instrukcijas, piev\u0113r\u0161ot \u012bpa\u0161u uzman\u012bbu griezes momenta specifik\u0101cij\u0101m, lai nov\u0113rstu boj\u0101jumus darb\u012bbas laik\u0101. P\u0113c uzst\u0101d\u012b\u0161anas veiciet r\u016bp\u012bgu p\u0101rbaudi un p\u0101rbaudiet cilindra darb\u012bbu kontrol\u0113tos apst\u0101k\u013cos, pirms t\u0101 piln\u012bgas lieto\u0161anas.<\/p>\n<h2>Bie\u017ei sastopamie apkopes uzdevumi<\/h2>\n<ul>\n<li><strong>Regul\u0101ras p\u0101rbaudes:<\/strong> Regul\u0101ras vizu\u0101las p\u0101rbaudes var pal\u012bdz\u0113t identific\u0113t potenci\u0101l\u0101s probl\u0113mas, pirms t\u0101s k\u013c\u016bst nopietnas. Darb\u012bbas laik\u0101 mekl\u0113jiet nodiluma paz\u012bmes, nopl\u016bdes vai neparastus trok\u0161\u0146us.<\/li>\n<li><strong>Piem\u0113rota e\u013c\u013co\u0161ana:<\/strong> Regul\u0101ri iee\u013c\u013cojiet hidraulisk\u0101s sist\u0113mas kust\u012bg\u0101s da\u013cas, lai nodro\u0161in\u0101tu vienm\u0113r\u012bgu darb\u012bbu un ilgm\u016b\u017e\u012bbu. Izmantojiet ra\u017eot\u0101ja nor\u0101d\u012bto hidraulisko e\u013c\u013cu.<\/li>\n<li><strong>Bl\u012bv\u0113juma nomai\u0146a:<\/strong> Piev\u0113rsiet uzman\u012bbu bl\u012bv\u0113m, vai nav nodiluma vai boj\u0101jumu paz\u012bmju. Savlaic\u012bga nomai\u0146a nodro\u0161ina, ka hidraulisk\u0101 sist\u0113ma uztur spiedienu un darbojas efekt\u012bvi.<\/li>\n<\/ul>\n<p>Pareiza uzst\u0101d\u012b\u0161ana, e\u013c\u013co\u0161ana un regul\u0113\u0161ana ir \u013coti svar\u012bga str\u0113les cilindra ilgm\u016b\u017e\u012bbai un efektivit\u0101tei. Uzst\u0101d\u012b\u0161anas laik\u0101 p\u0101rliecinieties, vai cilindrs ir pareizi izl\u012bdzin\u0101ts, lai izvair\u012btos no p\u0101rm\u0113r\u012bgas slodzes, un stabilit\u0101tes nodro\u0161in\u0101\u0161anai izmantojiet atbilsto\u0161us mont\u0101\u017eas kron\u0161teinus. Regul\u0101ras p\u0101rbaudes, remonts un nomai\u0146as proced\u016bras iev\u0113rojami pal\u012bdz pagarin\u0101t hidraulisko komponentu kalpo\u0161anas laiku.<\/p>\n<p><img decoding=\"async\" src=\"https:\/\/www.hydraulic-cylinders.net\/wp-content\/uploads\/2025\/04\/songte-chushion-collar.webp\" alt=\"Hidraulisko cilindru komponenti\" \/><\/p>\n<h2>Dro\u0161\u012bbas apsv\u0113rumi un vides faktori<\/h2>\n<p>Dro\u0161\u012bbas pas\u0101kumu ievie\u0161ana hidraulisko cilindru lieto\u0161anas laik\u0101 ir \u0101rk\u0101rt\u012bgi svar\u012bga. Operatoriem j\u0101b\u016bt apm\u0101c\u012btiem atpaz\u012bt iesp\u0113jamos apdraud\u0113jumus, kas saist\u012bti ar hidrauliskaj\u0101m sist\u0113m\u0101m, piem\u0113ram, p\u0113k\u0161\u0146u spiediena samazin\u0101\u0161anos vai iek\u0101rtu darb\u012bbas trauc\u0113jumus. Veicot iek\u0101rtu apkopi vai ekspluat\u0101ciju, vienm\u0113r j\u0101valk\u0101 atbilsto\u0161i individu\u0101lie aizsardz\u012bbas l\u012bdzek\u013ci (IAL). Turkl\u0101t efekt\u012bvi j\u0101p\u0101rvalda vides apsv\u0113rumi, piem\u0113ram, \u0161\u0137idrumu nopl\u016bdes, lai nov\u0113rstu pies\u0101r\u0146ojumu un nodro\u0161in\u0101tu atbilst\u012bbu vides noteikumiem.<\/p>\n<h2>Probl\u0113mu nov\u0113r\u0161ana un bie\u017ei sastopamas probl\u0113mas<\/h2>\n<ul>\n<li><strong>Nopl\u016bde:<\/strong> P\u0101rbaudiet bl\u012bves un savienojumus, vai tie nav nodilu\u0161i vai boj\u0101ti; nomainiet, ja nepiecie\u0161ams.<\/li>\n<li><strong>L\u0113na darb\u012bba:<\/strong> P\u0101rbaudiet hidraulisk\u0101 \u0161\u0137idruma l\u012bmeni un kvalit\u0101ti; p\u0101rliecinieties, ka sist\u0113m\u0101 nav gaisa burbu\u013cu.<\/li>\n<li><strong>Nerea\u0123\u0113jo\u0161s cilindrs:<\/strong> P\u0101rbaudiet hidrauliskos savienojumus un \u0161\u0137idruma pl\u016bsmu; p\u0101rbaudiet, vai nav aizsprostojumu vai meh\u0101nisku \u0161\u0137\u0113r\u0161\u013cu.<\/li>\n<\/ul>\n<p>Probl\u0113mu nov\u0113r\u0161anas padomu snieg\u0161ana var pal\u012bdz\u0113t lietot\u0101jiem efekt\u012bvi diagnostic\u0113t un risin\u0101t probl\u0113mas. Piem\u0113ram, ja ir nopl\u016bde, p\u0101rbaudiet bl\u012bves un savienojumus, vai nav nodiluma vai boj\u0101jumu paz\u012bmju, un nomainiet tos p\u0113c nepiecie\u0161am\u012bbas. Ja cilindrs darbojas l\u0113ni, p\u0101rbaudiet hidraulisk\u0101 \u0161\u0137idruma l\u012bmeni un kvalit\u0101ti, p\u0101rliecinoties, ka sist\u0113m\u0101 nav gaisa kabatu, kas var\u0113tu trauc\u0113t veiktsp\u0113ju. Proakt\u012bvi risinot \u0161\u012bs bie\u017ei sastopam\u0101s probl\u0113mas, lietot\u0101ji var samazin\u0101t d\u012bkst\u0101ves laiku un saglab\u0101t optim\u0101lu funkcionalit\u0101ti.<\/p>\n<p><img decoding=\"async\" src=\"https:\/\/www.hydraulic-cylinders.net\/wp-content\/uploads\/2025\/04\/songte-bushings-with-all-kinds-of-excavator-models.webp\" alt=\"Hidraulisk\u0101s sast\u0101vda\u013cas\" \/><\/p>\n<h2>Par m\u016bsu uz\u0146\u0113mumu<\/h2>\n<p>M\u0113s esam vado\u0161ais rezerves hidraulisko cilindru ra\u017eot\u0101js, kas pied\u0101v\u0101 pla\u0161u produktu kl\u0101stu, kas apmierina gan viet\u0113jo, gan starptautisko tirgu vajadz\u012bbas. M\u016bsu ap\u0146em\u0161an\u0101s sasniegt izcil\u012bbu mudina m\u016bs ieviest uzlabotus ra\u017eo\u0161anas procesus, ko atbalsta modernas digit\u0101l\u0101s iek\u0101rtas un profesion\u0101las test\u0113\u0161anas sist\u0113mas. Past\u0101v\u012bgi uzlabojot m\u016bsu ra\u017eo\u0161anas platformu un kvalit\u0101tes kontroles pas\u0101kumus, m\u0113s nodro\u0161in\u0101m augstu efektivit\u0101ti, precizit\u0101ti un kvalit\u0101ti, apmierinot da\u017e\u0101das klientu pras\u012bbas. M\u016bsu profesion\u0101l\u0101 pieredze, starptautisk\u0101s sertifik\u0101cijas un piel\u0101go\u0161anas pakalpojumi v\u0113l vair\u0101k uzlabo m\u016bsu pied\u0101v\u0101jumus, \u013caujot mums pieg\u0101d\u0101t augst\u0101k\u0101s klases produktus un uzticamu p\u0113cp\u0101rdo\u0161anas atbalstu.<\/p>\n<p><img decoding=\"async\" src=\"https:\/\/www.hydraulic-cylinders.net\/wp-content\/uploads\/2025\/04\/songte-company-4.webp\" alt=\"Uz\u0146\u0113muma p\u0101rskats\" \/><br \/>\n<img decoding=\"async\" src=\"https:\/\/www.hydraulic-cylinders.net\/wp-content\/uploads\/2025\/04\/songte-company-3.webp\" alt=\"Ra\u017eo\u0161anas process\" \/><\/p>\n<p>Autors: lil<\/p>","protected":false},"excerpt":{"rendered":"<p>Boom Cylinder For Yangong YG70C Introduction to Boom Cylinder The Boom Cylinder for Yangong YG70C is a specialized hydraulic component designed to manage the movement of buckets in various heavy machinery, including excavators, backhoe loaders, and front-end loaders. These cylinders facilitate the lifting, lowering, and tilting of the bucket, making them indispensable for material handling [&hellip;]<\/p>","protected":false},"featured_media":17867,"comment_status":"open","ping_status":"closed","template":"","meta":{"_et_pb_use_builder":"","_et_pb_old_content":"","_et_gb_content_width":""},"product_brand":[],"product_cat":[1546],"product_tag":[1547,1496],"class_list":{"0":"post-19589","1":"product","2":"type-product","3":"status-publish","4":"has-post-thumbnail","6":"product_cat-boom-cylinders","7":"product_tag-boom-cylinders","8":"product_tag-hydraulic-cylinders","10":"first","11":"instock","12":"shipping-taxable","13":"product-type-simple"},"amp_enabled":true,"_links":{"self":[{"href":"https:\/\/www.hydraulic-cylinders.net\/lv\/wp-json\/wp\/v2\/product\/19589","targetHints":{"allow":["GET"]}}],"collection":[{"href":"https:\/\/www.hydraulic-cylinders.net\/lv\/wp-json\/wp\/v2\/product"}],"about":[{"href":"https:\/\/www.hydraulic-cylinders.net\/lv\/wp-json\/wp\/v2\/types\/product"}],"replies":[{"embeddable":true,"href":"https:\/\/www.hydraulic-cylinders.net\/lv\/wp-json\/wp\/v2\/comments?post=19589"}],"wp:featuredmedia":[{"embeddable":true,"href":"https:\/\/www.hydraulic-cylinders.net\/lv\/wp-json\/wp\/v2\/media\/17867"}],"wp:attachment":[{"href":"https:\/\/www.hydraulic-cylinders.net\/lv\/wp-json\/wp\/v2\/media?parent=19589"}],"wp:term":[{"taxonomy":"product_brand","embeddable":true,"href":"https:\/\/www.hydraulic-cylinders.net\/lv\/wp-json\/wp\/v2\/product_brand?post=19589"},{"taxonomy":"product_cat","embeddable":true,"href":"https:\/\/www.hydraulic-cylinders.net\/lv\/wp-json\/wp\/v2\/product_cat?post=19589"},{"taxonomy":"product_tag","embeddable":true,"href":"https:\/\/www.hydraulic-cylinders.net\/lv\/wp-json\/wp\/v2\/product_tag?post=19589"}],"curies":[{"name":"wp","href":"https:\/\/api.w.org\/{rel}","templated":true}]}}