{"id":19590,"date":"2025-04-07T06:56:14","date_gmt":"2025-04-07T06:56:14","guid":{"rendered":"https:\/\/www.hydraulic-cylinders.net\/product\/boom-cylinder-for-yangong-yg85e\/"},"modified":"2025-04-07T06:56:17","modified_gmt":"2025-04-07T06:56:17","slug":"boom-cylinder-for-yangong-yg85e","status":"publish","type":"product","link":"https:\/\/www.hydraulic-cylinders.net\/lv\/products\/boom-cylinder-for-yangong-yg85e\/","title":{"rendered":"Str\u0113les cilindrs Yangong YG85E"},"content":{"rendered":"<h1>Str\u0113les cilindrs Yangong YG85E<\/h1>\n<h2>Ievads str\u0113les cilindr\u0101<\/h2>\n<p>Str\u0113les cilindrs ir kritiski svar\u012bga hidraulisko sist\u0113mu sast\u0101vda\u013ca, kas \u012bpa\u0161i paredz\u0113ta smago ma\u0161\u012bnu kausu, piem\u0113ram, ekskavatoru, univers\u0101lo iekr\u0101v\u0113ju un front\u0101lo iekr\u0101v\u0113ju, darb\u012bbai. \u0160im hidrauliskajam cilindram ir iz\u0161\u0137iro\u0161a loma kausa kust\u012bbas kontrol\u0113\u0161an\u0101, \u013caujot tam pacelt, nolaist un sasv\u0113rties. \u0160\u0101da funkcionalit\u0101te ir b\u016btiska materi\u0101lu apstr\u0101des uzdevumos da\u017e\u0101d\u0101s nozar\u0113s, uzlabojot efektivit\u0101ti un produktivit\u0101ti.<\/p>\n<p><img decoding=\"async\" src=\"https:\/\/www.hydraulic-cylinders.net\/wp-content\/uploads\/2025\/04\/songte-company-1.webp\" alt=\"Str\u0113les cilindra att\u0113ls\"><\/p>\n<h3>Kausa cilindru p\u0101rskats<\/h3>\n<p>Kausu cilindri ir specializ\u0113ti hidrauliskie cilindri, kas izstr\u0101d\u0101ti, lai p\u0101rvald\u012btu sare\u017e\u0123\u012btas kausu kust\u012bbas uz celtniec\u012bbas tehnikas. \u0160ie cilindri ir neat\u0146emama smago ma\u0161\u012bnu darb\u012bbas sast\u0101vda\u013ca, nodro\u0161inot nepiecie\u0161amo sp\u0113ku, lai efekt\u012bvi apstr\u0101d\u0101tu kravas. Izmantojot hidraulisko spiedienu, \u0161ie cilindri nodro\u0161ina vienm\u0113r\u012bgu un \u0101tru kust\u012bbu, padarot tos neaizst\u0101jamus t\u0101d\u0101s nozar\u0113s k\u0101 b\u016bvniec\u012bba un lauksaimniec\u012bba.<\/p>\n<h2>Str\u0113les cilindra \u012bpa\u0161\u012bbas<\/h2>\n<ul>\n<li><strong>Augsta iztur\u012bba un ilgm\u016b\u017e\u012bba:<\/strong> Izgatavots no augstas stipr\u012bbas t\u0113rauda vai alum\u012bnija, str\u0113les cilindrs var iztur\u0113t augstu spiedienu un lielas slodzes, padarot to piem\u0113rotu skarbiem darba apst\u0101k\u013ciem. T\u0101 konstrukcija \u0146em v\u0113r\u0101 nodilumiztur\u012bbu un korozijas iztur\u012bbu, pagarinot t\u0101 kalpo\u0161anas laiku.<\/li>\n<li><strong>Efekt\u012bva hidraulisk\u0101 darb\u012bba:<\/strong> Cilindrs izmanto hidraulisk\u0101s e\u013c\u013cas spiedienu, lai nodro\u0161in\u0101tu vienm\u0113r\u012bgu izvilk\u0161anu un ievilk\u0161anu, \u0101tri rea\u0123\u0113jot uz darb\u012bbas komand\u0101m un nodro\u0161inot iev\u0113rojamu stum\u0161anas un vilk\u0161anas sp\u0113ku smagiem cel\u0161anas darbiem.<\/li>\n<li><strong>Da\u017e\u0101di veidi:<\/strong> Iesp\u0113jas ietver vienk\u0101r\u0161as darb\u012bbas (hidrauliku izmanto vien\u0101 virzien\u0101) vai divk\u0101r\u0161as darb\u012bbas (hidrauliku izmanto abos virzienos) cilindrus, kas atbilst da\u017e\u0101d\u0101m ekspluat\u0101cijas vajadz\u012bb\u0101m. Da\u017ei mode\u013ci ir teleskopiski, kas \u013cauj tos liel\u0101kus izstiepumus izmantot, nepalielinot \u0101r\u0113jos izm\u0113rus, kas ir ide\u0101li piem\u0113rots ierobe\u017eot\u0101m telp\u0101m.<\/li>\n<li><strong>Piel\u0101gota ra\u017eo\u0161ana:<\/strong> M\u0113s ra\u017eojam \u0161o produktu, nodro\u0161inot perfektu eso\u0161o hidraulisko cilindru nomai\u0146u.<\/li>\n<li><strong>Kvalit\u0101tes nodro\u0161in\u0101\u0161ana:<\/strong> M\u016bsu cilindri tiek pak\u013cauti stingr\u0101m p\u0101rbaud\u0113m, lai atbilstu stingriem kvalit\u0101tes standartiem, nodro\u0161inot klientiem to uzticam\u012bbu un veiktsp\u0113ju.<\/li>\n<\/ul>\n<p><img decoding=\"async\" src=\"https:\/\/www.hydraulic-cylinders.net\/wp-content\/uploads\/2025\/04\/songte-cylinder-head-with-all-kinds-excavator-models.webp\" alt=\"Str\u0113les cilindra galvas att\u0113ls\"><\/p>\n<h2>Str\u0113les cilindra pielietojums<\/h2>\n<h3>Celtniec\u012bbas apr\u012bkojums<\/h3>\n<p>Ekskavatoros str\u0113les cilindri ir b\u016btiski zemes vai gru\u017eu rak\u0161anai, iekrau\u0161anai un p\u0101rvieto\u0161anai, veicinot b\u016bvniec\u012bbas projektu efektivit\u0101ti. Ekskavatoros-iekr\u0101v\u0113jos tie atvieglo gan rak\u0161anas, gan cel\u0161anas darb\u012bbas, maksim\u0101li palielinot produktivit\u0101ti.<\/p>\n<h3>Lauksaimniec\u012bbas tehnika<\/h3>\n<p>Front\u0101lo iekr\u0101v\u0113ju str\u0113les cilindri pal\u012bdz sav\u0101kt, pacelt un transport\u0113t augsni, sienu un citus materi\u0101lus, uzlabojot lauksaimniec\u012bbas darbu produktivit\u0101ti un nodro\u0161inot efekt\u012bvu lauksaimniec\u012bbas uzdevumu veik\u0161anu.<\/p>\n<h3>Ekskavatori<\/h3>\n<p>Str\u0113les cilindri \u013cauj ekskavatoriem efekt\u012bvi iek\u013c\u016bt augsn\u0113, nodro\u0161inot efekt\u012bvas rak\u0161anas darb\u012bbas, kas nepiecie\u0161amas da\u017e\u0101dos zemes p\u0101rvieto\u0161anas darbos.<\/p>\n<h3>Iekr\u0101v\u0113ji<\/h3>\n<p>Front\u0101lajos iekr\u0101v\u0113jos \u0161ie cilindri ir \u013coti svar\u012bgi kravu efekt\u012bvai pacel\u0161anai un izg\u0101\u0161anai, padarot tos par vit\u0101li svar\u012bgiem atkritumu apsaimnieko\u0161anas un materi\u0101lu transport\u0113\u0161anas oper\u0101cij\u0101s.<\/p>\n<h2>Dizaina apsv\u0113rumi un atlases krit\u0113riji<\/h2>\n<h3>Kravnes\u012bba<\/h3>\n<p>Izv\u0113loties str\u0113les cilindru, \u0101rk\u0101rt\u012bgi svar\u012bgi ir nov\u0113rt\u0113t t\u0101 kravnes\u012bbu. Cilindram j\u0101sp\u0113j iztur\u0113t maksim\u0101lo slodzi, kas paredzama darb\u012bbas laik\u0101. Tas ietver p\u0101rvietojamo materi\u0101lu svara apr\u0113\u0137in\u0101\u0161anu un p\u0101rliecin\u0101\u0161anos, ka hidrauliskais cilindrs var dro\u0161i iztur\u0113t \u0161o svaru. Cilindrs ar nepietiekamu kravnes\u012bbu var izrais\u012bt boj\u0101jumus, radot dro\u0161\u012bbas riskus un darb\u012bbas d\u012bkst\u0101vi.<\/p>\n<h3>Bl\u012bv\u0113jums un iztur\u012bba<\/h3>\n<p>The sealing technology used in boom cylinders is critical for maintaining hydraulic pressure and preventing leaks. High-quality seals ensure that hydraulic fluid remains contained, while also accommodating the movement of the piston within the cylinder. The use of premium materials, such as polyurethane and nitrile rubber, contributes to the cylinder&#8217;s ability to withstand wear and tear, thus enhancing its overall lifespan and reliability.<\/p>\n<h3>Dro\u0161\u012bbas funkcijas<\/h3>\n<p>Dro\u0161\u012bba ir galven\u0101 priorit\u0101te hidraulisko sist\u0113mu projekt\u0113\u0161an\u0101. Str\u0113les cilindriem j\u0101b\u016bt apr\u012bkotiem ar dro\u0161\u012bbas funkcij\u0101m, lai nov\u0113rstu katastrof\u0101las k\u013c\u016bmes. Tas ietver dro\u0161\u012bbas v\u0101rstus p\u0101rm\u0113r\u012bga spiediena p\u0101rvald\u012bbai un dro\u0161as darb\u012bbas nodro\u0161in\u0101\u0161anai. Regul\u0101ras \u0161o dro\u0161\u012bbas komponentu p\u0101rbaudes un apkope ir b\u016btiska, lai iev\u0113rotu ekspluat\u0101cijas dro\u0161\u012bbas standartus, aizsarg\u0101jot gan operatorus, gan apr\u012bkojumu no briesm\u0101m.<\/p>\n<p><img decoding=\"async\" src=\"https:\/\/www.hydraulic-cylinders.net\/wp-content\/uploads\/2025\/04\/songte-oil-pipes-and-spare-parts.webp\" alt=\"Hidraulisko deta\u013cu att\u0113ls\"><\/p>\n<h2>Str\u0113les cilindra bl\u012bv\u0113\u0161ana un e\u013c\u013co\u0161ana<\/h2>\n<p>The integrity of the boom cylinder&#8217;s seals is essential for optimal performance. Various sealing components, such as piston and rod seals, are used to keep hydraulic fluid contained. Seals are typically made from wear-resistant materials like polyurethane and nitrile rubber, ensuring long-lasting operation. The cylinder body and threaded ends undergo precision machining to enhance durability and reduce wear.<\/p>\n<p>Regular lubrication with the appropriate hydraulic fluid is crucial for maintaining the cylinder&#8217;s performance. This involves periodic checks and refills of hydraulic oil, which lubricates the internal components, minimizing friction and heat buildup during operation. Proper lubrication not only prolongs the life of the cylinder but also enhances responsiveness and overall efficiency.<\/p>\n<h2>Prevent\u012bvie apkopes pas\u0101kumi<\/h2>\n<ul>\n<li><strong>Regul\u0101ras p\u0101rbaudes:<\/strong> Regul\u0101ras str\u0113les cilindra p\u0101rbaudes var pal\u012bdz\u0113t noteikt nodilumu, pirms tas noved pie nopietn\u0101kiem boj\u0101jumiem. Mekl\u0113jiet nopl\u016bdes paz\u012bmes, neparastas ska\u0146as vai samazin\u0101tas veiktsp\u0113jas paz\u012bmes un nekav\u0113joties nov\u0113rsiet visas probl\u0113mas.<\/li>\n<li><strong>Piem\u0113rota e\u013c\u013co\u0161ana:<\/strong> Lai nov\u0113rstu p\u0101rm\u0113r\u012bgu nodilumu, ir svar\u012bgi nodro\u0161in\u0101t, lai cilindrs b\u016btu labi iee\u013c\u013cots ar pareizo hidraulisko \u0161\u0137idrumu. Lai uztur\u0113tu optim\u0101lu veiktsp\u0113ju, izmantojiet augstas kvalit\u0101tes hidraulisk\u0101s e\u013c\u013cas, kas piem\u0113rotas konkr\u0113tajam pielietojumam.<\/li>\n<li><strong>Bl\u012bv\u0113juma nomai\u0146a:<\/strong> Bl\u012bves laika gait\u0101 var nolietoties, un t\u0101s var b\u016bt j\u0101nomaina, lai nodro\u0161in\u0101tu, ka cilindrs saglab\u0101 herm\u0113tiskumu. Regul\u0101ri p\u0101rbaudiet, vai bl\u012bves nav boj\u0101tas, un nomainiet t\u0101s p\u0113c nepiecie\u0161am\u012bbas, lai uztur\u0113tu hidraulisko spiedienu.<\/li>\n<\/ul>\n<h2>Str\u0113les cilindra uzst\u0101d\u012b\u0161anas vadl\u012bnijas<\/h2>\n<p>Pareiza str\u0113les cilindra uzst\u0101d\u012b\u0161ana ir \u013coti svar\u012bga, lai nodro\u0161in\u0101tu optim\u0101lu veiktsp\u0113ju un dro\u0161\u012bbu. Vispirms p\u0101rliecinieties, vai visas sast\u0101vda\u013cas ir t\u012bras un bez gru\u017eiem. Pareizi izl\u012bdziniet cilindru, lai nov\u0113rstu nepareizu izl\u012bdzin\u0101\u0161anu darb\u012bbas laik\u0101, kas var izrais\u012bt pa\u0101trin\u0101tu nodilumu vai boj\u0101jumus. Izmantojiet atbilsto\u0161us mont\u0101\u017eas kron\u0161teinus, lai stingri nostiprin\u0101tu cilindru viet\u0101, nodro\u0161inot, ka tas var iztur\u0113t ekspluat\u0101cijas sp\u0113kus.<\/p>\n<p>Pirms hidraulisko l\u012bniju pievieno\u0161anas p\u0101rbaudiet, vai visi savienojumi ir sader\u012bgi un lab\u0101 st\u0101vokl\u012b. P\u0113c pievieno\u0161anas atgaisojiet sist\u0113mu, lai izvad\u012btu gaisu, kas var trauc\u0113t darb\u012bbu. Visbeidzot, veiciet r\u016bp\u012bgu cilindra p\u0101rbaudi darba apst\u0101k\u013cos, lai p\u0101rliecin\u0101tos, ka viss darbojas, k\u0101 paredz\u0113ts.<\/p>\n<h2>Str\u0113les cilindra apkopes darbi<\/h2>\n<h3>Regul\u0101ra p\u0101rbaude<\/h3>\n<p>Regul\u0101ras p\u0101rbaudes ir b\u016btiskas, lai laikus atkl\u0101tu probl\u0113mas, kas var\u0113tu izrais\u012bt boj\u0101jumus. Operatoriem j\u0101p\u0101rbauda, \u200b\u200bvai nav nopl\u016b\u017eu paz\u012bmju, neparastu trok\u0161\u0146u vai veiktsp\u0113jas izmai\u0146u. Probl\u0113mu agr\u012bna identific\u0113\u0161ana var nov\u0113rst d\u0101rgus remontdarbus un d\u012bkst\u0101ves.<\/p>\n<h3>Pareiza e\u013c\u013co\u0161ana<\/h3>\n<p>Maintaining the correct lubrication levels with suitable hydraulic fluid is crucial to prevent wear and ensure smooth operation. Operators should adhere to the manufacturer&#8217;s recommendations for fluid type and change intervals to optimize the cylinder&#8217;s lifespan.<\/p>\n<h3>Bl\u012bvju nomai\u0146as un kalibr\u0113\u0161anas p\u0101rbaudes<\/h3>\n<p>Regularly replacing seals and conducting calibration checks is necessary to maintain the hydraulic system&#8217;s integrity. This ensures that the boom cylinder operates efficiently and safely, reducing the risk of leaks and pressure loss. Operators should follow recommended procedures for checking and replacing seals, and calibrate the system as needed to ensure accurate performance.<\/p>\n<p><img decoding=\"async\" src=\"https:\/\/www.hydraulic-cylinders.net\/wp-content\/uploads\/2025\/04\/songte-chushion-collar.webp\" alt=\"Spilvenu apkakles att\u0113ls\"><\/p>\n<h2>Dro\u0161\u012bbas apsv\u0113rumi un vides faktori<\/h2>\n<p>When operating hydraulic cylinders, adhering to safety protocols is essential. Operators should wear appropriate personal protective equipment (PPE) and follow all safety guidelines to prevent accidents. Additionally, consider environmental factors that can impact the cylinder&#8217;s performance, such as temperature changes and exposure to harsh elements. Implementing measures to mitigate these factors can enhance the cylinder&#8217;s durability and safety.<\/p>\n<h2>Probl\u0113mu nov\u0113r\u0161ana un bie\u017ei sastopamas probl\u0113mas<\/h2>\n<ul>\n<li><strong>Nopl\u016bde:<\/strong> Ja no cilindra nopl\u016bst hidrauliskais \u0161\u0137idrums, tas var liecin\u0101t par nodilu\u0161iem bl\u012bv\u0113jumiem vai boj\u0101tiem savienojumiem. P\u0101rbaudiet \u0161\u012bs deta\u013cas un, ja nepiecie\u0161ams, nomainiet.<\/li>\n<li><strong>L\u0113na darb\u012bba:<\/strong> L\u0113na reakcija var liecin\u0101t par zemu hidraulisk\u0101 \u0161\u0137idruma l\u012bmeni vai gaisu sist\u0113m\u0101. P\u0101rbaudiet \u0161\u0137idruma l\u012bmeni un atgaisojiet sist\u0113mu, lai atjaunotu pareizu darb\u012bbu.<\/li>\n<li><strong>Nekonsekventa kust\u012bba:<\/strong> Ja cilindrs kustas nevienm\u0113r\u012bgi, iemesls var b\u016bt nepareizs izl\u012bdzin\u0101jums vai aizsprostojumi. Nodro\u0161iniet pareizu izl\u012bdzin\u0101jumu un nov\u0113rsiet visus aizsprostojumus hidrauliskaj\u0101s l\u012bnij\u0101s.<\/li>\n<\/ul>\n<h2>Probl\u0113mu nov\u0113r\u0161anas padomi<\/h2>\n<p>Lai efekt\u012bvi diagnostic\u0113tu un nov\u0113rstu probl\u0113mas ar str\u0113les cilindru, operatoriem j\u0101iev\u0113ro noteiktas probl\u0113mu nov\u0113r\u0161anas darb\u012bbas. Vispirms p\u0101rbaudiet, vai nav nopl\u016b\u017eu, un p\u0101rbaudiet hidraulisk\u0101 \u0161\u0137idruma l\u012bmeni, lai nodro\u0161in\u0101tu atbilsto\u0161u spiedienu. Ja cilindrs kustas l\u0113ni vai neregul\u0101ri, p\u0101rbaudiet, vai sist\u0113m\u0101 nav gaisa, un nepiecie\u0161am\u012bbas gad\u012bjum\u0101 atgaisojiet to. Visu apkopes darb\u012bbu un konstat\u0113to probl\u0113mu \u017eurn\u0101la uztur\u0113\u0161ana var pal\u012bdz\u0113t noteikt mode\u013cus, kuriem var b\u016bt nepiecie\u0161ams pla\u0161\u0101ks remonts vai nomai\u0146a.<\/p>\n<p><img decoding=\"async\" src=\"https:\/\/www.hydraulic-cylinders.net\/wp-content\/uploads\/2025\/04\/songte-bushings-with-all-kinds-of-excavator-models.webp\" alt=\"Bukses att\u0113ls\"><\/p>\n<h2>Par m\u016bsu uz\u0146\u0113mumu<\/h2>\n<p>M\u0113s esam vado\u0161ais hidraulisko cilindru ra\u017eot\u0101js, kas pied\u0101v\u0101 pla\u0161u produktu kl\u0101stu. M\u016bsu ap\u0146em\u0161an\u0101s sasniegt izcil\u012bbu ir padar\u012bjusi m\u016bs par vienu no vado\u0161ajiem ra\u017eot\u0101jiem un vairumtirgot\u0101jiem viet\u0113j\u0101 un starptautiskaj\u0101 tirg\u016b. M\u0113s iev\u0113rojam stingrus kvalit\u0101tes standartus, ko atbalsta prec\u012bzas ra\u017eo\u0161anas strat\u0113\u0123ijas. Koncentr\u0113joties uz progres\u012bv\u0101m tehnolo\u0123ij\u0101m, prasm\u012bgu person\u0101lu un stabilu kvalit\u0101tes nodro\u0161in\u0101\u0161anas sist\u0113mu, m\u0113s past\u0101v\u012bgi uzlabojam savas ra\u017eo\u0161anas iesp\u0113jas.<\/p>\n<p>M\u016bsu uz\u0146\u0113mums priorit\u0101ri izvirza klientu vajadz\u012bbas, nodro\u0161inot piel\u0101gotus risin\u0101jumus, starptautiskus sertifik\u0101tus un izcilu p\u0113cp\u0101rdo\u0161anas atbalstu. Izmantojot modern\u0101k\u0101s ra\u017eo\u0161anas iek\u0101rtas un procesus, m\u0113s nodro\u0161in\u0101m augstu efektivit\u0101ti, precizit\u0101ti un kvalit\u0101ti m\u016bsu produktos.<\/p>\n<p><img decoding=\"async\" src=\"https:\/\/www.hydraulic-cylinders.net\/wp-content\/uploads\/2025\/04\/songte-company-4.webp\" alt=\"Uz\u0146\u0113muma t\u0113ls\"><br \/>\n<img decoding=\"async\" src=\"https:\/\/www.hydraulic-cylinders.net\/wp-content\/uploads\/2025\/04\/songte-company-3.webp\" alt=\"Uz\u0146\u0113muma t\u0113ls\"><\/p>\n<p>Autors: lil<\/p>","protected":false},"excerpt":{"rendered":"<p>Boom Cylinder For Yangong YG85E Introduction to Boom Cylinder The Boom Cylinder is a critical component in hydraulic systems, specifically designed for the operation of heavy machinery buckets such as excavators, backhoe loaders, and front loaders. This hydraulic cylinder plays a pivotal role in controlling the movement of the bucket, allowing it to lift, lower, [&hellip;]<\/p>","protected":false},"featured_media":17868,"comment_status":"open","ping_status":"closed","template":"","meta":{"_et_pb_use_builder":"","_et_pb_old_content":"","_et_gb_content_width":""},"product_brand":[],"product_cat":[1546],"product_tag":[1547,1496],"class_list":{"0":"post-19590","1":"product","2":"type-product","3":"status-publish","4":"has-post-thumbnail","6":"product_cat-boom-cylinders","7":"product_tag-boom-cylinders","8":"product_tag-hydraulic-cylinders","10":"first","11":"instock","12":"shipping-taxable","13":"product-type-simple"},"amp_enabled":true,"_links":{"self":[{"href":"https:\/\/www.hydraulic-cylinders.net\/lv\/wp-json\/wp\/v2\/product\/19590","targetHints":{"allow":["GET"]}}],"collection":[{"href":"https:\/\/www.hydraulic-cylinders.net\/lv\/wp-json\/wp\/v2\/product"}],"about":[{"href":"https:\/\/www.hydraulic-cylinders.net\/lv\/wp-json\/wp\/v2\/types\/product"}],"replies":[{"embeddable":true,"href":"https:\/\/www.hydraulic-cylinders.net\/lv\/wp-json\/wp\/v2\/comments?post=19590"}],"wp:featuredmedia":[{"embeddable":true,"href":"https:\/\/www.hydraulic-cylinders.net\/lv\/wp-json\/wp\/v2\/media\/17868"}],"wp:attachment":[{"href":"https:\/\/www.hydraulic-cylinders.net\/lv\/wp-json\/wp\/v2\/media?parent=19590"}],"wp:term":[{"taxonomy":"product_brand","embeddable":true,"href":"https:\/\/www.hydraulic-cylinders.net\/lv\/wp-json\/wp\/v2\/product_brand?post=19590"},{"taxonomy":"product_cat","embeddable":true,"href":"https:\/\/www.hydraulic-cylinders.net\/lv\/wp-json\/wp\/v2\/product_cat?post=19590"},{"taxonomy":"product_tag","embeddable":true,"href":"https:\/\/www.hydraulic-cylinders.net\/lv\/wp-json\/wp\/v2\/product_tag?post=19590"}],"curies":[{"name":"wp","href":"https:\/\/api.w.org\/{rel}","templated":true}]}}