{"id":19591,"date":"2025-04-07T06:56:17","date_gmt":"2025-04-07T06:56:17","guid":{"rendered":"https:\/\/www.hydraulic-cylinders.net\/product\/boom-cylinder-for-tota-tx60c\/"},"modified":"2025-04-07T06:56:19","modified_gmt":"2025-04-07T06:56:19","slug":"boom-cylinder-for-tota-tx60c","status":"publish","type":"product","link":"https:\/\/www.hydraulic-cylinders.net\/lv\/products\/boom-cylinder-for-tota-tx60c\/","title":{"rendered":"Str\u0113les cilindrs Tota TX60C"},"content":{"rendered":"<h1>Str\u0113les cilindrs Tota TX60C<\/h1>\n<h2>Produkta p\u0101rskats<\/h2>\n<p>Str\u0113les cilindrs ir svar\u012bga hidraulisk\u0101 sast\u0101vda\u013ca, kas \u012bpa\u0161i izstr\u0101d\u0101ta Tota TX60C. \u0160is hidrauliskais cilindrs vada smago ma\u0161\u012bnu kausu kust\u012bbu, nodro\u0161inot t\u0101das funkcijas k\u0101 pacel\u0161ana, nolai\u0161ana un noliek\u0161ana. Tam ir b\u016btiska loma da\u017e\u0101dos pielietojumos, atvieglojot materi\u0101lu apstr\u0101des uzdevumus b\u016bvniec\u012bbas un lauksaimniec\u012bbas nozar\u0113s.<\/p>\n<p><img decoding=\"async\" src=\"https:\/\/www.hydraulic-cylinders.net\/wp-content\/uploads\/2025\/04\/songte-company-1.webp\" alt=\"Str\u0113les cilindrs\" \/><\/p>\n<h3>Defin\u012bcija un funkcionalit\u0101te<\/h3>\n<p>A bucket cylinder, or boom cylinder, is a specialized hydraulic actuator utilized in heavy machinery like excavators, backhoe loaders, and front-end loaders. Its primary function is to control the bucket&#8217;s movement, allowing it to perform tasks such as lifting materials, digging, and dumping. The hydraulic system powers the cylinder, creating a smooth and efficient operation, vital for productivity on job sites.<\/p>\n<h2>Galven\u0101s iez\u012bmes<\/h2>\n<ul>\n<li><strong>Augsta iztur\u012bba un ilgm\u016b\u017e\u012bba:<\/strong> \u0160ie cilindri ir izgatavoti no augstas stipr\u012bbas t\u0113rauda vai alum\u012bnija un iztur augstu spiedienu un lielas slodzes. Tie ir paredz\u0113ti darbam skarbos apst\u0101k\u013cos, un tiem ir funkcijas, kas uzlabo nodilumiztur\u012bbu un aizsardz\u012bbu pret koroziju, t\u0101d\u0113j\u0101di pagarinot to kalpo\u0161anas laiku.<\/li>\n<li><strong>Efekt\u012bva hidraulisk\u0101 darb\u012bba:<\/strong> Hidraulisk\u0101 sist\u0113ma nodro\u0161ina vienm\u0113r\u012bgu un \u0101tru cilindra ievilk\u0161anu un izvirz\u012b\u0161anu, \u013caujot \u0101tri rea\u0123\u0113t uz vad\u012bbas ievad\u0113m un nodro\u0161inot sp\u0113c\u012bgus stum\u0161anas un vilk\u0161anas sp\u0113kus, kas ir ide\u0101li piem\u0113roti smagu un sare\u017e\u0123\u012btu uzdevumu veik\u0161anai.<\/li>\n<li><strong>Da\u017e\u0101di varianti:<\/strong> \u0160ie cilindri, kas pieejami vienvirziena (darbojas vien\u0101 virzien\u0101) vai divk\u0101r\u0161as darb\u012bbas (darbojas abos virzienos) konstrukcij\u0101s, var apmierin\u0101t da\u017e\u0101das ekspluat\u0101cijas vajadz\u012bbas. Da\u017ei mode\u013ci ir teleskopiski, kas nodro\u0161ina liel\u0101ku pagarin\u0101jumu, nepalielinot \u0101r\u0113jos izm\u0113rus, kas ir ide\u0101li piem\u0113rots ierobe\u017eot\u0101m telp\u0101m.<\/li>\n<\/ul>\n<p>M\u0113s ra\u017eojam \u0161o produktu, nodro\u0161inot perfektu da\u017e\u0101du hidraulisko cilindru aizvieto\u0161anu.<\/p>\n<p><img decoding=\"async\" src=\"https:\/\/www.hydraulic-cylinders.net\/wp-content\/uploads\/2025\/04\/songte-cylinder-head-with-all-kinds-excavator-models.webp\" alt=\"Hidraulisko cilindru mode\u013ci\" \/><\/p>\n<h2>Pieteikumi<\/h2>\n<ul>\n<li><strong>Celtniec\u012bbas apr\u012bkojums:<\/strong> Ekskavatoros str\u0113les cilindri ir svar\u012bgi zemes vai gru\u017eu rak\u0161anai, iekrau\u0161anai un p\u0101rvieto\u0161anai. Tie pal\u012bdz gan rak\u0161anas darbos, gan cel\u0161an\u0101 ekskavatoros-iekr\u0101v\u0113jos, padarot tos par vit\u0101li svar\u012bgiem objekta produktivit\u0101tei.<\/li>\n<li><strong>Lauksaimniec\u012bbas tehnika:<\/strong> Front\u0101lajos iekr\u0101v\u0113jos \u0161ie cilindri tiek izmantoti augsnes, siena un citu materi\u0101lu sav\u0101k\u0161anai, pacel\u0161anai un transport\u0113\u0161anai, t\u0101d\u0113j\u0101di uzlabojot lauksaimniec\u012bbas darb\u012bbu efektivit\u0101ti.<\/li>\n<li><strong>Ekskavatori:<\/strong> Kausa cilindrs \u013cauj kausam iek\u013c\u016bt augsn\u0113, atvieglojot efekt\u012bvas rak\u0161anas darb\u012bbas, kas ir \u013coti svar\u012bgas b\u016bvniec\u012bbas un ainavu veido\u0161anas projektos.<\/li>\n<li><strong>Iekr\u0101v\u0113ji:<\/strong> Front\u0101lajos iekr\u0101v\u0113jos tie veicina materi\u0101lu efekt\u012bvu pacel\u0161anu un izg\u0101\u0161anu, optimiz\u0113jot iekrau\u0161anas un izkrau\u0161anas procesus.<\/li>\n<\/ul>\n<h2>Dizaina apsv\u0113rumi<\/h2>\n<ul>\n<li><strong>Kravnes\u012bba:<\/strong> Str\u0113les cilindra konstrukcijai ir j\u0101sp\u0113j iztur\u0113t iev\u0113rojamu svaru bez boj\u0101jumiem. Tas ietver materi\u0101lu izv\u0113li un t\u0101du deta\u013cu izgatavo\u0161anu, kas sp\u0113j iztur\u0113t noteikt\u0101s slodzes ekspluat\u0101cijas laik\u0101.<\/li>\n<li><strong>Bl\u012bv\u0113juma veiktsp\u0113ja:<\/strong> Efekt\u012bva bl\u012bv\u0113\u0161ana ir \u013coti svar\u012bga, lai nov\u0113rstu hidraulisk\u0101 \u0161\u0137idruma nopl\u016bdes, nodro\u0161inot optim\u0101lu veiktsp\u0113ju un ilgm\u016b\u017e\u012bbu. Lai apmierin\u0101tu da\u017e\u0101du darba apst\u0101k\u013cu pras\u012bbas, j\u0101izmanto augstas kvalit\u0101tes bl\u012bv\u0113jumi.<\/li>\n<li><strong>Iztur\u012bba:<\/strong> The cylinder must withstand wear and tear from continuous use. Considerations for materials that resist abrasion and corrosion are crucial for maximizing the cylinder&#8217;s lifespan.<\/li>\n<li><strong>Dro\u0161\u012bba:<\/strong> Dro\u0161\u012bbas funkcijas ir j\u0101integr\u0113 konstrukcij\u0101, lai nov\u0113rstu negad\u012bjumus ekspluat\u0101cijas laik\u0101. Tas ietver dro\u0161\u012bbas funkcijas, kas nodro\u0161ina funkcionalit\u0101ti pat neparedz\u0113tos apst\u0101k\u013cos.<\/li>\n<li><strong>Apkopes pieejam\u012bba:<\/strong> Projektam j\u0101nodro\u0161ina \u0113rta piek\u013cuve komponentiem apkopes un remonta veik\u0161anai, t\u0101d\u0113j\u0101di samazinot d\u012bkst\u0101ves laiku un palielinot darb\u012bbas efektivit\u0101ti.<\/li>\n<\/ul>\n<p><img decoding=\"async\" src=\"https:\/\/www.hydraulic-cylinders.net\/wp-content\/uploads\/2025\/04\/songte-oil-pipes-and-spare-parts.webp\" alt=\"Hidraulisk\u0101s da\u013cas\" \/><\/p>\n<h2>Bl\u012bv\u0113\u0161ana un e\u013c\u013co\u0161ana<\/h2>\n<p>Effective sealing is critical in hydraulic systems. Various sealing components, such as piston seals and rod seals, are utilized to maintain the integrity of the system. Seals made from durable materials like polyurethane and nitrile rubber ensure resilience against wear. Additionally, the cylinder&#8217;s body and threaded ends undergo precise finishing to enhance their wear resistance. Regular lubrication with hydraulic oil is essential to minimize friction and prolong the lifespan of the cylinder.<\/p>\n<h2>Prevent\u012bvie apkopes pas\u0101kumi<\/h2>\n<ul>\n<li><strong>Regul\u0101ras p\u0101rbaudes:<\/strong> Veiciet regul\u0101ras cilindra p\u0101rbaudes, lai noteiktu nodiluma vai nopl\u016b\u017eu paz\u012bmes. Probl\u0113mu agr\u012bna atkl\u0101\u0161ana var nov\u0113rst d\u0101rgus remontdarbus.<\/li>\n<li><strong>Pareiza e\u013c\u013co\u0161ana:<\/strong> Nodro\u0161iniet, lai tiktu uztur\u0113ts pietiekams hidraulisk\u0101s e\u013c\u013cas l\u012bmenis un regul\u0101ri to uzpild\u012btu, lai nov\u0113rstu berzes rad\u012btus boj\u0101jumus.<\/li>\n<li><strong>Bl\u012bv\u0113juma nomai\u0146a:<\/strong> Uzraugiet bl\u012bves, vai nav nodiluma paz\u012bmju, un nekav\u0113joties nomainiet t\u0101s, lai uztur\u0113tu optim\u0101lu veiktsp\u0113ju un nov\u0113rstu nopl\u016bdes.<\/li>\n<\/ul>\n<h2>Uzst\u0101d\u012b\u0161anas vadl\u012bnijas<\/h2>\n<p>Pareiza str\u0113les cilindra uzst\u0101d\u012b\u0161ana ir \u013coti svar\u012bga efekt\u012bvai darb\u012bbai. Vispirms p\u0101rliecinieties, vai mont\u0101\u017eas virsmas ir t\u012bras un bez gru\u017eiem, lai izvair\u012btos no nepareizas izl\u012bdzin\u0101\u0161anas. Uzst\u0101d\u012b\u0161anas laik\u0101 prec\u012bzi izl\u012bdziniet cilindru, izmantojot atbilsto\u0161us mont\u0101\u017eas kron\u0161teinus, lai to stingri nostiprin\u0101tu viet\u0101. P\u0113c uzst\u0101d\u012b\u0161anas p\u0101rbaudiet, vai hidrauliskajos savienojumos nav nopl\u016b\u017eu, un p\u0101rliecinieties, vai cilindrs darbojas nevainojami nor\u0101d\u012btaj\u0101 diapazon\u0101. Regul\u0101ri p\u0101rbaudiet uzst\u0101d\u012b\u0161anas integrit\u0101ti un, ja nepiecie\u0161ams, piel\u0101gojiet to, lai uztur\u0113tu veiktsp\u0113ju.<\/p>\n<h2>Apkopes uzdevumi<\/h2>\n<ul>\n<li><strong>Regul\u0101ra p\u0101rbaude:<\/strong> Regul\u0101ras p\u0101rbaudes pal\u012bdz identific\u0113t potenci\u0101los boj\u0101jumus, pirms tie saasin\u0101s. Mekl\u0113jiet nodiluma, korozijas vai nopl\u016b\u017eu paz\u012bmes.<\/li>\n<li><strong>Pareiza e\u013c\u013co\u0161ana:<\/strong> Lubrication is essential for reducing friction and ensuring smooth operation. Use the recommended hydraulic oil and follow the manufacturer&#8217;s guidelines for frequency and quantity.<\/li>\n<li><strong>Bl\u012bv\u0113juma nomai\u0146a:<\/strong> Laika gait\u0101 bl\u012bves nolietojas un ir j\u0101nomaina. Regul\u0101ri j\u0101p\u0101rbauda, \u200b\u200bvai bl\u012bves ir neskartas, un p\u0113c nepiecie\u0161am\u012bbas t\u0101s j\u0101nomaina.<\/li>\n<\/ul>\n<h2>Dro\u0161\u012bbas apsv\u0113rumi<\/h2>\n<p>Darbinot hidraulisko apr\u012bkojumu, dro\u0161\u012bbas pas\u0101kumiem j\u0101pie\u0161\u0137ir priorit\u0101te. Vienm\u0113r iev\u0113rojiet ekspluat\u0101cijas vadl\u012bnijas un p\u0101rliecinieties, ka visas dro\u0161\u012bbas funkcijas darbojas pareizi. Operatoriem j\u0101b\u016bt apm\u0101c\u012btiem pareiz\u0101 hidraulisko sist\u0113mu lieto\u0161an\u0101, lai samazin\u0101tu negad\u012bjumu risku. Regul\u0101ras dro\u0161\u012bbas p\u0101rbaudes var pal\u012bdz\u0113t identific\u0113t iesp\u0113jamos apdraud\u0113jumus un nodro\u0161in\u0101t dro\u0161\u012bbas protokolu iev\u0113ro\u0161anu.<\/p>\n<h2>Bie\u017ei sastopamo probl\u0113mu nov\u0113r\u0161ana<\/h2>\n<ul>\n<li><strong>Nopl\u016bde:<\/strong> Bie\u017ei sastopama probl\u0113ma, ko bie\u017ei izraisa nodilu\u0161as bl\u012bves. P\u0101rbaudiet bl\u012bves un nomainiet visas, kur\u0101m ir boj\u0101jumu paz\u012bmes.<\/li>\n<li><strong>L\u0113na darb\u012bba:<\/strong> Tas var liecin\u0101t par zemu hidraulisk\u0101 \u0161\u0137idruma l\u012bmeni vai aizsprostojumiem sist\u0113m\u0101. P\u0101rbaudiet \u0161\u0137idruma l\u012bmeni un nov\u0113rsiet visus aizsprostojumus.<\/li>\n<li><strong>Neparastas ska\u0146as:<\/strong> Trok\u0161\u0146i var liecin\u0101t par meh\u0101nisk\u0101m probl\u0113m\u0101m vai nepietiekamu e\u013c\u013co\u0161anu. Izp\u0113tiet trok\u0161\u0146a avotu un nov\u0113rsiet visus apkopes darbus.<\/li>\n<\/ul>\n<p><img decoding=\"async\" src=\"https:\/\/www.hydraulic-cylinders.net\/wp-content\/uploads\/2025\/04\/songte-bushings-with-all-kinds-of-excavator-models.webp\" alt=\"Ekskavatora bukses\" \/><\/p>\n<h2>Probl\u0113mu risin\u0101\u0161anas padomi<\/h2>\n<p>Lai efekt\u012bvi diagnostic\u0113tu un nov\u0113rstu hidraulisk\u0101s probl\u0113mas, operatoriem ir j\u0101veic detaliz\u0113ta visu neatbilst\u012bbu re\u0123istr\u0101cija. Regul\u0101ra apkope un p\u0101rbaudes bie\u017ei vien var nov\u0113rst probl\u0113mu ra\u0161anos. Noder\u012bga ir ar\u012b atbilsto\u0161a operatoru apm\u0101c\u012bba par bie\u017ei sastopam\u0101m probl\u0113m\u0101m un to risin\u0101jumiem. Proakt\u012bvas pieejas ievie\u0161ana apkopei pal\u012bdz\u0113s samazin\u0101t d\u012bkst\u0101ves laiku un uzlabos darb\u012bbas efektivit\u0101ti.<\/p>\n<h2>Par m\u016bsu uz\u0146\u0113mumu<\/h2>\n<p>M\u0113s esam vado\u0161ais rezerves hidraulisko cilindru ra\u017eot\u0101js, kas pied\u0101v\u0101 pla\u0161u produktu kl\u0101stu, kas ir nostiprin\u0101jis m\u016bsu k\u0101 galven\u0101 sp\u0113l\u0113t\u0101ja poz\u012bciju gan viet\u0113j\u0101, gan starptautiskaj\u0101 tirg\u016b. M\u016bsu ap\u0146em\u0161an\u0101s sasniegt izcil\u012bbu atspogu\u013cojas m\u016bsu pilnveidotaj\u0101s ra\u017eo\u0161anas vad\u012bbas strat\u0113\u0123ij\u0101s un modernu tehnolo\u0123iju izmanto\u0161an\u0101. M\u0113s nep\u0101rtraukti uzlabojam savas ra\u017eo\u0161anas iesp\u0113jas, nodro\u0161inot augstu efektivit\u0101ti, precizit\u0101ti un kvalit\u0101ti. M\u016bsu pieredz\u0113jus\u012b tehnisk\u0101 komanda un profesion\u0101l\u0101s test\u0113\u0161anas sist\u0113mas veicina m\u016bsu sp\u0113c\u012bgo produktu pied\u0101v\u0101jumu.<\/p>\n<p><img decoding=\"async\" src=\"https:\/\/www.hydraulic-cylinders.net\/wp-content\/uploads\/2025\/04\/songte-company-4.webp\" alt=\"Uz\u0146\u0113muma p\u0101rskats\" \/><br \/>\n<img decoding=\"async\" src=\"https:\/\/www.hydraulic-cylinders.net\/wp-content\/uploads\/2025\/04\/songte-company-3.webp\" alt=\"Ra\u017eo\u0161anas iek\u0101rta\" \/><\/p>\n<p>M\u016bsu pieredze aptver da\u017e\u0101das jomas, tostarp specializ\u0101ciju piel\u0101gotos risin\u0101jumos, atbilst\u012bbu starptautiskajiem sertifik\u0101tiem un sp\u0113c\u012bgu p\u0113cp\u0101rdo\u0161anas atbalsta sist\u0113mu. M\u016bsu m\u0113r\u0137is ir apmierin\u0101t klientu da\u017e\u0101d\u0101s vajadz\u012bbas, koncentr\u0113joties uz inov\u0101cij\u0101m un kvalitat\u012bvu apkalpo\u0161anu.<\/p>\n<p>Autors: lil<\/p>","protected":false},"excerpt":{"rendered":"<p>Boom Cylinder For Tota TX60C Product Overview The Boom Cylinder is a crucial hydraulic component specifically designed for the Tota TX60C. This hydraulic cylinder operates the movement of heavy machinery buckets, enabling functions such as lifting, lowering, and tilting. It plays an essential role in various applications, facilitating material handling tasks in construction and agricultural [&hellip;]<\/p>","protected":false},"featured_media":17869,"comment_status":"open","ping_status":"closed","template":"","meta":{"_et_pb_use_builder":"","_et_pb_old_content":"","_et_gb_content_width":""},"product_brand":[],"product_cat":[1546],"product_tag":[1547,1496],"class_list":{"0":"post-19591","1":"product","2":"type-product","3":"status-publish","4":"has-post-thumbnail","6":"product_cat-boom-cylinders","7":"product_tag-boom-cylinders","8":"product_tag-hydraulic-cylinders","10":"first","11":"instock","12":"shipping-taxable","13":"product-type-simple"},"amp_enabled":true,"_links":{"self":[{"href":"https:\/\/www.hydraulic-cylinders.net\/lv\/wp-json\/wp\/v2\/product\/19591","targetHints":{"allow":["GET"]}}],"collection":[{"href":"https:\/\/www.hydraulic-cylinders.net\/lv\/wp-json\/wp\/v2\/product"}],"about":[{"href":"https:\/\/www.hydraulic-cylinders.net\/lv\/wp-json\/wp\/v2\/types\/product"}],"replies":[{"embeddable":true,"href":"https:\/\/www.hydraulic-cylinders.net\/lv\/wp-json\/wp\/v2\/comments?post=19591"}],"wp:featuredmedia":[{"embeddable":true,"href":"https:\/\/www.hydraulic-cylinders.net\/lv\/wp-json\/wp\/v2\/media\/17869"}],"wp:attachment":[{"href":"https:\/\/www.hydraulic-cylinders.net\/lv\/wp-json\/wp\/v2\/media?parent=19591"}],"wp:term":[{"taxonomy":"product_brand","embeddable":true,"href":"https:\/\/www.hydraulic-cylinders.net\/lv\/wp-json\/wp\/v2\/product_brand?post=19591"},{"taxonomy":"product_cat","embeddable":true,"href":"https:\/\/www.hydraulic-cylinders.net\/lv\/wp-json\/wp\/v2\/product_cat?post=19591"},{"taxonomy":"product_tag","embeddable":true,"href":"https:\/\/www.hydraulic-cylinders.net\/lv\/wp-json\/wp\/v2\/product_tag?post=19591"}],"curies":[{"name":"wp","href":"https:\/\/api.w.org\/{rel}","templated":true}]}}