{"id":19592,"date":"2025-04-07T06:56:19","date_gmt":"2025-04-07T06:56:19","guid":{"rendered":"https:\/\/www.hydraulic-cylinders.net\/product\/boom-cylinder-for-tota-tx210c\/"},"modified":"2025-04-07T06:56:22","modified_gmt":"2025-04-07T06:56:22","slug":"boom-cylinder-for-tota-tx210c","status":"publish","type":"product","link":"https:\/\/www.hydraulic-cylinders.net\/lv\/products\/boom-cylinder-for-tota-tx210c\/","title":{"rendered":"Str\u0113les cilindrs Tota TX210C"},"content":{"rendered":"<h1>Str\u0113les cilindrs Tota TX210C<\/h1>\n<h2>Produkta p\u0101rskats<\/h2>\n<p>Tota TX210C str\u0113les cilindrs ir kritiski svar\u012bga hidraulisko sist\u0113mu sast\u0101vda\u013ca, kas \u012bpa\u0161i paredz\u0113ta str\u0113les kust\u012bbas vad\u012bbai da\u017e\u0101d\u0101s smagaj\u0101s ma\u0161\u012bn\u0101s, piem\u0113ram, ekskavatoros, iekr\u0101v\u0113jos ar ekskavatoru un front\u0101lajos iekr\u0101v\u0113jos. \u0160is hidrauliskais cilindrs ir atbild\u012bgs par str\u0113les pacel\u0161anu, nolai\u0161anu un noliek\u0161anu, atvieglojot efekt\u012bvus materi\u0101lu apstr\u0101des uzdevumus.<\/p>\n<p>B\u016bt\u012bb\u0101 kausa cilindrs ir hidraulisk\u0101 cilindra veids, kas izstr\u0101d\u0101ts prec\u012bzai un uzticamai darb\u012bbai. Tas nodro\u0161ina, ka smag\u0101 tehnika var efekt\u012bvi manevr\u0113t sare\u017e\u0123\u012btos darba apst\u0101k\u013cos, padarot to par neaizst\u0101jamu elementu b\u016bvniec\u012bb\u0101, lauksaimniec\u012bb\u0101 un cit\u0101s lieljaudas lietojumprogramm\u0101s.<\/p>\n<p><img decoding=\"async\" src=\"https:\/\/www.hydraulic-cylinders.net\/wp-content\/uploads\/2025\/04\/songte-company-1.webp\" alt=\"Str\u0113les cilindra att\u0113ls\" \/><\/p>\n<h2>Galven\u0101s iez\u012bmes<\/h2>\n<ul>\n<li><strong>Augsta iztur\u012bba un ilgm\u016b\u017e\u012bba:<\/strong> \u0160ie cilindri, kas izgatavoti no augstas stipr\u012bbas t\u0113rauda vai alum\u012bnija, var iztur\u0113t augstu spiedienu un lielas slodzes, piel\u0101gojoties skarbajai darba videi. Konstrukcij\u0101 uzsv\u0113rta nodilumiztur\u012bba un iztur\u012bba pret koroziju, nodro\u0161inot ilg\u0101ku kalpo\u0161anas laiku.<\/li>\n<li><strong>Efekt\u012bva hidraulisk\u0101 darb\u012bba:<\/strong> Izmantojot hidraulisk\u0101s e\u013c\u013cas spiedienu, \u0161ie cilindri nodro\u0161ina vienm\u0113r\u012bgas izstiep\u0161anas un ievilk\u0161anas kust\u012bbas. Tie var \u0101tri rea\u0123\u0113t uz vad\u012bbas komand\u0101m, nodro\u0161inot jaud\u012bgu stum\u0161anas un vilk\u0161anas sp\u0113ku, kas ir ide\u0101li piem\u0113rots smagu materi\u0101lu apstr\u0101dei un sare\u017e\u0123\u012btu uzdevumu veik\u0161anai.<\/li>\n<li><strong>Da\u017e\u0101di veidi:<\/strong> Str\u0113les cilindri ir pieejami vienvirziena darb\u012bbas (darbojas vien\u0101 virzien\u0101) un divk\u0101r\u0161as darb\u012bbas (darbojas abos virzienos) konfigur\u0101cij\u0101s, lai apmierin\u0101tu da\u017e\u0101das ekspluat\u0101cijas vajadz\u012bbas. Da\u017ei mode\u013ci ir teleskopiski, kas \u013cauj veikt liel\u0101ku pagarin\u0101jumu, nepalielinot \u0101r\u0113jos izm\u0113rus, un ir piem\u0113roti lietojumiem ar ierobe\u017eotu vietu.<\/li>\n<li><strong>Piel\u0101gota ra\u017eo\u0161ana:<\/strong> M\u0113s ra\u017eojam \u0161os produktus, lai perfekti aizst\u0101tu hidrauliskos cilindrus, nodro\u0161inot sader\u012bbu un veiktsp\u0113ju.<\/li>\n<li><strong>Daudzpus\u012bgi pielietojumi:<\/strong> Piem\u0113rots da\u017e\u0101d\u0101m ma\u0161\u012bn\u0101m un uzdevumiem, uzlabojot darb\u012bbas efektivit\u0101ti da\u017e\u0101d\u0101s nozar\u0113s.<\/li>\n<\/ul>\n<p><img decoding=\"async\" src=\"https:\/\/www.hydraulic-cylinders.net\/wp-content\/uploads\/2025\/04\/songte-cylinder-head-with-all-kinds-excavator-models.webp\" alt=\"Ekskavatoru mode\u013ci\" \/><\/p>\n<h2>Pieteikumi<\/h2>\n<h3>Celtniec\u012bbas apr\u012bkojums<\/h3>\n<p>Str\u0113les cilindri ir atrodami ekskavatoros, un tiem ir iz\u0161\u0137iro\u0161a noz\u012bme rak\u0161an\u0101, iekrau\u0161an\u0101 un augsnes vai gru\u017eu p\u0101rvieto\u0161an\u0101. Tie \u013cauj prec\u012bzi kontrol\u0113t str\u0113les kust\u012bbas, padarot uzdevumus efekt\u012bvus un lietder\u012bgus. Ekskavatoros-iekr\u0101v\u0113jos \u0161ie cilindri pal\u012bdz gan rak\u0161anas, gan cel\u0161anas oper\u0101cij\u0101s, demonstr\u0113jot to daudzpus\u012bbu b\u016bvniec\u012bbas projektos.<\/p>\n<h3>Lauksaimniec\u012bbas tehnika<\/h3>\n<p>Front\u0101lajos iekr\u0101v\u0113jos str\u0113les cilindri ir atbild\u012bgi par augsnes, siena un citu materi\u0101lu sav\u0101k\u0161anu, cel\u0161anu un transport\u0113\u0161anu. To uzticam\u0101 darb\u012bba pal\u012bdz lauksaimniekiem un lauksaimniec\u012bbas darbiniekiem viegli p\u0101rvald\u012bt smagas kravas, uzlabojot produktivit\u0101ti saimniec\u012bb\u0101.<\/p>\n<h3>Ekskavatori<\/h3>\n<p>Ekskavatoros str\u0113les cilindrs \u013cauj kausam efekt\u012bvi iek\u013c\u016bt zem\u0113 rak\u0161anas darbu laik\u0101. \u0160\u012b funkcionalit\u0101te ir vit\u0101li svar\u012bga b\u016bvniec\u012bbas, ainavu veido\u0161anas un in\u017eeniertehniskajos projektos, kur nepiecie\u0161ama dzi\u013ca rak\u0161ana un zemes p\u0101rvieto\u0161ana.<\/p>\n<h3>Iekr\u0101v\u0113ji<\/h3>\n<p>Front\u0101lajos iekr\u0101v\u0113jos str\u0113les cilindri pal\u012bdz efekt\u012bvi pacelt un izkraut kravas. Tie nodro\u0161ina, ka materi\u0101lus var \u0101tri un dro\u0161i p\u0101rvietot, uzlabojot iekrau\u0161anas oper\u0101ciju kop\u0113jo efektivit\u0101ti da\u017e\u0101d\u0101s r\u016bpniec\u012bbas vid\u0113s.<\/p>\n<h2>Projekt\u0113\u0161anas apsv\u0113rumi un atlases standarti<\/h2>\n<h3>Kravnes\u012bba<\/h3>\n<p>Izv\u0113loties str\u0113les cilindru, kravnes\u012bba ir \u0101rk\u0101rt\u012bgi svar\u012bga. Ir svar\u012bgi saprast maksim\u0101l\u0101s slodzes, ko cilindrs iztur\u0113s darb\u012bbas laik\u0101. P\u0101rslodze var izrais\u012bt katastrof\u0101las k\u013c\u016bmes, t\u0101p\u0113c ir svar\u012bgi izv\u0113l\u0113ties cilindru ar piem\u0113rotu kravnes\u012bbas nov\u0113rt\u0113jumu konkr\u0113tiem lietojumiem. Tas ietver apstr\u0101d\u0101jam\u0101 materi\u0101la svara un nepiecie\u0161am\u0101 pacel\u0161anas augstuma nov\u0113rt\u0113\u0161anu. Ra\u017eot\u0101ji bie\u017ei nor\u0101da kravnes\u012bbas nov\u0113rt\u0113jumus, pamatojoties uz stingru test\u0113\u0161anu, nodro\u0161inot, ka cilindri var darboties paredz\u0113tajos darba apst\u0101k\u013cos.<\/p>\n<h3>Bl\u012bv\u0113juma veiktsp\u0113ja<\/h3>\n<p>Hidrauliskajos cilindros bl\u012bv\u0113jums ir \u013coti svar\u012bgs, lai nov\u0113rstu \u0161\u0137idruma nopl\u016bdi un uztur\u0113tu spiedienu. Lai nodro\u0161in\u0101tu optim\u0101lu veiktsp\u0113ju un ilgm\u016b\u017e\u012bbu, j\u0101izv\u0113las augstas kvalit\u0101tes bl\u012bv\u0113jumi. Bl\u012bv\u0113jumiem izmantotajiem materi\u0101liem j\u0101iztur skarbie apst\u0101k\u013ci, ar kuriem tie saskaras, tostarp temperat\u016bras sv\u0101rst\u012bbas un pies\u0101r\u0146ot\u0101ju iedarb\u012bba. Pareiza bl\u012bv\u0113\u0161ana ne tikai uzlabo efektivit\u0101ti, bet ar\u012b pagarina hidraulisk\u0101s sist\u0113mas kalpo\u0161anas laiku. Regul\u0101ra bl\u012bv\u0113jumu apkope ir nepiecie\u0161ama, lai nov\u0113rstu nopl\u016bdes, kas var\u0113tu samazin\u0101t veiktsp\u0113ju un izrais\u012bt iesp\u0113jamus boj\u0101jumus.<\/p>\n<h3>Iztur\u012bba<\/h3>\n<p>Iztur\u012bba ir galvenais apsv\u0113rums, jo str\u0113les cilindri darbojas sare\u017e\u0123\u012btos apst\u0101k\u013cos. Konstrukcij\u0101 izmantotajiem materi\u0101liem j\u0101b\u016bt iztur\u012bgiem pret nodilumu un koroziju, nodro\u0161inot ilgtermi\u0146a uzticam\u012bbu. Ra\u017eot\u0101ji iek\u013cauj uzlabotus p\u0101rkl\u0101jumus un apstr\u0101des metodes, lai uzlabotu cilindru iztur\u012bbu, \u013caujot tiem iztur\u0113t lielas slodzes apst\u0101k\u013cus. Izpratne par vides faktoriem, ar kuriem cilindrs saskarsies, piem\u0113ram, mitrumu, putek\u013ciem un ekstrem\u0101l\u0101m temperat\u016br\u0101m, pal\u012bdz izv\u0113l\u0113ties atbilsto\u0161i iztur\u012bgas iesp\u0113jas.<\/p>\n<h3>Dro\u0161\u012bbas funkcijas<\/h3>\n<p>Dro\u0161\u012bba ir \u0101rk\u0101rt\u012bgi svar\u012bga hidraulisko cilindru projekt\u0113\u0161an\u0101. T\u0101das funkcijas k\u0101 spiediena samazin\u0101\u0161anas v\u0101rsti un dro\u0161\u012bbas meh\u0101nismi ir \u013coti svar\u012bgas, lai nov\u0113rstu negad\u012bjumus un iek\u0101rtu boj\u0101jumus. Operatoriem j\u0101zina par \u0161\u012bm dro\u0161\u012bbas funkcij\u0101m un j\u0101saprot, k\u0101 t\u0101s efekt\u012bvi izmantot ekspluat\u0101cijas laik\u0101. Regul\u0101ra apm\u0101c\u012bba par dro\u0161\u012bbas pas\u0101kumiem var iev\u0113rojami samazin\u0101t negad\u012bjumu risku, kas saist\u012bts ar hidrauliskaj\u0101m iek\u0101rt\u0101m.<\/p>\n<h3>Apkope un izmantojam\u012bba<\/h3>\n<p>V\u0113l viens svar\u012bgs projekt\u0113\u0161anas apsv\u0113rums ir apkope un apkalpojam\u012bba. Hidrauliskajiem cilindriem j\u0101b\u016bt konstru\u0113tiem t\u0101, lai tiem b\u016btu \u0113rta piek\u013cuve iek\u0161\u0113j\u0101m sast\u0101vda\u013c\u0101m regul\u0101rai p\u0101rbaudei un apkopei. Tas ietver iesp\u0113ju nomain\u012bt bl\u012bves, p\u0101rbaud\u012bt \u0161\u0137idruma l\u012bmeni un veikt hidraulisk\u0101s e\u013c\u013cas apkopi bez pla\u0161as demont\u0101\u017eas. Labi konstru\u0113ts cilindrs samazin\u0101s d\u012bkst\u0101ves laiku un apkopes izmaksas, t\u0101d\u0113j\u0101di veicinot kop\u0113jo darb\u012bbas efektivit\u0101ti.<\/p>\n<p><img decoding=\"async\" src=\"https:\/\/www.hydraulic-cylinders.net\/wp-content\/uploads\/2025\/04\/songte-oil-pipes-and-spare-parts.webp\" alt=\"E\u013c\u013cas caurules un rezerves da\u013cas\" \/><\/p>\n<h2>Bl\u012bv\u0113\u0161ana un e\u013c\u013co\u0161ana<\/h2>\n<p>Efekt\u012bva bl\u012bv\u0113\u0161ana un e\u013c\u013co\u0161ana ir b\u016btiska hidraulisko cilindru darb\u012bbai. Lai nov\u0113rstu \u0161\u0137idruma nopl\u016bdes, tiek izmantoti da\u017e\u0101di bl\u012bv\u0113\u0161anas komponenti, piem\u0113ram, virzu\u013ca bl\u012bv\u0113jumi un stie\u0146a bl\u012bv\u0113jumi. Bl\u012bv\u0113jumi, kas izgatavoti no nodilumiztur\u012bgiem materi\u0101liem, piem\u0113ram, poliuret\u0101na un nitrila gumijas, ir priek\u0161roka to iztur\u012bbai un uzticam\u012bbai. Cilindra korpuss un v\u012bt\u0146ot\u0101s gala virsmas tiek r\u016bp\u012bgi apstr\u0101d\u0101tas, lai uzlabotu nodilumiztur\u012bbu un kop\u0113jo veiktsp\u0113ju. Regul\u0101ri pievienot atbilsto\u0161u hidraulisk\u0101s e\u013c\u013cas daudzumu e\u013c\u013co\u0161anai ir svar\u012bgi, lai uztur\u0113tu optim\u0101lu darb\u012bbu un samazin\u0101tu nodilumu.<\/p>\n<h2>Prevent\u012bvie apkopes pas\u0101kumi<\/h2>\n<ul>\n<li><strong>Regul\u0101ras p\u0101rbaudes:<\/strong> Ir \u013coti svar\u012bgi veikt regul\u0101ras hidraulisk\u0101s sist\u0113mas p\u0101rbaudes. Tas ietver nopl\u016b\u017eu p\u0101rbaudi, bl\u012bv\u0113jumu st\u0101vok\u013ca nov\u0113rt\u0113\u0161anu un optim\u0101la hidraulisk\u0101 \u0161\u0137idruma l\u012bme\u0146a nodro\u0161in\u0101\u0161anu. Potenci\u0101lo probl\u0113mu agr\u012bna atkl\u0101\u0161ana var nov\u0113rst d\u0101rgus remontdarbus un d\u012bkst\u0101ves.<\/li>\n<li><strong>E\u013c\u013co\u0161ana:<\/strong> Ir svar\u012bgi nodro\u0161in\u0101t, lai visas kust\u012bg\u0101s da\u013cas b\u016btu pien\u0101c\u012bgi iee\u013c\u013cotas, lai samazin\u0101tu berzi un nodilumu. Regul\u0101ra ieteicam\u0101s hidraulisk\u0101s e\u013c\u013cas lieto\u0161ana pal\u012bdz uztur\u0113t efekt\u012bvu darb\u012bbu un paildzina cilindra kalpo\u0161anas laiku.<\/li>\n<li><strong>Bl\u012bv\u0113juma nomai\u0146a:<\/strong> Laika gait\u0101 bl\u012bves var nolietoties un zaud\u0113t savu efektivit\u0101ti. Lai nov\u0113rstu nopl\u016bdes un uztur\u0113tu hidraulisko efektivit\u0101ti, ir nepiecie\u0161ama regul\u0101ra nomai\u0146a. Rezerves bl\u012bvju invent\u0101ra uztur\u0113\u0161ana var atvieglot savlaic\u012bgu apkopi.<\/li>\n<\/ul>\n<h2>Uzst\u0101d\u012b\u0161anas vadl\u012bnijas<\/h2>\n<p>Pareiza str\u0113les cilindra uzst\u0101d\u012b\u0161ana ir \u013coti svar\u012bga optim\u0101lai veiktsp\u0113jai un dro\u0161\u012bbai. J\u0101iev\u0113ro \u0161\u0101das vadl\u012bnijas:<\/p>\n<ol>\n<li><strong>Pareiza izl\u012bdzin\u0101\u0161ana:<\/strong> P\u0101rliecinieties, vai cilindrs ir pareizi izl\u012bdzin\u0101ts ar iek\u0101rtas stiprin\u0101juma punktiem. Nepareiza izl\u012bdzin\u0101\u0161ana var izrais\u012bt nevienm\u0113r\u012bgu nodilumu un iesp\u0113jamu boj\u0101jumu.<\/li>\n<li><strong>Izmantojiet atbilsto\u0161us mont\u0101\u017eas kron\u0161teinus:<\/strong> Izmantojiet ieteicam\u0101s mont\u0101\u017eas kron\u0161teinus, lai nostiprin\u0101tu cilindru viet\u0101. Tas nodro\u0161in\u0101s stabilit\u0101ti un nov\u0113rs\u012bs jebk\u0101du kust\u012bbu darb\u012bbas laik\u0101.<\/li>\n<li><strong>Hidrauliskie savienojumi:<\/strong> P\u0101rliecinieties, vai visi hidrauliskie savienojumi ir dro\u0161i un bez nopl\u016bd\u0113m. Pirms pievieno\u0161anas p\u0101rbaudiet, vai \u0161\u013c\u016bten\u0113m un savienojumiem nav nodiluma vai boj\u0101jumu paz\u012bmju.<\/li>\n<li><strong>Test\u0113\u0161anas darb\u012bbas:<\/strong> P\u0113c uzst\u0101d\u012b\u0161anas veiciet testa darb\u012bbu, lai p\u0101rliecin\u0101tos, ka cilindrs darbojas nevainojami. Uzraugiet, vai nav dzirdamas neparastas ska\u0146as vai kust\u012bbas, kas var\u0113tu liecin\u0101t par uzst\u0101d\u012b\u0161anas probl\u0113mu.<\/li>\n<li><strong>Dokument\u0101cija:<\/strong> Saglab\u0101jiet uzst\u0101d\u012b\u0161anas procesa ierakstu, tostarp par visiem veiktajiem piel\u0101gojumiem un izmantotaj\u0101m deta\u013c\u0101m. \u0160\u012b dokument\u0101cija var b\u016bt v\u0113rt\u012bga turpm\u0101kai apkopei un p\u0101rbaud\u0113m.<\/li>\n<\/ol>\n<h2>Bie\u017ei sastopamie apkopes uzdevumi<\/h2>\n<ul>\n<li><strong>Regul\u0101ras p\u0101rbaudes:<\/strong> Regul\u0101ras hidraulisko sist\u0113mu p\u0101rbaudes pal\u012bdz laikus identific\u0113t iesp\u0113jam\u0101s probl\u0113mas. Operatoriem j\u0101p\u0101rbauda, \u200b\u200bvai nav nopl\u016b\u017eu, bl\u012bv\u0113jumu nodiluma un kop\u0113jais st\u0101voklis, lai nodro\u0161in\u0101tu optim\u0101lu darb\u012bbu.<\/li>\n<li><strong>Pareiza e\u013c\u013co\u0161ana:<\/strong> Pareiza e\u013c\u013co\u0161ana ir \u013coti svar\u012bga hidraulisko cilindru ilgm\u016b\u017e\u012bbai. Operatoriem j\u0101nodro\u0161ina pietiekams hidraulisk\u0101s e\u013c\u013cas l\u012bmenis un regul\u0101ra e\u013c\u013cas nomai\u0146a p\u0113c nepiecie\u0161am\u012bbas.<\/li>\n<li><strong>Bl\u012bv\u0113juma nomai\u0146a:<\/strong> Bl\u012bv\u0113jumu integrit\u0101te ir \u013coti svar\u012bga nopl\u016b\u017eu nov\u0113r\u0161anai. Regul\u0101ra bl\u012bv\u0113jumu nomai\u0146a pal\u012bdz uztur\u0113t hidraulisko spiedienu un efektivit\u0101ti, nodro\u0161inot hidraulisk\u0101s sist\u0113mas vienm\u0113r\u012bgu darb\u012bbu.<\/li>\n<\/ul>\n<h2>Dro\u0161\u012bbas apsv\u0113rumi un vides faktori<\/h2>\n<p>Izmantojot hidrauliskos cilindrus, dro\u0161\u012bbas pas\u0101kumi ir \u0101rk\u0101rt\u012bgi svar\u012bgi. Operatoriem j\u0101apzin\u0101s iesp\u0113jamie apdraud\u0113jumi, kas saist\u012bti ar hidrauliskaj\u0101m sist\u0113m\u0101m, tostarp augstspiediena \u0161\u0137idruma nopl\u016bdes, kas var izrais\u012bt nopietnus savainojumus. Dro\u0161\u012bbas protokolu ievie\u0161ana, piem\u0113ram, atbilsto\u0161u individu\u0101lo aizsardz\u012bbas l\u012bdzek\u013cu valk\u0101\u0161ana un dro\u0161\u012bbas apm\u0101c\u012bbu vad\u012b\u0161ana, ir b\u016btiska, lai samazin\u0101tu riskus. Turkl\u0101t, lai nodro\u0161in\u0101tu atbilst\u012bbu noteikumiem un samazin\u0101tu ietekmi uz vidi, ir svar\u012bgi \u0146emt v\u0113r\u0101 t\u0101dus vides faktorus k\u0101 \u0161\u0137idrumu utiliz\u0101cija un pies\u0101r\u0146ojums.<\/p>\n<h2>Probl\u0113mu nov\u0113r\u0161ana un bie\u017ei sastopamas probl\u0113mas<\/h2>\n<ul>\n<li><strong>\u0160\u0137idruma nopl\u016bde:<\/strong> Viena no visbie\u017e\u0101k sastopamaj\u0101m probl\u0113m\u0101m ir \u0161\u0137idruma nopl\u016bde. Tas bie\u017ei nor\u0101da uz nodilu\u0161iem bl\u012bv\u0113jumiem vai boj\u0101t\u0101m \u0161\u013c\u016bten\u0113m. P\u0101rbaudiet bl\u012bves un savienojumus, vai tie nav nodilu\u0161i, un nomainiet tos, ja nepiecie\u0161ams, lai nov\u0113rstu turpm\u0101ku nopl\u016bdi.<\/li>\n<li><strong>L\u0113na vai nekonsekventa kust\u012bba:<\/strong> Ja cilindrs kustas l\u0113ni vai nevienm\u0113r\u012bgi, tas var liecin\u0101t par zemu hidraulisk\u0101 \u0161\u0137idruma l\u012bmeni vai gaisu sist\u0113m\u0101. P\u0101rbaudiet \u0161\u0137idruma l\u012bmeni un atgaisojiet sist\u0113mu, lai izvad\u012btu iesprostoto gaisu.<\/li>\n<li><strong>Neparastas ska\u0146as:<\/strong> Jebk\u0101das neparastas ska\u0146as darb\u012bbas laik\u0101, piem\u0113ram, sl\u012bp\u0113\u0161ana vai d\u016bko\u0146a, var liecin\u0101t par meh\u0101nisk\u0101m probl\u0113m\u0101m vai nepietiekamu e\u013c\u013co\u0161anu. Veiciet r\u016bp\u012bgu p\u0101rbaudi, lai noteiktu trok\u0161\u0146a avotu un nekav\u0113joties to nov\u0113rstu.<\/li>\n<\/ul>\n<h2>Produkta ilgm\u016b\u017e\u012bbas padomi<\/h2>\n<p>Lai palielin\u0101tu hidraulisko cilindru kalpo\u0161anas laiku, operatoriem j\u0101iev\u0113ro \u0161ie padomi:<\/p>\n<ul>\n<li>Uzst\u0101d\u012b\u0161anas laik\u0101 nodro\u0161iniet pareizu izl\u012bdzin\u0101\u0161anu, lai nov\u0113rstu nevienm\u0113r\u012bgu nodilumu.<\/li>\n<li>Regul\u0101ri p\u0101rbaudiet un uzturiet hidraulisk\u0101 \u0161\u0137idruma l\u012bmeni, lai nodro\u0161in\u0101tu efekt\u012bvu darb\u012bbu.<\/li>\n<li>Veikt profilaktisko apkopi un proakt\u012bvi nomain\u012bt nolietot\u0101s deta\u013cas.<\/li>\n<\/ul>\n<p><img decoding=\"async\" src=\"https:\/\/www.hydraulic-cylinders.net\/wp-content\/uploads\/2025\/04\/songte-bushings-with-all-kinds-of-excavator-models.webp\" alt=\"Ekskavatora bukses\" \/><\/p>\n<h2>Uz\u0146\u0113muma p\u0101rskats<\/h2>\n<p>M\u0113s esam vado\u0161ais rezerves hidraulisko cilindru ra\u017eot\u0101js, kas pied\u0101v\u0101 pla\u0161u produktu kl\u0101stu, kas apmierina gan viet\u0113jo, gan starptautisko tirgu vajadz\u012bbas. M\u016bsu ap\u0146em\u0161an\u0101s sasniegt izcil\u012bbu mudina m\u016bs ra\u017eot augstas kvalit\u0101tes hidrauliskos cilindrus, kas atbilst stingriem nozares standartiem. Izmantojot progres\u012bvas ra\u017eo\u0161anas metodes un kvalific\u0113tu darbasp\u0113ku, m\u0113s nep\u0101rtraukti uzlabojam savas ra\u017eo\u0161anas iesp\u0113jas.<\/p>\n<p>M\u0113s lepojamies ar savu pieredzi, un m\u016bsu produkti tiek pak\u013cauti stingriem kvalit\u0101tes kontroles pas\u0101kumiem, lai nodro\u0161in\u0101tu uzticam\u012bbu un veiktsp\u0113ju. M\u016bsu starptautiskie sertifik\u0101ti apliecina m\u016bsu ap\u0146em\u0161anos nodro\u0161in\u0101t kvalit\u0101ti, savuk\u0101rt piel\u0101go\u0161anas pakalpojumi \u013cauj mums apmierin\u0101t klientu \u012bpa\u0161\u0101s vajadz\u012bbas.<\/p>\n<p>M\u016bsu modern\u0101k\u0101s ra\u017eo\u0161anas iek\u0101rtas ir apr\u012bkotas ar vismodern\u0101kaj\u0101m iek\u0101rt\u0101m, kas \u013cauj mums ra\u017eot hidrauliskos cilindrus ar precizit\u0101ti un efektivit\u0101ti. Turkl\u0101t m\u0113s nodro\u0161in\u0101m izcilu p\u0113cp\u0101rdo\u0161anas atbalstu, nodro\u0161inot, ka m\u016bsu klienti sa\u0146em nepiecie\u0161amo pal\u012bdz\u012bbu vis\u0101 m\u016bsu produktu dz\u012bves cikl\u0101.<\/p>\n<p><img decoding=\"async\" src=\"https:\/\/www.hydraulic-cylinders.net\/wp-content\/uploads\/2025\/04\/songte-company-4.webp\" alt=\"Uz\u0146\u0113muma att\u0113ls 1\" \/><br \/>\n<img decoding=\"async\" src=\"https:\/\/www.hydraulic-cylinders.net\/wp-content\/uploads\/2025\/04\/songte-company-3.webp\" alt=\"Uz\u0146\u0113muma att\u0113ls 2\" \/><\/p>\n<p>Autors: lil<\/p>","protected":false},"excerpt":{"rendered":"<p>Boom Cylinder For Tota TX210C Product Overview The Boom Cylinder for Tota TX210C is a critical component in hydraulic systems, specifically designed to control the movement of the boom on various heavy machinery such as excavators, backhoe loaders, and front-end loaders. This hydraulic cylinder is responsible for allowing the boom to lift, lower, and tilt, [&hellip;]<\/p>","protected":false},"featured_media":17870,"comment_status":"open","ping_status":"closed","template":"","meta":{"_et_pb_use_builder":"","_et_pb_old_content":"","_et_gb_content_width":""},"product_brand":[],"product_cat":[1546],"product_tag":[1547,1496],"class_list":{"0":"post-19592","1":"product","2":"type-product","3":"status-publish","4":"has-post-thumbnail","6":"product_cat-boom-cylinders","7":"product_tag-boom-cylinders","8":"product_tag-hydraulic-cylinders","10":"first","11":"instock","12":"shipping-taxable","13":"product-type-simple"},"amp_enabled":true,"_links":{"self":[{"href":"https:\/\/www.hydraulic-cylinders.net\/lv\/wp-json\/wp\/v2\/product\/19592","targetHints":{"allow":["GET"]}}],"collection":[{"href":"https:\/\/www.hydraulic-cylinders.net\/lv\/wp-json\/wp\/v2\/product"}],"about":[{"href":"https:\/\/www.hydraulic-cylinders.net\/lv\/wp-json\/wp\/v2\/types\/product"}],"replies":[{"embeddable":true,"href":"https:\/\/www.hydraulic-cylinders.net\/lv\/wp-json\/wp\/v2\/comments?post=19592"}],"wp:featuredmedia":[{"embeddable":true,"href":"https:\/\/www.hydraulic-cylinders.net\/lv\/wp-json\/wp\/v2\/media\/17870"}],"wp:attachment":[{"href":"https:\/\/www.hydraulic-cylinders.net\/lv\/wp-json\/wp\/v2\/media?parent=19592"}],"wp:term":[{"taxonomy":"product_brand","embeddable":true,"href":"https:\/\/www.hydraulic-cylinders.net\/lv\/wp-json\/wp\/v2\/product_brand?post=19592"},{"taxonomy":"product_cat","embeddable":true,"href":"https:\/\/www.hydraulic-cylinders.net\/lv\/wp-json\/wp\/v2\/product_cat?post=19592"},{"taxonomy":"product_tag","embeddable":true,"href":"https:\/\/www.hydraulic-cylinders.net\/lv\/wp-json\/wp\/v2\/product_tag?post=19592"}],"curies":[{"name":"wp","href":"https:\/\/api.w.org\/{rel}","templated":true}]}}