{"id":19593,"date":"2025-04-07T06:56:22","date_gmt":"2025-04-07T06:56:22","guid":{"rendered":"https:\/\/www.hydraulic-cylinders.net\/product\/boom-cylinder-for-xinyuan-crawler-excavator-xy55-8\/"},"modified":"2025-04-07T06:56:24","modified_gmt":"2025-04-07T06:56:24","slug":"boom-cylinder-for-xinyuan-crawler-excavator-xy55-8","status":"publish","type":"product","link":"https:\/\/www.hydraulic-cylinders.net\/lv\/products\/boom-cylinder-for-xinyuan-crawler-excavator-xy55-8\/","title":{"rendered":"K\u0101pur\u0137\u0113\u017eu ekskavatora XY55-8 str\u0113les cilindrs"},"content":{"rendered":"<h1>K\u0101pur\u0137\u0113\u017eu ekskavatora XY55-8 str\u0113les cilindrs<\/h1>\n<h2>Produkta p\u0101rskats<\/h2>\n<p>Str\u0113les cilindrs ir b\u016btiska Xinyuan k\u0101pur\u0137\u0113\u017eu ekskavatora XY55-8 sast\u0101vda\u013ca, kas galvenok\u0101rt paredz\u0113ta ekskavatora rokas kust\u012bbas vad\u012bbai. \u0160is hidrauliskais cilindrs \u013cauj ekskavatoram pacelt, nolaist un noliekt kausu, t\u0101d\u0113j\u0101di atvieglojot efekt\u012bvus materi\u0101lu apstr\u0101des uzdevumus. Str\u0113les cilindrs ir b\u016btiska hidraulisk\u0101s sist\u0113mas sast\u0101vda\u013ca, kas nodro\u0161ina smago ma\u0161\u012bnu vienm\u0113r\u012bgu darb\u012bbu.<\/p>\n<p><img decoding=\"async\" src=\"https:\/\/www.hydraulic-cylinders.net\/wp-content\/uploads\/2025\/04\/songte-company-1.webp\" alt=\"Str\u0113les cilindra att\u0113ls\"><\/p>\n<h2>Str\u0113les cilindra \u012bpa\u0161\u012bbas<\/h2>\n<ul>\n<li><strong>Augsta iztur\u012bba un ilgm\u016b\u017e\u012bba:<\/strong> Parasti no augstas stipr\u012bbas t\u0113rauda vai alum\u012bnija izgatavotais str\u0113les cilindrs var iztur\u0113t augstu spiedienu un lielas slodzes, padarot to piem\u0113rotu skarbajiem darba apst\u0101k\u013ciem.<\/li>\n<li><strong>Efekt\u012bva hidraulisk\u0101 darb\u012bba:<\/strong> Izmanto hidraulisk\u0101s e\u013c\u013cas spiedienu vienm\u0113r\u012bgai izvilk\u0161anai un ievilk\u0161anai, nodro\u0161inot \u0101tru reakciju uz vad\u012bbas komand\u0101m un jaud\u012bgu stum\u0161anas un vilk\u0161anas sp\u0113ku.<\/li>\n<li><strong>Da\u017e\u0101di veidi:<\/strong> Pieejams vienk\u0101r\u0161\u0101s darb\u012bbas (hidraulisk\u0101 vien\u0101 virzien\u0101) vai divk\u0101r\u0161\u0101s darb\u012bbas (hidraulisk\u0101 abos virzienos) konfigur\u0101cij\u0101s, lai apmierin\u0101tu da\u017e\u0101das ekspluat\u0101cijas vajadz\u012bbas. Da\u017ei mode\u013ci ir teleskopiski, kas \u013cauj pan\u0101kt liel\u0101ku pagarin\u0101jumu, nepalielinot \u0101r\u0113jos izm\u0113rus, kas ir ide\u0101li piem\u0113rots ierobe\u017eotas vietas pielietojumiem.<\/li>\n<li><strong>Vienk\u0101r\u0161a nomai\u0146a:<\/strong> M\u016bsu produkti ir izstr\u0101d\u0101ti, lai perfekti aizst\u0101tu eso\u0161os hidrauliskos cilindrus, nodro\u0161inot neman\u0101mu integr\u0101ciju un veiktsp\u0113ju.<\/li>\n<li><strong>Uzlabots dizains:<\/strong> Ietver funkcijas, kas uzlabo nodilumiztur\u012bbu un aizsardz\u012bbu pret koroziju, pagarinot cilindra kalpo\u0161anas laiku.<\/li>\n<\/ul>\n<p><img decoding=\"async\" src=\"https:\/\/www.hydraulic-cylinders.net\/wp-content\/uploads\/2025\/04\/songte-cylinder-head-with-all-kinds-excavator-models.webp\" alt=\"Ekskavatora mode\u013cu att\u0113ls\"><\/p>\n<h2>Str\u0113les cilindra pielietojumi<\/h2>\n<h3>Celtniec\u012bbas apr\u012bkojums<\/h3>\n<p>Ekskavatoros str\u0113les cilindri ir \u013coti svar\u012bgi zemes vai gru\u017eu rak\u0161anai, iekrau\u0161anai un p\u0101rvieto\u0161anai. Tie \u013cauj prec\u012bzi kontrol\u0113t kausa kust\u012bbas, padarot sare\u017e\u0123\u012btus uzdevumus viegl\u0101k paveicamus.<\/p>\n<h3>Lauksaimniec\u012bbas tehnika<\/h3>\n<p>Front\u0101lo iekr\u0101v\u0113ju str\u0113les cilindri ir b\u016btiski augsnes, siena un citu materi\u0101lu sav\u0101k\u0161anai, cel\u0161anai un transport\u0113\u0161anai. To konstrukcija nodro\u0161ina efekt\u012bvu darb\u012bbu lauksaimniec\u012bbas vid\u0113.<\/p>\n<h3>Ekskavatori<\/h3>\n<p>Ekskavatoros str\u0113les cilindrs \u013cauj kausam efekt\u012bvi iek\u013c\u016bt augsn\u0113, atvieglojot rak\u0161anas procesu. \u0160\u012b sp\u0113ja ir vit\u0101li svar\u012bga da\u017e\u0101diem rak\u0161anas darbiem.<\/p>\n<h3>Iekr\u0101v\u0113ji<\/h3>\n<p>Front\u0101lajos iekr\u0101v\u0113jos str\u0113les cilindri pal\u012bdz efekt\u012bvi pacelt un izkraut kravas. \u0160\u012b funkcionalit\u0101te ir \u013coti svar\u012bga, lai uzlabotu produktivit\u0101ti darba viet\u0101s.<\/p>\n<h2>Dizaina apsv\u0113rumi un atlases krit\u0113riji<\/h2>\n<h3>Kravnes\u012bba<\/h3>\n<p>Izv\u0113loties str\u0113les cilindru, j\u0101\u0146em v\u0113r\u0101 konkr\u0113tajam pielietojumam nepiecie\u0161am\u0101 kravnes\u012bba. Tas ietver cilindra maksim\u0101l\u0101 pacel\u0161anas svara nov\u0113rt\u0113\u0161anu un atbilsto\u0161as \u200b\u200bjaudas nodro\u0161in\u0101\u0161anu, lai nov\u0113rstu boj\u0101jumus.<\/p>\n<h3>Bl\u012bv\u0113juma kvalit\u0101te<\/h3>\n<p>Bl\u012bv\u0113jumu kvalit\u0101te ir \u013coti svar\u012bga hidraulisk\u0101 spiediena uztur\u0113\u0161anai un \u0161\u0137idruma nopl\u016b\u017eu nov\u0113r\u0161anai. Bl\u012bv\u0113jumu izv\u0113le b\u016btiski ietekm\u0113 cilindra veiktsp\u0113ju un ilgm\u016b\u017e\u012bbu, t\u0101p\u0113c ir svar\u012bgi izv\u0113l\u0113ties bl\u012bves, kas izgatavotas no augstas kvalit\u0101tes materi\u0101liem.<\/p>\n<h3>Iztur\u012bba<\/h3>\n<p>Iztur\u012bba ir galvenais faktors str\u0113les cilindra konstrukcij\u0101. Tam j\u0101iztur ekstrem\u0101li apst\u0101k\u013ci, tostarp main\u012bga temperat\u016bra un pak\u013cau\u0161ana skarbajiem elementiem. Izmantotajiem materi\u0101liem j\u0101b\u016bt iztur\u012bgiem pret nodilumu un koroziju, nodro\u0161inot ilgu kalpo\u0161anas laiku.<\/p>\n<h3>Dro\u0161\u012bbas funkcijas<\/h3>\n<p>Hidraulisko cilindru konstrukcij\u0101 \u0101rk\u0101rt\u012bgi svar\u012bgas ir dro\u0161\u012bbas funkcijas. Dro\u0161\u012bbas v\u0101rstu un spiediena samazin\u0101\u0161anas meh\u0101nismu iek\u013cau\u0161ana var nov\u0113rst p\u0101rslodzes izrais\u012btus negad\u012bjumus, nodro\u0161inot operatoru dro\u0161\u012bbu.<\/p>\n<h3>Apkopes pieejam\u012bba<\/h3>\n<p>Ir svar\u012bgi projekt\u0113t str\u0113les cilindru t\u0101, lai tas b\u016btu viegli apkopjams. T\u0101das funkcijas k\u0101 viegli nomain\u0101mas bl\u012bves un pieejamas e\u013c\u013co\u0161anas vietas vienk\u0101r\u0161o ikdienas apkopes uzdevumus, t\u0101d\u0113j\u0101di pagarinot cilindra kalpo\u0161anas laiku.<\/p>\n<p><img decoding=\"async\" src=\"https:\/\/www.hydraulic-cylinders.net\/wp-content\/uploads\/2025\/04\/songte-oil-pipes-and-spare-parts.webp\" alt=\"Hidraulisko deta\u013cu att\u0113ls\"><\/p>\n<h2>Bl\u012bv\u0113\u0161ana un e\u013c\u013co\u0161ana<\/h2>\n<p>Hidrauliskaj\u0101 cilindr\u0101 tiek izmantoti da\u017e\u0101di bl\u012bv\u0113\u0161anas komponenti, piem\u0113ram, virzu\u013ca bl\u012bvsl\u0113gi \u200b\u200bun stie\u0146a bl\u012bvsl\u0113gi, lai uztur\u0113tu spiedienu un nov\u0113rstu nopl\u016bdes. Bl\u012bv\u0113jumi bie\u017ei tiek izgatavoti no iztur\u012bgiem materi\u0101liem, piem\u0113ram, poliuret\u0101na un nitrila gumijas, kas nodro\u0161ina izcilu nodilumiztur\u012bbu. Turkl\u0101t cilindra korpuss un v\u012bt\u0146ot\u0101s gala virsmas tiek r\u016bp\u012bgi apstr\u0101d\u0101tas, lai uzlabotu iztur\u012bbu. Lai nodro\u0161in\u0101tu vienm\u0113r\u012bgu darb\u012bbu un nov\u0113rstu nodilumu, ir nepiecie\u0161ama regul\u0101ra e\u013c\u013co\u0161ana ar atbilsto\u0161u hidraulisko e\u013c\u013cu.<\/p>\n<h2>Apkopes pas\u0101kumi<\/h2>\n<ul>\n<li><strong>Regul\u0101ras p\u0101rbaudes:<\/strong> Regul\u0101ri p\u0101rbaudiet str\u0113les cilindru, vai nav nodiluma, nopl\u016b\u017eu vai citu boj\u0101jumu paz\u012bmju. Probl\u0113mu agr\u012bna atkl\u0101\u0161ana var nov\u0113rst nopietn\u0101kus remontdarbus v\u0113l\u0101k.<\/li>\n<li><strong>Pareiza e\u013c\u013co\u0161ana:<\/strong> P\u0101rliecinieties, ka hidraulisk\u0101 e\u013c\u013ca ir papildin\u0101ta un e\u013c\u013co\u0161anas punkti ir pien\u0101c\u012bgi uztur\u0113ti. Tas samazina kust\u012bgo da\u013cu berzi un nodilumu.<\/li>\n<li><strong>Bl\u012bv\u0113juma nomai\u0146a:<\/strong> Laika gait\u0101 bl\u012bves var nolietoties un t\u0101s var b\u016bt j\u0101nomaina. Regul\u0101ri p\u0101rbaudiet bl\u012bves un nomainiet t\u0101s p\u0113c nepiecie\u0161am\u012bbas, lai uztur\u0113tu optim\u0101lu veiktsp\u0113ju.<\/li>\n<\/ul>\n<h2>Uzst\u0101d\u012b\u0161anas vadl\u012bnijas<\/h2>\n<p>Pareiza str\u0113les cilindra uzst\u0101d\u012b\u0161ana ir \u013coti svar\u012bga t\u0101 veiktsp\u0113jai. Uzst\u0101d\u012b\u0161anas laik\u0101 p\u0101rliecinieties, vai cilindrs ir pareizi izl\u012bdzin\u0101ts, lai nov\u0113rstu p\u0101rm\u0113r\u012bgu slodzi uz komponentiem. Cilindra nostiprin\u0101\u0161anai viet\u0101 ieteicams izmantot atbilsto\u0161us mont\u0101\u017eas kron\u0161teinus. Lai nodro\u0161in\u0101tu uzticamu uzst\u0101d\u012b\u0161anu, iev\u0113rojiet ra\u017eot\u0101ja nor\u0101d\u012bjumus par griezes momenta specifik\u0101cij\u0101m un savienojuma metod\u0113m. P\u0113c uzst\u0101d\u012b\u0161anas veiciet r\u016bp\u012bgu p\u0101rbaudi, lai p\u0101rliecin\u0101tos, ka visas sast\u0101vda\u013cas ir dro\u0161i savienotas un darbojas pareizi.<\/p>\n<h2>Bie\u017ei sastopamie apkopes uzdevumi<\/h2>\n<h3>Regul\u0101ras p\u0101rbaudes<\/h3>\n<p>Veiciet regul\u0101ras p\u0101rbaudes, lai laikus identific\u0113tu iesp\u0113jam\u0101s probl\u0113mas. Darb\u012bbas laik\u0101 p\u0101rbaudiet, vai nav nopl\u016b\u017eu, nodiluma un neparastu trok\u0161\u0146u. Agr\u012bna atkl\u0101\u0161ana var ietaup\u012bt izmaksas un nov\u0113rst nopietn\u0101kus boj\u0101jumus.<\/p>\n<h3>Pareiza e\u013c\u013co\u0161ana<\/h3>\n<p>Uztur\u0113t atbilsto\u0161u e\u013c\u013co\u0161anas l\u012bmeni hidrauliskaj\u0101 sist\u0113m\u0101. Nodro\u0161in\u0101t, lai izmantot\u0101 e\u013c\u013ca atbilstu ra\u017eot\u0101ja specifik\u0101cij\u0101m. Nepietiekama e\u013c\u013co\u0161ana var izrais\u012bt palielin\u0101tu nodilumu un iesp\u0113jamu cilindra boj\u0101jumu.<\/p>\n<h3>Bl\u012bv\u0113juma nomai\u0146a un kalibr\u0113\u0161ana<\/h3>\n<p>Regul\u0101ri nomainiet bl\u012bves, lai nov\u0113rstu hidraulisk\u0101 \u0161\u0137idruma nopl\u016bdes. Kalibr\u0113\u0161anas p\u0101rbaudes ir b\u016btiskas, lai nodro\u0161in\u0101tu cilindra optim\u0101lu darb\u012bbu. Iev\u0113rojiet ra\u017eot\u0101ja vadl\u012bnijas, lai nodro\u0161in\u0101tu pareizu regul\u0113\u0161anu un izl\u012bdzin\u0101\u0161anu.<\/p>\n<p><img decoding=\"async\" src=\"https:\/\/www.hydraulic-cylinders.net\/wp-content\/uploads\/2025\/04\/songte-chushion-collar.webp\" alt=\"Spilvenu apkakles att\u0113ls\"><\/p>\n<h2>Dro\u0161\u012bbas apsv\u0113rumi un vides faktori<\/h2>\n<p>Dro\u0161\u012bbas pas\u0101kumi ir \u013coti svar\u012bgi, lietojot hidrauliskos cilindrus. Operatoriem j\u0101b\u016bt apm\u0101c\u012btiem dro\u0161\u0101s ekspluat\u0101cijas proced\u016br\u0101s un j\u0101apzin\u0101s iesp\u0113jamie apdraud\u0113jumi. Turkl\u0101t j\u0101\u0146em v\u0113r\u0101 vides faktori, piem\u0113ram, pak\u013cau\u0161ana skarbajiem elementiem, kas var ietekm\u0113t cilindra ilgm\u016b\u017e\u012bbu un veiktsp\u0113ju. Regul\u0101ra apkope un p\u0101rbaudes var mazin\u0101t ar vides kait\u0113jumu saist\u012btos riskus.<\/p>\n<h2>Bie\u017ei sastopamo probl\u0113mu nov\u0113r\u0161ana<\/h2>\n<ul>\n<li><strong>Nopl\u016bde:<\/strong> Ja hidrauliskais \u0161\u0137idrums nopl\u016bst, p\u0101rbaudiet bl\u012bves un savienojumus. Nodilu\u0161o bl\u012bvju nomai\u0146a un cie\u0161u savienojumu nodro\u0161in\u0101\u0161ana var atrisin\u0101t \u0161o probl\u0113mu.<\/li>\n<li><strong>Nekonsekventa veiktsp\u0113ja:<\/strong> Ja cilindrs neizvirz\u0101s vai neievelkas vienm\u0113r\u012bgi, p\u0101rbaudiet, vai nav \u0161\u0137\u0113r\u0161\u013cu, zema hidraulisk\u0101 \u0161\u0137idruma l\u012bme\u0146a vai boj\u0101tu bl\u012bv\u0113jumu, kas var\u0113tu ietekm\u0113t darb\u012bbu.<\/li>\n<li><strong>P\u0101rkar\u0161ana:<\/strong> Ja hidraulisk\u0101 sist\u0113ma p\u0101rkarst, tas var liecin\u0101t par zemu \u0161\u0137idruma l\u012bmeni vai p\u0101rm\u0113r\u012bgu slodzi. Nodro\u0161iniet atbilsto\u0161u \u0161\u0137idruma l\u012bmeni un izvairieties no iek\u0101rtas p\u0101rslodzes.<\/li>\n<\/ul>\n<h2>Prevent\u012bvie pas\u0101kumi<\/h2>\n<p>Lai samazin\u0101tu iesp\u0113jam\u0101s probl\u0113mas, ieviesiet prevent\u012bvus pas\u0101kumus, piem\u0113ram, regul\u0101ras apkopes p\u0101rbaudes un operatoru apm\u0101c\u012bbu. R\u016bp\u012bga hidraulisk\u0101s sist\u0113mas uzraudz\u012bba var pal\u012bdz\u0113t nov\u0113rst k\u013c\u016bmes un pagarin\u0101t str\u0113les cilindra kalpo\u0161anas laiku.<\/p>\n<p><img decoding=\"async\" src=\"https:\/\/www.hydraulic-cylinders.net\/wp-content\/uploads\/2025\/04\/songte-bushings-with-all-kinds-of-excavator-models.webp\" alt=\"Bukses att\u0113ls\"><\/p>\n<h2>Uz\u0146\u0113muma p\u0101rskats<\/h2>\n<p>M\u0113s esam vado\u0161ais rezerves hidraulisko cilindru ra\u017eot\u0101js, kas pied\u0101v\u0101 pilnu produktu kl\u0101stu viet\u0113jam un starptautiskajam tirgum. M\u016bsu ap\u0146em\u0161anos nodro\u0161in\u0101t kvalit\u0101ti atbalsta prec\u012bzi noregul\u0113ts ra\u017eo\u0161anas process un progres\u012bvas ra\u017eo\u0161anas vad\u012bbas strat\u0113\u0123ijas. M\u0113s past\u0101v\u012bgi uzlabojam savas ra\u017eo\u0161anas platformas ar kvalific\u0113tu tehnisko person\u0101lu, augstas klases digit\u0101lo ra\u017eo\u0161anas apr\u012bkojumu un profesion\u0101l\u0101m test\u0113\u0161anas sist\u0113m\u0101m. \u0160\u012b pieeja \u013cauj mums apmierin\u0101t da\u017e\u0101das klientu vajadz\u012bbas ar augstu efektivit\u0101ti, precizit\u0101ti un kvalit\u0101ti.<\/p>\n<p><img decoding=\"async\" src=\"https:\/\/www.hydraulic-cylinders.net\/wp-content\/uploads\/2025\/04\/songte-company-4.webp\" alt=\"Uz\u0146\u0113muma t\u0113ls\"><br \/>\n<img decoding=\"async\" src=\"https:\/\/www.hydraulic-cylinders.net\/wp-content\/uploads\/2025\/04\/songte-company-3.webp\" alt=\"Uz\u0146\u0113muma t\u0113ls\"><\/p>\n<p>M\u016bsu uz\u0146\u0113mums lepojas ar profesionalit\u0101ti, starptautiskiem sertifik\u0101tiem, piel\u0101gotiem pakalpojumiem, modern\u0101m ra\u017eo\u0161anas iek\u0101rt\u0101m un izcilu p\u0113cp\u0101rdo\u0161anas atbalstu. M\u0113s cen\u0161amies nodro\u0161in\u0101t, lai m\u016bsu klienti sa\u0146emtu lab\u0101kos tirg\u016b pieejamos produktus un pakalpojumus.<\/p>\n<p>Autors: lil<\/p>","protected":false},"excerpt":{"rendered":"<p>Boom Cylinder For Xinyuan Crawler Excavator XY55-8 Product Overview The Boom Cylinder is a vital component for the Xinyuan Crawler Excavator XY55-8, primarily designed to control the movement of the excavator&#8217;s arm. This hydraulic cylinder allows the excavator to lift, lower, and tilt its bucket, facilitating efficient material handling tasks. The boom cylinder is an [&hellip;]<\/p>","protected":false},"featured_media":17871,"comment_status":"open","ping_status":"closed","template":"","meta":{"_et_pb_use_builder":"","_et_pb_old_content":"","_et_gb_content_width":""},"product_brand":[],"product_cat":[1546],"product_tag":[1547,1496],"class_list":{"0":"post-19593","1":"product","2":"type-product","3":"status-publish","4":"has-post-thumbnail","6":"product_cat-boom-cylinders","7":"product_tag-boom-cylinders","8":"product_tag-hydraulic-cylinders","10":"first","11":"instock","12":"shipping-taxable","13":"product-type-simple"},"amp_enabled":true,"_links":{"self":[{"href":"https:\/\/www.hydraulic-cylinders.net\/lv\/wp-json\/wp\/v2\/product\/19593","targetHints":{"allow":["GET"]}}],"collection":[{"href":"https:\/\/www.hydraulic-cylinders.net\/lv\/wp-json\/wp\/v2\/product"}],"about":[{"href":"https:\/\/www.hydraulic-cylinders.net\/lv\/wp-json\/wp\/v2\/types\/product"}],"replies":[{"embeddable":true,"href":"https:\/\/www.hydraulic-cylinders.net\/lv\/wp-json\/wp\/v2\/comments?post=19593"}],"wp:featuredmedia":[{"embeddable":true,"href":"https:\/\/www.hydraulic-cylinders.net\/lv\/wp-json\/wp\/v2\/media\/17871"}],"wp:attachment":[{"href":"https:\/\/www.hydraulic-cylinders.net\/lv\/wp-json\/wp\/v2\/media?parent=19593"}],"wp:term":[{"taxonomy":"product_brand","embeddable":true,"href":"https:\/\/www.hydraulic-cylinders.net\/lv\/wp-json\/wp\/v2\/product_brand?post=19593"},{"taxonomy":"product_cat","embeddable":true,"href":"https:\/\/www.hydraulic-cylinders.net\/lv\/wp-json\/wp\/v2\/product_cat?post=19593"},{"taxonomy":"product_tag","embeddable":true,"href":"https:\/\/www.hydraulic-cylinders.net\/lv\/wp-json\/wp\/v2\/product_tag?post=19593"}],"curies":[{"name":"wp","href":"https:\/\/api.w.org\/{rel}","templated":true}]}}