{"id":19594,"date":"2025-04-07T06:56:25","date_gmt":"2025-04-07T06:56:25","guid":{"rendered":"https:\/\/www.hydraulic-cylinders.net\/product\/boom-cylinder-for-xinyuan-crawler-excavator-xy60-8\/"},"modified":"2025-04-07T06:56:28","modified_gmt":"2025-04-07T06:56:28","slug":"boom-cylinder-for-xinyuan-crawler-excavator-xy60-8","status":"publish","type":"product","link":"https:\/\/www.hydraulic-cylinders.net\/lv\/products\/boom-cylinder-for-xinyuan-crawler-excavator-xy60-8\/","title":{"rendered":"Xinyuan k\u0101pur\u0137\u0113\u017eu ekskavatora XY60-8 str\u0113les cilindrs"},"content":{"rendered":"<h1>Xinyuan k\u0101pur\u0137\u0113\u017eu ekskavatora XY60-8 str\u0113les cilindrs<\/h1>\n<h2>Produkta p\u0101rskats<\/h2>\n<p>Xinyuan k\u0101pur\u0137\u0113\u017eu ekskavatora XY60-8 str\u0113les cilindrs ir b\u016btiska sast\u0101vda\u013ca hidrauliskaj\u0101s sist\u0113m\u0101s, kas paredz\u0113tas smagaj\u0101m ma\u0161\u012bn\u0101m. \u0160is hidrauliskais cilindrs ir \u012bpa\u0161i izstr\u0101d\u0101ts, lai kontrol\u0113tu kausa kust\u012bbu da\u017e\u0101d\u0101s smag\u0101s iek\u0101rt\u0101s, piem\u0113ram, ekskavatoros, ekskavatoros-iekr\u0101v\u0113jos un front\u0101lajos iekr\u0101v\u0113jos. Atvieglojot kausa pacel\u0161anu, nolai\u0161anu un noliek\u0161anu, tas iev\u0113rojami uzlabo materi\u0101lu apstr\u0101des uzdevumus.<\/p>\n<p>K\u0101 hidraulisk\u0101 cilindra veids, kausa cilindrs darb\u012bbai izmanto spiediena hidraulisko e\u013c\u013cu, padarot t\u0101 funkciju vit\u0101li svar\u012bgu efekt\u012bvai veiktsp\u0113jai b\u016bvniec\u012bbas un rak\u0161anas darbos. Str\u0113les cilindra funkcionalit\u0101te ne tikai optimiz\u0113 ekskavatora darb\u012bbu, bet ar\u012b nodro\u0161ina, ka smagus materi\u0101lus var p\u0101rvietot prec\u012bzi un viegli.<\/p>\n<p><img decoding=\"async\" src=\"https:\/\/www.hydraulic-cylinders.net\/wp-content\/uploads\/2025\/04\/songte-company-1.webp\" alt=\"Str\u0113les cilindra att\u0113ls\" \/><\/p>\n<h2>Str\u0113les cilindra \u012bpa\u0161\u012bbas<\/h2>\n<ul>\n<li>\n<h3>Augsta iztur\u012bba un ilgm\u016b\u017e\u012bba<\/h3>\n<p>\u0160is str\u0113les cilindrs, kas izgatavots no augstas stipr\u012bbas t\u0113rauda vai alum\u012bnija, ir paredz\u0113ts, lai iztur\u0113tu augstu spiedienu un lielas slodzes. T\u0101 konstrukcij\u0101 ir \u0146emta v\u0113r\u0101 nodilumiztur\u012bba un aizsardz\u012bba pret koroziju, kas pagarina t\u0101 ekspluat\u0101cijas laiku.<\/p>\n<\/li>\n<li>\n<h3>Efekt\u012bva hidraulisk\u0101 darb\u012bba<\/h3>\n<p>Izmantojot hidraulisk\u0101s e\u013c\u013cas spiedienu, str\u0113les cilindrs nodro\u0161ina vienm\u0113r\u012bgu un \u0101tru izstiep\u0161anu un ievilk\u0161anu. Tas nodro\u0161ina efekt\u012bvu reakciju uz operatora komand\u0101m un jaud\u012bgu stum\u0161anas un vilk\u0161anas sp\u0113ku, kas ir ide\u0101li piem\u0113rots smagu vai sare\u017e\u0123\u012btu uzdevumu veik\u0161anai.<\/p>\n<\/li>\n<li>\n<h3>Da\u017e\u0101di veidi<\/h3>\n<p>Atkar\u012bb\u0101 no ekspluat\u0101cijas pras\u012bb\u0101m str\u0113les cilindru var izv\u0113l\u0113ties k\u0101 vienk\u0101r\u0161as darb\u012bbas (izmanto vien\u0101 virzien\u0101) vai divpus\u0113jas darb\u012bbas (darbojas abos virzienos) modeli. Da\u017eas versijas ir teleskopiskas, kas \u013cauj pan\u0101kt liel\u0101ku pagarin\u0101jumu, nepalielinot \u0101r\u0113jos izm\u0113rus, padarot t\u0101s piem\u0113rotas darbam sl\u0113gt\u0101s telp\u0101s.<\/p>\n<\/li>\n<li>\n<h3>Piel\u0101gota ra\u017eo\u0161ana<\/h3>\n<p>M\u0113s specializ\u0113jamies \u0161\u012b produkta ra\u017eo\u0161an\u0101, un m\u016bsu cilindri lieliski aizst\u0101j eso\u0161os hidrauliskos cilindrus, lai uzlabotu veiktsp\u0113ju un uzticam\u012bbu da\u017e\u0101dos pielietojumos.<\/p>\n<\/li>\n<\/ul>\n<p><img decoding=\"async\" src=\"https:\/\/www.hydraulic-cylinders.net\/wp-content\/uploads\/2025\/04\/songte-cylinder-head-with-all-kinds-excavator-models.webp\" alt=\"Hidraulisko cilindru mode\u013ci\" \/><\/p>\n<h2>Str\u0113les cilindra pielietojumi<\/h2>\n<h3>Celtniec\u012bbas apr\u012bkojums<\/h3>\n<p>Ekskavatoros str\u0113les cilindriem ir iz\u0161\u0137iro\u0161a noz\u012bme augsnes vai gru\u017eu rak\u0161an\u0101, iekrau\u0161an\u0101 un p\u0101rvieto\u0161an\u0101. Tie \u013cauj kausam efekt\u012bvi iek\u013c\u016bt zem\u0113, nodro\u0161inot kontrol\u0113tas rak\u0161anas darb\u012bbas. Str\u0113les cilindra pied\u0101v\u0101t\u0101 precizit\u0101te uzlabo b\u016bvniec\u012bbas uzdevumu kop\u0113jo efektivit\u0101ti, \u013caujot operatoriem paveikt vair\u0101k \u012bs\u0101k\u0101 laik\u0101.<\/p>\n<h3>Lauksaimniec\u012bbas tehnika<\/h3>\n<p>Front\u0101lajos iekr\u0101v\u0113jos str\u0113les cilindrs ir b\u016btisks augsnes, siena un citu materi\u0101lu sav\u0101k\u0161anai, cel\u0161anai un transport\u0113\u0161anai. Ar sp\u0113ju efekt\u012bvi apstr\u0101d\u0101t smagas kravas, \u0161ie cilindri veicina produktivit\u0101tes pieaugumu un atvieglo da\u017e\u0101dus lauksaimniec\u012bbas darbus, s\u0101kot no zemes apstr\u0101des l\u012bdz lopbar\u012bbas materi\u0101lu p\u0101rvald\u012bbai.<\/p>\n<h3>Ekskavatori<\/h3>\n<p>Ekskavatoriem str\u0113les cilindrs ir \u013coti svar\u012bgs, lai kauss var\u0113tu iek\u013c\u016bt augsn\u0113, nodro\u0161inot efekt\u012bvas rak\u0161anas darb\u012bbas. \u0160\u012b sp\u0113ja ir neaizst\u0101jama b\u016bvniec\u012bbas, ainavu veido\u0161anas un ieguves projektos, kur nepiecie\u0161ama prec\u012bza izrak\u0161ana, lai izveidotu pamatus vai att\u012br\u012btu zemi.<\/p>\n<h3>Iekr\u0101v\u0113ji<\/h3>\n<p>Front\u0101lajos iekr\u0101v\u0113jos str\u0113les cilindri pal\u012bdz efekt\u012bvi pacelt un izg\u0101zt materi\u0101lus. To darb\u012bbas efektivit\u0101te nodro\u0161ina prec\u012bzu kravu apstr\u0101di, kas ir \u013coti svar\u012bgi vietas sagatavo\u0161anai, materi\u0101lu transport\u0113\u0161anai un citiem uzdevumiem, kuriem nepiecie\u0161amas cel\u0161anas sp\u0113jas.<\/p>\n<h2>Dizaina apsv\u0113rumi un atlases krit\u0113riji<\/h2>\n<h3>Kravnes\u012bba<\/h3>\n<p>Izv\u0113loties str\u0113les cilindru, viens no galvenajiem apsv\u0113rumiem ir t\u0101 kravnes\u012bba. Cilindram j\u0101sp\u0113j iztur\u0113t maksim\u0101lo slodzi, kas paredzama ekspluat\u0101cijas laik\u0101, neapdraudot konstrukcijas integrit\u0101ti. Pareizi apr\u0113\u0137ini, kuru pamat\u0101 ir paredzam\u0101 darba slodze, nodro\u0161ina, ka cilindrs darbojas dro\u0161i un efekt\u012bvi slodzes apst\u0101k\u013cos.<\/p>\n<h3>Bl\u012bv\u0113jums un iztur\u012bba<\/h3>\n<p>Bl\u012bv\u0113\u0161anas meh\u0101nisms ir \u013coti svar\u012bgs, lai nov\u0113rstu nopl\u016bdes un uztur\u0113tu optim\u0101lu hidraulisko spiedienu. Augstas kvalit\u0101tes bl\u012bves, kas izgatavotas no iztur\u012bgiem materi\u0101liem, piem\u0113ram, poliuret\u0101na vai nitrila gumijas, uzlabo cilindra kalpo\u0161anas laiku. Turkl\u0101t cilindra korpusa iztur\u012bba ir b\u016btiska, lai iztur\u0113tu skarbus darba apst\u0101k\u013cus, tostarp net\u012brumu, mitruma un ekstrem\u0101lu temperat\u016bru iedarb\u012bbu.<\/p>\n<h3>Dro\u0161\u012bba<\/h3>\n<p>Str\u0113les cilindra konstrukcij\u0101 j\u0101iek\u013cauj dro\u0161\u012bbas funkcijas, lai aizsarg\u0101tu gan tehniku, gan operatoru. Tas ietver spiediena samazin\u0101\u0161anas v\u0101rstus, lai nov\u0113rstu p\u0101rspiedienu, un dro\u0161\u012bbas blo\u0137\u0113\u0161anas meh\u0101nismus, kas nostiprina kausu, kad tas nedarbojas. Dro\u0161\u012bbas standartu iev\u0113ro\u0161ana ir \u013coti svar\u012bga smago ma\u0161\u012bnu dro\u0161ai ekspluat\u0101cijai.<\/p>\n<h3>Apkopes apsv\u0113rumi<\/h3>\n<p>V\u0113l viens svar\u012bgs faktors str\u0113les cilindru konstrukcij\u0101 ir viegla apkope. Konstrukcijas elementi, kas nodro\u0161ina \u0113rtu piek\u013cuvi p\u0101rbaudei, e\u013c\u013co\u0161anai un remontam, var samazin\u0101t d\u012bkst\u0101ves laiku un pagarin\u0101t hidraulisk\u0101s sist\u0113mas kalpo\u0161anas laiku. Apkopei draudz\u012bgi dizaini veicina iek\u0101rtas visp\u0101r\u0113jo uzticam\u012bbu un veiktsp\u0113ju.<\/p>\n<p><img decoding=\"async\" src=\"https:\/\/www.hydraulic-cylinders.net\/wp-content\/uploads\/2025\/04\/songte-oil-pipes-and-spare-parts.webp\" alt=\"Hidraulisko cilindru komponenti\" \/><\/p>\n<h2>Bl\u012bv\u0113\u0161ana un e\u013c\u013co\u0161ana<\/h2>\n<p>Str\u0113les cilindra efektivit\u0101te liel\u0101 m\u0113r\u0101 ir atkar\u012bga no t\u0101 bl\u012bv\u0113\u0161anas un e\u013c\u013co\u0161anas sist\u0113m\u0101m. Augstas kvalit\u0101tes bl\u012bv\u0113jumi, piem\u0113ram, virzu\u013ca bl\u012bv\u0113jumi un stie\u0146a bl\u012bv\u0113jumi, ir b\u016btiski hidraulisk\u0101 spiediena uztur\u0113\u0161anai un nopl\u016b\u017eu nov\u0113r\u0161anai. Bl\u012bv\u0113jumi, kas izgatavoti no nodilumiztur\u012bgiem materi\u0101liem, piem\u0113ram, poliuret\u0101na un nitrila gumijas, nodro\u0161ina ilgm\u016b\u017e\u012bbu un uzticam\u012bbu darb\u012bb\u0101.<\/p>\n<p>Turkl\u0101t cilindra korpuss un v\u012bt\u0146otie gali tiek prec\u012bzi apstr\u0101d\u0101ti, lai uzlabotu to nodilumiztur\u012bbu. Lai nodro\u0161in\u0101tu vienm\u0113r\u012bgu darb\u012bbu un nov\u0113rstu nodilumu, t\u0101d\u0113j\u0101di maksim\u0101li pagarinot str\u0113les cilindra kalpo\u0161anas laiku, ir nepiecie\u0161ama regul\u0101ra e\u013c\u013co\u0161ana ar atbilsto\u0161u hidraulisko e\u013c\u013cu. Lai uztur\u0113tu optim\u0101lu veiktsp\u0113ju, ieteicams iev\u0113rot \u012bpa\u0161us e\u013c\u013co\u0161anas grafikus.<\/p>\n<h2>Regul\u0101ras p\u0101rbaudes un profilaktisk\u0101s apkopes pas\u0101kumi<\/h2>\n<ul>\n<li>\n<h3>Regul\u0101ras p\u0101rbaudes<\/h3>\n<p>Regul\u0101ru str\u0113les cilindra p\u0101rbau\u017eu veik\u0161ana ir \u013coti svar\u012bga, lai identific\u0113tu iesp\u0113jam\u0101s probl\u0113mas, pirms t\u0101s saasin\u0101s. Regul\u0101r\u0101m p\u0101rbaud\u0113m j\u0101ietver vizu\u0101la nopl\u016b\u017eu, nodiluma un pl\u012bsumu nov\u0113rt\u0113\u0161ana, k\u0101 ar\u012b funkcion\u0101lie testi, lai nodro\u0161in\u0101tu cilindra nevainojamu darb\u012bbu.<\/p>\n<\/li>\n<li>\n<h3>Pareiza e\u013c\u013co\u0161ana<\/h3>\n<p>Hidraulisk\u0101 cilindra pien\u0101c\u012bga e\u013c\u013co\u0161ana ir b\u016btiska t\u0101 ilgm\u016b\u017e\u012bbai. Operatoriem j\u0101iev\u0113ro e\u013c\u013co\u0161anas grafiks, kas ietver apstiprin\u0101tu hidraulisko e\u013c\u013cu izmanto\u0161anu, lai uztur\u0113tu veiktsp\u0113ju un samazin\u0101tu berzi, kas var izrais\u012bt priek\u0161laic\u012bgu nodilumu.<\/p>\n<\/li>\n<li>\n<h3>Bl\u012bv\u0113juma nomai\u0146a<\/h3>\n<p>Laika gait\u0101 bl\u012bves var nolietoties un t\u0101s var b\u016bt j\u0101nomaina. Regul\u0101ra bl\u012bv\u0113juma integrit\u0101tes uzraudz\u012bba var nov\u0113rst hidraulisk\u0101 \u0161\u0137idruma nopl\u016bdes un uztur\u0113t optim\u0101lu cilindra darb\u012bbu. Ir svar\u012bgi noteikt nomai\u0146as grafiku, pamatojoties uz darba vidi un lieto\u0161anas bie\u017eumu.<\/p>\n<\/li>\n<\/ul>\n<p><img decoding=\"async\" src=\"https:\/\/www.hydraulic-cylinders.net\/wp-content\/uploads\/2025\/04\/songte-chushion-collar.webp\" alt=\"Cilindra uzst\u0101d\u012b\u0161ana\" \/><\/p>\n<h2>Dro\u0161\u012bbas apsv\u0113rumi un vides faktori<\/h2>\n<p>Izmantojot str\u0113les cilindrus da\u017e\u0101dos pielietojumos, dro\u0161\u012bbas pas\u0101kumi ir \u0101rk\u0101rt\u012bgi svar\u012bgi. Operatoriem vienm\u0113r j\u0101iev\u0113ro dro\u0161\u012bbas vadl\u012bnijas, nodro\u0161inot, ka visas sast\u0101vda\u013cas tiek regul\u0101ri p\u0101rbaud\u012btas un uztur\u0113tas. Dro\u0161\u012bbas protokolu ievie\u0161ana samazina riskus, kas saist\u012bti ar iek\u0101rtu atteici un operatora traum\u0101m. Turkl\u0101t, lai saglab\u0101tu cilindru integrit\u0101ti un veiktsp\u0113ju, ir svar\u012bgi \u0146emt v\u0113r\u0101 vides faktorus, piem\u0113ram, \u0137\u012bmisko vielu iedarb\u012bbu vai ekstrem\u0101lus laikapst\u0101k\u013cus.<\/p>\n<h2>Probl\u0113mu nov\u0113r\u0161ana un bie\u017ei sastopamas probl\u0113mas<\/h2>\n<ul>\n<li>\n<h3>Hidraulisk\u0101s nopl\u016bdes<\/h3>\n<p>Hidraulisk\u0101s nopl\u016bdes var rasties nolietotu bl\u012bv\u0113jumu vai boj\u0101tu deta\u013cu d\u0113\u013c. Ir svar\u012bgi noteikt nopl\u016bdes avotu, jo t\u0101 var izrais\u012bt hidraulisk\u0101 spiediena zudumu un neefekt\u012bvu darb\u012bbu. Regul\u0101ras p\u0101rbaudes var pal\u012bdz\u0113t atkl\u0101t nopl\u016bdes agr\u012bn\u0101 stadij\u0101.<\/p>\n<\/li>\n<li>\n<h3>Nekonsekventa veiktsp\u0113ja<\/h3>\n<p>Ja str\u0113les cilindrs kustas nevienm\u0113r\u012bgi vai spiediens ir nepast\u0101v\u012bgs, tas var liecin\u0101t par hidrauliskaj\u0101 sist\u0113m\u0101 iesprostotu gaisu, zemu \u0161\u0137idruma l\u012bmeni vai pies\u0101r\u0146ojumu. Sist\u0113mas atgaiso\u0161ana vai \u0161\u0137idruma l\u012bme\u0146a p\u0101rbaude bie\u017ei vien var atrisin\u0101t \u0161\u012bs probl\u0113mas.<\/p>\n<\/li>\n<li>\n<h3>Bl\u012bv\u0113juma k\u013c\u016bmes<\/h3>\n<p>Boj\u0101ti bl\u012bv\u0113jumi var rad\u012bt iev\u0113rojamas veiktsp\u0113jas probl\u0113mas. Regul\u0101ra bl\u012bv\u0113jumu uzraudz\u012bba un savlaic\u012bga nomai\u0146a var nov\u0113rst hidraulisk\u0101 \u0161\u0137idruma zudumus un nodro\u0161in\u0101t sist\u0113mas efekt\u012bvu darb\u012bbu.<\/p>\n<\/li>\n<\/ul>\n<p>\u0160o bie\u017ei sastopamo probl\u0113mu nov\u0113r\u0161ana var iev\u0113rojami pagarin\u0101t str\u0113les cilindra ekspluat\u0101cijas laiku. Prevent\u012bvie pas\u0101kumi, piem\u0113ram, regul\u0101ra apkope un p\u0101rbaudes, var samazin\u0101t potenci\u0101l\u0101s probl\u0113mas un nodro\u0161in\u0101t nevainojamu darb\u012bbu.<\/p>\n<p><img decoding=\"async\" src=\"https:\/\/www.hydraulic-cylinders.net\/wp-content\/uploads\/2025\/04\/songte-bushings-with-all-kinds-of-excavator-models.webp\" alt=\"Cilindra bukse\" \/><\/p>\n<h2>Par m\u016bsu uz\u0146\u0113mumu<\/h2>\n<p>M\u0113s esam ra\u017eot\u0101ji, kas specializ\u0113jas hidraulisko cilindru ra\u017eo\u0161an\u0101, pied\u0101v\u0101jot pla\u0161u produktu kl\u0101stu, kas ir nostiprin\u0101jis m\u016bsu k\u0101 vado\u0161\u0101 pieg\u0101d\u0101t\u0101ja poz\u012bciju gan viet\u0113j\u0101, gan starptautiskaj\u0101 tirg\u016b. M\u016bsu ap\u0146em\u0161an\u0101s sasniegt izcil\u012bbu un prec\u012bzas ra\u017eo\u0161anas strat\u0113\u0123ijas iev\u0113ro\u0161ana \u013cauj mums nep\u0101rtraukti uzlabot m\u016bsu ra\u017eo\u0161anas jaudas.<\/p>\n<p>Koncentr\u0113joties uz kvalit\u0101ti, m\u0113s izmantojam kvalific\u0113tus tehni\u0137us, modernu digit\u0101lo ra\u017eo\u0161anas apr\u012bkojumu un profesion\u0101las test\u0113\u0161anas sist\u0113mas, lai uzlabotu m\u016bsu ra\u017eo\u0161anas platformu. M\u016bsu sp\u0113c\u012bg\u0101s rado\u0161\u0101s sp\u0113jas \u013cauj mums efekt\u012bvi, ar augstu precizit\u0101ti un kvalit\u0101ti apmierin\u0101t da\u017e\u0101das klientu vajadz\u012bbas.<\/p>\n<p><img decoding=\"async\" src=\"https:\/\/www.hydraulic-cylinders.net\/wp-content\/uploads\/2025\/04\/songte-company-4.webp\" alt=\"Uz\u0146\u0113muma ra\u017eo\u0161ana\" \/><br \/>\n<img decoding=\"async\" src=\"https:\/\/www.hydraulic-cylinders.net\/wp-content\/uploads\/2025\/04\/songte-company-3.webp\" alt=\"Uz\u0146\u0113muma p\u0101rskats\" \/><\/p>\n<h3>M\u016bsu kompetence<\/h3>\n<ul>\n<li>\n<h3>Profesionalit\u0101te<\/h3>\n<p>M\u016bsu komand\u0101 ir hidraulisko sist\u0113mu eksperti, kas nodro\u0161ina, ka m\u016bsu produkti atbilst augst\u0101kajiem nozares standartiem.<\/p>\n<\/li>\n<li>\n<h3>Starptautisk\u0101s sertifik\u0101cijas<\/h3>\n<p>Mums ir da\u017e\u0101di starptautiski sertifik\u0101ti, kas apliecina m\u016bsu ap\u0146em\u0161anos nodro\u0161in\u0101t kvalit\u0101ti un dro\u0161\u012bbu ra\u017eo\u0161an\u0101.<\/p>\n<\/li>\n<li>\n<h3>Piel\u0101goti pakalpojumi<\/h3>\n<p>M\u0113s pied\u0101v\u0101jam piel\u0101gotus risin\u0101jumus, lai apmierin\u0101tu \u012bpa\u0161as klientu pras\u012bbas, nodro\u0161inot optim\u0101lu veiktsp\u0113ju da\u017e\u0101dos pielietojumos.<\/p>\n<\/li>\n<li>\n<h3>Uzlabots ra\u017eo\u0161anas apr\u012bkojums<\/h3>\n<p>M\u016bsu modern\u0101k\u0101s ra\u017eo\u0161anas iek\u0101rtas izmanto jaun\u0101k\u0101s tehnolo\u0123ijas, lai ra\u017eotu augstas kvalit\u0101tes hidrauliskos cilindrus.<\/p>\n<\/li>\n<li>\n<h3>P\u0113cp\u0101rdo\u0161anas atbalsts<\/h3>\n<p>M\u0113s pied\u0101v\u0101jam visaptvero\u0161us p\u0113cp\u0101rdo\u0161anas pakalpojumus, tostarp atbalstu un apkopi, lai nodro\u0161in\u0101tu klientu apmierin\u0101t\u012bbu.<\/p>\n<\/li>\n<\/ul>\n<p>Autors: lil<\/p>","protected":false},"excerpt":{"rendered":"<p>Boom Cylinder For Xinyuan Crawler Excavator XY60-8 Product Overview The Boom Cylinder for the Xinyuan Crawler Excavator XY60-8 is a crucial component in hydraulic systems designed for heavy machinery. This hydraulic cylinder is specifically engineered to control the movement of the bucket in various heavy-duty equipment, such as excavators, backhoe loaders, and front loaders. By [&hellip;]<\/p>","protected":false},"featured_media":17872,"comment_status":"open","ping_status":"closed","template":"","meta":{"_et_pb_use_builder":"","_et_pb_old_content":"","_et_gb_content_width":""},"product_brand":[],"product_cat":[1546],"product_tag":[1547,1496],"class_list":{"0":"post-19594","1":"product","2":"type-product","3":"status-publish","4":"has-post-thumbnail","6":"product_cat-boom-cylinders","7":"product_tag-boom-cylinders","8":"product_tag-hydraulic-cylinders","10":"first","11":"instock","12":"shipping-taxable","13":"product-type-simple"},"amp_enabled":true,"_links":{"self":[{"href":"https:\/\/www.hydraulic-cylinders.net\/lv\/wp-json\/wp\/v2\/product\/19594","targetHints":{"allow":["GET"]}}],"collection":[{"href":"https:\/\/www.hydraulic-cylinders.net\/lv\/wp-json\/wp\/v2\/product"}],"about":[{"href":"https:\/\/www.hydraulic-cylinders.net\/lv\/wp-json\/wp\/v2\/types\/product"}],"replies":[{"embeddable":true,"href":"https:\/\/www.hydraulic-cylinders.net\/lv\/wp-json\/wp\/v2\/comments?post=19594"}],"wp:featuredmedia":[{"embeddable":true,"href":"https:\/\/www.hydraulic-cylinders.net\/lv\/wp-json\/wp\/v2\/media\/17872"}],"wp:attachment":[{"href":"https:\/\/www.hydraulic-cylinders.net\/lv\/wp-json\/wp\/v2\/media?parent=19594"}],"wp:term":[{"taxonomy":"product_brand","embeddable":true,"href":"https:\/\/www.hydraulic-cylinders.net\/lv\/wp-json\/wp\/v2\/product_brand?post=19594"},{"taxonomy":"product_cat","embeddable":true,"href":"https:\/\/www.hydraulic-cylinders.net\/lv\/wp-json\/wp\/v2\/product_cat?post=19594"},{"taxonomy":"product_tag","embeddable":true,"href":"https:\/\/www.hydraulic-cylinders.net\/lv\/wp-json\/wp\/v2\/product_tag?post=19594"}],"curies":[{"name":"wp","href":"https:\/\/api.w.org\/{rel}","templated":true}]}}