{"id":19598,"date":"2025-04-07T06:56:35","date_gmt":"2025-04-07T06:56:35","guid":{"rendered":"https:\/\/www.hydraulic-cylinders.net\/product\/boom-cylinder-for-xinyuan-wheel-excavator-xy90\/"},"modified":"2025-04-07T06:56:41","modified_gmt":"2025-04-07T06:56:41","slug":"boom-cylinder-for-xinyuan-wheel-excavator-xy90","status":"publish","type":"product","link":"https:\/\/www.hydraulic-cylinders.net\/lv\/products\/boom-cylinder-for-xinyuan-wheel-excavator-xy90\/","title":{"rendered":"Xinyuan rite\u0146u ekskavatora XY90 str\u0113les cilindrs"},"content":{"rendered":"<h1>Xinyuan rite\u0146u ekskavatora XY90 str\u0113les cilindrs<\/h1>\n<h2>Produkta p\u0101rskats<\/h2>\n<p>Xinyuan rite\u0146u ekskavatora XY90 str\u0113les cilindrs ir b\u016btiska hidrauliska sast\u0101vda\u013ca, kas paredz\u0113ta str\u0113les kust\u012bbas vad\u012bbai ekskavatoros. \u0160im hidrauliskajam cilindram ir iz\u0161\u0137iro\u0161a loma str\u0113les pacel\u0161an\u0101, nolai\u0161an\u0101 un noliek\u0161an\u0101, kas ir b\u016btiski da\u017e\u0101diem materi\u0101lu apstr\u0101des uzdevumiem b\u016bvniec\u012bbas un rak\u0161anas darbos. Str\u0113les cilindra funkcionalit\u0101te \u013cauj efekt\u012bvi rakt, iekraut un transport\u0113t t\u0101dus materi\u0101lus k\u0101 augsne un gruve\u0161i.<\/p>\n<p>Hidrauliskaj\u0101s sist\u0113m\u0101s str\u0113les cilindrs darbojas, izmantojot spiediena hidraulisko \u0161\u0137idrumu kust\u012bbas rad\u012b\u0161anai. Hidraulisk\u0101 sist\u0113ma nodro\u0161ina vienm\u0113r\u012bgu un jaud\u012bgu darb\u012bbu, kas ir \u013coti svar\u012bgi lieljaudas ma\u0161\u012bn\u0101m. Kausa cilindrs, specializ\u0113ts hidraulisk\u0101 cilindra veids, ir \u012bpa\u0161i izstr\u0101d\u0101ts, lai iztur\u0113tu augstu spiedienu un lielas slodzes, nodro\u0161inot optim\u0101lu darb\u012bbu pat sare\u017e\u0123\u012btos darba apst\u0101k\u013cos.<\/p>\n<p><img decoding=\"async\" src=\"https:\/\/www.hydraulic-cylinders.net\/wp-content\/uploads\/2025\/04\/songte-company-1.webp\" alt=\"Ekskavatoru str\u0113les cilindrs\"><\/p>\n<h2>Str\u0113les cilindra \u012bpa\u0161\u012bbas<\/h2>\n<h3>1. Augsta iztur\u012bba un ilgm\u016b\u017e\u012bba<\/h3>\n<p>Str\u0113les cilindrs parasti ir izgatavots no augstas stipr\u012bbas t\u0113rauda vai alum\u012bnija. Tas nodro\u0161ina, ka tas var iztur\u0113t augstu spiedienu un lielas slodzes, vienlaikus saglab\u0101jot funkcionalit\u0101ti skarbos darba apst\u0101k\u013cos. Konstrukcij\u0101 ir \u0146emta v\u0113r\u0101 nodilumiztur\u012bba un iztur\u012bba pret koroziju, kas iev\u0113rojami pagarina produkta kalpo\u0161anas laiku.<\/p>\n<h3>2. Efekt\u012bva hidraulisk\u0101 darb\u012bba<\/h3>\n<p>Izmantojot hidraulisk\u0101s e\u013c\u013cas spiedienu, cilindrs pan\u0101k vienm\u0113r\u012bgu un \u0101tru izvirz\u012b\u0161anos un ievilk\u0161anos. \u0160\u012b \u0101tr\u0101 reakcija uz vad\u012bbas komand\u0101m nodro\u0161ina iev\u0113rojamu stum\u0161anas un vilk\u0161anas sp\u0113ku, padarot to piem\u0113rotu smagu priek\u0161metu apstr\u0101dei un sare\u017e\u0123\u012btu uzdevumu veik\u0161anai.<\/p>\n<h3>3. Daudzpus\u012bgi veidi<\/h3>\n<p>Str\u0113les cilindrs ir pieejams da\u017e\u0101dos veidos, tostarp vienas darb\u012bbas (izmantojot hidraulisko spiedienu vien\u0101 virzien\u0101) un divk\u0101r\u0161as darb\u012bbas (pieliekot spiedienu abos virzienos) cilindri. \u0160\u012b daudzpus\u012bba atbilst da\u017e\u0101d\u0101m ekspluat\u0101cijas vajadz\u012bb\u0101m, un da\u017eiem mode\u013ciem ir teleskopiskas konstrukcijas, kas \u013cauj veikt liel\u0101ku pagarin\u0101jumu, nepalielinot cilindra \u0101r\u0113jos izm\u0113rus, kas ir ide\u0101li piem\u0113rots lietojumiem ar ierobe\u017eotu vietu.<\/p>\n<h3>4. Piel\u0101gota ra\u017eo\u0161ana<\/h3>\n<p>M\u0113s specializ\u0113jamies \u0161\u012b produkta ra\u017eo\u0161an\u0101, nodro\u0161inot, ka m\u016bsu cilindri ir ide\u0101li aizvietot\u0101ji eso\u0161ajiem hidrauliskajiem cilindriem da\u017e\u0101d\u0101s tehnikas lietojumprogramm\u0101s.<\/p>\n<p><img decoding=\"async\" src=\"https:\/\/www.hydraulic-cylinders.net\/wp-content\/uploads\/2025\/04\/songte-cylinder-head-with-all-kinds-excavator-models.webp\" alt=\"Ekskavatora cilindra galva\"><\/p>\n<h3>5. Lietojumprogrammu daudzpus\u012bba<\/h3>\n<p>M\u016bsu str\u0113les cilindri tiek izmantoti da\u017e\u0101d\u0101s nozar\u0113s, nodro\u0161inot b\u016btisku atbalstu da\u017e\u0101d\u0101m ma\u0161\u012bn\u0101m:<\/p>\n<ul>\n<li><strong>Celtniec\u012bbas apr\u012bkojums:<\/strong> Kritiski svar\u012bgs ekskavatoros augsnes vai gru\u017eu rak\u0161anai, iekrau\u0161anai un p\u0101rvieto\u0161anai. Ekskavatoros-iekr\u0101v\u0113jos str\u0113les cilindrs pal\u012bdz gan rak\u0161an\u0101, gan cel\u0161an\u0101.<\/li>\n<li><strong>Lauksaimniec\u012bbas tehnika:<\/strong> Izmanto front\u0101lajos iekr\u0101v\u0113jos, lai efekt\u012bvi sav\u0101ktu, paceltu un transport\u0113tu augsni, sienu un citus materi\u0101lus.<\/li>\n<li><strong>Ekskavatori:<\/strong> Str\u0113les cilindrs nodro\u0161ina rak\u0161anas darb\u012bbas, \u013caujot kausam efekt\u012bvi iek\u013c\u016bt zem\u0113.<\/li>\n<li><strong>Iekr\u0101v\u0113ji:<\/strong> Front\u0101lajos iekr\u0101v\u0113jos \u0161ie cilindri atvieglo materi\u0101lu pacel\u0161anu un izg\u0101\u0161anu, uzlabojot produktivit\u0101ti da\u017e\u0101dos uzdevumos.<\/li>\n<\/ul>\n<h2>Dizaina apsv\u0113rumi un atlases krit\u0113riji<\/h2>\n<h3>1. Kravnes\u012bba<\/h3>\n<p>Str\u0113les cilindra kravnes\u012bba ir kritisks projekt\u0113\u0161anas apsv\u0113rums. Tam j\u0101sp\u0113j iztur\u0113t maksim\u0101l\u0101s slodzes, kas rodas ekspluat\u0101cijas laik\u0101. In\u017eenieri apr\u0113\u0137ina nepiecie\u0161amo kravnes\u012bbu, pamatojoties uz konkr\u0113to pielietojumu, nodro\u0161inot, ka cilindrs var efekt\u012bvi darboties da\u017e\u0101dos apst\u0101k\u013cos bez atteices riska.<\/p>\n<h3>2. Bl\u012bv\u0113\u0161ana<\/h3>\n<p>Efekt\u012bva bl\u012bv\u0113\u0161ana ir b\u016btiska, lai nov\u0113rstu hidraulisk\u0101 \u0161\u0137idruma nopl\u016bdi. Lai nodro\u0161in\u0101tu veiktsp\u0113ju un ilgm\u016b\u017e\u012bbu, tiek izv\u0113l\u0113ti augstas kvalit\u0101tes bl\u012bv\u0113jumi, piem\u0113ram, virzu\u013ca bl\u012bvsl\u0113gi \u200b\u200bun stie\u0146a bl\u012bvsl\u0113gi. Materi\u0101li, piem\u0113ram, poliuret\u0101ns un nitrilgumija, ir izplat\u012bta izv\u0113le to nodilumiztur\u012bbas un sader\u012bbas ar hidrauliskajiem \u0161\u0137idrumiem d\u0113\u013c.<\/p>\n<h3>3. Iztur\u012bba<\/h3>\n<p>Iztur\u012bba ir \u0101rk\u0101rt\u012bgi svar\u012bga str\u0113les cilindru konstrukcij\u0101. Tiem j\u0101iztur skarbi vides apst\u0101k\u013ci un atk\u0101rtoti cikli bez degrad\u0101cijas. Konstrukcij\u0101 izmantotie materi\u0101li un cilindru virsm\u0101m uzkl\u0101tie aizsargp\u0101rkl\u0101jumi iev\u0113rojami veicina to kop\u0113jo iztur\u012bbu.<\/p>\n<h3>4. Dro\u0161\u012bbas funkcijas<\/h3>\n<p>Dro\u0161\u012bba ir kritiski svar\u012bgs apsv\u0113rums, projekt\u0113jot hidrauliskos cilindrus. Lai uzlabotu dro\u0161\u012bbu ekspluat\u0101cijas laik\u0101, nov\u0113r\u0161ot iesp\u0113jamos apdraud\u0113jumus, kas saist\u012bti ar hidraulisk\u0101m k\u013c\u016bm\u0113m, ir iek\u013cautas t\u0101das funkcijas k\u0101 spiediena samazin\u0101\u0161anas v\u0101rsti un pl\u012b\u0161anas aizsardz\u012bbas meh\u0101nismi.<\/p>\n<h3>5. Apkopes pieejam\u012bba<\/h3>\n<p>Balonu projekt\u0113\u0161ana t\u0101, lai tos b\u016btu viegli apkopt, ir \u013coti svar\u012bga, lai samazin\u0101tu d\u012bkst\u0101ves laiku. Pieejamas deta\u013cas atvieglo regul\u0101ras p\u0101rbaudes, \u0161\u0137idrumu un bl\u012bvju nomai\u0146u, nodro\u0161inot, ka balons ir optim\u0101l\u0101 darba st\u0101vokl\u012b.<\/p>\n<p><img decoding=\"async\" src=\"https:\/\/www.hydraulic-cylinders.net\/wp-content\/uploads\/2025\/04\/songte-oil-pipes-and-spare-parts.webp\" alt=\"Hidraulisko cilindru deta\u013cas\"><\/p>\n<h2>Bl\u012bv\u0113\u0161ana un e\u013c\u013co\u0161ana<\/h2>\n<p>Efekt\u012bva bl\u012bv\u0113\u0161ana un e\u013c\u013co\u0161ana ir \u013coti svar\u012bga str\u0113les cilindra ilgm\u016b\u017e\u012bbai un veiktsp\u0113jai. Lai nov\u0113rstu hidraulisk\u0101 \u0161\u0137idruma nopl\u016bdes, tiek izmantoti da\u017e\u0101di bl\u012bv\u0113jumi, tostarp virzu\u013ca bl\u012bv\u0113jumi un stie\u0146a bl\u012bv\u0113jumi. No iztur\u012bgiem materi\u0101liem, piem\u0113ram, poliuret\u0101na un nitrila gumijas, izgatavoto bl\u012bv\u0113jumu izv\u0113le nodro\u0161ina, ka tie var iztur\u0113t nodilumu un hidraulisko \u0161\u0137idrumu iedarb\u012bbu.<\/p>\n<p>Cilindra korpuss un v\u012bt\u0146otie gali tiek r\u016bp\u012bgi apstr\u0101d\u0101ti, lai uzlabotu nodilumiztur\u012bbu. Lai samazin\u0101tu berzi un uztur\u0113tu vienm\u0113r\u012bgu darb\u012bbu, ir nepiecie\u0161ama regul\u0101ra e\u013c\u013co\u0161ana ar hidraulisko e\u013c\u013cu. Ir svar\u012bgi periodiski p\u0101rbaud\u012bt un uzpild\u012bt hidraulisk\u0101s e\u013c\u013cas l\u012bmeni, lai nodro\u0161in\u0101tu optim\u0101lu veiktsp\u0113ju.<\/p>\n<h2>Prevent\u012bvie apkopes pas\u0101kumi<\/h2>\n<ul>\n<li><strong>Regul\u0101ras p\u0101rbaudes:<\/strong> Regul\u0101ri veiciet p\u0101rbaudes, lai noteiktu jebk\u0101das nodiluma vai boj\u0101jumu paz\u012bmes. Mekl\u0113jiet nopl\u016bdes, koroziju un konstrukcijas integrit\u0101ti. Agr\u012bna atkl\u0101\u0161ana var nov\u0113rst nopietnus boj\u0101jumus.<\/li>\n<li><strong>E\u013c\u013co\u0161ana:<\/strong> Uzturiet atbilsto\u0161u e\u013c\u013co\u0161anas l\u012bmeni, p\u0113c nepiecie\u0161am\u012bbas pievienojot hidraulisko e\u013c\u013cu. Nepietiekama e\u013c\u013co\u0161ana var izrais\u012bt palielin\u0101tu berzi un priek\u0161laic\u012bgu nodilumu.<\/li>\n<li><strong>Bl\u012bv\u0113juma nomai\u0146a:<\/strong> Uzraugiet bl\u012bv\u0113jumu st\u0101vokli un nomainiet tos, ja par\u0101d\u0101s nodiluma paz\u012bmes. \u0160\u012b proakt\u012bv\u0101 pieeja pal\u012bdz nov\u0113rst nopl\u016bdes un uztur\u0113t hidraulisko efektivit\u0101ti.<\/li>\n<\/ul>\n<h2>Uzst\u0101d\u012b\u0161anas vadl\u012bnijas<\/h2>\n<p>Pareiza str\u0113les cilindra uzst\u0101d\u012b\u0161ana ir b\u016btiska optim\u0101lai veiktsp\u0113jai. Iev\u0113rojiet \u0161\u012bs vadl\u012bnijas:<\/p>\n<ul>\n<li><strong>Izl\u012bdziniet cilindru:<\/strong> P\u0101rliecinieties, vai cilindrs ir prec\u012bzi izl\u012bdzin\u0101ts ar stiprin\u0101juma punktiem uz iek\u0101rtas. Nepareiza izl\u012bdzin\u0101\u0161ana var izrais\u012bt priek\u0161laic\u012bgu nodilumu un samazin\u0101t efektivit\u0101ti.<\/li>\n<li><strong>Izmantojiet atbilsto\u0161us mont\u0101\u017eas kron\u0161teinus:<\/strong> Izmantojiet piem\u0113rotus mont\u0101\u017eas kron\u0161teinus, lai stingri nostiprin\u0101tu cilindru viet\u0101. Tas nov\u0113r\u0161 kust\u012bbu darb\u012bbas laik\u0101, nodro\u0161inot stabilit\u0101ti.<\/li>\n<li><strong>P\u0101rbaudiet hidraulisk\u0101s l\u012bnijas:<\/strong> Pirms ma\u0161\u012bnas darbin\u0101\u0161anas p\u0101rliecinieties, vai visas hidraulisk\u0101s l\u012bnijas ir pareizi pievienotas un bez nopl\u016bd\u0113m.<\/li>\n<li><strong>Testa brauciens:<\/strong> P\u0113c uzst\u0101d\u012b\u0161anas veiciet testa braucienu, lai p\u0101rliecin\u0101tos par pareizu darb\u012bbu, pirms atkal s\u0101kat lietot meh\u0101nismu regul\u0101ri.<\/li>\n<\/ul>\n<h2>Apkopes uzdevumi<\/h2>\n<ul>\n<li><strong>Regul\u0101ras p\u0101rbaudes:<\/strong> Ieviesiet regul\u0101ru p\u0101rbau\u017eu grafiku, lai uzraudz\u012btu str\u0113les cilindra darb\u012bbu. Tas ietver \u0161\u0137idruma l\u012bme\u0146a nov\u0113rt\u0113\u0161anu, nopl\u016b\u017eu p\u0101rbaudi un deta\u013cu nodiluma p\u0101rbaudi.<\/li>\n<li><strong>E\u013c\u013co\u0161ana:<\/strong> Regul\u0101ri iee\u013c\u013cojiet visas kust\u012bg\u0101s da\u013cas, lai samazin\u0101tu berzi un pagarin\u0101tu cilindra kalpo\u0161anas laiku. Izmantojiet ieteicamo hidraulisko e\u013c\u013cu un p\u0101rliecinieties, ka t\u0101s l\u012bmenis ir pareizs.<\/li>\n<li><strong>Bl\u012bv\u0113juma nomai\u0146a:<\/strong> Nekav\u0113joties nomainiet nolietot\u0101s vai boj\u0101t\u0101s bl\u012bves, lai nov\u0113rstu nopl\u016bdes un uztur\u0113tu hidraulisko spiedienu. Regul\u0101ras bl\u012bvju p\u0101rbaudes var pal\u012bdz\u0113t efekt\u012bvi p\u0101rvald\u012bt \u0161o probl\u0113mu.<\/li>\n<\/ul>\n<h2>Dro\u0161\u012bbas apsv\u0113rumi un vides faktori<\/h2>\n<p>Izmantojot str\u0113les cilindrus, dro\u0161\u012bbas pas\u0101kumu ievie\u0161ana ir \u0101rk\u0101rt\u012bgi svar\u012bga. Operatoriem j\u0101b\u016bt apm\u0101c\u012btiem par pareizu hidraulisko sist\u0113mu lieto\u0161anu un ekspluat\u0101ciju. Vienm\u0113r j\u0101valk\u0101 aizsargl\u012bdzek\u013ci, lai samazin\u0101tu risku apkopes vai ekspluat\u0101cijas laik\u0101. Turkl\u0101t j\u0101\u0146em v\u0113r\u0101 atbilsto\u0161i vides apsv\u0113rumi, piem\u0113ram, j\u0101nodro\u0161ina, lai hidrauliskie \u0161\u0137idrumi netektu un nepies\u0101r\u0146otu apk\u0101rt\u0113jo vidi.<\/p>\n<h2>K\u013c\u016bmju diagnostika un bie\u017e\u0101k sastopam\u0101s probl\u0113mas<\/h2>\n<ul>\n<li><strong>Nopl\u016bde:<\/strong> Viena no visbie\u017e\u0101k sastopamaj\u0101m probl\u0113m\u0101m ir hidraulisk\u0101 \u0161\u0137idruma nopl\u016bde. T\u0101 var b\u016bt saist\u012bta ar nodilu\u0161iem bl\u012bv\u0113jumiem vai nepareizu uzst\u0101d\u012b\u0161anu. Regul\u0101ras p\u0101rbaudes var pal\u012bdz\u0113t \u0161\u012bs nopl\u016bdes atkl\u0101t agr\u012bn\u0101 stadij\u0101.<\/li>\n<li><strong>Nekonsekventa kust\u012bba:<\/strong> Ja str\u0113les cilindrs kustas saraust\u012bti vai nekonsekventi, tas var liecin\u0101t par gaisu hidrauliskaj\u0101s l\u012bnij\u0101s vai zemu hidraulisk\u0101 \u0161\u0137idruma l\u012bmeni. Sist\u0113mas atgaiso\u0161ana un \u0161\u0137idrumu papildin\u0101\u0161ana var atrisin\u0101t probl\u0113mu.<\/li>\n<li><strong>Spiediena zudums:<\/strong> Hidraulisk\u0101 spiediena pazemin\u0101\u0161an\u0101s var izrais\u012bt neefekt\u012bvu darb\u012bbu. To var izrais\u012bt aizs\u0113r\u0113ju\u0161as l\u012bnijas vai nepareizi funkcion\u0113jo\u0161s s\u016bknis. Lai atjaunotu funkcionalit\u0101ti, ir svar\u012bgi nov\u0113rst \u0161o komponentu darb\u012bbas trauc\u0113jumus.<\/li>\n<\/ul>\n<h2>Probl\u0113mu nov\u0113r\u0161anas padomi<\/h2>\n<p>Lai efekt\u012bvi diagnostic\u0113tu un nov\u0113rstu probl\u0113mas, operatoriem j\u0101veic \u0161\u0101das darb\u012bbas:<\/p>\n<ul>\n<li><strong>Regul\u0101ra apkope:<\/strong> Veiciet apkopes uzdevumus proakt\u012bvi, lai samazin\u0101tu probl\u0113mu ra\u0161an\u0101s iesp\u0113jam\u012bbu. Labi uztur\u0113t\u0101 sist\u0113m\u0101 ir maz\u0101ka iesp\u0113ja rasties k\u013c\u016bm\u0113m.<\/li>\n<li><strong>Monitora veiktsp\u0113ja:<\/strong> Sekojiet l\u012bdzi hidraulisk\u0101s sist\u0113mas veiktsp\u0113jas r\u0101d\u012bt\u0101jiem. Izmai\u0146u savlaic\u012bga paman\u012b\u0161ana var pal\u012bdz\u0113t nov\u0113rst probl\u0113mas, pirms t\u0101s saasin\u0101s.<\/li>\n<li><strong>Konsult\u0113jieties ar ekspertiem:<\/strong> Ja probl\u0113mu nov\u0113r\u0161ana neatrisina probl\u0113mu, konsult\u0113jieties ar hidraulisko sist\u0113mu ekspertiem, kuri var sniegt ieskatu un ieteikumus, pamatojoties uz savu pieredzi.<\/li>\n<\/ul>\n<p><img decoding=\"async\" src=\"https:\/\/www.hydraulic-cylinders.net\/wp-content\/uploads\/2025\/04\/songte-bushings-with-all-kinds-of-excavator-models.webp\" alt=\"Ekskavatoru mode\u013cu bukses\"><\/p>\n<h2>Par m\u016bsu uz\u0146\u0113mumu<\/h2>\n<p>M\u0113s esam vado\u0161ais rezerves hidraulisko cilindru ra\u017eot\u0101js ar pla\u0161u produktu kl\u0101stu, kas apmierina gan viet\u0113jo, gan starptautisko tirgu vajadz\u012bbas. M\u016bsu ap\u0146em\u0161an\u0101s sasniegt izcil\u012bbu ir redzama m\u016bsu lieliskaj\u0101 ra\u017eo\u0161anas darbn\u012bc\u0101 un r\u016bpniecisk\u0101s ra\u017eo\u0161anas vad\u012bbas strat\u0113\u0123ij\u0101s. M\u0113s past\u0101v\u012bgi uzlabojam savu ra\u017eo\u0161anas platformu, integr\u0113jot tehnisk\u0101s zin\u0101\u0161anas, modernu digit\u0101lo ra\u017eo\u0161anas apr\u012bkojumu un specializ\u0113tas test\u0113\u0161anas sist\u0113mas.<\/p>\n<p>M\u016bsu uzman\u012bbas centr\u0101 ir kvalit\u0101te, jo m\u0113s cen\u0161amies apmierin\u0101t klientu da\u017e\u0101d\u0101s vajadz\u012bbas ar augstu efektivit\u0101ti, precizit\u0101ti un augst\u0101k\u0101s klases produktiem. M\u016bsu profesion\u0101l\u0101 komanda ir ap\u0146\u0113musies pied\u0101v\u0101t piel\u0101gotus pakalpojumus, nodro\u0161inot, ka katrs produkts atbilst m\u016bsu klientu \u012bpa\u0161aj\u0101m pras\u012bb\u0101m. Turkl\u0101t m\u0113s uztur\u0113jam starptautiskus sertifik\u0101tus, kas garant\u0113 m\u016bsu produktu uzticam\u012bbu un dro\u0161\u012bbu.<\/p>\n<p><img decoding=\"async\" src=\"https:\/\/www.hydraulic-cylinders.net\/wp-content\/uploads\/2025\/04\/songte-company-4.webp\" alt=\"Uz\u0146\u0113muma att\u0113ls 1\"><br \/>\n<img decoding=\"async\" src=\"https:\/\/www.hydraulic-cylinders.net\/wp-content\/uploads\/2025\/04\/songte-company-3.webp\" alt=\"Uz\u0146\u0113muma att\u0113ls 2\"><\/p>\n<p>Autors: lil<\/p>","protected":false},"excerpt":{"rendered":"<p>Boom Cylinder For Xinyuan Wheel Excavator XY90 Product Overview The Boom Cylinder for the Xinyuan Wheel Excavator XY90 is an essential hydraulic component designed to control the movement of the boom in excavators. This hydraulic cylinder plays a pivotal role in enabling the lifting, lowering, and tilting of the boom, which is fundamental for various [&hellip;]<\/p>","protected":false},"featured_media":17876,"comment_status":"open","ping_status":"closed","template":"","meta":{"_et_pb_use_builder":"","_et_pb_old_content":"","_et_gb_content_width":""},"product_brand":[],"product_cat":[1546],"product_tag":[1547,1496],"class_list":{"0":"post-19598","1":"product","2":"type-product","3":"status-publish","4":"has-post-thumbnail","6":"product_cat-boom-cylinders","7":"product_tag-boom-cylinders","8":"product_tag-hydraulic-cylinders","10":"first","11":"instock","12":"shipping-taxable","13":"product-type-simple"},"amp_enabled":true,"_links":{"self":[{"href":"https:\/\/www.hydraulic-cylinders.net\/lv\/wp-json\/wp\/v2\/product\/19598","targetHints":{"allow":["GET"]}}],"collection":[{"href":"https:\/\/www.hydraulic-cylinders.net\/lv\/wp-json\/wp\/v2\/product"}],"about":[{"href":"https:\/\/www.hydraulic-cylinders.net\/lv\/wp-json\/wp\/v2\/types\/product"}],"replies":[{"embeddable":true,"href":"https:\/\/www.hydraulic-cylinders.net\/lv\/wp-json\/wp\/v2\/comments?post=19598"}],"wp:featuredmedia":[{"embeddable":true,"href":"https:\/\/www.hydraulic-cylinders.net\/lv\/wp-json\/wp\/v2\/media\/17876"}],"wp:attachment":[{"href":"https:\/\/www.hydraulic-cylinders.net\/lv\/wp-json\/wp\/v2\/media?parent=19598"}],"wp:term":[{"taxonomy":"product_brand","embeddable":true,"href":"https:\/\/www.hydraulic-cylinders.net\/lv\/wp-json\/wp\/v2\/product_brand?post=19598"},{"taxonomy":"product_cat","embeddable":true,"href":"https:\/\/www.hydraulic-cylinders.net\/lv\/wp-json\/wp\/v2\/product_cat?post=19598"},{"taxonomy":"product_tag","embeddable":true,"href":"https:\/\/www.hydraulic-cylinders.net\/lv\/wp-json\/wp\/v2\/product_tag?post=19598"}],"curies":[{"name":"wp","href":"https:\/\/api.w.org\/{rel}","templated":true}]}}