{"id":19599,"date":"2025-04-07T06:56:41","date_gmt":"2025-04-07T06:56:41","guid":{"rendered":"https:\/\/www.hydraulic-cylinders.net\/product\/boom-cylinder-for-volwa-small-excavator-dls100-9b\/"},"modified":"2025-04-07T06:56:44","modified_gmt":"2025-04-07T06:56:44","slug":"boom-cylinder-for-volwa-small-excavator-dls100-9b","status":"publish","type":"product","link":"https:\/\/www.hydraulic-cylinders.net\/lv\/products\/boom-cylinder-for-volwa-small-excavator-dls100-9b\/","title":{"rendered":"Str\u0113les cilindrs Volwa mazajam ekskavatoram DLS100-9B"},"content":{"rendered":"<h1>Str\u0113les cilindrs Volwa mazajam ekskavatoram DLS100-9B<\/h1>\n<h2>Produkta p\u0101rskats<\/h2>\n<p>Volwa maz\u0101 ekskavatora DLS100-9B str\u0113les cilindrs ir b\u016btiska hidrauliska sast\u0101vda\u013ca, kas paredz\u0113ta ekskavatora sviras kust\u012bbas vad\u012bbai. \u0160is hidrauliskais cilindrs ir \u012bpa\u0161i izstr\u0101d\u0101ts, lai str\u0113li var\u0113tu pacelt, nolaist un noliekt, atvieglojot efekt\u012bvas materi\u0101lu apstr\u0101des darb\u012bbas da\u017e\u0101d\u0101s darba vid\u0113s. Kausa cilindram ir iz\u0161\u0137iro\u0161a noz\u012bme hidrauliskaj\u0101s sist\u0113m\u0101s, nodro\u0161inot nepiecie\u0161amo sp\u0113ku da\u017e\u0101diem uzdevumiem, tostarp rak\u0161anai, cel\u0161anai un materi\u0101lu transport\u0113\u0161anai. Parasti tiek izmantots smagaj\u0101 ma\u0161\u012bn\u0101, piem\u0113ram, ekskavatoros, univers\u0101lajos iekr\u0101v\u0113jos un front\u0101lajos iekr\u0101v\u0113jos, un \u0161is cilindrs \u013cauj operatoriem prec\u012bzi un viegli manevr\u0113t ar ma\u0161\u012bnu.<\/p>\n<p><img decoding=\"async\" src=\"https:\/\/www.hydraulic-cylinders.net\/wp-content\/uploads\/2025\/04\/songte-company-1.webp\" alt=\"Ekskavatoru str\u0113les cilindrs\"\/><\/p>\n<h3>Str\u0113les cilindra \u012bpa\u0161\u012bbas<\/h3>\n<ul>\n<li><strong>Augsta iztur\u012bba un ilgm\u016b\u017e\u012bba:<\/strong> \u0160is str\u0113les cilindrs, kas izgatavots no augstas stipr\u012bbas t\u0113rauda vai alum\u012bnija, var iztur\u0113t augstu spiedienu un lielas slodzes, padarot to piem\u0113rotu skarbiem darba apst\u0101k\u013ciem. T\u0101 konstrukcij\u0101 ir iek\u013cauta nodilumiztur\u012bba un iztur\u012bba pret koroziju, lai pagarin\u0101tu t\u0101 kalpo\u0161anas laiku.<\/li>\n<li><strong>Efekt\u012bva hidraulisk\u0101 darb\u012bba:<\/strong> Cilindrs izmanto hidraulisk\u0101s e\u013c\u013cas spiedienu, lai pan\u0101ktu vienm\u0113r\u012bgas izstiep\u0161anas un ievilk\u0161anas kust\u012bbas, nodro\u0161inot \u0101tru rea\u0123\u0113\u0161anu uz vad\u012bbas komand\u0101m un jaud\u012bgu stum\u0161anas un vilk\u0161anas sp\u0113ku, kas ir ide\u0101li piem\u0113rots smagu priek\u0161metu apstr\u0101dei un sare\u017e\u0123\u012btu uzdevumu veik\u0161anai.<\/li>\n<li><strong>Da\u017e\u0101di veidi:<\/strong> Str\u0113les cilindrs, kas pieejams vienk\u0101r\u0161\u0101s darb\u012bbas (izmantojot hidraulisko sp\u0113ku vien\u0101 virzien\u0101) vai divk\u0101r\u0161\u0101s darb\u012bbas (izmantojot hidraulisko sp\u0113ku abos virzienos) konfigur\u0101cij\u0101s, var tikt piel\u0101gots da\u017e\u0101d\u0101m ekspluat\u0101cijas vajadz\u012bb\u0101m. Da\u017ei mode\u013ci ir teleskopiski, kas \u013cauj veikt liel\u0101ku pagarin\u0101jumu, nepalielinot \u0101r\u0113jos izm\u0113rus, kas ir ide\u0101li piem\u0113rots lietojumiem ar ierobe\u017eotu vietu.<\/li>\n<li><strong>Piel\u0101gota ra\u017eo\u0161ana:<\/strong> M\u016bsu uz\u0146\u0113mums specializ\u0113jas \u0161\u012b produkta ra\u017eo\u0161an\u0101, nodro\u0161inot, ka m\u016bsu hidrauliskie cilindri ir ide\u0101li aizst\u0101j\u0113ji eso\u0161ajiem mode\u013ciem.<\/li>\n<li><strong>Izmaksu zi\u0146\u0101 efekt\u012bvi risin\u0101jumi:<\/strong> Pied\u0101v\u0101jot augstas kvalit\u0101tes, bet pieejamus hidrauliskos cilindrus, m\u0113s nodro\u0161in\u0101m rentablus risin\u0101jumus uz\u0146\u0113mumiem, kas v\u0113las uzlabot savu iek\u0101rtu veiktsp\u0113ju.<\/li>\n<\/ul>\n<p><img decoding=\"async\" src=\"https:\/\/www.hydraulic-cylinders.net\/wp-content\/uploads\/2025\/04\/songte-cylinder-head-with-all-kinds-excavator-models.webp\" alt=\"Hidraulisk\u0101 cilindra galva\"\/><\/p>\n<h2>Str\u0113les cilindra pielietojumi<\/h2>\n<h3>Celtniec\u012bbas apr\u012bkojums<\/h3>\n<p>Ekskavatoros str\u0113les cilindrs ir neat\u0146emama rak\u0161anas, iekrau\u0161anas un augsnes vai gru\u017eu p\u0101rvieto\u0161anas procesu sast\u0101vda\u013ca. Tas nodro\u0161ina vienm\u0113r\u012bgas kausa kust\u012bbas aug\u0161up un lejup, \u013caujot operatoriem efekt\u012bvi veikt darbus b\u016bvlaukumos. Str\u0113les cilindra precizit\u0101te nodro\u0161ina, ka materi\u0101li tiek apstr\u0101d\u0101ti saudz\u012bgi, samazinot izbirumus un uzlabojot produktivit\u0101ti.<\/p>\n<h3>Lauksaimniec\u012bbas tehnika<\/h3>\n<p>Front\u0101lajos iekr\u0101v\u0113jos izmantotais str\u0113les cilindrs pal\u012bdz gr\u0101bt, pacelt un transport\u0113t augsni, sienu un citus materi\u0101lus. Nodro\u0161inot \u0101tru un efekt\u012bvu kravu p\u0101rvieto\u0161anu, tas iev\u0113rojami uzlabo lauksaimniec\u012bbas darb\u012bbu produktivit\u0101ti, atvieglojot lauksaimniekiem efekt\u012bvu uzdevumu p\u0101rvald\u012bbu.<\/p>\n<h3>Ekskavatori<\/h3>\n<p>Str\u0113les cilindrs \u013cauj kausam iek\u013c\u016bt augsn\u0113, atvieglojot rak\u0161anas darb\u012bbu, kas nepiecie\u0161ama da\u017e\u0101dos rak\u0161anas darbos. T\u0101 konstrukcija nodro\u0161ina, ka tas var iztur\u0113t sp\u0113ku, kas nepiecie\u0161ams, lai izlauztos cauri cietai gruntij, padarot to par b\u016btisku sast\u0101vda\u013cu b\u016bvniec\u012bb\u0101, ainavu veido\u0161an\u0101 un komun\u0101lajos darbos.<\/p>\n<h3>Iekr\u0101v\u0113ji<\/h3>\n<p>Front\u0101lajos iekr\u0101v\u0113jos str\u0113les cilindrs pal\u012bdz efekt\u012bvi pacelt un izkraut kravas. T\u0101 uzticam\u0101 darb\u012bba nodro\u0161ina, ka operators var dro\u0161i un efekt\u012bvi p\u0101rvietot materi\u0101lus, kas ir \u013coti svar\u012bgi darbpl\u016bsmas uztur\u0113\u0161anai un projekta termi\u0146u iev\u0113ro\u0161anai.<\/p>\n<h2>Projekt\u0113\u0161anas apsv\u0113rumi un atlases standarti<\/h2>\n<h3>Kravnes\u012bba<\/h3>\n<p>Str\u0113les cilindra kravnes\u012bba ir kritisks faktors t\u0101 konstrukcij\u0101. Tam j\u0101sp\u0113j iztur\u0113t maksim\u0101lo svaru, ar ko tas saskarsies ekspluat\u0101cijas laik\u0101, neapdraudot dro\u0161\u012bbu vai veiktsp\u0113ju. In\u017eenieriem j\u0101nov\u0113rt\u0113 nepiecie\u0161am\u0101 kravnes\u012bba, pamatojoties uz konkr\u0113tajiem lietojumiem un iesaist\u012btaj\u0101m iek\u0101rt\u0101m, lai nodro\u0161in\u0101tu uzticam\u012bbu.<\/p>\n<h3>Bl\u012bv\u0113juma kvalit\u0101te<\/h3>\n<p>Str\u0113les cilindra bl\u012bv\u0113juma kvalit\u0101te ir b\u016btiska, lai nov\u0113rstu hidraulisk\u0101 \u0161\u0137idruma nopl\u016bdi. Lai uztur\u0113tu spiedienu un efektivit\u0101ti hidrauliskaj\u0101s sist\u0113m\u0101s, ir nepiecie\u0161ami augstas kvalit\u0101tes bl\u012bv\u0113jumi. Izplat\u012bt\u0101kie bl\u012bv\u0113\u0161anas materi\u0101li ir poliuret\u0101ns un nitrilgumija, kas nodro\u0161ina izcilu nodilumiztur\u012bbu un iztur\u012bbu skarbos darba apst\u0101k\u013cos.<\/p>\n<h3>Iztur\u012bba<\/h3>\n<p>Iztur\u012bba ir galvenais apsv\u0113rums str\u0113les cilindra konstrukcij\u0101. Tam j\u0101sp\u0113j iztur\u0113t ikdienas ekspluat\u0101cijas slodzi, tostarp pak\u013cau\u0161anu skarbajiem elementiem, liel\u0101m slodz\u0113m un past\u0101v\u012bgu kust\u012bbu. Ra\u017eot\u0101ji izmanto uzlabotus materi\u0101lus un in\u017eeniertehnisk\u0101s metodes, lai uzlabotu cilindra kalpo\u0161anas laiku.<\/p>\n<h3>Dro\u0161\u012bbas funkcijas<\/h3>\n<p>Dro\u0161\u012bba ir \u0101rk\u0101rt\u012bgi svar\u012bga hidraulisko cilindru konstrukcij\u0101. T\u0101das funkcijas k\u0101 spiediena samazin\u0101\u0161anas v\u0101rsti un p\u0101rslodzes aizsardz\u012bbas meh\u0101nismi ir \u013coti svar\u012bgas, lai nov\u0113rstu negad\u012bjumus un iek\u0101rtu boj\u0101jumus. \u0160ie elementi nodro\u0161ina, ka operatori var str\u0101d\u0101t p\u0101rliecino\u0161i, zinot, ka ir ieviesti dro\u0161\u012bbas protokoli.<\/p>\n<h3>Apkopes pieejam\u012bba<\/h3>\n<p>Apkopes pieejam\u012bbas projekt\u0113\u0161ana ir \u013coti svar\u012bga, lai operatori var\u0113tu veikt regul\u0101ras p\u0101rbaudes un remontu bez iev\u0113rojama d\u012bkst\u0101ves laika. T\u0101das funkcijas k\u0101 viegla piek\u013cuve bl\u012bv\u0113m un e\u013c\u013co\u0161anas punktiem var iev\u0113rojami samazin\u0101t apkopes laiku un izmaksas, uzlabojot kop\u0113jo darb\u012bbas efektivit\u0101ti.<\/p>\n<p><img decoding=\"async\" src=\"https:\/\/www.hydraulic-cylinders.net\/wp-content\/uploads\/2025\/04\/songte-oil-pipes-and-spare-parts.webp\" alt=\"Hidraulisk\u0101s sast\u0101vda\u013cas\"\/><\/p>\n<h2>Cilindra bl\u012bv\u0113\u0161ana un e\u013c\u013co\u0161ana<\/h2>\n<p>Efekt\u012bva bl\u012bv\u0113\u0161ana un e\u013c\u013co\u0161ana ir \u013coti svar\u012bga str\u0113les cilindra optim\u0101lai darb\u012bbai. Lai uztur\u0113tu hidraulisk\u0101 \u0161\u0137idruma integrit\u0101ti, tiek izmantoti da\u017e\u0101di bl\u012bv\u0113\u0161anas komponenti, piem\u0113ram, virzu\u013ca bl\u012bv\u0113jumi un stie\u0146a bl\u012bv\u0113jumi. Lai nodro\u0161in\u0101tu ilgm\u016b\u017e\u012bbu un uzticam\u012bbu, tiek izmantoti bl\u012bv\u0113jumi, kas izgatavoti no nodilumiztur\u012bgiem materi\u0101liem, piem\u0113ram, poliuret\u0101na un nitrila gumijas. Turkl\u0101t cilindra korpuss un v\u012bt\u0146otie gali tiek pak\u013cauti smalkas apstr\u0101des procesiem, lai uzlabotu nodilumiztur\u012bbu. Regul\u0101ra e\u013c\u013co\u0161ana ar hidraulisko e\u013c\u013cu ir nepiecie\u0161ama, lai samazin\u0101tu berzi un nov\u0113rstu nodilumu, nodro\u0161inot vienm\u0113r\u012bgu darb\u012bbu un pagarinot cilindra kalpo\u0161anas laiku.<\/p>\n<h2>Prevent\u012bvie apkopes pas\u0101kumi<\/h2>\n<ul>\n<li><strong>Regul\u0101ras p\u0101rbaudes:<\/strong> Veiciet regul\u0101ras str\u0113les cilindra p\u0101rbaudes, lai noteiktu nodiluma, nopl\u016b\u017eu un boj\u0101jumu paz\u012bmes. Probl\u0113mu agr\u012bna atkl\u0101\u0161ana var nov\u0113rst d\u0101rgus remontdarbus un nodro\u0161in\u0101t dro\u0161u ekspluat\u0101ciju.<\/li>\n<li><strong>Pareiza e\u013c\u013co\u0161ana:<\/strong> P\u0101rliecinieties, ka hidraulisk\u0101s e\u013c\u013cas l\u012bmenis ir atbilsto\u0161\u0101 l\u012bmen\u012b, un nomainiet to p\u0113c nepiecie\u0161am\u012bbas. Atbilsto\u0161a e\u013c\u013co\u0161ana samazina iek\u0161\u0113jo deta\u013cu nodilumu.<\/li>\n<li><strong>Bl\u012bv\u0113juma nomai\u0146a:<\/strong> Regul\u0101ri p\u0101rbaudiet bl\u012bves, vai t\u0101s nav nodilu\u0161as, un nomainiet t\u0101s p\u0113c nepiecie\u0161am\u012bbas, lai nov\u0113rstu hidraulisk\u0101 \u0161\u0137idruma nopl\u016bdi un saglab\u0101tu veiktsp\u0113ju.<\/li>\n<\/ul>\n<h2>Uzst\u0101d\u012b\u0161anas vadl\u012bnijas<\/h2>\n<p>Pareiza uzst\u0101d\u012b\u0161ana ir \u013coti svar\u012bga str\u0113les cilindra veiktsp\u0113jai un ilgm\u016b\u017e\u012bbai. Vispirms p\u0101rliecinieties, vai cilindrs ir sader\u012bgs ar konkr\u0113to ekskavatora modeli. Pareizi izl\u012bdziniet cilindru ar stiprin\u0101juma punktiem un izmantojiet piem\u0113rotus uzst\u0101d\u012b\u0161anas kron\u0161teinus, lai to nostiprin\u0101tu viet\u0101. Pievienojot hidraulisk\u0101s l\u012bnijas, p\u0101rliecinieties, ka nav loc\u012bjumu vai \u0161\u0137\u0113r\u0161\u013cu. P\u0113c uzst\u0101d\u012b\u0161anas pirms tehnikas lieto\u0161anas p\u0101rbaudiet pareizu izl\u012bdzin\u0101\u0161anu un darb\u012bbu. Lai sasniegtu optim\u0101lu veiktsp\u0113ju, ieteicams iepaz\u012bties ar ra\u017eot\u0101ja vadl\u012bnij\u0101m par konkr\u0113tiem uzst\u0101d\u012b\u0161anas nor\u0101d\u012bjumiem.<\/p>\n<h2>Bie\u017ei sastopamie apkopes uzdevumi<\/h2>\n<ul>\n<li><strong>Regul\u0101ras p\u0101rbaudes:<\/strong> Regul\u0101ri p\u0101rbaudiet balonu, vai nav nopl\u016b\u017eu, plaisu un citu nodiluma paz\u012bmju. \u0160\u012b proakt\u012bv\u0101 pieeja pal\u012bdz identific\u0113t potenci\u0101l\u0101s probl\u0113mas, pirms t\u0101s saasin\u0101s.<\/li>\n<li><strong>Piem\u0113rota e\u013c\u013co\u0161ana:<\/strong> Uztur\u0113t atbilsto\u0161u e\u013c\u013cas l\u012bmeni un p\u0113c nepiecie\u0161am\u012bbas nomain\u012bt hidraulisko \u0161\u0137idrumu. Tas nodro\u0161ina cilindra vienm\u0113r\u012bgu un efekt\u012bvu darb\u012bbu.<\/li>\n<li><strong>Bl\u012bv\u0113juma nomai\u0146a:<\/strong> Uzraugiet bl\u012bv\u0113jumu st\u0101vokli un nomainiet tos, kad nepiecie\u0161ams. Tas pal\u012bdz uztur\u0113t hidraulisko spiedienu un nov\u0113r\u0161 nopl\u016bdes, kas var ietekm\u0113t veiktsp\u0113ju.<\/li>\n<\/ul>\n<p>Pareiza cilindra izl\u012bdzin\u0101\u0161ana uzst\u0101d\u012b\u0161anas laik\u0101 ir kritiski svar\u012bga funkcionalit\u0101tei. Izmantojiet piem\u0113rotus stiprin\u0101jumus un kron\u0161teinus, lai nostiprin\u0101tu cilindru, nov\u0113r\u0161ot kust\u012bbu, kas var\u0113tu izrais\u012bt boj\u0101jumus. Ieteicamaj\u0101 apkopes rut\u012bn\u0101 j\u0101iek\u013cauj regul\u0101ras p\u0101rbaudes, remonts un deta\u013cu nomai\u0146a, lai uzlabotu cilindra kalpo\u0161anas laiku.<\/p>\n<p><img decoding=\"async\" src=\"https:\/\/www.hydraulic-cylinders.net\/wp-content\/uploads\/2025\/04\/songte-chushion-collar.webp\" alt=\"Spilvenu apkakle\"\/><\/p>\n<h2>Dro\u0161\u012bbas apsv\u0113rumi un vides faktori<\/h2>\n<p>Str\u0101d\u0101jot ar hidrauliskajiem cilindriem, dro\u0161\u012bbas pas\u0101kumi ir \u0101rk\u0101rt\u012bgi svar\u012bgi. Operatoriem j\u0101b\u016bt apm\u0101c\u012btiem par pareizu hidraulisko iek\u0101rtu lieto\u0161anu un apkopi, lai nov\u0113rstu negad\u012bjumus. Regul\u0101ras dro\u0161\u012bbas p\u0101rbaudes un dro\u0161\u012bbas protokolu iev\u0113ro\u0161ana var iev\u0113rojami samazin\u0101t ar hidrauliskaj\u0101m iek\u0101rt\u0101m saist\u012btos riskus. Turkl\u0101t, \u0146emot v\u0113r\u0101 t\u0101dus vides faktorus k\u0101 pareiza \u0161\u0137idruma utiliz\u0101cija un nopl\u016b\u017eu samazin\u0101\u0161ana, tiek veicin\u0101ta dro\u0161\u0101ka darb\u012bba.<\/p>\n<h2>Probl\u0113mu nov\u0113r\u0161ana un bie\u017ei sastopamas probl\u0113mas<\/h2>\n<ul>\n<li><strong>Nopl\u016bde:<\/strong> Viena no visbie\u017e\u0101k sastopamaj\u0101m probl\u0113m\u0101m ir hidraulisk\u0101 \u0161\u0137idruma nopl\u016bde, ko bie\u017ei izraisa nodilu\u0161as bl\u012bves vai boj\u0101tas \u0161\u013c\u016btenes. Regul\u0101ras p\u0101rbaudes var pal\u012bdz\u0113t identific\u0113t un nov\u0113rst \u0161\u012bs probl\u0113mas, pirms t\u0101s saasin\u0101s.<\/li>\n<li><strong>Samazin\u0101ta veiktsp\u0113ja:<\/strong> Ja str\u0113les cilindrs nedarbojas vienm\u0113r\u012bgi, tas var b\u016bt saist\u012bts ar zemu hidraulisk\u0101s e\u013c\u013cas l\u012bmeni vai pies\u0101r\u0146ojumu. P\u0101rliecinieties, vai e\u013c\u013ca ir t\u012bra un atbilsto\u0161\u0101 l\u012bmen\u012b, lai saglab\u0101tu veiktsp\u0113ju.<\/li>\n<li><strong>Troksnis darb\u012bbas laik\u0101:<\/strong> Neparastas ska\u0146as var liecin\u0101t par iek\u0161\u0113jiem boj\u0101jumiem vai nepietiekamu e\u013c\u013co\u0161anu. P\u0101rbaudiet cilindru un p\u0101rliecinieties par atbilsto\u0161u e\u013c\u013cas l\u012bmeni un kvalit\u0101ti, lai nov\u0113rstu \u0161o probl\u0113mu.<\/li>\n<\/ul>\n<p>Lai efekt\u012bvi diagnostic\u0113tu un risin\u0101tu probl\u0113mas ar str\u0113les cilindru, operatoriem j\u0101iev\u0113ro sistem\u0101tiska probl\u0113mu nov\u0113r\u0161anas proced\u016bra. Tas ietver nopl\u016b\u017eu p\u0101rbaudi, hidraulisk\u0101 \u0161\u0137idruma l\u012bme\u0146a nov\u0113rt\u0113\u0161anu un iek\u0161\u0113jo komponentu p\u0101rbaudi. Prevent\u012bvie pas\u0101kumi, piem\u0113ram, regul\u0101ra apkope un p\u0101rbaudes, var samazin\u0101t potenci\u0101l\u0101s probl\u0113mas, nodro\u0161inot uzticamu darb\u012bbu un dro\u0161\u012bbu.<\/p>\n<p><img decoding=\"async\" src=\"https:\/\/www.hydraulic-cylinders.net\/wp-content\/uploads\/2025\/04\/songte-bushings-with-all-kinds-of-excavator-models.webp\" alt=\"Ekskavatoru bukses\"\/><\/p>\n<h2>Par m\u016bsu uz\u0146\u0113mumu<\/h2>\n<p>M\u0113s esam vado\u0161ais rezerves hidraulisko cilindru ra\u017eot\u0101js, kas pied\u0101v\u0101 pla\u0161u produktu kl\u0101stu, kas ir nostiprin\u0101jis m\u016bsu k\u0101 iev\u0113rojama vairumtirgot\u0101ja statusu gan viet\u0113j\u0101, gan starptautiskaj\u0101 tirg\u016b. M\u0113s iev\u0113rojam izcil\u012bbu kvalit\u0101t\u0113, ko stiprina izsmalcin\u0101tas ra\u017eo\u0161anas strat\u0113\u0123ijas, kas uzsver prec\u012bzu ra\u017eo\u0161anas vad\u012bbu. M\u016bsu uz\u0146\u0113mums nep\u0101rtraukti uzlabo savas ra\u017eo\u0161anas iesp\u0113jas, izmantojot kvalific\u0113tus tehni\u0137us, modernu digit\u0101lo ra\u017eo\u0161anas apr\u012bkojumu un specializ\u0113tas test\u0113\u0161anas sist\u0113mas. \u0160\u012b ap\u0146em\u0161an\u0101s nodro\u0161in\u0101t kvalit\u0101ti nodro\u0161ina, ka m\u0113s apmierin\u0101m m\u016bsu klientu da\u017e\u0101d\u0101s vajadz\u012bbas ar augstu efektivit\u0101ti, precizit\u0101ti un izcilu kvalit\u0101ti.<\/p>\n<p><img decoding=\"async\" src=\"https:\/\/www.hydraulic-cylinders.net\/wp-content\/uploads\/2025\/04\/songte-company-4.webp\" alt=\"Uz\u0146\u0113muma p\u0101rskats\"\/><br \/>\n<img decoding=\"async\" src=\"https:\/\/www.hydraulic-cylinders.net\/wp-content\/uploads\/2025\/04\/songte-company-3.webp\" alt=\"Uz\u0146\u0113muma telpas\"\/><\/p>\n<p>M\u016bsu profesionalit\u0101ti apliecina starptautiski sertifik\u0101ti, piel\u0101goti pakalpojumi, kas piel\u0101goti konkr\u0113t\u0101m klientu vajadz\u012bb\u0101m, un ap\u0146em\u0161an\u0101s izmantot modernas ra\u017eo\u0161anas iek\u0101rtas. Turkl\u0101t m\u0113s lepojamies ar savu izcilo p\u0113cp\u0101rdo\u0161anas apkalpo\u0161anu, nodro\u0161inot, ka m\u016bsu klienti sa\u0146em nep\u0101rtrauktu atbalstu un nor\u0101d\u012bjumus vis\u0101 vi\u0146u pieredzes laik\u0101 ar m\u016bsu produktiem.<\/p>\n<p>Autors: lil<\/p>","protected":false},"excerpt":{"rendered":"<p>Boom Cylinder For Volwa Small Excavator DLS100-9B Product Overview The Boom Cylinder for Volwa Small Excavator DLS100-9B is an essential hydraulic component designed for controlling the movement of the excavator arm. This hydraulic cylinder is specifically engineered to enable the boom to lift, lower, and tilt, facilitating efficient material handling operations in various work environments. [&hellip;]<\/p>","protected":false},"featured_media":17877,"comment_status":"open","ping_status":"closed","template":"","meta":{"_et_pb_use_builder":"","_et_pb_old_content":"","_et_gb_content_width":""},"product_brand":[],"product_cat":[1546],"product_tag":[1547,1496],"class_list":{"0":"post-19599","1":"product","2":"type-product","3":"status-publish","4":"has-post-thumbnail","6":"product_cat-boom-cylinders","7":"product_tag-boom-cylinders","8":"product_tag-hydraulic-cylinders","10":"first","11":"instock","12":"shipping-taxable","13":"product-type-simple"},"amp_enabled":true,"_links":{"self":[{"href":"https:\/\/www.hydraulic-cylinders.net\/lv\/wp-json\/wp\/v2\/product\/19599","targetHints":{"allow":["GET"]}}],"collection":[{"href":"https:\/\/www.hydraulic-cylinders.net\/lv\/wp-json\/wp\/v2\/product"}],"about":[{"href":"https:\/\/www.hydraulic-cylinders.net\/lv\/wp-json\/wp\/v2\/types\/product"}],"replies":[{"embeddable":true,"href":"https:\/\/www.hydraulic-cylinders.net\/lv\/wp-json\/wp\/v2\/comments?post=19599"}],"wp:featuredmedia":[{"embeddable":true,"href":"https:\/\/www.hydraulic-cylinders.net\/lv\/wp-json\/wp\/v2\/media\/17877"}],"wp:attachment":[{"href":"https:\/\/www.hydraulic-cylinders.net\/lv\/wp-json\/wp\/v2\/media?parent=19599"}],"wp:term":[{"taxonomy":"product_brand","embeddable":true,"href":"https:\/\/www.hydraulic-cylinders.net\/lv\/wp-json\/wp\/v2\/product_brand?post=19599"},{"taxonomy":"product_cat","embeddable":true,"href":"https:\/\/www.hydraulic-cylinders.net\/lv\/wp-json\/wp\/v2\/product_cat?post=19599"},{"taxonomy":"product_tag","embeddable":true,"href":"https:\/\/www.hydraulic-cylinders.net\/lv\/wp-json\/wp\/v2\/product_tag?post=19599"}],"curies":[{"name":"wp","href":"https:\/\/api.w.org\/{rel}","templated":true}]}}