{"id":19600,"date":"2025-04-07T06:56:44","date_gmt":"2025-04-07T06:56:44","guid":{"rendered":"https:\/\/www.hydraulic-cylinders.net\/product\/boom-cylinder-for-volwa-small-excavator-dls160-8b-9\/"},"modified":"2025-04-07T06:56:52","modified_gmt":"2025-04-07T06:56:52","slug":"boom-cylinder-for-volwa-small-excavator-dls160-8b-9","status":"publish","type":"product","link":"https:\/\/www.hydraulic-cylinders.net\/lv\/products\/boom-cylinder-for-volwa-small-excavator-dls160-8b-9\/","title":{"rendered":"Str\u0113les cilindrs Volwa mazajam ekskavatoram DLS160-8B-9"},"content":{"rendered":"<h1>Str\u0113les cilindrs Volwa mazajam ekskavatoram DLS160-8B-9<\/h1>\n<h2>Str\u0113les cilindra p\u0101rskats<\/h2>\n<p>Str\u0113les cilindrs ir svar\u012bga hidrauliska sast\u0101vda\u013ca, kas \u012bpa\u0161i paredz\u0113ta kausa kust\u012bbas vad\u012bbai smagaj\u0101s ma\u0161\u012bn\u0101s, piem\u0113ram, ekskavatoros, univers\u0101lajos iekr\u0101v\u0113jos un front\u0101lajos iekr\u0101v\u0113jos. Tas atvieglo kausa pacel\u0161anu, nolai\u0161anu un noliek\u0161anu, nodro\u0161inot efekt\u012bvus materi\u0101lu apstr\u0101des uzdevumus. Volwa maz\u0101 ekskavatora DLS160-8B-9 kontekst\u0101 str\u0113les cilindram ir b\u016btiska loma ma\u0161\u012bnas kop\u0113j\u0101 veiktsp\u0113j\u0101 un funkcionalit\u0101t\u0113.<\/p>\n<p><img decoding=\"async\" src=\"https:\/\/www.hydraulic-cylinders.net\/wp-content\/uploads\/2025\/04\/songte-company-1.webp\" alt=\"Str\u0113les cilindrs\" \/><\/p>\n<h3>Defin\u012bcija un funkcionalit\u0101te<\/h3>\n<p>Kausa cilindrs ir hidraulisk\u0101 cilindra veids, kas \u012bpa\u0161i paredz\u0113ts kausa kust\u012bbas vad\u012bbai da\u017e\u0101d\u0101s smagaj\u0101s ma\u0161\u012bn\u0101s. \u0160ie cilindri izmanto hidraulisko spiedienu, lai rad\u012btu sp\u0113ku, nodro\u0161inot vienm\u0113r\u012bgu darb\u012bbu, ce\u013cot un manevr\u0113jot smagas kravas. T\u0101dos darbos k\u0101 rak\u0161ana, b\u016bvniec\u012bba un lauksaimniec\u012bba str\u0113les cilindra efektivit\u0101te un uzticam\u012bba ir \u0101rk\u0101rt\u012bgi svar\u012bga. Tie ir konstru\u0113ti t\u0101, lai iztur\u0113tu augstu spiedienu un slodzes, nodro\u0161inot optim\u0101lu veiktsp\u0113ju pat skarbos darba apst\u0101k\u013cos.<\/p>\n<h2>Str\u0113les cilindra \u012bpa\u0161\u012bbas<\/h2>\n<ul>\n<li><strong>Augsta iztur\u012bba un ilgm\u016b\u017e\u012bba:<\/strong> Parasti no augstas stipr\u012bbas t\u0113rauda vai alum\u012bnija izgatavotais str\u0113les cilindrs var iztur\u0113t augstu spiedienu un lielas slodzes, padarot to piem\u0113rotu skarbajiem apst\u0101k\u013ciem un pagarinot produkta kalpo\u0161anas laiku.<\/li>\n<li><strong>Efekt\u012bva hidraulisk\u0101 darb\u012bba:<\/strong> Cilindrs izmanto hidraulisk\u0101 \u0161\u0137idruma spiedienu, lai pan\u0101ktu vienm\u0113r\u012bgu izstiep\u0161anu un ievilk\u0161anu, \u0101tri rea\u0123\u0113jot uz operatora komand\u0101m ar iev\u0113rojamu stum\u0161anas un vilk\u0161anas sp\u0113ku.<\/li>\n<li><strong>Pieejami da\u017e\u0101di veidi:<\/strong> Atkar\u012bb\u0101 no konkr\u0113taj\u0101m ekspluat\u0101cijas vajadz\u012bb\u0101m klienti var izv\u0113l\u0113ties starp vienk\u0101r\u0161as darb\u012bbas (darbojas vien\u0101 virzien\u0101) vai divk\u0101r\u0161as darb\u012bbas (darbojas abos virzienos) cilindriem. Da\u017eiem mode\u013ciem ir teleskopiska konstrukcija, kas nodro\u0161ina liel\u0101ku pagarin\u0101jumu, nepalielinot \u0101r\u0113jos izm\u0113rus.<\/li>\n<li><strong>Korozijas iztur\u012bba:<\/strong> Izstr\u0101d\u0101ts no korozijiztur\u012bgiem materi\u0101liem, str\u0113les cilindrs nodro\u0161ina ilg\u0101ku kalpo\u0161anas laiku un uzticam\u012bbu da\u017e\u0101dos vides apst\u0101k\u013cos.<\/li>\n<li><strong>Piel\u0101gojamas opcijas:<\/strong> Iesp\u0113ja piel\u0101got specifik\u0101cijas \u013cauj lietot\u0101jiem piel\u0101got cilindru sav\u0101m konkr\u0113taj\u0101m iek\u0101rt\u0101m un ekspluat\u0101cijas pras\u012bb\u0101m.<\/li>\n<\/ul>\n<h2>Str\u0113les cilindra pielietojumi<\/h2>\n<h3>Celtniec\u012bbas apr\u012bkojums<\/h3>\n<p>Ekskavatoros str\u0113les cilindri ir vit\u0101li svar\u012bgi rak\u0161anai, iekrau\u0161anai un augsnes vai gru\u017eu p\u0101rvieto\u0161anai. To loma ir iz\u0161\u0137iro\u0161a ne tikai rak\u0161anas darbos, bet ar\u012b smagu kravu cel\u0161an\u0101, kas var iev\u0113rojami palielin\u0101t produktivit\u0101ti b\u016bvlaukumos.<\/p>\n<h3>Lauksaimniec\u012bbas tehnika<\/h3>\n<p>Front\u0101lo iekr\u0101v\u0113ju str\u0113les cilindri atvieglo augsnes, siena un citu materi\u0101lu sav\u0101k\u0161anu, cel\u0161anu un transport\u0113\u0161anu. To efektivit\u0101te tie\u0161i ietekm\u0113 lauksaimniec\u012bbas darbu \u0101trumu, \u013caujot lauksaimniekiem maksim\u0101li palielin\u0101t darba laiku.<\/p>\n<h3>Ekskavatori<\/h3>\n<p>Ekskavatoros str\u0113les cilindri \u013cauj kausam efekt\u012bvi iek\u013c\u016bt augsn\u0113, nodro\u0161inot efekt\u012bvas rak\u0161anas darb\u012bbas. Str\u0113les cilindra precizit\u0101te un atsauc\u012bba var iev\u0113rojami uzlabot ekskavatora kop\u0113jo veiktsp\u0113ju.<\/p>\n<h3>Iekr\u0101v\u0113ji<\/h3>\n<p>Front\u0101lajos iekr\u0101v\u0113jos \u0161ie cilindri pal\u012bdz efekt\u012bvi pacelt un izkraut kravas. To konstrukcija nodro\u0161ina jaud\u012bgu pacel\u0161anu, \u013caujot operatoriem viegli un efekt\u012bvi apstr\u0101d\u0101t smagus materi\u0101lus.<\/p>\n<h2>Dizaina apsv\u0113rumi un atlases krit\u0113riji<\/h2>\n<ul>\n<li><strong>Kravnes\u012bba:<\/strong> Ir \u013coti svar\u012bgi nov\u0113rt\u0113t str\u0113les cilindra kravnes\u012bbu, nodro\u0161inot, ka tas sp\u0113j iztur\u0113t paredzamo svaru ekspluat\u0101cijas laik\u0101. Konstrukcijai ir j\u0101sp\u0113j iztur\u0113t maksim\u0101l\u0101s slodzes, neapdraudot dro\u0161\u012bbu vai funkcionalit\u0101ti.<\/li>\n<li><strong>Bl\u012bv\u0113\u0161anas meh\u0101nismi:<\/strong> Bl\u012bv\u0113jumu integrit\u0101te ir \u013coti svar\u012bga, lai nov\u0113rstu hidraulisk\u0101 \u0161\u0137idruma nopl\u016bdes, kas var izrais\u012bt veiktsp\u0113jas zudumu un dro\u0161\u012bbas apdraud\u0113jumus. Labi izstr\u0101d\u0101ta bl\u012bv\u0113\u0161anas sist\u0113ma nodro\u0161in\u0101s efekt\u012bvu darb\u012bbu un ilgm\u016b\u017e\u012bbu.<\/li>\n<li><strong>Iztur\u012bba:<\/strong> Str\u0113les cilindra konstrukcij\u0101 izmantotajiem materi\u0101liem j\u0101b\u016bt pietiekami iztur\u012bgiem, lai tie b\u016btu notur\u012bgi pret nodilumu un koroziju, \u012bpa\u0161i sare\u017e\u0123\u012btos apst\u0101k\u013cos, kur bie\u017ei tiek pak\u013cauti laikapst\u0101k\u013ciem un \u0137\u012bmisk\u0101m viel\u0101m.<\/li>\n<li><strong>Dro\u0161\u012bbas funkcijas:<\/strong> Dro\u0161\u012bbas funkciju, piem\u0113ram, spiediena samazin\u0101\u0161anas v\u0101rstu un dro\u0161\u012bbas sl\u0113dze\u0146u, iek\u013cau\u0161ana ir b\u016btiska, lai nov\u0113rstu negad\u012bjumus un iek\u0101rtu boj\u0101jumus darb\u012bbas laik\u0101.<\/li>\n<li><strong>Apkopes pieejam\u012bba:<\/strong> Projektam j\u0101nodro\u0161ina vienk\u0101r\u0161a apkope un remonts, nodro\u0161inot, ka operatori var \u0101tri risin\u0101t visas radu\u0161\u0101s probl\u0113mas bez ilgsto\u0161as \u200b\u200bd\u012bkst\u0101ves.<\/li>\n<\/ul>\n<p><img decoding=\"async\" src=\"https:\/\/www.hydraulic-cylinders.net\/wp-content\/uploads\/2025\/04\/songte-oil-pipes-and-spare-parts.webp\" alt=\"Hidraulisk\u0101s sast\u0101vda\u013cas\" \/><\/p>\n<h2>Bl\u012bv\u0113\u0161ana un e\u013c\u013co\u0161ana<\/h2>\n<p>Str\u0113les cilindra efektivit\u0101te ir \u013coti atkar\u012bga no izmantotaj\u0101m bl\u012bv\u0113\u0161anas un e\u013c\u013co\u0161anas sist\u0113m\u0101m. Da\u017e\u0101diem bl\u012bv\u0113jumiem, piem\u0113ram, virzu\u013ca bl\u012bv\u0113jumiem un stie\u0146a bl\u012bv\u0113jumiem, ir iz\u0161\u0137iro\u0161a noz\u012bme hidraulisk\u0101 \u0161\u0137idruma integrit\u0101tes uztur\u0113\u0161an\u0101. Izv\u0113loties bl\u012bv\u0113jumus, kas izgatavoti no iztur\u012bgiem materi\u0101liem, piem\u0113ram, poliuret\u0101na un nitrila gumijas, tiek nodro\u0161in\u0101ta iztur\u012bba pret nodilumu. Turkl\u0101t cilindra korpuss un v\u012bt\u0146otie gali ir j\u0101apstr\u0101d\u0101 prec\u012bzi, lai uzlabotu nodilumiztur\u012bbu. Regul\u0101ra e\u013c\u013co\u0161ana ar atbilsto\u0161u hidraulisko e\u013c\u013cu ir b\u016btiska, lai samazin\u0101tu berzi un pagarin\u0101tu cilindra kalpo\u0161anas laiku.<\/p>\n<h2>Prevent\u012bvie apkopes pas\u0101kumi<\/h2>\n<ul>\n<li><strong>Regul\u0101ras p\u0101rbaudes:<\/strong> Veiciet regul\u0101ras str\u0113les cilindra p\u0101rbaudes, lai laikus identific\u0113tu jebk\u0101das nodiluma, nopl\u016bdes vai boj\u0101jumu paz\u012bmes. Savlaic\u012bga atkl\u0101\u0161ana var nov\u0113rst d\u0101rgus remontdarbus un pagarin\u0101t apr\u012bkojuma kalpo\u0161anas laiku.<\/li>\n<li><strong>E\u013c\u013co\u0161ana:<\/strong> P\u0101rliecinieties, ka cilindrs vienm\u0113r ir pien\u0101c\u012bgi iee\u013c\u013cots. E\u013c\u013co\u0161anas ignor\u0113\u0161ana var izrais\u012bt palielin\u0101tu berzi un priek\u0161laic\u012bgu nodilumu, kas galu gal\u0101 pasliktina cilindra darb\u012bbu.<\/li>\n<li><strong>Bl\u012bv\u0113juma nomai\u0146a:<\/strong> Regul\u0101ri p\u0101rbaudiet un nomainiet bl\u012bves p\u0113c nepiecie\u0161am\u012bbas. Nolietotas bl\u012bves var izrais\u012bt \u0161\u0137idruma nopl\u016bdes, ietekm\u0113jot cilindra efektivit\u0101ti un darb\u012bbu.<\/li>\n<\/ul>\n<h2>Uzst\u0101d\u012b\u0161anas vadl\u012bnijas<\/h2>\n<p>Pareiza str\u0113les cilindra uzst\u0101d\u012b\u0161ana ir \u013coti svar\u012bga, lai nodro\u0161in\u0101tu optim\u0101lu veiktsp\u0113ju. S\u0101ciet ar cilindra prec\u012bzu izl\u012bdzin\u0101\u0161anu ar ma\u0161\u012bnas stiprin\u0101juma punktiem, lai nov\u0113rstu spriegumu un nepareizu izl\u012bdzin\u0101\u0161anu. Izmantojiet piem\u0113rotus stiprin\u0101juma kron\u0161teinus, lai nostiprin\u0101tu cilindru viet\u0101, nodro\u0161inot, ka tas var br\u012bvi kust\u0113ties bez \u0161\u0137\u0113r\u0161\u013ciem. Pirms uzst\u0101d\u012b\u0161anas pabeig\u0161anas ieteicams izmantot izl\u012bdzin\u0101\u0161anas instrumentus, lai garant\u0113tu prec\u012bzu pozicion\u0113\u0161anu. Vienm\u0113r iev\u0113rojiet ra\u017eot\u0101ja nor\u0101d\u012bjumus par griezes momenta specifik\u0101cij\u0101m un savieno\u0161anas proced\u016br\u0101m, p\u0113c uzst\u0101d\u012b\u0161anas p\u0101rbaudot visus hidrauliskos savienojumus, vai nav nopl\u016b\u017eu.<\/p>\n<h2>Bie\u017ei sastopamie apkopes uzdevumi<\/h2>\n<ul>\n<li><strong>Regul\u0101ras p\u0101rbaudes:<\/strong> Regul\u0101ras p\u0101rbaudes pal\u012bdz identific\u0113t probl\u0113mas, pirms t\u0101s saasin\u0101s. Mekl\u0113jiet nodiluma vai nopl\u016bdes paz\u012bmes un nekav\u0113joties nov\u0113rsiet t\u0101s, lai izvair\u012btos no turpm\u0101k\u0101m komplik\u0101cij\u0101m.<\/li>\n<li><strong>Pareiza e\u013c\u013co\u0161ana:<\/strong> Lai nodro\u0161in\u0101tu vienm\u0113r\u012bgu darb\u012bbu, nodro\u0161iniet, lai str\u0113les cilindrs tiktu regul\u0101ri iee\u013c\u013cots. J\u0101izmanto pareizais hidraulisk\u0101 \u0161\u0137idruma veids, un sist\u0113ma j\u0101uzpilda l\u012bdz ra\u017eot\u0101ja ieteiktajam l\u012bmenim.<\/li>\n<li><strong>Bl\u012bv\u0113juma nomai\u0146a:<\/strong> Uzraugiet bl\u012bv\u0113jumu st\u0101vokli un nomainiet tos p\u0113c nepiecie\u0161am\u012bbas. Tas ir \u013coti svar\u012bgi hidraulisk\u0101 spiediena uztur\u0113\u0161anai un nopl\u016b\u017eu nov\u0113r\u0161anai.<\/li>\n<\/ul>\n<p><img decoding=\"async\" src=\"https:\/\/www.hydraulic-cylinders.net\/wp-content\/uploads\/2025\/04\/songte-chushion-collar.webp\" alt=\"Cilindra uzst\u0101d\u012b\u0161ana\" \/><\/p>\n<h2>Dro\u0161\u012bbas apsv\u0113rumi un vides faktori<\/h2>\n<p>Izmantojot hidrauliskos cilindrus, dro\u0161\u012bbas pas\u0101kumu ievie\u0161ana ir \u0101rk\u0101rt\u012bgi svar\u012bga, lai aizsarg\u0101tu operatorus un apr\u012bkojumu. P\u0101rliecinieties, vai visas dro\u0161\u012bbas funkcijas darbojas un vai person\u0101ls ir apm\u0101c\u012bts dro\u0161\u0101s ekspluat\u0101cijas proced\u016br\u0101s. Pareiza hidraulisko \u0161\u0137idrumu apstr\u0101de ir svar\u012bga ar\u012b, lai samazin\u0101tu ietekmi uz vidi. Regul\u0101ri p\u0101rbaudiet hidraulisk\u0101s sist\u0113mas, vai nav nopl\u016b\u017eu, un p\u0101rliecinieties, ka visas nopl\u016bdes tiek nekav\u0113joties not\u012br\u012btas, lai nov\u0113rstu pies\u0101r\u0146ojumu.<\/p>\n<h2>Probl\u0113mu nov\u0113r\u0161ana un bie\u017ei sastopamas probl\u0113mas<\/h2>\n<ul>\n<li><strong>Nopl\u016bde:<\/strong> Hidraulisk\u0101 \u0161\u0137idruma nopl\u016bdes var liecin\u0101t par nodilu\u0161iem bl\u012bv\u0113jumiem vai boj\u0101tiem savienojumiem. P\u0101rbaudiet visus bl\u012bv\u0113jumus un savienojumus, nekav\u0113joties nomainot visas boj\u0101t\u0101s deta\u013cas.<\/li>\n<li><strong>Slikta veiktsp\u0113ja:<\/strong> Ja str\u0113les cilindrs nedarbojas vienm\u0113r\u012bgi, p\u0101rbaudiet hidraulisk\u0101 \u0161\u0137idruma l\u012bmeni un kvalit\u0101ti. Pies\u0101r\u0146ots vai zems \u0161\u0137idruma l\u012bmenis var iev\u0113rojami pasliktin\u0101t veiktsp\u0113ju.<\/li>\n<li><strong>Neparastas ska\u0146as:<\/strong> Nepaz\u012bstamas ska\u0146as darb\u012bbas laik\u0101 var liecin\u0101t par meh\u0101nisk\u0101m probl\u0113m\u0101m. Izp\u0113tiet trok\u0161\u0146a avotu un veiciet nepiecie\u0161amos remontdarbus, lai izvair\u012btos no turpm\u0101kiem boj\u0101jumiem.<\/li>\n<\/ul>\n<p>Lai efekt\u012bvi diagnostic\u0113tu probl\u0113mas, uzturiet detaliz\u0113tu visu darb\u012bbas parametru un visu lieto\u0161anas laik\u0101 nov\u0113roto neatbilst\u012bbu \u017eurn\u0101lu. \u0160\u0101di ieraksti pal\u012bdz\u0113s identific\u0113t mode\u013cus un potenci\u0101l\u0101s probl\u0113mas, pirms t\u0101s k\u013c\u016bst nopietnas. Prevent\u012bvu pas\u0101kumu veik\u0161ana var iev\u0113rojami samazin\u0101t d\u012bkst\u0101ves laiku un pagarin\u0101t iek\u0101rtas kalpo\u0161anas laiku.<\/p>\n<p><img decoding=\"async\" src=\"https:\/\/www.hydraulic-cylinders.net\/wp-content\/uploads\/2025\/04\/songte-bushings-with-all-kinds-of-excavator-models.webp\" alt=\"Ekskavatora deta\u013cas\" \/><\/p>\n<h2>Uz\u0146\u0113muma p\u0101rskats<\/h2>\n<p>M\u0113s esam vado\u0161ais rezerves hidraulisko cilindru ra\u017eot\u0101js, kas paz\u012bstams ar pla\u0161u produktu kl\u0101stu gan viet\u0113j\u0101, gan starptautiskaj\u0101 tirg\u016b. M\u016bsu ap\u0146em\u0161an\u0101s sasniegt izcil\u012bbu atspogu\u013cojas m\u016bsu sare\u017e\u0123\u012btaj\u0101s ra\u017eo\u0161anas vad\u012bbas strat\u0113\u0123ij\u0101s. M\u0113s nep\u0101rtraukti uzlabojam savu ra\u017eo\u0161anas platformu, pie\u0146emot darb\u0101 kvalific\u0113tu tehnisko person\u0101lu, ieguldot l\u012bdzek\u013cus augstas klases digit\u0101laj\u0101s ra\u017eo\u0161anas iek\u0101rt\u0101s un ievie\u0161ot profesion\u0101las test\u0113\u0161anas sist\u0113mas. Tas \u013cauj mums nodro\u0161in\u0101t augstu efektivit\u0101ti, precizit\u0101ti un kvalit\u0101ti, apmierinot da\u017e\u0101das klientu vajadz\u012bbas.<\/p>\n<p><img decoding=\"async\" src=\"https:\/\/www.hydraulic-cylinders.net\/wp-content\/uploads\/2025\/04\/songte-company-4.webp\" alt=\"Uz\u0146\u0113muma telpas\" \/><br \/>\n<img decoding=\"async\" src=\"https:\/\/www.hydraulic-cylinders.net\/wp-content\/uploads\/2025\/04\/songte-company-3.webp\" alt=\"Uz\u0146\u0113muma apr\u012bkojums\" \/><\/p>\n<h2>Secin\u0101jums<\/h2>\n<p>Rezum\u0113jot, Volwa maz\u0101 ekskavatora DLS160-8B-9 str\u0113les cilindrs ir b\u016btiska sast\u0101vda\u013ca, kas paredz\u0113ta, lai uzlabotu smago ma\u0161\u012bnu veiktsp\u0113ju un efektivit\u0101ti. Pateicoties t\u0101 iztur\u012bgaj\u0101m \u012bpa\u0161\u012bb\u0101m, daudzveid\u012bgajiem pielietojumiem un piel\u0101go\u0161anas iesp\u0113j\u0101m, m\u016bsu hidrauliskie cilindri ir ide\u0101la izv\u0113le operatoriem, kas mekl\u0113 apr\u012bkojuma uzticam\u012bbu un iztur\u012bbu.<\/p>\n<p>Autors: lil<\/p>","protected":false},"excerpt":{"rendered":"<p>Boom Cylinder For Volwa Small Excavator DLS160-8B-9 Overview of the Boom Cylinder The boom cylinder is a crucial hydraulic component designed specifically to control the movement of the bucket in heavy machinery such as excavators, backhoes, and front loaders. It facilitates the lifting, lowering, and tilting of the bucket, enabling efficient material handling tasks. In [&hellip;]<\/p>","protected":false},"featured_media":17878,"comment_status":"open","ping_status":"closed","template":"","meta":{"_et_pb_use_builder":"","_et_pb_old_content":"","_et_gb_content_width":""},"product_brand":[],"product_cat":[1546],"product_tag":[1547,1496],"class_list":{"0":"post-19600","1":"product","2":"type-product","3":"status-publish","4":"has-post-thumbnail","6":"product_cat-boom-cylinders","7":"product_tag-boom-cylinders","8":"product_tag-hydraulic-cylinders","10":"first","11":"instock","12":"shipping-taxable","13":"product-type-simple"},"amp_enabled":true,"_links":{"self":[{"href":"https:\/\/www.hydraulic-cylinders.net\/lv\/wp-json\/wp\/v2\/product\/19600","targetHints":{"allow":["GET"]}}],"collection":[{"href":"https:\/\/www.hydraulic-cylinders.net\/lv\/wp-json\/wp\/v2\/product"}],"about":[{"href":"https:\/\/www.hydraulic-cylinders.net\/lv\/wp-json\/wp\/v2\/types\/product"}],"replies":[{"embeddable":true,"href":"https:\/\/www.hydraulic-cylinders.net\/lv\/wp-json\/wp\/v2\/comments?post=19600"}],"wp:featuredmedia":[{"embeddable":true,"href":"https:\/\/www.hydraulic-cylinders.net\/lv\/wp-json\/wp\/v2\/media\/17878"}],"wp:attachment":[{"href":"https:\/\/www.hydraulic-cylinders.net\/lv\/wp-json\/wp\/v2\/media?parent=19600"}],"wp:term":[{"taxonomy":"product_brand","embeddable":true,"href":"https:\/\/www.hydraulic-cylinders.net\/lv\/wp-json\/wp\/v2\/product_brand?post=19600"},{"taxonomy":"product_cat","embeddable":true,"href":"https:\/\/www.hydraulic-cylinders.net\/lv\/wp-json\/wp\/v2\/product_cat?post=19600"},{"taxonomy":"product_tag","embeddable":true,"href":"https:\/\/www.hydraulic-cylinders.net\/lv\/wp-json\/wp\/v2\/product_tag?post=19600"}],"curies":[{"name":"wp","href":"https:\/\/api.w.org\/{rel}","templated":true}]}}