{"id":19601,"date":"2025-04-07T06:56:53","date_gmt":"2025-04-07T06:56:53","guid":{"rendered":"https:\/\/www.hydraulic-cylinders.net\/product\/boom-cylinder-for-volwa-small-excavator-dls818-9b\/"},"modified":"2025-04-07T06:56:55","modified_gmt":"2025-04-07T06:56:55","slug":"boom-cylinder-for-volwa-small-excavator-dls818-9b","status":"publish","type":"product","link":"https:\/\/www.hydraulic-cylinders.net\/lv\/products\/boom-cylinder-for-volwa-small-excavator-dls818-9b\/","title":{"rendered":"Str\u0113les cilindrs Volwa mazajam ekskavatoram DLS818-9B"},"content":{"rendered":"<h1>Str\u0113les cilindrs Volwa mazajam ekskavatoram DLS818-9B<\/h1>\n<h2>Produkta p\u0101rskats<\/h2>\n<p>Volwa maz\u0101 ekskavatora DLS818-9B str\u0113les cilindrs ir b\u016btiska ekskavatoru hidraulisk\u0101s sist\u0113mas sast\u0101vda\u013ca. Tas ir paredz\u0113ts ekskavatora str\u0113les kust\u012bbas kontrolei, \u013caujot veikt pacel\u0161anas, nolai\u0161anas un noliek\u0161anas darb\u012bbas, kas ir b\u016btiskas efekt\u012bviem materi\u0101lu apstr\u0101des uzdevumiem. \u0160is hidrauliskais cilindrs, kas \u012bpa\u0161i izstr\u0101d\u0101ts smagaj\u0101m ma\u0161\u012bn\u0101m, sp\u0113l\u0113 b\u016btisku lomu ekskavatoru, ekskavatoru-iekr\u0101v\u0113ju un front\u0101lo iekr\u0101v\u0113ju darb\u012bb\u0101 un funkcionalit\u0101t\u0113.<\/p>\n<p><img decoding=\"async\" src=\"https:\/\/www.hydraulic-cylinders.net\/wp-content\/uploads\/2025\/04\/songte-company-1.webp\" alt=\"Ekskavatoru str\u0113les cilindrs\"><\/p>\n<h3>Str\u0113les cilindru izpratne<\/h3>\n<p>Str\u0113les cilindrs ir hidrauliskais cilindrs, ko izmanto, lai p\u0101rvald\u012btu kausa vai str\u0113les kust\u012bbu smagaj\u0101 ma\u0161\u012bn\u0101. \u0160ie cilindri ir neat\u0146emama ekskavatoru, ekskavatoru-iekr\u0101v\u0113ju un front\u0101lo iekr\u0101v\u0113ju darb\u012bbas sast\u0101vda\u013ca. Tie \u013cauj str\u0113lei pacelt, nolaist un noliekt, efekt\u012bvi atvieglojot da\u017e\u0101dus materi\u0101lu apstr\u0101des uzdevumus. \u0160o cilindru konstrukcija nodro\u0161ina vienm\u0113r\u012bgas un kontrol\u0113tas kust\u012bbas, kas ir b\u016btiskas, lai nodro\u0161in\u0101tu dro\u0161\u012bbu un efektivit\u0101ti smag\u0101s ma\u0161\u012bn\u0101s.<\/p>\n<h2>Str\u0113les cilindra \u012bpa\u0161\u012bbas<\/h2>\n<ul>\n<li><strong>Augsta iztur\u012bba un ilgm\u016b\u017e\u012bba:<\/strong> Izgatavots no augstas stipr\u012bbas t\u0113rauda vai alum\u012bnija, str\u0113les cilindrs ir paredz\u0113ts, lai iztur\u0113tu augstu spiedienu un lielas slodzes, padarot to piem\u0113rotu skarbiem darba apst\u0101k\u013ciem. T\u0101 konstrukcij\u0101 ir iek\u013cauta nodilumiztur\u012bba un aizsardz\u012bba pret koroziju, lai pagarin\u0101tu t\u0101 kalpo\u0161anas laiku.<\/li>\n<li><strong>Efekt\u012bva hidraulisk\u0101 darb\u012bba:<\/strong> Cilindrs izmanto hidraulisk\u0101s e\u013c\u013cas spiedienu, lai nodro\u0161in\u0101tu vienm\u0113r\u012bgu izvilk\u0161anu un ievilk\u0161anu, nodro\u0161inot \u0101tru reakciju uz operatora komand\u0101m. Tas nodro\u0161ina jaud\u012bgas stum\u0161anas un vilk\u0161anas sp\u0113jas, kas ir ide\u0101li piem\u0113rotas smagu materi\u0101lu apstr\u0101dei un sare\u017e\u0123\u012btu uzdevumu veik\u0161anai.<\/li>\n<li><strong>Da\u017e\u0101di veidi:<\/strong> Ir pieejami vienas darb\u012bbas (hidrauliska darb\u012bba vien\u0101 virzien\u0101) vai divk\u0101r\u0161as darb\u012bbas (hidrauliska darb\u012bba abos virzienos) cilindru varianti, kas atbilst da\u017e\u0101d\u0101m ekspluat\u0101cijas vajadz\u012bb\u0101m. Da\u017eiem mode\u013ciem ir teleskopiska konstrukcija, kas nodro\u0161ina liel\u0101ku pagarin\u0101jumu, nepalielinot \u0101r\u0113jos izm\u0113rus, kas ir ide\u0101li piem\u0113rots lietojumiem ar ierobe\u017eotu vietu.<\/li>\n<li><strong>Piel\u0101gota ra\u017eo\u0161ana:<\/strong> M\u0113s specializ\u0113jamies \u0161\u012b produkta ra\u017eo\u0161an\u0101, nodro\u0161inot, ka m\u016bsu cilindri var perfekti aizst\u0101t eso\u0161os hidrauliskos cilindrus da\u017e\u0101d\u0101s ma\u0161\u012bn\u0101s.<\/li>\n<\/ul>\n<p><img decoding=\"async\" src=\"https:\/\/www.hydraulic-cylinders.net\/wp-content\/uploads\/2025\/04\/songte-cylinder-head-with-all-kinds-excavator-models.webp\" alt=\"Ekskavatoru mode\u013ci\"><\/p>\n<h2>Str\u0113les cilindra pielietojumi<\/h2>\n<h3>1. Celtniec\u012bbas tehnika<\/h3>\n<p>Ekskavatoros str\u0113les cilindri ir svar\u012bgi augsnes vai gru\u017eu rak\u0161anai, iekrau\u0161anai un p\u0101rvieto\u0161anai. Tie \u013cauj ma\u0161\u012bnai efekt\u012bvi veikt da\u017e\u0101dus uzdevumus, nodro\u0161inot nevainojamu darb\u012bbu. Ekskavatoros-iekr\u0101v\u0113jos str\u0113les cilindrs ne tikai pal\u012bdz rak\u0161anas darbos, bet ar\u012b materi\u0101lu cel\u0161an\u0101, demonstr\u0113jot t\u0101 daudzpus\u012bbu b\u016bvniec\u012bbas darbos.<\/p>\n<h3>2. Lauksaimniec\u012bbas tehnika<\/h3>\n<p>Front\u0101lo iekr\u0101v\u0113ju str\u0113les cilindri atvieglo augsnes, siena un citu materi\u0101lu sav\u0101k\u0161anu, cel\u0161anu un transport\u0113\u0161anu. To iztur\u012bba un precizit\u0101te ir b\u016btiska lauksaimniec\u012bbas darbos, padarot tos neaizst\u0101jamus lauksaimniec\u012bbas darb\u012bb\u0101s.<\/p>\n<h3>3. Ekskavatori<\/h3>\n<p>Ekskavatoros str\u0113les cilindrs \u013cauj kausam efekt\u012bvi iek\u013c\u016bt augsn\u0113, veicinot veiksm\u012bgas rak\u0161anas oper\u0101cijas. \u0160is hidrauliskais meh\u0101nisms ir \u013coti svar\u012bgs, lai uztur\u0113tu jaudu, kas nepiecie\u0161ama sare\u017e\u0123\u012btu zemes apst\u0101k\u013cu apstr\u0101dei.<\/p>\n<h3>4. Iekr\u0101v\u0113ji<\/h3>\n<p>Front\u0101lajos iekr\u0101v\u0113jos str\u0113les cilindri pal\u012bdz efekt\u012bvi pacelt un izg\u0101zt kravas. To konstrukcija nodro\u0161ina, ka smagus materi\u0101lus var viegli apstr\u0101d\u0101t, uzlabojot iekr\u0101v\u0113ja ekspluat\u0101cijas iesp\u0113jas.<\/p>\n<h2>Projekt\u0113\u0161anas apsv\u0113rumi un atlases standarti<\/h2>\n<h3>Kravnes\u012bba<\/h3>\n<p>Str\u0113les cilindra kravnes\u012bba ir \u0101rk\u0101rt\u012bgi svar\u012bga. Tam j\u0101sp\u0113j iztur\u0113t maksim\u0101lo slodzi, kas rodas darb\u012bbas laik\u0101, neapdraudot dro\u0161\u012bbu vai veiktsp\u0113ju. Ra\u017eot\u0101jiem j\u0101\u0146em v\u0113r\u0101 svara ierobe\u017eojumi, pamatojoties uz apr\u012bkojumu, kur\u0101 tas tiks izmantots.<\/p>\n<h3>Bl\u012bv\u0113\u0161ana<\/h3>\n<p>Efekt\u012bva bl\u012bv\u0113\u0161ana ir \u013coti svar\u012bga, lai nov\u0113rstu hidraulisk\u0101 \u0161\u0137idruma nopl\u016bdes, kas var izrais\u012bt sist\u0113mas k\u013c\u016bmes un samazin\u0101t tehnikas efektivit\u0101ti. Bl\u012bv\u0113jumi j\u0101izv\u0113las, pamatojoties uz to sp\u0113ju iztur\u0113t nodilumu vides faktoru ietekm\u0113.<\/p>\n<h3>Iztur\u012bba<\/h3>\n<p>Iztur\u012bba ir b\u016btiska str\u0113les cilindriem, jo \u200b\u200btie darbojas ekstrem\u0101los apst\u0101k\u013cos. Izmantotajiem materi\u0101liem j\u0101b\u016bt iztur\u012bgiem pret koroziju un nodilumu, nodro\u0161inot ilgm\u016b\u017e\u012bbu un uzticamu darb\u012bbu da\u017e\u0101d\u0101s vid\u0113s.<\/p>\n<h3>Dro\u0161\u012bba<\/h3>\n<p>Hidrauliskaj\u0101s sist\u0113m\u0101s dro\u0161\u012bbas funkcijas ir \u013coti svar\u012bgas. Tas ietver spiediena samazin\u0101\u0161anas v\u0101rstu un dro\u0161\u012bbas sl\u0113dze\u0146u iek\u013cau\u0161anu, lai nov\u0113rstu nejau\u0161u nopl\u016bdi un nodro\u0161in\u0101tu operatora dro\u0161\u012bbu darb\u012bbas laik\u0101.<\/p>\n<h3>Apkope<\/h3>\n<p>Apkopes vienk\u0101r\u0161\u012bba ir b\u016btisks faktors str\u0113les cilindru konstrukcij\u0101. Komponentiem j\u0101b\u016bt pieejamiem regul\u0101r\u0101m p\u0101rbaud\u0113m un remontam, t\u0101d\u0113j\u0101di operatoriem ir \u0113rt\u0101k uztur\u0113t tehniku \u200b\u200boptim\u0101l\u0101 darba st\u0101vokl\u012b.<\/p>\n<p><img decoding=\"async\" src=\"https:\/\/www.hydraulic-cylinders.net\/wp-content\/uploads\/2025\/04\/songte-oil-pipes-and-spare-parts.webp\" alt=\"Hidraulisk\u0101s sast\u0101vda\u013cas\"><\/p>\n<h2>Bl\u012bv\u0113\u0161ana un e\u013c\u013co\u0161ana<\/h2>\n<p>Bl\u012bv\u0113jums un e\u013c\u013co\u0161ana ir \u013coti svar\u012bgas str\u0113les cilindra ilgm\u016b\u017e\u012bbai un veiktsp\u0113jai. Lai uztur\u0113tu hidraulisko spiedienu un nov\u0113rstu nopl\u016bdes, tiek izmantoti da\u017e\u0101di bl\u012bv\u0113jumi, piem\u0113ram, virzu\u013ca bl\u012bv\u0113jumi un stie\u0146a bl\u012bv\u0113jumi. Bl\u012bv\u0113jumi, kas izgatavoti no t\u0101diem materi\u0101liem k\u0101 poliuret\u0101ns un nitrilgumija, ir v\u0113lami to iztur\u012bbas un nodilumiztur\u012bbas d\u0113\u013c. Turkl\u0101t cilindra korpuss un v\u012bt\u0146ot\u0101s virsmas tiek r\u016bp\u012bgi apstr\u0101d\u0101tas, lai uzlabotu to nodilumiztur\u012bbu un nodro\u0161in\u0101tu cie\u0161u piegul\u0161anu. Regul\u0101ra e\u013c\u013co\u0161ana ar hidraulisko e\u013c\u013cu ir b\u016btiska, lai samazin\u0101tu berzi un nodilumu, t\u0101d\u0113j\u0101di saglab\u0101jot efekt\u012bvu darb\u012bbu.<\/p>\n<h2>Regul\u0101ra p\u0101rbaude un profilaktisk\u0101 apkope<\/h2>\n<ul>\n<li><strong>Bie\u017eas p\u0101rbaudes:<\/strong> Regul\u0101ri p\u0101rbaudiet hidraulisko cilindru, vai tam nav nopl\u016b\u017eu, nodiluma un vai tam kopum\u0101 ir funkcionalit\u0101te. Tas pal\u012bdz identific\u0113t potenci\u0101l\u0101s probl\u0113mas, pirms t\u0101s saasin\u0101s, t\u0101d\u0113j\u0101di nodro\u0161inot dro\u0161\u012bbu un darb\u012bbas efektivit\u0101ti.<\/li>\n<li><strong>Piem\u0113rota e\u013c\u013co\u0161ana:<\/strong> P\u0101rliecinieties, vai hidraulisk\u0101s e\u013c\u013cas l\u012bmenis ir atbilsto\u0161s un vai izmantot\u0101 e\u013c\u013ca ir piem\u0113rota darba apst\u0101k\u013ciem. Pareiza e\u013c\u013co\u0161ana samazina berzi un pagarina cilindra kalpo\u0161anas laiku.<\/li>\n<li><strong>Bl\u012bv\u0113juma nomai\u0146a:<\/strong> Uzraugiet bl\u012bves, vai nav nodiluma vai boj\u0101jumu paz\u012bmju. Regul\u0101ra bl\u012bvju nomai\u0146a p\u0113c nepiecie\u0161am\u012bbas ir \u013coti svar\u012bga, lai nov\u0113rstu hidraulisk\u0101 \u0161\u0137idruma nopl\u016bdes un saglab\u0101tu sist\u0113mas integrit\u0101ti.<\/li>\n<\/ul>\n<h2>Uzst\u0101d\u012b\u0161anas vadl\u012bnijas<\/h2>\n<p>Pareiza str\u0113les cilindra uzst\u0101d\u012b\u0161ana ir \u013coti svar\u012bga optim\u0101lai veiktsp\u0113jai. Vispirms p\u0101rliecinieties, vai uzst\u0101d\u012b\u0161anas vieta ir t\u012bra un bez gru\u017eiem. Prec\u012bzi izl\u012bdziniet cilindru ar ekskavatora stiprin\u0101juma punktiem. Ir svar\u012bgi izmantot atbilsto\u0161us stiprin\u0101juma kron\u0161teinus cilindra nostiprin\u0101\u0161anai; tas nov\u0113r\u0161 nepareizu izl\u012bdzin\u0101\u0161anu darb\u012bbas laik\u0101. P\u0113c pozicion\u0113\u0161anas p\u0101rliecinieties, vai visas skr\u016bves un bultskr\u016bves ir pievilktas atbilsto\u0161i ra\u017eot\u0101ja specifik\u0101cij\u0101m. Visbeidzot, p\u0101rbaudiet cilindra darb\u012bbu, lai p\u0101rliecin\u0101tos par vienm\u0113r\u012bgu kust\u012bbu un p\u0101rbaud\u012btu, vai nav nopl\u016b\u017eu.<\/p>\n<h2>Bie\u017ei sastopamie apkopes uzdevumi<\/h2>\n<h3>1. Regul\u0101ras p\u0101rbaudes<\/h3>\n<p>Regul\u0101ru p\u0101rbau\u017eu veik\u0161ana ir \u013coti svar\u012bga, lai nodro\u0161in\u0101tu cilindra pareizu darb\u012bbu. Darb\u012bbas laik\u0101 mekl\u0113jiet nodiluma paz\u012bmes, nopl\u016bdes vai neparastas ska\u0146as. Probl\u0113mu agr\u012bna atkl\u0101\u0161ana var nov\u0113rst d\u0101rgus remontdarbus un d\u012bkst\u0101ves. Lai uztur\u0113tu optim\u0101lu veiktsp\u0113ju, iepl\u0101nojiet p\u0101rbaudes ieteicamajos interv\u0101los vai p\u0113c intens\u012bvas lieto\u0161anas.<\/p>\n<h3>2. Pareiza e\u013c\u013co\u0161ana<\/h3>\n<p>P\u0101rliecinieties, vai str\u0113les cilindrs ir iee\u013c\u013cots ar pareizo hidraulisko e\u013c\u013cu. Tas samazina kust\u012bgo da\u013cu berzi un nodilumu, t\u0101d\u0113j\u0101di palielinot to kalpo\u0161anas laiku. Izveidojiet e\u013c\u013co\u0161anas grafiku, pamatojoties uz lieto\u0161anas un vides apst\u0101k\u013ciem, un vienm\u0113r iev\u0113rojiet ra\u017eot\u0101ja ieteikumus par e\u013c\u013cas veidu un daudzumu.<\/p>\n<h3>3. Bl\u012bv\u0113juma nomai\u0146as un kalibr\u0113\u0161anas p\u0101rbaudes<\/h3>\n<p>Bl\u012bvju nomai\u0146a pie pirmaj\u0101m nodiluma paz\u012bm\u0113m var nov\u0113rst nopl\u016bdes un nodro\u0161in\u0101t efekt\u012bvu darb\u012bbu. Regul\u0101ras kalibr\u0113\u0161anas p\u0101rbaudes ir nepiecie\u0161amas ar\u012b, lai saglab\u0101tu hidraulisko kust\u012bbu precizit\u0101ti. Iev\u0113rojiet ra\u017eot\u0101ja vadl\u012bnijas par nomai\u0146as interv\u0101liem un kalibr\u0113\u0161anas proced\u016br\u0101m, lai saglab\u0101tu cilindra veiktsp\u0113ju un uzticam\u012bbu.<\/p>\n<p><img decoding=\"async\" src=\"https:\/\/www.hydraulic-cylinders.net\/wp-content\/uploads\/2025\/04\/songte-chushion-collar.webp\" alt=\"Spilvenu apkakle\"><\/p>\n<h2>Dro\u0161\u012bbas apsv\u0113rumi un vides faktori<\/h2>\n<p>Dro\u0161\u012bbas pas\u0101kumu ievie\u0161ana, lietojot str\u0113les cilindrus, ir \u013coti svar\u012bga. Operatoriem j\u0101b\u016bt apm\u0101c\u012btiem, lai izprastu hidraulisk\u0101s sist\u0113mas funkcionalit\u0101ti un iesp\u0113jamos apdraud\u0113jumus. Regul\u0101ras dro\u0161\u012bbas p\u0101rbaudes var nov\u0113rst negad\u012bjumus, nodro\u0161inot, ka apr\u012bkojums darbojas dro\u0161\u0101s robe\u017e\u0101s. Turkl\u0101t \u0146emiet v\u0113r\u0101 hidraulisko \u0161\u0137idrumu un citu izmantoto materi\u0101lu ietekmi uz vidi, ja iesp\u0113jams, izv\u0113loties videi draudz\u012bgas iesp\u0113jas.<\/p>\n<h2>K\u013c\u016bmju diagnostika un bie\u017e\u0101k sastopam\u0101s probl\u0113mas<\/h2>\n<h3>Diagnoze un risin\u0101jumi<\/h3>\n<ul>\n<li><strong>Nopl\u016bdes:<\/strong> Ja hidrauliskais \u0161\u0137idrums nopl\u016bst, p\u0101rbaudiet, vai nav boj\u0101tas bl\u012bves vai va\u013c\u012bgi savienojumi. Nomainiet bl\u012bves p\u0113c nepiecie\u0161am\u012bbas un pievelciet savienojumus, lai aptur\u0113tu nopl\u016bdes.<\/li>\n<li><strong>Nepietiekama kust\u012bba:<\/strong> Ja str\u0113les cilindrs nekustas, k\u0101 paredz\u0113ts, p\u0101rbaudiet hidraulisk\u0101 \u0161\u0137idruma l\u012bmeni un p\u0101rliecinieties, vai hidrauliskaj\u0101s l\u012bnij\u0101s nav aizsprostojumu.<\/li>\n<li><strong>D\u012bvainas ska\u0146as:<\/strong> Neparastas ska\u0146as darb\u012bbas laik\u0101 var liecin\u0101t par iek\u0161\u0113jiem boj\u0101jumiem vai nodilumu. P\u0101rbaudiet cilindru, vai nav boj\u0101jumu paz\u012bmju, un nepiecie\u0161am\u012bbas gad\u012bjum\u0101 konsult\u0113jieties ar speci\u0101listu.<\/li>\n<\/ul>\n<h2>Prevent\u012bvie pas\u0101kumi<\/h2>\n<p>Lai l\u012bdz minimumam samazin\u0101tu iesp\u0113jam\u0101s probl\u0113mas ar str\u0113les cilindriem, ieviesiet prevent\u012bvus pas\u0101kumus, piem\u0113ram, regul\u0101ru apkopi, savlaic\u012bgas p\u0101rbaudes un nekav\u0113joties nov\u0113r\u0161ot visas konstat\u0113t\u0101s probl\u0113mas. Apkopes \u017eurn\u0101la uztur\u0113\u0161ana var pal\u012bdz\u0113t izsekot veiktsp\u0113jai un pl\u0101not nepiecie\u0161am\u0101s p\u0101rbaudes. Operatoru apm\u0101c\u012bba par dro\u0161u apie\u0161anos un ekspluat\u0101ciju ar\u012b samazin\u0101s boj\u0101jumu risku un uzlabos iek\u0101rtu kalpo\u0161anas laiku.<\/p>\n<p><img decoding=\"async\" src=\"https:\/\/www.hydraulic-cylinders.net\/wp-content\/uploads\/2025\/04\/songte-bushings-with-all-kinds-of-excavator-models.webp\" alt=\"Ekskavatora bukses\"><\/p>\n<h2>Par m\u016bsu uz\u0146\u0113mumu<\/h2>\n<p>M\u0113s esam vado\u0161ais rezerves hidraulisko cilindru ra\u017eot\u0101js un vairumtirdzniec\u012bbas izplat\u012bt\u0101js gan viet\u0113j\u0101, gan starptautiskaj\u0101 tirg\u016b. M\u016bsu pla\u0161ais produktu kl\u0101sts, ap\u0146em\u0161an\u0101s nodro\u0161in\u0101t kvalit\u0101ti un progres\u012bvas ra\u017eo\u0161anas strat\u0113\u0123ijas ir padar\u012bju\u0161as m\u016bs par vienu no vado\u0161ajiem ra\u017eot\u0101jiem nozar\u0113. Izmantojot tehnisk\u0101s zin\u0101\u0161anas, augst\u0101k\u0101s klases digit\u0101l\u0101s ra\u017eo\u0161anas iek\u0101rtas un stabilu kvalit\u0101tes nodro\u0161in\u0101\u0161anas sist\u0113mu, m\u0113s nep\u0101rtraukti uzlabojam savu ra\u017eo\u0161anas platformu, lai efekt\u012bvi apmierin\u0101tu da\u017e\u0101das klientu vajadz\u012bbas.<\/p>\n<p><img decoding=\"async\" src=\"https:\/\/www.hydraulic-cylinders.net\/wp-content\/uploads\/2025\/04\/songte-company-4.webp\" alt=\"Uz\u0146\u0113muma p\u0101rskats\"><br \/>\n<img decoding=\"async\" src=\"https:\/\/www.hydraulic-cylinders.net\/wp-content\/uploads\/2025\/04\/songte-company-3.webp\" alt=\"Ra\u017eo\u0161anas iek\u0101rta\"><\/p>\n<p>M\u016bsu ap\u0146em\u0161an\u0101s profesionalit\u0101tei, starptautiskie sertifik\u0101ti, piel\u0101goti pakalpojumi, modernas ra\u017eo\u0161anas iek\u0101rtas un uzticams p\u0113cp\u0101rdo\u0161anas atbalsts m\u016bs at\u0161\u0137ir tirg\u016b. M\u0113s priorit\u0101ri izvirz\u0101m klientu apmierin\u0101t\u012bbu un esam ap\u0146\u0113mu\u0161ies nodro\u0161in\u0101t augstas kvalit\u0101tes produktus, kas piel\u0101goti konkr\u0113t\u0101m darb\u012bbas vajadz\u012bb\u0101m.<\/p>\n<p>Autors: lil<\/p>","protected":false},"excerpt":{"rendered":"<p>Boom Cylinder For Volwa Small Excavator DLS818-9B Product Overview The Boom Cylinder for Volwa Small Excavator DLS818-9B is a crucial component in the hydraulic system of excavators. It is designed to control the movement of the excavator&#8217;s boom, allowing for lifting, lowering, and tilting actions essential for efficient material handling tasks. This hydraulic cylinder, specifically [&hellip;]<\/p>","protected":false},"featured_media":17879,"comment_status":"open","ping_status":"closed","template":"","meta":{"_et_pb_use_builder":"","_et_pb_old_content":"","_et_gb_content_width":""},"product_brand":[],"product_cat":[1546],"product_tag":[1547,1496],"class_list":{"0":"post-19601","1":"product","2":"type-product","3":"status-publish","4":"has-post-thumbnail","6":"product_cat-boom-cylinders","7":"product_tag-boom-cylinders","8":"product_tag-hydraulic-cylinders","10":"first","11":"instock","12":"shipping-taxable","13":"product-type-simple"},"amp_enabled":true,"_links":{"self":[{"href":"https:\/\/www.hydraulic-cylinders.net\/lv\/wp-json\/wp\/v2\/product\/19601","targetHints":{"allow":["GET"]}}],"collection":[{"href":"https:\/\/www.hydraulic-cylinders.net\/lv\/wp-json\/wp\/v2\/product"}],"about":[{"href":"https:\/\/www.hydraulic-cylinders.net\/lv\/wp-json\/wp\/v2\/types\/product"}],"replies":[{"embeddable":true,"href":"https:\/\/www.hydraulic-cylinders.net\/lv\/wp-json\/wp\/v2\/comments?post=19601"}],"wp:featuredmedia":[{"embeddable":true,"href":"https:\/\/www.hydraulic-cylinders.net\/lv\/wp-json\/wp\/v2\/media\/17879"}],"wp:attachment":[{"href":"https:\/\/www.hydraulic-cylinders.net\/lv\/wp-json\/wp\/v2\/media?parent=19601"}],"wp:term":[{"taxonomy":"product_brand","embeddable":true,"href":"https:\/\/www.hydraulic-cylinders.net\/lv\/wp-json\/wp\/v2\/product_brand?post=19601"},{"taxonomy":"product_cat","embeddable":true,"href":"https:\/\/www.hydraulic-cylinders.net\/lv\/wp-json\/wp\/v2\/product_cat?post=19601"},{"taxonomy":"product_tag","embeddable":true,"href":"https:\/\/www.hydraulic-cylinders.net\/lv\/wp-json\/wp\/v2\/product_tag?post=19601"}],"curies":[{"name":"wp","href":"https:\/\/api.w.org\/{rel}","templated":true}]}}