{"id":19602,"date":"2025-04-07T06:56:55","date_gmt":"2025-04-07T06:56:55","guid":{"rendered":"https:\/\/www.hydraulic-cylinders.net\/product\/boom-cylinder-for-volwa-small-excavator-dls880-8b\/"},"modified":"2025-04-07T06:56:58","modified_gmt":"2025-04-07T06:56:58","slug":"boom-cylinder-for-volwa-small-excavator-dls880-8b","status":"publish","type":"product","link":"https:\/\/www.hydraulic-cylinders.net\/lv\/products\/boom-cylinder-for-volwa-small-excavator-dls880-8b\/","title":{"rendered":"Str\u0113les cilindrs Volvo mazajam ekskavatoram DLS880-8B"},"content":{"rendered":"<h1>Str\u0113les cilindrs Volvo mazajam ekskavatoram DLS880-8B<\/h1>\n<h2>Produkta p\u0101rskats<\/h2>\n<p>Volwa maz\u0101 ekskavatora DLS880-8B str\u0113les cilindrs ir svar\u012bga hidrauliska sast\u0101vda\u013ca, kas paredz\u0113ta ekskavatoru veiktsp\u0113jas uzlabo\u0161anai, jo \u012bpa\u0161i str\u0113les kust\u012bbas kontrolei. \u0160im hidrauliskajam cilindram ir b\u016btiska loma da\u017e\u0101d\u0101s smagaj\u0101s ma\u0161\u012bn\u0101s, piem\u0113ram, ekskavatoros, ekskavatoros-iekr\u0101v\u0113jos un front\u0101lajos iekr\u0101v\u0113jos, atvieglojot kausa pacel\u0161anu, nolai\u0161anu un noliek\u0161anu efekt\u012bviem materi\u0101lu apstr\u0101des uzdevumiem.<\/p>\n<p>K\u0101 hidrauliskais cilindrs tas izmanto spiediena \u0161\u0137idrumu, lai rad\u012btu line\u0101ru kust\u012bbu, nodro\u0161inot stabilas kust\u012bbas sp\u0113jas, kas ir vit\u0101li svar\u012bgas b\u016bvniec\u012bbas un zemes p\u0101rvieto\u0161anas darbiem. Kausa cilindrs ir konstru\u0113ts t\u0101, lai iztur\u0113tu iev\u0113rojamu darba spiedienu un lielas slodzes, padarot to neaizst\u0101jamu sare\u017e\u0123\u012btos darba apst\u0101k\u013cos.<\/p>\n<p><img decoding=\"async\" src=\"https:\/\/www.hydraulic-cylinders.net\/wp-content\/uploads\/2025\/04\/songte-company-1.webp\" alt=\"Ekskavatora str\u0113les cilindrs\"><\/p>\n<h2>Str\u0113les cilindra \u012bpa\u0161\u012bbas<\/h2>\n<ul>\n<li><strong>Augsta iztur\u012bba un ilgm\u016b\u017e\u012bba:<\/strong> Izgatavots no augstas stipr\u012bbas t\u0113rauda vai alum\u012bnija, \u0161is cilindrs ir paredz\u0113ts augsta spiediena un lielu slod\u017eu iztur\u0113\u0161anai, piem\u0113rots skarbiem darba apst\u0101k\u013ciem. T\u0101 konstrukcij\u0101 ir \u0146emta v\u0113r\u0101 nodilumiztur\u012bba un iztur\u012bba pret koroziju, kas pagarina t\u0101 kalpo\u0161anas laiku.<\/li>\n<li><strong>Efekt\u012bva hidraulisk\u0101 darb\u012bba:<\/strong> Cilindrs nodro\u0161ina vienm\u0113r\u012bgu izvirz\u012b\u0161anu un ievilk\u0161anu, izmantojot hidraulisk\u0101 \u0161\u0137idruma spiedienu, garant\u0113jot \u0101tru reakciju uz darb\u012bbas komand\u0101m un iev\u0113rojamu stum\u0161anas un vilk\u0161anas sp\u0113ku, kas ir ide\u0101li piem\u0113rots smagu un sare\u017e\u0123\u012btu uzdevumu veik\u0161anai.<\/li>\n<li><strong>Da\u017e\u0101di veidi:<\/strong> Pieejams vienvirziena darb\u012bbas (darbojas vien\u0101 virzien\u0101) un divk\u0101r\u0161as darb\u012bbas (darbojas abos virzienos) konfigur\u0101cij\u0101s, lai apmierin\u0101tu da\u017e\u0101das ekspluat\u0101cijas vajadz\u012bbas. Da\u017eiem mode\u013ciem ir teleskopiska konstrukcija, kas nodro\u0161ina liel\u0101ku pagarin\u0101jumu, nepalielinot \u0101r\u0113jos izm\u0113rus, padarot tos piem\u0113rotus lieto\u0161anai ierobe\u017eot\u0101 telp\u0101.<\/li>\n<\/ul>\n<h2>Ra\u017eo\u0161anas iesp\u0113jas<\/h2>\n<p>M\u0113s ra\u017eojam \u0161o produktu ar precizit\u0101ti un kvalit\u0101ti, nodro\u0161inot, ka m\u016bsu hidrauliskie cilindri ir ide\u0101li eso\u0161o mode\u013cu aizvietot\u0101ji, nodro\u0161inot stabilu veiktsp\u0113ju un uzticam\u012bbu.<\/p>\n<p><img decoding=\"async\" src=\"https:\/\/www.hydraulic-cylinders.net\/wp-content\/uploads\/2025\/04\/songte-cylinder-head-with-all-kinds-excavator-models.webp\" alt=\"Hidraulisko cilindru ra\u017eo\u0161ana\"><\/p>\n<h2>Str\u0113les cilindra pielietojumi<\/h2>\n<h3>Celtniec\u012bbas apr\u012bkojums<\/h3>\n<p>Ekskavatoros str\u0113les cilindri ir svar\u012bgi zemes vai gru\u017eu rak\u0161anai, iekrau\u0161anai un p\u0101rvieto\u0161anai. To sp\u0113ja nodro\u0161in\u0101t prec\u012bzas kust\u012bbas ir kritiski svar\u012bga efekt\u012bv\u0101m rak\u0161anas darb\u012bb\u0101m. Turkl\u0101t ekskavatoros-iekr\u0101v\u0113jos \u0161ie cilindri pal\u012bdz gan rak\u0161anas, gan cel\u0161anas darb\u012bb\u0101s, padarot tos par daudzpus\u012bgiem instrumentiem b\u016bvlaukumos.<\/p>\n<h3>Lauksaimniec\u012bbas tehnika<\/h3>\n<p>Front\u0101lo iekr\u0101v\u0113ju str\u0113les cilindri ir galven\u0101s sast\u0101vda\u013cas augsnes, siena un citu materi\u0101lu sav\u0101k\u0161anai, cel\u0161anai un transport\u0113\u0161anai. To hidromeh\u0101nisk\u0101s iesp\u0113jas uzlabo lauksaimniec\u012bbas darb\u012bbu efektivit\u0101ti, \u012bpa\u0161i uzdevumos, kas prasa smagu materi\u0101lu cel\u0161anu vai prec\u012bzu izvieto\u0161anu.<\/p>\n<h3>Ekskavatori<\/h3>\n<p>Ekskavatoros str\u0113les cilindrs \u013cauj kausam iek\u013c\u016bt augsn\u0113, veicot efekt\u012bvas rak\u0161anas darb\u012bbas. \u0160is meh\u0101nisms ir \u013coti svar\u012bgs da\u017e\u0101diem rak\u0161anas darbiem, \u013caujot operatoriem sasniegt v\u0113lamo rak\u0161anas dzi\u013cumu ar precizit\u0101ti un \u0101trumu.<\/p>\n<h3>Iekr\u0101v\u0113ji<\/h3>\n<p>Front\u0101lajos iekr\u0101v\u0113jos str\u0113les cilindri efekt\u012bvi ce\u013c un izg\u0101\u017e materi\u0101lus. To konstrukcija nodro\u0161ina vienm\u0113r\u012bgu darb\u012bbu, kas ir \u013coti svar\u012bgi, lai saglab\u0101tu produktivit\u0101ti iekrau\u0161anas darbos.<\/p>\n<h2>Projekt\u0113\u0161anas apsv\u0113rumi un atlases standarti<\/h2>\n<h3>Kravnes\u012bba<\/h3>\n<p>Izv\u0113loties str\u0113les cilindru, kravnes\u012bba ir kritisks projekt\u0113\u0161anas apsv\u0113rums. T\u0101 nosaka, cik lielu svaru cilindrs var iztur\u0113t, neapdraudot t\u0101 integrit\u0101ti. Ra\u017eot\u0101jiem ir prec\u012bzi j\u0101nov\u0113rt\u0113 paredzam\u0101s slodzes ekspluat\u0101cijas laik\u0101, lai nodro\u0161in\u0101tu, ka cilindrs var dro\u0161i iztur\u0113t nepiecie\u0161amo svaru. Kravnes\u012bbai j\u0101atbilst ekskavatora konkr\u0113tajiem pielietojumiem, nodro\u0161inot l\u012bdzsvaru starp veiktsp\u0113ju un dro\u0161\u012bbu.<\/p>\n<h3>Bl\u012bv\u0113jums un iztur\u012bba<\/h3>\n<p>Bl\u012bv\u0113jums ir vit\u0101li svar\u012bgs hidraulisk\u0101 spiediena uztur\u0113\u0161anai un nopl\u016b\u017eu nov\u0113r\u0161anai. Bl\u012bv\u0113jumu, piem\u0113ram, virzu\u013ca bl\u012bv\u0113jumu un stie\u0146a bl\u012bv\u0113jumu, izv\u0113le b\u016btiski ietekm\u0113 cilindra darb\u012bbu. Augstas kvalit\u0101tes bl\u012bv\u0113jumi, kas izgatavoti no t\u0101diem materi\u0101liem k\u0101 poliuret\u0101ns un nitrilgumija, uzlabo iztur\u012bbu un notur\u012bbu pret nodilumu un vides faktoriem. Turkl\u0101t cilindra korpuss un v\u012bt\u0146ot\u0101s gala virsmas tiek prec\u012bzi apstr\u0101d\u0101tas, lai uzlabotu nodilumiztur\u012bbu un pagarin\u0101tu ekspluat\u0101cijas laiku.<\/p>\n<h3>Dro\u0161\u012bba un apkope<\/h3>\n<p>Dro\u0161\u012bbas funkcijas ir \u0101rk\u0101rt\u012bgi svar\u012bgas hidraulisko cilindru konstrukcij\u0101. Lai izvair\u012btos no katastrof\u0101l\u0101m k\u013c\u016bm\u0113m, ir svar\u012bgi iek\u013caut elementus, kas nov\u0113r\u0161 p\u0101rslodzi vai p\u0101rm\u0113r\u012bgu spiedienu. Turkl\u0101t apkopes vienk\u0101r\u0161\u012bbai ir iz\u0161\u0137iro\u0161a noz\u012bme cilindra ilgm\u016b\u017e\u012bbas nodro\u0161in\u0101\u0161an\u0101. Konstrukcij\u0101m j\u0101nodro\u0161ina \u0113rta piek\u013cuve p\u0101rbaud\u0113m un remontam, \u013caujot veikt regul\u0101ru apkopi bez ilgsto\u0161as \u200b\u200bd\u012bkst\u0101ves.<\/p>\n<p><img decoding=\"async\" src=\"https:\/\/www.hydraulic-cylinders.net\/wp-content\/uploads\/2025\/04\/songte-oil-pipes-and-spare-parts.webp\" alt=\"Hidraulisko cilindru komponenti\"><\/p>\n<h2>Bl\u012bv\u0113\u0161ana un e\u013c\u013co\u0161ana<\/h2>\n<p>Hidraulisk\u0101 cilindra efektivit\u0101te liel\u0101 m\u0113r\u0101 ir atkar\u012bga no pareizas bl\u012bv\u0113\u0161anas un e\u013c\u013co\u0161anas prakses. Da\u017e\u0101di bl\u012bv\u0113\u0161anas komponenti, tostarp virzu\u013ca bl\u012bv\u0113jumi un stie\u0146a bl\u012bv\u0113jumi, ir \u013coti svar\u012bgi, lai saglab\u0101tu spiediena integrit\u0101ti un nov\u0113rstu \u0161\u0137idruma nopl\u016bdes. Bl\u012bv\u0113jumi, kas izgatavoti no nodilumiztur\u012bgiem materi\u0101liem, piem\u0113ram, poliuret\u0101na un nitrila gumijas, nodro\u0161ina ilgm\u016b\u017e\u012bbu un uzticam\u012bbu. Turkl\u0101t cilindra korpuss un v\u012bt\u0146ot\u0101s gala virsmas ir prec\u012bzi apstr\u0101d\u0101tas, lai uzlabotu iztur\u012bbu un notur\u012bbu pret skarbajiem apst\u0101k\u013ciem.<\/p>\n<p>Regul\u0101ra e\u013c\u013co\u0161ana ir b\u016btiska netrauc\u0113tai darb\u012bbai. Ir nepiecie\u0161ams periodiski uzpild\u012bt hidraulisko e\u013c\u013cu, lai samazin\u0101tu berzi un nodilumu starp kust\u012bgaj\u0101m da\u013c\u0101m. \u0160\u012b prakse ne tikai pagarina cilindra kalpo\u0161anas laiku, bet ar\u012b optimiz\u0113 t\u0101 darb\u012bbu ekspluat\u0101cijas laik\u0101. E\u013c\u013co\u0161anas nov\u0101rt\u0101 atst\u0101\u0161ana var izrais\u012bt iev\u0113rojamas ekspluat\u0101cijas probl\u0113mas un d\u0101rgus remontdarbus.<\/p>\n<h2>Prevent\u012bvie apkopes pas\u0101kumi<\/h2>\n<ul>\n<li><strong>Regul\u0101ras p\u0101rbaudes:<\/strong> Regul\u0101ras hidraulisk\u0101s sist\u0113mas p\u0101rbaudes var identific\u0113t potenci\u0101las probl\u0113mas, pirms t\u0101s saasin\u0101s. Darb\u012bbas laik\u0101 mekl\u0113jiet nodiluma paz\u012bmes, nopl\u016bdes vai neparastus trok\u0161\u0146us. Agr\u012bna atkl\u0101\u0161ana var nov\u0113rst d\u0101rgus boj\u0101jumus un nodro\u0161in\u0101t optim\u0101lu funkcionalit\u0101ti.<\/li>\n<li><strong>Piem\u0113rota e\u013c\u013co\u0161ana:<\/strong> Hidraulisk\u0101 cilindra pietiekama e\u013c\u013co\u0161ana ir \u013coti svar\u012bga efekt\u012bvai darb\u012bbai. Izmantojiet ieteicamo hidraulisk\u0101s e\u013c\u013cas veidu un uzturiet atbilsto\u0161u e\u013c\u013cas l\u012bmeni, lai samazin\u0101tu berzi un deta\u013cu nodilumu.<\/li>\n<li><strong>Bl\u012bv\u0113juma nomai\u0146a:<\/strong> Laika gait\u0101 bl\u012bves var nolietoties un t\u0101s var b\u016bt j\u0101nomaina. Regul\u0101ri p\u0101rbaudiet bl\u012bvju st\u0101vokli un nomainiet t\u0101s, kad nepiecie\u0161ams, lai saglab\u0101tu hidraulisko integrit\u0101ti un nov\u0113rstu nopl\u016bdes.<\/li>\n<\/ul>\n<h2>Pareizas uzst\u0101d\u012b\u0161anas vadl\u012bnijas<\/h2>\n<p>Pareiza str\u0113les cilindra uzst\u0101d\u012b\u0161ana ir \u013coti svar\u012bga, lai nodro\u0161in\u0101tu t\u0101 optim\u0101lu veiktsp\u0113ju un ilgm\u016b\u017e\u012bbu. S\u0101ciet ar cilindra pareizu izl\u012bdzin\u0101\u0161anu ar ekskavatora stiprin\u0101juma punktiem. Izmantojiet atbilsto\u0161us stiprin\u0101juma kron\u0161teinus, lai nostiprin\u0101tu cilindru viet\u0101, nov\u0113r\u0161ot jebk\u0101du nepareizu izl\u012bdzin\u0101\u0161anu darb\u012bbas laik\u0101. Ir svar\u012bgi iev\u0113rot ra\u017eot\u0101ja specifik\u0101cijas attiec\u012bb\u0101 uz griezes momenta iestat\u012bjumiem un stiprin\u0101\u0161anas metod\u0113m, lai izvair\u012btos no p\u0101rm\u0113r\u012bga cilindra noslodzes.<\/p>\n<p>Uzst\u0101d\u012b\u0161anas laik\u0101 p\u0101rliecinieties, vai hidrauliskie savienojumi ir dro\u0161i un bez nopl\u016bd\u0113m. P\u0101rbaudiet visas \u0161\u013c\u016btenes un savienojumus, vai nav boj\u0101jumu vai nodiluma paz\u012bmju, nomainot visas deta\u013cas, kas neatbilst dro\u0161\u012bbas standartiem. P\u0113c uzst\u0101d\u012b\u0161anas veiciet r\u016bp\u012bgu sist\u0113mas p\u0101rbaudi, lai p\u0101rliecin\u0101tos, ka cilindrs darbojas nevainojami un efekt\u012bvi, pirms atkal s\u0101kat iek\u0101rtas ekspluat\u0101ciju. Pareiza izl\u012bdzin\u0101\u0161ana un uzst\u0101d\u012b\u0161ana ir \u013coti svar\u012bga, lai maksim\u0101li palielin\u0101tu str\u0113les cilindra ekspluat\u0101cijas laiku.<\/p>\n<p><img decoding=\"async\" src=\"https:\/\/www.hydraulic-cylinders.net\/wp-content\/uploads\/2025\/04\/songte-chushion-collar.webp\" alt=\"Str\u0113les cilindra uzst\u0101d\u012b\u0161ana\"><\/p>\n<h2>Dro\u0161\u012bbas apsv\u0113rumi un vides faktori<\/h2>\n<p>Dro\u0161\u012bba ir \u0101rk\u0101rt\u012bgi svar\u012bga, str\u0101d\u0101jot ar hidrauliskajiem cilindriem, \u012bpa\u0161i smag\u0101s ma\u0161\u012bn\u0101s, piem\u0113ram, ekskavatoros. Dro\u0161\u012bbas pas\u0101kumu ievie\u0161ana, piem\u0113ram, atbilsto\u0161a operatoru apm\u0101c\u012bba un regul\u0101ras dro\u0161\u012bbas p\u0101rbaudes, var iev\u0113rojami samazin\u0101t negad\u012bjumu risku. Operatoriem j\u0101zina hidraulisk\u0101s sist\u0113mas iesp\u0113jas un ierobe\u017eojumi, lai nov\u0113rstu p\u0101rslodzi un nodro\u0161in\u0101tu dro\u0161u darb\u012bbu.<\/p>\n<p>Ar\u012b vides faktoriem ir iz\u0161\u0137iro\u0161a noz\u012bme hidraulisko cilindru ilgm\u016b\u017e\u012bb\u0101 un darb\u012bb\u0101. Pak\u013cau\u0161ana ekstrem\u0101l\u0101m temperat\u016br\u0101m, mitrumam un kod\u012bg\u0101m viel\u0101m var v\u0101jin\u0101t bl\u012bv\u0113jumus un komponentus. Pareizu materi\u0101lu un aizsargp\u0101rkl\u0101jumu izv\u0113le var mazin\u0101t \u0161os riskus, nodro\u0161inot, ka cilindrs saglab\u0101 funkcionalit\u0101ti un uzticam\u012bbu, neskatoties uz vides izaicin\u0101jumiem.<\/p>\n<h2>Bie\u017ei sastopamo probl\u0113mu nov\u0113r\u0161ana<\/h2>\n<ul>\n<li><strong>Hidraulisk\u0101 \u0161\u0137idruma nopl\u016bdes:<\/strong> Nopl\u016bdes var rasties nodilu\u0161u bl\u012bv\u0113jumu vai boj\u0101tu \u0161\u013c\u016bte\u0146u d\u0113\u013c. Regul\u0101ri p\u0101rbaudiet hidraulisko sist\u0113mu, vai nav nopl\u016b\u017eu paz\u012bmju, un nekav\u0113joties nomainiet visas boj\u0101t\u0101s deta\u013cas.<\/li>\n<li><strong>L\u0113na cilindra kust\u012bba:<\/strong> Ja cilindrs rea\u0123\u0113 l\u0113ni, tas var liecin\u0101t par zemu hidraulisk\u0101 \u0161\u0137idruma l\u012bmeni vai sist\u0113m\u0101 iesprostotu gaisu. P\u0101rbaudiet \u0161\u0137idruma l\u012bmeni un, ja nepiecie\u0161ams, atgaisojiet sist\u0113mu, lai nodro\u0161in\u0101tu pareizu darb\u012bbu.<\/li>\n<li><strong>Neparastas ska\u0146as:<\/strong> T\u0101di trok\u0161\u0146i k\u0101 sl\u012bp\u0113\u0161ana vai \u010d\u012bkst\u0113\u0161ana var liecin\u0101t par meh\u0101nisk\u0101m probl\u0113m\u0101m cilindr\u0101. Izp\u0113tiet trok\u0161\u0146a avotu un veiciet nepiecie\u0161amos remontdarbus, lai nov\u0113rstu turpm\u0101kus boj\u0101jumus.<\/li>\n<\/ul>\n<h2>Padomi efekt\u012bvai probl\u0113mu nov\u0113r\u0161anai<\/h2>\n<p>Lai efekt\u012bvi diagnostic\u0113tu un nov\u0113rstu probl\u0113mas ar str\u0113les cilindru, ir svar\u012bgi ieviest sistem\u0101tisku pieeju. S\u0101ciet ar simptomu identific\u0113\u0161anu un to korel\u0101ciju ar iesp\u0113jamiem c\u0113lo\u0146iem. Veiciet detaliz\u0113tu visu probl\u0113mu un veikto remontdarbu \u017eurn\u0101lu, kas var pal\u012bdz\u0113t turpm\u0101kajos probl\u0113mu nov\u0113r\u0161anas centienos.<\/p>\n<p>Regul\u0101ra apkope un p\u0101rbaudes var iev\u0113rojami samazin\u0101t probl\u0113mu ra\u0161an\u0101s iesp\u0113jam\u012bbu. Lai uztur\u0113tu optim\u0101lu veiktsp\u0113ju, ieviesiet prevent\u012bvus pas\u0101kumus, piem\u0113ram, regul\u0101ras bl\u012bv\u0113jumu, \u0161\u013c\u016bte\u0146u un \u0161\u0137idruma l\u012bme\u0146a p\u0101rbaudes. Turkl\u0101t operatoru apm\u0101c\u012bba par agr\u012bnu br\u012bdin\u0101juma z\u012bmju atpaz\u012b\u0161anu var pal\u012bdz\u0113t risin\u0101t probl\u0113mas, pirms t\u0101s saasin\u0101s.<\/p>\n<p><img decoding=\"async\" src=\"https:\/\/www.hydraulic-cylinders.net\/wp-content\/uploads\/2025\/04\/songte-bushings-with-all-kinds-of-excavator-models.webp\" alt=\"Hidraulisko cilindru deta\u013cas\"><\/p>\n<h2>Par m\u016bsu uz\u0146\u0113mumu<\/h2>\n<p>M\u0113s esam vado\u0161ais hidraulisko cilindru ra\u017eot\u0101js, kas specializ\u0113jas augstas kvalit\u0101tes da\u017e\u0101du smago ma\u0161\u012bnu rezerves da\u013cu ra\u017eo\u0161an\u0101. M\u016bsu pla\u0161ais produktu kl\u0101sts m\u016bs pozicion\u0113 k\u0101 vienu no vado\u0161ajiem ra\u017eot\u0101jiem un vairumtirgot\u0101jiem gan viet\u0113j\u0101, gan starptautiskaj\u0101 tirg\u016b. M\u0113s iev\u0113rojam stingrus kvalit\u0101tes standartus, izmantojot prec\u012bzus ra\u017eo\u0161anas procesus un progres\u012bvas ra\u017eo\u0161anas vad\u012bbas strat\u0113\u0123ijas.<\/p>\n<p>M\u016bsu uz\u0146\u0113mums lepojas ar savu tehnisko kompetenci, iek\u013caujot modern\u0101k\u0101s digit\u0101l\u0101s ra\u017eo\u0161anas iek\u0101rtas un profesion\u0101las test\u0113\u0161anas sist\u0113mas, lai uzlabotu m\u016bsu ra\u017eo\u0161anas iesp\u0113jas. M\u0113s past\u0101v\u012bgi uzlabojam savu ra\u017eo\u0161anas platformu, lai nodro\u0161in\u0101tu augstu efektivit\u0101ti, precizit\u0101ti un kvalit\u0101ti, izcili apmierinot m\u016bsu klientu da\u017e\u0101d\u0101s vajadz\u012bbas.<\/p>\n<p>M\u0113s pied\u0101v\u0101jam piel\u0101gotus risin\u0101jumus, kas piel\u0101goti konkr\u0113t\u0101m pras\u012bb\u0101m, un tos apliecina starptautiski sertifik\u0101ti, kas garant\u0113 produktu uzticam\u012bbu. M\u016bsu sp\u0113c\u012bgais p\u0113cp\u0101rdo\u0161anas serviss nodro\u0161ina klientu apmierin\u0101t\u012bbu, efekt\u012bvi risinot visus jaut\u0101jumus vai ba\u017eas.<\/p>\n<p><img decoding=\"async\" src=\"https:\/\/www.hydraulic-cylinders.net\/wp-content\/uploads\/2025\/04\/songte-company-4.webp\" alt=\"Uz\u0146\u0113muma p\u0101rskats\"><br \/>\n<img decoding=\"async\" src=\"https:\/\/www.hydraulic-cylinders.net\/wp-content\/uploads\/2025\/04\/songte-company-3.webp\" alt=\"Uzlabota ra\u017eo\u0161anas iek\u0101rta\"><\/p>\n<p>Autors: lil<\/p>","protected":false},"excerpt":{"rendered":"<p>Boom Cylinder For Volwa Small Excavator DLS880-8B Product Overview The Boom Cylinder for Volwa Small Excavator DLS880-8B is a crucial hydraulic component designed to enhance the performance of excavators, specifically in controlling the movement of the boom. This hydraulic cylinder plays an essential role in various heavy machinery, such as excavators, backhoe loaders, and front-end [&hellip;]<\/p>","protected":false},"featured_media":17880,"comment_status":"open","ping_status":"closed","template":"","meta":{"_et_pb_use_builder":"","_et_pb_old_content":"","_et_gb_content_width":""},"product_brand":[],"product_cat":[1546],"product_tag":[1547,1496],"class_list":{"0":"post-19602","1":"product","2":"type-product","3":"status-publish","4":"has-post-thumbnail","6":"product_cat-boom-cylinders","7":"product_tag-boom-cylinders","8":"product_tag-hydraulic-cylinders","10":"first","11":"instock","12":"shipping-taxable","13":"product-type-simple"},"amp_enabled":true,"_links":{"self":[{"href":"https:\/\/www.hydraulic-cylinders.net\/lv\/wp-json\/wp\/v2\/product\/19602","targetHints":{"allow":["GET"]}}],"collection":[{"href":"https:\/\/www.hydraulic-cylinders.net\/lv\/wp-json\/wp\/v2\/product"}],"about":[{"href":"https:\/\/www.hydraulic-cylinders.net\/lv\/wp-json\/wp\/v2\/types\/product"}],"replies":[{"embeddable":true,"href":"https:\/\/www.hydraulic-cylinders.net\/lv\/wp-json\/wp\/v2\/comments?post=19602"}],"wp:featuredmedia":[{"embeddable":true,"href":"https:\/\/www.hydraulic-cylinders.net\/lv\/wp-json\/wp\/v2\/media\/17880"}],"wp:attachment":[{"href":"https:\/\/www.hydraulic-cylinders.net\/lv\/wp-json\/wp\/v2\/media?parent=19602"}],"wp:term":[{"taxonomy":"product_brand","embeddable":true,"href":"https:\/\/www.hydraulic-cylinders.net\/lv\/wp-json\/wp\/v2\/product_brand?post=19602"},{"taxonomy":"product_cat","embeddable":true,"href":"https:\/\/www.hydraulic-cylinders.net\/lv\/wp-json\/wp\/v2\/product_cat?post=19602"},{"taxonomy":"product_tag","embeddable":true,"href":"https:\/\/www.hydraulic-cylinders.net\/lv\/wp-json\/wp\/v2\/product_tag?post=19602"}],"curies":[{"name":"wp","href":"https:\/\/api.w.org\/{rel}","templated":true}]}}