{"id":19605,"date":"2025-04-07T06:57:03","date_gmt":"2025-04-07T06:57:03","guid":{"rendered":"https:\/\/www.hydraulic-cylinders.net\/product\/boom-cylinder-for-volwa-small-excavator-dls815-9\/"},"modified":"2025-04-07T06:57:05","modified_gmt":"2025-04-07T06:57:05","slug":"boom-cylinder-for-volwa-small-excavator-dls815-9","status":"publish","type":"product","link":"https:\/\/www.hydraulic-cylinders.net\/lv\/products\/boom-cylinder-for-volwa-small-excavator-dls815-9\/","title":{"rendered":"Str\u0113les cilindrs Volvo mazajam ekskavatoram DLS815-9"},"content":{"rendered":"<h1>Str\u0113les cilindrs Volvo mazajam ekskavatoram DLS815-9<\/h1>\n<h2>Ievads str\u0113les cilindros<\/h2>\n<p>Str\u0113les cilindrs ir b\u016btiska hidraulisko sist\u0113mu sast\u0101vda\u013ca, \u012bpa\u0161i smagaj\u0101s ma\u0161\u012bn\u0101s, piem\u0113ram, ekskavatoros, univers\u0101lajos iekr\u0101v\u0113jos un front\u0101lajos iekr\u0101v\u0113jos. \u0160is hidrauliskais cilindrs kontrol\u0113 str\u0113les sviras kust\u012bbu, \u013caujot tai pacelt, nolaist un noliekt, t\u0101d\u0113j\u0101di atvieglojot da\u017e\u0101dus materi\u0101lu apstr\u0101des uzdevumus. Kausa cilindrs ir \u012bpa\u0161i izstr\u0101d\u0101ts, lai p\u0101rvald\u012btu \u0161\u012bm ma\u0161\u012bn\u0101m pievienot\u0101 kausa darb\u012bbu. Tas efekt\u012bvi darbojas augsta spiediena apst\u0101k\u013cos un ir b\u016btisks t\u0101diem uzdevumiem k\u0101 rak\u0161ana, cel\u0161ana un materi\u0101lu, piem\u0113ram, augsnes vai gru\u017eu, p\u0101rvieto\u0161ana.<\/p>\n<p><img decoding=\"async\" src=\"https:\/\/www.hydraulic-cylinders.net\/wp-content\/uploads\/2025\/04\/songte-company-1.webp\" alt=\"Str\u0113les cilindrs\"><\/p>\n<h2>Str\u0113les cilindra galven\u0101s iez\u012bmes<\/h2>\n<ul>\n<li><strong>Augsta iztur\u012bba un ilgm\u016b\u017e\u012bba:<\/strong> Izgatavots no augstas stipr\u012bbas t\u0113rauda vai alum\u012bnija, \u0161is cilindrs var iztur\u0113t augstu spiedienu un lielas slodzes, padarot to piem\u0113rotu skarbajiem darba apst\u0101k\u013ciem.<\/li>\n<li><strong>Efekt\u012bva hidraulisk\u0101 darb\u012bba:<\/strong> Izmanto hidraulisk\u0101s e\u013c\u013cas spiedienu, lai nodro\u0161in\u0101tu vienm\u0113r\u012bgu izvirz\u012b\u0161anu un ievilk\u0161anu, \u0101tri rea\u0123\u0113jot uz vad\u012bbas komand\u0101m, vienlaikus nodro\u0161inot iev\u0113rojamu stum\u0161anas un vilk\u0161anas sp\u0113ku.<\/li>\n<li><strong>Da\u017e\u0101di veidi:<\/strong> Pieejams vienk\u0101r\u0161\u0101s vai divk\u0101r\u0161\u0101s darb\u012bbas konfigur\u0101cij\u0101s, lai apmierin\u0101tu da\u017e\u0101das ekspluat\u0101cijas vajadz\u012bbas. Da\u017ei mode\u013ci ir teleskopiski, kas \u013cauj veikt liel\u0101ku pagarin\u0101jumu, nepalielinot \u0101r\u0113jos izm\u0113rus.<\/li>\n<li><strong>Apkopei draudz\u012bgs dizains:<\/strong> Izstr\u0101d\u0101ts, lai nodro\u0161in\u0101tu \u0113rtu apkopi, ilgm\u016b\u017e\u012bbu un uzticam\u012bbu darb\u012bb\u0101.<\/li>\n<li><strong>Korozijas iztur\u012bba:<\/strong> Lai aizsarg\u0101tu pret r\u016bsu un nodilumu, tiek uzkl\u0101ti \u012bpa\u0161i p\u0101rkl\u0101jumi, kas pagarina hidraulisk\u0101 cilindra kalpo\u0161anas laiku.<\/li>\n<\/ul>\n<p>M\u016bsu uz\u0146\u0113mums specializ\u0113jas str\u0113les cilindru ra\u017eo\u0161an\u0101, kas da\u017e\u0101dos pielietojumos lieliski aizst\u0101j eso\u0161os hidrauliskos cilindrus.<\/p>\n<p><img decoding=\"async\" src=\"https:\/\/www.hydraulic-cylinders.net\/wp-content\/uploads\/2025\/04\/songte-cylinder-head-with-all-kinds-excavator-models.webp\" alt=\"Ekskavatoru mode\u013ci\"><\/p>\n<h2>Str\u0113les cilindru pielietojums<\/h2>\n<h3>Celtniec\u012bbas apr\u012bkojums<\/h3>\n<p>Ekskavatoros str\u0113les cilindri ir b\u016btiski augsnes vai gru\u017eu rak\u0161anai, iekrau\u0161anai un p\u0101rvieto\u0161anai. To nodro\u0161in\u0101t\u0101 prec\u012bz\u0101 vad\u012bba \u013cauj operatoriem veikt uzdevumus ar augstu precizit\u0101ti, uzlabojot kop\u0113jo produktivit\u0101ti b\u016bvlaukumos. Turkl\u0101t ekskavatoros-iekr\u0101v\u0113jos \u0161ie cilindri pal\u012bdz gan rak\u0161anas, gan cel\u0161anas darbos, padarot tos nenov\u0113rt\u0113jamus daudzpus\u012bgiem b\u016bvniec\u012bbas darbiem.<\/p>\n<h3>Lauksaimniec\u012bbas tehnika<\/h3>\n<p>Front\u0101lajos iekr\u0101v\u0113jos str\u0113les cilindri tiek izmantoti augsnes, siena un citu materi\u0101lu sav\u0101k\u0161anai, pacel\u0161anai un transport\u0113\u0161anai. To iztur\u012bg\u0101 konstrukcija nodro\u0161ina, ka tie sp\u0113j tikt gal\u0101 ar lauksaimniec\u012bbas darbu slodzi, nodro\u0161inot uzticamu veiktsp\u0113ju uzdevumos, kas ir iz\u0161\u0137iro\u0161i lauksaimniec\u012bbas darb\u012bb\u0101m. Sp\u0113ja efekt\u012bvi p\u0101rvald\u012bt materi\u0101lu apstr\u0101di uzlabo kop\u0113jo saimniec\u012bbas produktivit\u0101ti un darb\u012bbas efektivit\u0101ti.<\/p>\n<h3>Ekskavatori<\/h3>\n<p>Ekskavatoros str\u0113les cilindrs \u013cauj kausam iek\u013c\u016bt augsn\u0113, atvieglojot efekt\u012bvas rak\u0161anas darb\u012bbas. Hidraulisk\u0101 precizit\u0101te nodro\u0161ina dzi\u013cuma kontroli un precizit\u0101ti, kas ir b\u016btiski b\u016bvniec\u012bbas un ainavu veido\u0161anas projektos, kur deta\u013cas ir kritiski svar\u012bgas. Str\u0113les cilindra atsauc\u012bba uzlabo operatora kontroli p\u0101r tehniku, t\u0101d\u0113j\u0101di nodro\u0161inot lab\u0101kus rezult\u0101tus rak\u0161anas projektos.<\/p>\n<h3>Iekr\u0101v\u0113ji<\/h3>\n<p>Front\u0101lajos iekr\u0101v\u0113jos str\u0113les cilindri pal\u012bdz efekt\u012bvi pacelt un izg\u0101zt kravas. Tie nodro\u0161ina nepiecie\u0161amo sp\u0113ku smagu materi\u0101lu pacel\u0161anai, nodro\u0161inot, ka operatori var efekt\u012bvi p\u0101rvald\u012bt t\u0101dus uzdevumus k\u0101 kravas automa\u0161\u012bnu iekrau\u0161ana vai materi\u0101lu p\u0101rvieto\u0161ana darba viet\u0101. To iztur\u012bba un uzticam\u012bba padara tos par b\u016btisku sast\u0101vda\u013cu da\u017e\u0101dos iekrau\u0161anas darbos.<\/p>\n<h2>Dizaina apsv\u0113rumi un atlases krit\u0113riji<\/h2>\n<h3>Kravnes\u012bba<\/h3>\n<p>Izv\u0113loties str\u0113les cilindru, ir \u013coti svar\u012bgi izprast t\u0101 kravnes\u012bbu. Cilindram j\u0101sp\u0113j iztur\u0113t maksim\u0101lo slodzi, kas paredzama ekspluat\u0101cijas laik\u0101, neapdraudot dro\u0161\u012bbu. Ra\u017eot\u0101ji bie\u017ei sniedz detaliz\u0113tas specifik\u0101cijas, lai pal\u012bdz\u0113tu lietot\u0101jiem piel\u0101got cilindru savai tehnikai, nodro\u0161inot, ka tas atbilst darba pras\u012bb\u0101m.<\/p>\n<h3>Bl\u012bv\u0113\u0161anas meh\u0101nismi<\/h3>\n<p>Efekt\u012bva bl\u012bv\u0113\u0161ana ir \u013coti svar\u012bga hidraulisko cilindru ilgm\u016b\u017e\u012bbai un veiktsp\u0113jai. Bl\u012bv\u0113jumu, piem\u0113ram, virzu\u013ca bl\u012bv\u0113jumu un stie\u0146a bl\u012bv\u0113jumu, izv\u0113lei j\u0101\u0146em v\u0113r\u0101 ekspluat\u0101cijas apst\u0101k\u013ci. Bl\u012bv\u0113jumi, kas izgatavoti no iztur\u012bgiem materi\u0101liem, piem\u0113ram, poliuret\u0101na vai nitrila gumijas, uzlabo veiktsp\u0113ju un samazina apkopes nepiecie\u0161am\u012bbu, vienlaikus nov\u0113r\u0161ot \u0161\u0137idruma nopl\u016bdes, kas var izrais\u012bt veiktsp\u0113jas probl\u0113mas.<\/p>\n<h3>Iztur\u012bba<\/h3>\n<p>Iztur\u012bba ir galvenais faktors str\u0113les cilindru konstrukcij\u0101. Tiem j\u0101iztur skarbi vides apst\u0101k\u013ci un nodilums, kas saist\u012bts ar intens\u012bvu lieto\u0161anu. Ra\u017eot\u0101ji koncentr\u0113jas uz cilindru ar augstu nodilumiztur\u012bbu, pretkorozijas p\u0101rkl\u0101jumiem un iztur\u012bgu konstrukciju rad\u012b\u0161anu, lai nodro\u0161in\u0101tu ilgu kalpo\u0161anas laiku un minim\u0101lu d\u012bkst\u0101vi ekspluat\u0101cijas laik\u0101.<\/p>\n<h3>Dro\u0161\u012bbas funkcijas<\/h3>\n<p>Dro\u0161\u012bba hidrauliskaj\u0101s sist\u0113m\u0101s ir \u0101rk\u0101rt\u012bgi svar\u012bga. Baloniem j\u0101b\u016bt apr\u012bkotiem ar t\u0101d\u0101m funkcij\u0101m k\u0101 spiediena samazin\u0101\u0161anas v\u0101rsti, lai nov\u0113rstu p\u0101rslodzi un potenci\u0101lus boj\u0101jumus. Turkl\u0101t iztur\u012bga konstrukcija un uzman\u012bba deta\u013c\u0101m projekt\u0113\u0161an\u0101 var pal\u012bdz\u0113t nov\u0113rst negad\u012bjumus un nodro\u0161in\u0101t uzticamu darb\u012bbu, padarot dro\u0161\u012bbu par b\u016btisku komponentu izv\u0113les proces\u0101.<\/p>\n<h3>Uzturam\u012bba<\/h3>\n<p>Labs dizains \u0146em v\u0113r\u0101 apkopes vienk\u0101r\u0161\u012bbu, \u013caujot veikt \u0101tras p\u0101rbaudes un remontu. Tas ietver funkcijas, kas atvieglo bl\u012bvju un citu sast\u0101vda\u013cu nomai\u0146u bez pla\u0161as demont\u0101\u017eas. Regul\u0101ra apkope ir b\u016btiska, lai hidrauliskie cilindri darbotos efekt\u012bvi, t\u0101p\u0113c dizains, kas to atbalsta, pal\u012bdz pagarin\u0101t iek\u0101rtas kalpo\u0161anas laiku.<\/p>\n<p><img decoding=\"async\" src=\"https:\/\/www.hydraulic-cylinders.net\/wp-content\/uploads\/2025\/04\/songte-oil-pipes-and-spare-parts.webp\" alt=\"E\u013c\u013cas caurules un rezerves da\u013cas\"><\/p>\n<h2>Str\u0113les cilindru bl\u012bv\u0113\u0161ana un e\u013c\u013co\u0161ana<\/h2>\n<p>Str\u0113les cilindru bl\u012bv\u0113\u0161ana un e\u013c\u013co\u0161ana ir kritiski svar\u012bga, lai nodro\u0161in\u0101tu to efekt\u012bvu darb\u012bbu. Da\u017e\u0101di bl\u012bv\u0113\u0161anas komponenti, piem\u0113ram, virzu\u013ca bl\u012bv\u0113jumi un stie\u0146a bl\u012bv\u0113jumi, tiek izmantoti, lai uztur\u0113tu hidraulisko spiedienu un nov\u0113rstu \u0161\u0137idruma nopl\u016bdi. Izv\u0113loties bl\u012bv\u0113jumus, kas izgatavoti no iztur\u012bgiem materi\u0101liem, piem\u0113ram, poliuret\u0101na vai nitrila gumijas, var iev\u0113rojami pagarin\u0101t cilindra kalpo\u0161anas laiku.<\/p>\n<p>Turkl\u0101t cilindra korpuss un v\u012bt\u0146ot\u0101s gala virsmas ir r\u016bp\u012bgi apstr\u0101d\u0101tas, lai uzlabotu nodilumiztur\u012bbu. Regul\u0101ra e\u013c\u013co\u0161ana ar hidraulisko e\u013c\u013cu ir nepiecie\u0161ama, lai nodro\u0161in\u0101tu pareizu bl\u012bv\u0113jumu darb\u012bbu un nov\u0113rstu berzes izrais\u012btu nodilumu. Tas ietver regul\u0101ras p\u0101rbaudes un hidraulisk\u0101s e\u013c\u013cas uzpild\u012b\u0161anu, lai uztur\u0113tu optim\u0101lu veiktsp\u0113ju.<\/p>\n<h2>Prevent\u012bvie apkopes pas\u0101kumi<\/h2>\n<ul>\n<li><strong>Regul\u0101ras p\u0101rbaudes:<\/strong> Regul\u0101ras hidraulisk\u0101 cilindra vizu\u0101las un funkcion\u0101las p\u0101rbaudes var pal\u012bdz\u0113t laikus identific\u0113t iesp\u0113jam\u0101s probl\u0113mas. Mekl\u0113jiet nodiluma, nopl\u016b\u017eu vai boj\u0101jumu paz\u012bmes.<\/li>\n<li><strong>Pareiza e\u013c\u013co\u0161ana:<\/strong> P\u0101rliecinieties, ka hidraulisk\u0101s e\u013c\u013cas l\u012bmenis ir ieteicamaj\u0101 l\u012bmen\u012b un t\u0101 nav pies\u0101r\u0146ota. Pareiza e\u013c\u013co\u0161ana pal\u012bdz nov\u0113rst priek\u0161laic\u012bgu nodilumu un uztur\u0113t veiktsp\u0113ju.<\/li>\n<li><strong>Bl\u012bv\u0113juma nomai\u0146a:<\/strong> Regul\u0101ri p\u0101rbaudiet bl\u012bv\u0113jumu nodilumu un nomainiet tos p\u0113c nepiecie\u0161am\u012bbas. Tas ir \u013coti svar\u012bgi hidraulisk\u0101 spiediena uztur\u0113\u0161anai un nopl\u016b\u017eu nov\u0113r\u0161anai.<\/li>\n<\/ul>\n<h2>Str\u0113les cilindru uzst\u0101d\u012b\u0161anas vadl\u012bnijas<\/h2>\n<p>Pareiza str\u0113les cilindru uzst\u0101d\u012b\u0161ana ir b\u016btiska optim\u0101lai veiktsp\u0113jai un dro\u0161\u012bbai. Vispirms p\u0101rliecinieties, vai cilindrs ir pareizi izl\u012bdzin\u0101ts ar stiprin\u0101juma punktiem. Izmantojiet atbilsto\u0161us stiprin\u0101juma kron\u0161teinus, lai nostiprin\u0101tu cilindru viet\u0101, izvairoties no nepareizas izl\u012bdzin\u0101\u0161anas, kas var\u0113tu izrais\u012bt priek\u0161laic\u012bgu nodilumu vai boj\u0101jumus.<\/p>\n<p>Ir \u013coti svar\u012bgi iev\u0113rot ra\u017eot\u0101ja specifik\u0101cijas attiec\u012bb\u0101 uz griezes momenta iestat\u012bjumiem un mont\u0101\u017eas proced\u016br\u0101m, lai nodro\u0161in\u0101tu dro\u0161u savienojumu. Uzst\u0101d\u012b\u0161anas laik\u0101 piev\u0113rsiet uzman\u012bbu hidrauliskajiem savienojumiem, p\u0101rliecinoties, ka tie ir bez nopl\u016bd\u0113m un pareizi pievilkti. P\u0113c uzst\u0101d\u012b\u0161anas atgaisojiet hidraulisko sist\u0113mu, lai no\u0146emtu gaisa kabatas, kas var negat\u012bvi ietekm\u0113t veiktsp\u0113ju.<\/p>\n<p>Visbeidzot, veiciet r\u016bp\u012bgu darb\u012bbas p\u0101rbaudi, lai p\u0101rliecin\u0101tos, ka balons darbojas nevainojami un efekt\u012bvi, apstiprinot, ka visas dro\u0161\u012bbas funkcijas darbojas, k\u0101 paredz\u0113ts.<\/p>\n<h2>Bie\u017ei sastopamie apkopes uzdevumi<\/h2>\n<ul>\n<li><strong>Regul\u0101ras p\u0101rbaudes:<\/strong> Regul\u0101ri p\u0101rbaudiet str\u0113les cilindru, vai nav nodiluma paz\u012bmju un iesp\u0113jamu boj\u0101jumu. Probl\u0113mu agr\u012bna atkl\u0101\u0161ana var nov\u0113rst d\u0101rgus remontdarbus un d\u012bkst\u0101ves.<\/li>\n<li><strong>Pareiza e\u013c\u013co\u0161ana:<\/strong> P\u0101rliecinieties, ka hidraulisk\u0101 sist\u0113ma ir pareizi iee\u013c\u013cota, p\u0101rbaudot e\u013c\u013cas l\u012bmeni un papildinot to p\u0113c nepiecie\u0161am\u012bbas. Pareiza e\u013c\u013co\u0161ana samazina berzi un pagarina cilindra kalpo\u0161anas laiku.<\/li>\n<li><strong>Bl\u012bv\u0113juma nomai\u0146a:<\/strong> Uzraugiet bl\u012bv\u0113jumu nodilumu un nomainiet tos p\u0113c nepiecie\u0161am\u012bbas. Nolietoti bl\u012bv\u0113jumi var izrais\u012bt nopl\u016bdes, kas apdraud hidraulisk\u0101s sist\u0113mas efektivit\u0101ti un dro\u0161\u012bbu.<\/li>\n<\/ul>\n<p>Katrs apkopes uzdevums ir \u013coti svar\u012bgs, lai maksim\u0101li palielin\u0101tu str\u0113les cilindra ilgm\u016b\u017e\u012bbu un efektivit\u0101ti. Pareiza uzst\u0101d\u012b\u0161ana, e\u013c\u013co\u0161ana un regul\u0113\u0161ana ir iz\u0161\u0137iro\u0161a noz\u012bme veiktsp\u0113j\u0101.<\/p>\n<p><img decoding=\"async\" src=\"https:\/\/www.hydraulic-cylinders.net\/wp-content\/uploads\/2025\/04\/songte-chushion-collar.webp\" alt=\"Spilvenu apkakle\"><\/p>\n<h2>Dro\u0161\u012bbas apsv\u0113rumi un vides faktori<\/h2>\n<p>Izmantojot str\u0113les cilindrus, dro\u0161\u012bbas pas\u0101kumu iek\u013cau\u0161ana ir \u0101rk\u0101rt\u012bgi svar\u012bga. Operatoriem vienm\u0113r j\u0101valk\u0101 atbilsto\u0161i individu\u0101lie aizsardz\u012bbas l\u012bdzek\u013ci (IAL) un pirms darba uzs\u0101k\u0161anas j\u0101p\u0101rliecin\u0101s, ka viss apr\u012bkojums darbojas pareizi. Ir svar\u012bgi iev\u0113rot dro\u0161\u012bbas vadl\u012bnijas, lai nov\u0113rstu negad\u012bjumus un traumas darba viet\u0101.<\/p>\n<p>Turkl\u0101t ir svar\u012bgi \u0146emt v\u0113r\u0101 vides faktorus. Pareiza hidraulisko \u0161\u0137idrumu un nolietoto deta\u013cu utiliz\u0101cija aizsarg\u0101 vidi un veicina ilgtsp\u0113j\u012bbu. Efekt\u012bvu atkritumu apsaimnieko\u0161anas strat\u0113\u0123iju ievie\u0161ana hidrauliskaj\u0101s darb\u012bb\u0101s nodro\u0161ina atbilst\u012bbu vides noteikumiem un atspogu\u013co korporat\u012bvo atbild\u012bbu.<\/p>\n<h2>K\u013c\u016bmju diagnostika un bie\u017e\u0101k sastopam\u0101s probl\u0113mas<\/h2>\n<ul>\n<li><strong>Nopl\u016bde:<\/strong> Viena no visbie\u017e\u0101k sastopamaj\u0101m probl\u0113m\u0101m, ar kur\u0101m saskaras hidrauliskie cilindri, ir nopl\u016bde. T\u0101 var rasties nolietotu bl\u012bv\u0113jumu vai boj\u0101tu savienojumu d\u0113\u013c. Regul\u0101ras p\u0101rbaudes var pal\u012bdz\u0113t \u0161o probl\u0113mu atkl\u0101t agr\u012bn\u0101 stadij\u0101.<\/li>\n<li><strong>Spiediena probl\u0113mas:<\/strong> Nepietiekams vai p\u0101rm\u0113r\u012bgs spiediens var izrais\u012bt darb\u012bbas trauc\u0113jumus. Spiediena l\u012bme\u0146u uzraudz\u012bba un to iev\u0113ro\u0161anas nodro\u0161in\u0101\u0161ana noteiktaj\u0101s robe\u017e\u0101s ir \u013coti svar\u012bga dro\u0161ai darb\u012bbai.<\/li>\n<li><strong>Veiktsp\u0113jas pasliktin\u0101\u0161an\u0101s:<\/strong> Laika gait\u0101 hidraulisko cilindru veiktsp\u0113ja var samazin\u0101ties nodiluma d\u0113\u013c. Regul\u0101ra apkope un savlaic\u012bga nomai\u0146a var mazin\u0101t \u0161o probl\u0113mu.<\/li>\n<\/ul>\n<p>\u0160o probl\u0113mu t\u016bl\u012bt\u0113ja risin\u0101\u0161ana ir b\u016btiska, lai saglab\u0101tu hidraulisko sist\u0113mu efektivit\u0101ti un dro\u0161\u012bbu.<\/p>\n<h2>Probl\u0113mu nov\u0113r\u0161anas padomi un prevent\u012bvie pas\u0101kumi<\/h2>\n<p>Lai efekt\u012bvi diagnostic\u0113tu un nov\u0113rstu probl\u0113mas ar str\u0113les cilindriem, ir svar\u012bgi veikt regul\u0101ras p\u0101rbaudes un r\u016bp\u012bgi uzraudz\u012bt to darb\u012bbu. Nopl\u016b\u017eu gad\u012bjum\u0101 p\u0101rliecinieties, vai visi bl\u012bv\u0113jumi un savienojumi ir lab\u0101 st\u0101vokl\u012b, un nekav\u0113joties nomainiet visas nolietot\u0101s deta\u013cas.<\/p>\n<p>Ar spiedienu saist\u012btu probl\u0113mu gad\u012bjum\u0101 p\u0101rbaudiet hidraulisk\u0101 \u0161\u0137idruma l\u012bmeni un hidraulisk\u0101 s\u016bk\u0146a st\u0101vokli. Pareiza \u0161\u0137idruma l\u012bme\u0146a uztur\u0113\u0161ana ir b\u016btiska optim\u0101lai veiktsp\u0113jai. Turkl\u0101t regul\u0101ras apkopes grafika ievie\u0161ana nodro\u0161ina, ka potenci\u0101l\u0101s probl\u0113mas tiek risin\u0101tas, pirms t\u0101s saasin\u0101s.<\/p>\n<p>Visbeidzot, operatoru apm\u0101c\u012bba par pareizu lieto\u0161anu un apkopi var iev\u0113rojami samazin\u0101t probl\u0113mu ra\u0161an\u0101s risku, t\u0101d\u0113j\u0101di kopum\u0101 nodro\u0161inot efekt\u012bv\u0101ku darb\u012bbu.<\/p>\n<p><img decoding=\"async\" src=\"https:\/\/www.hydraulic-cylinders.net\/wp-content\/uploads\/2025\/04\/songte-bushings-with-all-kinds-of-excavator-models.webp\" alt=\"Ekskavatoru mode\u013ci ar buks\u0113m\"><\/p>\n<h2>Par m\u016bsu uz\u0146\u0113mumu<\/h2>\n<p>M\u0113s esam vado\u0161ais hidraulisko cilindru ra\u017eot\u0101js, kas specializ\u0113jas augstas kvalit\u0101tes da\u017e\u0101du ma\u0161\u012bnu nomai\u0146as iesp\u0113ju nodro\u0161in\u0101\u0161an\u0101. M\u016bsu pla\u0161ais produktu kl\u0101sts un ap\u0146em\u0161an\u0101s sasniegt izcil\u012bbu ir pozicion\u0113jusi m\u016bs k\u0101 vado\u0161o ra\u017eot\u0101ju un vairumtirgot\u0101ju gan viet\u0113j\u0101, gan starptautiskaj\u0101 tirg\u016b. M\u0113s iev\u0113rojam stingrus kvalit\u0101tes standartus, izmantojot progres\u012bvas ra\u017eo\u0161anas prakses un kvalific\u0113tu darbasp\u0113ku, lai nodro\u0161in\u0101tu, ka m\u016bsu produkti atbilst augst\u0101kaj\u0101m nozares pras\u012bb\u0101m.<\/p>\n<p>M\u016bsu starptautiskie sertifik\u0101ti apliecina m\u016bsu ap\u0146em\u0161anos nodro\u0161in\u0101t kvalit\u0101ti un dro\u0161\u012bbu, savuk\u0101rt m\u016bsu piel\u0101go\u0161anas pakalpojumi \u013cauj mums apmierin\u0101t \u012bpa\u0161as klientu vajadz\u012bbas. M\u0113s past\u0101v\u012bgi ieguld\u0101m l\u012bdzek\u013cus modern\u0101s ra\u017eo\u0161anas iek\u0101rt\u0101s un kvalit\u0101tes kontroles sist\u0113m\u0101s, lai uzlabotu m\u016bsu ra\u017eo\u0161anas iesp\u0113jas.<\/p>\n<p>Ar izcilu p\u0113cp\u0101rdo\u0161anas atbalstu m\u0113s nodro\u0161in\u0101m, ka m\u016bsu klienti sa\u0146em visaptvero\u0161u pal\u012bdz\u012bbu un apkopes padomus, pal\u012bdzot vi\u0146iem maksim\u0101li palielin\u0101t hidraulisko sist\u0113mu veiktsp\u0113ju un ilgm\u016b\u017e\u012bbu.<\/p>\n<p><img decoding=\"async\" src=\"https:\/\/www.hydraulic-cylinders.net\/wp-content\/uploads\/2025\/04\/songte-company-4.webp\" alt=\"Uz\u0146\u0113muma p\u0101rskats\"><br \/>\n<img decoding=\"async\" src=\"https:\/\/www.hydraulic-cylinders.net\/wp-content\/uploads\/2025\/04\/songte-company-3.webp\" alt=\"Uz\u0146\u0113muma ra\u017eo\u0161anas iek\u0101rta\"><\/p>\n<p>Autors: lil<\/p>","protected":false},"excerpt":{"rendered":"<p>Boom Cylinder For Volwa Small Excavator DLS815-9 Introduction to Boom Cylinders The boom cylinder is a crucial component in hydraulic systems, particularly in heavy machinery such as excavators, backhoes, and front loaders. This hydraulic cylinder controls the movement of the boom arm, enabling it to lift, lower, and tilt, thereby facilitating various material handling tasks. [&hellip;]<\/p>","protected":false},"featured_media":17868,"comment_status":"open","ping_status":"closed","template":"","meta":{"_et_pb_use_builder":"","_et_pb_old_content":"","_et_gb_content_width":""},"product_brand":[],"product_cat":[1546],"product_tag":[1547,1496],"class_list":{"0":"post-19605","1":"product","2":"type-product","3":"status-publish","4":"has-post-thumbnail","6":"product_cat-boom-cylinders","7":"product_tag-boom-cylinders","8":"product_tag-hydraulic-cylinders","10":"first","11":"instock","12":"shipping-taxable","13":"product-type-simple"},"amp_enabled":true,"_links":{"self":[{"href":"https:\/\/www.hydraulic-cylinders.net\/lv\/wp-json\/wp\/v2\/product\/19605","targetHints":{"allow":["GET"]}}],"collection":[{"href":"https:\/\/www.hydraulic-cylinders.net\/lv\/wp-json\/wp\/v2\/product"}],"about":[{"href":"https:\/\/www.hydraulic-cylinders.net\/lv\/wp-json\/wp\/v2\/types\/product"}],"replies":[{"embeddable":true,"href":"https:\/\/www.hydraulic-cylinders.net\/lv\/wp-json\/wp\/v2\/comments?post=19605"}],"wp:featuredmedia":[{"embeddable":true,"href":"https:\/\/www.hydraulic-cylinders.net\/lv\/wp-json\/wp\/v2\/media\/17868"}],"wp:attachment":[{"href":"https:\/\/www.hydraulic-cylinders.net\/lv\/wp-json\/wp\/v2\/media?parent=19605"}],"wp:term":[{"taxonomy":"product_brand","embeddable":true,"href":"https:\/\/www.hydraulic-cylinders.net\/lv\/wp-json\/wp\/v2\/product_brand?post=19605"},{"taxonomy":"product_cat","embeddable":true,"href":"https:\/\/www.hydraulic-cylinders.net\/lv\/wp-json\/wp\/v2\/product_cat?post=19605"},{"taxonomy":"product_tag","embeddable":true,"href":"https:\/\/www.hydraulic-cylinders.net\/lv\/wp-json\/wp\/v2\/product_tag?post=19605"}],"curies":[{"name":"wp","href":"https:\/\/api.w.org\/{rel}","templated":true}]}}