{"id":19606,"date":"2025-04-07T06:57:05","date_gmt":"2025-04-07T06:57:05","guid":{"rendered":"https:\/\/www.hydraulic-cylinders.net\/product\/boom-cylinder-for-volwa-small-excavator-dls822-9b\/"},"modified":"2025-04-07T06:57:08","modified_gmt":"2025-04-07T06:57:08","slug":"boom-cylinder-for-volwa-small-excavator-dls822-9b","status":"publish","type":"product","link":"https:\/\/www.hydraulic-cylinders.net\/lv\/products\/boom-cylinder-for-volwa-small-excavator-dls822-9b\/","title":{"rendered":"Str\u0113les cilindrs Volwa mazajam ekskavatoram DLS822-9B"},"content":{"rendered":"<h1>Str\u0113les cilindrs Volwa mazajam ekskavatoram DLS822-9B<\/h1>\n<h2>Produkta p\u0101rskats<\/h2>\n<p>Volwa maz\u0101 ekskavatora DLS822-9B str\u0113les cilindrs ir b\u016btiska hidraulisko sist\u0113mu sast\u0101vda\u013ca, kas \u012bpa\u0161i paredz\u0113ta ekskavatoru str\u0113les kust\u012bbas vad\u012bbai. \u0160is hidrauliskais cilindrs \u013cauj str\u0113li pacelt, nolaist un noliekt, atvieglojot da\u017e\u0101dus materi\u0101lu apstr\u0101des uzdevumus. Tam ir iz\u0161\u0137iro\u0161a noz\u012bme smago ma\u0161\u012bnu, piem\u0113ram, ekskavatoru, ekskavatoru-iekr\u0101v\u0113ju un front\u0101lo iekr\u0101v\u0113ju, funkcionalit\u0101tes uzlabo\u0161an\u0101. Kausa cilindrs ir vit\u0101li svar\u012bgs efekt\u012bv\u0101m rak\u0161anas oper\u0101cij\u0101m un ir izstr\u0101d\u0101ts, lai iztur\u0113tu augstu spiedienu un sare\u017e\u0123\u012btus darba apst\u0101k\u013cus.<\/p>\n<p><img decoding=\"async\" src=\"https:\/\/www.hydraulic-cylinders.net\/wp-content\/uploads\/2025\/04\/songte-company-1.webp\" alt=\"Str\u0113les cilindrs\"><\/p>\n<h2>Str\u0113les cilindra \u012bpa\u0161\u012bbas<\/h2>\n<ul>\n<li><strong>Augsta iztur\u012bba un ilgm\u016b\u017e\u012bba:<\/strong> Izgatavots no augstas stipr\u012bbas t\u0113rauda vai alum\u012bnija, tas sp\u0113j iztur\u0113t augstu spiedienu un lielas slodzes, padarot to piem\u0113rotu skarbiem darba apst\u0101k\u013ciem. Projekt\u0113\u0161an\u0101 \u0146emta v\u0113r\u0101 nodilumiztur\u012bba un iztur\u012bba pret koroziju, kas pagarina t\u0101 kalpo\u0161anas laiku.<\/li>\n<li><strong>Efekt\u012bva hidraulisk\u0101 darb\u012bba:<\/strong> Izmanto hidraulisk\u0101s e\u013c\u013cas spiedienu vienm\u0113r\u012bgai izvilk\u0161anai un ievilk\u0161anai, \u0101tri rea\u0123\u0113jot uz vad\u012bbas komand\u0101m, vienlaikus nodro\u0161inot sp\u0113c\u012bgu stum\u0161anas un vilk\u0161anas sp\u0113ku, kas ir ide\u0101li piem\u0113rots smagu priek\u0161metu apstr\u0101dei un sare\u017e\u0123\u012btu uzdevumu veik\u0161anai.<\/li>\n<li><strong>Da\u017e\u0101di veidi:<\/strong> Pieejams vienk\u0101r\u0161\u0101s darb\u012bbas (darbojas vien\u0101 virzien\u0101) vai divk\u0101r\u0161\u0101s darb\u012bbas (darbojas abos virzienos) konfigur\u0101cij\u0101s, lai apmierin\u0101tu da\u017e\u0101das ekspluat\u0101cijas pras\u012bbas, un da\u017ei mode\u013ci ir teleskopiski, lai nodro\u0161in\u0101tu liel\u0101ku pagarin\u0101jumu, nepalielinot \u0101r\u0113jos izm\u0113rus, kas ir piem\u0113roti lieto\u0161anai ierobe\u017eot\u0101 telp\u0101.<\/li>\n<\/ul>\n<h2>Ra\u017eo\u0161anas jauda<\/h2>\n<p>M\u016bsu uz\u0146\u0113mums specializ\u0113jas \u0161o hidraulisko cilindru ra\u017eo\u0161an\u0101, nodro\u0161inot, ka m\u016bsu produkti ir ide\u0101li eso\u0161o mode\u013cu aizvietot\u0101ji.<\/p>\n<p><img decoding=\"async\" src=\"https:\/\/www.hydraulic-cylinders.net\/wp-content\/uploads\/2025\/04\/songte-cylinder-head-with-all-kinds-excavator-models.webp\" alt=\"Cilindra galva\"><\/p>\n<h2>Lietojumprogrammu scen\u0101riji<\/h2>\n<h3>Celtniec\u012bbas apr\u012bkojums<\/h3>\n<p>Ekskavatoros str\u0113les cilindrs ir \u013coti svar\u012bgs augsnes vai gru\u017eu rak\u0161anai, iekrau\u0161anai un p\u0101rvieto\u0161anai. Tas \u013cauj ekskavatoram veikt da\u017e\u0101dus uzdevumus ar precizit\u0101ti un efektivit\u0101ti, galu gal\u0101 uzlabojot produktivit\u0101ti b\u016bvlaukumos.<\/p>\n<h3>Lauksaimniec\u012bbas tehnika<\/h3>\n<p>Front\u0101lajos iekr\u0101v\u0113jos izmantotais str\u0113les cilindrs pal\u012bdz gr\u0101bt, pacelt un transport\u0113t augsni, sienu un citus materi\u0101lus. T\u0101 uzticam\u0101 darb\u012bba ir b\u016btiska efekt\u012bvai saimniec\u012bbas darb\u012bbai, atvieglojot t\u0101dus uzdevumus k\u0101 bar\u012bbas iekrau\u0161ana, ra\u017eas transport\u0113\u0161ana un citus.<\/p>\n<h3>Ekskavatori<\/h3>\n<p>Kausa cilindrs \u013cauj ekskavatora kausam iek\u013c\u016bt zem\u0113, atvieglojot efekt\u012bvas rak\u0161anas darb\u012bbas. \u0160\u012b sp\u0113ja ir vit\u0101li svar\u012bga b\u016bvniec\u012bbas, ieguves un ainavu veido\u0161anas projektos, kur nepiecie\u0161ama augsnes no\u0146em\u0161ana.<\/p>\n<h3>Iekr\u0101v\u0113ji<\/h3>\n<p>Front\u0101lajos iekr\u0101v\u0113jos \u0161ie cilindri pal\u012bdz efekt\u012bvi pacelt un izkraut kravas. To loma ir kritiski svar\u012bga da\u017e\u0101dos iekrau\u0161anas uzdevumos, nodro\u0161inot, ka materi\u0101li tiek p\u0101rvietoti \u0101tri un dro\u0161i.<\/p>\n<h2>Dizaina apsv\u0113rumi un atlases krit\u0113riji<\/h2>\n<ul>\n<li><strong>Kravnes\u012bba:<\/strong> Balonam j\u0101b\u016bt projekt\u0113tam t\u0101, lai tas iztur\u0113tu maksim\u0101lo slodzi, ar kuru tas saskarsies ekspluat\u0101cijas laik\u0101. Tas nodro\u0161ina dro\u0161\u012bbu un efektivit\u0101ti, jo nepietiekami projekt\u0113ti baloni var izrais\u012bt boj\u0101jumus un potenci\u0101lus apdraud\u0113jumus.<\/li>\n<li><strong>Bl\u012bv\u0113jums:<\/strong> Efekt\u012bva bl\u012bv\u0113\u0161ana ir \u013coti svar\u012bga, lai nov\u0113rstu hidraulisk\u0101 \u0161\u0137idruma nopl\u016bdi. Augstas kvalit\u0101tes bl\u012bv\u0113jumi, kas izgatavoti no iztur\u012bgiem materi\u0101liem, nodro\u0161ina hidraulisk\u0101s sist\u0113mas integrit\u0101ti, vienlaikus samazinot apkopes nepiecie\u0161am\u012bbu.<\/li>\n<li><strong>Iztur\u012bba:<\/strong> Materi\u0101liem un konstrukcijai j\u0101iztur skarbi apst\u0101k\u013ci un bie\u017ea lieto\u0161ana. \u0160is apsv\u0113rums b\u016btiski ietekm\u0113 produkta kalpo\u0161anas laiku un uzticam\u012bbu sare\u017e\u0123\u012btos apst\u0101k\u013cos.<\/li>\n<li><strong>Dro\u0161\u012bba:<\/strong> Dro\u0161\u012bbas funkcijas, tostarp atbilsto\u0161a spiediena v\u0113rt\u012bba un av\u0101rijas atlai\u0161anas meh\u0101nismi, ir b\u016btiskas, lai nov\u0113rstu negad\u012bjumus un nodro\u0161in\u0101tu operatora dro\u0161\u012bbu darb\u012bbas laik\u0101.<\/li>\n<li><strong>Apkope:<\/strong> Projektam j\u0101b\u016bt t\u0101dam, lai nodro\u0161in\u0101tu \u0113rtu apkopi un p\u0101rbaudi, \u013caujot \u0101tri identific\u0113t probl\u0113mas un veikt \u0101tru remontu, lai samazin\u0101tu d\u012bkst\u0101ves laiku.<\/li>\n<\/ul>\n<p><img decoding=\"async\" src=\"https:\/\/www.hydraulic-cylinders.net\/wp-content\/uploads\/2025\/04\/songte-oil-pipes-and-spare-parts.webp\" alt=\"E\u013c\u013cas caurules un rezerves da\u013cas\"><\/p>\n<h2>Bl\u012bv\u0113\u0161ana un e\u013c\u013co\u0161ana<\/h2>\n<p>Hidraulisk\u0101 cilindra efektivit\u0101te ir atkar\u012bga no t\u0101 bl\u012bv\u0113\u0161anas un e\u013c\u013co\u0161anas sist\u0113m\u0101m. Lai nodro\u0161in\u0101tu optim\u0101lu veiktsp\u0113ju, tiek izmantoti da\u017e\u0101di bl\u012bv\u0113jumi, tostarp virzu\u013ca bl\u012bv\u0113jumi un stie\u0146a bl\u012bv\u0113jumi. Bl\u012bv\u0113jumi, kas izgatavoti no poliuret\u0101na un nitrila gumijas, parasti tiek izv\u0113l\u0113ti to iztur\u012bbas un nodilumiztur\u012bbas d\u0113\u013c. Turkl\u0101t cilindra korpuss un v\u012bt\u0146ot\u0101s gala virsmas tiek r\u016bp\u012bgi apstr\u0101d\u0101tas, lai uzlabotu nodilumiztur\u012bbu. Regul\u0101ra e\u013c\u013co\u0161ana ar atbilsto\u0161u hidraulisko e\u013c\u013cu ir oblig\u0101ta, lai nodro\u0161in\u0101tu vienm\u0113r\u012bgu darb\u012bbu un nov\u0113rstu nodilumu laika gait\u0101.<\/p>\n<h2>Regul\u0101ra p\u0101rbaude un profilaktisk\u0101 apkope<\/h2>\n<ul>\n<li><strong>Regul\u0101ras p\u0101rbaudes:<\/strong> Regul\u0101ri j\u0101veic p\u0101rbaudes, lai noteiktu jebk\u0101das nodiluma, nopl\u016b\u017eu vai boj\u0101jumu paz\u012bmes. Probl\u0113mu agr\u012bna atkl\u0101\u0161ana var nov\u0113rst d\u0101rgus remontdarbus un d\u012bkst\u0101ves.<\/li>\n<li><strong>Pareiza e\u013c\u013co\u0161ana:<\/strong> P\u0101rliecinieties, vai hidraulisk\u0101s e\u013c\u013cas l\u012bmenis ir optim\u0101ls, un p\u0101rbaudiet, vai nav piemais\u012bjumu, kas var\u0113tu ietekm\u0113t sist\u0113mas darb\u012bbu.<\/li>\n<li><strong>Bl\u012bv\u0113juma nomai\u0146a:<\/strong> Laika gait\u0101 bl\u012bves var nolietoties un t\u0101s var b\u016bt j\u0101nomaina. Regul\u0101ru p\u0101rbau\u017eu pl\u0101no\u0161ana un savlaic\u012bga nomai\u0146a var pagarin\u0101t cilindra kalpo\u0161anas laiku un uztur\u0113t optim\u0101lu veiktsp\u0113ju.<\/li>\n<\/ul>\n<h2>Uzst\u0101d\u012b\u0161anas vadl\u012bnijas<\/h2>\n<p>Uzst\u0101dot str\u0113les cilindru, nodro\u0161iniet pareizu izl\u012bdzin\u0101\u0161anu ar tehniku, lai nov\u0113rstu p\u0101rm\u0113r\u012bgu slodzi uz cilindru. Izmantojiet atbilsto\u0161us mont\u0101\u017eas kron\u0161teinus, lai stingri nostiprin\u0101tu cilindru. Iev\u0113rojiet ra\u017eot\u0101ja specifik\u0101cijas attiec\u012bb\u0101 uz griezes momenta iestat\u012bjumiem un hidrauliskajiem savienojumiem. Atbilsto\u0161i atgaisojiet hidraulisko sist\u0113mu, lai no\u0146emtu gaisa kabatas, nodro\u0161inot vienm\u0113r\u012bgu darb\u012bbu. Regul\u0101ri p\u0101rskatiet uzst\u0101d\u012b\u0161anas proced\u016bras, lai uztur\u0113tu optim\u0101lu veiktsp\u0113ju un dro\u0161\u012bbas standartus.<\/p>\n<h2>Bie\u017ei sastopamie apkopes uzdevumi<\/h2>\n<h3>Regul\u0101ra p\u0101rbaude<\/h3>\n<p>Regul\u0101ri veiciet p\u0101rbaudes, lai nodro\u0161in\u0101tu balona integrit\u0101ti un laikus atkl\u0101tu iesp\u0113jam\u0101s probl\u0113mas. Tas ir \u013coti svar\u012bgi dro\u0161as darb\u012bbas uztur\u0113\u0161anai un negaid\u012btu k\u013c\u016bmju nov\u0113r\u0161anai.<\/p>\n<h3>Pareiza e\u013c\u013co\u0161ana<\/h3>\n<p>Hidraulisk\u0101s sist\u0113mas pareiza e\u013c\u013co\u0161ana ir \u013coti svar\u012bga t\u0101s darb\u012bbai. Regul\u0101ras hidraulisk\u0101s e\u013c\u013cas p\u0101rbaudes un uzpild\u012b\u0161ana ir b\u016btiska, lai nov\u0113rstu iek\u0161\u0113jo komponentu nodilumu.<\/p>\n<h3>Bl\u012bvju nomai\u0146as un kalibr\u0113\u0161anas p\u0101rbaudes<\/h3>\n<p>Regul\u0101ra bl\u012bv\u0113jumu nomai\u0146a var nov\u0113rst nopl\u016bdes un uztur\u0113t hidraulisko spiedienu. Kalibr\u0113\u0161anas p\u0101rbaud\u0113m j\u0101nodro\u0161ina, ka cilindrs darbojas noteiktaj\u0101 diapazon\u0101, izvairoties no veiktsp\u0113jas probl\u0113m\u0101m.<\/p>\n<p><img decoding=\"async\" src=\"https:\/\/www.hydraulic-cylinders.net\/wp-content\/uploads\/2025\/04\/songte-chushion-collar.webp\" alt=\"Spilvenu apkakle\"><\/p>\n<h2>Dro\u0161\u012bbas apsv\u0113rumi un vides faktori<\/h2>\n<p>Izmantojot hidrauliskos cilindrus, ir \u013coti svar\u012bgi ieviest dro\u0161\u012bbas pas\u0101kumus. Operatoriem j\u0101b\u016bt apm\u0101c\u012btiem atpaz\u012bt b\u012bstam\u012bbu un iev\u0113rot dro\u0161as ekspluat\u0101cijas praksi. Pareiza apkope un regul\u0101ras p\u0101rbaudes var samazin\u0101t riskus. Turkl\u0101t j\u0101\u0146em v\u0113r\u0101 t\u0101di vides faktori k\u0101 ekstrem\u0101las temperat\u016bras, jo tie var ietekm\u0113t hidraulisk\u0101 \u0161\u0137idruma veiktsp\u0113ju un cilindru darb\u012bbu.<\/p>\n<h2>Probl\u0113mu nov\u0113r\u0161ana un bie\u017ei sastopamas probl\u0113mas<\/h2>\n<ul>\n<li><strong>Nopl\u016bde:<\/strong> Var liecin\u0101t par nolietot\u0101m bl\u012bv\u0113m vai cilindra boj\u0101jumiem. P\u0101rbaudiet un nomainiet bl\u012bves p\u0113c nepiecie\u0161am\u012bbas.<\/li>\n<li><strong>Jaudas zudums:<\/strong> P\u0101rbaudiet hidraulisk\u0101 \u0161\u0137idruma l\u012bmeni un spiedienu. P\u0101rliecinieties, vai hidrauliskaj\u0101s l\u012bnij\u0101s nav aizsprostojumu.<\/li>\n<li><strong>Neparastas ska\u0146as:<\/strong> Trok\u0161\u0146i var liecin\u0101t par iek\u0161\u0113j\u0101m probl\u0113m\u0101m. P\u0101rbaudiet cilindru, vai nav boj\u0101jumu vai nodiluma.<\/li>\n<\/ul>\n<p>Probl\u0113mu nov\u0113r\u0161anas padomu snieg\u0161ana pal\u012bdz lietot\u0101jiem efekt\u012bvi diagnostic\u0113t un risin\u0101t probl\u0113mas, samazinot d\u012bkst\u0101ves laiku. Prevent\u012bvie pas\u0101kumi, piem\u0113ram, regul\u0101ra apkope un ekspluat\u0101cijas vadl\u012bniju iev\u0113ro\u0161ana, var iev\u0113rojami samazin\u0101t potenci\u0101l\u0101s probl\u0113mas.<\/p>\n<p><img decoding=\"async\" src=\"https:\/\/www.hydraulic-cylinders.net\/wp-content\/uploads\/2025\/04\/songte-bushings-with-all-kinds-of-excavator-models.webp\" alt=\"Bukses ar ekskavatora mode\u013ciem\"><\/p>\n<h2>Uz\u0146\u0113muma p\u0101rskats<\/h2>\n<p>M\u0113s esam vado\u0161ais rezerves hidraulisko cilindru ra\u017eot\u0101js, kas pied\u0101v\u0101 pla\u0161u produktu kl\u0101stu. M\u016bsu uz\u0146\u0113mums ir k\u013cuvis par vienu no vado\u0161ajiem pieg\u0101d\u0101t\u0101jiem gan viet\u0113j\u0101, gan starptautiskaj\u0101 tirg\u016b. M\u016bsu ap\u0146em\u0161an\u0101s sasniegt izcil\u012bbu atspogu\u013cojas m\u016bsu pilnveidotajos ra\u017eo\u0161anas procesos, ko papildina kvalific\u0113ti tehni\u0137i un modernas digit\u0101l\u0101s ra\u017eo\u0161anas iek\u0101rtas. M\u0113s past\u0101v\u012bgi uzlabojam savu ra\u017eo\u0161anas platformu, lai uzlabotu produktu kvalit\u0101ti un apmierin\u0101tu da\u017e\u0101d\u0101s klientu vajadz\u012bbas.<\/p>\n<ul>\n<li><strong>Profesion\u0101l\u0101 pieredze:<\/strong> M\u016bsu komandai ir pla\u0161as zin\u0101\u0161anas un pieredze hidraulisko cilindru ra\u017eo\u0161an\u0101.<\/li>\n<li><strong>Starptautisk\u0101s sertifik\u0101cijas:<\/strong> Mums ir da\u017e\u0101di starptautiski sertifik\u0101ti, kas nodro\u0161ina, ka m\u016bsu produkti atbilst pasaules kvalit\u0101tes standartiem.<\/li>\n<li><strong>Piel\u0101goti pakalpojumi:<\/strong> M\u0113s pied\u0101v\u0101jam piel\u0101gotus risin\u0101jumus, lai apmierin\u0101tu \u012bpa\u0161as klientu pras\u012bbas.<\/li>\n<li><strong>Uzlabots ra\u017eo\u0161anas apr\u012bkojums:<\/strong> M\u016bsu modern\u0101k\u0101s iek\u0101rtas nodro\u0161ina prec\u012bzu un efekt\u012bvu ra\u017eo\u0161anu.<\/li>\n<li><strong>P\u0113cp\u0101rdo\u0161anas serviss:<\/strong> M\u0113s priorit\u0101ri izvirz\u0101m klientu apmierin\u0101t\u012bbu, nodro\u0161inot visaptvero\u0161u atbalstu un apkalpo\u0161anu.<\/li>\n<\/ul>\n<p><img decoding=\"async\" src=\"https:\/\/www.hydraulic-cylinders.net\/wp-content\/uploads\/2025\/04\/songte-company-4.webp\" alt=\"Uz\u0146\u0113muma p\u0101rskats\"><br \/>\n<img decoding=\"async\" src=\"https:\/\/www.hydraulic-cylinders.net\/wp-content\/uploads\/2025\/04\/songte-company-3.webp\" alt=\"Uz\u0146\u0113muma produkti\"><\/p>\n<p>Autors: lil<\/p>","protected":false},"excerpt":{"rendered":"<p>Boom Cylinder For Volwa Small Excavator DLS822-9B Product Overview The Boom Cylinder for Volwa Small Excavator DLS822-9B is an essential component in hydraulic systems, specifically designed to control the movement of the boom in excavators. This hydraulic cylinder enables the boom to lift, lower, and tilt, facilitating various material handling tasks. It plays a crucial [&hellip;]<\/p>","protected":false},"featured_media":17869,"comment_status":"open","ping_status":"closed","template":"","meta":{"_et_pb_use_builder":"","_et_pb_old_content":"","_et_gb_content_width":""},"product_brand":[],"product_cat":[1546],"product_tag":[1547,1496],"class_list":{"0":"post-19606","1":"product","2":"type-product","3":"status-publish","4":"has-post-thumbnail","6":"product_cat-boom-cylinders","7":"product_tag-boom-cylinders","8":"product_tag-hydraulic-cylinders","10":"first","11":"instock","12":"shipping-taxable","13":"product-type-simple"},"amp_enabled":true,"_links":{"self":[{"href":"https:\/\/www.hydraulic-cylinders.net\/lv\/wp-json\/wp\/v2\/product\/19606","targetHints":{"allow":["GET"]}}],"collection":[{"href":"https:\/\/www.hydraulic-cylinders.net\/lv\/wp-json\/wp\/v2\/product"}],"about":[{"href":"https:\/\/www.hydraulic-cylinders.net\/lv\/wp-json\/wp\/v2\/types\/product"}],"replies":[{"embeddable":true,"href":"https:\/\/www.hydraulic-cylinders.net\/lv\/wp-json\/wp\/v2\/comments?post=19606"}],"wp:featuredmedia":[{"embeddable":true,"href":"https:\/\/www.hydraulic-cylinders.net\/lv\/wp-json\/wp\/v2\/media\/17869"}],"wp:attachment":[{"href":"https:\/\/www.hydraulic-cylinders.net\/lv\/wp-json\/wp\/v2\/media?parent=19606"}],"wp:term":[{"taxonomy":"product_brand","embeddable":true,"href":"https:\/\/www.hydraulic-cylinders.net\/lv\/wp-json\/wp\/v2\/product_brand?post=19606"},{"taxonomy":"product_cat","embeddable":true,"href":"https:\/\/www.hydraulic-cylinders.net\/lv\/wp-json\/wp\/v2\/product_cat?post=19606"},{"taxonomy":"product_tag","embeddable":true,"href":"https:\/\/www.hydraulic-cylinders.net\/lv\/wp-json\/wp\/v2\/product_tag?post=19606"}],"curies":[{"name":"wp","href":"https:\/\/api.w.org\/{rel}","templated":true}]}}