{"id":19607,"date":"2025-04-07T06:57:08","date_gmt":"2025-04-07T06:57:08","guid":{"rendered":"https:\/\/www.hydraulic-cylinders.net\/product\/boom-cylinder-for-volwa-small-excavator-dls880-9b\/"},"modified":"2025-04-07T06:57:10","modified_gmt":"2025-04-07T06:57:10","slug":"boom-cylinder-for-volwa-small-excavator-dls880-9b","status":"publish","type":"product","link":"https:\/\/www.hydraulic-cylinders.net\/lv\/products\/boom-cylinder-for-volwa-small-excavator-dls880-9b\/","title":{"rendered":"Str\u0113les cilindrs Volwa mazajam ekskavatoram DLS880-9B"},"content":{"rendered":"<h1>Str\u0113les cilindrs Volwa mazajam ekskavatoram DLS880-9B<\/h1>\n<h2>Ievads str\u0113les cilindros<\/h2>\n<p>Volwa maz\u0101 ekskavatora DLS880-9B str\u0113les cilindrs ir b\u016btiska ekskavatoru hidraulisk\u0101s sist\u0113mas sast\u0101vda\u013ca. Tam ir iz\u0161\u0137iro\u0161a noz\u012bme kausa kust\u012bbas kontrol\u0113\u0161an\u0101, \u013caujot tam efekt\u012bvi pacelt, nolaist un noliekt. \u0160is hidrauliskais cilindrs ir \u012bpa\u0161i izstr\u0101d\u0101ts, lai apstr\u0101d\u0101tu lielas slodzes, vienlaikus nodro\u0161inot prec\u012bzu kust\u012bbu, kas nepiecie\u0161ama da\u017e\u0101diem materi\u0101lu apstr\u0101des uzdevumiem b\u016bvlaukumos un cit\u0101s lieljaudas lietojumprogramm\u0101s.<\/p>\n<p><img decoding=\"async\" src=\"https:\/\/www.hydraulic-cylinders.net\/wp-content\/uploads\/2025\/04\/songte-company-1.webp\" alt=\"Ekskavatoru str\u0113les cilindrs\"><\/p>\n<h3>Kausa cilindru izpratne<\/h3>\n<p>Kausa cilindri ir hidrauliskie cilindri, kurus galvenok\u0101rt izmanto, lai kontrol\u0113tu kausa kust\u012bbu smagaj\u0101s ma\u0161\u012bn\u0101s, piem\u0113ram, ekskavatoros, iekr\u0101v\u0113jos ar ekskavatoru un front\u0101lajos iekr\u0101v\u0113jos. Tie \u013cauj kausam veikt vair\u0101kas b\u016btiskas funkcijas, tostarp pacel\u0161anu, nolai\u0161anu un noliek\u0161anu, kas ir \u013coti svar\u012bgas efekt\u012bvai materi\u0101lu apstr\u0101dei. \u0160o cilindru darb\u012bba \u013cauj operatoriem efekt\u012bvi veikt t\u0101dus uzdevumus k\u0101 rak\u0161ana, iekrau\u0161ana un materi\u0101lu transport\u0113\u0161ana, t\u0101d\u0113j\u0101di palielinot produktivit\u0101ti darba viet\u0101s.<\/p>\n<h2>Str\u0113les cilindra \u012bpa\u0161\u012bbas<\/h2>\n<ul>\n<li><strong>Augsta iztur\u012bba un ilgm\u016b\u017e\u012bba:<\/strong> \u0160is cilindrs, kas izgatavots no augstas stipr\u012bbas t\u0113rauda vai alum\u012bnija, var iztur\u0113t augstu spiedienu un lielas slodzes, padarot to piem\u0113rotu skarbiem darba apst\u0101k\u013ciem. Tas ir izstr\u0101d\u0101ts, lai b\u016btu iztur\u012bgs pret nodilumu un koroziju, pagarinot t\u0101 kalpo\u0161anas laiku.<\/li>\n<li><strong>Efekt\u012bva hidraulisk\u0101 darb\u012bba:<\/strong> Izmantojot hidraulisk\u0101s e\u013c\u013cas spiedienu vienm\u0113r\u012bgai izvilk\u0161anai un ievilk\u0161anai, cilindrs \u0101tri rea\u0123\u0113 uz operatora komand\u0101m, nodro\u0161inot sp\u0113c\u012bgus stum\u0161anas un vilk\u0161anas sp\u0113kus, kas ir ide\u0101li piem\u0113roti smagu un sare\u017e\u0123\u012btu uzdevumu veik\u0161anai.<\/li>\n<li><strong>Da\u017e\u0101das iesp\u0113jas:<\/strong> Pieejams vienk\u0101r\u0161\u0101s darb\u012bbas (hidrauliska darb\u012bba vien\u0101 virzien\u0101) vai divk\u0101r\u0161\u0101s darb\u012bbas (hidrauliska darb\u012bba abos virzienos) konfigur\u0101cij\u0101s, tas apmierina da\u017e\u0101das ekspluat\u0101cijas vajadz\u012bbas, da\u017eiem mode\u013ciem ir teleskopiska konstrukcija, kas nodro\u0161ina liel\u0101ku pagarin\u0101jumu, nepalielinot \u0101r\u0113jos izm\u0113rus.<\/li>\n<li><strong>Sader\u012bba:<\/strong> M\u016bsu produkts var neman\u0101mi aizst\u0101t da\u017e\u0101dus hidrauliskos cilindrus, nodro\u0161inot uzticamu darb\u012bbu j\u016bsu ma\u0161\u012bn\u0101s.<\/li>\n<\/ul>\n<p><img decoding=\"async\" src=\"https:\/\/www.hydraulic-cylinders.net\/wp-content\/uploads\/2025\/04\/songte-cylinder-head-with-all-kinds-excavator-models.webp\" alt=\"Ekskavatoru mode\u013cu sader\u012bba\"><\/p>\n<h2>Str\u0113les cilindra pielietojumi<\/h2>\n<h3>Celtniec\u012bbas apr\u012bkojums<\/h3>\n<p>Ekskavatoros str\u0113les cilindri ir vit\u0101li svar\u012bgi augsnes vai gru\u017eu rak\u0161anai, iekrau\u0161anai un transport\u0113\u0161anai. Tie \u013cauj kausam efekt\u012bvi iek\u013c\u016bt zem\u0113, padarot tos par b\u016btiskiem rak\u0161anas darbiem. Ekskavatoros-iekr\u0101v\u0113jos \u0161ie cilindri pal\u012bdz gan rak\u0161anas, gan cel\u0161anas oper\u0101cij\u0101s, uzlabojot daudzpus\u012bbu.<\/p>\n<h3>Lauksaimniec\u012bbas tehnika<\/h3>\n<p>Front\u0101lie iekr\u0101v\u0113ji izmanto str\u0113les cilindrus, lai paceltu, paceltu un transport\u0113tu augsni, sienu un citus materi\u0101lus. To sp\u0113ja veikt vair\u0101kas darb\u012bbas padara tos neaizst\u0101jamus lauksaimniec\u012bbas vid\u0113, kur efektivit\u0101te ir \u013coti svar\u012bga.<\/p>\n<h3>Ekskavatori<\/h3>\n<p>Tradicion\u0101lajos ekskavatoros kausa cilindrs \u013cauj veikt rak\u0161anas darb\u012bbas, \u013caujot kausam izlauzties cauri augsnei. To konstrukcija nodro\u0161ina maksim\u0101lu rak\u0161anas efektivit\u0101ti, kas ir \u013coti svar\u012bgi zemes p\u0101rvieto\u0161anas projektos.<\/p>\n<h3>Iekr\u0101v\u0113ji<\/h3>\n<p>Front\u0101lajos iekr\u0101v\u0113jos \u0161ie cilindri pal\u012bdz efekt\u012bvi pacelt un izkraut kravas. To sp\u0113c\u012bg\u0101 hidraulisk\u0101 darb\u012bba ir b\u016btiska efekt\u012bvai materi\u0101lu apstr\u0101dei un produktivit\u0101tei objekt\u0101.<\/p>\n<h2>Dizaina apsv\u0113rumi un atlases krit\u0113riji<\/h2>\n<h3>Kravnes\u012bba<\/h3>\n<p>Izv\u0113loties str\u0113les cilindru, kravnes\u012bba ir \u0101rk\u0101rt\u012bgi svar\u012bga. Cilindram ir j\u0101iztur lielas slodzes, neapdraudot konstrukcijas integrit\u0101ti. Paredzam\u0101s slodzes apr\u0113\u0137in\u0101\u0161ana ekspluat\u0101cijas laik\u0101 nodro\u0161ina, ka izv\u0113l\u0113tais cilindrs var tikt gal\u0101 ar slodzi bez atteices.<\/p>\n<h3>Bl\u012bv\u0113\u0161ana<\/h3>\n<p>Efekt\u012bva bl\u012bv\u0113\u0161ana ir \u013coti svar\u012bga, lai nov\u0113rstu hidraulisk\u0101 \u0161\u0137idruma nopl\u016bdi, kas var izrais\u012bt sist\u0113mas neefektivit\u0101ti. Augstas kvalit\u0101tes bl\u012bv\u0113jumi nodro\u0161ina hidraulisk\u0101 \u0161\u0137idruma nopl\u016bdi, saglab\u0101jot optim\u0101lu spiedienu un veiktsp\u0113ju.<\/p>\n<h3>Iztur\u012bba<\/h3>\n<p>Iztur\u012bba ir kritisks faktors, jo str\u0113les cilindri bie\u017ei darbojas skarbos apst\u0101k\u013cos. Izv\u0113loties materi\u0101lus, kas paredz\u0113ti nodiluma, korozijas un triecienu iztur\u012bbai, var iev\u0113rojami pagarin\u0101t cilindra kalpo\u0161anas laiku.<\/p>\n<h3>Dro\u0161\u012bba<\/h3>\n<p>Dro\u0161\u012bbas funkcij\u0101m vienm\u0113r j\u0101pie\u0161\u0137ir priorit\u0101te. Tas ietver ieb\u016bv\u0113tus spiediena samazin\u0101\u0161anas v\u0101rstus, kas nov\u0113r\u0161 p\u0101rspiediena situ\u0101cijas, kas darb\u012bbas laik\u0101 var\u0113tu izrais\u012bt katastrof\u0101las k\u013c\u016bmes.<\/p>\n<h3>Uzturam\u012bba<\/h3>\n<p>Izv\u0113loties str\u0113les cilindrus, b\u016btiska loma ir apkopes vienk\u0101r\u0161\u012bbai. Komponenti, kas atvieglo piek\u013cuvi remontam un nomai\u0146ai, uzlabo produktivit\u0101ti un samazina d\u012bkst\u0101ves laiku.<\/p>\n<p><img decoding=\"async\" src=\"https:\/\/www.hydraulic-cylinders.net\/wp-content\/uploads\/2025\/04\/songte-oil-pipes-and-spare-parts.webp\" alt=\"Hidraulisk\u0101s deta\u013cas un apkope\"><\/p>\n<h2>Hidraulisk\u0101 cilindra bl\u012bv\u0113\u0161ana un e\u013c\u013co\u0161ana<\/h2>\n<p>Pareiza bl\u012bv\u0113\u0161ana un e\u013c\u013co\u0161ana ir b\u016btiska str\u0113les cilindru efekt\u012bvai darb\u012bbai. Lai nodro\u0161in\u0101tu hidraulisk\u0101 \u0161\u0137idruma notur\u0113\u0161anu, tiek izmantoti da\u017e\u0101di bl\u012bv\u0113\u0161anas elementi, piem\u0113ram, virzu\u013ca bl\u012bves un stie\u0146a bl\u012bves. \u0160\u012bs bl\u012bves bie\u017ei tiek izgatavotas no nodilumiztur\u012bgiem materi\u0101liem, piem\u0113ram, poliuret\u0101na un nitrila gumijas, kas uzlabo iztur\u012bbu. Turkl\u0101t cilindru korpusi un v\u012bt\u0146otie gali tiek pak\u013cauti r\u016bp\u012bgai apdares apstr\u0101dei, lai uzlabotu nodilumiztur\u012bbu. Regul\u0101ra e\u013c\u013co\u0161ana ar hidraulisko e\u013c\u013cu ir nepiecie\u0161ama, lai uztur\u0113tu vienm\u0113r\u012bgu darb\u012bbu un nov\u0113rstu kust\u012bgo da\u013cu nodilumu.<\/p>\n<h2>Regul\u0101ras p\u0101rbaudes un profilaktisk\u0101s apkopes pas\u0101kumi<\/h2>\n<ul>\n<li><strong>Regul\u0101ras p\u0101rbaudes:<\/strong> Iepl\u0101nojiet regul\u0101ras p\u0101rbaudes, lai noteiktu nodilumu un iesp\u0113jamos boj\u0101jumus, pirms tie saasin\u0101s. P\u0101rbaudiet bl\u012bves, \u0161\u013c\u016btenes un konstrukcijas integrit\u0101ti, lai nodro\u0161in\u0101tu optim\u0101lu darb\u012bbu.<\/li>\n<li><strong>Pareiza e\u013c\u013co\u0161ana:<\/strong> P\u0101rliecinieties, vai hidraulisk\u0101s e\u013c\u013cas l\u012bmenis ir atbilsto\u0161s, un nomainiet to p\u0113c nepiecie\u0161am\u012bbas, lai uztur\u0113tu efekt\u012bvu cilindra e\u013c\u013co\u0161anu un darb\u012bbu.<\/li>\n<li><strong>Bl\u012bv\u0113juma nomai\u0146a:<\/strong> Uzraugiet bl\u012bv\u0113jumu nodilumu un nekav\u0113joties nomainiet tos. Nodilu\u0161i bl\u012bv\u0113jumi var izrais\u012bt \u0161\u0137idruma nopl\u016bdi, ietekm\u0113jot hidraulisk\u0101s sist\u0113mas efektivit\u0101ti.<\/li>\n<\/ul>\n<h2>Pareizas uzst\u0101d\u012b\u0161anas vadl\u012bnijas<\/h2>\n<p>Pareiza str\u0113les cilindra uzst\u0101d\u012b\u0161ana ir \u013coti svar\u012bga optim\u0101lai veiktsp\u0113jai un ilgm\u016b\u017e\u012bbai. Vispirms p\u0101rliecinieties, ka visas sast\u0101vda\u013cas ir t\u012bras un bez gru\u017eiem. R\u016bp\u012bgi izl\u012bdziniet cilindru ar stiprin\u0101juma punktiem, izmantojot atbilsto\u0161us kron\u0161teinus, lai to nostiprin\u0101tu viet\u0101. Uzst\u0101d\u012b\u0161anas laik\u0101 izvairieties no p\u0101rm\u0113r\u012bga sp\u0113ka, jo tas var saboj\u0101t sast\u0101vda\u013cas. Turkl\u0101t regul\u0101ri p\u0101rbaudiet izl\u012bdzin\u0101\u0161anu un p\u0101rliecinieties, vai hidrauliskie savienojumi ir dro\u0161i un bez nopl\u016bd\u0113m. \u0160o vadl\u012bniju iev\u0113ro\u0161ana uzlabos cilindra darb\u012bbu un kalpo\u0161anas laiku.<\/p>\n<h2>Bie\u017ei sastopamie apkopes uzdevumi<\/h2>\n<ul>\n<li><strong>Regul\u0101ras p\u0101rbaudes:<\/strong> Veiciet regul\u0101ras p\u0101rbaudes, lai identific\u0113tu jebk\u0101das nodiluma paz\u012bmes vai potenci\u0101las probl\u0113mas. Agr\u012bna atkl\u0101\u0161ana var nov\u0113rst nopietnus boj\u0101jumus un pagarin\u0101t cilindra kalpo\u0161anas laiku.<\/li>\n<li><strong>Piem\u0113rota e\u013c\u013co\u0161ana:<\/strong> Nodro\u0161iniet, lai hidraulisk\u0101s e\u013c\u013cas l\u012bmenis tiktu uztur\u0113ts optim\u0101l\u0101 l\u012bmen\u012b, un nepiecie\u0161am\u012bbas gad\u012bjum\u0101 nomainiet to, lai sist\u0113ma darbotos nevainojami.<\/li>\n<li><strong>Bl\u012bv\u0113juma nomai\u0146a:<\/strong> Regul\u0101ri p\u0101rbaudiet bl\u012bves, vai t\u0101s nav nodilu\u0161as, un nomainiet t\u0101s, lai nov\u0113rstu hidraulisk\u0101 \u0161\u0137idruma nopl\u016bdi, kas var pasliktin\u0101t veiktsp\u0113ju.<\/li>\n<\/ul>\n<p>Pareiza uzst\u0101d\u012b\u0161ana, e\u013c\u013co\u0161ana un regul\u0113\u0161ana ir b\u016btiska, lai saglab\u0101tu str\u0113les cilindra funkcionalit\u0101ti un dro\u0161\u012bbu. Uzst\u0101d\u012b\u0161anas laik\u0101 pareizi izl\u012bdziniet cilindru, lai izvair\u012btos no nepareizas izl\u012bdzin\u0101\u0161anas, un stabilit\u0101tes nodro\u0161in\u0101\u0161anai izmantojiet mont\u0101\u017eas kron\u0161teinus. Regul\u0101ras p\u0101rbaudes, remonts un nomai\u0146a var nodro\u0161in\u0101t maksim\u0101lu veiktsp\u0113ju un pagarin\u0101t hidraulisko komponentu kalpo\u0161anas laiku.<\/p>\n<p><img decoding=\"async\" src=\"https:\/\/www.hydraulic-cylinders.net\/wp-content\/uploads\/2025\/04\/songte-chushion-collar.webp\" alt=\"Spilvenu apkakle cilindriem\"><\/p>\n<h2>Dro\u0161\u012bbas apsv\u0113rumi un vides faktori<\/h2>\n<p>Izmantojot str\u0113les cilindrus, dro\u0161\u012bbas pas\u0101kumi ir \u013coti svar\u012bgi. Operatoriem j\u0101b\u016bt apm\u0101c\u012btiem r\u012bkoties ar hidraulisko apr\u012bkojumu, iev\u0113rojot visus dro\u0161\u012bbas protokolus, lai nov\u0113rstu negad\u012bjumus. Turkl\u0101t j\u0101\u0146em v\u0113r\u0101 vides faktori, piem\u0113ram, potenci\u0101las nopl\u016bdes, kas var kait\u0113t apk\u0101rt\u0113jai videi. Izl\u012b\u0161anas ierobe\u017eo\u0161anas pas\u0101kumu ievie\u0161ana un regul\u0101ra apkope var pal\u012bdz\u0113t mazin\u0101t \u0161os riskus, nodro\u0161inot dro\u0161u ekspluat\u0101ciju.<\/p>\n<h2>Bie\u017ei sastopamo probl\u0113mu nov\u0113r\u0161ana<\/h2>\n<ul>\n<li><strong>Nopl\u016bde:<\/strong> Nosakiet hidraulisk\u0101 \u0161\u0137idruma nopl\u016bdes avotu. P\u0101rbaudiet bl\u012bves un savienojumus un nekav\u0113joties nomainiet visas boj\u0101t\u0101s deta\u013cas.<\/li>\n<li><strong>Slikta veiktsp\u0113ja:<\/strong> Ja cilindrs nerea\u0123\u0113, k\u0101 paredz\u0113ts, p\u0101rbaudiet hidraulisk\u0101 \u0161\u0137idruma l\u012bmeni un p\u0101rbaudiet, vai sist\u0113m\u0101 nav aizsprostojumu.<\/li>\n<li><strong>Neparastas ska\u0146as:<\/strong> Darb\u012bbas laik\u0101 ieklausieties, vai nav dzirdamas jebk\u0101das neparastas ska\u0146as, kas var liecin\u0101t par meh\u0101nisk\u0101m probl\u0113m\u0101m. Nekav\u0113joties izp\u0113tiet un nov\u0113rsiet visas probl\u0113mas.<\/li>\n<\/ul>\n<p>Lai efekt\u012bvi nov\u0113rstu \u0161\u012bs probl\u0113mas, operatoriem ir j\u0101p\u0101rzina sist\u0113ma. Regul\u0101ra apm\u0101c\u012bba un atjaunin\u0101jumi par apkopes praksi var pal\u012bdz\u0113t nov\u0113rst potenci\u0101las probl\u0113mas, nodro\u0161inot netrauc\u0113tu darb\u012bbu.<\/p>\n<p><img decoding=\"async\" src=\"https:\/\/www.hydraulic-cylinders.net\/wp-content\/uploads\/2025\/04\/songte-bushings-with-all-kinds-of-excavator-models.webp\" alt=\"Ekskavatoru bukses\"><\/p>\n<h2>Par m\u016bsu uz\u0146\u0113mumu<\/h2>\n<p>M\u0113s esam vado\u0161ais rezerves hidraulisko cilindru ra\u017eot\u0101js, kas pied\u0101v\u0101 pla\u0161u produktu kl\u0101stu, kas ir svar\u012bgi gan viet\u0113j\u0101, gan starptautiskaj\u0101 tirg\u016b. M\u016bsu ap\u0146em\u0161an\u0101s nodro\u0161in\u0101t kvalit\u0101ti atspogu\u013cojas m\u016bsu prec\u012bzajos ra\u017eo\u0161anas procesos un progres\u012bvu tehnolo\u0123iju izmanto\u0161an\u0101. Koncentr\u0113joties uz klientu apmierin\u0101t\u012bbu, m\u0113s pied\u0101v\u0101jam piel\u0101gotus risin\u0101jumus, kas piel\u0101goti da\u017e\u0101d\u0101m klientu vajadz\u012bb\u0101m. M\u016bsu modern\u0101kais ra\u017eo\u0161anas apr\u012bkojums un stingr\u0101s kvalit\u0101tes kontroles sist\u0113mas nodro\u0161ina, ka katrs produkts atbilst nozares standartiem, nodro\u0161inot augstu efektivit\u0101ti, precizit\u0101ti un uzticam\u012bbu.<\/p>\n<p><img decoding=\"async\" src=\"https:\/\/www.hydraulic-cylinders.net\/wp-content\/uploads\/2025\/04\/songte-company-4.webp\" alt=\"Uz\u0146\u0113muma p\u0101rskats\"><br \/>\n<img decoding=\"async\" src=\"https:\/\/www.hydraulic-cylinders.net\/wp-content\/uploads\/2025\/04\/songte-company-3.webp\" alt=\"Ra\u017eo\u0161anas iek\u0101rta\"><\/p>\n<h2>Secin\u0101jums<\/h2>\n<p>M\u016bsu uz\u0146\u0113mums izce\u013cas k\u0101 uzticams avots augstas kvalit\u0101tes, uzticamu str\u0113les cilindru jom\u0101. M\u016bsu pieredze hidraulisko risin\u0101jumu jom\u0101 nodro\u0161ina, ka j\u016bs sa\u0146emat produktus, kas ne tikai atbilst, bet ar\u012b p\u0101rsniedz j\u016bsu cer\u012bbas. Sazinieties ar mums jau \u0161odien, lai uzzin\u0101tu vair\u0101k par m\u016bsu pied\u0101v\u0101jumiem un to, k\u0101 m\u0113s varam jums pal\u012bdz\u0113t j\u016bsu hidrauliskaj\u0101s vajadz\u012bb\u0101s.<\/p>\n<p>Autors: lil<\/p>","protected":false},"excerpt":{"rendered":"<p>Boom Cylinder For Volwa Small Excavator DLS880-9B Introduction to Boom Cylinders The Boom Cylinder for Volwa Small Excavator DLS880-9B is an essential component in the hydraulic system of excavators. It plays a critical role in controlling the movement of the bucket, allowing it to lift, lower, and tilt effectively. This hydraulic cylinder is specifically designed [&hellip;]<\/p>","protected":false},"featured_media":17870,"comment_status":"open","ping_status":"closed","template":"","meta":{"_et_pb_use_builder":"","_et_pb_old_content":"","_et_gb_content_width":""},"product_brand":[],"product_cat":[1546],"product_tag":[1547,1496],"class_list":{"0":"post-19607","1":"product","2":"type-product","3":"status-publish","4":"has-post-thumbnail","6":"product_cat-boom-cylinders","7":"product_tag-boom-cylinders","8":"product_tag-hydraulic-cylinders","10":"first","11":"instock","12":"shipping-taxable","13":"product-type-simple"},"amp_enabled":true,"_links":{"self":[{"href":"https:\/\/www.hydraulic-cylinders.net\/lv\/wp-json\/wp\/v2\/product\/19607","targetHints":{"allow":["GET"]}}],"collection":[{"href":"https:\/\/www.hydraulic-cylinders.net\/lv\/wp-json\/wp\/v2\/product"}],"about":[{"href":"https:\/\/www.hydraulic-cylinders.net\/lv\/wp-json\/wp\/v2\/types\/product"}],"replies":[{"embeddable":true,"href":"https:\/\/www.hydraulic-cylinders.net\/lv\/wp-json\/wp\/v2\/comments?post=19607"}],"wp:featuredmedia":[{"embeddable":true,"href":"https:\/\/www.hydraulic-cylinders.net\/lv\/wp-json\/wp\/v2\/media\/17870"}],"wp:attachment":[{"href":"https:\/\/www.hydraulic-cylinders.net\/lv\/wp-json\/wp\/v2\/media?parent=19607"}],"wp:term":[{"taxonomy":"product_brand","embeddable":true,"href":"https:\/\/www.hydraulic-cylinders.net\/lv\/wp-json\/wp\/v2\/product_brand?post=19607"},{"taxonomy":"product_cat","embeddable":true,"href":"https:\/\/www.hydraulic-cylinders.net\/lv\/wp-json\/wp\/v2\/product_cat?post=19607"},{"taxonomy":"product_tag","embeddable":true,"href":"https:\/\/www.hydraulic-cylinders.net\/lv\/wp-json\/wp\/v2\/product_tag?post=19607"}],"curies":[{"name":"wp","href":"https:\/\/api.w.org\/{rel}","templated":true}]}}