{"id":19608,"date":"2025-04-07T06:57:10","date_gmt":"2025-04-07T06:57:10","guid":{"rendered":"https:\/\/www.hydraulic-cylinders.net\/product\/boom-cylinder-for-volwa-middle-excavator-dls200-8b\/"},"modified":"2025-04-07T06:57:13","modified_gmt":"2025-04-07T06:57:13","slug":"boom-cylinder-for-volwa-middle-excavator-dls200-8b","status":"publish","type":"product","link":"https:\/\/www.hydraulic-cylinders.net\/lv\/products\/boom-cylinder-for-volwa-middle-excavator-dls200-8b\/","title":{"rendered":"Volwa vid\u0113j\u0101 ekskavatora DLS200-8B str\u0113les cilindrs"},"content":{"rendered":"<h1>Volwa vid\u0113j\u0101 ekskavatora DLS200-8B str\u0113les cilindrs<\/h1>\n<h2>Kausa cilindra defin\u012bcija<\/h2>\n<p>Str\u0113les cilindrs, kas paz\u012bstams ar\u012b k\u0101 kausa cilindrs, ir b\u016btiska hidraulisko sist\u0113mu sast\u0101vda\u013ca, kas \u012bpa\u0161i paredz\u0113ta da\u017e\u0101du smago ma\u0161\u012bnu kausu, piem\u0113ram, ekskavatoru, iekr\u0101v\u0113ju un front\u0101lo iekr\u0101v\u0113ju, kust\u012bbas vad\u012bbai. \u0160is hidrauliskais cilindrs \u013cauj kausam pacelt, nolaist un noliekt, atvieglojot efekt\u012bvus materi\u0101lu apstr\u0101des uzdevumus. Kausa cilindram ir b\u016btiska loma \u0161o ma\u0161\u012bnu darb\u012bbas efektivit\u0101tes uzlabo\u0161an\u0101, \u013caujot t\u0101m veikt sare\u017e\u0123\u012btas rak\u0161anas, cel\u0161anas un transport\u0113\u0161anas funkcijas.<\/p>\n<p>Parasti kausa cilindrs ir izgatavots no augstas iztur\u012bbas materi\u0101liem, lai iztur\u0113tu lielas slodzes lietojumprogrammu sare\u017e\u0123\u012btos apst\u0101k\u013cus. T\u0101 konstrukcija ir v\u0113rsta uz iztur\u012bbu, nodro\u0161inot, ka tas var iztur\u0113t augstu spiedienu un slodzes, kas rodas ekspluat\u0101cijas laik\u0101. Pateicoties t\u0101 b\u016btiskajai funkcijai, kausa cilindrs ir konstru\u0113ts t\u0101, lai nodro\u0161in\u0101tu vienm\u0113r\u012bgas un kontrol\u0113tas kust\u012bbas, \u013caujot prec\u012bzi apstr\u0101d\u0101t materi\u0101lus b\u016bvlaukumos un cit\u0101s r\u016bpniecisk\u0101s vid\u0113s.<\/p>\n<p><img decoding=\"async\" src=\"https:\/\/www.hydraulic-cylinders.net\/wp-content\/uploads\/2025\/04\/songte-company-1.webp\" alt=\"Str\u0113les cilindra att\u0113ls\"><\/p>\n<h2>Str\u0113les cilindra \u012bpa\u0161\u012bbas<\/h2>\n<ul>\n<li>\n<h3>Augsta iztur\u012bba un ilgm\u016b\u017e\u012bba<\/h3>\n<p>Parasti no augstas stipr\u012bbas t\u0113rauda vai alum\u012bnija izgatavotais str\u0113les cilindrs ir paredz\u0113ts augsta spiediena un lielu kravu iztur\u0113\u0161anai. T\u0101 konstrukcija ir veidota, \u0146emot v\u0113r\u0101 nodilumiztur\u012bbu un korozijas iztur\u012bbu, kas pagarina t\u0101 kalpo\u0161anas laiku pat skarbos darba apst\u0101k\u013cos.<\/p>\n<\/li>\n<li>\n<h3>Efekt\u012bva hidraulisk\u0101 darb\u012bba<\/h3>\n<p>Izmantojot hidraulisk\u0101s e\u013c\u013cas spiedienu, str\u0113les cilindrs pan\u0101k vienm\u0113r\u012bgu izstiep\u0161anu un ievilk\u0161anu. Tas \u013cauj \u0101tri rea\u0123\u0113t uz vad\u012bbas komand\u0101m, vienlaikus nodro\u0161inot iev\u0113rojamu stum\u0161anas un vilk\u0161anas sp\u0113ku, padarot to piem\u0113rotu smagu priek\u0161metu apstr\u0101dei un sare\u017e\u0123\u012btu uzdevumu veik\u0161anai.<\/p>\n<\/li>\n<li>\n<h3>Da\u017e\u0101di veidi<\/h3>\n<p>Str\u0113les cilindru var izv\u0113l\u0113ties k\u0101 vienk\u0101r\u0161\u0101s darb\u012bbas (izmantojot hidraulisko spiedienu vien\u0101 virzien\u0101) vai divk\u0101r\u0161\u0101s darb\u012bbas (izmantojot hidraulisko spiedienu abos virzienos), lai apmierin\u0101tu da\u017e\u0101das ekspluat\u0101cijas vajadz\u012bbas. Da\u017ei mode\u013ci ir teleskopiski, kas \u013cauj veikt liel\u0101ku pagarin\u0101jumu, nepalielinot \u0101r\u0113jos izm\u0113rus, padarot tos ide\u0101li piem\u0113rotus darbam ar ierobe\u017eotu vietu.<\/p>\n<\/li>\n<\/ul>\n<p>M\u016bsu uz\u0146\u0113mums sp\u0113j ra\u017eot \u0161o produktu, un m\u016bsu produkti var lieliski aizst\u0101t \u0161os hidrauliskos cilindrus.<\/p>\n<p><img decoding=\"async\" src=\"https:\/\/www.hydraulic-cylinders.net\/wp-content\/uploads\/2025\/04\/songte-cylinder-head-with-all-kinds-excavator-models.webp\" alt=\"Ekskavatoru mode\u013ci\"><\/p>\n<h2>Hidraulisk\u0101 cilindra pielietojums<\/h2>\n<ul>\n<li>\n<h3>Celtniec\u012bbas apr\u012bkojums<\/h3>\n<p>Ekskavatoros str\u0113les cilindri ir svar\u012bgi augsnes vai gru\u017eu rak\u0161anai, iekrau\u0161anai un p\u0101rvieto\u0161anai. Tie \u013cauj kausam efekt\u012bvi iek\u013c\u016bt zem\u0113, nodro\u0161inot efekt\u012bvu rak\u0161anu un materi\u0101lu apstr\u0101di. Ekskavatoros-iekr\u0101v\u0113jos \u0161ie cilindri atvieglo gan rak\u0161anu, gan cel\u0161anu, padarot tos par daudzpus\u012bg\u0101m ma\u0161\u012bn\u0101m da\u017e\u0101diem b\u016bvniec\u012bbas uzdevumiem.<\/p>\n<\/li>\n<li>\n<h3>Lauksaimniec\u012bbas tehnika<\/h3>\n<p>Front\u0101lajos iekr\u0101v\u0113jos str\u0113les cilindri ir \u013coti svar\u012bgi augsnes, siena un citu materi\u0101lu skr\u0101p\u0113\u0161anai, cel\u0161anai un transport\u0113\u0161anai. \u0160ie hidrauliskie cilindri \u013cauj lauksaimniec\u012bbas tehnikai darboties efekt\u012bvi, veicinot liel\u0101ku produktivit\u0101ti lauksaimniec\u012bbas darbos.<\/p>\n<\/li>\n<li>\n<h3>Ekskavatori<\/h3>\n<p>Ekskavatoru str\u0113les cilindrs nodro\u0161ina nepiecie\u0161amo sp\u0113ku, lai kauss iek\u013c\u016btu augsn\u0113, pan\u0101kot efekt\u012bvas rak\u0161anas darb\u012bbas. \u0160\u012b sp\u0113ja ir vit\u0101li svar\u012bga b\u016bvniec\u012bbas un zemes p\u0101rvieto\u0161anas nozar\u0113s, kur precizit\u0101te un jauda ir b\u016btiska darb\u012bbai.<\/p>\n<\/li>\n<li>\n<h3>Iekr\u0101v\u0113ji<\/h3>\n<p>Front\u0101lajos iekr\u0101v\u0113jos str\u0113les cilindri pal\u012bdz efekt\u012bvi pacelt un izg\u0101zt kravas. Tie \u013cauj operatoriem viegli r\u012bkoties ar materi\u0101liem, t\u0101d\u0113j\u0101di veicinot tehnikas kop\u0113jo produktivit\u0101ti da\u017e\u0101dos ekspluat\u0101cijas apst\u0101k\u013cos.<\/p>\n<\/li>\n<\/ul>\n<h2>Dizaina apsv\u0113rumi un atlases krit\u0113riji<\/h2>\n<ul>\n<li>\n<h3>Kravnes\u012bba<\/h3>\n<p>Hidraulisk\u0101 cilindra kravnes\u012bba ir kritisks faktors t\u0101 konstrukcij\u0101. Tam j\u0101b\u016bt konstru\u0113tam t\u0101, lai tas iztur\u0113tu maksim\u0101l\u0101s slodzes, kas paredzamas ekspluat\u0101cijas laik\u0101, bez atteices riska. Tas ietver r\u016bp\u012bgu apr\u0113\u0137inu un materi\u0101lu izv\u0113li, lai nodro\u0161in\u0101tu dro\u0161\u012bbu un uzticam\u012bbu.<\/p>\n<\/li>\n<li>\n<h3>Bl\u012bv\u0113\u0161ana<\/h3>\n<p>Efekt\u012bva bl\u012bv\u0113\u0161ana ir b\u016btiska, lai nov\u0113rstu hidraulisk\u0101 \u0161\u0137idruma nopl\u016bdes un uztur\u0113tu spiedienu sist\u0113m\u0101. Lai uzlabotu cilindra ilgm\u016b\u017e\u012bbu un veiktsp\u0113ju, tiek izmantoti augstas kvalit\u0101tes bl\u012bv\u0113jumi, kas izgatavoti no iztur\u012bgiem materi\u0101liem, piem\u0113ram, poliuret\u0101na vai nitrila gumijas.<\/p>\n<\/li>\n<li>\n<h3>Iztur\u012bba<\/h3>\n<p>Str\u0113les cilindra iztur\u012bba ir \u0101rk\u0101rt\u012bgi svar\u012bga, jo tas tiek past\u0101v\u012bgi pak\u013cauts nodilumam. Ra\u017eot\u0101ji bie\u017ei izmanto virsmas apstr\u0101di un p\u0101rkl\u0101jumus, lai uzlabotu iztur\u012bbu pret nodilumu un koroziju, nodro\u0161inot ilgsto\u0161u funkcionalit\u0101ti pat sare\u017e\u0123\u012btos apst\u0101k\u013cos.<\/p>\n<\/li>\n<li>\n<h3>Dro\u0161\u012bba<\/h3>\n<p>Dro\u0161\u012bba ir galven\u0101 priorit\u0101te hidraulisko cilindru projekt\u0113\u0161an\u0101. T\u0101 ietver t\u0101du funkciju ievie\u0161anu, kas nov\u0113r\u0161 p\u0101rstiep\u0161anos, ierobe\u017eo spiediena l\u012bmeni un ietver av\u0101rijas atbr\u012bvo\u0161anas meh\u0101nismus, lai aizsarg\u0101tu operatorus un iek\u0101rtas.<\/p>\n<\/li>\n<li>\n<h3>Apkope<\/h3>\n<p>Ir svar\u012bgi projekt\u0113t hidrauliskos cilindrus, \u0146emot v\u0113r\u0101 to apkopi. Tas ietver \u0113rtu piek\u013cuvi bl\u012bv\u0113m, e\u013c\u013co\u0161anas punktiem un cit\u0101m sast\u0101vda\u013c\u0101m, kur\u0101m nepiecie\u0161amas regul\u0101ras p\u0101rbaudes un apkope, lai nodro\u0161in\u0101tu optim\u0101lu veiktsp\u0113ju un ilgm\u016b\u017e\u012bbu.<\/p>\n<\/li>\n<\/ul>\n<p><img decoding=\"async\" src=\"https:\/\/www.hydraulic-cylinders.net\/wp-content\/uploads\/2025\/04\/songte-oil-pipes-and-spare-parts.webp\" alt=\"Hidraulisk\u0101s da\u013cas\"><\/p>\n<h2>Produkta bl\u012bv\u0113\u0161ana un e\u013c\u013co\u0161ana<\/h2>\n<p>Lai nodro\u0161in\u0101tu str\u0113les cilindru efekt\u012bvu darb\u012bbu, tiek izmantoti da\u017e\u0101di bl\u012bv\u0113\u0161anas komponenti, tostarp virzu\u013ca bl\u012bvsl\u0113gi \u200b\u200bun stie\u0146u bl\u012bvsl\u0113gi. Bl\u012bv\u0113jumi parasti tiek izgatavoti no nodilumiztur\u012bgiem materi\u0101liem, piem\u0113ram, poliuret\u0101na vai nitrila gumijas, kas uzlabo to iztur\u012bbu un efektivit\u0101ti. Cilindra korpuss un v\u012bt\u0146ot\u0101s gala virsmas tiek prec\u012bzi apstr\u0101d\u0101tas, lai palielin\u0101tu nodilumiztur\u012bbu un funkcionalit\u0101ti.<\/p>\n<p>Regular lubrication with hydraulic oil is essential for smooth operation. Adequate lubrication reduces friction between moving parts, minimizing wear and prolonging the cylinder&#8217;s lifespan. Operators should adhere to maintenance schedules to keep the hydraulic system functioning optimally.<\/p>\n<h2>Regul\u0101ras p\u0101rbaudes un profilaktisk\u0101s apkopes pas\u0101kumi<\/h2>\n<ul>\n<li>\n<h3>Regul\u0101ras p\u0101rbaudes<\/h3>\n<p>Regul\u0101ru p\u0101rbau\u017eu veik\u0161ana ir \u013coti svar\u012bga, lai identific\u0113tu iesp\u0113jam\u0101s probl\u0113mas, pirms t\u0101s saasin\u0101s. Operatoriem j\u0101p\u0101rbauda nopl\u016bdes, bl\u012bv\u0113jumu nodilums un visp\u0101r\u0113jais balona st\u0101voklis, lai uztur\u0113tu darb\u012bbas efektivit\u0101ti.<\/p>\n<\/li>\n<li>\n<h3>Piem\u0113rota e\u013c\u013co\u0161ana<\/h3>\n<p>Ir \u013coti svar\u012bgi nodro\u0161in\u0101t, lai hidrauliskais cilindrs b\u016btu pien\u0101c\u012bgi iee\u013c\u013cots. Operatoriem regul\u0101ri j\u0101p\u0101rbauda un j\u0101uzpilda hidraulisk\u0101s e\u013c\u013cas l\u012bmenis, iev\u0113rojot ra\u017eot\u0101ja ieteikumus par apkopes interv\u0101liem.<\/p>\n<\/li>\n<li>\n<h3>Bl\u012bv\u0113juma nomai\u0146a<\/h3>\n<p>Laika gait\u0101 bl\u012bves var nolietoties nodiluma un hidraulisk\u0101 \u0161\u0137idruma iedarb\u012bbas d\u0113\u013c. Operatoriem ir j\u0101uzrauga bl\u012bvju st\u0101voklis un j\u0101nomaina t\u0101s p\u0113c nepiecie\u0161am\u012bbas, lai nov\u0113rstu nopl\u016bdes un nodro\u0161in\u0101tu efekt\u012bvu darb\u012bbu.<\/p>\n<\/li>\n<\/ul>\n<h2>Uzst\u0101d\u012b\u0161anas vadl\u012bnijas<\/h2>\n<p>Pareiza uzst\u0101d\u012b\u0161ana ir b\u016btiska str\u0113les cilindra darb\u012bbai. Vispirms p\u0101rliecinieties, vai mont\u0101\u017eas kron\u0161teini ir pareizi izl\u012bdzin\u0101ti, lai izvair\u012btos no p\u0101rm\u0113r\u012bgas slodzes uz cilindru. Izmantojiet atbilsto\u0161us uzst\u0101d\u012b\u0161anas instrumentus, lai nostiprin\u0101tu cilindru viet\u0101, un p\u0101rliecinieties, vai visi hidrauliskie savienojumi ir cie\u0161i, lai nov\u0113rstu nopl\u016bdes.<\/p>\n<p>Ir \u013coti svar\u012bgi iev\u0113rot ra\u017eot\u0101ja specifik\u0101cijas attiec\u012bb\u0101 uz griezes momenta iestat\u012bjumiem un izl\u012bdzin\u0101\u0161anas proced\u016br\u0101m. Piem\u0113rotu mont\u0101\u017eas kron\u0161teinu un stiprin\u0101jumu izmanto\u0161ana var uzlabot stabilit\u0101ti un dro\u0161\u012bbu ekspluat\u0101cijas laik\u0101. P\u0113c uzst\u0101d\u012b\u0161anas pirms ekspluat\u0101cijas uzs\u0101k\u0161anas veiciet r\u016bp\u012bgu p\u0101rbaudi, lai p\u0101rliecin\u0101tos, ka hidraulisk\u0101 \u0161\u0137idruma l\u012bmenis ir atbilsto\u0161s un ka sist\u0113m\u0101 nav nopl\u016b\u017eu.<\/p>\n<h2>Bie\u017ei sastopamie apkopes uzdevumi<\/h2>\n<ul>\n<li>\n<h3>Regul\u0101ras p\u0101rbaudes<\/h3>\n<p>Regul\u0101ra str\u0113les cilindra p\u0101rbaude ir b\u016btiska, lai laikus atkl\u0101tu iesp\u0113jam\u0101s probl\u0113mas. P\u0101rbaudiet, vai nav nodiluma paz\u012bmju, nopl\u016b\u017eu un vai ir pareizs izl\u012bdzin\u0101jums. Probl\u0113mu agr\u012bna atkl\u0101\u0161ana var nov\u0113rst nopietn\u0101kus boj\u0101jumus un d\u0101rgus remontdarbus.<\/p>\n<\/li>\n<li>\n<h3>Piem\u0113rota e\u013c\u013co\u0161ana<\/h3>\n<p>Lubrication should be performed per the maintenance schedule. Ensure that all lubrication points are accessible and that the correct hydraulic oil is used. This helps in reducing friction and wear, thereby extending the cylinder&#8217;s life.<\/p>\n<\/li>\n<li>\n<h3>Bl\u012bvju nomai\u0146as un kalibr\u0113\u0161anas p\u0101rbaudes<\/h3>\n<p>Bl\u012bves regul\u0101ri j\u0101nomaina, lai nov\u0113rstu nopl\u016bdes. Kalibr\u0113\u0161anas p\u0101rbaudes ir svar\u012bgas ar\u012b, lai nodro\u0161in\u0101tu cilindra pareizu darb\u012bbu. Regul\u0101ras apkopes proced\u016bras j\u0101dokument\u0113 atsaucei un nep\u0101rtrauktai uzlabo\u0161anai.<\/p>\n<\/li>\n<\/ul>\n<p><img decoding=\"async\" src=\"https:\/\/www.hydraulic-cylinders.net\/wp-content\/uploads\/2025\/04\/songte-chushion-collar.webp\" alt=\"Cilindra uzst\u0101d\u012b\u0161ana\"><\/p>\n<h2>Dro\u0161\u012bbas apsv\u0113rumi un vides faktori<\/h2>\n<p>Izmantojot hidrauliskos cilindrus, ir \u013coti svar\u012bgi ieviest dro\u0161\u012bbas pas\u0101kumus. Operatoriem j\u0101b\u016bt apm\u0101c\u012btiem, lai izprastu iesp\u0113jamos apdraud\u0113jumus, kas saist\u012bti ar hidrauliskaj\u0101m sist\u0113m\u0101m, tostarp augstspiediena \u0161\u0137idruma nopl\u016bdes un iek\u0101rtu boj\u0101jumu riskus. Atbilsto\u0161u individu\u0101lo aizsardz\u012bbas l\u012bdzek\u013cu (IAL) lieto\u0161ana var samazin\u0101t traumu risku darb\u012bbas laik\u0101.<\/p>\n<p>Furthermore, it&#8217;s essential to consider environmental factors such as spill containment and proper disposal of hydraulic fluids. Adhering to safety standards and regulations ensures that hydraulic systems operate effectively while safeguarding both personnel and the environment.<\/p>\n<h2>K\u013c\u016bmju diagnostika un bie\u017e\u0101k sastopam\u0101s probl\u0113mas<\/h2>\n<ul>\n<li>\n<h3>Nopl\u016bde<\/h3>\n<p>Hidraulisk\u0101 \u0161\u0137idruma nopl\u016bdes var rasties nolietotu bl\u012bv\u0113jumu vai boj\u0101tu deta\u013cu d\u0113\u013c. Ir \u013coti svar\u012bgi noteikt nopl\u016bdes avotu, un boj\u0101t\u0101s deta\u013cas nekav\u0113joties j\u0101nomaina, lai nov\u0113rstu darb\u012bbas probl\u0113mas.<\/p>\n<\/li>\n<li>\n<h3>Veiktsp\u0113jas probl\u0113mas<\/h3>\n<p>Samazin\u0101ta veiktsp\u0113ja var nor\u0101d\u012bt uz probl\u0113m\u0101m hidrauliskaj\u0101 sist\u0113m\u0101, piem\u0113ram, zemu \u0161\u0137idruma l\u012bmeni vai gaisu, kas iespr\u016bdis l\u012bnij\u0101s. Probl\u0113mu nov\u0113r\u0161anai j\u0101ietver \u0161\u0137idruma l\u012bme\u0146a p\u0101rbaude un gaisa izvad\u012b\u0161ana no sist\u0113mas, lai atjaunotu funkcionalit\u0101ti.<\/p>\n<\/li>\n<li>\n<h3>P\u0101rkar\u0161ana<\/h3>\n<p>If the hydraulic system is overheating, it may be due to inadequate lubrication or excessive load. Monitoring the system&#8217;s temperature and ensuring appropriate lubrication can help prevent overheating issues.<\/p>\n<\/li>\n<\/ul>\n<h2>Probl\u0113mu nov\u0113r\u0161anas padomi un prevent\u012bvie pas\u0101kumi<\/h2>\n<p>Lai efekt\u012bvi diagnostic\u0113tu un nov\u0113rstu probl\u0113mas ar str\u0113les cilindru, operatoriem j\u0101iev\u0113ro sistem\u0101tiska pieeja. S\u0101ciet ar nopl\u016b\u017eu p\u0101rbaudi un p\u0101rliecinieties, vai visi bl\u012bv\u0113jumi ir neskarti. Ja rodas probl\u0113mas ar veiktsp\u0113ju, p\u0101rbaudiet, vai hidraulisk\u0101 \u0161\u0137idruma l\u012bmenis ir pietiekams, un p\u0101rbaudiet, vai l\u012bnij\u0101s nav gaisa.<\/p>\n<p>Prevent\u012bvu pas\u0101kumu, piem\u0113ram, regul\u0101ras apkopes un p\u0101rbau\u017eu, ievie\u0161ana var iev\u0113rojami samazin\u0101t probl\u0113mu ra\u0161an\u0101s iesp\u0113jam\u012bbu. Operatoriem j\u0101uztur detaliz\u0113ts apkopes darb\u012bbu \u017eurn\u0101ls, kas pal\u012bdz noteikt likumsakar\u012bbas un uzlabot turpm\u0101ko apkopes praksi.<\/p>\n<p><img decoding=\"async\" src=\"https:\/\/www.hydraulic-cylinders.net\/wp-content\/uploads\/2025\/04\/songte-bushings-with-all-kinds-of-excavator-models.webp\" alt=\"Ekskavatora bukses\"><\/p>\n<h2>Uz\u0146\u0113muma p\u0101rskats<\/h2>\n<p>M\u0113s esam rezerves hidraulisko cilindru ra\u017eot\u0101js, kas ir atz\u012bts par vado\u0161o ra\u017eot\u0101ju un vairumtirgot\u0101ju gan viet\u0113j\u0101, gan starptautiskaj\u0101 tirg\u016b. M\u016bsu ap\u0146em\u0161an\u0101s sasniegt izcil\u012bbu atspogu\u013cojas m\u016bsu daudzveid\u012bgaj\u0101 produktu kl\u0101st\u0101, kas atbalsta da\u017e\u0101dus r\u016bpnieciskos pielietojumus.<\/p>\n<p>M\u016bsu uz\u0146\u0113mums iev\u0113ro augstus kvalit\u0101tes standartus, izmantojot prec\u012bzi noregul\u0113tu ra\u017eo\u0161anas procesu, ko vada modernas digit\u0101l\u0101s iek\u0101rtas un profesion\u0101las test\u0113\u0161anas sist\u0113mas. Ar stabilu ra\u017eo\u0161anas platformu m\u0113s nep\u0101rtraukti uzlabojam savas ra\u017eo\u0161anas iesp\u0113jas, nodro\u0161inot, ka m\u0113s apmierin\u0101m m\u016bsu klientu da\u017e\u0101d\u0101s vajadz\u012bbas ar augstu efektivit\u0101ti, precizit\u0101ti un kvalit\u0101ti.<\/p>\n<p>M\u0113s pied\u0101v\u0101jam profesion\u0101lus pakalpojumus, starptautiskus m\u016bsu produktu sertifik\u0101tus un piel\u0101go\u0161anas iesp\u0113jas, lai apmierin\u0101tu \u012bpa\u0161as klientu pras\u012bbas. M\u016bsu p\u0113cp\u0101rdo\u0161anas serviss ir izstr\u0101d\u0101ts, lai nodro\u0161in\u0101tu klientu apmierin\u0101t\u012bbu un atbalstu vis\u0101 m\u016bsu produktu dz\u012bves cikl\u0101.<\/p>\n<p><img decoding=\"async\" src=\"https:\/\/www.hydraulic-cylinders.net\/wp-content\/uploads\/2025\/04\/songte-company-4.webp\" alt=\"Uz\u0146\u0113muma p\u0101rskats\"><br \/>\n<img decoding=\"async\" src=\"https:\/\/www.hydraulic-cylinders.net\/wp-content\/uploads\/2025\/04\/songte-company-3.webp\" alt=\"Ra\u017eo\u0161anas procesi\"><\/p>\n<p>Autors: lil<\/p>","protected":false},"excerpt":{"rendered":"<p>Boom Cylinder For Volwa Middle Excavator DLS200-8B Definition of the Bucket Cylinder The boom cylinder, also known as the bucket cylinder, is a crucial component in hydraulic systems, specifically designed to control the movement of various heavy machinery buckets, such as those found in excavators, backhoe loaders, and front-end loaders. This hydraulic cylinder allows the [&hellip;]<\/p>","protected":false},"featured_media":17871,"comment_status":"open","ping_status":"closed","template":"","meta":{"_et_pb_use_builder":"","_et_pb_old_content":"","_et_gb_content_width":""},"product_brand":[],"product_cat":[1546],"product_tag":[1547,1496],"class_list":{"0":"post-19608","1":"product","2":"type-product","3":"status-publish","4":"has-post-thumbnail","6":"product_cat-boom-cylinders","7":"product_tag-boom-cylinders","8":"product_tag-hydraulic-cylinders","10":"first","11":"instock","12":"shipping-taxable","13":"product-type-simple"},"amp_enabled":true,"_links":{"self":[{"href":"https:\/\/www.hydraulic-cylinders.net\/lv\/wp-json\/wp\/v2\/product\/19608","targetHints":{"allow":["GET"]}}],"collection":[{"href":"https:\/\/www.hydraulic-cylinders.net\/lv\/wp-json\/wp\/v2\/product"}],"about":[{"href":"https:\/\/www.hydraulic-cylinders.net\/lv\/wp-json\/wp\/v2\/types\/product"}],"replies":[{"embeddable":true,"href":"https:\/\/www.hydraulic-cylinders.net\/lv\/wp-json\/wp\/v2\/comments?post=19608"}],"wp:featuredmedia":[{"embeddable":true,"href":"https:\/\/www.hydraulic-cylinders.net\/lv\/wp-json\/wp\/v2\/media\/17871"}],"wp:attachment":[{"href":"https:\/\/www.hydraulic-cylinders.net\/lv\/wp-json\/wp\/v2\/media?parent=19608"}],"wp:term":[{"taxonomy":"product_brand","embeddable":true,"href":"https:\/\/www.hydraulic-cylinders.net\/lv\/wp-json\/wp\/v2\/product_brand?post=19608"},{"taxonomy":"product_cat","embeddable":true,"href":"https:\/\/www.hydraulic-cylinders.net\/lv\/wp-json\/wp\/v2\/product_cat?post=19608"},{"taxonomy":"product_tag","embeddable":true,"href":"https:\/\/www.hydraulic-cylinders.net\/lv\/wp-json\/wp\/v2\/product_tag?post=19608"}],"curies":[{"name":"wp","href":"https:\/\/api.w.org\/{rel}","templated":true}]}}