{"id":19609,"date":"2025-04-07T06:57:14","date_gmt":"2025-04-07T06:57:14","guid":{"rendered":"https:\/\/www.hydraulic-cylinders.net\/product\/boom-cylinder-for-volwa-middle-excavator-dls220-8b\/"},"modified":"2025-04-07T06:57:16","modified_gmt":"2025-04-07T06:57:16","slug":"boom-cylinder-for-volwa-middle-excavator-dls220-8b","status":"publish","type":"product","link":"https:\/\/www.hydraulic-cylinders.net\/lv\/products\/boom-cylinder-for-volwa-middle-excavator-dls220-8b\/","title":{"rendered":"Volwa vid\u0113j\u0101 ekskavatora DLS220-8B str\u0113les cilindrs"},"content":{"rendered":"<h1>Volwa vid\u0113j\u0101 ekskavatora DLS220-8B str\u0113les cilindrs<\/h1>\n<h2>Produkta p\u0101rskats<\/h2>\n<p>Volwa vid\u0113j\u0101 ekskavatora DLS220-8B str\u0113les cilindrs ir b\u016btiska smag\u0101s tehnikas sast\u0101vda\u013ca, kas \u012bpa\u0161i paredz\u0113ta kausa kust\u012bbas vad\u012bbai ekskavatoros, univers\u0101lajos iekr\u0101v\u0113jos un front\u0101lajos iekr\u0101v\u0113jos. \u0160is hidrauliskais cilindrs \u013cauj pacelt, nolaist un noliekt kausu, padarot to par b\u016btisku instrumentu materi\u0101lu apstr\u0101des darbos. Kausa cilindrs darbojas hidrauliskaj\u0101s sist\u0113m\u0101s, kur spiediena hidraulisk\u0101 e\u013c\u013ca nodro\u0161ina efekt\u012bvu kust\u012bbu un prec\u012bzu smagu kravu kontroli. T\u0101 konstrukcija ne tikai uzlabo veiktsp\u0113ju, bet ar\u012b nodro\u0161ina iztur\u012bbu un uzticam\u012bbu ekstrem\u0101los darba apst\u0101k\u013cos.<\/p>\n<p><img decoding=\"async\" src=\"https:\/\/www.hydraulic-cylinders.net\/wp-content\/uploads\/2025\/04\/songte-company-1.webp\" alt=\"Ekskavatora str\u0113les cilindrs\" \/><\/p>\n<h2>Galven\u0101s iez\u012bmes<\/h2>\n<ul>\n<li><strong>Augsta iztur\u012bba un ilgm\u016b\u017e\u012bba:<\/strong> Izgatavots no augstas stipr\u012bbas t\u0113rauda vai alum\u012bnija, str\u0113les cilindrs var iztur\u0113t augstu spiedienu un lielas slodzes, un tas ir paredz\u0113ts skarbiem darba apst\u0101k\u013ciem, \u012bpa\u0161u uzman\u012bbu piev\u0113r\u0161ot nodilumiztur\u012bbai un aizsardz\u012bbai pret koroziju, t\u0101d\u0113j\u0101di pagarinot t\u0101 kalpo\u0161anas laiku.<\/li>\n<li><strong>Efekt\u012bva hidraulisk\u0101 darb\u012bba:<\/strong> Hidraulisk\u0101s e\u013c\u013cas spiediena izmanto\u0161ana nodro\u0161ina vienm\u0113r\u012bgu izvirz\u012b\u0161anu un ievilk\u0161anu, \u013caujot \u0101tri rea\u0123\u0113t uz vad\u012bbas komand\u0101m un nodro\u0161inot iev\u0113rojamu stum\u0161anas un vilk\u0161anas sp\u0113ku, kas piem\u0113rots smagu priek\u0161metu apstr\u0101dei un sare\u017e\u0123\u012btu uzdevumu veik\u0161anai.<\/li>\n<li><strong>Da\u017e\u0101di veidi:<\/strong> Pieejams vienk\u0101r\u0161\u0101s darb\u012bbas (hidraulisk\u0101 sist\u0113ma tiek izmantota vien\u0101 virzien\u0101) vai divk\u0101r\u0161\u0101s darb\u012bbas (hidraulisk\u0101 sist\u0113ma tiek izmantota abos virzienos) konfigur\u0101cij\u0101s, lai apmierin\u0101tu da\u017e\u0101das ekspluat\u0101cijas vajadz\u012bbas. Da\u017eiem mode\u013ciem ir teleskopiska konstrukcija, kas \u013cauj palielin\u0101t pagarin\u0101jumu, nepalielinot \u0101r\u0113jos izm\u0113rus, kas ir ide\u0101li piem\u0113rots lietojumiem ar ierobe\u017eotu vietu.<\/li>\n<li><strong>Piel\u0101gota ra\u017eo\u0161ana:<\/strong> M\u0113s varam ra\u017eot \u0161o produktu, lai tas perfekti aizst\u0101tu eso\u0161os hidrauliskos cilindrus, nodro\u0161inot sader\u012bbu un uzticam\u012bbu.<\/li>\n<li><strong>Visaptvero\u0161a kvalit\u0101tes nodro\u0161in\u0101\u0161ana:<\/strong> M\u016bsu ra\u017eo\u0161anas process atbilst stingrai kvalit\u0101tes kontrolei, nodro\u0161inot, ka katrs str\u0113les cilindrs atbilst nozares standartiem attiec\u012bb\u0101 uz veiktsp\u0113ju un dro\u0161\u012bbu.<\/li>\n<\/ul>\n<p><img decoding=\"async\" src=\"https:\/\/www.hydraulic-cylinders.net\/wp-content\/uploads\/2025\/04\/songte-cylinder-head-with-all-kinds-excavator-models.webp\" alt=\"Ekskavatora cilindrs\" \/><\/p>\n<h2>Pieteikumi<\/h2>\n<h3>Celtniec\u012bbas apr\u012bkojums<\/h3>\n<p>Ekskavatoros str\u0113les cilindri ir vit\u0101li svar\u012bgi zemes vai gru\u017eu rak\u0161anai, iekrau\u0161anai un p\u0101rvieto\u0161anai. Tie ne tikai atvieglo rak\u0161anas procesu, bet ar\u012b pal\u012bdz pacelt smagas kravas, padarot tos neaizst\u0101jamus b\u016bvlaukumos, kur nepiecie\u0161ama efektivit\u0101te un precizit\u0101te.<\/p>\n<h3>Lauksaimniec\u012bbas tehnika<\/h3>\n<p>Front\u0101lajos iekr\u0101v\u0113jos \u0161iem cilindriem ir iz\u0161\u0137iro\u0161a noz\u012bme augsnes, siena un citu materi\u0101lu sav\u0101k\u0161an\u0101, cel\u0161an\u0101 un transport\u0113\u0161an\u0101. To sp\u0113ja vienm\u0113r\u012bgi darboties da\u017e\u0101dos apst\u0101k\u013cos padara tos par b\u016btiskiem lauksaimniec\u012bbas darbiem, kuriem nepiecie\u0161ama uzticam\u012bba un veiktsp\u0113ja.<\/p>\n<h3>Ekskavatori<\/h3>\n<p>Str\u0113les cilindrs \u013cauj kausam efekt\u012bvi iek\u013c\u016bt zem\u0113, \u013caujot veikt dzi\u013cas rak\u0161anas darbus. T\u0101 konstrukcija nodro\u0161ina, ka ekskavators var viegli un efekt\u012bvi veikt sare\u017e\u0123\u012btus uzdevumus, padarot to par iecien\u012btu izv\u0113li nozar\u0113.<\/p>\n<h3>Iekr\u0101v\u0113ji<\/h3>\n<p>Front\u0101lajos iekr\u0101v\u0113jos str\u0113les cilindri pal\u012bdz efekt\u012bvi pacelt un izkraut kravas. To uzticam\u0101 darb\u012bba nodro\u0161ina, ka materi\u0101lus var \u0101tri un dro\u0161i p\u0101rvietot, t\u0101d\u0113j\u0101di palielinot produktivit\u0101ti objekt\u0101.<\/p>\n<h2>Dizaina apsv\u0113rumi<\/h2>\n<h3>Kravnes\u012bba<\/h3>\n<p>Str\u0113les cilindra kravnes\u012bba ir \u013coti svar\u012bga, lai nodro\u0161in\u0101tu, ka tas sp\u0113j iztur\u0113t maksim\u0101lo materi\u0101lu svaru, ar ko var saskarties da\u017e\u0101dos pielietojumos. Ir svar\u012bgi izv\u0113l\u0113ties cilindru, kas atbilst vai p\u0101rsniedz paredz\u0113tos kravnes\u012bbas ierobe\u017eojumus, lai nov\u0113rstu boj\u0101jumus darb\u012bbas laik\u0101. Uzticams kravnes\u012bbas pras\u012bbu nov\u0113rt\u0113jums pal\u012bdz izv\u0113l\u0113ties pareizo cilindru darbam, nodro\u0161inot dro\u0161\u012bbu un efektivit\u0101ti.<\/p>\n<h3>Bl\u012bv\u0113jums un iztur\u012bba<\/h3>\n<p>Bl\u012bv\u0113jums ir vit\u0101li svar\u012bgs, lai nov\u0113rstu hidraulisk\u0101 \u0161\u0137idruma nopl\u016bdi, kas var izrais\u012bt sist\u0113mas boj\u0101jumus. Augstas kvalit\u0101tes bl\u012bv\u0113jumi ir izstr\u0101d\u0101ti, lai iztur\u0113tu spiedienu un vides apst\u0101k\u013cus, ar kuriem saskaras smag\u0101 tehnika. Bl\u012bvju iztur\u012bba ietekm\u0113 hidraulisk\u0101s sist\u0113mas kop\u0113jo veiktsp\u0113ju un apkopes bie\u017eumu, padarot to par galveno faktoru projekt\u0113\u0161anas proces\u0101.<\/p>\n<h3>Dro\u0161\u012bbas funkcijas<\/h3>\n<p>Dro\u0161\u012bbas funkcijas ir \u0101rk\u0101rt\u012bgi svar\u012bgas hidraulisko cilindru konstrukcij\u0101, tostarp spiediena samazin\u0101\u0161anas v\u0101rsti un dro\u0161\u012bbas meh\u0101nismi, kas nov\u0113r\u0161 katastrof\u0101las k\u013c\u016bmes. Dro\u0161\u012bbas nodro\u0161in\u0101\u0161ana konstrukcij\u0101 pal\u012bdz aizsarg\u0101t operatorus un ma\u0161\u012bnas, samazinot negad\u012bjumu risku un uzlabojot darb\u012bbas uzticam\u012bbu.<\/p>\n<h3>Apkopes pieejam\u012bba<\/h3>\n<p>Hidraulisk\u0101 cilindra ilgm\u016b\u017e\u012bbai ir \u013coti svar\u012bgi, lai to b\u016btu viegli apkopt. Funkcijas, kas atvieglo piek\u013cuvi bl\u012bv\u0113m, e\u013c\u013co\u0161anas punktiem un cit\u0101m ar apkopi saist\u012bt\u0101m sast\u0101vda\u013c\u0101m, vienk\u0101r\u0161o apkopes procesu, nodro\u0161inot cilindra optim\u0101lu darb\u012bbu laika gait\u0101.<\/p>\n<p><img decoding=\"async\" src=\"https:\/\/www.hydraulic-cylinders.net\/wp-content\/uploads\/2025\/04\/songte-oil-pipes-and-spare-parts.webp\" alt=\"Hidraulisko cilindru deta\u013cas\" \/><\/p>\n<h2>Bl\u012bv\u0113\u0161ana un e\u013c\u013co\u0161ana<\/h2>\n<p>Str\u0113les cilindra bl\u012bv\u0113\u0161anas meh\u0101nisms sast\u0101v no da\u017e\u0101diem bl\u012bv\u0113jumiem, tostarp virzu\u013ca bl\u012bv\u0113jumiem un stie\u0146a bl\u012bv\u0113jumiem, kas izgatavoti no iztur\u012bgiem materi\u0101liem, piem\u0113ram, poliuret\u0101na un nitrila gumijas. \u0160ie materi\u0101li ir izv\u0113l\u0113ti, \u0146emot v\u0113r\u0101 to nodilumiztur\u012bbu un sp\u0113ju iztur\u0113t skarbus ekspluat\u0101cijas apst\u0101k\u013cus. Cilindra korpuss un v\u012bt\u0146ot\u0101s gala virsmas ir smalki apstr\u0101d\u0101tas, lai uzlabotu nodilumiztur\u012bbu, nodro\u0161inot ilg\u0101ku kalpo\u0161anas laiku. Turkl\u0101t regul\u0101ra e\u013c\u013co\u0161ana ar atbilsto\u0161u hidraulisko e\u013c\u013cu ir nepiecie\u0161ama, lai uztur\u0113tu vienm\u0113r\u012bgu darb\u012bbu un nov\u0113rstu kust\u012bgo da\u013cu nodilumu, t\u0101d\u0113j\u0101di veicinot kop\u0113jo efektivit\u0101ti un funkcionalit\u0101ti.<\/p>\n<h2>Prevent\u012bvie apkopes pas\u0101kumi<\/h2>\n<ul>\n<li><strong>Regul\u0101ras p\u0101rbaudes:<\/strong> Veiciet cilindra vizu\u0101lu p\u0101rbaudi, vai nav nopl\u016b\u017eu vai boj\u0101jumu paz\u012bmju. Piev\u0113rsiet \u012bpa\u0161u uzman\u012bbu bl\u012bv\u0113m un savienojuma punktiem, jo \u200b\u200bprobl\u0113mu agr\u012bna atkl\u0101\u0161ana var nov\u0113rst d\u0101rgus remontdarbus.<\/li>\n<li><strong>Pareiza e\u013c\u013co\u0161ana:<\/strong> P\u0101rliecinieties, vai cilindrs ir pietiekami iee\u013c\u013cots ar ieteicamo hidraulisko e\u013c\u013cu. Regul\u0101ri p\u0101rbaudiet e\u013c\u013cas l\u012bmeni un nomainiet e\u013c\u013cu p\u0113c nepiecie\u0161am\u012bbas, lai uztur\u0113tu optim\u0101lu veiktsp\u0113ju.<\/li>\n<li><strong>Bl\u012bv\u0113juma nomai\u0146a:<\/strong> Periodiski p\u0101rbaudiet bl\u012bv\u0113jumu st\u0101vokli un nomainiet tos, par\u0101doties pirmaj\u0101m nodiluma paz\u012bm\u0113m, lai izvair\u012btos no hidraulisk\u0101 \u0161\u0137idruma nopl\u016bd\u0113m un nodro\u0161in\u0101tu cilindra nevainojamu darb\u012bbu.<\/li>\n<\/ul>\n<h2>Uzst\u0101d\u012b\u0161anas vadl\u012bnijas<\/h2>\n<p>Uzst\u0101dot str\u0113les cilindru, ir svar\u012bgi iev\u0113rot \u0161\u012bs vadl\u012bnijas:<\/p>\n<ul>\n<li>P\u0101rliecinieties, vai mont\u0101\u017eas kron\u0161teini un citas sast\u0101vda\u013cas ir pareizi izl\u012bdzin\u0101tas, lai izvair\u012btos no p\u0101rm\u0113r\u012bgas slodzes uz cilindru.<\/li>\n<li>Izmantojiet atbilsto\u0161us mont\u0101\u017eas balstus, lai nostiprin\u0101tu cilindru viet\u0101, nov\u0113r\u0161ot kust\u012bbu darb\u012bbas laik\u0101.<\/li>\n<li>P\u0113c uzst\u0101d\u012b\u0161anas p\u0101rbaudiet hidraulisko savienojumu herm\u0113tiskumu un p\u0101rliecinieties, vai visi bl\u012bv\u0113jumi ir neskarti un darbojas.<\/li>\n<li>Pirms pilna m\u0113roga lieto\u0161anas p\u0101rbaudiet balonu, darbinot to kontrol\u0113tos apst\u0101k\u013cos, lai p\u0101rliecin\u0101tos, ka tas darbojas, k\u0101 paredz\u0113ts.<\/li>\n<\/ul>\n<h2>Bie\u017ei sastopamie apkopes uzdevumi<\/h2>\n<ul>\n<li><strong>Regul\u0101ras p\u0101rbaudes:<\/strong> Iepl\u0101nojiet regul\u0101ras p\u0101rbaudes, lai laikus atkl\u0101tu visas probl\u0113mas, nodro\u0161inot ilgtermi\u0146a veiktsp\u0113ju un uzticam\u012bbu.<\/li>\n<li><strong>Piem\u0113rota e\u013c\u013co\u0161ana:<\/strong> Uztur\u0113t pareizu e\u013c\u013co\u0161anas l\u012bmeni un izmantot nor\u0101d\u012bto hidraulisko e\u013c\u013cu, lai nodro\u0161in\u0101tu optim\u0101lu darb\u012bbu.<\/li>\n<li><strong>Bl\u012bv\u0113juma nomai\u0146a un kalibr\u0113\u0161ana:<\/strong> Regul\u0101ri nomainiet bl\u012bves un p\u0101rbaudiet to izl\u012bdzin\u0101\u0161anu un kalibr\u0113\u0161anu, lai darb\u012bbas laik\u0101 saglab\u0101tu precizit\u0101ti. Pareiza cilindra izl\u012bdzin\u0101\u0161ana uzst\u0101d\u012b\u0161anas laik\u0101 ir \u013coti svar\u012bga, lai nov\u0113rstu nodilumu un paildzin\u0101tu kalpo\u0161anas laiku.<\/li>\n<\/ul>\n<p><img decoding=\"async\" src=\"https:\/\/www.hydraulic-cylinders.net\/wp-content\/uploads\/2025\/04\/songte-chushion-collar.webp\" alt=\"Spilvenu apkakle\" \/><\/p>\n<h2>Dro\u0161\u012bbas apsv\u0113rumi un vides faktori<\/h2>\n<p>Str\u0101d\u0101jot ar hidrauliskajiem cilindriem, ir svar\u012bgi ieviest dro\u0161\u012bbas pas\u0101kumus, lai aizsarg\u0101tu gan operatorus, gan vidi. Pareiza apm\u0101c\u012bba un ekspluat\u0101cijas vadl\u012bniju iev\u0113ro\u0161ana ir \u013coti svar\u012bga, lai nov\u0113rstu negad\u012bjumus. Turkl\u0101t videi draudz\u012bgu hidraulisko \u0161\u0137idrumu izmanto\u0161ana var mazin\u0101t ar nopl\u016bd\u0113m saist\u012btos riskus, nodro\u0161inot atbilst\u012bbu vides noteikumiem un veicinot ilgtsp\u0113j\u012bgu praksi.<\/p>\n<h2>K\u013c\u016bmju diagnostika un bie\u017e\u0101k sastopam\u0101s probl\u0113mas<\/h2>\n<ul>\n<li><strong>Nopl\u016bde:<\/strong> Nopl\u016bde, ko bie\u017ei vien izraisa nolietoti bl\u012bv\u0113jumi vai nepareiza uzst\u0101d\u012b\u0161ana, var iev\u0113rojami samazin\u0101t veiktsp\u0113ju. Regul\u0101ri j\u0101veic p\u0101rbaudes, lai nekav\u0113joties identific\u0113tu un nov\u0113rstu nopl\u016bdes.<\/li>\n<li><strong>L\u0113na darb\u012bba:<\/strong> \u0160\u012b probl\u0113ma var rasties nepietiekama hidraulisk\u0101 \u0161\u0137idruma vai aizs\u0113r\u0113ju\u0161u filtru d\u0113\u013c, kas prasa t\u016bl\u012bt\u0113ju uzman\u012bbu, lai atjaunotu optim\u0101lu funkcionalit\u0101ti.<\/li>\n<li><strong>Nerea\u0123\u0113jo\u0161as vad\u012bbas ier\u012bces:<\/strong> Tas var liecin\u0101t par hidraulisk\u0101s sist\u0113mas darb\u012bbas trauc\u0113jumiem, kas prasa r\u016bp\u012bgu visu komponentu p\u0101rbaudi, lai diagnostic\u0113tu un nov\u0113rstu probl\u0113mu.<\/li>\n<\/ul>\n<h2>Probl\u0113mu nov\u0113r\u0161anas padomi<\/h2>\n<p>Lai efekt\u012bvi diagnostic\u0113tu un nov\u0113rstu probl\u0113mas ar str\u0113les cilindru:<\/p>\n<ul>\n<li>Veiciet regul\u0101ras p\u0101rbaudes, lai identific\u0113tu potenci\u0101l\u0101s probl\u0113mas, pirms t\u0101s saasin\u0101s. Agr\u012bna atkl\u0101\u0161ana ir \u013coti svar\u012bga darb\u012bbas efektivit\u0101tes saglab\u0101\u0161anai.<\/li>\n<li>Skatiet ra\u017eot\u0101ja specifik\u0101cijas, lai ieg\u016btu probl\u0113mu nov\u0113r\u0161anas vadl\u012bnijas, p\u0101rliecinoties, ka visas sast\u0101vda\u013cas darbojas pareizi.<\/li>\n<li>Ieviesiet prevent\u012bvus pas\u0101kumus, piem\u0113ram, regul\u0101ru apkopi, lai samazin\u0101tu iesp\u0113jam\u0101s probl\u0113mas un pagarin\u0101tu hidraulisk\u0101 cilindra kalpo\u0161anas laiku.<\/li>\n<\/ul>\n<p><img decoding=\"async\" src=\"https:\/\/www.hydraulic-cylinders.net\/wp-content\/uploads\/2025\/04\/songte-bushings-with-all-kinds-of-excavator-models.webp\" alt=\"Ekskavatora bukses\" \/><\/p>\n<h2>Par m\u016bsu uz\u0146\u0113mumu<\/h2>\n<p>M\u0113s esam vado\u0161ais rezerves hidraulisko cilindru ra\u017eot\u0101js, kas pied\u0101v\u0101 pla\u0161u produktu kl\u0101stu gan viet\u0113jam, gan starptautiskajam tirgum. M\u016bsu ap\u0146em\u0161an\u0101s sasniegt izcil\u012bbu ir redzama m\u016bsu prec\u012bzajos ra\u017eo\u0161anas procesos un r\u016bpniecisk\u0101s ra\u017eo\u0161anas vad\u012bbas strat\u0113\u0123ij\u0101s. M\u0113s past\u0101v\u012bgi uzlabojam savu ra\u017eo\u0161anas platformu, izmantojot kvalific\u0113tu tehnisko person\u0101lu, modern\u0101k\u0101s digit\u0101l\u0101s ra\u017eo\u0161anas iek\u0101rtas un profesion\u0101las test\u0113\u0161anas sist\u0113mas. \u0160\u012b ap\u0146em\u0161an\u0101s nodro\u0161ina augstu efektivit\u0101ti, precizit\u0101ti un kvalit\u0101ti, \u013caujot mums apmierin\u0101t da\u017e\u0101das klientu vajadz\u012bbas.<\/p>\n<p><img decoding=\"async\" src=\"https:\/\/www.hydraulic-cylinders.net\/wp-content\/uploads\/2025\/04\/songte-company-4.webp\" alt=\"Uz\u0146\u0113muma p\u0101rskats\" \/><br \/>\n<img decoding=\"async\" src=\"https:\/\/www.hydraulic-cylinders.net\/wp-content\/uploads\/2025\/04\/songte-company-3.webp\" alt=\"Ra\u017eo\u0161anas iek\u0101rtas\" \/><\/p>\n<p>M\u016bsu uz\u0146\u0113mums lepojas ar profesionalit\u0101ti, starptautiskiem sertifik\u0101tiem, piel\u0101gotiem pakalpojumiem, modernu ra\u017eo\u0161anas apr\u012bkojumu un izcilu p\u0113cp\u0101rdo\u0161anas atbalstu. M\u016bsu m\u0113r\u0137is ir nodro\u0161in\u0101t lab\u0101kos hidrauliskos risin\u0101jumus un nodro\u0161in\u0101t klientu apmierin\u0101t\u012bbu.<\/p>\n<p>Autors: lil<\/p>","protected":false},"excerpt":{"rendered":"<p>Boom Cylinder For Volwa Middle Excavator DLS220-8B Product Overview The Boom Cylinder for Volwa Middle Excavator DLS220-8B is a crucial component in heavy machinery, specifically designed to control the motion of the bucket in excavators, backhoe loaders, and front loaders. This hydraulic cylinder allows for the lifting, lowering, and tilting of the bucket, making it [&hellip;]<\/p>","protected":false},"featured_media":17872,"comment_status":"open","ping_status":"closed","template":"","meta":{"_et_pb_use_builder":"","_et_pb_old_content":"","_et_gb_content_width":""},"product_brand":[],"product_cat":[1546],"product_tag":[1547,1496],"class_list":{"0":"post-19609","1":"product","2":"type-product","3":"status-publish","4":"has-post-thumbnail","6":"product_cat-boom-cylinders","7":"product_tag-boom-cylinders","8":"product_tag-hydraulic-cylinders","10":"first","11":"instock","12":"shipping-taxable","13":"product-type-simple"},"amp_enabled":true,"_links":{"self":[{"href":"https:\/\/www.hydraulic-cylinders.net\/lv\/wp-json\/wp\/v2\/product\/19609","targetHints":{"allow":["GET"]}}],"collection":[{"href":"https:\/\/www.hydraulic-cylinders.net\/lv\/wp-json\/wp\/v2\/product"}],"about":[{"href":"https:\/\/www.hydraulic-cylinders.net\/lv\/wp-json\/wp\/v2\/types\/product"}],"replies":[{"embeddable":true,"href":"https:\/\/www.hydraulic-cylinders.net\/lv\/wp-json\/wp\/v2\/comments?post=19609"}],"wp:featuredmedia":[{"embeddable":true,"href":"https:\/\/www.hydraulic-cylinders.net\/lv\/wp-json\/wp\/v2\/media\/17872"}],"wp:attachment":[{"href":"https:\/\/www.hydraulic-cylinders.net\/lv\/wp-json\/wp\/v2\/media?parent=19609"}],"wp:term":[{"taxonomy":"product_brand","embeddable":true,"href":"https:\/\/www.hydraulic-cylinders.net\/lv\/wp-json\/wp\/v2\/product_brand?post=19609"},{"taxonomy":"product_cat","embeddable":true,"href":"https:\/\/www.hydraulic-cylinders.net\/lv\/wp-json\/wp\/v2\/product_cat?post=19609"},{"taxonomy":"product_tag","embeddable":true,"href":"https:\/\/www.hydraulic-cylinders.net\/lv\/wp-json\/wp\/v2\/product_tag?post=19609"}],"curies":[{"name":"wp","href":"https:\/\/api.w.org\/{rel}","templated":true}]}}