{"id":19611,"date":"2025-04-07T06:57:19","date_gmt":"2025-04-07T06:57:19","guid":{"rendered":"https:\/\/www.hydraulic-cylinders.net\/product\/boom-cylinder-for-volwa-middle-excavator-dls210-8b\/"},"modified":"2025-04-07T06:57:21","modified_gmt":"2025-04-07T06:57:21","slug":"boom-cylinder-for-volwa-middle-excavator-dls210-8b","status":"publish","type":"product","link":"https:\/\/www.hydraulic-cylinders.net\/lv\/products\/boom-cylinder-for-volwa-middle-excavator-dls210-8b\/","title":{"rendered":"Volwa vid\u0113j\u0101 ekskavatora DLS210-8B str\u0113les cilindrs"},"content":{"rendered":"<h1>Volwa vid\u0113j\u0101 ekskavatora DLS210-8B str\u0113les cilindrs<\/h1>\n<h2>Produkta p\u0101rskats<\/h2>\n<p>Volwa vid\u0113j\u0101 ekskavatora DLS210-8B str\u0113les cilindrs ir b\u016btiska hidraulisko sist\u0113mu sast\u0101vda\u013ca, kas \u012bpa\u0161i paredz\u0113ta ekskavatora str\u0113les kust\u012bbas vad\u012bbai. \u0160is hidrauliskais cilindrs \u013cauj kausam pacelt, nolaist un noliekt, atvieglojot da\u017e\u0101dus materi\u0101lu apstr\u0101des uzdevumus. Tam ir b\u016btiska loma smagaj\u0101 ma\u0161\u012bn\u0101, \u013caujot operatoriem efekt\u012bvi veikt rak\u0161anas, iekrau\u0161anas un materi\u0101lu transport\u0113\u0161anas darbus.<\/p>\n<p><img decoding=\"async\" src=\"https:\/\/www.hydraulic-cylinders.net\/wp-content\/uploads\/2025\/04\/songte-company-1.webp\" alt=\"Ekskavatora str\u0113les cilindrs\"><\/p>\n<h2>Str\u0113les cilindra \u012bpa\u0161\u012bbas<\/h2>\n<ul>\n<li>\n<h3>Augsta iztur\u012bba un ilgm\u016b\u017e\u012bba<\/h3>\n<p>Izgatavots no augstas stipr\u012bbas t\u0113rauda vai alum\u012bnija, str\u0113les cilindrs ir konstru\u0113ts t\u0101, lai iztur\u0113tu augstu spiedienu un lielas slodzes, padarot to piem\u0113rotu skarbiem darba apst\u0101k\u013ciem. T\u0101 konstrukcija ietver nodilumiztur\u012bbu un iztur\u012bbu pret koroziju, pagarinot t\u0101 kalpo\u0161anas laiku.<\/p>\n<\/li>\n<li>\n<h3>Efekt\u012bva hidraulisk\u0101 darb\u012bba<\/h3>\n<p>\u0160is cilindrs izmanto hidraulisk\u0101s e\u013c\u013cas spiedienu, lai pan\u0101ktu vienm\u0113r\u012bgas izstiep\u0161anas un ievilk\u0161anas kust\u012bbas. Tas \u0101tri rea\u0123\u0113 uz operatora komand\u0101m un nodro\u0161ina iespaid\u012bgu stum\u0161anas un vilk\u0161anas sp\u0113ku, kas ir ide\u0101li piem\u0113rots smagu materi\u0101lu apstr\u0101dei un sare\u017e\u0123\u012btiem uzdevumiem.<\/p>\n<\/li>\n<li>\n<h3>Pieejami da\u017e\u0101di veidi<\/h3>\n<p>Atkar\u012bb\u0101 no ekspluat\u0101cijas vajadz\u012bb\u0101m klienti var izv\u0113l\u0113ties starp vienas darb\u012bbas (izmantojot hidraulisko sp\u0113ku vien\u0101 virzien\u0101) vai divk\u0101r\u0161as darb\u012bbas (izmantojot hidraulisko sp\u0113ku abos virzienos) cilindriem. Da\u017ei mode\u013ci ir teleskopiski, kas \u013cauj palielin\u0101t sniedzam\u012bbu, nepalielinot \u0101r\u0113jos izm\u0113rus, padarot tos piem\u0113rotus lietojumiem ar ierobe\u017eotu vietu.<\/p>\n<\/li>\n<\/ul>\n<h2>Ra\u017eo\u0161anas iesp\u0113jas<\/h2>\n<p>M\u0113s specializ\u0113jamies str\u0113les cilindru ra\u017eo\u0161an\u0101, kas lieliski aizst\u0101j eso\u0161os hidrauliskos cilindrus. M\u016bsu ra\u017eo\u0161anas metodes nodro\u0161ina sader\u012bbu un uzticam\u012bbu, pied\u0101v\u0101jot augstas kvalit\u0101tes alternat\u012bvas, lai apmierin\u0101tu klientu pras\u012bbas.<\/p>\n<p><img decoding=\"async\" src=\"https:\/\/www.hydraulic-cylinders.net\/wp-content\/uploads\/2025\/04\/songte-cylinder-head-with-all-kinds-excavator-models.webp\" alt=\"Hidraulisko cilindru ra\u017eo\u0161ana\"><\/p>\n<h2>Str\u0113les cilindra pielietojumi<\/h2>\n<ul>\n<li>\n<h3>Celtniec\u012bbas apr\u012bkojums<\/h3>\n<p>Ekskavatoros str\u0113les cilindri ir \u013coti svar\u012bgi zemes vai gru\u017eu rak\u0161anai, iekrau\u0161anai un p\u0101rvieto\u0161anai. Tie uzlabo ma\u0161\u012bnas sp\u0113ju efekt\u012bvi veikt da\u017e\u0101dus uzdevumus, nodro\u0161inot produktivit\u0101ti b\u016bvlaukumos.<\/p>\n<\/li>\n<li>\n<h3>Lauksaimniec\u012bbas tehnika<\/h3>\n<p>Front\u0101lajos iekr\u0101v\u0113jos str\u0113les cilindri ir b\u016btiski augsnes, siena un citu materi\u0101lu sav\u0101k\u0161anai, cel\u0161anai un transport\u0113\u0161anai. To uzticam\u012bba un iztur\u012bba atbalsta lauksaimniec\u012bbas darb\u012bbas, veicinot saimniec\u012bbas produktivit\u0101ti.<\/p>\n<\/li>\n<li>\n<h3>Ekskavatori<\/h3>\n<p>Str\u0113les cilindrs \u013cauj kausam iek\u013c\u016bt zem\u0113, atvieglojot rak\u0161anas darbus. \u0160\u012b funkcionalit\u0101te ir vit\u0101li svar\u012bga b\u016bvniec\u012bb\u0101, ainavu veido\u0161an\u0101 un ieguves darbos, kur nepiecie\u0161ama precizit\u0101te un iztur\u012bba.<\/p>\n<\/li>\n<li>\n<h3>Iekr\u0101v\u0113ji<\/h3>\n<p>Front\u0101lajos iekr\u0101v\u0113jos str\u0113les cilindri pal\u012bdz efekt\u012bvi pacelt un izkraut kravas. To konstrukcija maksim\u0101li palielina celtsp\u0113ju, padarot tos neaizst\u0101jamus materi\u0101lu apstr\u0101des darbos.<\/p>\n<\/li>\n<\/ul>\n<h2>Dizaina apsv\u0113rumi un atlases krit\u0113riji<\/h2>\n<ul>\n<li>\n<h3>Kravnes\u012bba<\/h3>\n<p>Izv\u0113loties str\u0113les cilindru, ir svar\u012bgi \u0146emt v\u0113r\u0101 t\u0101 kravnes\u012bbu. Cilindram j\u0101sp\u0113j iztur\u0113t maksim\u0101l\u0101s slodzes, kas nepiecie\u0161amas konkr\u0113tiem uzdevumiem, neapdraudot veiktsp\u0113ju vai dro\u0161\u012bbu. Pareizi nov\u0113rt\u0113ta kravnes\u012bba nov\u0113r\u0161 boj\u0101jumus, kas var\u0113tu izrais\u012bt negad\u012bjumus vai apr\u012bkojuma boj\u0101jumus.<\/p>\n<\/li>\n<li>\n<h3>Bl\u012bv\u0113\u0161anas \u012bpa\u0161\u012bbas<\/h3>\n<p>Efekt\u012bva bl\u012bv\u0113\u0161ana ir \u013coti svar\u012bga, lai nov\u0113rstu hidraulisk\u0101 \u0161\u0137idruma nopl\u016bdi un uztur\u0113tu spiedienu sist\u0113m\u0101. Augstas kvalit\u0101tes bl\u012bv\u0113jumi nodro\u0161ina hidraulisk\u0101 cilindra optim\u0101lu veiktsp\u0113ju un ilgm\u016b\u017e\u012bbu. Ir svar\u012bgi izv\u0113l\u0113ties cilindrus ar augst\u0101k\u0101m bl\u012bv\u0113\u0161anas tehnolo\u0123ij\u0101m, kas var iztur\u0113t da\u017e\u0101das temperat\u016bras un spiedienus.<\/p>\n<\/li>\n<li>\n<h3>Iztur\u012bba<\/h3>\n<p>Iztur\u012bba ir galvenais faktors str\u0113les cilindru konstrukcij\u0101. Sast\u0101vda\u013cas j\u0101ra\u017eo t\u0101, lai t\u0101s b\u016btu iztur\u012bgas pret nodilumu un nogurumu atk\u0101rtotas lieto\u0161anas laik\u0101 sare\u017e\u0123\u012btos apst\u0101k\u013cos. Iztur\u012bga konstrukcija samazina apkopes izmaksas un pagarina hidraulisk\u0101s sist\u0113mas kalpo\u0161anas laiku.<\/p>\n<\/li>\n<\/ul>\n<p><img decoding=\"async\" src=\"https:\/\/www.hydraulic-cylinders.net\/wp-content\/uploads\/2025\/04\/songte-oil-pipes-and-spare-parts.webp\" alt=\"Hidraulisko cilindru deta\u013cas\"><\/p>\n<h2>Bl\u012bv\u0113\u0161ana un e\u013c\u013co\u0161ana<\/h2>\n<p>Pareiza bl\u012bv\u0113\u0161ana un e\u013c\u013co\u0161ana ir b\u016btiska str\u0113les cilindru efekt\u012bvai darb\u012bbai. Da\u017e\u0101di bl\u012bv\u0113jumi, piem\u0113ram, virzu\u013ca bl\u012bv\u0113jumi un stie\u0146a bl\u012bv\u0113jumi, kas izgatavoti no iztur\u012bgiem materi\u0101liem, piem\u0113ram, poliuret\u0101na un nitrila gumijas, nodro\u0161ina minim\u0101lu nodilumu un nov\u0113r\u0161 nopl\u016bdes. Cilindra korpuss un v\u012bt\u0146otie gali ir r\u016bp\u012bgi j\u0101apstr\u0101d\u0101, lai uzlabotu nodilumiztur\u012bbu. Regul\u0101ra e\u013c\u013co\u0161ana ar hidraulisko e\u013c\u013cu ir nepiecie\u0161ama, lai uztur\u0113tu vienm\u0113r\u012bgu darb\u012bbu un nov\u0113rstu deta\u013cu degrad\u0101ciju.<\/p>\n<h2>Prevent\u012bvie apkopes pas\u0101kumi<\/h2>\n<ul>\n<li>\n<h3>Regul\u0101ras p\u0101rbaudes<\/h3>\n<p>Regul\u0101ri veiciet p\u0101rbaudes, lai noteiktu nodiluma, nopl\u016b\u017eu vai boj\u0101jumu paz\u012bmes. Agr\u012bna atkl\u0101\u0161ana var nov\u0113rst d\u0101rgus remontdarbus un pagarin\u0101t str\u0113les cilindra kalpo\u0161anas laiku.<\/p>\n<\/li>\n<li>\n<h3>Piem\u0113rota e\u013c\u013co\u0161ana<\/h3>\n<p>Nodro\u0161iniet, lai vis\u0101m kust\u012bgaj\u0101m da\u013c\u0101m tiktu uzkl\u0101ta atbilsto\u0161a e\u013c\u013co\u0161ana. Tas samazina berzi un nodilumu, veicinot optim\u0101lu funkcionalit\u0101ti un pagarinot kalpo\u0161anas laiku.<\/p>\n<\/li>\n<li>\n<h3>Bl\u012bv\u0113juma nomai\u0146a<\/h3>\n<p>Regul\u0101ri p\u0101rbaudiet un nomainiet bl\u012bves p\u0113c nepiecie\u0161am\u012bbas, lai nov\u0113rstu hidraulisk\u0101 \u0161\u0137idruma nopl\u016bdes un uztur\u0113tu sist\u0113mas efektivit\u0101ti. Bl\u012bves ir svar\u012bgas sast\u0101vda\u013cas, kas tie\u0161i ietekm\u0113 hidraulisk\u0101 cilindra darb\u012bbu.<\/p>\n<\/li>\n<\/ul>\n<h2>Uzst\u0101d\u012b\u0161anas vadl\u012bnijas<\/h2>\n<p>Lai pareizi uzst\u0101d\u012btu str\u0113les cilindru, iev\u0113rojiet \u0161\u012bs vadl\u012bnijas:<\/p>\n<ul>\n<li>Uzst\u0101d\u012b\u0161anas laik\u0101 nodro\u0161iniet pareizu cilindra izl\u012bdzin\u0101\u0161anu, lai izvair\u012btos no p\u0101rm\u0113r\u012bga sprieguma uz deta\u013c\u0101m.<\/li>\n<li>Lai dro\u0161i nostiprin\u0101tu cilindru viet\u0101, izmantojiet atbilsto\u0161us mont\u0101\u017eas kron\u0161teinus.<\/li>\n<li>P\u0113c uzst\u0101d\u012b\u0161anas un pirms ekspluat\u0101cijas p\u0101rbaudiet hidraulisko savienojumu herm\u0113tiskumu.<\/li>\n<li>Kalibr\u0113jiet hidraulisko sist\u0113mu, lai nodro\u0161in\u0101tu optim\u0101lu veiktsp\u0113ju.<\/li>\n<\/ul>\n<h2>Bie\u017ei sastopamie apkopes uzdevumi<\/h2>\n<ul>\n<li>\n<h3>Regul\u0101ras p\u0101rbaudes<\/h3>\n<p>Regul\u0101ras hidraulisk\u0101s sist\u0113mas p\u0101rbaudes pal\u012bdz identific\u0113t potenci\u0101l\u0101s probl\u0113mas, pirms t\u0101s saasin\u0101s. Tas ietver \u0161\u0137idruma l\u012bme\u0146a uzraudz\u012bbu un nopl\u016b\u017eu p\u0101rbaudi.<\/p>\n<\/li>\n<li>\n<h3>Pareiza e\u013c\u013co\u0161ana<\/h3>\n<p>Regul\u0101ra e\u013c\u013co\u0161ana ir b\u016btiska efektivit\u0101tes uztur\u0113\u0161anai. P\u0101rliecinieties, vai visas kust\u012bg\u0101s da\u013cas ir pien\u0101c\u012bgi iee\u013c\u013cotas, lai samazin\u0101tu nodilumu un uzlabotu darb\u012bbas veiktsp\u0113ju.<\/p>\n<\/li>\n<li>\n<h3>Bl\u012bv\u0113juma nomai\u0146a un kalibr\u0113\u0161ana<\/h3>\n<p>Nodilu\u0161u bl\u012bv\u0113jumu nomai\u0146a un sist\u0113mas kalibr\u0113\u0161ana ir \u013coti svar\u012bga hidraulisk\u0101s sist\u0113mas integrit\u0101tes uztur\u0113\u0161anai. Pareiza kalibr\u0113\u0161ana nodro\u0161ina, ka sist\u0113ma darbojas noteiktos parametros, nov\u0113r\u0161ot k\u013c\u016bmes.<\/p>\n<\/li>\n<\/ul>\n<p><img decoding=\"async\" src=\"https:\/\/www.hydraulic-cylinders.net\/wp-content\/uploads\/2025\/04\/songte-chushion-collar.webp\" alt=\"Hidraulisk\u0101 cilindra spilvena apkakle\"><\/p>\n<h2>Dro\u0161\u012bbas apsv\u0113rumi un vides faktori<\/h2>\n<p>Dro\u0161\u012bbas pas\u0101kumi, str\u0101d\u0101jot ar hidrauliskaj\u0101m sist\u0113m\u0101m, ir \u0101rk\u0101rt\u012bgi svar\u012bgi. Operatoriem j\u0101b\u016bt apm\u0101c\u012btiem hidraulisk\u0101 spiediena p\u0101rvald\u012b\u0161an\u0101 un j\u0101saprot atbilsto\u0161a dro\u0161\u012bbas apr\u012bkojuma lieto\u0161anas noz\u012bme. Vides faktori, piem\u0113ram, temperat\u016bra un mitrums, var ietekm\u0113t hidraulisk\u0101 \u0161\u0137idruma darb\u012bbu, t\u0101p\u0113c apst\u0101k\u013cu uzraudz\u012bba ir b\u016btiska, lai nodro\u0161in\u0101tu dro\u0161u darb\u012bbu.<\/p>\n<h2>Probl\u0113mu nov\u0113r\u0161ana un bie\u017ei sastopamas probl\u0113mas<\/h2>\n<ul>\n<li>\n<h3>Nopl\u016bde<\/h3>\n<p>Viena izplat\u012bta probl\u0113ma ir hidraulisk\u0101 \u0161\u0137idruma nopl\u016bde, kuras c\u0113lonis bie\u017ei vien ir nodilu\u0161i bl\u012bv\u0113jumi vai nepareiza uzst\u0101d\u012b\u0161ana. Regul\u0101ra bl\u012bv\u0113jumu p\u0101rbaude un apkope var mazin\u0101t \u0161o probl\u0113mu.<\/p>\n<\/li>\n<li>\n<h3>L\u0113na darb\u012bba<\/h3>\n<p>Ja str\u0113les cilindrs darbojas l\u0113ni, tas var liecin\u0101t par zemu hidraulisk\u0101 \u0161\u0137idruma l\u012bmeni vai pies\u0101r\u0146ojumu. Lai nodro\u0161in\u0101tu optim\u0101lu veiktsp\u0113ju, ir nepiecie\u0161amas regul\u0101ras p\u0101rbaudes un \u0161\u0137idruma mai\u0146a.<\/p>\n<\/li>\n<li>\n<h3>Nerea\u0123\u0113jo\u0161as vad\u012bbas ier\u012bces<\/h3>\n<p>Vad\u012bbas ier\u012b\u010du nerea\u0123\u0113\u0161anu var izrais\u012bt gaiss hidrauliskaj\u0101 sist\u0113m\u0101 vai nepareizi funkcion\u0113jo\u0161i v\u0101rsti. Sist\u0113mas atgaiso\u0161ana un v\u0101rstu p\u0101rbaude ir svar\u012bgi so\u013ci, lai atrisin\u0101tu \u0161o probl\u0113mu.<\/p>\n<\/li>\n<\/ul>\n<p><img decoding=\"async\" src=\"https:\/\/www.hydraulic-cylinders.net\/wp-content\/uploads\/2025\/04\/songte-bushings-with-all-kinds-of-excavator-models.webp\" alt=\"Ekskavatora bukses\"><\/p>\n<h2>Probl\u0113mu nov\u0113r\u0161anas padomi<\/h2>\n<p>Lai efekt\u012bvi diagnostic\u0113tu un nov\u0113rstu probl\u0113mas ar str\u0113les cilindru, \u0146emiet v\u0113r\u0101 \u0161\u0101dus padomus:<\/p>\n<ul>\n<li>Regul\u0101ri veiciet r\u016bp\u012bgas p\u0101rbaudes, lai laikus atkl\u0101tu probl\u0113mas.<\/li>\n<li>Veiciet apkopes \u017eurn\u0101lu, lai laika gait\u0101 izsekotu veiktsp\u0113ju un probl\u0113mas.<\/li>\n<li>Izmantojiet ra\u017eot\u0101ja resursus, lai nov\u0113rstu bie\u017ei sastopamas probl\u0113mas un rastu risin\u0101jumus.<\/li>\n<\/ul>\n<h2>Par m\u016bsu uz\u0146\u0113mumu<\/h2>\n<p>M\u0113s esam rezerves hidraulisko cilindru ra\u017eot\u0101js, kas pied\u0101v\u0101 pla\u0161u produktu kl\u0101stu, lai k\u013c\u016btu par vienu no vado\u0161ajiem hidraulisko cilindru ra\u017eot\u0101jiem un vairumtirgot\u0101jiem viet\u0113j\u0101 un starptautiskaj\u0101 tirg\u016b. M\u0113s iev\u0113rojam izcil\u012bbu kvalit\u0101t\u0113, pa\u013caujoties uz izsmalcin\u0101t\u0101m ra\u017eo\u0161anas strat\u0113\u0123ij\u0101m un augst\u0101k\u0101s klases digit\u0101lo apr\u012bkojumu. M\u016bsu komanda nep\u0101rtraukti uzlabo ra\u017eo\u0161anas platformu, nodro\u0161inot augstu efektivit\u0101ti, precizit\u0101ti un kvalit\u0101ti, lai apmierin\u0101tu da\u017e\u0101das klientu vajadz\u012bbas.<\/p>\n<p><img decoding=\"async\" src=\"https:\/\/www.hydraulic-cylinders.net\/wp-content\/uploads\/2025\/04\/songte-company-4.webp\" alt=\"Uz\u0146\u0113muma p\u0101rskats\"><br \/>\n<img decoding=\"async\" src=\"https:\/\/www.hydraulic-cylinders.net\/wp-content\/uploads\/2025\/04\/songte-company-3.webp\" alt=\"Ra\u017eo\u0161anas iek\u0101rta\"><\/p>\n<h2>Secin\u0101jums<\/h2>\n<p>M\u016bsu ap\u0146em\u0161an\u0101s nodro\u0161in\u0101t kvalit\u0101ti, piel\u0101go\u0161anas pakalpojumus, starptautisk\u0101s sertifik\u0101cijas un p\u0113cp\u0101rdo\u0161anas atbalstu nodro\u0161ina, ka m\u016bsu produkti atbilst augst\u0101kajiem standartiem. M\u0113s esam ap\u0146\u0113mu\u0161ies apkalpot savus klientus ar izciliem hidrauliskajiem risin\u0101jumiem.<\/p>\n<p>Autors: lil<\/p>","protected":false},"excerpt":{"rendered":"<p>Boom Cylinder For Volwa Middle Excavator DLS210-8B Product Overview The Boom Cylinder for the Volwa Middle Excavator DLS210-8B is an essential component in hydraulic systems, specifically designed to control the movement of the excavator&#8217;s arm. This hydraulic cylinder allows the bucket to lift, lower, and tilt, facilitating various material handling tasks. It plays a vital [&hellip;]<\/p>","protected":false},"featured_media":17874,"comment_status":"open","ping_status":"closed","template":"","meta":{"_et_pb_use_builder":"","_et_pb_old_content":"","_et_gb_content_width":""},"product_brand":[],"product_cat":[1546],"product_tag":[1547,1496],"class_list":{"0":"post-19611","1":"product","2":"type-product","3":"status-publish","4":"has-post-thumbnail","6":"product_cat-boom-cylinders","7":"product_tag-boom-cylinders","8":"product_tag-hydraulic-cylinders","10":"first","11":"instock","12":"shipping-taxable","13":"product-type-simple"},"amp_enabled":true,"_links":{"self":[{"href":"https:\/\/www.hydraulic-cylinders.net\/lv\/wp-json\/wp\/v2\/product\/19611","targetHints":{"allow":["GET"]}}],"collection":[{"href":"https:\/\/www.hydraulic-cylinders.net\/lv\/wp-json\/wp\/v2\/product"}],"about":[{"href":"https:\/\/www.hydraulic-cylinders.net\/lv\/wp-json\/wp\/v2\/types\/product"}],"replies":[{"embeddable":true,"href":"https:\/\/www.hydraulic-cylinders.net\/lv\/wp-json\/wp\/v2\/comments?post=19611"}],"wp:featuredmedia":[{"embeddable":true,"href":"https:\/\/www.hydraulic-cylinders.net\/lv\/wp-json\/wp\/v2\/media\/17874"}],"wp:attachment":[{"href":"https:\/\/www.hydraulic-cylinders.net\/lv\/wp-json\/wp\/v2\/media?parent=19611"}],"wp:term":[{"taxonomy":"product_brand","embeddable":true,"href":"https:\/\/www.hydraulic-cylinders.net\/lv\/wp-json\/wp\/v2\/product_brand?post=19611"},{"taxonomy":"product_cat","embeddable":true,"href":"https:\/\/www.hydraulic-cylinders.net\/lv\/wp-json\/wp\/v2\/product_cat?post=19611"},{"taxonomy":"product_tag","embeddable":true,"href":"https:\/\/www.hydraulic-cylinders.net\/lv\/wp-json\/wp\/v2\/product_tag?post=19611"}],"curies":[{"name":"wp","href":"https:\/\/api.w.org\/{rel}","templated":true}]}}