{"id":19612,"date":"2025-04-07T06:57:21","date_gmt":"2025-04-07T06:57:21","guid":{"rendered":"https:\/\/www.hydraulic-cylinders.net\/product\/boom-cylinder-for-volwa-middle-excavator-dls230-8h\/"},"modified":"2025-04-07T06:57:24","modified_gmt":"2025-04-07T06:57:24","slug":"boom-cylinder-for-volwa-middle-excavator-dls230-8h","status":"publish","type":"product","link":"https:\/\/www.hydraulic-cylinders.net\/lv\/products\/boom-cylinder-for-volwa-middle-excavator-dls230-8h\/","title":{"rendered":"Volwa vid\u0113j\u0101 ekskavatora DLS230-8H str\u0113les cilindrs"},"content":{"rendered":"<h1>Volwa vid\u0113j\u0101 ekskavatora DLS230-8H str\u0113les cilindrs<\/h1>\n<h2>Ievads str\u0113les cilindros<\/h2>\n<p>Str\u0113les cilindrs ir b\u016btiska sast\u0101vda\u013ca smago ma\u0161\u012bnu, piem\u0113ram, ekskavatoru, univers\u0101lo iekr\u0101v\u0113ju un front\u0101lo iekr\u0101v\u0113ju, hidrauliskaj\u0101s sist\u0113m\u0101s. Tas ir \u012bpa\u0161i izstr\u0101d\u0101ts, lai kontrol\u0113tu kausa kust\u012bbu, \u013caujot tam efekt\u012bvi pacelt, nolaist un sasv\u0113rties materi\u0101lu apstr\u0101des uzdevumu laik\u0101. \u0160ie cilindri izmanto hidraulisko \u0161\u0137idrumu sp\u0113ka rad\u012b\u0161anai, \u013caujot ma\u0161\u012bnai veikt da\u017e\u0101das darb\u012bbas ar precizit\u0101ti un efektivit\u0101ti.<\/p>\n<p>K\u0101 hidraulisk\u0101 cilindra veids, str\u0113les cilindram ir noz\u012bm\u012bga loma da\u017e\u0101dos pielietojumos da\u017e\u0101d\u0101s nozar\u0113s. Manipul\u0113jot kausa poz\u012bciju, operatori var optimiz\u0113t savu darbpl\u016bsmu un palielin\u0101t produktivit\u0101ti darba viet\u0101s. \u0160\u012b hidraulisk\u0101 sist\u0113ma ir b\u016btiska t\u0101diem uzdevumiem k\u0101 rak\u0161ana, iekrau\u0161ana un materi\u0101lu transport\u0113\u0161ana, padarot to par svar\u012bgu l\u012bdzekli b\u016bvniec\u012bb\u0101, lauksaimniec\u012bb\u0101 un ieguves r\u016bpniec\u012bb\u0101.<\/p>\n<p><img decoding=\"async\" src=\"https:\/\/www.hydraulic-cylinders.net\/wp-content\/uploads\/2025\/04\/songte-company-1.webp\" alt=\"Hidraulisk\u0101 cilindra att\u0113ls\" \/><\/p>\n<h2>Str\u0113les cilindra galven\u0101s iez\u012bmes<\/h2>\n<ul>\n<li><strong>Augsta iztur\u012bba un ilgm\u016b\u017e\u012bba:<\/strong> Izgatavots no augstas stipr\u012bbas t\u0113rauda vai alum\u012bnija, str\u0113les cilindrs var iztur\u0113t augstu spiedienu un lielas slodzes, padarot to piem\u0113rotu skarbiem darba apst\u0101k\u013ciem. T\u0101 konstrukcija ietver nodilumiztur\u012bbu un iztur\u012bbu pret koroziju, lai pagarin\u0101tu t\u0101 kalpo\u0161anas laiku.<\/li>\n<li><strong>Efekt\u012bva hidraulisk\u0101 darb\u012bba:<\/strong> Str\u0113les cilindrs darbojas vienm\u0113r\u012bgi, izmantojot hidraulisk\u0101 \u0161\u0137idruma spiedienu, \u013caujot \u0101tri rea\u0123\u0113t uz vad\u012bbas komand\u0101m un nodro\u0161inot iev\u0113rojamu stum\u0161anas un vilk\u0161anas sp\u0113ku, kas ir ide\u0101li piem\u0113rots smagu priek\u0161metu apstr\u0101dei un sare\u017e\u0123\u012btu uzdevumu veik\u0161anai.<\/li>\n<li><strong>Da\u017e\u0101di veidi:<\/strong> Str\u0113les cilindrs ir pieejams vienk\u0101r\u0161\u0101s darb\u012bbas (hidrauliku izmanto tikai vien\u0101 virzien\u0101) vai divk\u0101r\u0161\u0101s darb\u012bbas (hidrauliku izmanto abos virzienos) konfigur\u0101cij\u0101s, un to var piel\u0101got da\u017e\u0101d\u0101m ekspluat\u0101cijas vajadz\u012bb\u0101m. Da\u017eiem mode\u013ciem ir teleskopiska konstrukcija, kas nodro\u0161ina liel\u0101ku pagarin\u0101jumu, nepalielinot \u0101r\u0113jos izm\u0113rus, kas ir ide\u0101li piem\u0113rots ierobe\u017eotas vietas pielietojumiem.<\/li>\n<li><strong>Piel\u0101gota ra\u017eo\u0161ana:<\/strong> M\u016bsu uz\u0146\u0113mums specializ\u0113jas \u0161o str\u0113les cilindru ra\u017eo\u0161an\u0101, nodro\u0161inot, ka tie ir ide\u0101li piem\u0113roti eso\u0161o hidraulisko cilindru nomai\u0146ai ma\u0161\u012bn\u0101s.<\/li>\n<li><strong>Daudzpus\u012bgi pielietojumi:<\/strong> Str\u0113les cilindru var piel\u0101got da\u017e\u0101diem tehnikas veidiem, uzlabojot t\u0101 lietder\u012bbu da\u017e\u0101dos uzdevumos.<\/li>\n<\/ul>\n<p><img decoding=\"async\" src=\"https:\/\/www.hydraulic-cylinders.net\/wp-content\/uploads\/2025\/04\/songte-cylinder-head-with-all-kinds-excavator-models.webp\" alt=\"Ekskavatora mode\u013cu att\u0113ls\" \/><\/p>\n<h2>Str\u0113les cilindru pielietojums<\/h2>\n<h3>Celtniec\u012bbas apr\u012bkojums<\/h3>\n<p>Ekskavatoros str\u0113les cilindri ir neat\u0146emama sast\u0101vda\u013ca rak\u0161anai, iekrau\u0161anai un augsnes vai gru\u017eu p\u0101rvieto\u0161anai. Tie \u013cauj kausam efekt\u012bvi iek\u013c\u016bt zem\u0113, nodro\u0161inot efekt\u012bvus rak\u0161anas procesus. Ekskavatoros-iekr\u0101v\u0113jos \u0161ie cilindri atvieglo gan rak\u0161anas, gan cel\u0161anas darb\u012bbas, padarot tos par b\u016btiskiem da\u017e\u0101diem b\u016bvniec\u012bbas uzdevumiem.<\/p>\n<h3>Lauksaimniec\u012bbas tehnika<\/h3>\n<p>Front\u0101lajos iekr\u0101v\u0113jos str\u0113les cilindri tiek izmantoti augsnes, siena un citu materi\u0101lu sav\u0101k\u0161anai, pacel\u0161anai un transport\u0113\u0161anai. Tie uzlabo lauksaimniec\u012bbas darb\u012bbu efektivit\u0101ti un lietder\u012bbu, pal\u012bdzot t\u0101dos uzdevumos k\u0101 bar\u012bbas iekrau\u0161ana un beramkravu p\u0101rvieto\u0161ana saimniec\u012bb\u0101s.<\/p>\n<h3>Ekskavatori<\/h3>\n<p>Str\u0113les cilindrs ir \u013coti svar\u012bgs ekskavatoros, \u013caujot kausam iek\u013c\u016bt augsn\u0113 rak\u0161anas darbu veik\u0161anai. \u0160\u012b sp\u0113ja ir b\u016btiska da\u017e\u0101diem b\u016bvniec\u012bbas un ainavu veido\u0161anas darbiem, nodro\u0161inot operatoriem nepiecie\u0161amo jaudu efekt\u012bvu rak\u0161anas darbu veik\u0161anai.<\/p>\n<h3>Iekr\u0101v\u0113ji<\/h3>\n<p>Front\u0101lajos iekr\u0101v\u0113jos str\u0113les cilindri efekt\u012bvi ce\u013c un izg\u0101\u017e kravas. To hidraulisk\u0101 darb\u012bba nodro\u0161ina vienm\u0113r\u012bgas p\u0101rejas un prec\u012bzas kust\u012bbas, nodro\u0161inot dro\u0161\u012bbu un efektivit\u0101ti, str\u0101d\u0101jot ar smagiem materi\u0101liem.<\/p>\n<h2>Dizaina apsv\u0113rumi un atlases krit\u0113riji<\/h2>\n<h3>Kravnes\u012bba<\/h3>\n<p>Projekt\u0113jot str\u0113les cilindru, galvenais apsv\u0113rums ir kravnes\u012bba. Tam j\u0101sp\u0113j iztur\u0113t maksim\u0101lo svaru, kas tiks piem\u0113rots ekspluat\u0101cijas laik\u0101. In\u017eenieri apr\u0113\u0137ina slodzes pras\u012bbas, pamatojoties uz tehnikas specifik\u0101cij\u0101m un uzdevumiem, ko tai paredz\u0113ts veikt. Cilindra izv\u0113le ar atbilsto\u0161u kravnes\u012bbu nodro\u0161ina dro\u0161\u012bbu un efektivit\u0101ti ekspluat\u0101cijas laik\u0101.<\/p>\n<h3>Bl\u012bv\u0113juma veiktsp\u0113ja<\/h3>\n<p>Efekt\u012bvs bl\u012bv\u0113jums ir kritiski svar\u012bgs hidrauliskaj\u0101s sist\u0113m\u0101s. Labi izstr\u0101d\u0101ts bl\u012bv\u0113jums nov\u0113r\u0161 hidraulisk\u0101 \u0161\u0137idruma nopl\u016bdi, nodro\u0161inot optim\u0101lu darb\u012bbu un samazinot apkopes nepiecie\u0161am\u012bbu. Bl\u012bv\u0113jumiem izmantotie materi\u0101li, piem\u0113ram, poliuret\u0101ns un nitrilgumija, ir izv\u0113l\u0113ti, \u0146emot v\u0113r\u0101 to nodilumiztur\u012bbu un ilgm\u016b\u017e\u012bbu, kas veicina str\u0113les cilindra kop\u0113jo ilgm\u016b\u017e\u012bbu.<\/p>\n<h3>Iztur\u012bba<\/h3>\n<p>Iztur\u012bba ir b\u016btiska str\u0113les cilindram, jo \u200b\u200btas darbojas skarbos apst\u0101k\u013cos. Materi\u0101liem un in\u017eeniertehniskajai praksei priorit\u0101te j\u0101pie\u0161\u0137ir iztur\u012bbai pret nodilumu, koroziju un nogurumu. \u0160is apsv\u0113rums nodro\u0161ina, ka cilindrs var iztur\u0113t ikdienas lieto\u0161anas gr\u016bt\u012bbas b\u016bvniec\u012bb\u0101 un lauksaimniec\u012bbas darbos.<\/p>\n<h3>Dro\u0161\u012bbas funkcijas<\/h3>\n<p>Dro\u0161\u012bbas elementu iek\u013cau\u0161ana str\u0113les cilindra konstrukcij\u0101 ir \u013coti svar\u012bga. Tie var ietvert spiediena samazin\u0101\u0161anas v\u0101rstus, kas nov\u0113r\u0161 p\u0101rm\u0113r\u012bga spiediena palielin\u0101\u0161anos, un atteices meh\u0101nismus, kas nodro\u0161ina tehnikas dro\u0161u darb\u012bbu pat nelabv\u0113l\u012bgos apst\u0101k\u013cos. Labi izstr\u0101d\u0101ts cilindrs pie\u0161\u0137ir priorit\u0101ti gan operatoru, gan apk\u0101rt\u0113jo dro\u0161\u012bbai.<\/p>\n<h3>Uzturam\u012bba<\/h3>\n<p>Projekt\u0113jot t\u0101, lai sist\u0113ma b\u016btu viegli apkopjama, ir viegl\u0101k veikt p\u0101rbaudes un remontu. T\u0101das funkcijas k\u0101 pieejami e\u013c\u013co\u0161anas punkti un modul\u0101ras sast\u0101vda\u013cas vienk\u0101r\u0161o apkopes uzdevumus, nodro\u0161inot, ka str\u0113les cilindrs visu t\u0101 kalpo\u0161anas laiku saglab\u0101jas lab\u0101 darba k\u0101rt\u012bb\u0101. Koncentr\u0113\u0161an\u0101s uz apkopi samazina d\u012bkst\u0101ves laiku un uzlabo produktivit\u0101ti.<\/p>\n<p><img decoding=\"async\" src=\"https:\/\/www.hydraulic-cylinders.net\/wp-content\/uploads\/2025\/04\/songte-oil-pipes-and-spare-parts.webp\" alt=\"E\u013c\u013cas caurules un rezerves da\u013cu att\u0113ls\" \/><\/p>\n<h2>Bl\u012bv\u0113\u0161ana un e\u013c\u013co\u0161ana<\/h2>\n<p>Pareiza bl\u012bv\u0113\u0161ana un e\u013c\u013co\u0161ana ir b\u016btiska str\u0113les cilindru efekt\u012bvai darb\u012bbai. Lai nov\u0113rstu hidraulisk\u0101 \u0161\u0137idruma nopl\u016bdi, tiek izmantoti da\u017e\u0101di bl\u012bv\u0113\u0161anas elementi, piem\u0113ram, virzu\u013ca bl\u012bves un stie\u0146a bl\u012bves. \u0160\u012bs bl\u012bves parasti ir izgatavotas no iztur\u012bgiem materi\u0101liem, piem\u0113ram, poliuret\u0101na un nitrila gumijas, kas nodro\u0161ina izcilu nodilumiztur\u012bbu.<\/p>\n<p>Cilindra korpuss un v\u012bt\u0146otie gali tiek pak\u013cauti prec\u012bzai apdares apstr\u0101dei, lai uzlabotu to iztur\u012bbu un nodilumiztur\u012bbu. Regul\u0101ra apkope ietver atbilsto\u0161a hidraulisk\u0101s e\u013c\u013cas daudzuma pievieno\u0161anu, lai nodro\u0161in\u0101tu vienm\u0113r\u012bgu darb\u012bbu un samazin\u0101tu berzi starp kust\u012bgaj\u0101m da\u013c\u0101m. \u0160\u012b e\u013c\u013co\u0161ana ir b\u016btiska, lai nov\u0113rstu priek\u0161laic\u012bgu nodilumu un nodro\u0161in\u0101tu str\u0113les cilindra ilgm\u016b\u017e\u012bbu.<\/p>\n<h2>Regul\u0101ra p\u0101rbaude un profilaktisk\u0101 apkope<\/h2>\n<ul>\n<li><strong>Regul\u0101ras p\u0101rbaudes:<\/strong> Regul\u0101ri veiciet p\u0101rbaudes, lai p\u0101rbaud\u012btu, vai nav nopl\u016b\u017eu, nodiluma un citu boj\u0101jumu paz\u012bmju. Probl\u0113mu agr\u012bna atkl\u0101\u0161ana var nov\u0113rst nopietn\u0101kas probl\u0113mas un d\u0101rgus remontdarbus.<\/li>\n<li><strong>Pareiza e\u013c\u013co\u0161ana:<\/strong> P\u0101rliecinieties, vai str\u0113les cilindrs ir pien\u0101c\u012bgi iee\u013c\u013cots, lai nodro\u0161in\u0101tu vienm\u0113r\u012bgu darb\u012bbu un samazin\u0101tu nodilumu. Izmantojiet augstas kvalit\u0101tes hidraulisko e\u013c\u013cu un iev\u0113rojiet ra\u017eot\u0101ja nor\u0101d\u012bjumus par e\u013c\u013co\u0161anas grafikiem.<\/li>\n<li><strong>Bl\u012bv\u0113juma nomai\u0146a:<\/strong> Regul\u0101ri p\u0101rbaudiet bl\u012bv\u0113jumu st\u0101vokli un nomainiet tos p\u0113c nepiecie\u0161am\u012bbas. Nolietoti vai boj\u0101ti bl\u012bv\u0113jumi var izrais\u012bt hidraulisk\u0101 \u0161\u0137idruma nopl\u016bdes, apdraudot cilindra darb\u012bbu un dro\u0161\u012bbu.<\/li>\n<\/ul>\n<h2>Uzst\u0101d\u012b\u0161anas vadl\u012bnijas<\/h2>\n<p>Str\u0113les cilindra uzst\u0101d\u012b\u0161ana prasa r\u016bp\u012bgu uzman\u012bbu deta\u013c\u0101m, lai nodro\u0161in\u0101tu optim\u0101lu veiktsp\u0113ju. Vispirms p\u0101rliecinieties, vai cilindrs ir pareizi izl\u012bdzin\u0101ts ar tehnikas stiprin\u0101juma punktiem. Nepareiza izl\u012bdzin\u0101\u0161ana var izrais\u012bt priek\u0161laic\u012bgu nodilumu un boj\u0101jumus.<\/p>\n<p>Izmantojiet atbilsto\u0161us mont\u0101\u017eas kron\u0161teinus, lai nostiprin\u0101tu cilindru viet\u0101, p\u0101rliecinoties, ka tas ir stingri piestiprin\u0101ts pie ma\u0161\u012bnas r\u0101mja. Pirms uzst\u0101d\u012b\u0161anas pabeig\u0161anas v\u0113lreiz p\u0101rbaudiet visus hidrauliskos savienojumus, vai nav nopl\u016b\u017eu un vai tie ir pareizi savienoti. Ra\u017eot\u0101ja nor\u0101d\u012bjumu iev\u0113ro\u0161ana uzst\u0101d\u012b\u0161anai ir \u013coti svar\u012bga, lai sasniegtu vislab\u0101ko str\u0113les cilindra veiktsp\u0113ju un kalpo\u0161anas laiku.<\/p>\n<h2>Bie\u017ei sastopamie apkopes uzdevumi<\/h2>\n<ul>\n<li><strong>Regul\u0101ras p\u0101rbaudes:<\/strong> Veiciet p\u0101rbaudes, lai atkl\u0101tu jebk\u0101das nodiluma vai boj\u0101jumu paz\u012bmes. Jebk\u0101du neatbilst\u012bbu nov\u0113ro\u0161ana var pal\u012bdz\u0113t risin\u0101t probl\u0113mas, pirms t\u0101s saasin\u0101s.<\/li>\n<li><strong>Piem\u0113rota e\u013c\u013co\u0161ana:<\/strong> P\u0101rliecinieties, ka e\u013c\u013co\u0161ana tiek veikta saska\u0146\u0101 ar ieteicamo grafiku. \u0160\u012b prakse samazina berzi un nodilumu, t\u0101d\u0113j\u0101di pagarinot cilindra kalpo\u0161anas laiku.<\/li>\n<li><strong>Bl\u012bv\u0113juma nomai\u0146a:<\/strong> Regul\u0101ri uzraugiet bl\u012bv\u0113jumu st\u0101vokli un nomainiet tos p\u0113c nepiecie\u0161am\u012bbas. Nolietoti bl\u012bv\u0113jumi var izrais\u012bt hidraulisk\u0101 \u0161\u0137idruma nopl\u016bdes, kas ietekm\u0113 veiktsp\u0113ju.<\/li>\n<\/ul>\n<h2>Dro\u0161\u012bbas apsv\u0113rumi un vides faktori<\/h2>\n<p>Str\u0101d\u0101jot ar str\u0113les cilindriem, dro\u0161\u012bbas pas\u0101kumi ir \u0101rk\u0101rt\u012bgi svar\u012bgi. Operatoriem j\u0101valk\u0101 atbilsto\u0161i individu\u0101lie aizsardz\u012bbas l\u012bdzek\u013ci (IAL) un j\u0101b\u016bt apm\u0101c\u012btiem dro\u0161\u0101s ekspluat\u0101cijas proced\u016br\u0101s. Ir ar\u012b svar\u012bgi nodro\u0161in\u0101t, lai hidraulisk\u0101 sist\u0113ma b\u016btu lab\u0101 st\u0101vokl\u012b, lai nov\u0113rstu negad\u012bjumus. J\u0101\u0146em v\u0113r\u0101 vides faktori, piem\u0113ram, pak\u013cau\u0161ana ekstrem\u0101l\u0101m temperat\u016br\u0101m un kod\u012bgiem materi\u0101liem, jo \u200b\u200btie var ietekm\u0113t str\u0113les cilindra integrit\u0101ti.<\/p>\n<h2>Probl\u0113mu nov\u0113r\u0161ana un bie\u017ei sastopamas probl\u0113mas<\/h2>\n<ul>\n<li><strong>Hidraulisk\u0101 \u0161\u0137idruma nopl\u016bde:<\/strong> Ja tiek konstat\u0113ta hidraulisk\u0101 \u0161\u0137idruma nopl\u016bde, p\u0101rbaudiet bl\u012bves un savienojumus, vai tie nav nodilu\u0161i vai boj\u0101ti. Nodilu\u0161o bl\u012bvju nomai\u0146a un cie\u0161u savienojumu nodro\u0161in\u0101\u0161ana var atrisin\u0101t \u0161o probl\u0113mu.<\/li>\n<li><strong>Slikta veiktsp\u0113ja:<\/strong> Ja str\u0113les cilindrs nerea\u0123\u0113, k\u0101 paredz\u0113ts, p\u0101rbaudiet, vai hidrauliskaj\u0101s l\u012bnij\u0101s nav aizsprostojumu vai zema \u0161\u0137idruma l\u012bme\u0146a. \u0160o probl\u0113mu nov\u0113r\u0161ana var atjaunot optim\u0101lu darb\u012bbu.<\/li>\n<li><strong>Neparastas ska\u0146as:<\/strong> Neparastas ska\u0146as darb\u012bbas laik\u0101 var liecin\u0101t par iek\u0161\u0113ju nodilumu vai boj\u0101jumiem. P\u0101rbaudiet cilindru, vai nav redzamu boj\u0101jumu paz\u012bmju, un, ja nepiecie\u0161ams, apsveriet iesp\u0113ju konsult\u0113ties ar speci\u0101listu.<\/li>\n<\/ul>\n<p>Prevent\u012bvo pas\u0101kumu ievie\u0161ana var samazin\u0101t iesp\u0113jam\u0101s probl\u0113mas un pagarin\u0101t str\u0113les cilindra kalpo\u0161anas laiku. Regul\u0101ra apkope, p\u0101rbaudes un savlaic\u012bga probl\u0113mu nov\u0113r\u0161ana ir galven\u0101s strat\u0113\u0123ijas, lai nodro\u0161in\u0101tu ilgtermi\u0146a funkcionalit\u0101ti.<\/p>\n<p><img decoding=\"async\" src=\"https:\/\/www.hydraulic-cylinders.net\/wp-content\/uploads\/2025\/04\/songte-bushings-with-all-kinds-of-excavator-models.webp\" alt=\"Bukses att\u0113ls\" \/><\/p>\n<h2>Par m\u016bsu uz\u0146\u0113mumu<\/h2>\n<p>M\u0113s esam vado\u0161ais rezerves hidraulisko cilindru ra\u017eot\u0101js un vairumtirdzniec\u012bbas izplat\u012bt\u0101js, kas paz\u012bstams ar pla\u0161u produktu kl\u0101stu un ap\u0146em\u0161anos nodro\u0161in\u0101t kvalit\u0101ti. M\u016bsu uz\u0146\u0113mums ir k\u013cuvis par iev\u0113rojamu sp\u0113l\u0113t\u0101ju gan viet\u0113j\u0101, gan starptautiskaj\u0101 tirg\u016b.<\/p>\n<p>M\u0113s iev\u0113rojam izcil\u012bbas kvalit\u0101tes filozofiju, izmantojot progres\u012bvas ra\u017eo\u0161anas strat\u0113\u0123ijas un digit\u0101lu augstas klases apr\u012bkojumu. M\u016bsu ra\u017eo\u0161anas vad\u012bbas sist\u0113ma koncentr\u0113jas uz nep\u0101rtrauktu uzlabo\u0161anu, izmantojot kvalific\u0113tu tehnisko person\u0101lu un profesion\u0101las test\u0113\u0161anas sist\u0113mas, lai uzlabotu m\u016bsu ra\u017eo\u0161anas iesp\u0113jas.<\/p>\n<p>M\u016bsu ap\u0146em\u0161an\u0101s nodro\u0161in\u0101t augstu efektivit\u0101ti, precizit\u0101ti un kvalit\u0101ti \u013cauj mums apmierin\u0101t da\u017e\u0101das klientu vajadz\u012bbas. M\u0113s pied\u0101v\u0101jam piel\u0101gotus pakalpojumus, kas piel\u0101goti konkr\u0113t\u0101m pras\u012bb\u0101m, nodro\u0161inot, ka m\u016bsu produkti ir ne tikai uzticami, bet ar\u012b piem\u0113roti da\u017e\u0101diem lietojumiem.<\/p>\n<p><img decoding=\"async\" src=\"https:\/\/www.hydraulic-cylinders.net\/wp-content\/uploads\/2025\/04\/songte-company-4.webp\" alt=\"Uz\u0146\u0113muma t\u0113ls\" \/><br \/>\n<img decoding=\"async\" src=\"https:\/\/www.hydraulic-cylinders.net\/wp-content\/uploads\/2025\/04\/songte-company-3.webp\" alt=\"Uz\u0146\u0113muma t\u0113ls\" \/><\/p>\n<p>Autors: lil<\/p>","protected":false},"excerpt":{"rendered":"<p>Boom Cylinder For Volwa Middle Excavator DLS230-8H Introduction to Boom Cylinders The boom cylinder is a crucial component in the hydraulic systems of heavy machinery such as excavators, backhoe loaders, and front loaders. It is specifically designed to control the movement of the bucket, allowing it to lift, lower, and tilt efficiently during material handling [&hellip;]<\/p>","protected":false},"featured_media":17875,"comment_status":"open","ping_status":"closed","template":"","meta":{"_et_pb_use_builder":"","_et_pb_old_content":"","_et_gb_content_width":""},"product_brand":[],"product_cat":[1546],"product_tag":[1547,1496],"class_list":{"0":"post-19612","1":"product","2":"type-product","3":"status-publish","4":"has-post-thumbnail","6":"product_cat-boom-cylinders","7":"product_tag-boom-cylinders","8":"product_tag-hydraulic-cylinders","10":"first","11":"instock","12":"shipping-taxable","13":"product-type-simple"},"amp_enabled":true,"_links":{"self":[{"href":"https:\/\/www.hydraulic-cylinders.net\/lv\/wp-json\/wp\/v2\/product\/19612","targetHints":{"allow":["GET"]}}],"collection":[{"href":"https:\/\/www.hydraulic-cylinders.net\/lv\/wp-json\/wp\/v2\/product"}],"about":[{"href":"https:\/\/www.hydraulic-cylinders.net\/lv\/wp-json\/wp\/v2\/types\/product"}],"replies":[{"embeddable":true,"href":"https:\/\/www.hydraulic-cylinders.net\/lv\/wp-json\/wp\/v2\/comments?post=19612"}],"wp:featuredmedia":[{"embeddable":true,"href":"https:\/\/www.hydraulic-cylinders.net\/lv\/wp-json\/wp\/v2\/media\/17875"}],"wp:attachment":[{"href":"https:\/\/www.hydraulic-cylinders.net\/lv\/wp-json\/wp\/v2\/media?parent=19612"}],"wp:term":[{"taxonomy":"product_brand","embeddable":true,"href":"https:\/\/www.hydraulic-cylinders.net\/lv\/wp-json\/wp\/v2\/product_brand?post=19612"},{"taxonomy":"product_cat","embeddable":true,"href":"https:\/\/www.hydraulic-cylinders.net\/lv\/wp-json\/wp\/v2\/product_cat?post=19612"},{"taxonomy":"product_tag","embeddable":true,"href":"https:\/\/www.hydraulic-cylinders.net\/lv\/wp-json\/wp\/v2\/product_tag?post=19612"}],"curies":[{"name":"wp","href":"https:\/\/api.w.org\/{rel}","templated":true}]}}