{"id":19613,"date":"2025-04-07T06:57:24","date_gmt":"2025-04-07T06:57:24","guid":{"rendered":"https:\/\/www.hydraulic-cylinders.net\/product\/boom-cylinder-for-volwa-middle-excavator-dls270-8b\/"},"modified":"2025-04-07T06:57:27","modified_gmt":"2025-04-07T06:57:27","slug":"boom-cylinder-for-volwa-middle-excavator-dls270-8b","status":"publish","type":"product","link":"https:\/\/www.hydraulic-cylinders.net\/lv\/products\/boom-cylinder-for-volwa-middle-excavator-dls270-8b\/","title":{"rendered":"Volwa vid\u0113j\u0101 ekskavatora DLS270-8B str\u0113les cilindrs"},"content":{"rendered":"<h1>Volwa vid\u0113j\u0101 ekskavatora DLS270-8B str\u0113les cilindrs<\/h1>\n<h2>Produkta p\u0101rskats<\/h2>\n<p>Volwa vid\u0113j\u0101 ekskavatora DLS270-8B str\u0113les cilindrs ir b\u016btiska smago ma\u0161\u012bnu sast\u0101vda\u013ca, kas \u012bpa\u0161i paredz\u0113ta ekskavatora str\u0113les kust\u012bbas vad\u012bbai. \u0160im hidrauliskajam cilindram ir iz\u0161\u0137iro\u0161a noz\u012bme da\u017e\u0101du smago ma\u0161\u012bnu darb\u012bb\u0101, nodro\u0161inot efekt\u012bvu materi\u0101lu apstr\u0101di b\u016bvniec\u012bbas un rak\u0161anas darbos.<\/p>\n<p>K\u0101 specializ\u0113ts hidrauliskais cilindrs, kausa cilindrs \u013cauj pacelt, nolaist un noliekt str\u0113li, atvieglojot da\u017e\u0101das materi\u0101lu apstr\u0101des darb\u012bbas. \u0160\u012b funkcionalit\u0101te ir vit\u0101li svar\u012bga t\u0101d\u0101s lietojumprogramm\u0101s k\u0101 rak\u0161ana, iekrau\u0161ana un zemes vai gru\u017eu p\u0101rvieto\u0161ana. Hidraulisk\u0101 sist\u0113ma kust\u012bbas rad\u012b\u0161anai izmanto spiediena \u0161\u0137idrumu, nodro\u0161inot vienm\u0113r\u012bgas un sp\u0113c\u012bgas kust\u012bbas, kas ir b\u016btiskas lieljaudas uzdevumiem.<\/p>\n<p><img decoding=\"async\" src=\"https:\/\/www.hydraulic-cylinders.net\/wp-content\/uploads\/2025\/04\/songte-company-1.webp\" alt=\"Str\u0113les cilindrs\" \/><\/p>\n<h2>Galven\u0101s iez\u012bmes<\/h2>\n<ul>\n<li><strong>Augsta iztur\u012bba un ilgm\u016b\u017e\u012bba:<\/strong> Izgatavots no augstas stipr\u012bbas t\u0113rauda vai alum\u012bnija, \u0161is cilindrs var iztur\u0113t augstu spiedienu un lielas slodzes, padarot to piem\u0113rotu skarbiem darba apst\u0101k\u013ciem. T\u0101 konstrukcija ir paredz\u0113ta nodilumiztur\u012bbai un aizsardz\u012bbai pret koroziju, pagarinot t\u0101 kalpo\u0161anas laiku.<\/li>\n<li><strong>Efekt\u012bva hidraulisk\u0101 darb\u012bba:<\/strong> Izmanto hidraulisk\u0101 \u0161\u0137idruma spiedienu vienm\u0113r\u012bgai izvilk\u0161anai un ievilk\u0161anai, \u0101tri rea\u0123\u0113jot uz darb\u012bbas komand\u0101m un nodro\u0161inot iev\u0113rojamu stum\u0161anas un vilk\u0161anas sp\u0113ku, kas ir ide\u0101li piem\u0113rots smagu un sare\u017e\u0123\u012btu uzdevumu veik\u0161anai.<\/li>\n<li><strong>Da\u017e\u0101di veidi:<\/strong> Pieejams vienas darb\u012bbas (izmantojot hidrauliku vien\u0101 virzien\u0101) vai divk\u0101r\u0161as darb\u012bbas (izmantojot hidrauliku abos virzienos) konfigur\u0101cij\u0101s, kas piel\u0101gotas da\u017e\u0101d\u0101m ekspluat\u0101cijas vajadz\u012bb\u0101m, da\u017eiem mode\u013ciem ir teleskopiska konstrukcija, kas nodro\u0161ina liel\u0101ku pagarin\u0101jumu, nepalielinot \u0101r\u0113jos izm\u0113rus.<\/li>\n<\/ul>\n<p>M\u0113s ra\u017eojam \u0161o produktu, un m\u016bsu produkti var lieliski aizst\u0101t \u0161os hidrauliskos cilindrus.<\/p>\n<p><img decoding=\"async\" src=\"https:\/\/www.hydraulic-cylinders.net\/wp-content\/uploads\/2025\/04\/songte-cylinder-head-with-all-kinds-excavator-models.webp\" alt=\"Ekskavatoru mode\u013ci\" \/><\/p>\n<h2>Pieteikumi<\/h2>\n<h3>Celtniec\u012bbas apr\u012bkojums<\/h3>\n<p>Str\u0113les cilindrs ir neat\u0146emama ekskavatoru sast\u0101vda\u013ca, kas ir \u013coti svar\u012bga rak\u0161anai, iekrau\u0161anai un augsnes vai gru\u017eu p\u0101rvieto\u0161anai. Ekskavatoros kausa cilindrs pal\u012bdz gan rak\u0161anas, gan cel\u0161anas oper\u0101cij\u0101s, padarot to daudzpus\u012bgu b\u016bvniec\u012bbas darbiem.<\/p>\n<h3>Lauksaimniec\u012bbas tehnika<\/h3>\n<p>Front\u0101lajos iekr\u0101v\u0113jos kausa cilindrs tiek izmantots augsnes, siena un citu materi\u0101lu sav\u0101k\u0161anai, cel\u0161anai un transport\u0113\u0161anai. T\u0101 efektivit\u0101te \u0161aj\u0101s lom\u0101s palielina produktivit\u0101ti lauksaimniec\u012bbas vid\u0113.<\/p>\n<h3>Ekskavatori<\/h3>\n<p>The bucket cylinder allows the excavator&#8217;s bucket to penetrate the soil, facilitating effective digging actions that are essential to construction and site preparation processes.<\/p>\n<h3>Iekr\u0101v\u0113ji<\/h3>\n<p>Front\u0101lajos iekr\u0101v\u0113jos str\u0113les cilindri pal\u012bdz efekt\u012bvi pacelt un izkraut kravas, t\u0101d\u0113j\u0101di veicinot efekt\u012bvu materi\u0101lu apstr\u0101di un darb\u012bbas efektivit\u0101ti da\u017e\u0101d\u0101s nozar\u0113s.<\/p>\n<h2>Dizaina apsv\u0113rumi un atlases krit\u0113riji<\/h2>\n<h3>Kravnes\u012bba<\/h3>\n<p>Str\u0113les cilindra kravnes\u012bbas nov\u0113rt\u0113\u0161ana ir kritiski svar\u012bga. Konstrukcijai ir j\u0101iztur ekskavatora maksim\u0101lais svars, nodro\u0161inot dro\u0161\u012bbu un funkcionalit\u0101ti ekspluat\u0101cijas laik\u0101. Labi izstr\u0101d\u0101ts hidrauliskais cilindrs nov\u0113rs\u012bs boj\u0101jumus slodzes ietekm\u0113, \u013caujot nodro\u0161in\u0101t uzticamu darb\u012bbu laika gait\u0101.<\/p>\n<h3>Bl\u012bv\u0113juma veiktsp\u0113ja<\/h3>\n<p>Sealing is vital in maintaining hydraulic pressure and preventing leaks. High-quality seals such as piston seals and rod seals made from durable materials like polyurethane and nitrile rubber enhance the cylinder&#8217;s performance and longevity. Properly sealed hydraulic cylinders contribute to efficient operation and reduce maintenance needs.<\/p>\n<h3>Iztur\u012bba<\/h3>\n<p>Iztur\u012bba ir galvenais apsv\u0113rums hidraulisko cilindru projekt\u0113\u0161an\u0101. Tiem j\u0101iztur ekstrem\u0101li apst\u0101k\u013ci, tostarp augsts spiediens un main\u012bga temperat\u016bra. B\u016bvniec\u012bb\u0101 izmantotajiem materi\u0101liem j\u0101b\u016bt iztur\u012bgiem pret nodilumu un koroziju, nodro\u0161inot ilgtermi\u0146a uzticam\u012bbu un veiktsp\u0113ju.<\/p>\n<h3>Dro\u0161\u012bbas funkcijas<\/h3>\n<p>Dro\u0161\u012bbas funkciju iek\u013cau\u0161ana hidraulisk\u0101 cilindra konstrukcij\u0101 ir b\u016btiska, lai nov\u0113rstu negad\u012bjumus darb\u012bbas laik\u0101. Dro\u0161\u012bbas v\u0101rsti, p\u0101rslodzes aizsardz\u012bba un pareiza mont\u0101\u017ea var samazin\u0101t ar hidrauliskaj\u0101m iek\u0101rt\u0101m saist\u012btos riskus, veicinot dro\u0161u lieto\u0161anu da\u017e\u0101d\u0101s vid\u0113s.<\/p>\n<h3>Uzturam\u012bba<\/h3>\n<p>Hidrauliskajiem cilindriem ir \u013coti svar\u012bgi viegli veikt apkopi. Konstrukcij\u0101m j\u0101b\u016bt t\u0101d\u0101m, lai t\u0101s b\u016btu viegli p\u0101rbaud\u012bt, nomain\u012bt bl\u012bves un e\u013c\u013cot. Tas samazina d\u012bkst\u0101ves laiku un uzlabo iek\u0101rtu darb\u012bbas kop\u0113jo efektivit\u0101ti, nodro\u0161inot, ka jebkuras probl\u0113mas var \u0101tri risin\u0101t.<\/p>\n<p><img decoding=\"async\" src=\"https:\/\/www.hydraulic-cylinders.net\/wp-content\/uploads\/2025\/04\/songte-oil-pipes-and-spare-parts.webp\" alt=\"Hidraulisk\u0101s da\u013cas\" \/><\/p>\n<h2>Bl\u012bv\u0113\u0161ana un e\u013c\u013co\u0161ana<\/h2>\n<p>Hidraulisko cilindru bl\u012bv\u0113\u0161ana un e\u013c\u013co\u0161ana ir kritiski svar\u012bga to darb\u012bbai. Da\u017e\u0101di bl\u012bv\u0113jumi, tostarp virzu\u013ca un stie\u0146a bl\u012bv\u0113jumi, ir svar\u012bgi, lai uztur\u0113tu hidraulisko spiedienu un nov\u0113rstu nopl\u016bdes. Bl\u012bv\u0113jumi, kas izgatavoti no nodilumiztur\u012bgiem materi\u0101liem, piem\u0113ram, poliuret\u0101na un nitrila gumijas, nodro\u0161ina ilgm\u016b\u017e\u012bbu un uzticam\u012bbu.<\/p>\n<p>Cilindra korpuss un v\u012bt\u0146ot\u0101s gala virsmas tiek prec\u012bzi apstr\u0101d\u0101tas, lai uzlabotu nodilumiztur\u012bbu. Lai uztur\u0113tu optim\u0101lu darb\u012bbu, samazinot kust\u012bgo da\u013cu berzi un nodilumu, nepiecie\u0161ama regul\u0101ra e\u013c\u013co\u0161ana ar atbilsto\u0161u hidraulisko e\u013c\u013cu.<\/p>\n<h2>Prevent\u012bvie apkopes pas\u0101kumi<\/h2>\n<ul>\n<li><strong>Regul\u0101ras p\u0101rbaudes:<\/strong> Regul\u0101ru hidraulisko cilindru p\u0101rbau\u017eu veik\u0161ana ir \u013coti svar\u012bga, lai noteiktu nodilumu, nodro\u0161inot potenci\u0101lo probl\u0113mu agr\u012bnu atkl\u0101\u0161anu, pirms t\u0101s noved pie k\u013c\u016bm\u0113m.<\/li>\n<li><strong>Piem\u0113rota e\u013c\u013co\u0161ana:<\/strong> Pareiza e\u013c\u013co\u0161ana samazina berzi un nodilumu, pagarinot hidraulisk\u0101 cilindra kalpo\u0161anas laiku. P\u0101rliecinieties, vai tiek izmantots pareizais hidraulisk\u0101s e\u013c\u013cas veids un uzkl\u0101ts ar ieteicamajiem interv\u0101liem.<\/li>\n<li><strong>Bl\u012bv\u0113juma nomai\u0146a:<\/strong> Regul\u0101ri p\u0101rbaudiet un nomainiet bl\u012bves apkopes ietvaros, lai uztur\u0113tu veiktsp\u0113ju un nov\u0113rstu nopl\u016bdes, nodro\u0161inot hidraulisk\u0101s sist\u0113mas ilgm\u016b\u017e\u012bbu.<\/li>\n<\/ul>\n<h2>Instal\u0101cijas rokasgr\u0101mata<\/h2>\n<p>Proper installation of the boom cylinder is crucial for optimal performance. Ensure that the installation area is clean and free of debris. Align the hydraulic cylinder correctly with the mounting brackets, ensuring that all bolts are tightened to the manufacturer&#8217;s specifications.<\/p>\n<p>Uzst\u0101d\u012b\u0161anas laik\u0101 izmantojiet atbilsto\u0161us uzst\u0101d\u012b\u0161anas balstus, lai nostiprin\u0101tu cilindru viet\u0101. Pirms mont\u0101\u017eas pabeig\u0161anas ir svar\u012bgi p\u0101rbaud\u012bt, vai cilindrs ir pareizi izl\u012bdzin\u0101ts, lai nov\u0113rstu nepareizas izl\u012bdzin\u0101\u0161anas probl\u0113mas, kas var\u0113tu ietekm\u0113t darb\u012bbu.<\/p>\n<p>After installation, test the hydraulic system for leaks and ensure that the cylinder moves freely without obstruction. Follow the manufacturer&#8217;s guidelines for any specific installation requirements.<\/p>\n<h2>Apkopes uzdevumi<\/h2>\n<ul>\n<li><strong>Regul\u0101ras p\u0101rbaudes:<\/strong> Regul\u0101ras hidraulisk\u0101 cilindra p\u0101rbaudes var pal\u012bdz\u0113t laikus atkl\u0101t probl\u0113mas. P\u0101rbau\u017eu laik\u0101 mekl\u0113jiet nodiluma, nopl\u016b\u017eu vai nepareizas izl\u012bdzin\u0101\u0161anas paz\u012bmes.<\/li>\n<li><strong>Pareiza e\u013c\u013co\u0161ana:<\/strong> Nodro\u0161iniet, lai hidraulisk\u0101 e\u013c\u013ca tiktu papildin\u0101ta atbilsto\u0161os interv\u0101los, lai uztur\u0113tu cilindra funkcionalit\u0101ti un pagarin\u0101tu t\u0101 kalpo\u0161anas laiku.<\/li>\n<li><strong>Bl\u012bv\u0113juma nomai\u0146a:<\/strong> Regul\u0101ri p\u0101rbaudiet bl\u012bves un nomainiet t\u0101s p\u0113c nepiecie\u0161am\u012bbas, lai uztur\u0113tu hidraulisko spiedienu un nov\u0113rstu nopl\u016bdes.<\/li>\n<\/ul>\n<p>Correct installation, lubrication, and adjustments are crucial for the efficiency of hydraulic cylinders. During installation, ensure the cylinder is properly aligned. Using appropriate mounting brackets is recommended to secure the cylinder effectively. Implementing a routine check, repair, and replacement program will help maintain the cylinder&#8217;s performance and extend its service life.<\/p>\n<p><img decoding=\"async\" src=\"https:\/\/www.hydraulic-cylinders.net\/wp-content\/uploads\/2025\/04\/songte-chushion-collar.webp\" alt=\"Spilvenu apkakle\" \/><\/p>\n<h2>Dro\u0161\u012bbas apsv\u0113rumi un vides faktori<\/h2>\n<p>When using hydraulic cylinders, implementing safety measures is essential. Operators should be trained to understand the equipment&#8217;s operational limits and safety features. Ensuring that safety protocols are followed minimizes the risk of accidents and injuries associated with hydraulic machinery.<\/p>\n<h2>K\u013c\u016bmju diagnostika un bie\u017e\u0101k sastopam\u0101s probl\u0113mas<\/h2>\n<ul>\n<li><strong>Hidraulisk\u0101s nopl\u016bdes:<\/strong> Hidrauliskaj\u0101s sist\u0113m\u0101s nopl\u016bdes bie\u017ei vien var rasties nolietotu bl\u012bv\u0113jumu vai boj\u0101tu \u0161\u013c\u016bte\u0146u d\u0113\u013c. \u0160o probl\u0113mu savlaic\u012bga nov\u0113r\u0161ana ir \u013coti svar\u012bga, lai saglab\u0101tu sist\u0113mas efektivit\u0101ti.<\/li>\n<li><strong>Slikta darb\u012bba:<\/strong> Ja str\u0113les cilindrs nedarbojas vienm\u0113r\u012bgi, tas var liecin\u0101t par zemu hidraulisk\u0101 \u0161\u0137idruma l\u012bmeni vai cilindra iek\u0161\u0113jo boj\u0101jumu. Regul\u0101ras p\u0101rbaudes un apkope var nov\u0113rst \u0161\u012bs probl\u0113mas.<\/li>\n<li><strong>Neparastas ska\u0146as:<\/strong> Trok\u0161\u0146i darb\u012bbas laik\u0101 var liecin\u0101t par t\u0101d\u0101m probl\u0113m\u0101m k\u0101 nepietiekama e\u013c\u013co\u0161ana vai meh\u0101niski boj\u0101jumi. \u0160o ska\u0146u agr\u012bna identific\u0113\u0161ana un nov\u0113r\u0161ana var samazin\u0101t nopietnu boj\u0101jumu risku.<\/li>\n<\/ul>\n<h2>Padomi k\u013c\u016bmju nov\u0113r\u0161anai<\/h2>\n<p>To effectively diagnose and resolve issues with hydraulic cylinders, operators should follow a systematic approach. Begin by identifying symptoms such as leaks, poor function, or strange noises. Check the hydraulic fluid levels and inspect seals and hoses for wear or damage. If issues persist, consult the manufacturer&#8217;s guidelines for troubleshooting specific problems.<\/p>\n<p>Prevent\u012bvie pas\u0101kumi, piem\u0113ram, regul\u0101ra apkope un nolietoto deta\u013cu savlaic\u012bga nomai\u0146a, var iev\u0113rojami samazin\u0101t probl\u0113mu ra\u0161an\u0101s iesp\u0113jam\u012bbu, nodro\u0161inot hidraulisk\u0101s sist\u0113mas nevainojamu darb\u012bbu.<\/p>\n<p><img decoding=\"async\" src=\"https:\/\/www.hydraulic-cylinders.net\/wp-content\/uploads\/2025\/04\/songte-bushings-with-all-kinds-of-excavator-models.webp\" alt=\"Bukses\" \/><\/p>\n<h2>Par m\u016bsu uz\u0146\u0113mumu<\/h2>\n<p>M\u0113s esam rezerves hidraulisko cilindru ra\u017eot\u0101js, pied\u0101v\u0101jot pla\u0161u produktu kl\u0101stu. M\u016bsu uz\u0146\u0113mums ir k\u013cuvis par vienu no vado\u0161ajiem hidraulisko cilindru ra\u017eot\u0101jiem un vairumtirgot\u0101jiem viet\u0113j\u0101 un starptautiskaj\u0101 tirg\u016b. M\u0113s iev\u0113rojam izcil\u012bbas principus, pa\u013caujoties uz prec\u012bzi izstr\u0101d\u0101tu ra\u017eo\u0161anas vad\u012bbas strat\u0113\u0123iju.<\/p>\n<p>M\u016bsu pieeja koncentr\u0113jas uz kvalific\u0113ta person\u0101la, modernu digit\u0101lo ra\u017eo\u0161anas iek\u0101rtu un profesion\u0101lu test\u0113\u0161anas sist\u0113mu izmanto\u0161anu, lai uzlabotu m\u016bsu ra\u017eo\u0161anas jaudas. M\u0113s nep\u0101rtraukti uzlabojam savus ra\u017eo\u0161anas procesus, nodro\u0161inot augstas kvalit\u0101tes ra\u017eo\u0161anas mar\u0161rutus un sp\u0113c\u012bgas rado\u0161\u0101s iesp\u0113jas, lai apmierin\u0101tu da\u017e\u0101das klientu vajadz\u012bbas.<\/p>\n<p>Ar ap\u0146em\u0161anos nodro\u0161in\u0101t profesionalit\u0101ti, starptautisku sertifik\u0101ciju, piel\u0101gotus pakalpojumus, modernu ra\u017eo\u0161anas apr\u012bkojumu un visaptvero\u0161u p\u0113cp\u0101rdo\u0161anas atbalstu m\u0113s cen\u0161amies sniegt m\u016bsu klientiem lab\u0101kos risin\u0101jumus.<\/p>\n<p><img decoding=\"async\" src=\"https:\/\/www.hydraulic-cylinders.net\/wp-content\/uploads\/2025\/04\/songte-company-4.webp\" alt=\"Uz\u0146\u0113muma p\u0101rskats\" \/><br \/>\n<img decoding=\"async\" src=\"https:\/\/www.hydraulic-cylinders.net\/wp-content\/uploads\/2025\/04\/songte-company-3.webp\" alt=\"Uz\u0146\u0113muma telpas\" \/><\/p>\n<p>Autors: lil<\/p>","protected":false},"excerpt":{"rendered":"<p>Boom Cylinder For Volwa Middle Excavator DLS270-8B Product Overview The Boom Cylinder for Volwa Middle Excavator DLS270-8B is an essential component of heavy machinery, specifically designed to control the movement of the boom on excavators. This hydraulic cylinder plays a crucial role in the operation of various heavy equipment, ensuring efficient handling of materials in [&hellip;]<\/p>","protected":false},"featured_media":17876,"comment_status":"open","ping_status":"closed","template":"","meta":{"_et_pb_use_builder":"","_et_pb_old_content":"","_et_gb_content_width":""},"product_brand":[],"product_cat":[1546],"product_tag":[1547,1496],"class_list":{"0":"post-19613","1":"product","2":"type-product","3":"status-publish","4":"has-post-thumbnail","6":"product_cat-boom-cylinders","7":"product_tag-boom-cylinders","8":"product_tag-hydraulic-cylinders","10":"first","11":"instock","12":"shipping-taxable","13":"product-type-simple"},"amp_enabled":true,"_links":{"self":[{"href":"https:\/\/www.hydraulic-cylinders.net\/lv\/wp-json\/wp\/v2\/product\/19613","targetHints":{"allow":["GET"]}}],"collection":[{"href":"https:\/\/www.hydraulic-cylinders.net\/lv\/wp-json\/wp\/v2\/product"}],"about":[{"href":"https:\/\/www.hydraulic-cylinders.net\/lv\/wp-json\/wp\/v2\/types\/product"}],"replies":[{"embeddable":true,"href":"https:\/\/www.hydraulic-cylinders.net\/lv\/wp-json\/wp\/v2\/comments?post=19613"}],"wp:featuredmedia":[{"embeddable":true,"href":"https:\/\/www.hydraulic-cylinders.net\/lv\/wp-json\/wp\/v2\/media\/17876"}],"wp:attachment":[{"href":"https:\/\/www.hydraulic-cylinders.net\/lv\/wp-json\/wp\/v2\/media?parent=19613"}],"wp:term":[{"taxonomy":"product_brand","embeddable":true,"href":"https:\/\/www.hydraulic-cylinders.net\/lv\/wp-json\/wp\/v2\/product_brand?post=19613"},{"taxonomy":"product_cat","embeddable":true,"href":"https:\/\/www.hydraulic-cylinders.net\/lv\/wp-json\/wp\/v2\/product_cat?post=19613"},{"taxonomy":"product_tag","embeddable":true,"href":"https:\/\/www.hydraulic-cylinders.net\/lv\/wp-json\/wp\/v2\/product_tag?post=19613"}],"curies":[{"name":"wp","href":"https:\/\/api.w.org\/{rel}","templated":true}]}}