{"id":19614,"date":"2025-04-07T06:57:27","date_gmt":"2025-04-07T06:57:27","guid":{"rendered":"https:\/\/www.hydraulic-cylinders.net\/product\/boom-cylinder-for-volwa-large-excavator-dls330-8b\/"},"modified":"2025-04-07T06:57:29","modified_gmt":"2025-04-07T06:57:29","slug":"boom-cylinder-for-volwa-large-excavator-dls330-8b","status":"publish","type":"product","link":"https:\/\/www.hydraulic-cylinders.net\/lv\/products\/boom-cylinder-for-volwa-large-excavator-dls330-8b\/","title":{"rendered":"Str\u0113les cilindrs Volvo lielajam ekskavatoram DLS330-8B"},"content":{"rendered":"<h1>Str\u0113les cilindrs Volvo lielajam ekskavatoram DLS330-8B<\/h1>\n<h2>Produkta p\u0101rskats<\/h2>\n<p>The <strong>Str\u0113les cilindrs Volvo lielajam ekskavatoram DLS330-8B<\/strong> ir b\u016btiska ekskavatoru hidraulisk\u0101s sist\u0113mas sast\u0101vda\u013ca. T\u0101 ir \u012bpa\u0161i izstr\u0101d\u0101ta, lai kontrol\u0113tu str\u0113les kust\u012bbu, kas ir \u013coti svar\u012bgi da\u017e\u0101diem smago ma\u0161\u012bnu darbiem. Str\u0113les cilindrs darbojas, virzot hidraulisko \u0161\u0137idrumu, lai str\u0113le var\u0113tu pacelties, nolaisties un noliekties, t\u0101d\u0113j\u0101di veicinot efekt\u012bvu materi\u0101lu apstr\u0101di. \u0160\u0101da veida hidrauliskais cilindrs ir vit\u0101li svar\u012bgs t\u0101d\u0101s iek\u0101rt\u0101s k\u0101 ekskavatori, ekskavatori-iekr\u0101v\u0113ji un front\u0101lie iekr\u0101v\u0113ji, \u013caujot tiem veikt t\u0101das darb\u012bbas k\u0101 rak\u0161ana un materi\u0101lu transport\u0113\u0161ana.<\/p>\n<p><img decoding=\"async\" src=\"https:\/\/www.hydraulic-cylinders.net\/wp-content\/uploads\/2025\/04\/songte-company-1.webp\" alt=\"Ekskavatoru str\u0113les cilindrs\" \/><\/p>\n<h2>Str\u0113les cilindra \u012bpa\u0161\u012bbas<\/h2>\n<ul>\n<li><strong>Augsta iztur\u012bba un ilgm\u016b\u017e\u012bba:<\/strong> \u0160ie cilindri ir izgatavoti no augstas stipr\u012bbas t\u0113rauda vai alum\u012bnija, un tie var iztur\u0113t augstu spiedienu un lielas slodzes, padarot tos piem\u0113rotus skarbajiem darba apst\u0101k\u013ciem.<\/li>\n<li><strong>Efekt\u012bva hidraulisk\u0101 darb\u012bba:<\/strong> Str\u0113les cilindrs nodro\u0161ina vienm\u0113r\u012bgu izstiep\u0161anu un ievilk\u0161anu, izmantojot hidraulisk\u0101s e\u013c\u013cas spiedienu, nodro\u0161inot \u0101tru reakciju uz darb\u012bbas komand\u0101m un sp\u0113c\u012bgu stum\u0161anas un vilk\u0161anas sp\u0113ku.<\/li>\n<li><strong>Da\u017e\u0101das iesp\u0113jas:<\/strong> Pieejams vienk\u0101r\u0161\u0101s darb\u012bbas (darbojas vien\u0101 virzien\u0101) vai divk\u0101r\u0161\u0101s darb\u012bbas (darbojas abos virzienos) konfigur\u0101cij\u0101s, da\u017eiem mode\u013ciem ir teleskopiska konstrukcija, kas nodro\u0161ina liel\u0101ku sniedzam\u012bbu, nepalielinot \u0101r\u0113jos izm\u0113rus.<\/li>\n<li><strong>Nodilumiztur\u012bba un korozijas iztur\u012bba:<\/strong> Izgatavots no materi\u0101liem, kas ir iztur\u012bgi pret nodilumu un koroziju, nodro\u0161inot ilgu kalpo\u0161anas laiku pat sare\u017e\u0123\u012btos apst\u0101k\u013cos.<\/li>\n<li><strong>Piel\u0101gojami risin\u0101jumi:<\/strong> M\u0113s varam ra\u017eot \u0161os hidrauliskos cilindrus, lai tie perfekti aizst\u0101tu ori\u0123in\u0101lo apr\u012bkojumu, nodro\u0161inot sader\u012bbu un optim\u0101lu veiktsp\u0113ju.<\/li>\n<\/ul>\n<p><img decoding=\"async\" src=\"https:\/\/www.hydraulic-cylinders.net\/wp-content\/uploads\/2025\/04\/songte-cylinder-head-with-all-kinds-excavator-models.webp\" alt=\"Ekskavatoru mode\u013ci\" \/><\/p>\n<h2>Str\u0113les cilindra pielietojumi<\/h2>\n<h3>Celtniec\u012bbas apr\u012bkojums<\/h3>\n<p>Ekskavatoros str\u0113les cilindrs ir \u013coti svar\u012bgs augsnes vai gru\u017eu rak\u0161anai, iekrau\u0161anai un p\u0101rvieto\u0161anai. T\u0101 loma \u013cauj operatoriem efekt\u012bvi manevr\u0113t ar ma\u0161\u012bnu, veicot t\u0101dus uzdevumus k\u0101 tran\u0161eju rak\u0161ana un vietas sagatavo\u0161ana. Ekskavatoros-iekr\u0101v\u0113jos str\u0113les cilindrs pal\u012bdz gan rak\u0161anas, gan cel\u0161anas oper\u0101cij\u0101s, padarot to neaizst\u0101jamu b\u016bvniec\u012bbas un rak\u0161anas projektos.<\/p>\n<h3>Lauksaimniec\u012bbas tehnika<\/h3>\n<p>Str\u0113les cilindru izmanto ar\u012b front\u0101lajos iekr\u0101v\u0113jos augsnes, siena un citu materi\u0101lu sav\u0101k\u0161anai, cel\u0161anai un transport\u0113\u0161anai. \u0160\u012bm ma\u0161\u012bn\u0101m ir nepiecie\u0161amas uzticamas hidraulisk\u0101s sist\u0113mas, lai uzlabotu produktivit\u0101ti lauksaimniec\u012bbas darbos, nodro\u0161inot efekt\u012bvu darb\u012bbu iekrau\u0161anas un izkrau\u0161anas darb\u012bb\u0101s.<\/p>\n<h3>Ekskavatori<\/h3>\n<p>Ekskavatoros str\u0113les cilindrs \u013cauj kausam efekt\u012bvi iek\u013c\u016bt zem\u0113, atvieglojot augsnes izrak\u0161anu. Hidraulisk\u0101s sist\u0113mas pied\u0101v\u0101t\u0101 jauda un vad\u012bba nodro\u0161ina prec\u012bzu rak\u0161anu, kas ir b\u016btiski da\u017e\u0101diem b\u016bvniec\u012bbas projektiem.<\/p>\n<h3>Iekr\u0101v\u0113ji<\/h3>\n<p>Front\u0101lajos iekr\u0101v\u0113jos tie pal\u012bdz efekt\u012bvi pacelt un izg\u0101zt materi\u0101lus. Hidraulisk\u0101 str\u0113les darb\u012bba \u013cauj operatoriem \u0101tri un dro\u0161i apstr\u0101d\u0101t lielas kravas, kas ir \u013coti svar\u012bgi b\u016bvniec\u012bbas un materi\u0101lu apstr\u0101des oper\u0101cij\u0101s.<\/p>\n<h2>Dizaina apsv\u0113rumi un atlases krit\u0113riji<\/h2>\n<h3>Kravnes\u012bba<\/h3>\n<p>Izv\u0113loties str\u0113les cilindru, ir \u013coti svar\u012bgi izprast t\u0101 kravnes\u012bbu. Pareizi nov\u0113rt\u0113ts cilindrs nodro\u0161ina, ka tas var pacelt un p\u0101rvietot nepiecie\u0161amo svaru bez atteices. Kravnes\u012bbu nosaka cilindra izm\u0113rs, materi\u0101ls un konstrukcija. Cilindrs, kas p\u0101rsniedz savu kravnes\u012bbas ierobe\u017eojumu, rada katastrof\u0101las atteices risku, k\u0101 rezult\u0101t\u0101 var tikt boj\u0101ts apr\u012bkojums un rasties dro\u0161\u012bbas apdraud\u0113jumi.<\/p>\n<h3>Bl\u012bv\u0113\u0161ana<\/h3>\n<p>Bl\u012bv\u0113jums ir b\u016btisks, lai saglab\u0101tu hidraulisk\u0101 cilindra integrit\u0101ti. Efekt\u012bvi bl\u012bv\u0113jumi nov\u0113r\u0161 hidraulisk\u0101 \u0161\u0137idruma nopl\u016bdes, nodro\u0161inot efekt\u012bvu darb\u012bbu un samazinot apkopes izmaksas. Lai iztur\u0113tu augstu spiedienu un nodilumu, tiek izmantoti augstas kvalit\u0101tes bl\u012bv\u0113\u0161anas materi\u0101li, piem\u0113ram, poliuret\u0101ns un nitrilgumija. Pareiza bl\u012bv\u0113\u0161ana garant\u0113 cilindra efekt\u012bvu darb\u012bbu vis\u0101 t\u0101 kalpo\u0161anas laik\u0101.<\/p>\n<h3>Iztur\u012bba<\/h3>\n<p>Str\u0113les cilindra iztur\u012bba ir \u0101rk\u0101rt\u012bgi svar\u012bga, \u012bpa\u0161i sare\u017e\u0123\u012btos apst\u0101k\u013cos. Iztur\u012bgs cilindrs ir izgatavots no iztur\u012bgiem materi\u0101liem, kas paredz\u0113ti iztur\u012bbai pret nodilumu un koroziju. Regul\u0101ra cilindra st\u0101vok\u013ca nov\u0113rt\u0113\u0161ana var nov\u0113rst priek\u0161laic\u012bgu boj\u0101jumu un d\u0101rgus remontdarbus, padarot iztur\u012bbu par galveno izv\u0113les faktoru.<\/p>\n<h3>Dro\u0161\u012bba<\/h3>\n<p>Dro\u0161\u012bbas funkcijas, piem\u0113ram, p\u0101rslodzes aizsardz\u012bba un efekt\u012bvas spiediena samazin\u0101\u0161anas sist\u0113mas, ir \u013coti svar\u012bgas hidrauliskajos cilindros. \u0160\u012bs funkcijas pal\u012bdz nov\u0113rst negad\u012bjumus un iek\u0101rtu boj\u0101jumus darb\u012bbas laik\u0101. Izv\u0113loties cilindru ar ieb\u016bv\u0113tiem dro\u0161\u012bbas pas\u0101kumiem, tiek nodro\u0161in\u0101ts, ka operatori var str\u0101d\u0101t p\u0101rliecino\u0161i un dro\u0161i.<\/p>\n<h3>Uzturam\u012bba<\/h3>\n<p>V\u0113l viens dizaina apsv\u0113rums ir vienk\u0101r\u0161a apkope. Izstr\u0101d\u0101jumi, kas \u013cauj vienk\u0101r\u0161i p\u0101rbaud\u012bt un savlaic\u012bgi nomain\u012bt bl\u012bves un komponentus, pagarina ekspluat\u0101cijas laiku. Labi izstr\u0101d\u0101ts hidrauliskais cilindrs samazina d\u012bkst\u0101ves laiku, nodro\u0161inot, ka iek\u0101rtas darbojas ilgsto\u0161i.<\/p>\n<p><img decoding=\"async\" src=\"https:\/\/www.hydraulic-cylinders.net\/wp-content\/uploads\/2025\/04\/songte-oil-pipes-and-spare-parts.webp\" alt=\"Hidraulisk\u0101s caurules un rezerves da\u013cas\" \/><\/p>\n<h2>Hidraulisk\u0101 cilindra bl\u012bv\u0113\u0161ana un e\u013c\u013co\u0161ana<\/h2>\n<p>Str\u0113les cilindra uzticam\u012bba ir b\u016btiski atkar\u012bga no t\u0101 bl\u012bv\u0113juma un e\u013c\u013co\u0161anas kvalit\u0101tes. Lai nov\u0113rstu \u0161\u0137idruma nopl\u016bdi, tiek izmantoti da\u017e\u0101di bl\u012bv\u0113jumi, piem\u0113ram, virzu\u013ca bl\u012bv\u0113jumi un stie\u0146a bl\u012bv\u0113jumi. Bl\u012bv\u0113jumi, kas izgatavoti no t\u0101diem materi\u0101liem k\u0101 poliuret\u0101ns un nitrilgumija, ir priek\u0161roka to iztur\u012bbai un nodilumiztur\u012bbai. Cilindra korpuss un v\u012bt\u0146ot\u0101s gala virsmas tiek pak\u013cautas prec\u012bzai apdares apstr\u0101dei, lai uzlabotu nodilumiztur\u012bbu.<\/p>\n<p>Lai uztur\u0113tu cilindra veiktsp\u0113ju, ir nepiecie\u0161ama regul\u0101ra e\u013c\u013co\u0161ana ar hidraulisko e\u013c\u013cu. \u0160\u012b e\u013c\u013co\u0161ana ne tikai samazina kust\u012bgo da\u013cu nodilumu, bet ar\u012b aizsarg\u0101 pret koroziju un p\u0101rkar\u0161anu. Pareiza e\u013c\u013co\u0161anas prakse nodro\u0161ina hidraulisk\u0101s sist\u0113mas ilgm\u016b\u017e\u012bbu un efekt\u012bvu darb\u012bbu.<\/p>\n<h2>Prevent\u012bvie apkopes pas\u0101kumi<\/h2>\n<ul>\n<li><strong>Regul\u0101ras p\u0101rbaudes:<\/strong> Regul\u0101ri p\u0101rbaudiet cilindru, vai nav nodiluma, nopl\u016b\u017eu vai boj\u0101jumu paz\u012bmju. Probl\u0113mu agr\u012bna atkl\u0101\u0161ana var nov\u0113rst katastrof\u0101las k\u013c\u016bmes.<\/li>\n<li><strong>Pareiza e\u013c\u013co\u0161ana:<\/strong> P\u0101rliecinieties, vai cilindrs ir pietiekami iee\u013c\u013cots ar ieteicamo hidraulisko e\u013c\u013cu, jo nepietiekama e\u013c\u013co\u0161ana var izrais\u012bt palielin\u0101tu nodilumu.<\/li>\n<li><strong>Bl\u012bvju nomai\u0146a:<\/strong> Regul\u0101ri p\u0101rbaudiet un nomainiet bl\u012bves p\u0113c nepiecie\u0161am\u012bbas, lai uztur\u0113tu veiktsp\u0113ju un nov\u0113rstu nopl\u016bdes.<\/li>\n<\/ul>\n<h2>Uzst\u0101d\u012b\u0161anas vadl\u012bnijas<\/h2>\n<p>Pareiza str\u0113les cilindra uzst\u0101d\u012b\u0161ana ir b\u016btiska optim\u0101lai veiktsp\u0113jai. Vispirms p\u0101rliecinieties, vai visas sast\u0101vda\u013cas ir t\u012bras un bez gru\u017eiem. Pareizi izl\u012bdziniet cilindru ar stiprin\u0101juma punktiem, lai izvair\u012btos no nepareizas izl\u012bdzin\u0101\u0161anas, kas var izrais\u012bt priek\u0161laic\u012bgu nodilumu. Izmantojiet atbilsto\u0161us stiprin\u0101juma kron\u0161teinus, lai nostiprin\u0101tu cilindru viet\u0101, nodro\u0161inot stabilit\u0101ti darb\u012bbas laik\u0101.<\/p>\n<p>Pirms uzst\u0101d\u012b\u0161anas pabeig\u0161anas v\u0113lreiz p\u0101rbaudiet visus savienojumus, lai p\u0101rliecin\u0101tos, ka tie ir cie\u0161i un dro\u0161i. P\u0113c uzst\u0101d\u012b\u0161anas p\u0101rbaudiet cilindru norm\u0101los ekspluat\u0101cijas apst\u0101k\u013cos, lai p\u0101rliecin\u0101tos, ka tas darbojas pareizi. Visas nepiecie\u0161am\u0101s regul\u0113\u0161anas j\u0101veic nekav\u0113joties, lai nov\u0113rstu darb\u012bbas probl\u0113mas.<\/p>\n<h2>Bie\u017ei sastopamie apkopes uzdevumi<\/h2>\n<h3>Regul\u0101ras p\u0101rbaudes<\/h3>\n<p>Veiciet regul\u0101ras p\u0101rbaudes, lai laikus identific\u0113tu iesp\u0113jam\u0101s probl\u0113mas. Mekl\u0113jiet nodiluma, korozijas vai nopl\u016b\u017eu paz\u012bmes un nekav\u0113joties nov\u0113rsiet t\u0101s, lai izvair\u012btos no ilgtermi\u0146a boj\u0101jumiem.<\/p>\n<h3>Piem\u0113rota e\u013c\u013co\u0161ana<\/h3>\n<p>Ir \u013coti svar\u012bgi uztur\u0113t atbilsto\u0161u e\u013c\u013co\u0161anas l\u012bmeni. Izmantojiet ra\u017eot\u0101ja ieteikto hidraulisko e\u013c\u013cu un uzkl\u0101jiet to atbilsto\u0161i nor\u0101d\u012btajiem interv\u0101liem, lai nodro\u0161in\u0101tu vienm\u0113r\u012bgu darb\u012bbu.<\/p>\n<h3>Bl\u012bv\u0113juma nomai\u0146a un kalibr\u0113\u0161anas p\u0101rbaude<\/h3>\n<p>Bl\u012bv\u0113jumu nomai\u0146a ir nepiecie\u0161ama, lai uztur\u0113tu hidraulisko efektivit\u0101ti. Iev\u0113rojiet bl\u012bv\u0113jumu nomai\u0146as grafiku un periodiski p\u0101rbaudiet cilindra kalibr\u0113\u0161anu, lai nodro\u0161in\u0101tu pareizu darb\u012bbu.<\/p>\n<p><img decoding=\"async\" src=\"https:\/\/www.hydraulic-cylinders.net\/wp-content\/uploads\/2025\/04\/songte-chushion-collar.webp\" alt=\"Hidraulisk\u0101s sist\u0113mas spilvena apkakle\" \/><\/p>\n<h2>Dro\u0161\u012bbas apsv\u0113rumi un vides faktori<\/h2>\n<p>Str\u0101d\u0101jot ar hidrauliskaj\u0101m sist\u0113m\u0101m, ir \u013coti svar\u012bgi iev\u0113rot dro\u0161\u012bbas pas\u0101kumus. Pareiza apm\u0101c\u012bba par hidrauliskaj\u0101m darb\u012bb\u0101m nodro\u0161ina, ka operatori var dro\u0161i r\u012bkoties ar apr\u012bkojumu. Turkl\u0101t, atbild\u012bga hidraulisko cilindru lieto\u0161ana samazina ietekmi uz vidi. Nodro\u0161iniet pareizu hidraulisko \u0161\u0137idrumu un citu materi\u0101lu utiliz\u0101ciju, lai aizsarg\u0101tu vidi.<\/p>\n<h2>Probl\u0113mu nov\u0113r\u0161ana un bie\u017ei sastopamas probl\u0113mas<\/h2>\n<ul>\n<li><strong>Nopl\u016bdu\u0161as bl\u012bves:<\/strong> Ja rodas nopl\u016bde, p\u0101rbaudiet bl\u012bves, vai t\u0101s nav nodilu\u0161as vai boj\u0101tas, un nomainiet t\u0101s, ja nepiecie\u0161ams.<\/li>\n<li><strong>Samazin\u0101ta veiktsp\u0113ja:<\/strong> Ja cilindrs nedarbojas efekt\u012bvi, p\u0101rbaudiet, vai ir atbilsto\u0161s e\u013c\u013co\u0161anas l\u012bmenis un hidraulisk\u0101 \u0161\u0137idruma kvalit\u0101te.<\/li>\n<li><strong>Neparastas ska\u0146as:<\/strong> Neparastas ska\u0146as var liecin\u0101t par iek\u0161\u0113jiem boj\u0101jumiem vai nepiecie\u0161am\u012bbu p\u0113c apkopes \u2014 veiciet r\u016bp\u012bgu p\u0101rbaudi.<\/li>\n<\/ul>\n<h2>Diagnoze un risin\u0101jumi<\/h2>\n<p>Lai efekt\u012bvi nov\u0113rstu probl\u0113mas, s\u0101ciet ar simptomu identific\u0113\u0161anu: nodiluma paz\u012bmes, negaid\u012bti trok\u0161\u0146i vai veiktsp\u0113jas samazin\u0101\u0161an\u0101s. Veiciet sistem\u0101tisku p\u0101rbaudi, koncentr\u0113joties uz bl\u012bv\u0113m, e\u013c\u013co\u0161anu un hidraulisk\u0101 \u0161\u0137idruma l\u012bme\u0146iem. Ieviesiet prevent\u012bvus pas\u0101kumus, piem\u0113ram, regul\u0101ru apkopi un p\u0101rbaudes, lai mazin\u0101tu riskus un pagarin\u0101tu str\u0113les cilindra kalpo\u0161anas laiku.<\/p>\n<p><img decoding=\"async\" src=\"https:\/\/www.hydraulic-cylinders.net\/wp-content\/uploads\/2025\/04\/songte-bushings-with-all-kinds-of-excavator-models.webp\" alt=\"Ekskavatoru mode\u013cu bukses\" \/><\/p>\n<h2>Par m\u016bsu uz\u0146\u0113mumu<\/h2>\n<p>M\u0113s esam vado\u0161ais rezerves hidraulisko cilindru ra\u017eot\u0101js, kas pied\u0101v\u0101 pla\u0161u produktu kl\u0101stu, kas atbilst da\u017e\u0101d\u0101m tirgus vajadz\u012bb\u0101m. M\u016bsu uzman\u012bbas centr\u0101 ir izcila kvalit\u0101te un prec\u012bzas ra\u017eo\u0161anas strat\u0113\u0123ijas, kas m\u016bs padara par galvenajiem konkurentiem gan viet\u0113j\u0101, gan starptautiskaj\u0101 tirg\u016b. M\u0113s izmantojam progres\u012bvas tehnolo\u0123ijas, kvalific\u0113tus speci\u0101listus un stabilu kvalit\u0101tes nodro\u0161in\u0101\u0161anas sist\u0113mu, lai uzlabotu m\u016bsu ra\u017eo\u0161anas iesp\u0113jas un nodro\u0161in\u0101tu augstus standartus.<\/p>\n<p>M\u016bsu ap\u0146em\u0161an\u0101s nodro\u0161in\u0101t klientu apmierin\u0101t\u012bbu atspogu\u013cojas m\u016bsu piel\u0101gojamajos pakalpojumos, starptautiskajos sertifik\u0101tos un specializ\u0113taj\u0101 p\u0113cp\u0101rdo\u0161anas atbalst\u0101. M\u0113s cen\u0161amies apmierin\u0101t m\u016bsu klientu unik\u0101l\u0101s pras\u012bbas, vienlaikus saglab\u0101jot nozar\u0113 vado\u0161os standartus hidraulisko cilindru ra\u017eo\u0161an\u0101.<\/p>\n<p><img decoding=\"async\" src=\"https:\/\/www.hydraulic-cylinders.net\/wp-content\/uploads\/2025\/04\/songte-company-4.webp\" alt=\"M\u016bsu uz\u0146\u0113mums\" \/><br \/>\n<img decoding=\"async\" src=\"https:\/\/www.hydraulic-cylinders.net\/wp-content\/uploads\/2025\/04\/songte-company-3.webp\" alt=\"Ra\u017eo\u0161anas process\" \/><\/p>\n<p>Autors: lil<\/p>","protected":false},"excerpt":{"rendered":"<p>Boom Cylinder For Volwa Large Excavator DLS330-8B Product Overview The Boom Cylinder For Volwa Large Excavator DLS330-8B is an essential component in the hydraulic system of excavators. It is specifically designed to control the movement of the boom, which is crucial for various heavy machinery tasks. A boom cylinder operates by directing hydraulic fluid to [&hellip;]<\/p>","protected":false},"featured_media":17877,"comment_status":"open","ping_status":"closed","template":"","meta":{"_et_pb_use_builder":"","_et_pb_old_content":"","_et_gb_content_width":""},"product_brand":[],"product_cat":[1546],"product_tag":[1547,1496],"class_list":{"0":"post-19614","1":"product","2":"type-product","3":"status-publish","4":"has-post-thumbnail","6":"product_cat-boom-cylinders","7":"product_tag-boom-cylinders","8":"product_tag-hydraulic-cylinders","10":"first","11":"instock","12":"shipping-taxable","13":"product-type-simple"},"amp_enabled":true,"_links":{"self":[{"href":"https:\/\/www.hydraulic-cylinders.net\/lv\/wp-json\/wp\/v2\/product\/19614","targetHints":{"allow":["GET"]}}],"collection":[{"href":"https:\/\/www.hydraulic-cylinders.net\/lv\/wp-json\/wp\/v2\/product"}],"about":[{"href":"https:\/\/www.hydraulic-cylinders.net\/lv\/wp-json\/wp\/v2\/types\/product"}],"replies":[{"embeddable":true,"href":"https:\/\/www.hydraulic-cylinders.net\/lv\/wp-json\/wp\/v2\/comments?post=19614"}],"wp:featuredmedia":[{"embeddable":true,"href":"https:\/\/www.hydraulic-cylinders.net\/lv\/wp-json\/wp\/v2\/media\/17877"}],"wp:attachment":[{"href":"https:\/\/www.hydraulic-cylinders.net\/lv\/wp-json\/wp\/v2\/media?parent=19614"}],"wp:term":[{"taxonomy":"product_brand","embeddable":true,"href":"https:\/\/www.hydraulic-cylinders.net\/lv\/wp-json\/wp\/v2\/product_brand?post=19614"},{"taxonomy":"product_cat","embeddable":true,"href":"https:\/\/www.hydraulic-cylinders.net\/lv\/wp-json\/wp\/v2\/product_cat?post=19614"},{"taxonomy":"product_tag","embeddable":true,"href":"https:\/\/www.hydraulic-cylinders.net\/lv\/wp-json\/wp\/v2\/product_tag?post=19614"}],"curies":[{"name":"wp","href":"https:\/\/api.w.org\/{rel}","templated":true}]}}