{"id":19616,"date":"2025-04-07T06:57:32","date_gmt":"2025-04-07T06:57:32","guid":{"rendered":"https:\/\/www.hydraulic-cylinders.net\/product\/boom-cylinder-for-volwa-large-excavator-dls450-8b\/"},"modified":"2025-04-07T06:57:34","modified_gmt":"2025-04-07T06:57:34","slug":"boom-cylinder-for-volwa-large-excavator-dls450-8b","status":"publish","type":"product","link":"https:\/\/www.hydraulic-cylinders.net\/lv\/products\/boom-cylinder-for-volwa-large-excavator-dls450-8b\/","title":{"rendered":"Str\u0113les cilindrs Volvo lielajam ekskavatoram DLS450-8B"},"content":{"rendered":"<h1>Str\u0113les cilindrs Volvo lielajam ekskavatoram DLS450-8B<\/h1>\n<h2>Produkta p\u0101rskats<\/h2>\n<p>The <strong>Str\u0113les cilindrs Volvo lielajam ekskavatoram DLS450-8B<\/strong> ir b\u016btiska smago ma\u0161\u012bnu hidraulisko sist\u0113mu sast\u0101vda\u013ca. \u0160\u0101da veida hidrauliskais cilindrs ir \u012bpa\u0161i izstr\u0101d\u0101ts, lai kontrol\u0113tu kausu kust\u012bbu da\u017e\u0101d\u0101s smagaj\u0101s iek\u0101rt\u0101s, piem\u0113ram, ekskavatoros, iekr\u0101v\u0113ju ekskavatoros un front\u0101lajos iekr\u0101v\u0113jos. Tas \u013cauj kausam pacelties, nolaisties un noliekties, efekt\u012bvi atvieglojot materi\u0101lu apstr\u0101des uzdevumus. Kausa cilindrs ir b\u016btisks, lai nodro\u0161in\u0101tu nepiecie\u0161amo sp\u0113ku un kust\u012bbu \u0161o ma\u0161\u012bnu efekt\u012bvai darb\u012bbai.<\/p>\n<p><img decoding=\"async\" src=\"https:\/\/www.hydraulic-cylinders.net\/wp-content\/uploads\/2025\/04\/songte-company-1.webp\" alt=\"Str\u0113les cilindrs\" \/><\/p>\n<h2>Str\u0113les cilindra \u012bpa\u0161\u012bbas<\/h2>\n<ul>\n<li><strong>Augsta iztur\u012bba un ilgm\u016b\u017e\u012bba:<\/strong> Izgatavots no augstas stipr\u012bbas t\u0113rauda vai alum\u012bnija, \u0161is cilindrs var iztur\u0113t augstu spiedienu un lielas slodzes, padarot to piem\u0113rotu skarbiem darba apst\u0101k\u013ciem. T\u0101 konstrukcij\u0101 ir \u0146emta v\u0113r\u0101 nodilumiztur\u012bba un iztur\u012bba pret koroziju, nodro\u0161inot ilg\u0101ku kalpo\u0161anas laiku.<\/li>\n<li><strong>Efekt\u012bva hidraulisk\u0101 darb\u012bba:<\/strong> Izmantojot hidraulisk\u0101s e\u013c\u013cas spiedienu, cilindrs nodro\u0161ina vienm\u0113r\u012bgu izvirz\u012b\u0161anu un ievilk\u0161anu, \u013caujot \u0101tri rea\u0123\u0113t uz vad\u012bbas komand\u0101m un rad\u012bt sp\u0113c\u012bgus stum\u0161anas un vilk\u0161anas sp\u0113kus smagu un sare\u017e\u0123\u012btu uzdevumu veik\u0161anai.<\/li>\n<li><strong>Da\u017e\u0101di veidi:<\/strong> Pieejams vienk\u0101r\u0161\u0101s darb\u012bbas (hidraulisk\u0101 funkcija vien\u0101 virzien\u0101) vai divk\u0101r\u0161\u0101s darb\u012bbas (hidraulisk\u0101 funkcija abos virzienos) variantos, lai apmierin\u0101tu da\u017e\u0101das ekspluat\u0101cijas vajadz\u012bbas. Da\u017ei mode\u013ci ir teleskopiski, kas \u013cauj veikt liel\u0101ku pagarin\u0101jumu, nepalielinot \u0101r\u0113jos izm\u0113rus, kas ir ide\u0101li piem\u0113rots ierobe\u017eotas vietas lietojumprogramm\u0101m.<\/li>\n<li><strong>Piel\u0101gojami risin\u0101jumi:<\/strong> M\u016bsu produkti var lieliski aizst\u0101t da\u017e\u0101dus hidrauliskos cilindrus, pied\u0101v\u0101jot elast\u012bbu, lai apmierin\u0101tu \u012bpa\u0161as klientu pras\u012bbas.<\/li>\n<\/ul>\n<p><img decoding=\"async\" src=\"https:\/\/www.hydraulic-cylinders.net\/wp-content\/uploads\/2025\/04\/songte-cylinder-head-with-all-kinds-excavator-models.webp\" alt=\"Cilindra galva\" \/><\/p>\n<h2>Str\u0113les cilindra pielietojumi<\/h2>\n<h3>Celtniec\u012bbas apr\u012bkojums<\/h3>\n<p>Ekskavatoros str\u0113les cilindri ir vit\u0101li svar\u012bgi rak\u0161anai, iekrau\u0161anai un augsnes vai gru\u017eu p\u0101rvieto\u0161anai. Tie pal\u012bdz nodro\u0161in\u0101t nepiecie\u0161amo sp\u0113ku, lai iek\u013c\u016btu cietos materi\u0101los, padarot tos neaizst\u0101jamus jebkur\u0101 b\u016bvniec\u012bbas projekt\u0101.<\/p>\n<h3>Lauksaimniec\u012bbas tehnika<\/h3>\n<p>Front\u0101lajos iekr\u0101v\u0113jos str\u0113les cilindriem ir iz\u0161\u0137iro\u0161a noz\u012bme augsnes, siena un citu materi\u0101lu cel\u0161an\u0101, sav\u0101k\u0161an\u0101 un transport\u0113\u0161an\u0101. To efektivit\u0101te uzlabo produktivit\u0101ti lauksaimniec\u012bbas darbos, padarot tos par galveno lauksaimniec\u012bbas darb\u012bbu sast\u0101vda\u013cu.<\/p>\n<h3>Ekskavatori<\/h3>\n<p>Rak\u0161anas darbos str\u0113les cilindri \u013cauj kausam efekt\u012bvi iek\u013c\u016bt augsn\u0113, atvieglojot rak\u0161anas darbus. To konstrukcija nodro\u0161ina, ka tie sp\u0113j iztur\u0113t \u0161ajos procesos radu\u0161\u0101s slodzes, t\u0101d\u0113j\u0101di uzlabojot ma\u0161\u012bnas kop\u0113jo veiktsp\u0113ju.<\/p>\n<h3>Iekr\u0101v\u0113ji<\/h3>\n<p>Front\u0101lajos iekr\u0101v\u0113jos \u0161ie cilindri pal\u012bdz efekt\u012bvi pacelt un izkraut kravas. To uzticam\u0101 darb\u012bba nodro\u0161ina, ka materi\u0101lus var p\u0101rvietot \u0101tri un prec\u012bzi, kas ir b\u016btiski jebkuram iekrau\u0161anas uzdevumam.<\/p>\n<h2>Dizaina apsv\u0113rumi un atlases krit\u0113riji<\/h2>\n<h3>Kravnes\u012bba<\/h3>\n<p>Izv\u0113loties str\u0113les cilindru, ir svar\u012bgi nov\u0113rt\u0113t t\u0101 kravnes\u012bbu. Cilindram j\u0101sp\u0113j iztur\u0113t maksim\u0101l\u0101s slodzes, ar kur\u0101m saskarsies ekspluat\u0101cijas laik\u0101. Pareiza kravnes\u012bbas nov\u0113rt\u0113\u0161ana nodro\u0161ina dro\u0161u un efekt\u012bvu lieto\u0161anu, nov\u0113r\u0161ot iesp\u0113jamus boj\u0101jumus, kas var\u0113tu rasties p\u0101rslodzes d\u0113\u013c.<\/p>\n<h3>Bl\u012bv\u0113\u0161anas sist\u0113ma<\/h3>\n<p>Bl\u012bv\u0113jums ir b\u016btisks hidraulisko cilindru aspekts. Augstas kvalit\u0101tes bl\u012bv\u0113jumi nov\u0113r\u0161 hidraulisk\u0101 \u0161\u0137idruma nopl\u016bdes, kas var samazin\u0101t veiktsp\u0113ju un palielin\u0101t apkopes izmaksas. Pareizi bl\u012bv\u0113jumi uzlabos cilindra kalpo\u0161anas laiku un saglab\u0101s t\u0101 efektivit\u0101ti laika gait\u0101.<\/p>\n<h3>Iztur\u012bba<\/h3>\n<p>Iztur\u012bba ir galvenais apsv\u0113rums, \u012bpa\u0161i skarbos darba apst\u0101k\u013cos. Izv\u0113loties materi\u0101lus, kas ir iztur\u012bgi pret nodilumu un koroziju, var iev\u0113rojami pagarin\u0101t str\u0113les cilindra kalpo\u0161anas laiku. Regul\u0101ra materi\u0101la integrit\u0101tes nov\u0113rt\u0113\u0161ana ar\u012b pal\u012bdz\u0113s prevent\u012bvi risin\u0101t iesp\u0113jam\u0101s probl\u0113mas.<\/p>\n<h3>Dro\u0161\u012bbas funkcijas<\/h3>\n<p>Dro\u0161\u012bba projekt\u0113\u0161an\u0101 nekad nedr\u012bkst tikt apdraud\u0113ta. T\u0101du funkciju k\u0101 spiediena samazin\u0101\u0161anas v\u0101rstu iek\u013cau\u0161ana pal\u012bdz nov\u0113rst balonu boj\u0101jumus. Ekspluat\u0101cijas dro\u0161\u012bbas standartu iev\u0113ro\u0161ana aizsarg\u0101 ne tikai iek\u0101rtas, bet ar\u012b operatorus un apk\u0101rt\u0113jo person\u0101lu.<\/p>\n<h3>Uzturam\u012bba<\/h3>\n<p>Visbeidzot, iz\u0161\u0137iro\u0161a noz\u012bme ir apkopes vienk\u0101r\u0161\u012bbai. Labi konstru\u0113tam cilindram j\u0101nodro\u0161ina vienk\u0101r\u0161a p\u0101rbaude un apkope. Vienk\u0101r\u0161a piek\u013cuve t\u0101d\u0101m deta\u013c\u0101m k\u0101 bl\u012bves un sm\u0113rvielas \u013cauj veikt regul\u0101ras apkopes p\u0101rbaudes, pagarinot produkta kalpo\u0161anas laiku.<\/p>\n<p><img decoding=\"async\" src=\"https:\/\/www.hydraulic-cylinders.net\/wp-content\/uploads\/2025\/04\/songte-oil-pipes-and-spare-parts.webp\" alt=\"E\u013c\u013cas caurules un rezerves da\u013cas\" \/><\/p>\n<h2>Bl\u012bv\u0113\u0161ana un e\u013c\u013co\u0161ana<\/h2>\n<p>Da\u017e\u0101du bl\u012bv\u0113\u0161anas komponentu, piem\u0113ram, virzu\u013ca bl\u012bv\u0113jumu un stie\u0146a bl\u012bv\u0113jumu, izmanto\u0161ana ir b\u016btiska, lai saglab\u0101tu hidraulisk\u0101 cilindra integrit\u0101ti. Bl\u012bv\u0113jumi parasti tiek izgatavoti no nodilumiztur\u012bgiem materi\u0101liem, piem\u0113ram, poliuret\u0101na un nitrila gumijas, kas izv\u0113l\u0113ti to iztur\u012bbas un sp\u0113jas iztur\u0113t augstu spiedienu d\u0113\u013c. Cilindra korpuss un v\u012bt\u0146otie gali tiek prec\u012bzi apstr\u0101d\u0101ti, lai uzlabotu nodilumiztur\u012bbu. Lai nodro\u0161in\u0101tu cilindra vienm\u0113r\u012bgu darb\u012bbu un samazin\u0101tu kust\u012bgo da\u013cu nodilumu, ir nepiecie\u0161ama regul\u0101ra e\u013c\u013co\u0161ana ar atbilsto\u0161u hidraulisko e\u013c\u013cu.<\/p>\n<h2>Regul\u0101ra p\u0101rbaude un profilaktisk\u0101 apkope<\/h2>\n<ul>\n<li><strong>Regul\u0101ras p\u0101rbaudes:<\/strong> Iepl\u0101nojiet regul\u0101ras vizu\u0101l\u0101s un ekspluat\u0101cijas p\u0101rbaudes, lai identific\u0113tu jebk\u0101das nodiluma, nopl\u016bdes vai boj\u0101jumu paz\u012bmes. Probl\u0113mu agr\u012bna atkl\u0101\u0161ana var nov\u0113rst d\u0101rgus remontdarbus n\u0101kotn\u0113.<\/li>\n<li><strong>Pareiza e\u013c\u013co\u0161ana:<\/strong> Nodro\u0161iniet, lai hidraulisk\u0101s e\u013c\u013cas l\u012bmenis b\u016btu nemain\u012bgs. E\u013c\u013co\u0161ana nodro\u0161ina optim\u0101lu veiktsp\u0113ju un samazina berzi starp kust\u012bgaj\u0101m da\u013c\u0101m, t\u0101d\u0113j\u0101di samazinot nodilumu.<\/li>\n<li><strong>Bl\u012bv\u0113juma nomai\u0146a:<\/strong> Laika gait\u0101 bl\u012bves var nolietoties nodiluma vai vides iedarb\u012bbas d\u0113\u013c. Regul\u0101ri p\u0101rbaudiet un nomainiet bl\u012bves, lai nov\u0113rstu nopl\u016bdes un saglab\u0101tu efektivit\u0101ti.<\/li>\n<\/ul>\n<h2>Uzst\u0101d\u012b\u0161anas vadl\u012bnijas<\/h2>\n<p>Pareiza str\u0113les cilindra uzst\u0101d\u012b\u0161ana ir \u013coti svar\u012bga, lai nodro\u0161in\u0101tu uzticamu darb\u012bbu. Vispirms p\u0101rliecinieties, vai visas sast\u0101vda\u013cas ir t\u012bras un bez gru\u017eiem. Izmantojiet atbilsto\u0161us stiprin\u0101juma kron\u0161teinus, lai nostiprin\u0101tu cilindru viet\u0101, nodro\u0161inot, ka tas ir pareizi izl\u012bdzin\u0101ts ar ma\u0161\u012bnas darba sast\u0101vda\u013c\u0101m. Iev\u0113rojiet ra\u017eot\u0101ja specifik\u0101cijas attiec\u012bb\u0101 uz griezes momenta iestat\u012bjumiem, lai nov\u0113rstu p\u0101rm\u0113r\u012bgu pievilk\u0161anu, kas var saboj\u0101t cilindru. P\u0113c uzst\u0101d\u012b\u0161anas r\u016bp\u012bgi p\u0101rbaudiet visus savienojumus un savienojumus, lai p\u0101rliecin\u0101tos, ka tie ir dro\u0161i. Visbeidzot, pirms piln\u012bgas darb\u012bbas p\u0101rbaudiet sist\u0113mu zem\u0101 spiedien\u0101, lai p\u0101rliecin\u0101tos, ka viss darbojas pareizi.<\/p>\n<p><img decoding=\"async\" src=\"https:\/\/www.hydraulic-cylinders.net\/wp-content\/uploads\/2025\/04\/songte-chushion-collar.webp\" alt=\"Spilvenu apkakle\" \/><\/p>\n<h2>Dro\u0161\u012bbas apsv\u0113rumi un vides faktori<\/h2>\n<p>Izmantojot str\u0113les cilindrus, ir svar\u012bgi iev\u0113rot dro\u0161\u012bbas pas\u0101kumus. Operatoriem j\u0101b\u016bt apm\u0101c\u012btiem hidraulisk\u0101 apr\u012bkojuma pareiz\u0101 lieto\u0161an\u0101 un apstr\u0101d\u0113, lai mazin\u0101tu riskus. Turkl\u0101t j\u0101iev\u0113ro atbilsto\u0161a vides aizsardz\u012bbas prakse, lai izvair\u012btos no hidraulisk\u0101 \u0161\u0137idruma nopl\u016bd\u0113m, kas var kait\u0113t ekosist\u0113m\u0101m. Regul\u0101ra apm\u0101c\u012bba par dro\u0161\u012bbas protokoliem un apkopes praksi veicina dro\u0161\u012bbas un atbild\u012bbas kult\u016bru operatoru vid\u016b.<\/p>\n<h2>K\u013c\u016bmju diagnostika un bie\u017e\u0101k sastopam\u0101s probl\u0113mas<\/h2>\n<ul>\n<li><strong>\u0160\u0137idruma nopl\u016bde:<\/strong> Regul\u0101ri p\u0101rbaudiet bl\u012bves un savienojumus. Nekav\u0113joties nomainiet boj\u0101t\u0101s bl\u012bves, lai nov\u0113rstu hidraulisk\u0101 \u0161\u0137idruma zudumu, kas var samazin\u0101t veiktsp\u0113ju.<\/li>\n<li><strong>Trok\u0161\u0146aina darb\u012bba:<\/strong> Neparastas ska\u0146as var liecin\u0101t par nepietiekamu e\u013c\u013co\u0161anu vai iek\u0161\u0113jo deta\u013cu nodilumu. P\u0101rbaudiet e\u013c\u013co\u0161anas l\u012bmeni un apsveriet cilindra r\u016bp\u012bgu p\u0101rbaudi.<\/li>\n<li><strong>Nekonsekventa kust\u012bba:<\/strong> Ja cilindrs neizvirz\u0101s vai neievelkas vienm\u0113r\u012bgi, tas var b\u016bt saist\u012bts ar gaisu sist\u0113m\u0101 vai nepietiekamu hidraulisk\u0101 \u0161\u0137idruma l\u012bmeni. Atgaisojiet sist\u0113mu un, ja nepiecie\u0161ams, uzpildiet hidraulisko \u0161\u0137idrumu.<\/li>\n<\/ul>\n<h2>Probl\u0113mu nov\u0113r\u0161anas padomi<\/h2>\n<p>Lai efekt\u012bvi diagnostic\u0113tu un nov\u0113rstu probl\u0113mas, ir svar\u012bgi iev\u0113rot sistem\u0101tisku pieeju. S\u0101ciet ar vizu\u0101lu p\u0101rbaudi, lai identific\u0113tu ac\u012bmredzamas nodiluma vai boj\u0101jumu paz\u012bmes. Veiciet apkopes darb\u012bbu \u017eurn\u0101lu, lai laika gait\u0101 izsekotu veiktsp\u0113jai un probl\u0113m\u0101m. Ieviesiet regul\u0101ru profilaktisk\u0101s apkopes grafiku, lai samazin\u0101tu iesp\u0113jam\u0101s probl\u0113mas un nodro\u0161in\u0101tu optim\u0101lu funkcionalit\u0101ti. Visbeidzot, skatiet ra\u017eot\u0101ja vadl\u012bnijas, lai uzzin\u0101tu par konkr\u0113t\u0101m probl\u0113mu nov\u0113r\u0161anas proced\u016br\u0101m un ieteikumiem.<\/p>\n<p><img decoding=\"async\" src=\"https:\/\/www.hydraulic-cylinders.net\/wp-content\/uploads\/2025\/04\/songte-bushings-with-all-kinds-of-excavator-models.webp\" alt=\"Bukses\" \/><\/p>\n<h2>Par m\u016bsu uz\u0146\u0113mumu<\/h2>\n<p>M\u0113s esam ra\u017eot\u0101js, kas specializ\u0113jas rezerves hidraulisko cilindru ra\u017eo\u0161an\u0101. M\u016bsu pla\u0161ais produktu kl\u0101sts ir padar\u012bjis m\u016bs par vienu no vado\u0161ajiem hidraulisko cilindru ra\u017eot\u0101jiem un vairumtirgot\u0101jiem gan viet\u0113j\u0101, gan starptautiskaj\u0101 tirg\u016b. M\u0113s iev\u0113rojam izcil\u012bbas principu, izmantojot detaliz\u0113tu ra\u017eo\u0161anas darbn\u012bcas strat\u0113\u0123iju. Koncentr\u0113joties uz tehnolo\u0123iskajiem talantiem, augstas klases digit\u0101laj\u0101m ra\u017eo\u0161anas iek\u0101rt\u0101m un specializ\u0113t\u0101m p\u0101rbaudes sist\u0113m\u0101m, m\u0113s past\u0101v\u012bgi uzlabojam savas ra\u017eo\u0161anas iesp\u0113jas. M\u016bsu ap\u0146em\u0161an\u0101s nodro\u0161in\u0101t augstu efektivit\u0101ti, precizit\u0101ti un kvalit\u0101ti nodro\u0161ina, ka m\u0113s apmierin\u0101m m\u016bsu klientu da\u017e\u0101d\u0101s vajadz\u012bbas.<\/p>\n<p><img decoding=\"async\" src=\"https:\/\/www.hydraulic-cylinders.net\/wp-content\/uploads\/2025\/04\/songte-company-4.webp\" alt=\"Uz\u0146\u0113muma p\u0101rskats\" \/><br \/>\n<img decoding=\"async\" src=\"https:\/\/www.hydraulic-cylinders.net\/wp-content\/uploads\/2025\/04\/songte-company-3.webp\" alt=\"Uz\u0146\u0113muma telpas\" \/><\/p>\n<p>Autors: lil<\/p>","protected":false},"excerpt":{"rendered":"<p>Boom Cylinder For Volwa Large Excavator DLS450-8B Product Overview The Boom Cylinder for Volwa Large Excavator DLS450-8B is a crucial component in the hydraulic systems of heavy machinery. This type of hydraulic cylinder is specifically designed to control the movement of buckets in various heavy equipment like excavators, backhoe loaders, and front-end loaders. It enables [&hellip;]<\/p>","protected":false},"featured_media":17879,"comment_status":"open","ping_status":"closed","template":"","meta":{"_et_pb_use_builder":"","_et_pb_old_content":"","_et_gb_content_width":""},"product_brand":[],"product_cat":[1546],"product_tag":[1547,1496],"class_list":{"0":"post-19616","1":"product","2":"type-product","3":"status-publish","4":"has-post-thumbnail","6":"product_cat-boom-cylinders","7":"product_tag-boom-cylinders","8":"product_tag-hydraulic-cylinders","10":"first","11":"instock","12":"shipping-taxable","13":"product-type-simple"},"amp_enabled":true,"_links":{"self":[{"href":"https:\/\/www.hydraulic-cylinders.net\/lv\/wp-json\/wp\/v2\/product\/19616","targetHints":{"allow":["GET"]}}],"collection":[{"href":"https:\/\/www.hydraulic-cylinders.net\/lv\/wp-json\/wp\/v2\/product"}],"about":[{"href":"https:\/\/www.hydraulic-cylinders.net\/lv\/wp-json\/wp\/v2\/types\/product"}],"replies":[{"embeddable":true,"href":"https:\/\/www.hydraulic-cylinders.net\/lv\/wp-json\/wp\/v2\/comments?post=19616"}],"wp:featuredmedia":[{"embeddable":true,"href":"https:\/\/www.hydraulic-cylinders.net\/lv\/wp-json\/wp\/v2\/media\/17879"}],"wp:attachment":[{"href":"https:\/\/www.hydraulic-cylinders.net\/lv\/wp-json\/wp\/v2\/media?parent=19616"}],"wp:term":[{"taxonomy":"product_brand","embeddable":true,"href":"https:\/\/www.hydraulic-cylinders.net\/lv\/wp-json\/wp\/v2\/product_brand?post=19616"},{"taxonomy":"product_cat","embeddable":true,"href":"https:\/\/www.hydraulic-cylinders.net\/lv\/wp-json\/wp\/v2\/product_cat?post=19616"},{"taxonomy":"product_tag","embeddable":true,"href":"https:\/\/www.hydraulic-cylinders.net\/lv\/wp-json\/wp\/v2\/product_tag?post=19616"}],"curies":[{"name":"wp","href":"https:\/\/api.w.org\/{rel}","templated":true}]}}