{"id":19618,"date":"2025-04-07T06:57:50","date_gmt":"2025-04-07T06:57:50","guid":{"rendered":"https:\/\/www.hydraulic-cylinders.net\/product\/boom-cylinder-for-volwa-wheel-excavator-dls890-9a\/"},"modified":"2025-04-07T06:57:53","modified_gmt":"2025-04-07T06:57:53","slug":"boom-cylinder-for-volwa-wheel-excavator-dls890-9a","status":"publish","type":"product","link":"https:\/\/www.hydraulic-cylinders.net\/lv\/products\/boom-cylinder-for-volwa-wheel-excavator-dls890-9a\/","title":{"rendered":"Volwa rite\u0146u ekskavatora DLS890-9A str\u0113les cilindrs"},"content":{"rendered":"<h1>Volwa rite\u0146u ekskavatora DLS890-9A str\u0113les cilindrs<\/h1>\n<h2>Produkta p\u0101rskats<\/h2>\n<p>Volwa rite\u0146u ekskavatora DLS890-9A str\u0113les cilindrs ir specializ\u0113ts hidrauliskais cilindrs, kas paredz\u0113ts ekskavatoru funkcionalit\u0101tes optimiz\u0113\u0161anai. \u0160ie cilindri nodro\u0161ina prec\u012bzu kausa kust\u012bbas kontroli, kas ir \u013coti svar\u012bgi da\u017e\u0101diem smago ma\u0161\u012bnu darbiem. K\u0101 hidraulisk\u0101 cilindra veids, kausa cilindrs ir b\u016btisks kausa kust\u012bbas kontrol\u0113\u0161anai smagaj\u0101 apr\u012bkojum\u0101, piem\u0113ram, ekskavatoros, ekskavatoros-iekr\u0101v\u0113jos un front\u0101lajos iekr\u0101v\u0113jos. Tie atvieglo kausa pacel\u0161anu, nolai\u0161anu un noliek\u0161anu, padarot tos neaizst\u0101jamus materi\u0101lu apstr\u0101des darbos.<\/p>\n<p><img decoding=\"async\" src=\"https:\/\/www.hydraulic-cylinders.net\/wp-content\/uploads\/2025\/04\/songte-company-1.webp\" alt=\"Ekskavatora str\u0113les cilindrs\" \/><\/p>\n<h3>Defin\u012bcija un noz\u012bme<\/h3>\n<p>Kausa cilindri ir hidrauliskie cilindri, kas \u012bpa\u0161i paredz\u0113ti smagaj\u0101m ma\u0161\u012bn\u0101m, \u013caujot t\u0101m efekt\u012bvi veikt da\u017e\u0101dus uzdevumus. \u0160ie cilindri darbojas, p\u0101rveidojot hidraulisko ener\u0123iju meh\u0101niskaj\u0101 ener\u0123ij\u0101, t\u0101d\u0113j\u0101di nodro\u0161inot nepiecie\u0161amo sp\u0113ku sare\u017e\u0123\u012btu uzdevumu veik\u0161anai. Tie ir \u013coti svar\u012bgi, lai uzlabotu ekskavatoru un l\u012bdz\u012bga apr\u012bkojuma darb\u012bbas efektivit\u0101ti un lietder\u012bbu, \u013caujot operatoriem veikt prec\u012bzas darb\u012bbas, apstr\u0101d\u0101jot materi\u0101lus, rokot vai ce\u013cot kravas.<\/p>\n<h2>Str\u0113les cilindra \u012bpa\u0161\u012bbas<\/h2>\n<ul>\n<li><strong>Augsta iztur\u012bba un ilgm\u016b\u017e\u012bba:<\/strong> \u0160ie cilindri, kas izgatavoti no augstas stipr\u012bbas t\u0113rauda vai alum\u012bnija, iztur augstu spiedienu un lielas slodzes, vienlaikus piel\u0101gojoties skarbajai darba videi. Tie ir izstr\u0101d\u0101ti, lai nodro\u0161in\u0101tu nodilumiztur\u012bbu un aizsardz\u012bbu pret koroziju, pagarinot to kalpo\u0161anas laiku.<\/li>\n<li><strong>Efekt\u012bva hidraulisk\u0101 darb\u012bba:<\/strong> Hidraulisk\u0101s e\u013c\u013cas spiediena izmanto\u0161ana nodro\u0161ina vienm\u0113r\u012bgu izstiep\u0161anu un ievilk\u0161anu. \u0160ie cilindri pied\u0101v\u0101 \u0101tru reakciju uz darb\u012bbas komand\u0101m, nodro\u0161inot sp\u0113c\u012bgus stum\u0161anas un vilk\u0161anas sp\u0113kus, kas piem\u0113roti smagu priek\u0161metu apstr\u0101dei un sare\u017e\u0123\u012btu uzdevumu veik\u0161anai.<\/li>\n<li><strong>Da\u017e\u0101di veidi:<\/strong> Pieejami ar vienas darb\u012bbas (izmantojot hidraulisko spiedienu vien\u0101 virzien\u0101) vai divk\u0101r\u0161as darb\u012bbas (izmantojot hidraulisko spiedienu abos virzienos) cilindriem, lai apmierin\u0101tu da\u017e\u0101das ekspluat\u0101cijas vajadz\u012bbas. Da\u017ei mode\u013ci ir teleskopiski, kas \u013cauj pan\u0101kt liel\u0101ku pagarin\u0101jumu, nepalielinot \u0101r\u0113jos izm\u0113rus, kas ir ide\u0101li piem\u0113rots lietojumiem ar ierobe\u017eotu vietu.<\/li>\n<li><strong>Piel\u0101gojamas opcijas:<\/strong> Produktus var piel\u0101got atbilsto\u0161i \u012bpa\u0161\u0101m pras\u012bb\u0101m, nodro\u0161inot sader\u012bbu ar da\u017e\u0101diem ekskavatoru mode\u013ciem un ekspluat\u0101cijas pras\u012bb\u0101m.<\/li>\n<li><strong>Augstas kvalit\u0101tes ra\u017eo\u0161ana:<\/strong> M\u016bsu cilindri tiek ra\u017eoti ar prec\u012bzu in\u017eenieriju, iev\u0113rojot stingrus nozares standartus, lai nodro\u0161in\u0101tu uzticam\u012bbu un veiktsp\u0113ju.<\/li>\n<\/ul>\n<p>M\u0113s varam ra\u017eot \u0161o produktu, un m\u016bsu hidrauliskie cilindri var lieliski aizst\u0101t eso\u0161\u0101s iesp\u0113jas.<\/p>\n<p><img decoding=\"async\" src=\"https:\/\/www.hydraulic-cylinders.net\/wp-content\/uploads\/2025\/04\/songte-cylinder-head-with-all-kinds-excavator-models.webp\" alt=\"Ekskavatoru mode\u013ci\" \/><\/p>\n<h2>Str\u0113les cilindra pielietojumi<\/h2>\n<h3>Celtniec\u012bbas apr\u012bkojums<\/h3>\n<p>Ekskavatoros str\u0113les cilindri ir vit\u0101li svar\u012bgi augsnes vai gru\u017eu rak\u0161anai, iekrau\u0161anai un p\u0101rvieto\u0161anai. Tie nodro\u0161ina rak\u0161anas darb\u012bbu un atvieglo smagu kravu cel\u0161anu, uzlabojot b\u016bvniec\u012bbas uzdevumu efektivit\u0101ti. Ekskavatori str\u0113les cilindrus izmanto gan rak\u0161anai, gan cel\u0161anai, padarot tos par neat\u0146emamu tehnikas sast\u0101vda\u013cu.<\/p>\n<h3>Lauksaimniec\u012bbas tehnika<\/h3>\n<p>Front\u0101lajos iekr\u0101v\u0113jos str\u0113les cilindri ir b\u016btiski augsnes, siena un citu materi\u0101lu sav\u0101k\u0161anai, cel\u0161anai un transport\u0113\u0161anai. To uzticama darb\u012bba nodro\u0161ina, ka lauksaimniec\u012bbas darbi tiek paveikti \u0101tri un efekt\u012bvi, t\u0101d\u0113j\u0101di veicinot lab\u0101ku produktivit\u0101ti lauksaimniec\u012bbas darb\u012bb\u0101s.<\/p>\n<h3>Ekskavatori<\/h3>\n<p>Ekskavatora str\u0113les cilindri \u013cauj kausam iek\u013c\u016bt augsn\u0113 rak\u0161anas laik\u0101, padarot tos par iz\u0161\u0137iro\u0161iem b\u016bvniec\u012bbas un ainavu veido\u0161anas projektos. \u0160ie cilindri nodro\u0161ina nepiecie\u0161amo sp\u0113ku, lai izlauztos cauri cietai augsnei un efekt\u012bvi transport\u0113tu materi\u0101lus.<\/p>\n<h3>Iekr\u0101v\u0113ji<\/h3>\n<p>Front\u0101lajos iekr\u0101v\u0113jos str\u0113les cilindri pal\u012bdz efekt\u012bvi pacelt un izg\u0101zt kravas. To sp\u0113ja vienm\u0113r\u012bgi darboties zem spiediena \u013cauj iekr\u0101v\u0113jiem veikt da\u017e\u0101dus uzdevumus, s\u0101kot no grants p\u0101rvieto\u0161anas l\u012bdz gru\u017eu t\u012br\u012b\u0161anai.<\/p>\n<h2>Dizaina apsv\u0113rumi un atlases krit\u0113riji<\/h2>\n<h3>Kravnes\u012bba<\/h3>\n<p>Izv\u0113loties str\u0113les cilindru, galvenais apsv\u0113rums ir kravnes\u012bba. Cilindram j\u0101sp\u0113j iztur\u0113t maksim\u0101lo slodzi, kas paredzama ekspluat\u0101cijas laik\u0101, lai nov\u0113rstu boj\u0101jumus un nodro\u0161in\u0101tu dro\u0161\u012bbu. Vienm\u0113r j\u0101iev\u0113ro in\u017eeniertehnisk\u0101s specifik\u0101cijas attiec\u012bb\u0101 uz maksim\u0101lo pacel\u0161anas svaru.<\/p>\n<h3>Bl\u012bv\u0113juma veiktsp\u0113ja<\/h3>\n<p>Bl\u012bv\u0113jums ir \u013coti svar\u012bgs, lai uztur\u0113tu hidraulisko spiedienu cilindr\u0101. Augstas kvalit\u0101tes bl\u012bv\u0113jumi nov\u0113r\u0161 e\u013c\u013cas nopl\u016bdi, nodro\u0161inot efekt\u012bvu darb\u012bbu un samazinot ietekmi uz vidi. Regul\u0101ri j\u0101p\u0101rbauda bl\u012bv\u0113jumi, lai nomain\u012btu nolietot\u0101s deta\u013cas, pirms t\u0101s saboj\u0101jas.<\/p>\n<h3>Iztur\u012bba<\/h3>\n<p>Hidraulisk\u0101 cilindra iztur\u012bba ir b\u016btiska, \u012bpa\u0161i sare\u017e\u0123\u012btos apst\u0101k\u013cos. Izmantojot materi\u0101lus, kas ir iztur\u012bgi pret nodilumu, piem\u0113ram, r\u016bd\u012btu t\u0113raudu, tiek pagarin\u0101ts cilindra kalpo\u0161anas laiks un samazin\u0101ts nomai\u0146as bie\u017eums.<\/p>\n<h3>Dro\u0161\u012bba<\/h3>\n<p>Dro\u0161\u012bbas funkcijas ir \u013coti svar\u012bgs balona konstrukcijas aspekts. Tas ietver spiediena samazin\u0101\u0161anas v\u0101rstus, lai nov\u0113rstu p\u0101rspiedienu un nodro\u0161in\u0101tu dro\u0161u darb\u012bbu. Operatoriem vienm\u0113r j\u0101b\u016bt apm\u0101c\u012btiem atpaz\u012bt potenci\u0101lu balona boj\u0101jumu simptomus, lai mazin\u0101tu riskus.<\/p>\n<h3>Uzturam\u012bba<\/h3>\n<p>Vienk\u0101r\u0161a apkope ir b\u016btisks apsv\u0113rums jebkuram hidrauliskajam cilindram. Konstrukcijas, kas nodro\u0161ina vienk\u0101r\u0161u piek\u013cuvi bl\u012bv\u0113m un iek\u0161\u0113j\u0101m sast\u0101vda\u013c\u0101m, atvieglo operatoriem regul\u0101ras apkopes veik\u0161anu, t\u0101d\u0113j\u0101di pagarinot cilindra kalpo\u0161anas laiku.<\/p>\n<p><img decoding=\"async\" src=\"https:\/\/www.hydraulic-cylinders.net\/wp-content\/uploads\/2025\/04\/songte-oil-pipes-and-spare-parts.webp\" alt=\"Hidraulisk\u0101s da\u013cas\" \/><\/p>\n<h2>Bl\u012bv\u0113\u0161ana un e\u013c\u013co\u0161ana<\/h2>\n<p>Pareiza bl\u012bv\u0113\u0161ana un e\u013c\u013co\u0161ana ir b\u016btiska hidraulisko cilindru ilgm\u016b\u017e\u012bbai. Lai nodro\u0161in\u0101tu, ka no cilindra nenotiek hidraulisk\u0101s e\u013c\u013cas nopl\u016bde, tiek izmantoti da\u017e\u0101di bl\u012bv\u0113\u0161anas komponenti, piem\u0113ram, virzu\u013ca bl\u012bv\u0113jumi un stie\u0146a bl\u012bv\u0113jumi. Ieteicams izmantot bl\u012bv\u0113jumus, kas izgatavoti no iztur\u012bgiem materi\u0101liem, piem\u0113ram, poliuret\u0101na un nitrila gumijas, to nodilumiztur\u012bgo \u012bpa\u0161\u012bbu d\u0113\u013c.<\/p>\n<p>Cilindra korpuss un v\u012bt\u0146ot\u0101s gala virsmas ir smalki apstr\u0101d\u0101tas, lai uzlabotu nodilumiztur\u012bbu. Regul\u0101ra e\u013c\u013co\u0161ana ar atbilsto\u0161u hidraulisko e\u013c\u013cu ir b\u016btiska, lai samazin\u0101tu iek\u0161\u0113jo deta\u013cu berzi un nodilumu, nodro\u0161inot vienm\u0113r\u012bgu darb\u012bbu.<\/p>\n<h2>Prevent\u012bvie apkopes pas\u0101kumi<\/h2>\n<ul>\n<li><strong>Regul\u0101ras p\u0101rbaudes:<\/strong> Veiciet regul\u0101ras cilindru integrit\u0101tes p\u0101rbaudes, tostarp vizu\u0101las p\u0101rbaudes, lai noteiktu nopl\u016bdes un nodilumu.<\/li>\n<li><strong>E\u013c\u013co\u0161ana:<\/strong> P\u0101rliecinieties, ka hidraulisk\u0101s e\u013c\u013cas l\u012bmenis ir pietiekams, un ka e\u013c\u013ca tiek main\u012bta saska\u0146\u0101 ar ra\u017eot\u0101ja ieteikumiem, lai uztur\u0113tu optim\u0101lu veiktsp\u0113ju.<\/li>\n<li><strong>Bl\u012bv\u0113juma nomai\u0146a:<\/strong> Nomainiet bl\u012bves pie pirmaj\u0101m nodiluma paz\u012bm\u0113m, lai nov\u0113rstu nopl\u016bdes un saglab\u0101tu darb\u012bbas integrit\u0101ti.<\/li>\n<\/ul>\n<h2>Uzst\u0101d\u012b\u0161anas vadl\u012bnijas<\/h2>\n<p>Pareiza str\u0113les cilindra uzst\u0101d\u012b\u0161ana ir b\u016btiska optim\u0101lai veiktsp\u0113jai. Vispirms p\u0101rliecinieties, vai visas sast\u0101vda\u013cas ir sader\u012bgas un bez boj\u0101jumiem. Ir \u013coti svar\u012bgi pareizi izl\u012bdzin\u0101t cilindru ar tehniku, lai nov\u0113rstu t\u0101 iespr\u016b\u0161anu darb\u012bbas laik\u0101. Izmantojiet atbilsto\u0161us mont\u0101\u017eas kron\u0161teinus, lai nostiprin\u0101tu cilindru viet\u0101, nodro\u0161inot, ka tas ir stingri fiks\u0113ts, lai nov\u0113rstu kust\u012bbu darb\u012bbas laik\u0101.<\/p>\n<p>Hidrauliskajiem savienojumiem j\u0101b\u016bt cie\u0161i pievilktiem, lai nov\u0113rstu nopl\u016bdes. P\u0113c uzst\u0101d\u012b\u0161anas ieteicams p\u0101rbaud\u012bt sist\u0113mu zem\u0101 spiedien\u0101, lai pirms darbin\u0101\u0161anas ar pilnu jaudu, vai nav nopl\u016b\u017eu. Pareiza izl\u012bdzin\u0101\u0161ana un dro\u0161a mont\u0101\u017ea ir \u013coti svar\u012bga, lai pagarin\u0101tu cilindra kalpo\u0161anas laiku un uzlabotu veiktsp\u0113ju.<\/p>\n<h2>Bie\u017ei sastopamie apkopes uzdevumi<\/h2>\n<h3>Regul\u0101ras p\u0101rbaudes<\/h3>\n<p>Regul\u0101ras str\u0113les cilindra p\u0101rbaudes ir b\u016btiskas, lai laikus atkl\u0101tu nodiluma vai boj\u0101jumu paz\u012bmes. Operatoriem regul\u0101ri j\u0101p\u0101rbauda, \u200b\u200bvai cilindra virsm\u0101 nav nopl\u016b\u017eu, plaisu vai citu nel\u012bdzenumu. Probl\u0113mu agr\u012bna atkl\u0101\u0161ana var nov\u0113rst nopietn\u0101kas probl\u0113mas v\u0113l\u0101k, nodro\u0161inot efekt\u012bvu darb\u012bbu.<\/p>\n<h3>Pareiza e\u013c\u013co\u0161ana<\/h3>\n<p>Hidraulisk\u0101 cilindra atbilsto\u0161a e\u013c\u013co\u0161ana ir \u013coti svar\u012bga t\u0101 darb\u012bbai. Hidraulisk\u0101 e\u013c\u013ca ir regul\u0101ri j\u0101papildina, un e\u013c\u013cai ir j\u0101atbilst ra\u017eot\u0101ja specifik\u0101cij\u0101m. Pareiza e\u013c\u013co\u0161ana samazina berzi, kas var izrais\u012bt cilindra deta\u013cu priek\u0161laic\u012bgu nodilumu un boj\u0101jumus.<\/p>\n<h3>Bl\u012bvju nomai\u0146as un kalibr\u0113\u0161anas p\u0101rbaudes<\/h3>\n<p>Bl\u012bvju nomai\u0146a pie pirmaj\u0101m nodiluma paz\u012bm\u0113m ir \u013coti svar\u012bga, lai uztur\u0113tu hidraulisko spiedienu. Operatoriem j\u0101veic ar\u012b kalibr\u0113\u0161anas p\u0101rbaudes, lai p\u0101rliecin\u0101tos, ka cilindrs darbojas noteikto parametru robe\u017e\u0101s. Nepareiza kalibr\u0113\u0161ana var izrais\u012bt neefekt\u012bvu darb\u012bbu un palielin\u0101tu cilindra nodilumu.<\/p>\n<p><img decoding=\"async\" src=\"https:\/\/www.hydraulic-cylinders.net\/wp-content\/uploads\/2025\/04\/songte-chushion-collar.webp\" alt=\"Spilvenu apkakle\" \/><\/p>\n<h2>Dro\u0161\u012bbas apsv\u0113rumi un vides faktori<\/h2>\n<p>Izmantojot hidrauliskos cilindrus, dro\u0161\u012bbas pas\u0101kumi ir \u0101rk\u0101rt\u012bgi svar\u012bgi. Operatoriem j\u0101apzin\u0101s iesp\u0113jamie riski, piem\u0113ram, hidraulisk\u0101 \u0161\u0137idruma nopl\u016bdes, kas var rad\u012bt draudus videi. Atbilsto\u0161u dro\u0161\u012bbas pas\u0101kumu ievie\u0161ana, piem\u0113ram, regul\u0101ras p\u0101rbaudes un iek\u0101rtu apkope, ir b\u016btiska, lai nodro\u0161in\u0101tu dro\u0161u darb\u012bbu un samazin\u0101tu ietekmi uz vidi.<\/p>\n<h2>K\u013c\u016bmju diagnostika un bie\u017e\u0101k sastopam\u0101s probl\u0113mas<\/h2>\n<ul>\n<li><strong>Hidraulisk\u0101 \u0161\u0137idruma nopl\u016bdes:<\/strong> Ir \u013coti svar\u012bgi savlaic\u012bgi noteikt nopl\u016b\u017eu avotu, jo t\u0101s var izrais\u012bt hidraulisk\u0101 spiediena zudumu. Regul\u0101ras p\u0101rbaudes var pal\u012bdz\u0113t atkl\u0101t nopl\u016bdes agr\u012bn\u0101 stadij\u0101.<\/li>\n<li><strong>L\u0113na vai neregul\u0101ra kust\u012bba:<\/strong> Tas var nor\u0101d\u012bt uz probl\u0113m\u0101m ar hidraulisko spiedienu vai boj\u0101tu bl\u012bv\u0113jumu. Probl\u0113mas agr\u012bna diagnostic\u0113\u0161ana var nov\u0113rst turpm\u0101kus boj\u0101jumus.<\/li>\n<li><strong>Neparastas ska\u0146as:<\/strong> Jebk\u0101das neparastas ska\u0146as darb\u012bbas laik\u0101 ir j\u0101p\u0101rbauda, \u200b\u200bjo t\u0101s var liecin\u0101t par sist\u0113mas nodilumu vai boj\u0101jumiem.<\/li>\n<\/ul>\n<h2>Probl\u0113mu nov\u0113r\u0161anas padomi<\/h2>\n<p>Lai efekt\u012bvi diagnostic\u0113tu un nov\u0113rstu probl\u0113mas ar str\u0113les cilindru, operatoriem j\u0101re\u0123istr\u0113 visas neatbilst\u012bbas un j\u0101veic r\u016bp\u012bgas p\u0101rbaudes. Regul\u0101ra apkope un uzman\u012bba deta\u013c\u0101m var nov\u0113rst daudzas bie\u017ei sastopamas probl\u0113mas. Proakt\u012bva apkopes grafika ievie\u0161ana var samazin\u0101t iesp\u0113jam\u0101s probl\u0113mas un nodro\u0161in\u0101t hidraulisk\u0101s sist\u0113mas nevainojamu darb\u012bbu.<\/p>\n<p><img decoding=\"async\" src=\"https:\/\/www.hydraulic-cylinders.net\/wp-content\/uploads\/2025\/04\/songte-bushings-with-all-kinds-of-excavator-models.webp\" alt=\"Ekskavatora bukses\" \/><\/p>\n<h2>Uz\u0146\u0113muma p\u0101rskats<\/h2>\n<p>M\u0113s esam vado\u0161ais rezerves hidraulisko cilindru ra\u017eot\u0101js, kas pied\u0101v\u0101 pla\u0161u produktu kl\u0101stu, kas ir nostiprin\u0101jis m\u016bsu k\u0101 iev\u0113rojama sp\u0113l\u0113t\u0101ja poz\u012bciju viet\u0113j\u0101 un starptautiskaj\u0101 tirg\u016b. M\u016bsu ap\u0146em\u0161an\u0101s sasniegt izcil\u012bbu atspogu\u013cojas stingru kvalit\u0101tes standartu un progres\u012bvu ra\u017eo\u0161anas meto\u017eu iev\u0113ro\u0161an\u0101.<\/p>\n<p>M\u0113s izmantojam izsmalcin\u0101tu ra\u017eo\u0161anas vad\u012bbas strat\u0113\u0123iju, lai uzlabotu m\u016bsu ra\u017eo\u0161anas iesp\u0113jas. Izmantojot kvalific\u0113tu tehnisko person\u0101lu, augstas klases digit\u0101l\u0101s ra\u017eo\u0161anas iek\u0101rtas un profesion\u0101las test\u0113\u0161anas sist\u0113mas, m\u0113s nep\u0101rtraukti uzlabojam savu ra\u017eo\u0161anas platformu, lai nodro\u0161in\u0101tu augstas kvalit\u0101tes produktus.<\/p>\n<p>M\u016bsu koncentr\u0113\u0161an\u0101s uz efektivit\u0101ti, precizit\u0101ti un augstiem kvalit\u0101tes standartiem \u013cauj mums apmierin\u0101t da\u017e\u0101das klientu vajadz\u012bbas. M\u0113s pied\u0101v\u0101jam piel\u0101gojamus risin\u0101jumus ar sp\u0113c\u012bgu p\u0113cp\u0101rdo\u0161anas atbalstu, lai nodro\u0161in\u0101tu klientu apmierin\u0101t\u012bbu.<\/p>\n<p><img decoding=\"async\" src=\"https:\/\/www.hydraulic-cylinders.net\/wp-content\/uploads\/2025\/04\/songte-company-4.webp\" alt=\"Uz\u0146\u0113muma ra\u017eo\u0161ana\" \/><br \/>\n<img decoding=\"async\" src=\"https:\/\/www.hydraulic-cylinders.net\/wp-content\/uploads\/2025\/04\/songte-company-3.webp\" alt=\"Uz\u0146\u0113muma apr\u012bkojums\" \/><\/p>\n<p>Autors: lil<\/p>","protected":false},"excerpt":{"rendered":"<p>Boom Cylinder For Volwa Wheel Excavator DLS890-9A Product Overview The Boom Cylinder for Volwa Wheel Excavator DLS890-9A is a specialized hydraulic cylinder designed to optimize the functionality of excavators. These cylinders enable precise control of the bucket&#8217;s movement, which is crucial for various heavy machinery tasks. As a type of hydraulic cylinder, the bucket cylinder [&hellip;]<\/p>","protected":false},"featured_media":17881,"comment_status":"open","ping_status":"closed","template":"","meta":{"_et_pb_use_builder":"","_et_pb_old_content":"","_et_gb_content_width":""},"product_brand":[],"product_cat":[1546],"product_tag":[1547,1496],"class_list":{"0":"post-19618","1":"product","2":"type-product","3":"status-publish","4":"has-post-thumbnail","6":"product_cat-boom-cylinders","7":"product_tag-boom-cylinders","8":"product_tag-hydraulic-cylinders","10":"first","11":"instock","12":"shipping-taxable","13":"product-type-simple"},"amp_enabled":true,"_links":{"self":[{"href":"https:\/\/www.hydraulic-cylinders.net\/lv\/wp-json\/wp\/v2\/product\/19618","targetHints":{"allow":["GET"]}}],"collection":[{"href":"https:\/\/www.hydraulic-cylinders.net\/lv\/wp-json\/wp\/v2\/product"}],"about":[{"href":"https:\/\/www.hydraulic-cylinders.net\/lv\/wp-json\/wp\/v2\/types\/product"}],"replies":[{"embeddable":true,"href":"https:\/\/www.hydraulic-cylinders.net\/lv\/wp-json\/wp\/v2\/comments?post=19618"}],"wp:featuredmedia":[{"embeddable":true,"href":"https:\/\/www.hydraulic-cylinders.net\/lv\/wp-json\/wp\/v2\/media\/17881"}],"wp:attachment":[{"href":"https:\/\/www.hydraulic-cylinders.net\/lv\/wp-json\/wp\/v2\/media?parent=19618"}],"wp:term":[{"taxonomy":"product_brand","embeddable":true,"href":"https:\/\/www.hydraulic-cylinders.net\/lv\/wp-json\/wp\/v2\/product_brand?post=19618"},{"taxonomy":"product_cat","embeddable":true,"href":"https:\/\/www.hydraulic-cylinders.net\/lv\/wp-json\/wp\/v2\/product_cat?post=19618"},{"taxonomy":"product_tag","embeddable":true,"href":"https:\/\/www.hydraulic-cylinders.net\/lv\/wp-json\/wp\/v2\/product_tag?post=19618"}],"curies":[{"name":"wp","href":"https:\/\/api.w.org\/{rel}","templated":true}]}}