{"id":19620,"date":"2025-04-07T06:57:55","date_gmt":"2025-04-07T06:57:55","guid":{"rendered":"https:\/\/www.hydraulic-cylinders.net\/product\/boom-cylinder-for-volwa-cane-unloader-dls100-9a\/"},"modified":"2025-04-07T06:57:58","modified_gmt":"2025-04-07T06:57:58","slug":"boom-cylinder-for-volwa-cane-unloader-dls100-9a","status":"publish","type":"product","link":"https:\/\/www.hydraulic-cylinders.net\/lv\/products\/boom-cylinder-for-volwa-cane-unloader-dls100-9a\/","title":{"rendered":"Str\u0113les cilindrs Volvo niedru izkrau\u0161anas ma\u0161\u012bnai DLS100-9A"},"content":{"rendered":"<h1>Str\u0113les cilindrs Volvo niedru izkrau\u0161anas ma\u0161\u012bnai DLS100-9A<\/h1>\n<h2>Produkta p\u0101rskats<\/h2>\n<p>Volwa Cane Unloader DLS100-9A str\u0113les cilindrs ir b\u016btiska hidrauliska sast\u0101vda\u013ca, kas \u012bpa\u0161i paredz\u0113ta, lai kontrol\u0113tu str\u0113les kust\u012bbu smagaj\u0101s ma\u0161\u012bn\u0101s, piem\u0113ram, ekskavatoros, iekr\u0101v\u0113jos un front\u0101lajos iekr\u0101v\u0113jos. \u0160is hidrauliskais cilindrs \u013cauj pacelt, nolaist un noliekt str\u0113li, atvieglojot efekt\u012bvus materi\u0101lu apstr\u0101des uzdevumus. Hidrauliskajiem cilindriem, tostarp kausa cilindriem, ir iz\u0161\u0137iro\u0161a noz\u012bme hidrauliskaj\u0101s sist\u0113m\u0101s, p\u0101rveidojot hidraulisko ener\u0123iju meh\u0101niskaj\u0101 ener\u0123ij\u0101 darba veik\u0161anai. \u0160aj\u0101 gad\u012bjum\u0101 kausa cilindrs \u013cauj prec\u012bzi kontrol\u0113t str\u0113les kust\u012bbu, nodro\u0161inot, ka operatori var veikt uzdevumus prec\u012bzi un efekt\u012bvi.<\/p>\n<p><img decoding=\"async\" src=\"https:\/\/www.hydraulic-cylinders.net\/wp-content\/uploads\/2025\/04\/songte-company-1.webp\" alt=\"Volwa niedru izkrau\u0161anas iek\u0101rtas str\u0113les cilindrs\"\/><\/p>\n<h2>Str\u0113les cilindra \u012bpa\u0161\u012bbas<\/h2>\n<ul>\n<li><strong>Augsta iztur\u012bba un ilgm\u016b\u017e\u012bba:<\/strong> Izgatavots no augstas stipr\u012bbas t\u0113rauda vai alum\u012bnija, str\u0113les cilindrs ir paredz\u0113ts, lai iztur\u0113tu augstu spiedienu un lielas slodzes, padarot to piem\u0113rotu skarbiem darba apst\u0101k\u013ciem. T\u0101 konstrukcija ir paredz\u0113ta nodilumiztur\u012bbai un aizsardz\u012bbai pret koroziju, pagarinot t\u0101 kalpo\u0161anas laiku.<\/li>\n<li><strong>Efekt\u012bva hidraulisk\u0101 darb\u012bba:<\/strong> Izmantojot hidraulisk\u0101s e\u013c\u013cas spiedienu, \u0161is cilindrs pan\u0101k vienm\u0113r\u012bgas teleskopiskas kust\u012bbas un var \u0101tri rea\u0123\u0113t uz vad\u012bbas komand\u0101m, nodro\u0161inot sp\u0113c\u012bgus stum\u0161anas un vilk\u0161anas sp\u0113kus, kas ir ide\u0101li piem\u0113roti smagu kravu apstr\u0101dei un sare\u017e\u0123\u012btu uzdevumu veik\u0161anai.<\/li>\n<li><strong>Da\u017e\u0101di veidi:<\/strong> Pieejams vienk\u0101r\u0161\u0101s darb\u012bbas (izmantojot hidraulisko spiedienu vien\u0101 virzien\u0101) vai divk\u0101r\u0161\u0101s darb\u012bbas (izmantojot hidraulisko spiedienu abos virzienos) konfigur\u0101cij\u0101s, lai apmierin\u0101tu da\u017e\u0101das ekspluat\u0101cijas vajadz\u012bbas. Da\u017ei mode\u013ci ir teleskopiski, kas \u013cauj liel\u0101ku pagarin\u0101jumu, nepalielinot \u0101r\u0113jos izm\u0113rus, kas ir ide\u0101li piem\u0113rots lieto\u0161anai ar ierobe\u017eotu vietu.<\/li>\n<li><strong>Piel\u0101gota ra\u017eo\u0161ana:<\/strong> M\u016bsu produkti var lieliski aizst\u0101t da\u017e\u0101dus hidrauliskos cilindrus, nodro\u0161inot sader\u012bbu un uzticam\u012bbu.<\/li>\n<li><strong>Daudzpus\u012bgi pielietojumi:<\/strong> Paredz\u0113ts izmanto\u0161anai da\u017e\u0101da veida ma\u0161\u012bn\u0101s, uzlabojot to darb\u012bbas efektivit\u0101ti da\u017e\u0101d\u0101s nozar\u0113s.<\/li>\n<\/ul>\n<p><img decoding=\"async\" src=\"https:\/\/www.hydraulic-cylinders.net\/wp-content\/uploads\/2025\/04\/songte-cylinder-head-with-all-kinds-excavator-models.webp\" alt=\"Hidraulisko cilindru ra\u017eo\u0161ana\"\/><\/p>\n<h2>Lietojumprogrammu scen\u0101riji<\/h2>\n<h3>Celtniec\u012bbas apr\u012bkojums<\/h3>\n<p>B\u016bvniec\u012bbas tehnik\u0101 str\u0113les cilindri ir \u013coti svar\u012bgi ekskavatoriem, tiem ir b\u016btiska loma zemes vai gru\u017eu rak\u0161an\u0101, iekrau\u0161an\u0101 un p\u0101rvieto\u0161an\u0101. Tie atvieglo gan rak\u0161anas, gan cel\u0161anas darb\u012bbas ekskavatoros-iekr\u0101v\u0113jos, padarot tos par nepiecie\u0161amu sast\u0101vda\u013cu b\u016bvniec\u012bbas darbos. \u0160\u012bm lietojumprogramm\u0101m ir nepiecie\u0161ama uzticama veiktsp\u0113ja, jo t\u0101s bie\u017ei darbojas sare\u017e\u0123\u012btos apst\u0101k\u013cos un iztur iev\u0113rojamu svaru.<\/p>\n<h3>Lauksaimniec\u012bbas tehnika<\/h3>\n<p>Lauksaimniec\u012bbas tehnik\u0101, \u012bpa\u0161i front\u0101lajos iekr\u0101v\u0113jos, str\u0113les cilindri tiek izmantoti augsnes, siena un citu materi\u0101lu sav\u0101k\u0161anai, cel\u0161anai un transport\u0113\u0161anai. To loma \u0161aj\u0101s ma\u0161\u012bn\u0101s ir noz\u012bm\u012bga, nodro\u0161inot netrauc\u0113tu darb\u012bbu lauksaimniec\u012bbas darbu laik\u0101, kas var ietvert lielu materi\u0101lu daudzumu \u0101tru un efekt\u012bvu p\u0101rvieto\u0161anu.<\/p>\n<h3>Ekskavatori<\/h3>\n<p>Ekskavatoros str\u0113les cilindrs \u013cauj kausam iek\u013c\u016bt augsn\u0113, atvieglojot rak\u0161anas procesu. \u0160\u012b darb\u012bba ir b\u016btiska da\u017e\u0101dos b\u016bvniec\u012bbas un ainavu veido\u0161anas projektos, kur nepiecie\u0161ama prec\u012bza rak\u0161ana un materi\u0101la no\u0146em\u0161ana.<\/p>\n<h3>Iekr\u0101v\u0113ji<\/h3>\n<p>Front\u0101lajos iekr\u0101v\u0113jos str\u0113les cilindri pal\u012bdz efekt\u012bvi pacelt un izkraut kravas. To sp\u0113ja viegli apstr\u0101d\u0101t smagus materi\u0101lus padara tos neaizst\u0101jamus da\u017e\u0101dos r\u016bpniec\u012bbas un b\u016bvniec\u012bbas apst\u0101k\u013cos, veicinot produktivit\u0101ti un efektivit\u0101ti.<\/p>\n<h2>Dizaina apsv\u0113rumi un atlases krit\u0113riji<\/h2>\n<h3>Kravnes\u012bba<\/h3>\n<p>Izv\u0113loties str\u0113les cilindru, viens no galvenajiem apsv\u0113rumiem ir t\u0101 kravnes\u012bba. T\u0101 attiecas uz maksim\u0101lo slodzi, ko cilindrs var pacelt, nerisk\u0113jot to saboj\u0101t. Ir svar\u012bgi izv\u0113l\u0113ties cilindru ar kravnes\u012bbu, kas atbilst vai p\u0101rsniedz konkr\u0113t\u0101 pielietojuma pras\u012bbas, lai nodro\u0161in\u0101tu dro\u0161\u012bbu un funkcionalit\u0101ti. Nepiecie\u0161am\u0101s kravnes\u012bbas nenov\u0113rt\u0113\u0161ana var izrais\u012bt meh\u0101niskus boj\u0101jumus, radot dro\u0161\u012bbas riskus un d\u0101rgas d\u012bkst\u0101ves.<\/p>\n<h3>Bl\u012bv\u0113jums un iztur\u012bba<\/h3>\n<p>Efekt\u012bvs bl\u012bv\u0113jums ir \u013coti svar\u012bgs hidraulisko cilindru ilgm\u016b\u017e\u012bbai un veiktsp\u0113jai. Augstas kvalit\u0101tes bl\u012bv\u0113jumi nov\u0113r\u0161 hidraulisk\u0101 \u0161\u0137idruma nopl\u016bdi, kas var apdraud\u0113t cilindra efektivit\u0101ti un izrais\u012bt priek\u0161laic\u012bgu nodilumu. Iztur\u012bgu materi\u0101lu, piem\u0113ram, poliuret\u0101na vai nitrilgumijas, izmanto\u0161ana bl\u012bv\u0113jumiem uzlabo to iztur\u012bbu pret nodilumu. Turkl\u0101t cilindra kop\u0113jo iztur\u012bbu ietekm\u0113 t\u0101di faktori k\u0101 materi\u0101lu izv\u0113le, ra\u017eo\u0161anas procesi un virsmas apstr\u0101de, kas ir iztur\u012bga pret koroziju un nodilumu.<\/p>\n<h3>Dro\u0161\u012bbas funkcijas<\/h3>\n<p>Dro\u0161\u012bba ir \u0101rk\u0101rt\u012bgi svar\u012bgs apsv\u0113rums hidraulisko cilindru projekt\u0113\u0161an\u0101. Tiem j\u0101b\u016bt apr\u012bkotiem ar funkcij\u0101m, kas nov\u0113r\u0161 p\u0101rslodzi, p\u0101rslodzi un p\u0113k\u0161\u0146us spiediena kritumus. Dro\u0161\u012bbas v\u0101rsti un spiediena samazin\u0101\u0161anas meh\u0101nismi ir b\u016btiski, lai aizsarg\u0101tu gan operatoru, gan apr\u012bkojumu. Nodro\u0161inot, ka \u0161\u012bs dro\u0161\u012bbas funkcijas ir ieviestas, var iev\u0113rojami samazin\u0101t negad\u012bjumu risku un uzlabot ekspluat\u0101cijas dro\u0161\u012bbu.<\/p>\n<h3>Apkopes pieejam\u012bba<\/h3>\n<p>Projekt\u0113\u0161anas apsv\u0113rumi ietver ar\u012b apkopes vienk\u0101r\u0161\u012bbu. Labi izstr\u0101d\u0101tam str\u0113les cilindram j\u0101nodro\u0161ina \u0113rta piek\u013cuve kritiski svar\u012bg\u0101m sast\u0101vda\u013c\u0101m p\u0101rbaudei, apkopei un remontam. \u0160is aspekts ir b\u016btisks, lai samazin\u0101tu d\u012bkst\u0101ves laiku un nodro\u0161in\u0101tu, ka tehnika turpina darboties. Konstrukcija, kas atvieglo vienk\u0101r\u0161as apkopes darb\u012bbas, iev\u0113rojami uzlabos apkopes proced\u016bru efektivit\u0101ti.<\/p>\n<p><img decoding=\"async\" src=\"https:\/\/www.hydraulic-cylinders.net\/wp-content\/uploads\/2025\/04\/songte-oil-pipes-and-spare-parts.webp\" alt=\"Hidraulisko cilindru deta\u013cas\"\/><\/p>\n<h2>Bl\u012bv\u0113\u0161ana un e\u013c\u013co\u0161ana<\/h2>\n<p>Pareiza bl\u012bv\u0113\u0161ana un e\u013c\u013co\u0161ana ir b\u016btiska hidraulisko cilindru efekt\u012bvai darb\u012bbai. Lai uztur\u0113tu hidraulisk\u0101s sist\u0113mas integrit\u0101ti, tiek izmantoti da\u017e\u0101di bl\u012bv\u0113jumi, piem\u0113ram, virzu\u013ca bl\u012bv\u0113jumi un stie\u0146a bl\u012bv\u0113jumi. No iztur\u012bgiem materi\u0101liem, piem\u0113ram, poliuret\u0101na un nitrila gumijas, izgatavotu bl\u012bv\u0113jumu izv\u0113le nodro\u0161ina iztur\u012bbu pret nodilumu un vides faktoriem. Turkl\u0101t cilindra korpuss un v\u012bt\u0146ot\u0101s gala virsmas tiek r\u016bp\u012bgi apstr\u0101d\u0101tas, lai uzlabotu nodilumiztur\u012bbu. Regul\u0101ri pievienot atbilsto\u0161u hidraulisk\u0101s e\u013c\u013cas daudzumu e\u013c\u013co\u0161anai ir svar\u012bgi, lai nov\u0113rstu berzi un uztur\u0113tu vienm\u0113r\u012bgu darb\u012bbu, pagarinot hidraulisk\u0101 cilindra kalpo\u0161anas laiku.<\/p>\n<h2>Prevent\u012bvie apkopes pas\u0101kumi<\/h2>\n<ul>\n<li><strong>Regul\u0101ras p\u0101rbaudes:<\/strong> Ir svar\u012bgi veikt regul\u0101ras hidraulisk\u0101 cilindra p\u0101rbaudes, lai identific\u0113tu jebk\u0101das nodiluma, nopl\u016bdes vai boj\u0101jumu paz\u012bmes. Potenci\u0101lo probl\u0113mu agr\u012bna atkl\u0101\u0161ana var nov\u0113rst nopietn\u0101kas probl\u0113mas n\u0101kotn\u0113.<\/li>\n<li><strong>Pareiza e\u013c\u013co\u0161ana:<\/strong> Lai saglab\u0101tu funkcionalit\u0101ti un nov\u0113rstu kust\u012bgo da\u013cu nevajadz\u012bgu nodilumu, ir \u013coti svar\u012bgi nodro\u0161in\u0101t, lai cilindrs b\u016btu pien\u0101c\u012bgi iee\u013c\u013cots ar atbilsto\u0161u hidraulisko e\u013c\u013cu.<\/li>\n<li><strong>Bl\u012bv\u0113juma nomai\u0146a:<\/strong> Regul\u0101ra bl\u012bv\u0113jumu p\u0101rbaude un nepiecie\u0161am\u012bbas gad\u012bjum\u0101 nomai\u0146a ir \u013coti svar\u012bga, lai saglab\u0101tu hidraulisk\u0101s sist\u0113mas integrit\u0101ti. Nolietoti bl\u012bv\u0113jumi var izrais\u012bt nopl\u016bdes un samazin\u0101t efektivit\u0101ti.<\/li>\n<\/ul>\n<h2>Uzst\u0101d\u012b\u0161anas vadl\u012bnijas<\/h2>\n<p>Pareiza str\u0113les cilindra uzst\u0101d\u012b\u0161ana ir \u013coti svar\u012bga t\u0101 veiktsp\u0113jai un ilgm\u016b\u017e\u012bbai. Vispirms p\u0101rliecinieties, vai visas sast\u0101vda\u013cas ir t\u012bras un bez pies\u0101r\u0146ojuma. Uzst\u0101dot cilindru, ir svar\u012bgi to pareizi izl\u012bdzin\u0101t ar stiprin\u0101juma punktiem, lai izvair\u012btos no p\u0101rm\u0113r\u012bgas slodzes uz sast\u0101vda\u013c\u0101m. Izmantojot atbilsto\u0161us stiprin\u0101juma kron\u0161teinus, var pal\u012bdz\u0113t nostiprin\u0101t cilindru viet\u0101. P\u0113c uzst\u0101d\u012b\u0161anas ieteicams p\u0101rbaud\u012bt izl\u012bdzin\u0101jumu un p\u0101rliecin\u0101ties, ka visi stiprin\u0101jumi ir pievilkti atbilsto\u0161i ra\u017eot\u0101ja specifik\u0101cij\u0101m. Turkl\u0101t ir svar\u012bgi piepild\u012bt hidraulisko sist\u0113mu ar pareiza veida un daudzuma hidraulisko e\u013c\u013cu un izlaist no sist\u0113mas gaisu, lai nodro\u0161in\u0101tu optim\u0101lu veiktsp\u0113ju.<\/p>\n<p><img decoding=\"async\" src=\"https:\/\/www.hydraulic-cylinders.net\/wp-content\/uploads\/2025\/04\/songte-chushion-collar.webp\" alt=\"Hidraulisk\u0101 cilindra uzst\u0101d\u012b\u0161ana\"\/><\/p>\n<h2>Apkopes uzdevumi<\/h2>\n<ul>\n<li><strong>Regul\u0101ras p\u0101rbaudes:<\/strong> Regul\u0101ri veiciet p\u0101rbaudes, lai atkl\u0101tu nopl\u016bdes, nodilumu vai citas boj\u0101jumu paz\u012bmes. \u0160\u012b proakt\u012bv\u0101 pieeja pal\u012bdz savlaic\u012bgi diagnostic\u0113t, nov\u0113r\u0161ot iesp\u0113jamus boj\u0101jumus.<\/li>\n<li><strong>Piem\u0113rota e\u013c\u013co\u0161ana:<\/strong> Pareizas hidraulisk\u0101s e\u013c\u013cas lieto\u0161ana un regul\u0101ra cilindra e\u013c\u013co\u0161ana ir \u013coti svar\u012bga, lai nodro\u0161in\u0101tu vienm\u0113r\u012bgu darb\u012bbu un ilgm\u016b\u017e\u012bbu.<\/li>\n<li><strong>Bl\u012bv\u0113juma nomai\u0146as un kalibr\u0113\u0161anas p\u0101rbaudes:<\/strong> Regul\u0101ri p\u0101rbaudiet bl\u012bv\u0113jumu nodilumu un veiciet kalibr\u0113\u0161anas p\u0101rbaudes, lai nodro\u0161in\u0101tu, ka hidraulisk\u0101 sist\u0113ma darbojas noteikto parametru robe\u017e\u0101s. Nodilu\u0161o bl\u012bv\u0113jumu nomai\u0146a un sist\u0113mas atk\u0101rtota kalibr\u0113\u0161ana uzlabo veiktsp\u0113ju un dro\u0161\u012bbu.<\/li>\n<\/ul>\n<h2>Dro\u0161\u012bbas apsv\u0113rumi un vides faktori<\/h2>\n<p>Izmantojot hidrauliskos cilindrus, ir svar\u012bgi priorit\u0101ri noteikt dro\u0161\u012bbas pas\u0101kumus, lai aizsarg\u0101tu operatorus un vidi. Pareiza apm\u0101c\u012bba par hidraulisko sist\u0113mu lieto\u0161anu var iev\u0113rojami samazin\u0101t negad\u012bjumu risku. Turkl\u0101t, nodro\u0161inot, ka visas dro\u0161\u012bbas funkcijas darbojas un tiek regul\u0101ri uztur\u0113tas, var nov\u0113rst b\u012bstamas situ\u0101cijas. Lai samazin\u0101tu ietekmi uz vidi, j\u0101\u0146em v\u0113r\u0101 ar\u012b vides apsv\u0113rumi, piem\u0113ram, pareiza hidraulisko \u0161\u0137idrumu un materi\u0101lu utiliz\u0101cija.<\/p>\n<h2>Probl\u0113mu nov\u0113r\u0161ana un bie\u017ei sastopamas probl\u0113mas<\/h2>\n<ul>\n<li><strong>Nopl\u016bde:<\/strong> Hidraulisk\u0101 \u0161\u0137idruma nopl\u016bdes var rasties nolietotu bl\u012bv\u0113jumu vai boj\u0101tu deta\u013cu d\u0113\u013c. Regul\u0101ras p\u0101rbaudes var pal\u012bdz\u0113t savlaic\u012bgi atkl\u0101t nopl\u016bdes, \u013caujot veikt savlaic\u012bgu remontu.<\/li>\n<li><strong>Nepietiekama veiktsp\u0113ja:<\/strong> Ja cilindrs nerea\u0123\u0113, k\u0101 paredz\u0113ts, tas var b\u016bt saist\u012bts ar nepietiekamu hidraulisk\u0101 \u0161\u0137idruma l\u012bmeni vai gaisu sist\u0113m\u0101. Regul\u0101ras p\u0101rbaudes var pal\u012bdz\u0113t nov\u0113rst \u0161\u012bs probl\u0113mas.<\/li>\n<li><strong>P\u0101rkar\u0161ana:<\/strong> P\u0101rkar\u0161ana var liecin\u0101t par p\u0101rm\u0113r\u012bgu slodzi vai nepietiekamu e\u013c\u013co\u0161anu. Darba temperat\u016bras uzraudz\u012bba un pareizas e\u013c\u013co\u0161anas nodro\u0161in\u0101\u0161ana var nov\u0113rst p\u0101rkar\u0161anu.<\/li>\n<\/ul>\n<p>Lai nov\u0113rstu \u0161\u012bs probl\u0113mas, ir svar\u012bgi veikt r\u016bp\u012bgas p\u0101rbaudes un nekav\u0113joties veikt korekt\u012bvus pas\u0101kumus. Prevent\u012bvie pas\u0101kumi, piem\u0113ram, regul\u0101ra apkope un ekspluat\u0101cijas vadl\u012bniju iev\u0113ro\u0161ana, var pal\u012bdz\u0113t samazin\u0101t iesp\u0113jam\u0101s probl\u0113mas.<\/p>\n<p><img decoding=\"async\" src=\"https:\/\/www.hydraulic-cylinders.net\/wp-content\/uploads\/2025\/04\/songte-bushings-with-all-kinds-of-excavator-models.webp\" alt=\"Hidraulisk\u0101 cilindra probl\u0113mu nov\u0113r\u0161ana\"\/><\/p>\n<h2>Par m\u016bsu uz\u0146\u0113mumu<\/h2>\n<p>M\u0113s esam vado\u0161ais rezerves hidraulisko cilindru ra\u017eot\u0101js, kas pied\u0101v\u0101 pla\u0161u produktu kl\u0101stu, kas ir nostiprin\u0101jis m\u016bsu k\u0101 viena no vado\u0161ajiem hidraulisko cilindru ra\u017eot\u0101jiem un vairumtirgot\u0101jiem viet\u0113j\u0101 un starptautiskaj\u0101 tirg\u016b. M\u0113s iev\u0113rojam izcil\u012bbas kvalit\u0101tes principus un pa\u013caujamies uz izsmalcin\u0101t\u0101m ra\u017eo\u0161anas strat\u0113\u0123ij\u0101m r\u016bpniecisk\u0101s ra\u017eo\u0161anas vad\u012bb\u0101. M\u016bsu uz\u0146\u0113mums past\u0101v\u012bgi uzlabo savas ra\u017eo\u0161anas iesp\u0113jas, izmantojot kvalific\u0113tu person\u0101lu, modernu digit\u0101lo ra\u017eo\u0161anas apr\u012bkojumu un specializ\u0113tas test\u0113\u0161anas sist\u0113mas. \u0160\u012b ap\u0146em\u0161an\u0101s nodro\u0161ina, ka m\u0113s apmierin\u0101m da\u017e\u0101das klientu vajadz\u012bbas ar augstu efektivit\u0101ti, precizit\u0101ti un kvalit\u0101ti.<\/p>\n<p>M\u016bsu uz\u0146\u0113mums lepojas ar profesionalit\u0101ti, starptautiskiem sertifik\u0101tiem, piel\u0101gotiem pakalpojumiem, modernu ra\u017eo\u0161anas apr\u012bkojumu un atsauc\u012bgu p\u0113cp\u0101rdo\u0161anas atbalstu, nodro\u0161inot, ka m\u016bsu klienti sa\u0146em lab\u0101kos risin\u0101jumus sav\u0101m hidraulisko cilindru vajadz\u012bb\u0101m.<\/p>\n<p><img decoding=\"async\" src=\"https:\/\/www.hydraulic-cylinders.net\/wp-content\/uploads\/2025\/04\/songte-company-4.webp\" alt=\"M\u016bsu uz\u0146\u0113mums\"\/><br \/>\n<img decoding=\"async\" src=\"https:\/\/www.hydraulic-cylinders.net\/wp-content\/uploads\/2025\/04\/songte-company-3.webp\" alt=\"M\u016bsu uz\u0146\u0113muma telpas\"\/><\/p>\n<p>Autors: lil<\/p>","protected":false},"excerpt":{"rendered":"<p>Boom Cylinder For Volwa Cane Unloader DLS100-9A Product Overview The Boom Cylinder for Volwa Cane Unloader DLS100-9A is an essential hydraulic component specifically designed to control the movement of the boom in heavy machinery, such as excavators, backhoe loaders, and front-end loaders. This hydraulic cylinder enables the boom to lift, lower, and tilt, facilitating efficient [&hellip;]<\/p>","protected":false},"featured_media":17868,"comment_status":"open","ping_status":"closed","template":"","meta":{"_et_pb_use_builder":"","_et_pb_old_content":"","_et_gb_content_width":""},"product_brand":[],"product_cat":[1546],"product_tag":[1547,1496],"class_list":{"0":"post-19620","1":"product","2":"type-product","3":"status-publish","4":"has-post-thumbnail","6":"product_cat-boom-cylinders","7":"product_tag-boom-cylinders","8":"product_tag-hydraulic-cylinders","10":"first","11":"instock","12":"shipping-taxable","13":"product-type-simple"},"amp_enabled":true,"_links":{"self":[{"href":"https:\/\/www.hydraulic-cylinders.net\/lv\/wp-json\/wp\/v2\/product\/19620","targetHints":{"allow":["GET"]}}],"collection":[{"href":"https:\/\/www.hydraulic-cylinders.net\/lv\/wp-json\/wp\/v2\/product"}],"about":[{"href":"https:\/\/www.hydraulic-cylinders.net\/lv\/wp-json\/wp\/v2\/types\/product"}],"replies":[{"embeddable":true,"href":"https:\/\/www.hydraulic-cylinders.net\/lv\/wp-json\/wp\/v2\/comments?post=19620"}],"wp:featuredmedia":[{"embeddable":true,"href":"https:\/\/www.hydraulic-cylinders.net\/lv\/wp-json\/wp\/v2\/media\/17868"}],"wp:attachment":[{"href":"https:\/\/www.hydraulic-cylinders.net\/lv\/wp-json\/wp\/v2\/media?parent=19620"}],"wp:term":[{"taxonomy":"product_brand","embeddable":true,"href":"https:\/\/www.hydraulic-cylinders.net\/lv\/wp-json\/wp\/v2\/product_brand?post=19620"},{"taxonomy":"product_cat","embeddable":true,"href":"https:\/\/www.hydraulic-cylinders.net\/lv\/wp-json\/wp\/v2\/product_cat?post=19620"},{"taxonomy":"product_tag","embeddable":true,"href":"https:\/\/www.hydraulic-cylinders.net\/lv\/wp-json\/wp\/v2\/product_tag?post=19620"}],"curies":[{"name":"wp","href":"https:\/\/api.w.org\/{rel}","templated":true}]}}