{"id":19621,"date":"2025-04-07T06:58:00","date_gmt":"2025-04-07T06:58:00","guid":{"rendered":"https:\/\/www.hydraulic-cylinders.net\/product\/boom-cylinder-for-volwa-cane-unloader-dls190-9a\/"},"modified":"2025-04-07T06:58:03","modified_gmt":"2025-04-07T06:58:03","slug":"boom-cylinder-for-volwa-cane-unloader-dls190-9a","status":"publish","type":"product","link":"https:\/\/www.hydraulic-cylinders.net\/lv\/products\/boom-cylinder-for-volwa-cane-unloader-dls190-9a\/","title":{"rendered":"Str\u0113les cilindrs Volvo niedru izkrau\u0161anas ma\u0161\u012bnai DLS190-9A"},"content":{"rendered":"<h1>Str\u0113les cilindrs Volvo niedru izkrau\u0161anas ma\u0161\u012bnai DLS190-9A<\/h1>\n<h2>Ievads str\u0113les cilindr\u0101<\/h2>\n<p>Str\u0113les cilindrs ir b\u016btiska hidraulisko sist\u0113mu sast\u0101vda\u013ca, kas \u012bpa\u0161i paredz\u0113ta da\u017e\u0101du smago ma\u0161\u012bnu, piem\u0113ram, ekskavatoru, ekskavatoru-iekr\u0101v\u0113ju un front\u0101lo iekr\u0101v\u0113ju, kausu kust\u012bbu kontrolei. \u0160is hidrauliskais cilindrs \u013cauj kausam pacelt, nolaist un noliekt, efekt\u012bvi atvieglojot materi\u0101lu apstr\u0101des uzdevumus. Str\u0113les cilindru funkcionalit\u0101te ir \u0101rk\u0101rt\u012bgi svar\u012bga nozar\u0113s, kur\u0101s nepiecie\u0161ama smagu kravu cel\u0161ana un prec\u012bza kust\u012bba, jo tie nodro\u0161ina nepiecie\u0161amo sp\u0113ku un kontroli, lai dro\u0161i un efekt\u012bvi manipul\u0113tu ar liel\u0101m krav\u0101m.<\/p>\n<p><img decoding=\"async\" src=\"https:\/\/www.hydraulic-cylinders.net\/wp-content\/uploads\/2025\/04\/songte-company-1.webp\" alt=\"Str\u0113les cilindra att\u0113ls\"><\/p>\n<h2>Str\u0113les cilindra \u012bpa\u0161\u012bbas<\/h2>\n<ul>\n<li>\n<h3>Augsta iztur\u012bba un ilgm\u016b\u017e\u012bba<\/h3>\n<p>Parasti no augstas stipr\u012bbas t\u0113rauda vai alum\u012bnija izgatavotie str\u0113les cilindri ir paredz\u0113ti, lai iztur\u0113tu augstu spiedienu un lielas slodzes, padarot tos piem\u0113rotus skarbiem darba apst\u0101k\u013ciem. To konstrukcija \u0146em v\u0113r\u0101 nodilumiztur\u012bbu un korozijas iztur\u012bbu, iev\u0113rojami pagarinot to kalpo\u0161anas laiku.<\/p>\n<\/li>\n<li>\n<h3>Efekt\u012bva hidraulisk\u0101 darb\u012bba<\/h3>\n<p>Izmantojot hidraulisk\u0101s e\u013c\u013cas spiedienu vienm\u0113r\u012bgai izvilk\u0161anai un ievilk\u0161anai, \u0161ie cilindri \u0101tri rea\u0123\u0113 uz vad\u012bbas komand\u0101m, nodro\u0161inot jaud\u012bgu vilci, kas piem\u0113rota smagu priek\u0161metu apstr\u0101dei un sare\u017e\u0123\u012btiem ekspluat\u0101cijas uzdevumiem.<\/p>\n<\/li>\n<li>\n<h3>Da\u017e\u0101di veidi<\/h3>\n<p>Str\u0113les cilindri, kas pieejami k\u0101 vienas darb\u012bbas (izmantojot hidraulisko sp\u0113ku vien\u0101 virzien\u0101) vai divk\u0101r\u0161as darb\u012bbas (izmantojot hidraulisko sp\u0113ku divos virzienos) cilindri, atbilst da\u017e\u0101d\u0101m ekspluat\u0101cijas vajadz\u012bb\u0101m. Da\u017ei mode\u013ci ir teleskopiski, kas \u013cauj veikt liel\u0101ku pagarin\u0101jumu, nepalielinot \u0101r\u0113jos izm\u0113rus, kas ir ide\u0101li piem\u0113rots lietojumiem ar ierobe\u017eotu vietu.<\/p>\n<\/li>\n<li>\n<h3>Piel\u0101gota ra\u017eo\u0161ana<\/h3>\n<p>M\u0113s varam ra\u017eot \u0161o produktu, un m\u016bsu produkti var lieliski aizst\u0101t \u0161os hidrauliskos cilindrus, nodro\u0161inot sader\u012bbu un veiktsp\u0113ju.<\/p>\n<\/li>\n<li>\n<h3>Lietojumprogrammu daudzpus\u012bba<\/h3>\n<p>Atkar\u012bb\u0101 no izmantot\u0101s tehnikas str\u0113les cilindrus var piel\u0101got konkr\u0113t\u0101m ekspluat\u0101cijas pras\u012bb\u0101m, nodro\u0161inot optim\u0101lu veiktsp\u0113ju da\u017e\u0101dos iestat\u012bjumos.<\/p>\n<\/li>\n<\/ul>\n<p><img decoding=\"async\" src=\"https:\/\/www.hydraulic-cylinders.net\/wp-content\/uploads\/2025\/04\/songte-cylinder-head-with-all-kinds-excavator-models.webp\" alt=\"Da\u017e\u0101di ekskavatoru mode\u013ci\"><\/p>\n<h2>Str\u0113les cilindru pielietojums<\/h2>\n<ul>\n<li>\n<h3>Celtniec\u012bbas apr\u012bkojums<\/h3>\n<p>Ekskavatoros str\u0113les cilindri ir \u013coti svar\u012bgi rak\u0161anai, iekrau\u0161anai un augsnes vai gru\u017eu p\u0101rvieto\u0161anai. Tie \u013cauj kausam efekt\u012bvi iek\u013c\u016bt zem\u0113, atvieglojot efekt\u012bvu rak\u0161anu. Ekskavatoros-iekr\u0101v\u0113jos str\u0113les cilindri pal\u012bdz gan rak\u0161an\u0101, gan cel\u0161an\u0101, demonstr\u0113jot to daudzfunkcion\u0101l\u0101s iesp\u0113jas b\u016bvniec\u012bbas darbos.<\/p>\n<\/li>\n<li>\n<h3>Lauksaimniec\u012bbas tehnika<\/h3>\n<p>Front\u0101lie iekr\u0101v\u0113ji ir atkar\u012bgi no str\u0113les cilindriem, lai paceltu, paceltu un transport\u0113tu augsni, sienu un citus materi\u0101lus, t\u0101d\u0113j\u0101di palielinot lauksaimniec\u012bbas darbu produktivit\u0101ti. \u0160o cilindru nodro\u0161in\u0101t\u0101 hidraulisk\u0101 jauda \u013cauj lauksaimniekiem viegli apstr\u0101d\u0101t lielu materi\u0101lu daudzumu.<\/p>\n<\/li>\n<li>\n<h3>Ekskavatori<\/h3>\n<p>Str\u0113les cilindri \u013cauj ekskavatoriem veikt rak\u0161anas darb\u012bbas, \u013caujot kausam efekt\u012bvi iek\u013c\u016bt augsn\u0113, nodro\u0161inot optim\u0101lu rak\u0161anas veiktsp\u0113ju un efektivit\u0101ti b\u016bvlaukumos.<\/p>\n<\/li>\n<li>\n<h3>Iekr\u0101v\u0113ji<\/h3>\n<p>Front\u0101lajos iekr\u0101v\u0113jos str\u0113les cilindriem ir b\u016btiska loma kravu efekt\u012bv\u0101 cel\u0161an\u0101 un izg\u0101\u0161an\u0101, uzlabojot materi\u0101lu apstr\u0101des uzdevumu kop\u0113jo produktivit\u0101ti da\u017e\u0101d\u0101s vid\u0113s.<\/p>\n<\/li>\n<\/ul>\n<h2>Dizaina apsv\u0113rumi un atlases krit\u0113riji<\/h2>\n<ul>\n<li>\n<h3>Kravnes\u012bba<\/h3>\n<p>Izv\u0113loties str\u0113les cilindru, ir \u013coti svar\u012bgi izprast t\u0101 kravnes\u012bbu. Katram cilindram j\u0101sp\u0113j iztur\u0113t maksim\u0101lo slodzi, kas nepiecie\u0161ama konkr\u0113tajam pielietojumam, bez atteices riska. Tas ietver p\u0101rvietojamo materi\u0101lu svara un darb\u012bbas laik\u0101 pielikto sp\u0113ku nov\u0113rt\u0113\u0161anu. Cilindrs ar nepietiekamu kravnes\u012bbu var izrais\u012bt katastrof\u0101las atteices, apdraudot gan dro\u0161\u012bbu, gan apr\u012bkojumu.<\/p>\n<\/li>\n<li>\n<h3>Bl\u012bv\u0113\u0161ana<\/h3>\n<p>Efekt\u012bva bl\u012bv\u0113\u0161ana ir vit\u0101li svar\u012bga hidraulisk\u0101 spiediena uztur\u0113\u0161anai un nopl\u016b\u017eu nov\u0113r\u0161anai. Pareizu bl\u012bv\u0113jumu, piem\u0113ram, virzu\u013ca bl\u012bv\u0113jumu un stie\u0146a bl\u012bv\u0113jumu, izv\u0113le nodro\u0161ina optim\u0101lu veiktsp\u0113ju un ilgm\u016b\u017e\u012bbu. Bl\u012bv\u0113jumi, kas izgatavoti no t\u0101diem materi\u0101liem k\u0101 poliuret\u0101ns un nitrilgumija, bie\u017ei tiek izv\u0113l\u0113ti to nodilumiztur\u012bbas un ilgm\u016b\u017e\u012bbas d\u0113\u013c, pagarinot cilindra ekspluat\u0101cijas laiku.<\/p>\n<\/li>\n<li>\n<h3>Iztur\u012bba<\/h3>\n<p>Iztur\u012bgi konstrukcijas materi\u0101li un kvalitat\u012bvi ra\u017eo\u0161anas procesi ir b\u016btiski, lai nodro\u0161in\u0101tu hidraulisko cilindru ilgm\u016b\u017e\u012bbu. Tiem j\u0101iztur ekstrem\u0101li apst\u0101k\u013ci, tostarp temperat\u016bras sv\u0101rst\u012bbas un skarba vide, neboj\u0101joties. Tas prasa izv\u0113l\u0113ties materi\u0101lus, kas nodro\u0161ina gan iztur\u012bbu, gan nodilumiztur\u012bbu.<\/p>\n<\/li>\n<li>\n<h3>Dro\u0161\u012bba<\/h3>\n<p>Izv\u0113loties str\u0113les cilindrus, dro\u0161\u012bba ir \u0101rk\u0101rt\u012bgi svar\u012bgs apsv\u0113rums. Tiem j\u0101ietver dro\u0161\u012bbas funkcijas, lai nov\u0113rstu nejau\u0161u atteici vai darb\u012bbas trauc\u0113jumus darb\u012bbas laik\u0101. Tas ietver iztur\u012bgas konstrukcijas un uzticamu bl\u012bv\u0113\u0161anas meh\u0101nismu nodro\u0161in\u0101\u0161anu, k\u0101 ar\u012b atbilst\u012bbu nozares dro\u0161\u012bbas standartiem, lai aizsarg\u0101tu operatorus un apr\u012bkojumu.<\/p>\n<\/li>\n<li>\n<h3>Apkope<\/h3>\n<p>Vienk\u0101r\u0161a apkope ir kritisks faktors hidraulisko cilindru izv\u0113l\u0113. J\u0101\u0146em v\u0113r\u0101 tas, cik viegli var nomain\u012bt bl\u012bves, cik bie\u017ei nepiecie\u0161ama e\u013c\u013co\u0161ana un cik viegli ir pieejamas da\u017e\u0101das sast\u0101vda\u013cas p\u0101rbaud\u0113m un remontam. Projekt\u0113jot cilindrus, \u0146emot v\u0113r\u0101 apkopi, var iev\u0113rojami samazin\u0101t d\u012bkst\u0101ves laiku un uzlabot uzticam\u012bbu.<\/p>\n<\/li>\n<\/ul>\n<p><img decoding=\"async\" src=\"https:\/\/www.hydraulic-cylinders.net\/wp-content\/uploads\/2025\/04\/songte-oil-pipes-and-spare-parts.webp\" alt=\"Hidraulisk\u0101s sast\u0101vda\u013cas\"><\/p>\n<h2>Bl\u012bv\u0113\u0161ana un e\u013c\u013co\u0161ana<\/h2>\n<p>Da\u017e\u0101du bl\u012bv\u0113jumu, tostarp virzu\u013ca bl\u012bv\u0113jumu un stie\u0146a bl\u012bv\u0113jumu, izmanto\u0161ana ir \u013coti svar\u012bga, lai nodro\u0161in\u0101tu str\u0113les cilindra integrit\u0101ti. Bl\u012bv\u0113juma materi\u0101li, piem\u0113ram, poliuret\u0101ns un nitrila gumija, nodro\u0161ina izcilu nodilumiztur\u012bbu un ilgm\u016b\u017e\u012bbu. Cilindra korpuss un v\u012bt\u0146ot\u0101s gala virsmas tiek prec\u012bzi apstr\u0101d\u0101tas, lai uzlabotu nodilumiztur\u012bbu, v\u0113l vair\u0101k uzlabojot veiktsp\u0113ju. Regul\u0101ra e\u013c\u013co\u0161ana ar hidraulisko e\u013c\u013cu ir nepiecie\u0161ama, lai samazin\u0101tu berzi un nov\u0113rstu kust\u012bgo deta\u013cu priek\u0161laic\u012bgu nodilumu. Pareiza e\u013c\u013co\u0161ana ar\u012b pal\u012bdz uztur\u0113t bl\u012bv\u0113juma efektivit\u0101ti, nodro\u0161inot cilindra vienm\u0113r\u012bgu un efekt\u012bvu darb\u012bbu.<\/p>\n<h2>Prevent\u012bvie apkopes pas\u0101kumi<\/h2>\n<ul>\n<li>\n<h3>Regul\u0101ras p\u0101rbaudes<\/h3>\n<p>Regul\u0101ru p\u0101rbau\u017eu veik\u0161ana ir b\u016btiska, lai identific\u0113tu potenci\u0101l\u0101s probl\u0113mas, pirms t\u0101s p\u0101raug nopietn\u0101s probl\u0113m\u0101s. Tas ietver nodiluma paz\u012bmju, nopl\u016b\u017eu vai neparastu trok\u0161\u0146u p\u0101rbaudi darb\u012bbas laik\u0101. Agr\u012bna atkl\u0101\u0161ana \u013cauj savlaic\u012bgi veikt remontu, samazinot d\u012bkst\u0101ves laiku un pagarinot iek\u0101rtu kalpo\u0161anas laiku.<\/p>\n<\/li>\n<li>\n<h3>Piem\u0113rota e\u013c\u013co\u0161ana<\/h3>\n<p>Atbilsto\u0161a e\u013c\u013co\u0161anas l\u012bme\u0146a uztur\u0113\u0161ana ir \u013coti svar\u012bga hidraulisko cilindru nevainojamai darb\u012bbai. Laika gait\u0101 sm\u0113rviela var no\u0101rd\u012bties vai iztuk\u0161oties, k\u0101 rezult\u0101t\u0101 palielin\u0101s berze un nodilums. Regul\u0101ra hidraulisk\u0101s e\u013c\u013cas p\u0101rbaude un papildin\u0101\u0161ana var nov\u0113rst \u0161\u012bs probl\u0113mas, nodro\u0161inot efekt\u012bvu darb\u012bbu un ilgm\u016b\u017e\u012bbu.<\/p>\n<\/li>\n<li>\n<h3>Bl\u012bv\u0113juma nomai\u0146a<\/h3>\n<p>Bl\u012bvsl\u0113gi \u200b\u200bir nodiluma komponenti, kas regul\u0101ri j\u0101maina, lai saglab\u0101tu hidraulisk\u0101s sist\u0113mas integrit\u0101ti. Nomai\u0146as grafika izveide, pamatojoties uz darba stund\u0101m vai lieto\u0161anas intensit\u0101ti, nodro\u0161ina, ka bl\u012bvsl\u0113gi \u200b\u200bvienm\u0113r ir optim\u0101l\u0101 st\u0101vokl\u012b, nov\u0113r\u0161ot nopl\u016bdes un saglab\u0101jot hidraulisko efektivit\u0101ti.<\/p>\n<\/li>\n<\/ul>\n<h2>Pareizas uzst\u0101d\u012b\u0161anas vadl\u012bnijas<\/h2>\n<p>Pareiza str\u0113les cilindra uzst\u0101d\u012b\u0161ana ir \u013coti svar\u012bga t\u0101 efekt\u012bvai darb\u012bbai. Vispirms p\u0101rliecinieties, vai mont\u0101\u017eas virsmas ir t\u012bras un bez gru\u017eiem. Ir svar\u012bgi pareizi izl\u012bdzin\u0101t hidraulisko cilindru; izmantojiet atbilsto\u0161us mont\u0101\u017eas kron\u0161teinus, lai nostiprin\u0101tu cilindru viet\u0101. Nepareiza izl\u012bdzin\u0101\u0161ana var izrais\u012bt nevienm\u0113r\u012bgu nodilumu un iesp\u0113jamu boj\u0101jumu. P\u0113c cilindra nostiprin\u0101\u0161anas pievienojiet hidraulisk\u0101s l\u012bnijas, p\u0101rliecinoties, ka t\u0101s ir cie\u0161i pievilktas, lai nov\u0113rstu nopl\u016bdes. P\u0113c uzst\u0101d\u012b\u0161anas ir svar\u012bgi atgaisot hidraulisko sist\u0113mu, lai no\u0146emtu gaisa kabatas, kas var trauc\u0113t veiktsp\u0113ju. Visbeidzot, pirms cilindra piln\u012bgas nodo\u0161anas ekspluat\u0101cij\u0101 veiciet testa darb\u012bbu, lai p\u0101rliecin\u0101tos, ka tas darbojas nevainojami un efekt\u012bvi.<\/p>\n<h2>Bie\u017ei sastopamie apkopes uzdevumi<\/h2>\n<ul>\n<li>\n<h3>Regul\u0101ras p\u0101rbaudes<\/h3>\n<p>Regul\u0101ras p\u0101rbaudes ir b\u016btiskas hidraulisko cilindru funkcionalit\u0101tes uztur\u0113\u0161anai. Operatoriem j\u0101p\u0101rbauda, \u200b\u200bvai nav cilindra korpusa un bl\u012bv\u0113jumu nodiluma, nopl\u016b\u017eu vai boj\u0101jumu paz\u012bmju. P\u0101rbau\u017eu uzskaite var pal\u012bdz\u0113t laika gait\u0101 izsekot cilindra st\u0101voklim, t\u0101d\u0113j\u0101di veicinot prevent\u012bv\u0101s apkopes pas\u0101kumus.<\/p>\n<\/li>\n<li>\n<h3>Piem\u0113rota e\u013c\u013co\u0161ana<\/h3>\n<p>Lai nodro\u0161in\u0101tu hidraulisk\u0101 cilindra nevainojamu darb\u012bbu, regul\u0101ri j\u0101veic atbilsto\u0161a e\u013c\u013co\u0161ana. Ieteicam\u0101s hidraulisk\u0101s e\u013c\u013cas lieto\u0161ana un e\u013c\u013co\u0161anas grafika iev\u0113ro\u0161ana ir \u013coti svar\u012bga, lai samazin\u0101tu nodilumu un pagarin\u0101tu cilindra kalpo\u0161anas laiku. Operatoriem j\u0101b\u016bt apm\u0101c\u012btiem atpaz\u012bt nepietiekamas e\u013c\u013co\u0161anas paz\u012bmes, piem\u0113ram, paaugstin\u0101tu temperat\u016bru vai troksni.<\/p>\n<\/li>\n<li>\n<h3>Bl\u012bv\u0113juma nomai\u0146a un kalibr\u0113\u0161ana<\/h3>\n<p>Bl\u012bves j\u0101nomaina p\u0113c nepiecie\u0161am\u012bbas, pamatojoties uz p\u0101rbaudes rezult\u0101tiem. Regul\u0101ras kalibr\u0113\u0161anas p\u0101rbaudes var pal\u012bdz\u0113t nodro\u0161in\u0101t, ka cilindrs darbojas atbilsto\u0161i t\u0101 konstrukcijas parametriem, nov\u0113r\u0161ot darb\u012bbas trauc\u0113jumus vai boj\u0101jumus. Bl\u012bvju nomai\u0146as nepiecie\u0161am\u012bbas apzin\u0101\u0161an\u0101s ir \u013coti svar\u012bga, lai saglab\u0101tu hidraulisko integrit\u0101ti un veiktsp\u0113ju.<\/p>\n<\/li>\n<\/ul>\n<p><img decoding=\"async\" src=\"https:\/\/www.hydraulic-cylinders.net\/wp-content\/uploads\/2025\/04\/songte-chushion-collar.webp\" alt=\"Spilvenu apkakle\"><\/p>\n<h2>Dro\u0161\u012bbas apsv\u0113rumi un vides faktori<\/h2>\n<p>Str\u0101d\u0101jot ar hidrauliskaj\u0101m sist\u0113m\u0101m, ir svar\u012bgi ieviest dro\u0161\u012bbas pas\u0101kumus. Operatoriem j\u0101b\u016bt apm\u0101c\u012btiem atpaz\u012bt potenci\u0101los apdraud\u0113jumus, kas saist\u012bti ar hidrauliskajiem cilindriem, piem\u0113ram, p\u0113k\u0161\u0146as spiediena atbr\u012bvo\u0161an\u0101s vai cilindra atteices risku. J\u0101valk\u0101 atbilsto\u0161i individu\u0101lie aizsardz\u012bbas l\u012bdzek\u013ci (IAL) un j\u0101ievie\u0161 dro\u0161\u012bbas protokoli, lai nodro\u0161in\u0101tu dro\u0161u darba vidi. Turkl\u0101t, izv\u0113loties materi\u0101lus un projekt\u0113jot hidraulisk\u0101s sist\u0113mas, j\u0101\u0146em v\u0113r\u0101 vides faktori, piem\u0113ram, temperat\u016bra un saskare ar kod\u012bg\u0101m viel\u0101m, lai nodro\u0161in\u0101tu uzticam\u012bbu un dro\u0161\u012bbu da\u017e\u0101dos apst\u0101k\u013cos.<\/p>\n<h2>Boj\u0101jumu diagnostika un bie\u017e\u0101k sastopam\u0101s probl\u0113mas<\/h2>\n<ul>\n<li>\n<h3>Nopl\u016bde<\/h3>\n<p>Nopl\u016bde ir izplat\u012bta probl\u0113ma, kas var rasties bl\u012bv\u0113juma nodiluma vai boj\u0101juma d\u0113\u013c. Ir \u013coti svar\u012bgi noteikt nopl\u016bdes avotu, jo tas var izrais\u012bt samazin\u0101tu veiktsp\u0113ju un hidraulisk\u0101 spiediena zudumu. Operatoriem regul\u0101ri j\u0101uzrauga, vai nav e\u013c\u013cas plankumu, un j\u0101veic spiediena p\u0101rbaudes, lai atkl\u0101tu nopl\u016bdes.<\/p>\n<\/li>\n<li>\n<h3>Samazin\u0101ta veiktsp\u0113ja<\/h3>\n<p>Ja hidrauliskais cilindrs darbojas l\u0113n\u0101k nek\u0101 paredz\u0113ts vai tam ir v\u0101ja celtsp\u0113ja, tas var liecin\u0101t par iek\u0161\u0113jiem boj\u0101jumiem vai nepietiekamu hidraulisk\u0101 \u0161\u0137idruma daudzumu. Operatoriem j\u0101p\u0101rbauda \u0161\u0137idruma l\u012bmenis un j\u0101apskata, vai hidrauliskaj\u0101s l\u012bnij\u0101s nav aizsprostojumu vai boj\u0101jumu.<\/p>\n<\/li>\n<li>\n<h3>Neparastas ska\u0146as<\/h3>\n<p>Neparasti trok\u0161\u0146i darb\u012bbas laik\u0101 var liecin\u0101t par meh\u0101nisk\u0101m probl\u0113m\u0101m, piem\u0113ram, nolietot\u0101m deta\u013c\u0101m vai nepareizu izl\u012bdzin\u0101\u0161anu. Lai nov\u0113rstu turpm\u0101kus boj\u0101jumus un nodro\u0161in\u0101tu dro\u0161u darb\u012bbu, nepiecie\u0161ama t\u016bl\u012bt\u0113ja izmekl\u0113\u0161ana.<\/p>\n<\/li>\n<\/ul>\n<p>Ievie\u0161ot efekt\u012bvas probl\u0113mu nov\u0113r\u0161anas metodes, operatori var nekav\u0113joties risin\u0101t \u0161\u012bs probl\u0113mas, nodro\u0161inot nep\u0101rtrauktu efektivit\u0101ti un dro\u0161\u012bbu darb\u012bb\u0101s.<\/p>\n<h2>Probl\u0113mu nov\u0113r\u0161anas risin\u0101jumi<\/h2>\n<p>Lai efekt\u012bvi diagnostic\u0113tu un risin\u0101tu probl\u0113mas ar str\u0113les cilindriem, operatoriem vispirms j\u0101veic r\u016bp\u012bga p\u0101rbaude, lai identific\u0113tu visas redzam\u0101s nodiluma vai boj\u0101jumu paz\u012bmes. Regul\u0101ras apkopes prakse, piem\u0113ram, pareizas e\u013c\u013co\u0161anas nodro\u0161in\u0101\u0161ana un savlaic\u012bga bl\u012bv\u0113jumu nomai\u0146a, var nov\u0113rst daudzas izplat\u012btas probl\u0113mas. Regul\u0101ru p\u0101rbau\u017eu ievie\u0161ana var pal\u012bdz\u0113t samazin\u0101t negaid\u012btu k\u013c\u016bmju risku. Sare\u017e\u0123\u012bt\u0101ku probl\u0113mu gad\u012bjum\u0101 konsult\u0113\u0161an\u0101s ar hidraulikas speci\u0101listiem var sniegt ieskatu sare\u017e\u0123\u012bt\u0101k\u0101s probl\u0113m\u0101s, kur\u0101m nepiecie\u0161ama profesion\u0101la uzman\u012bba, nodro\u0161inot, ka viss apr\u012bkojums darbojas optim\u0101li un dro\u0161i.<\/p>\n<p><img decoding=\"async\" src=\"https:\/\/www.hydraulic-cylinders.net\/wp-content\/uploads\/2025\/04\/songte-bushings-with-all-kinds-of-excavator-models.webp\" alt=\"Bukses komponenti\"><\/p>\n<h2>Par m\u016bsu uz\u0146\u0113mumu<\/h2>\n<p>M\u0113s esam vado\u0161ais rezerves hidraulisko cilindru ra\u017eot\u0101js, pied\u0101v\u0101jot pla\u0161u produktu kl\u0101stu, kas ir nostiprin\u0101jis m\u016bsu k\u0101 viena no vado\u0161ajiem ra\u017eot\u0101jiem un vairumtirgot\u0101jiem gan viet\u0113j\u0101, gan starptautiskaj\u0101 tirg\u016b. M\u0113s iev\u0113rojam izcil\u012bbu kvalit\u0101t\u0113, pa\u013caujoties uz izsmalcin\u0101tas ra\u017eo\u0161anas darbn\u012bcas r\u016bpniecisk\u0101s ra\u017eo\u0161anas vad\u012bbas strat\u0113\u0123iju. M\u016bsu uz\u0146\u0113mums past\u0101v\u012bgi uzlabo ra\u017eo\u0161anas platformu, integr\u0113jot kvalific\u0113tus tehniskos talantus, augstas klases digit\u0101l\u0101s ra\u017eo\u0161anas iek\u0101rtas un profesion\u0101las test\u0113\u0161anas sist\u0113mas. \u0160\u012b ap\u0146em\u0161an\u0101s \u013cauj mums efekt\u012bvi apmierin\u0101t da\u017e\u0101das klientu vajadz\u012bbas, nodro\u0161inot augstas precizit\u0101tes un augst\u0101k\u0101s kvalit\u0101tes hidrauliskos risin\u0101jumus.<\/p>\n<p><img decoding=\"async\" src=\"https:\/\/www.hydraulic-cylinders.net\/wp-content\/uploads\/2025\/04\/songte-company-4.webp\" alt=\"Uz\u0146\u0113muma p\u0101rskats\"><br \/>\n<img decoding=\"async\" src=\"https:\/\/www.hydraulic-cylinders.net\/wp-content\/uploads\/2025\/04\/songte-company-3.webp\" alt=\"Ra\u017eo\u0161anas iek\u0101rtas\"><\/p>\n<p>M\u016bsu specializ\u0101ciju hidrauliskaj\u0101s sist\u0113m\u0101s papildina starptautiski sertifik\u0101ti, individu\u0101li piel\u0101goti pakalpojumi, modernas ra\u017eo\u0161anas iek\u0101rtas un visaptvero\u0161s p\u0113cp\u0101rdo\u0161anas atbalsts. M\u0113s priorit\u0101ri r\u016bp\u0113jamies par klientu apmierin\u0101t\u012bbu, nodro\u0161inot iztur\u012bgus un efekt\u012bvus risin\u0101jumus, kas uzlabo darb\u012bbas efektivit\u0101ti da\u017e\u0101d\u0101s lietojumprogramm\u0101s.<\/p>\n<p>Autors: lil<\/p>","protected":false},"excerpt":{"rendered":"<p>Boom Cylinder For Volwa Cane Unloader DLS190-9A Introduction to Boom Cylinder The boom cylinder is an essential component in hydraulic systems, specifically designed to control the movements of various heavy machinery&#8217;s buckets, such as excavators, backhoe loaders, and front loaders. This hydraulic cylinder enables the bucket to lift, lower, and tilt, facilitating material handling tasks [&hellip;]<\/p>","protected":false},"featured_media":17869,"comment_status":"open","ping_status":"closed","template":"","meta":{"_et_pb_use_builder":"","_et_pb_old_content":"","_et_gb_content_width":""},"product_brand":[],"product_cat":[1546],"product_tag":[1547,1496],"class_list":{"0":"post-19621","1":"product","2":"type-product","3":"status-publish","4":"has-post-thumbnail","6":"product_cat-boom-cylinders","7":"product_tag-boom-cylinders","8":"product_tag-hydraulic-cylinders","10":"first","11":"instock","12":"shipping-taxable","13":"product-type-simple"},"amp_enabled":true,"_links":{"self":[{"href":"https:\/\/www.hydraulic-cylinders.net\/lv\/wp-json\/wp\/v2\/product\/19621","targetHints":{"allow":["GET"]}}],"collection":[{"href":"https:\/\/www.hydraulic-cylinders.net\/lv\/wp-json\/wp\/v2\/product"}],"about":[{"href":"https:\/\/www.hydraulic-cylinders.net\/lv\/wp-json\/wp\/v2\/types\/product"}],"replies":[{"embeddable":true,"href":"https:\/\/www.hydraulic-cylinders.net\/lv\/wp-json\/wp\/v2\/comments?post=19621"}],"wp:featuredmedia":[{"embeddable":true,"href":"https:\/\/www.hydraulic-cylinders.net\/lv\/wp-json\/wp\/v2\/media\/17869"}],"wp:attachment":[{"href":"https:\/\/www.hydraulic-cylinders.net\/lv\/wp-json\/wp\/v2\/media?parent=19621"}],"wp:term":[{"taxonomy":"product_brand","embeddable":true,"href":"https:\/\/www.hydraulic-cylinders.net\/lv\/wp-json\/wp\/v2\/product_brand?post=19621"},{"taxonomy":"product_cat","embeddable":true,"href":"https:\/\/www.hydraulic-cylinders.net\/lv\/wp-json\/wp\/v2\/product_cat?post=19621"},{"taxonomy":"product_tag","embeddable":true,"href":"https:\/\/www.hydraulic-cylinders.net\/lv\/wp-json\/wp\/v2\/product_tag?post=19621"}],"curies":[{"name":"wp","href":"https:\/\/api.w.org\/{rel}","templated":true}]}}