{"id":19622,"date":"2025-04-07T06:58:03","date_gmt":"2025-04-07T06:58:03","guid":{"rendered":"https:\/\/www.hydraulic-cylinders.net\/product\/boom-cylinder-for-volwa-cane-unloader-dls210-9a\/"},"modified":"2025-04-07T06:58:05","modified_gmt":"2025-04-07T06:58:05","slug":"boom-cylinder-for-volwa-cane-unloader-dls210-9a","status":"publish","type":"product","link":"https:\/\/www.hydraulic-cylinders.net\/lv\/products\/boom-cylinder-for-volwa-cane-unloader-dls210-9a\/","title":{"rendered":"Str\u0113les cilindrs Volvo niedru izkrau\u0161anas ma\u0161\u012bnai DLS210-9A"},"content":{"rendered":"<h1>Str\u0113les cilindrs Volvo niedru izkrau\u0161anas ma\u0161\u012bnai DLS210-9A<\/h1>\n<h2>Produkta p\u0101rskats<\/h2>\n<p>Volwa niedru izkrau\u0161anas iek\u0101rtas DLS210-9A str\u0113les cilindrs ir svar\u012bga hidrauliska sast\u0101vda\u013ca, kas \u012bpa\u0161i paredz\u0113ta smago ma\u0161\u012bnu, piem\u0113ram, niedru izkrau\u0161anas iek\u0101rtu, funkcionalit\u0101tes uzlabo\u0161anai. \u0160\u0101da veida hidrauliskais cilindrs ir atbild\u012bgs par kausa kust\u012bbas vad\u012bbu da\u017e\u0101dos lieljaudas pielietojumos, piem\u0113ram, ekskavatoros, univers\u0101lajos iekr\u0101v\u0113jos un front\u0101lajos iekr\u0101v\u0113jos. Tas atvieglo kausa pacel\u0161anu, nolai\u0161anu un noliek\u0161anu, t\u0101d\u0113j\u0101di uzlabojot materi\u0101lu apstr\u0101des uzdevumu efektivit\u0101ti.<\/p>\n<p><img decoding=\"async\" src=\"https:\/\/www.hydraulic-cylinders.net\/wp-content\/uploads\/2025\/04\/songte-company-1.webp\" alt=\"Volwa niedru izkrau\u0161anas iek\u0101rtas str\u0113les cilindrs\" \/><\/p>\n<h3>Kas ir kausa cilindrs?<\/h3>\n<p>Kausa cilindrs ir specializ\u0113ts hidrauliskais cilindrs, kas paredz\u0113ts kausu kust\u012bbas vad\u012b\u0161anai smagaj\u0101 apr\u012bkojum\u0101. \u0160ie cilindri ir konstru\u0113ti, lai iztur\u0113tu augstu spiedienu un lielas slodzes, padarot tos ide\u0101li piem\u0113rotus vid\u0113m, kur\u0101s nepiecie\u0161ama iztur\u012bba un uzticam\u012bba. Kausa cilindra galvenais uzdevums ir nodro\u0161in\u0101t prec\u012bzu kausa darb\u012bbu kontroli, kas ir b\u016btiski t\u0101diem uzdevumiem k\u0101 rak\u0161ana, cel\u0161ana un materi\u0101lu transport\u0113\u0161ana. \u0160o cilindru in\u017eenierij\u0101 ir \u0146emti v\u0113r\u0101 iztur\u012bba, ilgm\u016b\u017e\u012bba un efektivit\u0101te, padarot tos par b\u016btisku komponentu hidrauliskaj\u0101s sist\u0113m\u0101s da\u017e\u0101d\u0101s nozar\u0113s.<\/p>\n<h2>Str\u0113les cilindra \u012bpa\u0161\u012bbas<\/h2>\n<ul>\n<li><strong>Augsta iztur\u012bba un ilgm\u016b\u017e\u012bba:<\/strong> Parasti no augstas stipr\u012bbas t\u0113rauda vai alum\u012bnija izgatavotais str\u0113les cilindrs var iztur\u0113t augstu spiedienu un lielas slodzes, padarot to piem\u0113rotu skarbiem darba apst\u0101k\u013ciem. Konstrukcij\u0101 uzsvars tiek likts uz nodilumiztur\u012bbu un aizsardz\u012bbu pret koroziju, pagarinot t\u0101 kalpo\u0161anas laiku.<\/li>\n<li><strong>Efekt\u012bva hidraulisk\u0101 darb\u012bba:<\/strong> Izmantojot hidraulisk\u0101s e\u013c\u013cas spiedienu, cilindrs nodro\u0161ina vienm\u0113r\u012bgu izvirz\u012b\u0161anos un ievilk\u0161anu, \u013caujot \u0101tri rea\u0123\u0113t uz darb\u012bbas komand\u0101m. \u0160\u012b sp\u0113ja nodro\u0161ina iev\u0113rojamu stum\u0161anas un vilk\u0161anas jaudu, kas ir ide\u0101li piem\u0113rota smagu kravu apstr\u0101dei un sare\u017e\u0123\u012btu uzdevumu veik\u0161anai.<\/li>\n<li><strong>Pieejami da\u017e\u0101di veidi:<\/strong> Kausa cilindrus var izv\u0113l\u0113ties vienvirziena darb\u012bbas (darbojas vien\u0101 virzien\u0101) vai divk\u0101r\u0161as darb\u012bbas (darbojas abos virzienos) konfigur\u0101cij\u0101s, lai apmierin\u0101tu da\u017e\u0101das ekspluat\u0101cijas vajadz\u012bbas. Da\u017ei mode\u013ci ir teleskopiski, kas \u013cauj tos liel\u0101kus izstiept, nepalielinot \u0101r\u0113jos izm\u0113rus, un ir piem\u0113roti lietojumiem ar ierobe\u017eotu vietu.<\/li>\n<li><strong>Sader\u012bba ar da\u017e\u0101d\u0101m iek\u0101rt\u0101m:<\/strong> M\u016bsu produkti var neman\u0101mi aizst\u0101t eso\u0161os hidrauliskos cilindrus, nodro\u0161inot sader\u012bbu ar pla\u0161u ma\u0161\u012bnu kl\u0101stu un uzlabojot to veiktsp\u0113ju.<\/li>\n<li><strong>Apkopei draudz\u012bgs dizains:<\/strong> Str\u0113les cilindra konstrukcija vienk\u0101r\u0161o apkopi un remontu, atvieglojot operatoriem nepiecie\u0161amo apkopi, lai nodro\u0161in\u0101tu optim\u0101lu veiktsp\u0113ju.<\/li>\n<\/ul>\n<p><img decoding=\"async\" src=\"https:\/\/www.hydraulic-cylinders.net\/wp-content\/uploads\/2025\/04\/songte-cylinder-head-with-all-kinds-excavator-models.webp\" alt=\"Kausa cilindra galva\" \/><\/p>\n<h2>Str\u0113les cilindra pielietojumi<\/h2>\n<h3>Celtniec\u012bbas apr\u012bkojums<\/h3>\n<p>B\u016bvniec\u012bbas iek\u0101rt\u0101s, piem\u0113ram, ekskavatoros, str\u0113les cilindram ir b\u016btiska loma augsnes vai gru\u017eu rak\u0161an\u0101, iekrau\u0161an\u0101 un p\u0101rvieto\u0161an\u0101. T\u0101 hidraulisk\u0101s iesp\u0113jas \u013cauj operatoram veikt prec\u012bzas kust\u012bbas, kas ir b\u016btiski efekt\u012bviem rak\u0161anas darbiem. Ekskavatoros-iekr\u0101v\u0113jos kausa cilindrs pal\u012bdz gan rak\u0161anas, gan cel\u0161anas oper\u0101cij\u0101s, padarot to par galveno sast\u0101vda\u013cu da\u017e\u0101dos b\u016bvniec\u012bbas projektos.<\/p>\n<h3>Lauksaimniec\u012bbas tehnika<\/h3>\n<p>Lauksaimniec\u012bbas vid\u0113 front\u0101lie iekr\u0101v\u0113ji izmanto str\u0113les cilindrus augsnes, siena un citu materi\u0101lu sav\u0101k\u0161anai, cel\u0161anai un transport\u0113\u0161anai. Sp\u0113ja kontrol\u0113t kausa poz\u012bciju \u013cauj efekt\u012bvi iekraut un izkraut materi\u0101lus, iev\u0113rojami uzlabojot produktivit\u0101ti saimniec\u012bb\u0101s.<\/p>\n<h3>Ekskavatori<\/h3>\n<p>Ekskavatoros str\u0113les cilindrs \u013cauj kausam efekt\u012bvi iek\u013c\u016bt zem\u0113, atvieglojot rak\u0161anas darbus. \u0160\u012b funkcionalit\u0101te ir kritiski svar\u012bga, jo t\u0101 \u013cauj operatoriem sasniegt v\u0113lamo dzi\u013cumu un maksim\u0101li palielin\u0101t rak\u0161anas darbu, b\u016btiski ietekm\u0113jot projekta laika grafiku un efektivit\u0101ti.<\/p>\n<h3>Iekr\u0101v\u0113ji<\/h3>\n<p>Front\u0101lajos iekr\u0101v\u0113jos str\u0113les cilindri ir b\u016btiski materi\u0101lu efekt\u012bvai pacel\u0161anai un izg\u0101\u0161anai. \u0160o cilindru nodro\u0161in\u0101t\u0101 hidraulisk\u0101 vad\u012bba nodro\u0161ina, ka operatori var dro\u0161i un efekt\u012bvi p\u0101rvald\u012bt smagas kravas, uzlabojot tehnikas kop\u0113jo veiktsp\u0113ju.<\/p>\n<h2>Dizaina apsv\u0113rumi un atlases krit\u0113riji<\/h2>\n<h3>Kravnes\u012bba<\/h3>\n<p>Izv\u0113loties str\u0113les cilindru, ir \u013coti svar\u012bgi izprast t\u0101 kravnes\u012bbu. Cilindram j\u0101sp\u0113j iztur\u0113t maksim\u0101lo paredzamo slodzi, vienlaikus saglab\u0101jot dro\u0161\u012bbas un veiktsp\u0113jas standartus. Tas ietver apr\u0113\u0137inus, kuros \u0146emts v\u0113r\u0101 p\u0101rvietojamo materi\u0101lu svars, ma\u0161\u012bnas dinamika un dro\u0161\u012bbas faktori, lai nov\u0113rstu boj\u0101jumus slodzes laik\u0101.<\/p>\n<h3>Bl\u012bv\u0113juma veiktsp\u0113ja<\/h3>\n<p>Bl\u012bv\u0113jums ir b\u016btisks hidraulisk\u0101 cilindra konstrukcijas aspekts. Efekt\u012bvi bl\u012bv\u0113jumi nov\u0113r\u0161 \u0161\u0137idruma nopl\u016bdes, nodro\u0161inot hidraulisk\u0101s sist\u0113mas efekt\u012bvu darb\u012bbu. Lai iztur\u0113tu nodilumu, vienlaikus saglab\u0101jot integrit\u0101ti zem spiediena, tiek izmantoti augstas kvalit\u0101tes bl\u012bv\u0113jumi, kas izgatavoti no t\u0101diem materi\u0101liem k\u0101 poliuret\u0101ns un nitrilgumija. Lai nov\u0113rstu hidraulisk\u0101 \u0161\u0137idruma zudumus un uztur\u0113tu sist\u0113mas veiktsp\u0113ju, ir nepiecie\u0161amas regul\u0101ras bl\u012bv\u0113jumu p\u0101rbaudes un nomai\u0146a.<\/p>\n<h3>Iztur\u012bba<\/h3>\n<p>Iztur\u012bba ir kritiski svar\u012bgs apsv\u0113rums, \u012bpa\u0161i skarbos ekspluat\u0101cijas apst\u0101k\u013cos. Balonam j\u0101b\u016bt iztur\u012bgam pret nodilumu, koroziju un ekstrem\u0101l\u0101m temperat\u016br\u0101m. Ra\u017eot\u0101ji bie\u017ei izmanto uzlabotus materi\u0101lus un p\u0101rkl\u0101jumus, lai uzlabotu iztur\u012bbu, nodro\u0161inot, ka produkts var iztur\u0113t sare\u017e\u0123\u012btus apst\u0101k\u013cus, neapdraudot veiktsp\u0113ju.<\/p>\n<h3>Dro\u0161\u012bbas funkcijas<\/h3>\n<p>Dro\u0161\u012bbas funkcijas ir \u0101rk\u0101rt\u012bgi svar\u012bgas hidraulisko cilindru konstrukcij\u0101. Tas ietver to, ka cilindrs var dro\u0161i darboties maksim\u0101l\u0101 spiediena apst\u0101k\u013cos un ka ir uzst\u0101d\u012bti dro\u0161\u012bbas meh\u0101nismi, lai nov\u0113rstu negad\u012bjumus vai iek\u0101rtu boj\u0101jumus. Izpratne par cilindra dro\u0161\u012bbas v\u0113rt\u0113jumiem un sertifik\u0101tiem ir b\u016btiska, lai nodro\u0161in\u0101tu atbilst\u012bbu nozares noteikumiem un standartiem.<\/p>\n<h3>Apkopes pieejam\u012bba<\/h3>\n<p>Labi konstru\u0113tam hidrauliskajam cilindram vajadz\u0113tu atvieglot apkopi. Tas ietver piek\u013cuves punktus e\u013c\u013co\u0161anai, p\u0101rbaudei un bl\u012bv\u0113jumu un citu sast\u0101vda\u013cu nomai\u0146ai. Regul\u0101ra apkope nodro\u0161ina ilgm\u016b\u017e\u012bbu un optim\u0101lu veiktsp\u0113ju, samazinot d\u012bkst\u0101ves laiku un remonta izmaksas operatoriem.<\/p>\n<p><img decoding=\"async\" src=\"https:\/\/www.hydraulic-cylinders.net\/wp-content\/uploads\/2025\/04\/songte-oil-pipes-and-spare-parts.webp\" alt=\"Hidraulisk\u0101s da\u013cas\" \/><\/p>\n<h2>Bl\u012bv\u0113\u0161ana un e\u013c\u013co\u0161ana<\/h2>\n<p>Efekt\u012bva bl\u012bv\u0113\u0161anas un e\u013c\u013co\u0161anas prakse ir b\u016btiska hidraulisko cilindru nevainojamai darb\u012bbai. Lai uztur\u0113tu spiedienu un nov\u0113rstu nopl\u016bdes, tiek izmantoti da\u017e\u0101di bl\u012bv\u0113\u0161anas komponenti, piem\u0113ram, virzu\u013ca bl\u012bv\u0113jumi un stie\u0146a bl\u012bv\u0113jumi. Bl\u012bvju izv\u0113le no iztur\u012bgiem materi\u0101liem, piem\u0113ram, poliuret\u0101na un nitrila gumijas, ir \u013coti svar\u012bga, lai nodro\u0161in\u0101tu ilgm\u016b\u017e\u012bbu un nodilumiztur\u012bbu.<\/p>\n<p>Turkl\u0101t cilindra korpuss un v\u012bt\u0146ot\u0101s gala virsmas ir prec\u012bzi apstr\u0101d\u0101tas, lai uzlabotu nodilumiztur\u012bbu. Regul\u0101ra e\u013c\u013co\u0161ana ar hidraulisko e\u013c\u013cu ir nepiecie\u0161ama, lai samazin\u0101tu kust\u012bgo da\u013cu berzi un nodilumu, nodro\u0161inot efekt\u012bvu darb\u012bbu un pagarinot cilindra kalpo\u0161anas laiku. Operatoriem j\u0101iev\u0113ro e\u013c\u013co\u0161anas grafiks, lai nov\u0113rstu boj\u0101jumus un nodro\u0161in\u0101tu optim\u0101lu veiktsp\u0113ju.<\/p>\n<h2>Prevent\u012bvie apkopes pas\u0101kumi<\/h2>\n<ul>\n<li><strong>Regul\u0101ras p\u0101rbaudes:<\/strong> Regul\u0101ru hidraulisk\u0101 cilindra un t\u0101 sast\u0101vda\u013cu p\u0101rbau\u017eu veik\u0161ana ir \u013coti svar\u012bga, lai identific\u0113tu nodilumu un iesp\u0113jam\u0101s probl\u0113mas, pirms t\u0101s k\u013c\u016bst par nopietn\u0101m probl\u0113m\u0101m. P\u0101rbaudiet bl\u012bves, savienojumus un cilindra korpusu, vai nav nodiluma vai boj\u0101jumu paz\u012bmju.<\/li>\n<li><strong>Piem\u0113rota e\u013c\u013co\u0161ana:<\/strong> Cilindra pien\u0101c\u012bga e\u013c\u013co\u0161ana ir \u013coti svar\u012bga t\u0101 darb\u012bbai. Izmantojiet ieteicam\u0101s hidraulisk\u0101s e\u013c\u013cas un uzturiet atbilsto\u0161u l\u012bmeni, lai nov\u0113rstu kust\u012bgo da\u013cu sausumu un p\u0101rm\u0113r\u012bgu nodilumu.<\/li>\n<li><strong>Bl\u012bv\u0113juma nomai\u0146a:<\/strong> Regul\u0101ri p\u0101rbaudiet bl\u012bv\u0113jumu nodilumu un nomainiet tos p\u0113c nepiecie\u0161am\u012bbas. Nolietoti bl\u012bv\u0113jumi var izrais\u012bt nopl\u016bdes un samazin\u0101t efektivit\u0101ti, ietekm\u0113jot hidraulisk\u0101s sist\u0113mas kop\u0113jo veiktsp\u0113ju.<\/li>\n<\/ul>\n<h2>Instal\u0101cijas rokasgr\u0101mata<\/h2>\n<p>Pareiza str\u0113les cilindra uzst\u0101d\u012b\u0161ana ir b\u016btiska, lai nodro\u0161in\u0101tu optim\u0101lu veiktsp\u0113ju un dro\u0161\u012bbu. Lai pareizi uzst\u0101d\u012btu, veiciet t\u0101l\u0101k nor\u0101d\u012bt\u0101s darb\u012bbas.<\/p>\n<ol>\n<li><strong>Sagatavo\u0161ana:<\/strong> Pirms uzst\u0101d\u012b\u0161anas p\u0101rliecinieties, vai iek\u0101rta ir izsl\u0113gta un viss hidrauliskais spiediens ir atbr\u012bvots. Sagatavojiet nepiecie\u0161amos instrumentus un komponentus uzst\u0101d\u012b\u0161anai.<\/li>\n<li><strong>Izl\u012bdzin\u0101\u0161ana:<\/strong> Pareizi izl\u012bdziniet cilindru ar stiprin\u0101juma punktiem uz iek\u0101rtas. Izmantojot atbilsto\u0161us stiprin\u0101juma kron\u0161teinus, var pal\u012bdz\u0113t pan\u0101kt pareizu izl\u012bdzin\u0101\u0161anu un nostiprin\u0101t cilindru viet\u0101.<\/li>\n<li><strong>Savienojums:<\/strong> R\u016bp\u012bgi pievienojiet hidraulisk\u0101s l\u012bnijas, p\u0101rliecinoties, ka visi savienojumi ir cie\u0161i un bez nopl\u016bd\u0113m. Apsveriet iesp\u0113ju izmantot v\u012bt\u0146u herm\u0113ti\u0137i, kur nepiecie\u0161ams, lai nov\u0113rstu nopl\u016bdes.<\/li>\n<li><strong>Test\u0113\u0161ana:<\/strong> P\u0113c uzst\u0101d\u012b\u0161anas p\u0101rbaudiet sist\u0113mu, lai p\u0101rliecin\u0101tos par pareizu darb\u012bbu. P\u0101rbaudiet, vai nav nopl\u016b\u017eu, un ieklausieties neparast\u0101s ska\u0146\u0101s, kas var\u0113tu liecin\u0101t par uzst\u0101d\u012b\u0161anas probl\u0113m\u0101m.<\/li>\n<\/ol>\n<h2>Bie\u017ei sastopamie apkopes uzdevumi<\/h2>\n<ul>\n<li><strong>Regul\u0101ras p\u0101rbaudes:<\/strong> Regul\u0101ru p\u0101rbau\u017eu veik\u0161ana \u013cauj laikus identific\u0113t iesp\u0113jam\u0101s probl\u0113mas. Mekl\u0113jiet nodiluma, nopl\u016b\u017eu un boj\u0101jumu paz\u012bmes.<\/li>\n<li><strong>Pareiza e\u013c\u013co\u0161ana:<\/strong> Iev\u0113rojiet regul\u0101rus e\u013c\u013co\u0161anas grafikus, lai nodro\u0161in\u0101tu visu kust\u012bgo da\u013cu nevainojamu darb\u012bbu, samazinot berzi un nodilumu.<\/li>\n<li><strong>Bl\u012bv\u0113juma nomai\u0146a:<\/strong> Uzraugiet bl\u012bv\u0113jumu st\u0101vokli un nomainiet tos p\u0113c nepiecie\u0161am\u012bbas, lai uztur\u0113tu hidraulisko efektivit\u0101ti un nov\u0113rstu nopl\u016bdes.<\/li>\n<\/ul>\n<h2>Dro\u0161\u012bbas apsv\u0113rumi un vides faktori<\/h2>\n<p>Izmantojot hidrauliskos cilindrus, ir \u013coti svar\u012bgi ieviest atbilsto\u0161us dro\u0161\u012bbas pas\u0101kumus. Operatoriem j\u0101b\u016bt apm\u0101c\u012btiem, lai izprastu ar hidrauliskaj\u0101m sist\u0113m\u0101m saist\u012btos iesp\u0113jamos riskus, tostarp augstspiediena apdraud\u0113jumus, un dro\u0161\u012bbas protokolu iev\u0113ro\u0161anas noz\u012bmi ekspluat\u0101cijas un apkopes laik\u0101. Izmantojot individu\u0101los aizsardz\u012bbas l\u012bdzek\u013cus (IAL) un iev\u0113rojot ra\u017eot\u0101ja vadl\u012bnijas, tiek nodro\u0161in\u0101ta dro\u0161a apie\u0161an\u0101s un darb\u012bba.<\/p>\n<h2>Probl\u0113mu nov\u0113r\u0161ana un bie\u017ei sastopamas probl\u0113mas<\/h2>\n<ul>\n<li><strong>Nopl\u016bde:<\/strong> Ja tiek konstat\u0113ta nopl\u016bde, p\u0101rbaudiet, vai bl\u012bves un savienojumi nav boj\u0101ti. Nomainiet nolietot\u0101s bl\u012bves un p\u0101rliecinieties, vai savienojumi ir dro\u0161i, lai nov\u0113rstu \u0161\u0137idruma zudumu.<\/li>\n<li><strong>L\u0113na reakcija:<\/strong> L\u0113na reakcija var liecin\u0101t par zemu hidraulisk\u0101 \u0161\u0137idruma l\u012bmeni vai gaisu sist\u0113m\u0101. P\u0101rbaudiet \u0161\u0137idruma l\u012bmeni un nepiecie\u0161am\u012bbas gad\u012bjum\u0101 atgaisojiet sist\u0113mu.<\/li>\n<li><strong>Nav kust\u012bbas:<\/strong> Ja cilindrs nekustas, p\u0101rbaudiet, vai nav \u0161\u0137\u0113r\u0161\u013cu, p\u0101rliecinieties, vai hidrauliskais spiediens ir pietiekams, un p\u0101rbaudiet, vai nav boj\u0101tu deta\u013cu, kas, iesp\u0113jams, ir j\u0101nomaina.<\/li>\n<\/ul>\n<h2>Probl\u0113mu nov\u0113r\u0161anas padomi<\/h2>\n<p>Lai efekt\u012bvi diagnostic\u0113tu un nov\u0113rstu probl\u0113mas ar hidrauliskajiem cilindriem, iev\u0113rojiet \u0161os probl\u0113mu nov\u0113r\u0161anas padomus:<\/p>\n<ul>\n<li><strong>Regul\u0101ra apkope:<\/strong> Ieviesiet prevent\u012bv\u0101s apkopes programmu, lai laikus identific\u0113tu probl\u0113mas un nodro\u0161in\u0101tu sist\u0113mas efekt\u012bvu darb\u012bbu.<\/li>\n<li><strong>Veiktsp\u0113jas uzraudz\u012bba:<\/strong> Sekojiet l\u012bdzi hidraulisk\u0101 cilindra darb\u012bbai. Jebkuras neatbilst\u012bbas nekav\u0113joties j\u0101izmekl\u0113, lai izvair\u012btos no nopietniem boj\u0101jumiem.<\/li>\n<li><strong>Konsult\u0101ciju speci\u0101listi:<\/strong> Ja probl\u0113mas joproj\u0101m past\u0101v, konsult\u0113\u0161an\u0101s ar hidraulisko sist\u0113mu speci\u0101listiem var sniegt v\u0113rt\u012bgu ieskatu un ieteikumus remontam.<\/li>\n<\/ul>\n<p><img decoding=\"async\" src=\"https:\/\/www.hydraulic-cylinders.net\/wp-content\/uploads\/2025\/04\/songte-bushings-with-all-kinds-of-excavator-models.webp\" alt=\"Bukses\" \/><\/p>\n<h2>Uz\u0146\u0113muma p\u0101rskats<\/h2>\n<p>M\u0113s esam vado\u0161ais rezerves hidraulisko cilindru ra\u017eot\u0101js, kas pied\u0101v\u0101 pla\u0161u produktu kl\u0101stu, kas paredz\u0113ts viet\u0113jam un starptautiskajam tirgum. M\u016bsu ap\u0146em\u0161anos sasniegt izcil\u012bbu nodro\u0161ina izsmalcin\u0101ta ra\u017eo\u0161anas strat\u0113\u0123ija un koncentr\u0113\u0161an\u0101s uz kvalit\u0101ti. Uzsverot prec\u012bzu ra\u017eo\u0161anu, m\u016bsu ra\u017eotnes ir apr\u012bkotas ar modern\u0101m tehnolo\u0123ij\u0101m un kvalific\u0113tiem tehni\u0137iem, lai nodro\u0161in\u0101tu augstus kvalit\u0101tes kontroles standartus.<\/p>\n<p>M\u016bsu specializ\u0101cija piel\u0101gotos risin\u0101jumos \u013cauj mums apmierin\u0101t klientu da\u017e\u0101d\u0101s vajadz\u012bbas, savuk\u0101rt m\u016bsu starptautisk\u0101s sertifik\u0101cijas apliecina m\u016bsu atbilst\u012bbu glob\u0101lajiem ra\u017eo\u0161anas standartiem. S\u0101kot ar ra\u017eo\u0161anas iek\u0101rt\u0101m un beidzot ar p\u0113cp\u0101rdo\u0161anas apkalpo\u0161anu, m\u0113s priorit\u0101ti pie\u0161\u0137iram klientu apmierin\u0101t\u012bbai un cen\u0161amies uztur\u0113t ilgsto\u0161as \u200b\u200battiec\u012bbas ar m\u016bsu klientiem.<\/p>\n<p><img decoding=\"async\" src=\"https:\/\/www.hydraulic-cylinders.net\/wp-content\/uploads\/2025\/04\/songte-company-4.webp\" alt=\"Uz\u0146\u0113muma p\u0101rskats\" \/><br \/>\n<img decoding=\"async\" src=\"https:\/\/www.hydraulic-cylinders.net\/wp-content\/uploads\/2025\/04\/songte-company-3.webp\" alt=\"Uz\u0146\u0113muma telpas\" \/><\/p>\n<p>Autors: lil<\/p>","protected":false},"excerpt":{"rendered":"<p>Boom Cylinder For Volwa Cane Unloader DLS210-9A Product Overview The Boom Cylinder For Volwa Cane Unloader DLS210-9A is a crucial hydraulic component designed specifically for enhancing the functionality of heavy machinery like cane unloaders. This type of hydraulic cylinder is responsible for controlling the movement of the bucket in various heavy-duty applications, such as excavators, [&hellip;]<\/p>","protected":false},"featured_media":17870,"comment_status":"open","ping_status":"closed","template":"","meta":{"_et_pb_use_builder":"","_et_pb_old_content":"","_et_gb_content_width":""},"product_brand":[],"product_cat":[1546],"product_tag":[1547,1496],"class_list":{"0":"post-19622","1":"product","2":"type-product","3":"status-publish","4":"has-post-thumbnail","6":"product_cat-boom-cylinders","7":"product_tag-boom-cylinders","8":"product_tag-hydraulic-cylinders","10":"first","11":"instock","12":"shipping-taxable","13":"product-type-simple"},"amp_enabled":true,"_links":{"self":[{"href":"https:\/\/www.hydraulic-cylinders.net\/lv\/wp-json\/wp\/v2\/product\/19622","targetHints":{"allow":["GET"]}}],"collection":[{"href":"https:\/\/www.hydraulic-cylinders.net\/lv\/wp-json\/wp\/v2\/product"}],"about":[{"href":"https:\/\/www.hydraulic-cylinders.net\/lv\/wp-json\/wp\/v2\/types\/product"}],"replies":[{"embeddable":true,"href":"https:\/\/www.hydraulic-cylinders.net\/lv\/wp-json\/wp\/v2\/comments?post=19622"}],"wp:featuredmedia":[{"embeddable":true,"href":"https:\/\/www.hydraulic-cylinders.net\/lv\/wp-json\/wp\/v2\/media\/17870"}],"wp:attachment":[{"href":"https:\/\/www.hydraulic-cylinders.net\/lv\/wp-json\/wp\/v2\/media?parent=19622"}],"wp:term":[{"taxonomy":"product_brand","embeddable":true,"href":"https:\/\/www.hydraulic-cylinders.net\/lv\/wp-json\/wp\/v2\/product_brand?post=19622"},{"taxonomy":"product_cat","embeddable":true,"href":"https:\/\/www.hydraulic-cylinders.net\/lv\/wp-json\/wp\/v2\/product_cat?post=19622"},{"taxonomy":"product_tag","embeddable":true,"href":"https:\/\/www.hydraulic-cylinders.net\/lv\/wp-json\/wp\/v2\/product_tag?post=19622"}],"curies":[{"name":"wp","href":"https:\/\/api.w.org\/{rel}","templated":true}]}}