{"id":19624,"date":"2025-04-07T06:58:08","date_gmt":"2025-04-07T06:58:08","guid":{"rendered":"https:\/\/www.hydraulic-cylinders.net\/product\/boom-cylinder-for-volwa-cane-unloader-dls880-9ag\/"},"modified":"2025-04-07T06:58:11","modified_gmt":"2025-04-07T06:58:11","slug":"boom-cylinder-for-volwa-cane-unloader-dls880-9ag","status":"publish","type":"product","link":"https:\/\/www.hydraulic-cylinders.net\/lv\/products\/boom-cylinder-for-volwa-cane-unloader-dls880-9ag\/","title":{"rendered":"Str\u0113les cilindrs Volvo niedru izkrau\u0161anas ma\u0161\u012bnai DLS880-9AG"},"content":{"rendered":"<h1>Str\u0113les cilindrs Volvo niedru izkrau\u0161anas ma\u0161\u012bnai DLS880-9AG<\/h1>\n<h2>Produkta p\u0101rskats<\/h2>\n<p>The Boom Cylinder for Volwa Cane Unloader DLS880-9AG is a specialized hydraulic cylinder designed to control the movement of heavy machinery, particularly in the agricultural sector. These cylinders play a crucial role in hydraulic systems by providing the necessary force to lift, lower, and tilt attachments such as buckets, which is essential for material handling tasks. Specifically, bucket cylinders are hydraulic pistons that manage the movement of the bucket in various heavy-duty equipment, such as excavators, backhoe loaders, and front-end loaders. They enable precise control over the bucket&#8217;s actions, allowing for effective digging, loading, and transporting of materials.<\/p>\n<p><img decoding=\"async\" src=\"https:\/\/www.hydraulic-cylinders.net\/wp-content\/uploads\/2025\/04\/songte-company-1.webp\" alt=\"Volwa niedru izkrau\u0161anas iek\u0101rtas str\u0113les cilindrs\" \/><\/p>\n<h2>Str\u0113les cilindra \u012bpa\u0161\u012bbas<\/h2>\n<ul>\n<li><strong>Augsta iztur\u012bba un ilgm\u016b\u017e\u012bba:<\/strong> \u0160ie cilindri, kas izgatavoti no augstas stipr\u012bbas t\u0113rauda vai alum\u012bnija, var iztur\u0113t augstu spiedienu un lielas slodzes, padarot tos piem\u0113rotus skarbiem darba apst\u0101k\u013ciem. To konstrukcija ietver nodilumiztur\u012bbu un iztur\u012bbu pret koroziju, pagarinot to kalpo\u0161anas laiku.<\/li>\n<li><strong>Efekt\u012bva hidraulisk\u0101 darb\u012bba:<\/strong> Izmantojot hidraulisk\u0101s e\u013c\u013cas spiedienu, cilindrs nodro\u0161ina vienm\u0113r\u012bgu izvirz\u012b\u0161anu un ievilk\u0161anu, \u0101tri rea\u0123\u0113jot uz vad\u012bbas komand\u0101m un radot iev\u0113rojamu stum\u0161anas un vilk\u0161anas sp\u0113ku, kas ir ide\u0101li piem\u0113rots smagiem un sare\u017e\u0123\u012btiem uzdevumiem.<\/li>\n<li><strong>Da\u017e\u0101di veidi:<\/strong> Pieejams vienk\u0101r\u0161\u0101s darb\u012bbas (darbojas vien\u0101 virzien\u0101) vai divk\u0101r\u0161\u0101s darb\u012bbas (darbojas abos virzienos) konfigur\u0101cij\u0101s, lai apmierin\u0101tu da\u017e\u0101das ekspluat\u0101cijas vajadz\u012bbas. Da\u017ei mode\u013ci ir teleskopiski, kas \u013cauj tos papla\u0161in\u0101t, nepalielinot \u0101r\u0113jos izm\u0113rus, padarot tos ide\u0101li piem\u0113rotus lieto\u0161anai ierobe\u017eot\u0101 telp\u0101.<\/li>\n<\/ul>\n<h2>Ra\u017eo\u0161anas jauda<\/h2>\n<p>M\u0113s sp\u0113jam ra\u017eot \u0161o produktu, un m\u016bsu cilindri var lieliski aizst\u0101t da\u017e\u0101dus tirg\u016b pieejamos hidrauliskos cilindrus.<\/p>\n<p><img decoding=\"async\" src=\"https:\/\/www.hydraulic-cylinders.net\/wp-content\/uploads\/2025\/04\/songte-cylinder-head-with-all-kinds-excavator-models.webp\" alt=\"Cilindru ra\u017eo\u0161ana\" \/><\/p>\n<h2>Str\u0113les cilindra pielietojumi<\/h2>\n<h3>Celtniec\u012bbas apr\u012bkojums<\/h3>\n<p>Ekskavatoros str\u0113les cilindri ir vit\u0101li svar\u012bgi efekt\u012bvai zemes vai gru\u017eu rak\u0161anai, iekrau\u0161anai un p\u0101rvieto\u0161anai. Tie pal\u012bdz gan rak\u0161anas, gan cel\u0161anas procesos, veicinot b\u016bvniec\u012bbas oper\u0101ciju kop\u0113jo produktivit\u0101ti.<\/p>\n<h3>Lauksaimniec\u012bbas tehnika<\/h3>\n<p>Front\u0101lajos iekr\u0101v\u0113jos \u0161ie cilindri ir nepiecie\u0161ami augsnes, siena un citu materi\u0101lu sav\u0101k\u0161anai, cel\u0161anai un transport\u0113\u0161anai. To prec\u012bz\u0101s vad\u012bbas iesp\u0113jas uzlabo lauksaimniec\u012bbas darbu efektivit\u0101ti, padarot tos par neat\u0146emamu lauksaimniec\u012bbas darb\u012bbu sast\u0101vda\u013cu.<\/p>\n<h3>Ekskavatori<\/h3>\n<p>Ekskavatoriem str\u0113les cilindrs \u013cauj kausam iek\u013c\u016bt augsn\u0113, atvieglojot efekt\u012bvas rak\u0161anas darb\u012bbas. \u0160\u012b sp\u0113ja ir \u013coti svar\u012bga da\u017e\u0101diem uzdevumiem, piem\u0113ram, tran\u0161eju rak\u0161anai un vietas sagatavo\u0161anai.<\/p>\n<h3>Iekr\u0101v\u0113ji<\/h3>\n<p>Front\u0101lajos iekr\u0101v\u0113jos str\u0113les cilindrs pal\u012bdz efekt\u012bvi pacelt un izg\u0101zt kravas. Sp\u0113ja efekt\u012bvi apstr\u0101d\u0101t smagus materi\u0101lus padara iekr\u0101v\u0113jus neaizst\u0101jamus b\u016bvniec\u012bb\u0101 un materi\u0101lu apstr\u0101d\u0113.<\/p>\n<h2>Dizaina apsv\u0113rumi un atlases krit\u0113riji<\/h2>\n<h3>Kravnes\u012bba<\/h3>\n<p>Izv\u0113loties hidraulisko cilindru, kravnes\u012bba ir \u0101rk\u0101rt\u012bgi svar\u012bga. Cilindram j\u0101sp\u0113j iztur\u0113t apstr\u0101d\u0101jamo materi\u0101lu svaru bez boj\u0101juma riska. In\u017eenieriem j\u0101apr\u0113\u0137ina maksim\u0101l\u0101 slodze un j\u0101izv\u0113las cilindrs, kas paredz\u0113ts vismaz \u0161\u0101dai slodzei, \u0146emot v\u0113r\u0101 dro\u0161\u012bbas rezervi, lai iztur\u0113tu negaid\u012btas slodzes.<\/p>\n<h3>Bl\u012bv\u0113juma veiktsp\u0113ja<\/h3>\n<p>Efekt\u012bva bl\u012bv\u0113\u0161ana ir \u013coti svar\u012bga, lai nov\u0113rstu hidraulisk\u0101 \u0161\u0137idruma nopl\u016bdi, kas var samazin\u0101t veiktsp\u0113ju un rad\u012bt vides apdraud\u0113jumus. Lai nodro\u0161in\u0101tu pareizu bl\u012bv\u0113\u0161anu da\u017e\u0101dos spiediena apst\u0101k\u013cos, j\u0101izmanto augstas kvalit\u0101tes bl\u012bves, kas izgatavotas no iztur\u012bgiem materi\u0101liem, piem\u0113ram, poliuret\u0101na vai nitrilkau\u010duka. Regul\u0101ra bl\u012bvju apkope un p\u0101rbaude ir b\u016btiska, lai saglab\u0101tu hidraulisko efektivit\u0101ti un nov\u0113rstu d\u0101rgus remontdarbus.<\/p>\n<h3>Iztur\u012bba<\/h3>\n<p>The durability of a hydraulic cylinder is influenced by material selection and manufacturing processes. High-quality materials that resist wear and corrosion extend the life of the cylinder. Additionally, processes such as surface hardening and advanced coatings can enhance the cylinder&#8217;s durability, ensuring it performs well in demanding environments.<\/p>\n<h3>Dro\u0161\u012bbas funkcijas<\/h3>\n<p>Dro\u0161\u012bba ir kritiski svar\u012bgs apsv\u0113rums hidraulisko cilindru konstrukcij\u0101. Lai nov\u0113rstu katastrof\u0101las k\u013c\u016bmes, j\u0101iek\u013cauj t\u0101das funkcijas k\u0101 spiediena samazin\u0101\u0161anas v\u0101rsti un av\u0101rijas aptur\u0113\u0161anas meh\u0101nismi. Lai nodro\u0161in\u0101tu hidraulisko iek\u0101rtu apkalpojo\u0161\u0101 person\u0101la dro\u0161\u012bbu, ir svar\u012bgi ar\u012b pien\u0101c\u012bgi apm\u0101c\u012bt par dro\u0161u ekspluat\u0101ciju un apkopi.<\/p>\n<h3>Apkope un izmantojam\u012bba<\/h3>\n<p>Hidraulisko cilindru kalpo\u0161anas laika maksimiz\u0113\u0161anai ir svar\u012bgi projekt\u0113t t\u0101, lai tos b\u016btu viegli apkopt. Tas ietver ar\u012b to, ka deta\u013c\u0101m var viegli piek\u013c\u016bt p\u0101rbaudei vai nomai\u0146ai. J\u0101izveido regul\u0101ri apkopes grafiki, lai p\u0101rbaud\u012btu nodilumu, e\u013c\u013co\u0161anas nepiecie\u0161am\u012bbu un bl\u012bv\u0113juma integrit\u0101ti, nov\u0113r\u0161ot negaid\u012btus boj\u0101jumus.<\/p>\n<p><img decoding=\"async\" src=\"https:\/\/www.hydraulic-cylinders.net\/wp-content\/uploads\/2025\/04\/songte-oil-pipes-and-spare-parts.webp\" alt=\"Hidraulisk\u0101s sast\u0101vda\u013cas\" \/><\/p>\n<h2>Bl\u012bv\u0113\u0161ana un e\u013c\u013co\u0161ana<\/h2>\n<p>Efekt\u012bva bl\u012bv\u0113\u0161ana un e\u013c\u013co\u0161ana ir b\u016btiska hidraulisko cilindru darb\u012bbai. Lai nov\u0113rstu \u0161\u0137idruma nopl\u016bdi un pies\u0101r\u0146ojumu, tiek izmantoti da\u017e\u0101di bl\u012bv\u0113jumi, piem\u0113ram, virzu\u013ca bl\u012bv\u0113jumi un stie\u0146a bl\u012bv\u0113jumi. Bl\u012bv\u0113jumi, kas izgatavoti no nodilumiztur\u012bgiem materi\u0101liem, piem\u0113ram, poliuret\u0101na un nitrila gumijas, ir b\u016btiski ilgsto\u0161ai darb\u012bbai. Turkl\u0101t cilindra korpuss un v\u012bt\u0146ot\u0101s gala virsmas ir j\u0101apstr\u0101d\u0101 prec\u012bzi, lai uzlabotu nodilumiztur\u012bbu. Regul\u0101ra e\u013c\u013co\u0161ana ar hidraulisko e\u013c\u013cu ir \u013coti svar\u012bga, jo t\u0101 samazina berzi un nodilumu, nodro\u0161inot vienm\u0113r\u012bgu darb\u012bbu.<\/p>\n<h2>Regul\u0101ras p\u0101rbaudes un profilaktisk\u0101 apkope<\/h2>\n<ul>\n<li><strong>Regul\u0101ras p\u0101rbaudes:<\/strong> Regul\u0101ri veiciet vizu\u0101las p\u0101rbaudes, lai p\u0101rbaud\u012btu, vai nav nodiluma, korozijas vai nopl\u016b\u017eu paz\u012bmju. Probl\u0113mu agr\u012bna atkl\u0101\u0161ana var nov\u0113rst nopietn\u0101kas probl\u0113mas n\u0101kotn\u0113.<\/li>\n<li><strong>Pareiza e\u013c\u013co\u0161ana:<\/strong> Nodro\u0161iniet, lai hidraulisk\u0101 e\u013c\u013ca tiktu papildin\u0101ta p\u0113c nepiecie\u0161am\u012bbas, un uzturiet sist\u0113mu t\u012bru, lai nov\u0113rstu pies\u0101r\u0146ojumu, kas var ietekm\u0113t veiktsp\u0113ju.<\/li>\n<li><strong>Bl\u012bv\u0113juma nomai\u0146a:<\/strong> Regul\u0101ri p\u0101rbaudiet bl\u012bv\u0113jumu nodilumu un nomainiet tos p\u0113c nepiecie\u0161am\u012bbas, lai saglab\u0101tu hidraulisko integrit\u0101ti un veiktsp\u0113ju.<\/li>\n<\/ul>\n<h2>Uzst\u0101d\u012b\u0161anas vadl\u012bnijas<\/h2>\n<p>Pareiza hidraulisko cilindru uzst\u0101d\u012b\u0161ana ir \u013coti svar\u012bga optim\u0101lai veiktsp\u0113jai. Vispirms p\u0101rliecinieties, vai cilindrs ir pareizi izl\u012bdzin\u0101ts ar t\u0101 stiprin\u0101juma punktiem, lai izvair\u012btos no p\u0101rm\u0113r\u012bgas slodzes. Izmantojiet atbilsto\u0161us stiprin\u0101juma kron\u0161teinus, lai stingri nostiprin\u0101tu cilindru. Iev\u0113rojiet ra\u017eot\u0101ja nor\u0101d\u012bjumus par hidrauliskajiem savienojumiem, p\u0101rliecinoties, ka visi savienojumi ir cie\u0161i pievilkti, lai nov\u0113rstu nopl\u016bdes. Pievienojot hidraulisk\u0101s l\u012bnijas, izmantojiet pareiza garuma \u0161\u013c\u016btenes un izvairieties no asiem l\u012bkumiem, kas var\u0113tu izrais\u012bt boj\u0101jumus. P\u0113c uzst\u0101d\u012b\u0161anas pirms pilna m\u0113roga lieto\u0161anas p\u0101rbaudiet sist\u0113mu zem\u0101 spiedien\u0101, lai p\u0101rbaud\u012btu, vai nav nopl\u016b\u017eu un vai t\u0101 darbojas pareizi.<\/p>\n<h2>Bie\u017ei sastopamie apkopes uzdevumi<\/h2>\n<ul>\n<li><strong>Regul\u0101ras p\u0101rbaudes:<\/strong> Iepl\u0101nojiet regul\u0101ras p\u0101rbaudes, lai uzraudz\u012btu balona un apk\u0101rt\u0113jo komponentu st\u0101vokli, mekl\u0113jot nodiluma, nopl\u016b\u017eu vai boj\u0101jumu paz\u012bmes.<\/li>\n<li><strong>Pareiza e\u013c\u013co\u0161ana:<\/strong> Uztur\u0113t past\u0101v\u012bgu e\u013c\u013co\u0161anas grafiku, nodro\u0161inot, ka hidraulisk\u0101s e\u013c\u013cas l\u012bmenis ir atbilsto\u0161s un sist\u0113ma paliek t\u012bra, lai izvair\u012btos no pies\u0101r\u0146ojuma.<\/li>\n<li><strong>Bl\u012bv\u0113juma nomai\u0146a un kalibr\u0113\u0161ana:<\/strong> Uzraugiet bl\u012bv\u0113jumu st\u0101vokli un nomainiet tos p\u0113c nepiecie\u0161am\u012bbas. Regul\u0101ra hidraulisk\u0101s sist\u0113mas kalibr\u0113\u0161ana nodro\u0161ina optim\u0101lu veiktsp\u0113ju un dro\u0161\u012bbu.<\/li>\n<\/ul>\n<h2>Dro\u0161\u012bbas apsv\u0113rumi un vides faktori<\/h2>\n<p>Izmantojot hidrauliskos cilindrus, dro\u0161\u012bbas pas\u0101kumi ir \u0101rk\u0101rt\u012bgi svar\u012bgi. Operatoriem j\u0101b\u016bt apm\u0101c\u012btiem dro\u0161as lieto\u0161anas praks\u0113, lai samazin\u0101tu negad\u012bjumu risku. Ir svar\u012bgi izprast ar hidrauliskaj\u0101m sist\u0113m\u0101m saist\u012btos iesp\u0113jamos apdraud\u0113jumus, piem\u0113ram, augstspiediena nopl\u016bdes, un veikt atbilsto\u0161us piesardz\u012bbas pas\u0101kumus. J\u0101\u0146em v\u0113r\u0101 ar\u012b vides faktori, tostarp hidraulisk\u0101 \u0161\u0137idruma nopl\u016b\u017eu ietekme. Nodro\u0161inot, ka visas hidraulisk\u0101s sist\u0113mas ir pien\u0101c\u012bgi nosl\u0113gtas un uztur\u0113tas, var mazin\u0101t vides riskus.<\/p>\n<h2>K\u013c\u016bmju diagnostika un bie\u017e\u0101k sastopam\u0101s probl\u0113mas<\/h2>\n<ul>\n<li><strong>Spiediena zudums:<\/strong> Tas var rasties sist\u0113mas nopl\u016b\u017eu, nepietiekama \u0161\u0137idruma l\u012bme\u0146a vai boj\u0101tu bl\u012bv\u0113jumu d\u0113\u013c. Regul\u0101ras p\u0101rbaudes var pal\u012bdz\u0113t laikus identific\u0113t un nov\u0113rst \u0161\u012bs probl\u0113mas.<\/li>\n<li><strong>L\u0113na darb\u012bba:<\/strong> L\u0113ni kust\u012bgs cilindrs var liecin\u0101t par zemu hidraulisk\u0101 \u0161\u0137idruma l\u012bmeni vai pies\u0101r\u0146ojumu. Lai saglab\u0101tu veiktsp\u0113ju, ir \u013coti svar\u012bgi nodro\u0161in\u0101t, lai hidrauliskais \u0161\u0137idrums b\u016btu t\u012brs un pareiz\u0101 l\u012bmen\u012b.<\/li>\n<li><strong>Neparastas ska\u0146as:<\/strong> Sl\u012bpo\u0161a vai klabo\u0161a ska\u0146a bie\u017ei nor\u0101da uz meh\u0101nisk\u0101m probl\u0113m\u0101m vai nepietiekamu e\u013c\u013co\u0161anu. Lai nov\u0113rstu turpm\u0101kus boj\u0101jumus, nepiecie\u0161ama t\u016bl\u012bt\u0113ja p\u0101rbaude.<\/li>\n<\/ul>\n<h2>Probl\u0113mu nov\u0113r\u0161anas padomi<\/h2>\n<p>Diagnostic\u0113jot probl\u0113mas ar hidrauliskajiem cilindriem, s\u0101ciet ar redzamu nopl\u016b\u017eu p\u0101rbaudi un visu savienojumu dro\u0161\u012bbu. Regul\u0101ra apkope, tostarp filtru t\u012br\u012b\u0161ana un nomai\u0146a, var nov\u0113rst daudzas bie\u017ei sastopamas probl\u0113mas. Ja tiek konstat\u0113ts zems spiediens, p\u0101rbaudiet \u0161\u0137idruma l\u012bmeni un mekl\u0113jiet aizsprostojumus hidrauliskaj\u0101s l\u012bnij\u0101s. \u0160o probl\u0113mu agr\u012bna identific\u0113\u0161ana un nov\u0113r\u0161ana var samazin\u0101t d\u012bkst\u0101ves laiku un pagarin\u0101t cilindra kalpo\u0161anas laiku.<\/p>\n<p><img decoding=\"async\" src=\"https:\/\/www.hydraulic-cylinders.net\/wp-content\/uploads\/2025\/04\/songte-bushings-with-all-kinds-of-excavator-models.webp\" alt=\"Hidraulisk\u0101s bukses\" \/><\/p>\n<h2>Uz\u0146\u0113muma profils<\/h2>\n<p>M\u0113s esam vado\u0161ais rezerves hidraulisko cilindru ra\u017eot\u0101js ar pla\u0161u produktu kl\u0101stu, kas m\u016bs ir pozicion\u0113jis k\u0101 vienu no vado\u0161ajiem ra\u017eot\u0101jiem un izplat\u012bt\u0101jiem gan viet\u0113j\u0101, gan starptautiskaj\u0101 tirg\u016b. M\u0113s iev\u0113rojam augst\u0101k\u0101s kvalit\u0101tes principus, pa\u013caujoties uz industrializ\u0113tu ra\u017eo\u0161anas vad\u012bbas strat\u0113\u0123iju m\u016bsu pilnveidotaj\u0101s ra\u017eo\u0161anas darbn\u012bc\u0101s. M\u016bsu uz\u0146\u0113mums nep\u0101rtraukti uzlabo savu ra\u017eo\u0161anas platformu, izmantojot kvalific\u0113tus tehni\u0137us, modernu digit\u0101lo ra\u017eo\u0161anas apr\u012bkojumu un specializ\u0113tas test\u0113\u0161anas sist\u0113mas, nodro\u0161inot, ka m\u0113s apmierin\u0101m m\u016bsu klientu da\u017e\u0101d\u0101s vajadz\u012bbas ar augstu efektivit\u0101ti, precizit\u0101ti un kvalit\u0101ti.<\/p>\n<p><img decoding=\"async\" src=\"https:\/\/www.hydraulic-cylinders.net\/wp-content\/uploads\/2025\/04\/songte-company-4.webp\" alt=\"Uz\u0146\u0113muma p\u0101rskats\" \/><br \/>\n<img decoding=\"async\" src=\"https:\/\/www.hydraulic-cylinders.net\/wp-content\/uploads\/2025\/04\/songte-company-3.webp\" alt=\"Ra\u017eo\u0161anas iek\u0101rta\" \/><\/p>\n<p>Nosl\u0113gum\u0101 m\u0113s lepojamies ar savu profesionalit\u0101ti, starptautiskajiem sertifik\u0101tiem, piel\u0101gotajiem pakalpojumiem, modernu ra\u017eo\u0161anas apr\u012bkojumu un uzticamu p\u0113cp\u0101rdo\u0161anas atbalstu, kas viss veicina m\u016bsu ap\u0146em\u0161anos pieg\u0101d\u0101t augst\u0101k\u0101s kvalit\u0101tes hidrauliskos cilindrus.<\/p>\n<p>Autors: lil<\/p>","protected":false},"excerpt":{"rendered":"<p>Boom Cylinder For Volwa Cane Unloader DLS880-9AG Product Overview The Boom Cylinder for Volwa Cane Unloader DLS880-9AG is a specialized hydraulic cylinder designed to control the movement of heavy machinery, particularly in the agricultural sector. These cylinders play a crucial role in hydraulic systems by providing the necessary force to lift, lower, and tilt attachments [&hellip;]<\/p>","protected":false},"featured_media":17872,"comment_status":"open","ping_status":"closed","template":"","meta":{"_et_pb_use_builder":"","_et_pb_old_content":"","_et_gb_content_width":""},"product_brand":[],"product_cat":[1546],"product_tag":[1547,1496],"class_list":{"0":"post-19624","1":"product","2":"type-product","3":"status-publish","4":"has-post-thumbnail","6":"product_cat-boom-cylinders","7":"product_tag-boom-cylinders","8":"product_tag-hydraulic-cylinders","10":"first","11":"instock","12":"shipping-taxable","13":"product-type-simple"},"amp_enabled":true,"_links":{"self":[{"href":"https:\/\/www.hydraulic-cylinders.net\/lv\/wp-json\/wp\/v2\/product\/19624","targetHints":{"allow":["GET"]}}],"collection":[{"href":"https:\/\/www.hydraulic-cylinders.net\/lv\/wp-json\/wp\/v2\/product"}],"about":[{"href":"https:\/\/www.hydraulic-cylinders.net\/lv\/wp-json\/wp\/v2\/types\/product"}],"replies":[{"embeddable":true,"href":"https:\/\/www.hydraulic-cylinders.net\/lv\/wp-json\/wp\/v2\/comments?post=19624"}],"wp:featuredmedia":[{"embeddable":true,"href":"https:\/\/www.hydraulic-cylinders.net\/lv\/wp-json\/wp\/v2\/media\/17872"}],"wp:attachment":[{"href":"https:\/\/www.hydraulic-cylinders.net\/lv\/wp-json\/wp\/v2\/media?parent=19624"}],"wp:term":[{"taxonomy":"product_brand","embeddable":true,"href":"https:\/\/www.hydraulic-cylinders.net\/lv\/wp-json\/wp\/v2\/product_brand?post=19624"},{"taxonomy":"product_cat","embeddable":true,"href":"https:\/\/www.hydraulic-cylinders.net\/lv\/wp-json\/wp\/v2\/product_cat?post=19624"},{"taxonomy":"product_tag","embeddable":true,"href":"https:\/\/www.hydraulic-cylinders.net\/lv\/wp-json\/wp\/v2\/product_tag?post=19624"}],"curies":[{"name":"wp","href":"https:\/\/api.w.org\/{rel}","templated":true}]}}