{"id":19625,"date":"2025-04-07T06:58:11","date_gmt":"2025-04-07T06:58:11","guid":{"rendered":"https:\/\/www.hydraulic-cylinders.net\/product\/boom-cylinder-for-volwa-cane-unloader-dls118-9a\/"},"modified":"2025-04-07T06:58:13","modified_gmt":"2025-04-07T06:58:13","slug":"boom-cylinder-for-volwa-cane-unloader-dls118-9a","status":"publish","type":"product","link":"https:\/\/www.hydraulic-cylinders.net\/lv\/products\/boom-cylinder-for-volwa-cane-unloader-dls118-9a\/","title":{"rendered":"Volwa niedru izkrau\u0161anas iek\u0101rtas DLS118-9A str\u0113les cilindrs"},"content":{"rendered":"<h1>Volwa niedru izkrau\u0161anas iek\u0101rtas DLS118-9A str\u0113les cilindrs<\/h1>\n<h2>Str\u0113les cilindra p\u0101rskats<\/h2>\n<p>The Boom Cylinder is a crucial component in hydraulic systems, specifically designed to control the movement of heavy machinery&#8217;s buckets, such as those found in excavators, backhoe loaders, and front-end loaders. This hydraulic cylinder enables the bucket to lift, lower, and tilt, facilitating efficient material handling tasks. By utilizing hydraulic pressure, these cylinders provide the necessary force to maneuver large loads, making them indispensable in various industrial and agricultural applications.<\/p>\n<p><img decoding=\"async\" src=\"https:\/\/www.hydraulic-cylinders.net\/wp-content\/uploads\/2025\/04\/songte-company-1.webp\" alt=\"Str\u0113les cilindrs\"><\/p>\n<h2>Str\u0113les cilindra \u012bpa\u0161\u012bbas<\/h2>\n<ul>\n<li><strong>Augsta iztur\u012bba un ilgm\u016b\u017e\u012bba:<\/strong> \u0160ie cilindri, kas parasti ir izgatavoti no augstas stipr\u012bbas t\u0113rauda vai alum\u012bnija, var iztur\u0113t augstu spiedienu un lielas slodzes, padarot tos piem\u0113rotus skarbiem darba apst\u0101k\u013ciem. To konstrukcija \u0146em v\u0113r\u0101 nodilumiztur\u012bbu un korozijas iztur\u012bbu, pagarinot to kalpo\u0161anas laiku.<\/li>\n<li><strong>Efekt\u012bva hidraulisk\u0101 darb\u012bba:<\/strong> Izmantojot hidraulisk\u0101s e\u013c\u013cas spiedienu vienm\u0113r\u012bgai izvilk\u0161anai un ievilk\u0161anai, \u0161ie cilindri \u0101tri rea\u0123\u0113 uz vad\u012bbas komand\u0101m, nodro\u0161inot sp\u0113c\u012bgu stum\u0161anas un vilk\u0161anas sp\u0113ku, kas ir ide\u0101li piem\u0113rots smagu un sare\u017e\u0123\u012btu uzdevumu veik\u0161anai.<\/li>\n<li><strong>Da\u017e\u0101di veidi:<\/strong> Pieejami vienk\u0101r\u0161\u0101s darb\u012bbas (hidrauliska darb\u012bba vien\u0101 virzien\u0101) vai divk\u0101r\u0161\u0101s darb\u012bbas (hidrauliska darb\u012bba abos virzienos) konfigur\u0101cij\u0101s, tie atbilst da\u017e\u0101d\u0101m ekspluat\u0101cijas vajadz\u012bb\u0101m. Da\u017ei mode\u013ci ir teleskopiski, kas \u013cauj veikt liel\u0101ku pagarin\u0101jumu, nepalielinot \u0101r\u0113jos izm\u0113rus, un ir piem\u0113roti lietojumiem ar ierobe\u017eotu vietu.<\/li>\n<\/ul>\n<h2>Ra\u017eo\u0161anas iesp\u0113jas<\/h2>\n<p>M\u0113s specializ\u0113jamies augstas kvalit\u0101tes str\u0113les cilindru ra\u017eo\u0161an\u0101, kas var lieliski aizst\u0101t eso\u0161os hidrauliskos cilindrus. M\u016bsu produkti ir izstr\u0101d\u0101ti ar precizit\u0101ti un uzticam\u012bbu, nodro\u0161inot to atbilst\u012bbu nozares standartiem.<\/p>\n<p><img decoding=\"async\" src=\"https:\/\/www.hydraulic-cylinders.net\/wp-content\/uploads\/2025\/04\/songte-cylinder-head-with-all-kinds-excavator-models.webp\" alt=\"Str\u0113les cilindru mode\u013ci\"><\/p>\n<h2>Str\u0113les cilindra pielietojumi<\/h2>\n<h3>Celtniec\u012bbas apr\u012bkojums<\/h3>\n<p>B\u016bvniec\u012bbas nozar\u0113 str\u0113les cilindriem ir b\u016btiska loma ekskavatoros, kas ir nepiecie\u0161ami augsnes vai gru\u017eu rak\u0161anai, iekrau\u0161anai un transport\u0113\u0161anai. Str\u0113les cilindrs \u013cauj kausam efekt\u012bvi ierakties zem\u0113, \u013caujot ma\u0161\u012bnai viegli un efekt\u012bvi veikt da\u017e\u0101dus uzdevumus. Ekskavatoros-iekr\u0101v\u0113jos \u0161ie cilindri ne tikai pal\u012bdz rak\u0161anas darbos, bet ar\u012b cel\u0161anas oper\u0101cij\u0101s, padarot tos daudzpus\u012bgus da\u017e\u0101diem pielietojumiem.<\/p>\n<h3>Lauksaimniec\u012bbas tehnika<\/h3>\n<p>In agricultural settings, front-end loaders equipped with boom cylinders are utilized for scooping, lifting, and transporting soil, hay, and other materials. These cylinders enhance the loader&#8217;s capability to handle bulk materials efficiently, streamlining farming operations and increasing productivity.<\/p>\n<h3>Ekskavatori<\/h3>\n<p>Ekskavatoros str\u0113les cilindri atvieglo rak\u0161anas darb\u012bbu, \u013caujot kausam bez piep\u016bles iek\u013c\u016bt augsn\u0113. \u0160\u012b hidraulisk\u0101 sast\u0101vda\u013ca ir b\u016btiska, lai pan\u0101ktu dzi\u013cumu un precizit\u0101ti rak\u0161anas darbos, veicinot efekt\u012bvu vietas sagatavo\u0161anu un pamatu b\u016bv\u0113\u0161anu.<\/p>\n<h3>Iekr\u0101v\u0113ji<\/h3>\n<p>Front\u0101lajos iekr\u0101v\u0113jos str\u0113les cilindri \u013cauj efekt\u012bvi pacelt un izg\u0101zt materi\u0101lus. Tie nodro\u0161ina, ka iekr\u0101v\u0113js var apstr\u0101d\u0101t smagas kravas ar minim\u0101lu piep\u016bli, padarot tos neaizst\u0101jamus b\u016bvniec\u012bbas un materi\u0101lu apstr\u0101des oper\u0101cij\u0101s.<\/p>\n<h2>Dizaina apsv\u0113rumi un atlases krit\u0113riji<\/h2>\n<ul>\n<li><strong>Kravnes\u012bba:<\/strong> It is essential to evaluate the load capacity of the boom cylinder to ensure it can handle the intended tasks without failure. A cylinder&#8217;s load-bearing capacity is determined by its size, material, and design. Proper assessment guarantees optimal performance and safety during operation.<\/li>\n<li><strong>Bl\u012bv\u0113jums:<\/strong> Hidraulisk\u0101 cilindra bl\u012bv\u0113\u0161anas sist\u0113mai ir iz\u0161\u0137iro\u0161a noz\u012bme nopl\u016b\u017eu nov\u0113r\u0161an\u0101 un spiediena uztur\u0113\u0161an\u0101. Augstas kvalit\u0101tes bl\u012bv\u0113jumu izv\u0113le, kas izgatavoti no iztur\u012bgiem materi\u0101liem, piem\u0113ram, poliuret\u0101na vai nitrila gumijas, var uzlabot cilindra ilgm\u016b\u017e\u012bbu un uzticam\u012bbu. Turkl\u0101t cilindra korpusa un v\u012bt\u0146oto gala virsmu prec\u012bza apstr\u0101de samazina bl\u012bv\u0113jumu nodilumu.<\/li>\n<li><strong>Iztur\u012bba:<\/strong> A well-designed boom cylinder should withstand harsh conditions and repeated use. Factors like corrosion resistance and wear resistance should be prioritized in design to prolong the product&#8217;s lifespan. Utilizing high-strength materials and protective coatings contributes to overall durability.<\/li>\n<li><strong>Dro\u0161\u012bba:<\/strong> Hidraulisk\u0101s sist\u0113mas dro\u0161\u012bbas funkcijas ir \u0101rk\u0101rt\u012bgi svar\u012bgas. Ir \u013coti svar\u012bgi ieviest dro\u0161\u012bbas pas\u0101kumus, piem\u0113ram, spiediena samazin\u0101\u0161anas v\u0101rstus un pareizi projekt\u0113tas mont\u0101\u017eas sist\u0113mas, lai nov\u0113rstu negad\u012bjumus ekspluat\u0101cijas laik\u0101. Regul\u0101ras apkopes p\u0101rbaudes var ar\u012b uzlabot dro\u0161\u012bbas standartus.<\/li>\n<li><strong>Uzturam\u012bba:<\/strong> Viegla piek\u013cuve apkopei ir \u013coti svar\u012bga, lai nodro\u0161in\u0101tu optim\u0101lu hidraulisk\u0101s sist\u0113mas st\u0101vokli. Projekt\u0113\u0161anas apsv\u0113rumiem j\u0101veicina vienk\u0101r\u0161a p\u0101rbaude, e\u013c\u013co\u0161ana un deta\u013cu nomai\u0146a, samazinot d\u012bkst\u0101ves laiku un apkopes izmaksas.<\/li>\n<\/ul>\n<p><img decoding=\"async\" src=\"https:\/\/www.hydraulic-cylinders.net\/wp-content\/uploads\/2025\/04\/songte-oil-pipes-and-spare-parts.webp\" alt=\"Hidraulisk\u0101s da\u013cas\"><\/p>\n<h2>Hidraulisk\u0101 cilindra bl\u012bv\u0113\u0161ana un e\u013c\u013co\u0161ana<\/h2>\n<p>Hidraulisk\u0101 cilindra efektivit\u0101ti b\u016btiski ietekm\u0113 t\u0101 bl\u012bv\u0113\u0161anas un e\u013c\u013co\u0161anas sist\u0113mas. Da\u017e\u0101di bl\u012bv\u0113\u0161anas komponenti, piem\u0113ram, virzu\u013ca bl\u012bv\u0113jumi un stie\u0146a bl\u012bv\u0113jumi, darbojas kop\u0101, lai uztur\u0113tu sist\u0113mas integrit\u0101ti. Bl\u012bv\u0113jumi, kas izgatavoti no nodilumiztur\u012bgiem materi\u0101liem, piem\u0113ram, poliuret\u0101na un nitrila gumijas, nodro\u0161ina iztur\u012bbu zem spiediena.<\/p>\n<p>Turkl\u0101t cilindra korpusam un v\u012bt\u0146otajiem galiem ir nepiecie\u0161ama r\u016bp\u012bga virsmas apstr\u0101de, lai uzlabotu nodilumiztur\u012bbu. Regul\u0101ra e\u013c\u013co\u0161ana ar hidraulisko e\u013c\u013cu ir b\u016btiska, lai nodro\u0161in\u0101tu vienm\u0113r\u012bgu darb\u012bbu un nov\u0113rstu boj\u0101jumus. Pareiza e\u013c\u013cas l\u012bme\u0146a uztur\u0113\u0161ana un regul\u0101ra e\u013c\u013cas nomai\u0146a var iev\u0113rojami pagarin\u0101t hidraulisk\u0101 cilindra kalpo\u0161anas laiku.<\/p>\n<h2>Regul\u0101ras p\u0101rbaudes un profilaktisk\u0101s apkopes pas\u0101kumi<\/h2>\n<ul>\n<li><strong>Regul\u0101ras p\u0101rbaudes:<\/strong> Regul\u0101ru p\u0101rbau\u017eu veik\u0161ana ir \u013coti svar\u012bga, lai identific\u0113tu iesp\u0113jam\u0101s probl\u0113mas, pirms t\u0101s saasin\u0101s. P\u0101rbaudiet nopl\u016bdes, neparastu nodilumu un kop\u0113jo cilindru darb\u012bbu. Probl\u0113mu agr\u012bna atkl\u0101\u0161ana var nov\u0113rst d\u0101rgus remontdarbus un d\u012bkst\u0101ves.<\/li>\n<li><strong>Pareiza e\u013c\u013co\u0161ana:<\/strong> Nodro\u0161inot, ka hidrauliskais cilindrs ir pien\u0101c\u012bgi iee\u013c\u013cots, tiks uzlabota t\u0101 darb\u012bba. Regul\u0101ri p\u0101rbaudiet e\u013c\u013cas l\u012bmeni un p\u0113c nepiecie\u0161am\u012bbas uzkl\u0101jiet atbilsto\u0161u hidraulisko \u0161\u0137idrumu, lai uztur\u0113tu optim\u0101lu funkcionalit\u0101ti un nov\u0113rstu p\u0101rkar\u0161anu.<\/li>\n<li><strong>Bl\u012bv\u0113juma nomai\u0146a:<\/strong> Hidraulisko cilindru bl\u012bves laika gait\u0101 nolietojas past\u0101v\u012bga spiediena un kust\u012bbas d\u0113\u013c. Regul\u0101ra bl\u012bvju nomai\u0146a var nov\u0113rst nopl\u016bdes un uztur\u0113t spiedienu sist\u0113m\u0101, nodro\u0161inot efekt\u012bvu darb\u012bbu.<\/li>\n<\/ul>\n<h2>Pareizas uzst\u0101d\u012b\u0161anas vadl\u012bnijas<\/h2>\n<p>Lai nodro\u0161in\u0101tu optim\u0101lu str\u0113les cilindra veiktsp\u0113ju, ir svar\u012bgi to pareizi uzst\u0101d\u012bt. S\u0101ciet ar cilindra pareizu izl\u012bdzin\u0101\u0161anu ar pielietojumu, lai nov\u0113rstu p\u0101rm\u0113r\u012bgu spriegumu un nepareizu izl\u012bdzin\u0101\u0161anu. Izmantojiet piem\u0113rotus mont\u0101\u017eas kron\u0161teinus, lai nostiprin\u0101tu cilindru viet\u0101, p\u0101rliecinoties, ka tas ir stingri piestiprin\u0101ts un darb\u012bbas laik\u0101 nep\u0101rvietosies.<\/p>\n<p>Pievilk\u0161anas laik\u0101 iev\u0113rojiet ra\u017eot\u0101ja nor\u0101d\u012bjumus par griezes momenta specifik\u0101cij\u0101m, lai izvair\u012btos no boj\u0101jumiem. P\u0113c uzst\u0101d\u012b\u0161anas veiciet r\u016bp\u012bgu p\u0101rbaudi, lai p\u0101rliecin\u0101tos, ka visi savienojumi ir dro\u0161i un nav nopl\u016b\u017eu. S\u0101kotn\u0113j\u0101s darb\u012bbas laik\u0101 r\u016bp\u012bgi uzraugiet cilindru, vai nav nek\u0101du neatbilst\u012bbu, un veiciet nepiecie\u0161am\u0101s korekcijas, lai nodro\u0161in\u0101tu vienm\u0113r\u012bgu darb\u012bbu.<\/p>\n<h2>Bie\u017ei sastopamie apkopes uzdevumi<\/h2>\n<ul>\n<li><strong>Regul\u0101ras p\u0101rbaudes:<\/strong> Conduct frequent checks to ensure the hydraulic system is functioning correctly. Look for any signs of wear or damage that could lead to failure. Proper inspection helps maintain the cylinder&#8217;s efficiency and prolongs its lifespan.<\/li>\n<li><strong>Piem\u0113rota e\u013c\u013co\u0161ana:<\/strong> P\u0101rliecinieties, ka hidraulisk\u0101s e\u013c\u013cas l\u012bmenis ir optim\u0101ls, un periodiski nomainiet to. Atbilsto\u0161a e\u013c\u013co\u0161ana ir \u013coti svar\u012bga, lai samazin\u0101tu berzi un nodilumu starp kust\u012bgaj\u0101m da\u013c\u0101m, uzlabojot hidraulisk\u0101s sist\u0113mas darb\u012bbu kopum\u0101.<\/li>\n<li><strong>Bl\u012bv\u0113juma nomai\u0146a:<\/strong> Regul\u0101ri p\u0101rbaudiet bl\u012bves, vai t\u0101s nav nodilu\u0161as, un nomainiet t\u0101s p\u0113c nepiecie\u0161am\u012bbas. Efekt\u012bva bl\u012bv\u0113\u0161ana ir \u013coti svar\u012bga spiediena uztur\u0113\u0161anai un nopl\u016b\u017eu nov\u0113r\u0161anai, kas var pasliktin\u0101t sist\u0113mas darb\u012bbu.<\/li>\n<\/ul>\n<p>Correct installation and alignment of the cylinder are vital to prevent any operational issues. Utilize appropriate mounting brackets to stabilize the cylinder, and adhere to manufacturer&#8217;s guidelines for installation procedures to ensure reliability and efficiency.<\/p>\n<p><img decoding=\"async\" src=\"https:\/\/www.hydraulic-cylinders.net\/wp-content\/uploads\/2025\/04\/songte-chushion-collar.webp\" alt=\"Spilvenu apkakle\"><\/p>\n<h2>Dro\u0161\u012bbas apsv\u0113rumi un vides faktori<\/h2>\n<p>Darbinot hidraulisk\u0101s sist\u0113mas, dro\u0161\u012bbas pas\u0101kumu ievie\u0161ana ir \u0101rk\u0101rt\u012bgi svar\u012bga. Operatoriem vienm\u0113r j\u0101valk\u0101 atbilsto\u0161s aizsargapr\u012bkojums un j\u0101iev\u0113ro dro\u0161\u012bbas protokoli, lai samazin\u0101tu ar hidraulisk\u0101 spiediena atteic\u0113m saist\u012btos riskus. Regul\u0101ra apkope un p\u0101rbaudes ir \u013coti svar\u012bgas, lai nodro\u0161in\u0101tu, ka dro\u0161\u012bbas sist\u0113mas, piem\u0113ram, spiediena samazin\u0101\u0161anas v\u0101rsti, darbojas pareizi un nov\u0113r\u0161 negad\u012bjumus.<\/p>\n<h2>K\u013c\u016bmju diagnostika un bie\u017e\u0101k sastopam\u0101s probl\u0113mas<\/h2>\n<ul>\n<li><strong>Hidraulisk\u0101s nopl\u016bdes:<\/strong> Viena no visbie\u017e\u0101k sastopamaj\u0101m probl\u0113m\u0101m ir hidraulisk\u0101 \u0161\u0137idruma nopl\u016bdes, ko var izrais\u012bt nodilu\u0161as bl\u012bves vai boj\u0101tas \u0161\u013c\u016btenes. Nopl\u016bdes avota identific\u0113\u0161ana ir b\u016btiska, lai nov\u0113rstu spiediena zudumu un saglab\u0101tu funkcionalit\u0101ti.<\/li>\n<li><strong>Samazin\u0101ta veiktsp\u0113ja:<\/strong> Ja str\u0113les cilindrs nedarbojas, k\u0101 paredz\u0113ts, tas var liecin\u0101t par zemu hidraulisk\u0101 \u0161\u0137idruma l\u012bmeni vai iek\u0161\u0113jiem boj\u0101jumiem. \u0160\u012bs probl\u0113mas savlaic\u012bga diagnostic\u0113\u0161ana var nov\u0113rst turpm\u0101kas komplik\u0101cijas.<\/li>\n<li><strong>Neparastas ska\u0146as:<\/strong> D\u012bvainas ska\u0146as darb\u012bbas laik\u0101, piem\u0113ram, berz\u0113\u0161an\u0101s vai klauv\u0113\u0161ana, var liecin\u0101t par deta\u013cu nodilumu vai nepareizu izl\u012bdzin\u0101jumu. \u0160o trok\u0161\u0146u \u0101tra nov\u0113r\u0161ana var nov\u0113rst katastrof\u0101las k\u013c\u016bmes.<\/li>\n<\/ul>\n<p>Lai pal\u012bdz\u0113tu efekt\u012bvi diagnostic\u0113t k\u013c\u016bmes, operatoriem j\u0101iepaz\u012bstas ar bie\u017ei sastopamo probl\u0113mu simptomiem un j\u0101veic prevent\u012bvi pas\u0101kumi to nov\u0113r\u0161anai. Regul\u0101ra apkope un p\u0101rbaudes var iev\u0113rojami samazin\u0101t \u0161o probl\u0113mu ra\u0161an\u0101s iesp\u0113jam\u012bbu.<\/p>\n<p><img decoding=\"async\" src=\"https:\/\/www.hydraulic-cylinders.net\/wp-content\/uploads\/2025\/04\/songte-bushings-with-all-kinds-of-excavator-models.webp\" alt=\"Bukses mode\u013ci\"><\/p>\n<h2>Par m\u016bsu uz\u0146\u0113mumu<\/h2>\n<p>M\u0113s esam vado\u0161ais hidraulisko cilindru ra\u017eot\u0101js, kas pied\u0101v\u0101 pla\u0161u produktu kl\u0101stu gan viet\u0113jiem, gan starptautiskajiem tirgiem. M\u016bsu ap\u0146em\u0161an\u0101s sasniegt izcil\u012bbu nodro\u0161ina augstus ra\u017eo\u0161anas standartus, izmantojot pilnveidotas vad\u012bbas strat\u0113\u0123ijas m\u016bsu ra\u017eo\u0161anas darbn\u012bc\u0101s. M\u016bsu uz\u0146\u0113mums iegulda tehniskajos talantos, modern\u0101s digit\u0101l\u0101s ra\u017eo\u0161anas iek\u0101rt\u0101s un profesion\u0101l\u0101s test\u0113\u0161anas sist\u0113m\u0101s, lai nep\u0101rtraukti uzlabotu m\u016bsu ra\u017eo\u0161anas iesp\u0113jas.<\/p>\n<p>Koncentr\u0113joties uz augstu efektivit\u0101ti, precizit\u0101ti un kvalit\u0101ti, m\u0113s cen\u0161amies apmierin\u0101t m\u016bsu klientu da\u017e\u0101d\u0101s vajadz\u012bbas. M\u016bsu starptautisk\u0101s sertifik\u0101cijas un piel\u0101gotie pakalpojumi nodro\u0161ina, ka m\u0113s pied\u0101v\u0101jam piel\u0101gotus risin\u0101jumus da\u017e\u0101diem pielietojumiem. M\u016bsu modern\u0101k\u0101s ra\u017eo\u0161anas iek\u0101rtas un specializ\u0113tais p\u0113cp\u0101rdo\u0161anas serviss m\u016bs at\u0161\u0137ir hidraulisko cilindru nozar\u0113.<\/p>\n<p><img decoding=\"async\" src=\"https:\/\/www.hydraulic-cylinders.net\/wp-content\/uploads\/2025\/04\/songte-company-4.webp\" alt=\"Uz\u0146\u0113muma att\u0113ls 1\"><br \/>\n<img decoding=\"async\" src=\"https:\/\/www.hydraulic-cylinders.net\/wp-content\/uploads\/2025\/04\/songte-company-3.webp\" alt=\"Uz\u0146\u0113muma att\u0113ls 2\"><\/p>\n<p>Autors: lil<\/p>","protected":false},"excerpt":{"rendered":"<p>Boom Cylinder For Volwa Cane Unloader DLS118-9A Overview of Boom Cylinder The Boom Cylinder is a crucial component in hydraulic systems, specifically designed to control the movement of heavy machinery&#8217;s buckets, such as those found in excavators, backhoe loaders, and front-end loaders. This hydraulic cylinder enables the bucket to lift, lower, and tilt, facilitating efficient [&hellip;]<\/p>","protected":false},"featured_media":17873,"comment_status":"open","ping_status":"closed","template":"","meta":{"_et_pb_use_builder":"","_et_pb_old_content":"","_et_gb_content_width":""},"product_brand":[],"product_cat":[1546],"product_tag":[1547,1496],"class_list":{"0":"post-19625","1":"product","2":"type-product","3":"status-publish","4":"has-post-thumbnail","6":"product_cat-boom-cylinders","7":"product_tag-boom-cylinders","8":"product_tag-hydraulic-cylinders","10":"first","11":"instock","12":"shipping-taxable","13":"product-type-simple"},"amp_enabled":true,"_links":{"self":[{"href":"https:\/\/www.hydraulic-cylinders.net\/lv\/wp-json\/wp\/v2\/product\/19625","targetHints":{"allow":["GET"]}}],"collection":[{"href":"https:\/\/www.hydraulic-cylinders.net\/lv\/wp-json\/wp\/v2\/product"}],"about":[{"href":"https:\/\/www.hydraulic-cylinders.net\/lv\/wp-json\/wp\/v2\/types\/product"}],"replies":[{"embeddable":true,"href":"https:\/\/www.hydraulic-cylinders.net\/lv\/wp-json\/wp\/v2\/comments?post=19625"}],"wp:featuredmedia":[{"embeddable":true,"href":"https:\/\/www.hydraulic-cylinders.net\/lv\/wp-json\/wp\/v2\/media\/17873"}],"wp:attachment":[{"href":"https:\/\/www.hydraulic-cylinders.net\/lv\/wp-json\/wp\/v2\/media?parent=19625"}],"wp:term":[{"taxonomy":"product_brand","embeddable":true,"href":"https:\/\/www.hydraulic-cylinders.net\/lv\/wp-json\/wp\/v2\/product_brand?post=19625"},{"taxonomy":"product_cat","embeddable":true,"href":"https:\/\/www.hydraulic-cylinders.net\/lv\/wp-json\/wp\/v2\/product_cat?post=19625"},{"taxonomy":"product_tag","embeddable":true,"href":"https:\/\/www.hydraulic-cylinders.net\/lv\/wp-json\/wp\/v2\/product_tag?post=19625"}],"curies":[{"name":"wp","href":"https:\/\/api.w.org\/{rel}","templated":true}]}}