{"id":19627,"date":"2025-04-07T06:58:16","date_gmt":"2025-04-07T06:58:16","guid":{"rendered":"https:\/\/www.hydraulic-cylinders.net\/product\/boom-cylinder-for-volwa-cane-unloader-dls818-9a\/"},"modified":"2025-04-07T06:58:19","modified_gmt":"2025-04-07T06:58:19","slug":"boom-cylinder-for-volwa-cane-unloader-dls818-9a","status":"publish","type":"product","link":"https:\/\/www.hydraulic-cylinders.net\/lv\/products\/boom-cylinder-for-volwa-cane-unloader-dls818-9a\/","title":{"rendered":"Volwa niedru izkrau\u0161anas iek\u0101rtas DLS818-9A str\u0113les cilindrs"},"content":{"rendered":"<h1>Volwa niedru izkrau\u0161anas iek\u0101rtas DLS818-9A str\u0113les cilindrs<\/h1>\n<h2>Produkta p\u0101rskats<\/h2>\n<p>Volwa Cane Unloader DLS818-9A str\u0113les cilindrs ir b\u016btiska hidraulisko sist\u0113mu sast\u0101vda\u013ca, kas \u012bpa\u0161i paredz\u0113ta kausu kust\u012bbas vad\u012bbai da\u017e\u0101d\u0101s smagaj\u0101s ma\u0161\u012bn\u0101s, piem\u0113ram, ekskavatoros, ekskavatoros-iekr\u0101v\u0113jos un front\u0101lajos iekr\u0101v\u0113jos. \u0160is hidrauliskais cilindrs \u013cauj kausam pacelt, nolaist un noliekt, t\u0101d\u0113j\u0101di atvieglojot efekt\u012bvus materi\u0101lu apstr\u0101des uzdevumus. K\u0101 hidraulisk\u0101 piedzi\u0146as veids tas p\u0101rveido hidraulisko ener\u0123iju meh\u0101nisk\u0101 sp\u0113k\u0101, \u013caujot operatoriem veikt uzdevumus prec\u012bzi un ar jaudu.<\/p>\n<p><img decoding=\"async\" src=\"https:\/\/www.hydraulic-cylinders.net\/wp-content\/uploads\/2025\/04\/songte-company-1.webp\" alt=\"Hidrauliskais cilindrs\" \/><\/p>\n<h3>Defin\u012bcija un funkcija<\/h3>\n<p>Str\u0113les cilindri ir b\u016btiski smago ma\u0161\u012bnu ekspluat\u0101cij\u0101, kur tie kontrol\u0113 kausa kust\u012bbu. \u0160im hidrauliskajam cilindram ir b\u016btiska loma materi\u0101lu rak\u0161an\u0101, cel\u0161an\u0101 un transport\u0113\u0161an\u0101. Izmantojot hidraulisko \u0161\u0137idrumu zem spiediena, str\u0113les cilindri nodro\u0161ina nepiecie\u0161amo sp\u0113ku da\u017e\u0101du darb\u012bbu veik\u0161anai, nodro\u0161inot, ka uzdevumus var veikt efekt\u012bvi un dro\u0161i.<\/p>\n<h2>Str\u0113les cilindra \u012bpa\u0161\u012bbas<\/h2>\n<ul>\n<li><strong>Augsta iztur\u012bba un ilgm\u016b\u017e\u012bba:<\/strong> \u0160ie cilindri ir izgatavoti no augstas stipr\u012bbas t\u0113rauda vai alum\u012bnija un var iztur\u0113t augstu spiedienu un lielas slodzes, padarot tos piem\u0113rotus skarbiem darba apst\u0101k\u013ciem. To konstrukcij\u0101 uzsv\u0113rta nodilumiztur\u012bba un aizsardz\u012bba pret koroziju, pagarinot to kalpo\u0161anas laiku.<\/li>\n<li><strong>Efekt\u012bva hidraulisk\u0101 darb\u012bba:<\/strong> Str\u0113les cilindrs nodro\u0161ina vienm\u0113r\u012bgu izstiep\u0161anu un ievilk\u0161anu, pateicoties hidraulisk\u0101s e\u013c\u013cas spiedienam, t\u0101d\u0113j\u0101di \u0101tri rea\u0123\u0113jot uz operatora komand\u0101m un nodro\u0161inot iev\u0113rojamu stum\u0161anas un vilk\u0161anas sp\u0113ku smagiem darbiem.<\/li>\n<li><strong>Da\u017e\u0101di veidi:<\/strong> \u0160ie cilindri, kas pieejami vienvirziena (darbojas vien\u0101 virzien\u0101) vai divk\u0101r\u0161as darb\u012bbas (darbojas abos virzienos) konfigur\u0101cij\u0101s, var apmierin\u0101t da\u017e\u0101das ekspluat\u0101cijas vajadz\u012bbas. Da\u017ei mode\u013ci ir teleskopiski, kas \u013cauj tos pagarin\u0101t, nepalielinot \u0101r\u0113jos izm\u0113rus, kas ir ide\u0101li piem\u0113roti \u0161aur\u0101m telp\u0101m.<\/li>\n<li><strong>Piel\u0101gota ra\u017eo\u0161ana:<\/strong> M\u016bsu uz\u0146\u0113mums specializ\u0113jas \u0161o cilindru ra\u017eo\u0161an\u0101, pied\u0101v\u0101jot perfektas eso\u0161o hidraulisko cilindru aizvieto\u0161anas iesp\u0113jas ar garant\u0113tu sader\u012bbu un veiktsp\u0113ju.<\/li>\n<\/ul>\n<p><img decoding=\"async\" src=\"https:\/\/www.hydraulic-cylinders.net\/wp-content\/uploads\/2025\/04\/songte-cylinder-head-with-all-kinds-excavator-models.webp\" alt=\"Cilindra galva\" \/><\/p>\n<h2>Pieteikumi<\/h2>\n<h3>Celtniec\u012bbas apr\u012bkojums<\/h3>\n<p>Ekskavatoros str\u0113les cilindri ir kritiski svar\u012bgi augsnes vai gru\u017eu rak\u0161anai, iekrau\u0161anai un p\u0101rvieto\u0161anai. Tie \u013cauj operatoriem veikt uzdevumus prec\u012bzi, palielinot produktivit\u0101ti b\u016bvlaukumos. Ekskavatoros-iekr\u0101v\u0113jos tie pal\u012bdz gan rak\u0161anas, gan cel\u0161anas oper\u0101cij\u0101s, padarot tos par daudzpus\u012bg\u0101m ma\u0161\u012bn\u0101m, kas ir b\u016btiskas da\u017e\u0101du uzdevumu veik\u0161anai.<\/p>\n<h3>Lauksaimniec\u012bbas tehnika<\/h3>\n<p>Front\u0101lajos iekr\u0101v\u0113jos str\u0113les cilindri tiek izmantoti augsnes, siena un citu materi\u0101lu sav\u0101k\u0161anai, cel\u0161anai un transport\u0113\u0161anai. To sp\u0113ja efekt\u012bvi apstr\u0101d\u0101t smagas kravas padara tos neaizst\u0101jamus lauksaimniec\u012bbas darbos, pal\u012bdzot lauksaimniekiem ikdienas darbos.<\/p>\n<h3>Ekskavatori<\/h3>\n<p>Ekskavatoros str\u0113les cilindrs \u013cauj kausam iek\u013c\u016bt zem\u0113, atvieglojot rak\u0161anas darbus. T\u0101 konstrukcija nodro\u0161ina prec\u012bzu vad\u012bbu, kas ir b\u016btiski uzdevumiem, kuriem nepiecie\u0161ama r\u016bp\u012bga rak\u0161ana, neboj\u0101jot apk\u0101rt\u0113j\u0101s teritorijas.<\/p>\n<h3>Iekr\u0101v\u0113ji<\/h3>\n<p>Front\u0101lajos iekr\u0101v\u0113jos str\u0113les cilindri pal\u012bdz efekt\u012bvi pacelt un izg\u0101zt materi\u0101lus. To iztur\u012bg\u0101 konstrukcija nodro\u0161ina, ka tie var iztur\u0113t smagu kravu svaru, padarot tos par vit\u0101li svar\u012bgiem b\u016bvniec\u012bbas un ainavu veido\u0161anas projektos.<\/p>\n<h2>Dizaina apsv\u0113rumi<\/h2>\n<h3>Kravnes\u012bba<\/h3>\n<p>Str\u0113les cilindra kravnes\u012bba ir \u0101rk\u0101rt\u012bgi svar\u012bga. T\u0101 nosaka maksim\u0101lo svaru, ko cilindrs var dro\u0161i pacelt un manipul\u0113t. Ra\u017eot\u0101jiem ir j\u0101nodro\u0161ina, ka cilindra materi\u0101li un konstrukcija var iztur\u0113t ekspluat\u0101cijas laik\u0101 radu\u0161\u0101s slodzes. Nepiecie\u0161am\u0101s kravnes\u012bbas apr\u0113\u0137in\u0101\u0161ana, pamatojoties uz tehnikas specifik\u0101cij\u0101m, pal\u012bdz izv\u0113l\u0113ties pareizo cilindru.<\/p>\n<h3>Bl\u012bv\u0113\u0161ana<\/h3>\n<p>Bl\u012bv\u0113jums ir \u013coti svar\u012bgs, lai uztur\u0113tu hidraulisko spiedienu un nov\u0113rstu \u0161\u0137idruma nopl\u016bdi. Augstas kvalit\u0101tes bl\u012bves un bl\u012bves, kas izgatavotas no iztur\u012bgiem materi\u0101liem, piem\u0113ram, poliuret\u0101na un nitrila gumijas, ir b\u016btiskas, lai uzlabotu cilindra ilgm\u016b\u017e\u012bbu. Regul\u0101ra bl\u012bvju p\u0101rbaude un apkope var nov\u0113rst d\u0101rgus remontdarbus un d\u012bkst\u0101ves.<\/p>\n<h3>Iztur\u012bba<\/h3>\n<p>Iztur\u012bba ir galvenais faktors str\u0113les cilindra izv\u0113l\u0113. Izmantotajiem materi\u0101liem, kas paredz\u0113ti iztur\u0113t skarbus apst\u0101k\u013cus, j\u0101b\u016bt iztur\u012bgiem pret nodilumu un koroziju. Ra\u017eo\u0161anas procesam, tostarp virsmas apstr\u0101dei, ir b\u016btiska loma cilindra kalpo\u0161anas laik\u0101, nodro\u0161inot t\u0101 efekt\u012bvu darb\u012bbu sare\u017e\u0123\u012btos apst\u0101k\u013cos.<\/p>\n<h3>Dro\u0161\u012bba<\/h3>\n<p>Dro\u0161\u012bba ir \u0101rk\u0101rt\u012bgi svar\u012bga, str\u0101d\u0101jot ar hidrauliskaj\u0101m sist\u0113m\u0101m. Str\u0113les cilindriem j\u0101b\u016bt konstru\u0113tiem ar ieb\u016bv\u0113t\u0101m dro\u0161\u012bbas funkcij\u0101m, lai nov\u0113rstu negad\u012bjumus. Tas ietver spiediena samazin\u0101\u0161anas v\u0101rstus un dro\u0161\u012bbas ier\u012bces, kas nov\u0113r\u0161 katastrof\u0101las k\u013c\u016bmes darb\u012bbas laik\u0101.<\/p>\n<h3>Apkope<\/h3>\n<p>Vienk\u0101r\u0161a apkope ir b\u016btisks dizaina apsv\u0113rums. Labi izstr\u0101d\u0101ts str\u0113les cilindrs nodro\u0161ina \u0113rtu piek\u013cuvi komponentiem regul\u0101ru p\u0101rbau\u017eu un remonta veik\u0161anai. Apkopes procesa vienk\u0101r\u0161o\u0161ana var pal\u012bdz\u0113t samazin\u0101t d\u012bkst\u0101ves laiku un palielin\u0101t darb\u012bbas efektivit\u0101ti.<\/p>\n<p><img decoding=\"async\" src=\"https:\/\/www.hydraulic-cylinders.net\/wp-content\/uploads\/2025\/04\/songte-oil-pipes-and-spare-parts.webp\" alt=\"E\u013c\u013cas caurules un rezerves da\u013cas\" \/><\/p>\n<h2>Bl\u012bv\u0113\u0161ana un e\u013c\u013co\u0161ana<\/h2>\n<p>Pareiza bl\u012bv\u0113\u0161ana un e\u013c\u013co\u0161ana ir kritiski svar\u012bga str\u0113les cilindru darb\u012bbai. Hidraulisk\u0101s integrit\u0101tes uztur\u0113\u0161anai tiek izmantoti da\u017e\u0101di bl\u012bv\u0113\u0161anas elementi, piem\u0113ram, virzu\u013ca bl\u012bves un stie\u0146a bl\u012bves. Bl\u012bves, kas izgatavotas no nodilumiztur\u012bgiem materi\u0101liem, piem\u0113ram, poliuret\u0101na un nitrila gumijas, parasti tiek izv\u0113l\u0113tas to iztur\u012bbas d\u0113\u013c.<\/p>\n<p>Cilindra korpuss un v\u012bt\u0146ot\u0101s gala virsmas tiek r\u016bp\u012bgi apstr\u0101d\u0101tas, lai uzlabotu nodilumiztur\u012bbu, nodro\u0161inot \u0161o deta\u013cu ilgm\u016b\u017e\u012bbu. Regul\u0101ra e\u013c\u013co\u0161ana ar hidraulisko e\u013c\u013cu ir b\u016btiska, jo t\u0101 samazina berzi un nodilumu, pagarinot cilindra kalpo\u0161anas laiku un saglab\u0101jot t\u0101 darb\u012bbas efektivit\u0101ti.<\/p>\n<h2>Regul\u0101ras p\u0101rbaudes un profilaktisk\u0101 apkope<\/h2>\n<ul>\n<li><strong>Regul\u0101ras p\u0101rbaudes:<\/strong> Lai noteiktu jebk\u0101das nodiluma vai boj\u0101jumu paz\u012bmes, ir nepiecie\u0161amas regul\u0101ras str\u0113les cilindra vizu\u0101las un meh\u0101niskas p\u0101rbaudes. Operatoriem darb\u012bbas laik\u0101 j\u0101mekl\u0113 nopl\u016bdes, korozija un jebk\u0101di neparasti trok\u0161\u0146i.<\/li>\n<li><strong>E\u013c\u013co\u0161ana:<\/strong> P\u0101rliecinieties, vai cilindrs ir pien\u0101c\u012bgi iee\u013c\u013cots ar atbilsto\u0161u hidraulisko e\u013c\u013cu. E\u013c\u013co\u0161anas tr\u016bkums var izrais\u012bt palielin\u0101tu nodilumu un samazin\u0101tu efektivit\u0101ti.<\/li>\n<li><strong>Bl\u012bv\u0113juma nomai\u0146a:<\/strong> Laika gait\u0101 bl\u012bves var nolietoties un t\u0101s var b\u016bt j\u0101nomaina. Regul\u0101ras p\u0101rbaudes var pal\u012bdz\u0113t noteikt, kad bl\u012bves ir j\u0101nomaina, lai nov\u0113rstu nopl\u016bdes un hidraulisk\u0101 spiediena zudumu.<\/li>\n<\/ul>\n<h2>Uzst\u0101d\u012b\u0161anas vadl\u012bnijas<\/h2>\n<p>Pareiza str\u0113les cilindra uzst\u0101d\u012b\u0161ana ir b\u016btiska optim\u0101lai veiktsp\u0113jai. \u0160eit ir da\u017ei nor\u0101d\u012bjumi, kas j\u0101iev\u0113ro:<\/p>\n<ul>\n<li><strong>Izl\u012bdzin\u0101\u0161ana:<\/strong> Uzst\u0101d\u012b\u0161anas laik\u0101 p\u0101rliecinieties, vai cilindrs ir pareizi izl\u012bdzin\u0101ts. Nepareiza izl\u012bdzin\u0101\u0161ana var izrais\u012bt nevienm\u0113r\u012bgu nodilumu un samazin\u0101tu efektivit\u0101ti.<\/li>\n<li><strong>Izmantojiet atbilsto\u0161us mont\u0101\u017eas kron\u0161teinus:<\/strong> Izmantojiet piem\u0113rotus mont\u0101\u017eas kron\u0161teinus, lai dro\u0161i piestiprin\u0101tu cilindru, nodro\u0161inot t\u0101 stabilit\u0101ti darb\u012bbas laik\u0101.<\/li>\n<li><strong>Hidrauliskie savienojumi:<\/strong> Dro\u0161i pievienojiet hidraulisk\u0101s l\u012bnijas, p\u0101rbaudot, vai nav nopl\u016b\u017eu. Pareizi savienojumi ir \u013coti svar\u012bgi hidraulisk\u0101 spiediena uztur\u0113\u0161anai.<\/li>\n<li><strong>Test\u0113\u0161ana:<\/strong> P\u0113c uzst\u0101d\u012b\u0161anas p\u0101rbaudiet cilindru kontrol\u0113tos apst\u0101k\u013cos, lai p\u0101rliecin\u0101tos, ka tas darbojas nevainojami un bez nopl\u016bd\u0113m.<\/li>\n<li><strong>Iev\u0113rojiet ra\u017eot\u0101ja nor\u0101d\u012bjumus:<\/strong> Vienm\u0113r skatiet ra\u017eot\u0101ja uzst\u0101d\u012b\u0161anas rokasgr\u0101matu, lai ieg\u016btu konkr\u0113tus nor\u0101d\u012bjumus un ieteikumus.<\/li>\n<\/ul>\n<p><img decoding=\"async\" src=\"https:\/\/www.hydraulic-cylinders.net\/wp-content\/uploads\/2025\/04\/songte-chushion-collar.webp\" alt=\"Spilvenu apkakle\" \/><\/p>\n<h2>Dro\u0161\u012bbas apsv\u0113rumi un vides faktori<\/h2>\n<p>Dro\u0161\u012bbas pas\u0101kumi ir \u013coti svar\u012bgi, izmantojot str\u0113les cilindrus darb\u012bb\u0101s. Operatoriem j\u0101b\u016bt apm\u0101c\u012btiem iev\u0113rot dro\u0161\u012bbas protokolus, lai nov\u0113rstu negad\u012bjumus. Lai nodro\u0161in\u0101tu dro\u0161u darba vidi, j\u0101uztur atbilsto\u0161a aizsardz\u012bba, signaliz\u0101cija un sazi\u0146a. Turkl\u0101t, lai samazin\u0101tu ietekmi uz vidi, ir svar\u012bgi \u0146emt v\u0113r\u0101 t\u0101dus vides faktorus k\u0101 \u0161\u0137idrumu nopl\u016bdes un hidraulisk\u0101s e\u013c\u013cas utiliz\u0101cija.<\/p>\n<h2>K\u013c\u016bmju diagnostika un bie\u017e\u0101k sastopam\u0101s probl\u0113mas<\/h2>\n<ul>\n<li><strong>Nopl\u016bde:<\/strong> \u0160\u0137idruma nopl\u016bde no cilindra ir izplat\u012bta probl\u0113ma, ko var izrais\u012bt nolietoti bl\u012bv\u0113jumi vai nepareiza uzst\u0101d\u012b\u0161ana. Lai savlaic\u012bgi veiktu remontu, ir svar\u012bgi noteikt nopl\u016bdes avotu.<\/li>\n<li><strong>Nerea\u0123\u0113jo\u0161a darb\u012bba:<\/strong> Ja str\u0113les cilindrs nerea\u0123\u0113 uz komand\u0101m, tas var nor\u0101d\u012bt uz hidraulisk\u0101 spiediena probl\u0113mu vai vad\u012bbas sist\u0113mas darb\u012bbas trauc\u0113jumiem. Ieteicams p\u0101rbaud\u012bt hidraulisk\u0101 \u0161\u0137idruma l\u012bmeni un vad\u012bbas v\u0101rsta darb\u012bbu.<\/li>\n<li><strong>P\u0101rkar\u0161ana:<\/strong> P\u0101rkar\u0161ana var rasties p\u0101rm\u0113r\u012bgas slodzes vai nepietiekamas e\u013c\u013co\u0161anas d\u0113\u013c. Darba temperat\u016bras uzraudz\u012bba un pareizas e\u013c\u013co\u0161anas nodro\u0161in\u0101\u0161ana var nov\u0113rst \u0161o probl\u0113mu.<\/li>\n<\/ul>\n<h2>Probl\u0113mu nov\u0113r\u0161anas padomi<\/h2>\n<p>Lai efekt\u012bvi diagnostic\u0113tu un nov\u0113rstu probl\u0113mas ar str\u0113les cilindru, \u0146emiet v\u0113r\u0101 \u0161os padomus:<\/p>\n<ul>\n<li>Regul\u0101ri p\u0101rbaudiet, vai nav nodiluma vai boj\u0101jumu paz\u012bmju, un nekav\u0113joties veiciet apkopi, lai nov\u0113rstu nelielu probl\u0113mu saasin\u0101\u0161anos.<\/li>\n<li>Uztur\u0113t atbilsto\u0161u hidraulisk\u0101 \u0161\u0137idruma l\u012bmeni un nodro\u0161in\u0101t, ka \u0161\u0137idrums ir t\u012brs un piem\u0113rots lieto\u0161anai sist\u0113m\u0101.<\/li>\n<li>Lai samazin\u0101tu k\u013c\u016bmju iesp\u0113jam\u012bbu, \u012bstenojiet prevent\u012bvus pas\u0101kumus, piem\u0113ram, regul\u0101ras p\u0101rbaudes un savlaic\u012bgu bl\u012bv\u0113jumu un deta\u013cu nomai\u0146u.<\/li>\n<\/ul>\n<p><img decoding=\"async\" src=\"https:\/\/www.hydraulic-cylinders.net\/wp-content\/uploads\/2025\/04\/songte-bushings-with-all-kinds-of-excavator-models.webp\" alt=\"Bukses\" \/><\/p>\n<h2>Par m\u016bsu uz\u0146\u0113mumu<\/h2>\n<p>M\u0113s esam vado\u0161ais hidraulisko cilindru ra\u017eot\u0101js un vairumtirgot\u0101js, kas ir ap\u0146\u0113mies nodro\u0161in\u0101t daudzveid\u012bgu produktu kl\u0101stu viet\u0113j\u0101 un starptautiskaj\u0101 tirg\u016b. M\u016bsu uz\u0146\u0113mums iev\u0113ro izcilus kvalit\u0101tes standartus, izmantojot izsmalcin\u0101tas ra\u017eo\u0161anas strat\u0113\u0123ijas un progres\u012bvas ra\u017eo\u0161anas vad\u012bbas metodes.<\/p>\n<p>M\u016bsu kompetence ir kvalific\u0113tu tehni\u0137u nodarbin\u0101\u0161ana, augstas klases digit\u0101lo ra\u017eo\u0161anas iek\u0101rtu izmanto\u0161ana un profesion\u0101lu test\u0113\u0161anas sist\u0113mu ievie\u0161ana. \u0160\u012b uzman\u012bba \u013cauj mums nep\u0101rtraukti uzlabot m\u016bsu ra\u017eo\u0161anas platformas, nodro\u0161inot kvalitat\u012bvas ra\u017eo\u0161anas l\u012bnijas m\u016bsu produktiem. M\u016bsu sp\u0113c\u012bg\u0101s inov\u0101ciju sp\u0113jas apvienojum\u0101 ar augstas efektivit\u0101tes, precizit\u0101tes un kvalit\u0101tes principiem \u013cauj mums efekt\u012bvi apmierin\u0101t da\u017e\u0101das klientu vajadz\u012bbas.<\/p>\n<p><img decoding=\"async\" src=\"https:\/\/www.hydraulic-cylinders.net\/wp-content\/uploads\/2025\/04\/songte-company-4.webp\" alt=\"Uz\u0146\u0113muma p\u0101rskats\" \/><br \/>\n<img decoding=\"async\" src=\"https:\/\/www.hydraulic-cylinders.net\/wp-content\/uploads\/2025\/04\/songte-company-3.webp\" alt=\"Ra\u017eo\u0161anas iek\u0101rta\" \/><\/p>\n<p>M\u016bsu ap\u0146em\u0161anos nodro\u0161in\u0101t profesionalit\u0101ti atspogu\u013co m\u016bsu starptautisk\u0101s sertifik\u0101cijas, piel\u0101goti pakalpojumi, modernas ra\u017eo\u0161anas iek\u0101rtas un \u012bpa\u0161ais p\u0113cp\u0101rdo\u0161anas atbalsts, kas nodro\u0161ina klientu apmierin\u0101t\u012bbu un uztic\u012bbu m\u016bsu produktiem.<\/p>\n<p>Autors: lil<\/p>","protected":false},"excerpt":{"rendered":"<p>Boom Cylinder For Volwa Cane Unloader DLS818-9A Product Overview The Boom Cylinder for the Volwa Cane Unloader DLS818-9A is a crucial component in hydraulic systems, specifically designed for controlling the movement of buckets in various heavy machinery such as excavators, backhoe loaders, and front loaders. This hydraulic cylinder enables the bucket to lift, lower, and [&hellip;]<\/p>","protected":false},"featured_media":17875,"comment_status":"open","ping_status":"closed","template":"","meta":{"_et_pb_use_builder":"","_et_pb_old_content":"","_et_gb_content_width":""},"product_brand":[],"product_cat":[1546],"product_tag":[1547,1496],"class_list":{"0":"post-19627","1":"product","2":"type-product","3":"status-publish","4":"has-post-thumbnail","6":"product_cat-boom-cylinders","7":"product_tag-boom-cylinders","8":"product_tag-hydraulic-cylinders","10":"first","11":"instock","12":"shipping-taxable","13":"product-type-simple"},"amp_enabled":true,"_links":{"self":[{"href":"https:\/\/www.hydraulic-cylinders.net\/lv\/wp-json\/wp\/v2\/product\/19627","targetHints":{"allow":["GET"]}}],"collection":[{"href":"https:\/\/www.hydraulic-cylinders.net\/lv\/wp-json\/wp\/v2\/product"}],"about":[{"href":"https:\/\/www.hydraulic-cylinders.net\/lv\/wp-json\/wp\/v2\/types\/product"}],"replies":[{"embeddable":true,"href":"https:\/\/www.hydraulic-cylinders.net\/lv\/wp-json\/wp\/v2\/comments?post=19627"}],"wp:featuredmedia":[{"embeddable":true,"href":"https:\/\/www.hydraulic-cylinders.net\/lv\/wp-json\/wp\/v2\/media\/17875"}],"wp:attachment":[{"href":"https:\/\/www.hydraulic-cylinders.net\/lv\/wp-json\/wp\/v2\/media?parent=19627"}],"wp:term":[{"taxonomy":"product_brand","embeddable":true,"href":"https:\/\/www.hydraulic-cylinders.net\/lv\/wp-json\/wp\/v2\/product_brand?post=19627"},{"taxonomy":"product_cat","embeddable":true,"href":"https:\/\/www.hydraulic-cylinders.net\/lv\/wp-json\/wp\/v2\/product_cat?post=19627"},{"taxonomy":"product_tag","embeddable":true,"href":"https:\/\/www.hydraulic-cylinders.net\/lv\/wp-json\/wp\/v2\/product_tag?post=19627"}],"curies":[{"name":"wp","href":"https:\/\/api.w.org\/{rel}","templated":true}]}}