{"id":19628,"date":"2025-04-07T06:58:19","date_gmt":"2025-04-07T06:58:19","guid":{"rendered":"https:\/\/www.hydraulic-cylinders.net\/product\/boom-cylinder-for-wacker-e6003\/"},"modified":"2025-04-07T06:58:22","modified_gmt":"2025-04-07T06:58:22","slug":"boom-cylinder-for-wacker-e6003","status":"publish","type":"product","link":"https:\/\/www.hydraulic-cylinders.net\/lv\/products\/boom-cylinder-for-wacker-e6003\/","title":{"rendered":"Wacker E6003 str\u0113les cilindrs"},"content":{"rendered":"<h1>Wacker E6003 str\u0113les cilindrs<\/h1>\n<h2>Ievads str\u0113les cilindr\u0101<\/h2>\n<p>Wacker E6003 str\u0113les cilindrs ir b\u016btiska hidrauliska sast\u0101vda\u013ca, kas paredz\u0113ta smago ma\u0161\u012bnu kust\u012bbas vad\u012bbai. Konkr\u0113ti, \u0161ie kausu cilindri ir neat\u0146emama sast\u0101vda\u013ca t\u0101d\u0101m iek\u0101rt\u0101m k\u0101 ekskavatori, ekskavatori un front\u0101lie iekr\u0101v\u0113ji, atvieglojot kausu pacel\u0161anu, nolai\u0161anu un noliek\u0161anu efekt\u012bviem materi\u0101lu apstr\u0101des uzdevumiem. Hidrauliskais cilindrs darbojas, p\u0101rveidojot hidraulisko ener\u0123iju meh\u0101niskaj\u0101 ener\u0123ij\u0101, nodro\u0161inot kontrol\u0113tu kust\u012bbu un jaud\u012bgu uzdevumu veik\u0161anu, kuriem cit\u0101di b\u016btu nepiecie\u0161ams iev\u0113rojams roku darbs.<\/p>\n<p><img decoding=\"async\" src=\"https:\/\/www.hydraulic-cylinders.net\/wp-content\/uploads\/2025\/04\/songte-company-1.webp\" alt=\"Str\u0113les cilindra att\u0113ls\" \/><\/p>\n<h3>Defin\u012bcija un p\u0101rskats<\/h3>\n<p>Kausa cilindrs ir hidraulisk\u0101 cilindra veids, kas \u012bpa\u0161i paredz\u0113ts smago ma\u0161\u012bnu kausu kust\u012bbas p\u0101rvald\u012bbai, nodro\u0161inot prec\u012bzu da\u017e\u0101du ekspluat\u0101cijas uzdevumu kontroli. \u0160ie cilindri ir hidraulisko sist\u0113mu st\u016brakmens, \u013caujot operatoriem viegli veikt sare\u017e\u0123\u012btus uzdevumus, piem\u0113ram, rak\u0161anu, cel\u0161anu un materi\u0101lu transport\u0113\u0161anu. Izmantojot hidraulisko spiedienu, \u0161ie cilindri nodro\u0161ina izcilu sp\u0113ku un efektivit\u0101ti, padarot tos neaizst\u0101jamus celtniec\u012bbas un lauksaimniec\u012bbas tehnik\u0101.<\/p>\n<h2>Str\u0113les cilindra \u012bpa\u0161\u012bbas<\/h2>\n<ul>\n<li><strong>Augsta iztur\u012bba un ilgm\u016b\u017e\u012bba:<\/strong> \u0160ie cilindri, kas parasti ir izgatavoti no augstas stipr\u012bbas t\u0113rauda vai alum\u012bnija, ir paredz\u0113ti, lai iztur\u0113tu augstu spiedienu un lielas slodzes, padarot tos piem\u0113rotus skarbajiem darba apst\u0101k\u013ciem.<\/li>\n<li><strong>Efekt\u012bva hidraulisk\u0101 darb\u012bba:<\/strong> \u0160ie cilindri izmanto hidraulisk\u0101s e\u013c\u013cas spiedienu, lai nodro\u0161in\u0101tu vienm\u0113r\u012bgu izvilk\u0161anu un ievilk\u0161anu, \u0101tri rea\u0123\u0113jot uz operatora komand\u0101m un nodro\u0161inot sp\u0113c\u012bgu stum\u0161anas un vilk\u0161anas sp\u0113ku.<\/li>\n<li><strong>Da\u017e\u0101di veidi:<\/strong> Klienti var izv\u0113l\u0113ties starp vienas darb\u012bbas (izmantojot hidraulisko spiedienu vien\u0101 virzien\u0101) un divk\u0101r\u0161as darb\u012bbas (izmantojot hidraulisko spiedienu abos virzienos) cilindriem, lai apmierin\u0101tu da\u017e\u0101das ekspluat\u0101cijas vajadz\u012bbas.<\/li>\n<li><strong>Kompakta dizaina iesp\u0113jas:<\/strong> Da\u017ei mode\u013ci ir teleskopiski, kas \u013cauj tos pagarin\u0101t, nepalielinot \u0101r\u0113jo izm\u0113ru, kas ir ide\u0101li piem\u0113rots lietojumiem ar ierobe\u017eotu vietu.<\/li>\n<li><strong>Korozijas un nodilumiztur\u012bba:<\/strong> \u0160ie cilindri, kas izstr\u0101d\u0101ti, \u0146emot v\u0113r\u0101 nodilumiztur\u012bbu un aizsardz\u012bbu pret koroziju, var iztur\u0113t intens\u012bvas lieto\u0161anas slodzi ilgsto\u0161\u0101 laika period\u0101.<\/li>\n<\/ul>\n<h2>M\u016bsu ra\u017eo\u0161anas iesp\u0113jas<\/h2>\n<p>M\u0113s lepojamies ar to, ka ra\u017eojam augstas kvalit\u0101tes str\u0113les cilindrus, kas lieliski aizst\u0101j eso\u0161os hidrauliskos cilindrus. Pateicoties progres\u012bv\u0101m ra\u017eo\u0161anas tehnolo\u0123ij\u0101m un stingrai kvalit\u0101tes kontrolei, m\u016bsu produkti atbilst augst\u0101kajiem nozares standartiem.<\/p>\n<p><img decoding=\"async\" src=\"https:\/\/www.hydraulic-cylinders.net\/wp-content\/uploads\/2025\/04\/songte-cylinder-head-with-all-kinds-excavator-models.webp\" alt=\"Hidraulisko cilindru ra\u017eo\u0161ana\" \/><\/p>\n<h2>Str\u0113les cilindra pielietojumi<\/h2>\n<h3>Celtniec\u012bbas apr\u012bkojums<\/h3>\n<p>Ekskavatoros str\u0113les cilindrs ir \u013coti svar\u012bgs augsnes vai gru\u017eu rak\u0161anai, iekrau\u0161anai un p\u0101rvieto\u0161anai. Sp\u0113ja efekt\u012bvi manipul\u0113t ar kausu \u013cauj operatoriem maksim\u0101li palielin\u0101t produktivit\u0101ti, samazinot b\u016bvniec\u012bbas projektiem nepiecie\u0161amo laiku un p\u016bles.<\/p>\n<h3>Lauksaimniec\u012bbas tehnika<\/h3>\n<p>Front\u0101lajos iekr\u0101v\u0113jos str\u0113les cilindrus izmanto augsnes, siena un da\u017e\u0101du materi\u0101lu sav\u0101k\u0161anai, cel\u0161anai un transport\u0113\u0161anai. To iztur\u012bba un uzticam\u012bba \u013cauj lauksaimniec\u012bbas darbiniekiem efekt\u012bvi p\u0101rvald\u012bt savas kravas, uzlabojot darb\u012bbas efektivit\u0101ti lauksaimniec\u012bbas uzdevumos.<\/p>\n<h3>Ekskavatori<\/h3>\n<p>Ekskavatoros str\u0113les cilindrs atvieglo rak\u0161anas darb\u012bbu, \u013caujot kausam efekt\u012bvi iek\u013c\u016bt zem\u0113. \u0160\u012b sp\u0113ja ir b\u016btiska rak\u0161anas darbos, \u012bpa\u0161i vietas sagatavo\u0161an\u0101 un ainavu veido\u0161anas projektos.<\/p>\n<h3>Iekr\u0101v\u0113ji<\/h3>\n<p>Front\u0101lajos iekr\u0101v\u0113jos str\u0113les cilindri pal\u012bdz efekt\u012bvi pacelt un izkraut kravas. To iztur\u012bg\u0101 konstrukcija nodro\u0161ina dro\u0161u smagu materi\u0101lu p\u0101rvieto\u0161anu, padarot tos neaizst\u0101jamus b\u016bvniec\u012bb\u0101 un materi\u0101lu apstr\u0101d\u0113.<\/p>\n<h2>Dizaina apsv\u0113rumi un atlases krit\u0113riji<\/h2>\n<h3>Kravnes\u012bba<\/h3>\n<p>Str\u0113les cilindra kravnes\u012bba ir viens no galvenajiem konstrukcijas apsv\u0113rumiem. T\u0101 nosaka maksim\u0101lo svaru, ko cilindrs var iztur\u0113t bez atteices, kas ir \u013coti svar\u012bgi dro\u0161\u012bbas un darb\u012bbas efektivit\u0101tes nodro\u0161in\u0101\u0161anai. Liel\u0101ka kravnes\u012bba noz\u012bm\u0113, ka tehnika var pacelt smag\u0101kus materi\u0101lus, padarot to daudzpus\u012bg\u0101ku un efekt\u012bv\u0101ku sare\u017e\u0123\u012btos pielietojumos.<\/p>\n<h3>Bl\u012bv\u0113\u0161anas sist\u0113ma<\/h3>\n<p>Uzticama bl\u012bv\u0113\u0161anas sist\u0113ma ir b\u016btiska, lai nov\u0113rstu hidraulisk\u0101 \u0161\u0137idruma nopl\u016bdes un uztur\u0113tu spiedienu cilindr\u0101. Bl\u012bv\u0113\u0161anas materi\u0101lu, piem\u0113ram, poliuret\u0101na un nitrilgumijas, izv\u0113lei ir b\u016btiska loma hidraulisk\u0101 cilindra darb\u012bb\u0101 un ilgm\u016b\u017e\u012bb\u0101. Labi izstr\u0101d\u0101ti bl\u012bv\u0113jumi uzlabo cilindra iztur\u012bbu, samazinot apkopes nepiecie\u0161am\u012bbu un ekspluat\u0101cijas izmaksas.<\/p>\n<h3>Iztur\u012bba<\/h3>\n<p>Iztur\u012bba ir \u013coti svar\u012bga str\u0113les cilindru konstrukcij\u0101, \u012bpa\u0161i, ja tie ir pak\u013cauti skarbiem vides apst\u0101k\u013ciem un liel\u0101m slodz\u0113m. Izmantojot augstas kvalit\u0101tes materi\u0101lus un progres\u012bvas ra\u017eo\u0161anas metodes, piem\u0113ram, prec\u012bzu apstr\u0101di un virsmas apstr\u0101di, tiek nodro\u0161in\u0101ts, ka cilindri laika gait\u0101 iztur\u0113s nodilumu.<\/p>\n<h3>Dro\u0161\u012bbas funkcijas<\/h3>\n<p>Dro\u0161\u012bbas elementu iek\u013cau\u0161ana str\u0113les cilindru konstrukcij\u0101 ir \u013coti svar\u012bga. Tas ietver spiediena samazin\u0101\u0161anas v\u0101rstus, kas nov\u0113r\u0161 p\u0101rspiedienu, k\u0101 ar\u012b iztur\u012bgas mont\u0101\u017eas sist\u0113mas, kas nodro\u0161ina stabilit\u0101ti darb\u012bbas laik\u0101. Dro\u0161\u012bbas elementi pal\u012bdz aizsarg\u0101t gan tehniku, gan operatoru, samazinot negad\u012bjumu risku.<\/p>\n<h3>Uzturam\u012bba<\/h3>\n<p>Vienk\u0101r\u0161a apkope ir b\u016btisks hidraulisko cilindru apsv\u0113rums. Pieejam\u012bbas nodro\u0161in\u0101\u0161ana \u013cauj vienk\u0101r\u0161i p\u0101rbaud\u012bt un nomain\u012bt bl\u012bves, \u0161\u0137idrumu un citas sast\u0101vda\u013cas. Tas samazina d\u012bkst\u0101ves laiku un nodro\u0161ina efekt\u012bvu ma\u0161\u012bnas darb\u012bbu, galu gal\u0101 ietaupot laiku un izmaksas, kas saist\u012btas ar remontu.<\/p>\n<p><img decoding=\"async\" src=\"https:\/\/www.hydraulic-cylinders.net\/wp-content\/uploads\/2025\/04\/songte-oil-pipes-and-spare-parts.webp\" alt=\"Hidraulisko cilindru deta\u013cas\" \/><\/p>\n<h2>Bl\u012bv\u0113\u0161ana un e\u013c\u013co\u0161ana<\/h2>\n<p>Str\u0113les cilindra efektivit\u0101te liel\u0101 m\u0113r\u0101 ir atkar\u012bga no t\u0101 bl\u012bv\u0113\u0161anas un e\u013c\u013co\u0161anas sist\u0113m\u0101m. Da\u017e\u0101di bl\u012bv\u0113\u0161anas komponenti, piem\u0113ram, virzu\u013ca bl\u012bv\u0113jumi un stie\u0146a bl\u012bv\u0113jumi, ir b\u016btiski hidraulisk\u0101 spiediena uztur\u0113\u0161anai un \u0161\u0137idruma nopl\u016b\u017eu nov\u0113r\u0161anai. Bl\u012bv\u0113jumi, kas izgatavoti no iztur\u012bgiem materi\u0101liem, piem\u0113ram, poliuret\u0101na un nitrila gumijas, tiek pla\u0161i izmantoti to iztur\u012bbas pret nodilumu un boj\u0101jumiem d\u0113\u013c.<\/p>\n<p>Cilindra korpuss un v\u012bt\u0146ot\u0101s gala virsmas tiek prec\u012bzi apstr\u0101d\u0101tas, lai uzlabotu iztur\u012bbu un nodilumiztur\u012bbu. Regul\u0101ra e\u013c\u013co\u0161ana ar hidraulisko e\u013c\u013cu ir \u013coti svar\u012bga, lai nodro\u0161in\u0101tu vienm\u0113r\u012bgu darb\u012bbu un pagarin\u0101tu cilindra kalpo\u0161anas laiku. Pareiza e\u013c\u013co\u0161ana samazina berzi un nodilumu, nodro\u0161inot efekt\u012bvu hidraulisko veiktsp\u0113ju.<\/p>\n<h2>Regul\u0101ra p\u0101rbaude un profilaktisk\u0101 apkope<\/h2>\n<ul>\n<li><strong>Regul\u0101ras p\u0101rbaudes:<\/strong> Regul\u0101ras p\u0101rbaudes ir \u013coti svar\u012bgas, lai identific\u0113tu potenci\u0101l\u0101s probl\u0113mas, pirms t\u0101s p\u0101raug nopietn\u0101s probl\u0113m\u0101s. Nopl\u016b\u017eu, nodiluma un boj\u0101jumu p\u0101rbaude var pal\u012bdz\u0113t saglab\u0101t hidraulisk\u0101s sist\u0113mas integrit\u0101ti.<\/li>\n<li><strong>Piem\u0113rota e\u013c\u013co\u0161ana:<\/strong> Nodro\u0161inot atbilsto\u0161u hidraulisk\u0101s e\u013c\u013cas l\u012bmeni un e\u013c\u013co\u0161anu apkopes laik\u0101, tiek uztur\u0113ta optim\u0101la veiktsp\u0113ja un pagarin\u0101ts cilindra kalpo\u0161anas laiks.<\/li>\n<li><strong>Bl\u012bv\u0113juma nomai\u0146a:<\/strong> Regul\u0101ra bl\u012bv\u0113jumu nomai\u0146a ikdienas apkopes ietvaros var nov\u0113rst nopl\u016bdes un nodro\u0161in\u0101t hidraulisk\u0101s sist\u0113mas efekt\u012bvu darb\u012bbu.<\/li>\n<\/ul>\n<h2>Uzst\u0101d\u012b\u0161anas vadl\u012bnijas<\/h2>\n<p>Pareiza str\u0113les cilindra uzst\u0101d\u012b\u0161ana ir b\u016btiska funkcionalit\u0101tes un dro\u0161\u012bbas nodro\u0161in\u0101\u0161anai. Uzst\u0101dot, ir svar\u012bgi iev\u0113rot \u0161\u012bs vadl\u012bnijas:<\/p>\n<ul>\n<li>P\u0101rliecinieties, vai cilindrs ir pareizi izl\u012bdzin\u0101ts ar stiprin\u0101juma punktiem, lai nov\u0113rstu p\u0101rm\u0113r\u012bgu slodzi uz cilindru un meh\u0101nismu.<\/li>\n<li>Izmantojiet atbilsto\u0161us mont\u0101\u017eas kron\u0161teinus, lai dro\u0161i nostiprin\u0101tu cilindru viet\u0101, nodro\u0161inot stabilit\u0101ti darb\u012bbas laik\u0101.<\/li>\n<li>P\u0101rbaudiet, vai nav \u0161\u0137\u0113r\u0161\u013cu, kas var\u0113tu trauc\u0113t cilindra kust\u012bbu, nodro\u0161inot br\u012bvu darb\u012bbas ce\u013cu.<\/li>\n<li>Pievelkot skr\u016bves, iev\u0113rojiet ra\u017eot\u0101ja nor\u0101d\u012bjumus par griezes momenta iestat\u012bjumiem, lai pareizi nostiprin\u0101tu cilindru.<\/li>\n<li>P\u0113c uzst\u0101d\u012b\u0161anas veiciet r\u016bp\u012bgu p\u0101rbaudi, lai p\u0101rliecin\u0101tos, ka visi savienojumi ir dro\u0161i un hidraulisk\u0101 \u0161\u0137idruma l\u012bmenis ir ieteicamaj\u0101 l\u012bmen\u012b.<\/li>\n<\/ul>\n<h2>Apkopes uzdevumi<\/h2>\n<h3>Regul\u0101ras p\u0101rbaudes<\/h3>\n<p>Regul\u0101ru p\u0101rbau\u017eu veik\u0161ana ir \u013coti svar\u012bga, lai laikus identific\u0113tu nodilumu un potenci\u0101lus boj\u0101jumus. P\u0101rbaudiet cilindru, vai nav redzamu boj\u0101jumu, nopl\u016b\u017eu vai nodiluma paz\u012bmju. Agr\u012bna atkl\u0101\u0161ana \u013cauj savlaic\u012bgi veikt remontu, samazinot katastrof\u0101lu boj\u0101jumu risku ekspluat\u0101cijas laik\u0101.<\/p>\n<h3>Piem\u0113rota e\u013c\u013co\u0161ana<\/h3>\n<p>Pareiza e\u013c\u013co\u0161ana ir \u013coti svar\u012bga str\u0113les cilindra vienm\u0113r\u012bgai darb\u012bbai. Regul\u0101ri p\u0101rbaudiet hidraulisk\u0101 \u0161\u0137idruma l\u012bmeni un uzpildiet to p\u0113c nepiecie\u0161am\u012bbas. Pareiza e\u013c\u013co\u0161ana samazina berzi, uzlabo veiktsp\u0113ju un pagarina cilindra kalpo\u0161anas laiku.<\/p>\n<h3>Bl\u012bvju nomai\u0146as un kalibr\u0113\u0161anas p\u0101rbaudes<\/h3>\n<p>Bl\u012bves regul\u0101ri j\u0101p\u0101rbauda un j\u0101nomaina, ja ir redzamas nodiluma paz\u012bmes. Laika gait\u0101 bl\u012bves var nolietoties, izraisot nopl\u016bdes. Kalibr\u0113\u0161anas p\u0101rbaudes nodro\u0161ina, ka hidraulisk\u0101 sist\u0113ma darbojas noteiktos parametros, saglab\u0101jot efektivit\u0101ti un dro\u0161\u012bbu.<\/p>\n<h2>Dro\u0161\u012bbas apsv\u0113rumi un vides faktori<\/h2>\n<p>Dro\u0161\u012bbas pas\u0101kumi ir \u0101rk\u0101rt\u012bgi svar\u012bgi, lietojot str\u0113les cilindrus. Operatoriem vienm\u0113r j\u0101iev\u0113ro dro\u0161\u012bbas protokoli, tostarp j\u0101valk\u0101 atbilsto\u0161i individu\u0101lie aizsardz\u012bbas l\u012bdzek\u013ci (IAL) un j\u0101nodro\u0161ina darba zonas dro\u0161\u012bba. Regul\u0101ra apm\u0101c\u012bba par hidraulisko sist\u0113mu ekspluat\u0101ciju un apkopi var nov\u0113rst negad\u012bjumus un k\u013c\u016bmes.<\/p>\n<h2>Probl\u0113mu nov\u0113r\u0161ana un bie\u017ei sastopamas probl\u0113mas<\/h2>\n<ul>\n<li><strong>Nopl\u016bde:<\/strong> Viena no visbie\u017e\u0101k sastopamaj\u0101m probl\u0113m\u0101m ir hidraulisk\u0101 \u0161\u0137idruma nopl\u016bde. T\u0101 var rasties nolietotu bl\u012bv\u0113jumu vai boj\u0101tu \u0161\u013c\u016bte\u0146u d\u0113\u013c. Regul\u0101ras p\u0101rbaudes un savlaic\u012bga bl\u012bv\u0113jumu nomai\u0146a var atrisin\u0101t \u0161o probl\u0113mu.<\/li>\n<li><strong>Jaudas zudums:<\/strong> Ja cilindrs nerada paredz\u0113to sp\u0113ku, tas var nor\u0101d\u012bt uz probl\u0113mu ar hidraulisk\u0101 \u0161\u0137idruma l\u012bmeni vai bl\u012bv\u0113jumu integrit\u0101ti. Hidraulisk\u0101 \u0161\u0137idruma l\u012bme\u0146a un bl\u012bv\u0113jumu p\u0101rbaude var pal\u012bdz\u0113t diagnostic\u0113t \u0161o probl\u0113mu.<\/li>\n<li><strong>Neparastas ska\u0146as:<\/strong> Jebk\u0101das d\u012bvainas ska\u0146as darb\u012bbas laik\u0101 var liecin\u0101t par iek\u0161\u0113jiem boj\u0101jumiem vai gaisu hidrauliskaj\u0101 sist\u0113m\u0101. Ir svar\u012bgi nekav\u0113joties izmekl\u0113t \u0161\u012bs ska\u0146as, lai izvair\u012btos no turpm\u0101kiem boj\u0101jumiem.<\/li>\n<\/ul>\n<h2>Probl\u0113mu nov\u0113r\u0161anas padomi<\/h2>\n<p>Lai efekt\u012bvi nov\u0113rstu probl\u0113mas ar str\u0113les cilindru, \u0146emiet v\u0113r\u0101 \u0161\u0101dus padomus:<\/p>\n<ul>\n<li>Regul\u0101ri p\u0101rbaudiet un uzturiet hidraulisk\u0101 \u0161\u0137idruma l\u012bmeni, lai nodro\u0161in\u0101tu optim\u0101lu veiktsp\u0113ju.<\/li>\n<li>P\u0101rbaudiet bl\u012bves un \u0161\u013c\u016btenes, vai t\u0101s nav nodilu\u0161as, un nomainiet t\u0101s, ja nepiecie\u0161ams, lai nov\u0113rstu nopl\u016bdes.<\/li>\n<li>Ja tiek konstat\u0113tas neparastas ska\u0146as, nekav\u0113joties p\u0101rtrauciet darb\u012bbu un pirms lieto\u0161anas ats\u0101k\u0161anas veiciet r\u016bp\u012bgu p\u0101rbaudi.<\/li>\n<\/ul>\n<p><img decoding=\"async\" src=\"https:\/\/www.hydraulic-cylinders.net\/wp-content\/uploads\/2025\/04\/songte-bushings-with-all-kinds-of-excavator-models.webp\" alt=\"Hidraulisk\u0101s sast\u0101vda\u013cas\" \/><\/p>\n<h2>Par m\u016bsu uz\u0146\u0113mumu<\/h2>\n<p>M\u0113s esam vado\u0161ais hidraulisko cilindru ra\u017eot\u0101js un vairumtirgot\u0101js, kas pied\u0101v\u0101 pla\u0161u produktu kl\u0101stu, kas apmierina gan viet\u0113jo, gan starptautisko tirgu vajadz\u012bbas. M\u016bsu ap\u0146em\u0161an\u0101s sasniegt izcil\u012bbu atspogu\u013cojas m\u016bsu r\u016bp\u012bgi izstr\u0101d\u0101tajos ra\u017eo\u0161anas procesos un nozares lab\u0101kaj\u0101 praks\u0113.<\/p>\n<p>M\u0113s koncentr\u0113jamies uz augstas kvalit\u0101tes ra\u017eo\u0161anu, izmantojot progres\u012bvas ra\u017eo\u0161anas metodes un kvalific\u0113tu darbasp\u0113ku. M\u016bsu modern\u0101k\u0101s iek\u0101rtas nodro\u0161ina precizit\u0101ti un uzticam\u012bbu katr\u0101 produkt\u0101. M\u0113s lepojamies ar starptautiskiem sertifik\u0101tiem, kas apliecina m\u016bsu ap\u0146em\u0161anos nodro\u0161in\u0101t kvalit\u0101ti un dro\u0161\u012bbu.<\/p>\n<p>Papildus m\u016bsu standarta pied\u0101v\u0101jumiem m\u0113s pied\u0101v\u0101jam ar\u012b piel\u0101gotus risin\u0101jumus, kas piel\u0101goti konkr\u0113t\u0101m klientu pras\u012bb\u0101m, nodro\u0161inot elast\u012bbu un apmierin\u0101t\u012bbu. M\u016bsu p\u0113cp\u0101rdo\u0161anas serviss ir izcils, ar atbalstu, kas garant\u0113, ka par m\u016bsu klientiem tiek labi r\u016bp\u0113ts v\u0113l ilgi p\u0113c pirkuma veik\u0161anas.<\/p>\n<p><img decoding=\"async\" src=\"https:\/\/www.hydraulic-cylinders.net\/wp-content\/uploads\/2025\/04\/songte-company-4.webp\" alt=\"Uz\u0146\u0113muma p\u0101rskats\" \/><br \/>\n<img decoding=\"async\" src=\"https:\/\/www.hydraulic-cylinders.net\/wp-content\/uploads\/2025\/04\/songte-company-3.webp\" alt=\"Ra\u017eo\u0161anas iek\u0101rta\" \/><\/p>\n<p>Autors: lil<\/p>","protected":false},"excerpt":{"rendered":"<p>Boom Cylinder For Wacker E6003 Introduction to Boom Cylinder The Boom Cylinder for Wacker E6003 is an essential hydraulic component designed to control the movement of heavy machinery. Specifically, these bucket cylinders are integral to equipment like excavators, backhoes, and front loaders, facilitating the lifting, lowering, and tilting of buckets for efficient material handling tasks. [&hellip;]<\/p>","protected":false},"featured_media":17876,"comment_status":"open","ping_status":"closed","template":"","meta":{"_et_pb_use_builder":"","_et_pb_old_content":"","_et_gb_content_width":""},"product_brand":[],"product_cat":[1546],"product_tag":[1547,1496],"class_list":{"0":"post-19628","1":"product","2":"type-product","3":"status-publish","4":"has-post-thumbnail","6":"product_cat-boom-cylinders","7":"product_tag-boom-cylinders","8":"product_tag-hydraulic-cylinders","10":"first","11":"instock","12":"shipping-taxable","13":"product-type-simple"},"amp_enabled":true,"_links":{"self":[{"href":"https:\/\/www.hydraulic-cylinders.net\/lv\/wp-json\/wp\/v2\/product\/19628","targetHints":{"allow":["GET"]}}],"collection":[{"href":"https:\/\/www.hydraulic-cylinders.net\/lv\/wp-json\/wp\/v2\/product"}],"about":[{"href":"https:\/\/www.hydraulic-cylinders.net\/lv\/wp-json\/wp\/v2\/types\/product"}],"replies":[{"embeddable":true,"href":"https:\/\/www.hydraulic-cylinders.net\/lv\/wp-json\/wp\/v2\/comments?post=19628"}],"wp:featuredmedia":[{"embeddable":true,"href":"https:\/\/www.hydraulic-cylinders.net\/lv\/wp-json\/wp\/v2\/media\/17876"}],"wp:attachment":[{"href":"https:\/\/www.hydraulic-cylinders.net\/lv\/wp-json\/wp\/v2\/media?parent=19628"}],"wp:term":[{"taxonomy":"product_brand","embeddable":true,"href":"https:\/\/www.hydraulic-cylinders.net\/lv\/wp-json\/wp\/v2\/product_brand?post=19628"},{"taxonomy":"product_cat","embeddable":true,"href":"https:\/\/www.hydraulic-cylinders.net\/lv\/wp-json\/wp\/v2\/product_cat?post=19628"},{"taxonomy":"product_tag","embeddable":true,"href":"https:\/\/www.hydraulic-cylinders.net\/lv\/wp-json\/wp\/v2\/product_tag?post=19628"}],"curies":[{"name":"wp","href":"https:\/\/api.w.org\/{rel}","templated":true}]}}