{"id":19630,"date":"2025-04-07T06:58:25","date_gmt":"2025-04-07T06:58:25","guid":{"rendered":"https:\/\/www.hydraulic-cylinders.net\/product\/boom-cylinder-for-wacker-e8003\/"},"modified":"2025-04-07T06:58:28","modified_gmt":"2025-04-07T06:58:28","slug":"boom-cylinder-for-wacker-e8003","status":"publish","type":"product","link":"https:\/\/www.hydraulic-cylinders.net\/lv\/products\/boom-cylinder-for-wacker-e8003\/","title":{"rendered":"Wacker E8003 str\u0113les cilindrs"},"content":{"rendered":"<h1>Wacker E8003 str\u0113les cilindrs<\/h1>\n<h2>Produkta p\u0101rskats<\/h2>\n<p>Wacker E8003 str\u0113les cilindrs ir specializ\u0113ts hidrauliskais cilindrs, kas paredz\u0113ts smago ma\u0161\u012bnu kausu, piem\u0113ram, ekskavatoru, iekr\u0101v\u0113ju un front\u0101lo iekr\u0101v\u0113ju, kausu kust\u012bbas vad\u012bbai. \u0160ie cilindri ir b\u016btiski, lai atvieglotu kausu pacel\u0161anu, nolai\u0161anu un noliek\u0161anu, vienk\u0101r\u0161ojot materi\u0101lu apstr\u0101des uzdevumus da\u017e\u0101d\u0101s nozar\u0113s.<\/p>\n<p><img decoding=\"async\" src=\"https:\/\/www.hydraulic-cylinders.net\/wp-content\/uploads\/2025\/04\/songte-company-1.webp\" alt=\"Wacker E8003 str\u0113les cilindrs\"><\/p>\n<h3>Defin\u012bcija un funkcija hidrauliskaj\u0101s sist\u0113m\u0101s<\/h3>\n<p>A bucket cylinder is a type of hydraulic cylinder that plays a critical role in the operation of heavy machinery. It utilizes hydraulic fluid to generate force, which is then converted into motion to control the bucket&#8217;s actions. These cylinders are designed to handle high pressures and heavy loads while ensuring smooth operation. By providing precise control over the bucket&#8217;s movement, they enhance the efficiency of various tasks such as digging, lifting, and transporting materials. The significance of a well-functioning boom cylinder cannot be overstated, as it directly impacts the performance and productivity of the equipment it serves.<\/p>\n<h2>Galven\u0101s iez\u012bmes<\/h2>\n<ul>\n<li><strong>Augsta iztur\u012bba un ilgm\u016b\u017e\u012bba:<\/strong> \u0160ie cilindri ir izgatavoti no augstas stipr\u012bbas t\u0113rauda vai alum\u012bnija, un tie iztur augstu spiedienu un lielas slodzes, padarot tos piem\u0113rotus skarbiem darba apst\u0101k\u013ciem. Tie ir izstr\u0101d\u0101ti, \u0146emot v\u0113r\u0101 nodilumiztur\u012bbu un korozijas iztur\u012bbu, pagarinot to kalpo\u0161anas laiku.<\/li>\n<li><strong>Efekt\u012bva hidraulisk\u0101 darb\u012bba:<\/strong> Cilindrs darbojas vienm\u0113r\u012bgi, izmantojot hidraulisk\u0101s e\u013c\u013cas spiedienu, \u013caujot \u0101tri rea\u0123\u0113t uz vad\u012bbas komand\u0101m un nodro\u0161in\u0101t iev\u0113rojamu stum\u0161anas un vilk\u0161anas sp\u0113ku smagu materi\u0101lu apstr\u0101dei.<\/li>\n<li><strong>Da\u017e\u0101di veidi:<\/strong> Pieejami k\u0101 vienas darb\u012bbas (izmantojami vien\u0101 virzien\u0101) vai divk\u0101r\u0161as darb\u012bbas (darbojas abos virzienos) cilindri, kas atbilst da\u017e\u0101d\u0101m ekspluat\u0101cijas vajadz\u012bb\u0101m. Da\u017ei mode\u013ci ir teleskopiski, kas \u013cauj tos pagarin\u0101t, nepalielinot \u0101r\u0113jos izm\u0113rus.<\/li>\n<li><strong>Sader\u012bba:<\/strong> M\u016bsu produkti var lieliski aizst\u0101t eso\u0161os hidrauliskos cilindrus, nodro\u0161inot neman\u0101mu integr\u0101ciju ar j\u016bsu tehniku.<\/li>\n<li><strong>Piel\u0101goti risin\u0101jumi:<\/strong> Piel\u0101gotas ra\u017eo\u0161anas iesp\u0113jas, lai apmierin\u0101tu \u012bpa\u0161as pras\u012bbas, nodro\u0161inot dizaina un funkcionalit\u0101tes elast\u012bbu.<\/li>\n<\/ul>\n<p><img decoding=\"async\" src=\"https:\/\/www.hydraulic-cylinders.net\/wp-content\/uploads\/2025\/04\/songte-cylinder-head-with-all-kinds-excavator-models.webp\" alt=\"Str\u0113les cilindra sader\u012bba\"><\/p>\n<h2>Lietojumprogrammu scen\u0101riji<\/h2>\n<h3>Celtniec\u012bbas apr\u012bkojums<\/h3>\n<p>B\u016bvniec\u012bbas tehnik\u0101 str\u0113les cilindri ir vit\u0101li svar\u012bgi ekskavatoriem, kur tiem ir iz\u0161\u0137iro\u0161a noz\u012bme augsnes vai gru\u017eu rak\u0161an\u0101, iekrau\u0161an\u0101 un transport\u0113\u0161an\u0101. Ekskavatora veiktsp\u0113ja liel\u0101 m\u0113r\u0101 ir atkar\u012bga no t\u0101 str\u0113les cilindra efektivit\u0101tes, kas \u013cauj kausam iek\u013c\u016bt zem\u0113 un prec\u012bzi veikt da\u017e\u0101das rak\u0161anas darb\u012bbas. Turkl\u0101t ekskavatoros-iekr\u0101v\u0113jos str\u0113les cilindrs pal\u012bdz ne tikai rak\u0161anas darbos, bet ar\u012b smagu kravu cel\u0161an\u0101, padarot to neaizst\u0101jamu b\u016bvniec\u012bbas un rak\u0161anas darbos.<\/p>\n<h3>Lauksaimniec\u012bbas tehnika<\/h3>\n<p>Lauksaimniec\u012bbas tehnik\u0101 str\u0113les cilindrus izmanto front\u0101lajos iekr\u0101v\u0113jos augsnes, siena un citu materi\u0101lu sav\u0101k\u0161anai, cel\u0161anai un transport\u0113\u0161anai. Lauksaimniec\u012bbas darb\u012bbu efektivit\u0101te bie\u017ei vien ir atkar\u012bga no \u0161o hidraulisko cilindru uzticam\u012bbas, lai veiktu atk\u0101rtotus uzdevumus ar minim\u0101lu d\u012bkst\u0101vi. To iztur\u012bg\u0101 konstrukcija un jaud\u012bg\u0101 hidraulisk\u0101 darb\u012bba atvieglo da\u017e\u0101dus lauksaimniec\u012bbas darbus, nodro\u0161inot produktivit\u0101ti uz lauka.<\/p>\n<h3>Ekskavatori<\/h3>\n<p>Ekskavatori izmanto str\u0113les cilindrus, lai pan\u0101ktu efekt\u012bvas rak\u0161anas darb\u012bbas, \u013caujot kausam iek\u013c\u016bt augsn\u0113. To konstrukcija \u013cauj prec\u012bzi kontrol\u0113t kausa dzi\u013cumu un le\u0146\u0137i, kas ir b\u016btiski rak\u0161anas projektos. \u0160\u012b kontrol\u0113t\u0101 kust\u012bba ne tikai uzlabo efektivit\u0101ti, bet ar\u012b nodro\u0161ina, ka darbs tiek pabeigts atbilsto\u0161i prec\u012bz\u0101m specifik\u0101cij\u0101m, samazinot k\u013c\u016bdu risku plan\u0113\u0161an\u0101 un tran\u0161eju rak\u0161an\u0101.<\/p>\n<h3>Iekr\u0101v\u0113ji<\/h3>\n<p>Front\u0101lajos iekr\u0101v\u0113jos str\u0113les cilindri pal\u012bdz efekt\u012bvi pacelt un izg\u0101zt materi\u0101lus. Hidraulisk\u0101 sist\u0113ma nodro\u0161ina vienm\u0113r\u012bgu darb\u012bbu, \u013caujot operatoriem viegli pacelt smagas kravas. \u0160\u012b sp\u0113ja ir \u013coti svar\u012bga t\u0101diem uzdevumiem k\u0101 kravas automa\u0161\u012bnu iekrau\u0161ana, materi\u0101lu p\u0101rvieto\u0161ana un citas b\u016bvniec\u012bbas darb\u012bbas, kas par\u0101da uzticamu str\u0113les cilindru noz\u012bmi iekr\u0101v\u0113ju veiktsp\u0113j\u0101.<\/p>\n<h2>Dizaina apsv\u0113rumi un atlases krit\u0113riji<\/h2>\n<h3>Kravnes\u012bba<\/h3>\n<p>When selecting a boom cylinder, load capacity is one of the most critical factors. It is essential to choose a cylinder that can handle the maximum load expected during operations. The load capacity should be evaluated based on the specific requirements of the machinery and the tasks it will perform. A cylinder with a load capacity that is too low can lead to catastrophic failure, while one that is excessively rated can result in inefficient use of power and increased operational costs. Therefore, understanding the relationship between the cylinder&#8217;s specifications and the machinery&#8217;s requirements is crucial.<\/p>\n<h3>Bl\u012bv\u0113juma veiktsp\u0113ja<\/h3>\n<p>Hidraulisk\u0101 cilindra bl\u012bv\u0113juma veiktsp\u0113ja ir \u013coti svar\u012bga optim\u0101las funkcionalit\u0101tes uztur\u0113\u0161anai. Augstas kvalit\u0101tes bl\u012bv\u0113jumi nov\u0113r\u0161 hidraulisk\u0101 \u0161\u0137idruma nopl\u016bdi, kas var samazin\u0101t efektivit\u0101ti un izrais\u012bt hidraulisk\u0101s sist\u0113mas boj\u0101jumus. Izv\u0113loties str\u0113les cilindru, ir svar\u012bgi \u0146emt v\u0113r\u0101 izmantoto bl\u012bv\u0113jumu kvalit\u0101ti, k\u0101 ar\u012b to sader\u012bbu ar hidraulisko \u0161\u0137idrumu. Regul\u0101ra bl\u012bv\u0113jumu p\u0101rbaude un apkope ir b\u016btiska, lai nodro\u0161in\u0101tu hidraulisk\u0101s sist\u0113mas ilgm\u016b\u017e\u012bbu un nov\u0113rstu d\u0101rgus remontdarbus.<\/p>\n<h3>Iztur\u012bba un ilgm\u016b\u017e\u012bba<\/h3>\n<p>Iztur\u012bba ir v\u0113l viens svar\u012bgs faktors str\u0113les cilindru konstrukcij\u0101. Cilindru ra\u017eo\u0161an\u0101 izmantotajiem materi\u0101liem j\u0101b\u016bt t\u0101diem, kas sp\u0113j iztur\u0113t skarbu vidi un atk\u0101rtotu lieto\u0161anu bez degrad\u0101cijas. T\u0101di faktori k\u0101 nodilumiztur\u012bba un iztur\u012bba pret koroziju ir iz\u0161\u0137iro\u0161i, lai pagarin\u0101tu hidraulisko cilindru kalpo\u0161anas laiku. Iztur\u012bgs str\u0113les cilindrs samazina remontu un nomai\u0146u bie\u017eumu, ilgtermi\u0146\u0101 ietaupot laiku un naudu.<\/p>\n<h3>Dro\u0161\u012bbas funkcijas<\/h3>\n<p>Dro\u0161\u012bbai vienm\u0113r j\u0101b\u016bt galvenajai priorit\u0101tei, projekt\u0113jot hidrauliskos cilindrus. T\u0101das funkcijas k\u0101 p\u0101rslodzes aizsardz\u012bba un dro\u0161\u012bbas v\u0101rsti var nov\u0113rst negad\u012bjumus un iek\u0101rtu boj\u0101jumus. Ir svar\u012bgi nov\u0113rt\u0113t str\u0113les cilindra konstrukcij\u0101 integr\u0113tos dro\u0161\u012bbas pas\u0101kumus, jo tie veicina ma\u0161\u012bnu darb\u012bbas visp\u0101r\u0113jo uzticam\u012bbu un dro\u0161\u012bbu. \u0160o funkciju nodro\u0161in\u0101\u0161ana var nodro\u0161in\u0101t operatoru sirdsmieru un samazin\u0101t negad\u012bjumu risku darba viet\u0101.<\/p>\n<h3>Apkopes pieejam\u012bba<\/h3>\n<p>Visbeidzot, izv\u0113loties str\u0113les cilindru, \u0146emiet v\u0113r\u0101 apkopes vienk\u0101r\u0161\u012bbu. Cilindri, kas konstru\u0113ti t\u0101, lai b\u016btu viegli piek\u013c\u016bt bl\u012bv\u0113jumiem un iek\u0161\u0113j\u0101m sast\u0101vda\u013c\u0101m, \u013cauj \u0101tr\u0101k veikt p\u0101rbaudes un apkopes darbus. Regul\u0101ra apkope ir \u013coti svar\u012bga, lai nodro\u0161in\u0101tu optim\u0101lu veiktsp\u0113ju, un konstrukcija, kas atvieglo apkopi, var iev\u0113rojami samazin\u0101t d\u012bkst\u0101ves laiku. Hidraulisko cilindru apkopes vajadz\u012bbu nov\u0113rt\u0113\u0161ana ir b\u016btiska, lai nodro\u0161in\u0101tu, ka tie darbojas ar maksim\u0101lu efektivit\u0101ti vis\u0101 to kalpo\u0161anas laik\u0101.<\/p>\n<p><img decoding=\"async\" src=\"https:\/\/www.hydraulic-cylinders.net\/wp-content\/uploads\/2025\/04\/songte-oil-pipes-and-spare-parts.webp\" alt=\"Hidraulisko cilindru komponenti\"><\/p>\n<h2>Bl\u012bv\u0113\u0161ana un e\u013c\u013co\u0161ana<\/h2>\n<p>Efekt\u012bva bl\u012bv\u0113\u0161ana un e\u013c\u013co\u0161ana ir kritiski svar\u012bga hidraulisko cilindru pareizai darb\u012bbai. Lai nov\u0113rstu nopl\u016bdes un uztur\u0113tu spiedienu cilindr\u0101, tiek izmantoti da\u017e\u0101di bl\u012bv\u0113\u0161anas komponenti, piem\u0113ram, virzu\u013ca bl\u012bvsl\u0113gi \u200b\u200bun stie\u0146a bl\u012bvsl\u0113gi. Bl\u012bv\u0113jumiem bie\u017ei izmantotie materi\u0101li ir poliuret\u0101ns un nitrilgumija, kas paz\u012bstami ar savu iztur\u012bbu un nodilumiztur\u012bbu. Cilindra korpuss un v\u012bt\u0146ot\u0101s gala virsmas ir j\u0101apstr\u0101d\u0101 prec\u012bzi, lai uzlabotu nodilumiztur\u012bbu un nodro\u0161in\u0101tu herm\u0113tisku bl\u012bv\u0113jumu.<\/p>\n<p>Regul\u0101ra e\u013c\u013co\u0161ana ir b\u016btiska ar\u012b optim\u0101lai veiktsp\u0113jai. Ir svar\u012bgi periodiski iesmidzin\u0101t cilindr\u0101 atbilsto\u0161u hidraulisk\u0101s e\u013c\u013cas daudzumu, lai iek\u0161\u0113j\u0101s sast\u0101vda\u013cas darbotos nevainojami. E\u013c\u013co\u0161anas tr\u016bkums var izrais\u012bt palielin\u0101tu berzi, nodilumu un iesp\u0113jamu hidraulisk\u0101s sist\u0113mas boj\u0101jumu. Labi uztur\u0113ta e\u013c\u013co\u0161anas rut\u012bna iev\u0113rojami veicina str\u0113les cilindra ilgm\u016b\u017e\u012bbu un efektivit\u0101ti.<\/p>\n<h2>Prevent\u012bvie apkopes pas\u0101kumi<\/h2>\n<ul>\n<li><strong>Regul\u0101ras p\u0101rbaudes:<\/strong> Regul\u0101ras p\u0101rbaudes ir b\u016btiskas, lai identific\u0113tu jebk\u0101das nodiluma vai boj\u0101jumu paz\u012bmes. Operatoriem j\u0101p\u0101rbauda, \u200b\u200bvai nav nopl\u016b\u017eu, neparastu trok\u0161\u0146u vai veiktsp\u0113jas izmai\u0146u. Probl\u0113mu savlaic\u012bga nov\u0113r\u0161ana var nov\u0113rst d\u0101rgus remontdarbus un d\u012bkst\u0101ves.<\/li>\n<li><strong>E\u013c\u013co\u0161anas grafiks:<\/strong> Izveidojiet e\u013c\u013co\u0161anas grafiku, lai nodro\u0161in\u0101tu hidraulisk\u0101s e\u013c\u013cas papildin\u0101\u0161anu atbilsto\u0161os interv\u0101los. Tas pal\u012bdz uztur\u0113t optim\u0101lu veiktsp\u0113ju un paildzina cilindra kalpo\u0161anas laiku.<\/li>\n<li><strong>Bl\u012bv\u0113juma nomai\u0146a:<\/strong> Regul\u0101ri p\u0101rbaudiet bl\u012bves, vai nav nodiluma paz\u012bmju, un nomainiet t\u0101s p\u0113c nepiecie\u0161am\u012bbas. Nolietotas bl\u012bves var izrais\u012bt \u0161\u0137idruma nopl\u016bdi un samazin\u0101tu efektivit\u0101ti, t\u0101p\u0113c ir \u013coti svar\u012bgi piev\u0113rsties \u0161im apkopes aspektam.<\/li>\n<\/ul>\n<h2>Pareizas uzst\u0101d\u012b\u0161anas vadl\u012bnijas<\/h2>\n<p>Correct installation of hydraulic cylinders is vital for ensuring optimal performance. Begin by thoroughly cleaning the installation area to remove any debris or contaminants that could interfere with the cylinder&#8217;s operation. Use proper alignment tools to ensure that the cylinder is correctly positioned with respect to other components.<\/p>\n<p>When installing the cylinder, follow the manufacturer&#8217;s specifications for torque and fastening. It is crucial to use appropriate mounting brackets to secure the cylinder in place, preventing movement during operation. After installation, check for any misalignments or potential obstructions that may hinder performance. Finally, run a test cycle to ensure that the cylinder operates smoothly and efficiently, making adjustments as necessary.<\/p>\n<h2>Apkopes uzdevumi<\/h2>\n<ul>\n<li><strong>Regul\u0101ras p\u0101rbaudes:<\/strong> Regul\u0101ru p\u0101rbau\u017eu veik\u0161ana, lai noteiktu nopl\u016bdes, veiktsp\u0113jas anom\u0101lijas un nodiluma paz\u012bmes, nodro\u0161ina optim\u0101lu hidraulisk\u0101s sist\u0113mas darb\u012bbu. Probl\u0113mu agr\u012bna atkl\u0101\u0161ana var ietaup\u012bt laiku un resursus.<\/li>\n<li><strong>Pareiza e\u013c\u013co\u0161ana:<\/strong> Kust\u012bgo da\u013cu regul\u0101ra e\u013c\u013co\u0161ana ir b\u016btiska, lai samazin\u0101tu berzi un pagarin\u0101tu hidraulisk\u0101 cilindra kalpo\u0161anas laiku. Pareiza sm\u0113rvielas veida un daudzuma lieto\u0161ana ir kritiski svar\u012bga veiktsp\u0113jas uztur\u0113\u0161anai.<\/li>\n<li><strong>Bl\u012bv\u0113juma nomai\u0146a:<\/strong> Regul\u0101ra bl\u012bv\u0113jumu st\u0101vok\u013ca uzraudz\u012bba un to nomai\u0146a p\u0113c nepiecie\u0161am\u012bbas nov\u0113r\u0161 \u0161\u0137idruma nopl\u016bdes un uztur hidraulisko spiedienu. Tas ir \u013coti svar\u012bgi, lai nodro\u0161in\u0101tu hidraulisk\u0101s sist\u0113mas efektivit\u0101ti un dro\u0161\u012bbu.<\/li>\n<\/ul>\n<p>Pareiza uzst\u0101d\u012b\u0161ana, e\u013c\u013co\u0161ana un regul\u0113\u0161ana ir \u013coti svar\u012bga, lai maksim\u0101li palielin\u0101tu hidraulisko cilindru kalpo\u0161anas laiku. Uzst\u0101d\u012b\u0161anas laik\u0101 ir svar\u012bgi prec\u012bzi izl\u012bdzin\u0101t cilindru, jo nepareiza izl\u012bdzin\u0101\u0161ana var izrais\u012bt priek\u0161laic\u012bgu nodilumu un boj\u0101jumus. Turkl\u0101t piem\u0113rotu mont\u0101\u017eas kron\u0161teinu izmanto\u0161ana pal\u012bdz\u0113s nostiprin\u0101t cilindru viet\u0101 un nov\u0113rs\u012bs t\u0101 kust\u012bbu. Regul\u0101ra p\u0101rbaude un apkope v\u0113l vair\u0101k uzlabos hidraulisk\u0101s sist\u0113mas uzticam\u012bbu.<\/p>\n<p><img decoding=\"async\" src=\"https:\/\/www.hydraulic-cylinders.net\/wp-content\/uploads\/2025\/04\/songte-chushion-collar.webp\" alt=\"Cilindru uzst\u0101d\u012b\u0161anas komponenti\"><\/p>\n<h2>Dro\u0161\u012bbas apsv\u0113rumi un vides faktori<\/h2>\n<p>Lietojot hidrauliskos cilindrus, dro\u0161\u012bbas pas\u0101kumi ir \u0101rk\u0101rt\u012bgi svar\u012bgi. Operatoriem j\u0101b\u016bt apm\u0101c\u012btiem atpaz\u012bt iesp\u0113jamos apdraud\u0113jumus un iev\u0113rot dro\u0161\u012bbas protokolus, str\u0101d\u0101jot ar ma\u0161\u012bn\u0101m. Nodro\u0161inot, ka dro\u0161\u012bbas funkcijas darbojas pareizi un vide tiek uzraudz\u012bta, lai noteiktu iesp\u0113jamos riskus, var iev\u0113rojami samazin\u0101t negad\u012bjumu iesp\u0113jam\u012bbu. Turkl\u0101t uzman\u012bba j\u0101piev\u0113r\u0161 hidraulisko \u0161\u0137idrumu ietekmei uz vidi. Biolo\u0123iski no\u0101rd\u0101mu hidraulisko e\u013c\u013cu izmanto\u0161ana var mazin\u0101t ar nopl\u016bd\u0113m vai izl\u012b\u0161anu saist\u012btos vides riskus, veicinot ilgtsp\u0113j\u012bbu iek\u0101rtu darb\u012bb\u0101.<\/p>\n<h2>K\u013c\u016bmju diagnostika un bie\u017e\u0101k sastopam\u0101s probl\u0113mas<\/h2>\n<ul>\n<li><strong>\u0160\u0137idruma nopl\u016bdes:<\/strong> Viena izplat\u012bta probl\u0113ma ir hidraulisk\u0101 \u0161\u0137idruma nopl\u016bde, ko var izrais\u012bt nodilu\u0161as bl\u012bves vai boj\u0101tas deta\u013cas. Regul\u0101ras p\u0101rbaudes var pal\u012bdz\u0113t laikus identific\u0113t nopl\u016bdes, nov\u0113r\u0161ot turpm\u0101kus boj\u0101jumus.<\/li>\n<li><strong>Nerea\u0123\u0113jo\u0161s cilindrs:<\/strong> Ja cilindrs nerea\u0123\u0113 uz komand\u0101m, tas var b\u016bt saist\u012bts ar zemu hidraulisk\u0101 \u0161\u0137idruma l\u012bmeni vai sist\u0113m\u0101 iesprostotu gaisu. Sist\u0113mas atgaiso\u0161ana un atbilsto\u0161a \u0161\u0137idruma l\u012bme\u0146a nodro\u0161in\u0101\u0161ana var atrisin\u0101t \u0161o probl\u0113mu.<\/li>\n<li><strong>P\u0101rm\u0113r\u012bgs troksnis:<\/strong> Neparasti trok\u0161\u0146i darb\u012bbas laik\u0101 var liecin\u0101t par meh\u0101nisk\u0101m probl\u0113m\u0101m, piem\u0113ram, nodilu\u0161iem gult\u0146iem vai nepareizu izl\u012bdzin\u0101\u0161anu. Trok\u0161\u0146a avota savlaic\u012bga izp\u0113te ir \u013coti svar\u012bga sist\u0113mas integrit\u0101tes saglab\u0101\u0161anai.<\/li>\n<\/ul>\n<h2>Probl\u0113mu nov\u0113r\u0161anas padomi<\/h2>\n<p>Diagnostic\u0113jot probl\u0113mas ar hidrauliskajiem cilindriem, ir svar\u012bgi iev\u0113rot sistem\u0101tisku pieeju. S\u0101ciet ar \u0161\u0137idruma l\u012bme\u0146a p\u0101rbaudi un redzamu nopl\u016b\u017eu paz\u012bmju mekl\u0113\u0161anu. Ja cilindrs nerea\u0123\u0113, p\u0101rbaudiet, vai hidrauliskaj\u0101 sist\u0113m\u0101 nav gaisa, un nepiecie\u0161am\u012bbas gad\u012bjum\u0101 atgaisojiet. P\u0101rm\u0113r\u012bga trok\u0161\u0146a gad\u012bjum\u0101 p\u0101rliecinieties, vai deta\u013cas ir pareizi izl\u012bdzin\u0101tas, un p\u0101rbaudiet kust\u012bgo da\u013cu nodilumu. Prevent\u012bvu pas\u0101kumu, piem\u0113ram, regul\u0101ras apkopes un p\u0101rbau\u017eu, ievie\u0161ana pal\u012bdz\u0113s mazin\u0101t iesp\u0113jam\u0101s probl\u0113mas, pirms t\u0101s saasin\u0101s.<\/p>\n<p><img decoding=\"async\" src=\"https:\/\/www.hydraulic-cylinders.net\/wp-content\/uploads\/2025\/04\/songte-bushings-with-all-kinds-of-excavator-models.webp\" alt=\"Hidraulisko cilindru bie\u017ei sastopam\u0101s probl\u0113mas\"><\/p>\n<h2>Par m\u016bsu uz\u0146\u0113mumu<\/h2>\n<p>M\u0113s esam vado\u0161ais rezerves hidraulisko cilindru ra\u017eot\u0101js, kas paz\u012bstams ar savu pla\u0161o produktu kl\u0101stu. M\u016bsu ap\u0146em\u0161an\u0101s sasniegt izcil\u012bbu ir pozicion\u0113jusi m\u016bs k\u0101 vienu no vado\u0161ajiem ra\u017eot\u0101jiem un vairumtirgot\u0101jiem gan viet\u0113j\u0101, gan starptautiskaj\u0101 tirg\u016b. M\u0113s iev\u0113rojam augst\u0101kos kvalit\u0101tes standartus, pa\u013caujoties uz izsmalcin\u0101tiem ra\u017eo\u0161anas procesiem, modernu apr\u012bkojumu un prasm\u012bgu darbasp\u0113ku, lai pieg\u0101d\u0101tu augst\u0101k\u0101s kvalit\u0101tes produktus.<\/p>\n<p>M\u016bsu uzman\u012bbas centr\u0101 ir inov\u0101cijas un kvalit\u0101tes kontrole, kas nodro\u0161ina, ka m\u0113s apmierin\u0101m m\u016bsu klientu da\u017e\u0101d\u0101s vajadz\u012bbas. Ar starptautiskiem sertifik\u0101tiem un ap\u0146em\u0161anos nodro\u0161in\u0101t klientu apmierin\u0101t\u012bbu m\u0113s pied\u0101v\u0101jam piel\u0101gojamus risin\u0101jumus, kas atbilst konkr\u0113t\u0101m darb\u012bbas pras\u012bb\u0101m. M\u016bsu visaptvero\u0161ie p\u0113cp\u0101rdo\u0161anas pakalpojumi v\u0113l vair\u0101k pastiprina m\u016bsu ap\u0146em\u0161anos nodro\u0161in\u0101t kvalit\u0101ti un uzticam\u012bbu.<\/p>\n<p><img decoding=\"async\" src=\"https:\/\/www.hydraulic-cylinders.net\/wp-content\/uploads\/2025\/04\/songte-company-4.webp\" alt=\"Uz\u0146\u0113muma kvalit\u0101tes nodro\u0161in\u0101\u0161ana\"><br \/>\n<img decoding=\"async\" src=\"https:\/\/www.hydraulic-cylinders.net\/wp-content\/uploads\/2025\/04\/songte-company-3.webp\" alt=\"Uz\u0146\u0113muma ra\u017eo\u0161anas iek\u0101rta\"><\/p>\n<p>Autors: lil<\/p>","protected":false},"excerpt":{"rendered":"<p>Boom Cylinder For Wacker E8003 Product Overview The Boom Cylinder for Wacker E8003 is a specialized hydraulic cylinder designed for controlling the movement of heavy machinery buckets, such as those found in excavators, backhoe loaders, and front-end loaders. These cylinders are essential in facilitating the lifting, lowering, and tilting of buckets, streamlining material handling tasks [&hellip;]<\/p>","protected":false},"featured_media":17878,"comment_status":"open","ping_status":"closed","template":"","meta":{"_et_pb_use_builder":"","_et_pb_old_content":"","_et_gb_content_width":""},"product_brand":[],"product_cat":[1546],"product_tag":[1547,1496],"class_list":{"0":"post-19630","1":"product","2":"type-product","3":"status-publish","4":"has-post-thumbnail","6":"product_cat-boom-cylinders","7":"product_tag-boom-cylinders","8":"product_tag-hydraulic-cylinders","10":"first","11":"instock","12":"shipping-taxable","13":"product-type-simple"},"amp_enabled":true,"_links":{"self":[{"href":"https:\/\/www.hydraulic-cylinders.net\/lv\/wp-json\/wp\/v2\/product\/19630","targetHints":{"allow":["GET"]}}],"collection":[{"href":"https:\/\/www.hydraulic-cylinders.net\/lv\/wp-json\/wp\/v2\/product"}],"about":[{"href":"https:\/\/www.hydraulic-cylinders.net\/lv\/wp-json\/wp\/v2\/types\/product"}],"replies":[{"embeddable":true,"href":"https:\/\/www.hydraulic-cylinders.net\/lv\/wp-json\/wp\/v2\/comments?post=19630"}],"wp:featuredmedia":[{"embeddable":true,"href":"https:\/\/www.hydraulic-cylinders.net\/lv\/wp-json\/wp\/v2\/media\/17878"}],"wp:attachment":[{"href":"https:\/\/www.hydraulic-cylinders.net\/lv\/wp-json\/wp\/v2\/media?parent=19630"}],"wp:term":[{"taxonomy":"product_brand","embeddable":true,"href":"https:\/\/www.hydraulic-cylinders.net\/lv\/wp-json\/wp\/v2\/product_brand?post=19630"},{"taxonomy":"product_cat","embeddable":true,"href":"https:\/\/www.hydraulic-cylinders.net\/lv\/wp-json\/wp\/v2\/product_cat?post=19630"},{"taxonomy":"product_tag","embeddable":true,"href":"https:\/\/www.hydraulic-cylinders.net\/lv\/wp-json\/wp\/v2\/product_tag?post=19630"}],"curies":[{"name":"wp","href":"https:\/\/api.w.org\/{rel}","templated":true}]}}