{"id":19631,"date":"2025-04-07T06:58:28","date_gmt":"2025-04-07T06:58:28","guid":{"rendered":"https:\/\/www.hydraulic-cylinders.net\/product\/boom-cylinder-for-wacker-e217\/"},"modified":"2025-04-07T06:58:31","modified_gmt":"2025-04-07T06:58:31","slug":"boom-cylinder-for-wacker-e217","status":"publish","type":"product","link":"https:\/\/www.hydraulic-cylinders.net\/lv\/products\/boom-cylinder-for-wacker-e217\/","title":{"rendered":"Wacker E217 str\u0113les cilindrs"},"content":{"rendered":"<h1>Wacker E217 str\u0113les cilindrs<\/h1>\n<h2>Produkta p\u0101rskats<\/h2>\n<p>\u012apa\u0161i Wacker E217 izstr\u0101d\u0101tais str\u0113les cilindrs ir b\u016btiska hidraulisko sist\u0113mu sast\u0101vda\u013ca. \u0160is hidrauliskais cilindrs ir paredz\u0113ts, lai kontrol\u0113tu kausa kust\u012bbu da\u017e\u0101d\u0101s smagaj\u0101s ma\u0161\u012bn\u0101s, tostarp ekskavatoros, ekskavatoros-iekr\u0101v\u0113jos un front\u0101lajos iekr\u0101v\u0113jos. Tas \u013cauj kausam efekt\u012bvi pacelties, nolaisties un noliekties, padarot to neaizst\u0101jamu materi\u0101lu apstr\u0101des darbos.<\/p>\n<p><img decoding=\"async\" src=\"https:\/\/www.hydraulic-cylinders.net\/wp-content\/uploads\/2025\/04\/songte-company-1.webp\" alt=\"Str\u0113les cilindrs\" \/><\/p>\n<h3>Defin\u012bcija un funkcionalit\u0101te<\/h3>\n<p>Kausa cilindrs ir hidraulisk\u0101 cilindra veids, kam ir iz\u0161\u0137iro\u0161a noz\u012bme smag\u0101 apr\u012bkojuma darb\u012bb\u0101. Tas \u013cauj prec\u012bzi kontrol\u0113t kausa novietojumu, \u013caujot operatoriem viegli veikt t\u0101das darb\u012bbas k\u0101 rak\u0161ana, cel\u0161ana un materi\u0101lu transport\u0113\u0161ana. Cilindr\u0101 rad\u012btais hidrauliskais sp\u0113ks p\u0101rv\u0113r\u0161as sp\u0113c\u012bg\u0101s kust\u012bb\u0101s, kas ir b\u016btiskas tehnikas efekt\u012bvai darb\u012bbai b\u016bvlaukumos un cit\u0101s r\u016bpniecisk\u0101s lietojumprogramm\u0101s.<\/p>\n<h2>Produkta funkcijas<\/h2>\n<ul>\n<li><strong>Augsta iztur\u012bba un ilgm\u016b\u017e\u012bba:<\/strong> \u0160ie cilindri ir izgatavoti no augstas stipr\u012bbas t\u0113rauda vai alum\u012bnija, un tie var iztur\u0113t augstu spiedienu un lielas slodzes, padarot tos piem\u0113rotus skarbiem darba apst\u0101k\u013ciem. Konstrukcij\u0101 ir iek\u013cauta ar\u012b nodilumiztur\u012bba un iztur\u012bba pret koroziju, lai pagarin\u0101tu kalpo\u0161anas laiku.<\/li>\n<li><strong>Efekt\u012bva hidraulisk\u0101 darb\u012bba:<\/strong> Cilindri izmanto hidraulisk\u0101s e\u013c\u013cas spiedienu, lai nodro\u0161in\u0101tu vienm\u0113r\u012bgu izvirz\u012b\u0161anos un ievilk\u0161anu, \u013caujot \u0101tri rea\u0123\u0113t uz operatora komand\u0101m. Tie nodro\u0161ina iev\u0113rojamu stum\u0161anas un vilk\u0161anas jaudu, padarot tos ide\u0101li piem\u0113rotus smagu un sare\u017e\u0123\u012btu uzdevumu veik\u0161anai.<\/li>\n<li><strong>Da\u017e\u0101di veidi:<\/strong> \u0160ie cilindri ir pieejami vienk\u0101r\u0161\u0101s darb\u012bbas (hidrauliska darb\u012bba vien\u0101 virzien\u0101) vai divk\u0101r\u0161\u0101s darb\u012bbas (hidrauliska darb\u012bba abos virzienos) konfigur\u0101cij\u0101s, un tos var piel\u0101got da\u017e\u0101d\u0101m ekspluat\u0101cijas vajadz\u012bb\u0101m. Da\u017eiem mode\u013ciem ir teleskopiska konstrukcija, kas \u013cauj pan\u0101kt liel\u0101ku pagarin\u0101jumu, nepalielinot \u0101r\u0113jos izm\u0113rus, kas ir izdev\u012bgi lietojumos ar ierobe\u017eotu vietu.<\/li>\n<li><strong>Sader\u012bba:<\/strong> M\u016bsu produkti ir izstr\u0101d\u0101ti, lai perfekti aizst\u0101tu eso\u0161os hidrauliskos cilindrus, nodro\u0161inot neman\u0101mu integr\u0101ciju ar j\u016bsu tehniku.<\/li>\n<li><strong>Tehnisk\u0101 precizit\u0101te:<\/strong> Katrs cilindrs ir izgatavots ar precizit\u0101ti, nodro\u0161inot optim\u0101lu veiktsp\u0113ju sare\u017e\u0123\u012btos apst\u0101k\u013cos.<\/li>\n<\/ul>\n<p><img decoding=\"async\" src=\"https:\/\/www.hydraulic-cylinders.net\/wp-content\/uploads\/2025\/04\/songte-cylinder-head-with-all-kinds-excavator-models.webp\" alt=\"Cilindru sader\u012bba\" \/><\/p>\n<h2>Pieteikumi<\/h2>\n<h3>Celtniec\u012bbas apr\u012bkojums<\/h3>\n<p>Ekskavatoros str\u0113les cilindri ir b\u016btiski augsnes vai gru\u017eu rak\u0161anai, iekrau\u0161anai un p\u0101rvieto\u0161anai. Tie nodro\u0161ina nepiecie\u0161amo sp\u0113ku, lai iek\u013c\u016btu ciet\u0101 zem\u0113, nodro\u0161inot efekt\u012bvu rak\u0161anu. Ekskavatoros-iekr\u0101v\u0113jos kausa cilindrs atvieglo gan rak\u0161anu, gan cel\u0161anu, nodro\u0161inot daudzpus\u012bgu darb\u012bbu b\u016bvlaukumos.<\/p>\n<h3>Lauksaimniec\u012bbas tehnika<\/h3>\n<p>Front\u0101lie iekr\u0101v\u0113ji izmanto str\u0113les cilindrus augsnes, siena un citu materi\u0101lu sav\u0101k\u0161anai, cel\u0161anai un transport\u0113\u0161anai. \u0160\u012b funkcionalit\u0101te ir kritiski svar\u012bga lauksaimniec\u012bbas vid\u0113, kur materi\u0101lu apstr\u0101des efektivit\u0101te tie\u0161i ietekm\u0113 produktivit\u0101ti un darbasp\u0113ka izmaksas.<\/p>\n<h3>Ekskavatori<\/h3>\n<p>Kausa cilindrs \u013cauj ekskavatoriem viegli iek\u013c\u016bt augsn\u0113, efekt\u012bvi veicot rak\u0161anas darbus. \u0160\u012b sp\u0113ja ir b\u016btiska da\u017e\u0101dos b\u016bvniec\u012bbas un ainavu veido\u0161anas projektos, kur nepiecie\u0161ama dzi\u013ca rak\u0161ana.<\/p>\n<h3>Iekr\u0101v\u0113ji<\/h3>\n<p>Front\u0101lajos iekr\u0101v\u0113jos str\u0113les cilindri pal\u012bdz efekt\u012bvi pacelt un izkraut materi\u0101lus, padarot tos par vit\u0101li svar\u012bgiem uzdevumiem, kuriem nepiecie\u0161amas \u0101tras un efekt\u012bvas iekrau\u0161anas oper\u0101cijas.<\/p>\n<h2>Dizaina apsv\u0113rumi un atlases krit\u0113riji<\/h2>\n<h3>Kravnes\u012bba<\/h3>\n<p>Izv\u0113loties str\u0113les cilindru, ir svar\u012bgi nov\u0113rt\u0113t t\u0101 kravnes\u012bbu, lai p\u0101rliecin\u0101tos, ka tas sp\u0113j tikt gal\u0101 ar paredz\u0113tajiem uzdevumiem. Cilindrs ar nepietiekamu ietilp\u012bbu var izrais\u012bt apr\u012bkojuma boj\u0101jumus vai dro\u0161\u012bbas apdraud\u0113jumus, t\u0101p\u0113c ir svar\u012bgi r\u016bp\u012bgi izv\u0113l\u0113ties, pamatojoties uz ekspluat\u0101cijas pras\u012bb\u0101m.<\/p>\n<h3>Bl\u012bv\u0113juma veiktsp\u0113ja<\/h3>\n<p>Efekt\u012bva bl\u012bv\u0113\u0161ana ir b\u016btiska, lai nov\u0113rstu hidraulisk\u0101 \u0161\u0137idruma nopl\u016bdes, kas var apdraud\u0113t sist\u0113mas efektivit\u0101ti un dro\u0161\u012bbu. Lai nodro\u0161in\u0101tu ilgm\u016b\u017e\u012bbu un uzticam\u012bbu da\u017e\u0101dos darba apst\u0101k\u013cos, j\u0101izmanto augstas kvalit\u0101tes bl\u012bves, kas izgatavotas no iztur\u012bgiem materi\u0101liem, piem\u0113ram, poliuret\u0101na vai nitrilgumijas.<\/p>\n<h3>Iztur\u012bba<\/h3>\n<p>Balona iztur\u012bba ir \u0101rk\u0101rt\u012bgi svar\u012bga, \u012bpa\u0161i sare\u017e\u0123\u012btos apst\u0101k\u013cos. Materi\u0101liem j\u0101b\u016bt iztur\u012bgiem pret nodilumu un koroziju, nodro\u0161inot, ka cilindrs laika gait\u0101 saglab\u0101 funkcionalit\u0101ti un samazina apkopes pras\u012bbas.<\/p>\n<h3>Dro\u0161\u012bbas funkcijas<\/h3>\n<p>Dro\u0161\u012bbas funkciju, piem\u0113ram, spiediena samazin\u0101\u0161anas v\u0101rstu, un iztur\u012bgas konstrukcijas iek\u013cau\u0161ana pal\u012bdz nov\u0113rst negad\u012bjumus un iek\u0101rtu boj\u0101jumus. \u0160\u012bs funkcijas ir b\u016btiskas gan operatoru, gan iek\u0101rtu aizsardz\u012bbai darb\u012bbas laik\u0101.<\/p>\n<h3>Apkopes pieejam\u012bba<\/h3>\n<p>Ir \u013coti svar\u012bgi projekt\u0113t cilindru t\u0101, lai tas b\u016btu viegli pieejams apkopes punktiem. \u0160is apsv\u0113rums vienk\u0101r\u0161o ikdienas p\u0101rbaudes un remontu, nodro\u0161inot savlaic\u012bgu apkopi bez ilgsto\u0161as \u200b\u200bd\u012bkst\u0101ves.<\/p>\n<p><img decoding=\"async\" src=\"https:\/\/www.hydraulic-cylinders.net\/wp-content\/uploads\/2025\/04\/songte-oil-pipes-and-spare-parts.webp\" alt=\"Apkopes pieejam\u012bba\" \/><\/p>\n<h2>Bl\u012bv\u0113\u0161ana un e\u013c\u013co\u0161ana<\/h2>\n<p>Pareiza bl\u012bv\u0113\u0161ana un e\u013c\u013co\u0161ana ir kritiski svar\u012bga hidraulisko cilindru veiktsp\u0113jai un ilgm\u016b\u017e\u012bbai. Lai nodro\u0161in\u0101tu optim\u0101lu veiktsp\u0113ju, r\u016bp\u012bgi j\u0101izv\u0113las da\u017e\u0101di bl\u012bv\u0113\u0161anas komponenti, piem\u0113ram, virzu\u013ca bl\u012bves un stie\u0146a bl\u012bves. Bl\u012bv\u0113jumi, kas izgatavoti no nodilumiztur\u012bgiem materi\u0101liem, piem\u0113ram, poliuret\u0101na un nitrila gumijas, nodro\u0161ina lielisku aizsardz\u012bbu pret nopl\u016bd\u0113m un nodilumu. Cilindra korpuss un v\u012bt\u0146ot\u0101s gala virsmas tiek r\u016bp\u012bgi apstr\u0101d\u0101tas, lai uzlabotu nodilumiztur\u012bbu. Regul\u0101ra e\u013c\u013co\u0161ana ar atbilsto\u0161u hidraulisko e\u013c\u013cu ir nepiecie\u0161ama ar\u012b, lai samazin\u0101tu berzi un nov\u0113rstu priek\u0161laic\u012bgu nodilumu, nodro\u0161inot vienm\u0113r\u012bgu darb\u012bbu vis\u0101 cilindra kalpo\u0161anas laik\u0101.<\/p>\n<h2>Regul\u0101ra p\u0101rbaude un profilaktisk\u0101 apkope<\/h2>\n<ul>\n<li><strong>Regul\u0101ras p\u0101rbaudes:<\/strong> Regul\u0101ri veiciet vizu\u0101las p\u0101rbaudes, lai p\u0101rbaud\u012btu, vai nav nodiluma paz\u012bmju, nopl\u016b\u017eu vai boj\u0101jumu, lai nodro\u0161in\u0101tu hidraulisk\u0101s sist\u0113mas efekt\u012bvu darb\u012bbu.<\/li>\n<li><strong>Piem\u0113rota e\u013c\u013co\u0161ana:<\/strong> P\u0101rliecinieties, ka cilindrs ir pietiekami iee\u013c\u013cots ar pareizo hidraulisko e\u013c\u013cu, lai nodro\u0161in\u0101tu vienm\u0113r\u012bgu darb\u012bbu un nov\u0113rstu nodilumu.<\/li>\n<li><strong>Bl\u012bv\u0113juma nomai\u0146a:<\/strong> Regul\u0101ri p\u0101rbaudiet bl\u012bv\u0113jumu nodilumu un nomainiet tos p\u0113c nepiecie\u0161am\u012bbas, lai nov\u0113rstu nopl\u016bdes un saglab\u0101tu hidraulisko integrit\u0101ti.<\/li>\n<\/ul>\n<h2>Uzst\u0101d\u012b\u0161anas vadl\u012bnijas<\/h2>\n<p>Pareiza str\u0113les cilindra uzst\u0101d\u012b\u0161ana ir \u013coti svar\u012bga t\u0101 efekt\u012bvai darb\u012bbai. Vispirms p\u0101rliecinieties, vai mont\u0101\u017eas virsmas ir t\u012bras un bez gru\u017eiem. Izmantojiet atbilsto\u0161us mont\u0101\u017eas kron\u0161teinus, lai nostiprin\u0101tu cilindru, p\u0101rliecinoties, ka tas ir pareizi izl\u012bdzin\u0101ts, lai izvair\u012btos no p\u0101rm\u0113r\u012bgas slodzes. Iev\u0113rojiet ra\u017eot\u0101ja specifik\u0101cijas attiec\u012bb\u0101 uz griezes momenta iestat\u012bjumiem, lai nostiprin\u0101tu visus savienojumus. P\u0113c uzst\u0101d\u012b\u0161anas p\u0101rbaudiet sist\u0113mu ekspluat\u0101cijas apst\u0101k\u013cos, lai p\u0101rliecin\u0101tos, ka cilindrs darbojas, k\u0101 paredz\u0113ts, un veiciet nepiecie\u0161am\u0101s korekcijas.<\/p>\n<h2>Bie\u017ei sastopamie apkopes uzdevumi<\/h2>\n<ul>\n<li><strong>Regul\u0101ra p\u0101rbaude:<\/strong> Regul\u0101ri p\u0101rbaudiet str\u0113les cilindru, vai nav nopl\u016b\u017eu, nodiluma un kop\u0113j\u0101 st\u0101vok\u013ca. Nekav\u0113joties nov\u0113rsiet visas probl\u0113mas, lai nov\u0113rstu turpm\u0101kus boj\u0101jumus.<\/li>\n<li><strong>Pareiza e\u013c\u013co\u0161ana:<\/strong> Uztur\u0113t atbilsto\u0161u e\u013c\u013co\u0161anas l\u012bmeni un nodro\u0161in\u0101t, ka izmantot\u0101 hidraulisk\u0101 e\u013c\u013ca ir sader\u012bga ar cilindra specifik\u0101cij\u0101m.<\/li>\n<li><strong>Bl\u012bv\u0113juma nomai\u0146a:<\/strong> Uzraudz\u012bt bl\u012bv\u0113jumu st\u0101vokli un nepiecie\u0161am\u012bbas gad\u012bjum\u0101 tos nomain\u012bt, lai saglab\u0101tu hidraulisk\u0101 \u0161\u0137idruma integrit\u0101ti un nov\u0113rstu nopl\u016bdes.<\/li>\n<\/ul>\n<p>Pareizas uzst\u0101d\u012b\u0161anas, e\u013c\u013co\u0161anas un regul\u0113\u0161anas noz\u012bmes uzsv\u0113r\u0161ana ir b\u016btiska, lai maksim\u0101li palielin\u0101tu cilindra kalpo\u0161anas laiku. Pareiza izl\u012bdzin\u0101\u0161ana uzst\u0101d\u012b\u0161anas laik\u0101 ir \u013coti svar\u012bga, un piem\u0113rotu mont\u0101\u017eas kron\u0161teinu izmanto\u0161ana pal\u012bdz\u0113s efekt\u012bvi nostiprin\u0101t cilindru. Ieteicamo p\u0101rbaudes, remonta un nomai\u0146as proced\u016bru iev\u0113ro\u0161ana veicin\u0101s optim\u0101lu veiktsp\u0113ju un ilgm\u016b\u017e\u012bbu.<\/p>\n<p><img decoding=\"async\" src=\"https:\/\/www.hydraulic-cylinders.net\/wp-content\/uploads\/2025\/04\/songte-chushion-collar.webp\" alt=\"Cilindra uzst\u0101d\u012b\u0161ana\" \/><\/p>\n<h2>Dro\u0161\u012bbas apsv\u0113rumi un vides faktori<\/h2>\n<p>Dro\u0161\u012bbas pas\u0101kumi, str\u0101d\u0101jot ar hidrauliskaj\u0101m sist\u0113m\u0101m, ir \u0101rk\u0101rt\u012bgi svar\u012bgi. Pareiza operatoru apm\u0101c\u012bba par hidraulisko iek\u0101rtu dro\u0161u lieto\u0161anu var samazin\u0101t negad\u012bjumu skaitu. Turkl\u0101t vides standartu iev\u0113ro\u0161ana apkopes un ekspluat\u0101cijas laik\u0101 pal\u012bdz samazin\u0101t hidraulisko \u0161\u0137idrumu un citu b\u016bvniec\u012bbas iek\u0101rt\u0101s izmantoto materi\u0101lu ekolo\u0123isko ietekmi.<\/p>\n<h2>K\u013c\u016bmju diagnostika un bie\u017e\u0101k sastopam\u0101s probl\u0113mas<\/h2>\n<h3>Bie\u017ei sastopamas probl\u0113mas<\/h3>\n<ul>\n<li><strong>Nopl\u016bde:<\/strong> Hidraulisk\u0101 \u0161\u0137idruma nopl\u016bdes var rasties nolietotu bl\u012bv\u0113jumu vai boj\u0101tu \u0161\u013c\u016bte\u0146u d\u0113\u013c. Regul\u0101ras p\u0101rbaudes un savlaic\u012bgs remonts ir \u013coti svar\u012bgi, lai nov\u0113rstu nopietnas darb\u012bbas probl\u0113mas.<\/li>\n<li><strong>Jaudas zudums:<\/strong> Celtsp\u0113jas samazin\u0101\u0161an\u0101s var liecin\u0101t par iek\u0161\u0113jiem boj\u0101jumiem vai \u0161\u0137idruma pies\u0101r\u0146ojumu. \u0100tra pamatc\u0113lo\u0146a diagnostika pal\u012bdz uztur\u0113t iek\u0101rtu efektivit\u0101ti.<\/li>\n<li><strong>Neparastas ska\u0146as:<\/strong> Neparastas ska\u0146as var liecin\u0101t par meh\u0101nisk\u0101m probl\u0113m\u0101m vai nepietiekamu e\u013c\u013co\u0161anu. \u0160o paz\u012bmju iev\u0113ro\u0161ana var nov\u0113rst turpm\u0101kus boj\u0101jumus.<\/li>\n<\/ul>\n<h3>Probl\u0113mu nov\u0113r\u0161anas padomi<\/h3>\n<p>Efekt\u012bva probl\u0113mu nov\u0113r\u0161ana ietver r\u016bp\u012bgas p\u0101rbaudes un sistem\u0101tisku identific\u0113to probl\u0113mu diagnostiku. Ieviesiet prevent\u012bvus pas\u0101kumus, piem\u0113ram, regul\u0101ru apkopi, lai samazin\u0101tu iesp\u0113jam\u0101s probl\u0113mas, nodro\u0161inot hidraulisk\u0101s sist\u0113mas darb\u012bbu un efektivit\u0101ti.<\/p>\n<p><img decoding=\"async\" src=\"https:\/\/www.hydraulic-cylinders.net\/wp-content\/uploads\/2025\/04\/songte-bushings-with-all-kinds-of-excavator-models.webp\" alt=\"K\u013c\u016bmju diagnostika\" \/><\/p>\n<h2>Par m\u016bsu uz\u0146\u0113mumu<\/h2>\n<p>M\u0113s esam vado\u0161ais rezerves hidraulisko cilindru ra\u017eot\u0101js, kas pied\u0101v\u0101 pla\u0161u produktu kl\u0101stu, kas apmierina gan viet\u0113jo, gan starptautisko tirgu vajadz\u012bbas. M\u016bsu ap\u0146em\u0161anos nodro\u0161in\u0101t izcilu kvalit\u0101ti atbalsta izsmalcin\u0101ta ra\u017eo\u0161anas strat\u0113\u0123ija, kas uzsver precizit\u0101tes vad\u012bbu. Koncentr\u0113joties uz tehnolo\u0123ij\u0101m, modern\u0101m ra\u017eo\u0161anas iek\u0101rt\u0101m un profesion\u0101l\u0101m test\u0113\u0161anas sist\u0113m\u0101m, m\u0113s nep\u0101rtraukti uzlabojam savas ra\u017eo\u0161anas iesp\u0113jas. M\u016bsu augst\u0101 efektivit\u0101te un precizit\u0101te atbilst da\u017e\u0101d\u0101m klientu vajadz\u012bb\u0101m, nodro\u0161inot, ka m\u0113s joproj\u0101m esam hidraulisko cilindru nozares avangard\u0101.<\/p>\n<p><img decoding=\"async\" src=\"https:\/\/www.hydraulic-cylinders.net\/wp-content\/uploads\/2025\/04\/songte-company-4.webp\" alt=\"Uz\u0146\u0113muma p\u0101rskats\" \/><br \/>\n<img decoding=\"async\" src=\"https:\/\/www.hydraulic-cylinders.net\/wp-content\/uploads\/2025\/04\/songte-company-3.webp\" alt=\"Uz\u0146\u0113muma ra\u017eo\u0161ana\" \/><\/p>\n<p>Autors: lil<\/p>","protected":false},"excerpt":{"rendered":"<p>Boom Cylinder For Wacker E217 Product Overview The Boom Cylinder, specifically designed for the Wacker E217, is a vital component in hydraulic systems. This hydraulic cylinder is engineered to control the movement of the bucket in various heavy machinery, including excavators, backhoe loaders, and front loaders. It enables the bucket to lift, lower, and tilt [&hellip;]<\/p>","protected":false},"featured_media":17879,"comment_status":"open","ping_status":"closed","template":"","meta":{"_et_pb_use_builder":"","_et_pb_old_content":"","_et_gb_content_width":""},"product_brand":[],"product_cat":[1546],"product_tag":[1547,1496],"class_list":{"0":"post-19631","1":"product","2":"type-product","3":"status-publish","4":"has-post-thumbnail","6":"product_cat-boom-cylinders","7":"product_tag-boom-cylinders","8":"product_tag-hydraulic-cylinders","10":"first","11":"instock","12":"shipping-taxable","13":"product-type-simple"},"amp_enabled":true,"_links":{"self":[{"href":"https:\/\/www.hydraulic-cylinders.net\/lv\/wp-json\/wp\/v2\/product\/19631","targetHints":{"allow":["GET"]}}],"collection":[{"href":"https:\/\/www.hydraulic-cylinders.net\/lv\/wp-json\/wp\/v2\/product"}],"about":[{"href":"https:\/\/www.hydraulic-cylinders.net\/lv\/wp-json\/wp\/v2\/types\/product"}],"replies":[{"embeddable":true,"href":"https:\/\/www.hydraulic-cylinders.net\/lv\/wp-json\/wp\/v2\/comments?post=19631"}],"wp:featuredmedia":[{"embeddable":true,"href":"https:\/\/www.hydraulic-cylinders.net\/lv\/wp-json\/wp\/v2\/media\/17879"}],"wp:attachment":[{"href":"https:\/\/www.hydraulic-cylinders.net\/lv\/wp-json\/wp\/v2\/media?parent=19631"}],"wp:term":[{"taxonomy":"product_brand","embeddable":true,"href":"https:\/\/www.hydraulic-cylinders.net\/lv\/wp-json\/wp\/v2\/product_brand?post=19631"},{"taxonomy":"product_cat","embeddable":true,"href":"https:\/\/www.hydraulic-cylinders.net\/lv\/wp-json\/wp\/v2\/product_cat?post=19631"},{"taxonomy":"product_tag","embeddable":true,"href":"https:\/\/www.hydraulic-cylinders.net\/lv\/wp-json\/wp\/v2\/product_tag?post=19631"}],"curies":[{"name":"wp","href":"https:\/\/api.w.org\/{rel}","templated":true}]}}