{"id":19632,"date":"2025-04-07T06:58:31","date_gmt":"2025-04-07T06:58:31","guid":{"rendered":"https:\/\/www.hydraulic-cylinders.net\/product\/boom-cylinder-for-wacker-e238\/"},"modified":"2025-04-07T06:58:34","modified_gmt":"2025-04-07T06:58:34","slug":"boom-cylinder-for-wacker-e238","status":"publish","type":"product","link":"https:\/\/www.hydraulic-cylinders.net\/lv\/products\/boom-cylinder-for-wacker-e238\/","title":{"rendered":"Wacker E238 str\u0113les cilindrs"},"content":{"rendered":"<h1>Wacker E238 str\u0113les cilindrs<\/h1>\n<h2>Ievads str\u0113les cilindr\u0101<\/h2>\n<p>Str\u0113les cilindrs ir b\u016btiska smago ma\u0161\u012bnu hidraulisk\u0101s sist\u0113mas sast\u0101vda\u013ca, kas \u012bpa\u0161i paredz\u0113ta ekskavatoru, iekr\u0101v\u0113ju un front\u0101lo iekr\u0101v\u0113ju kausu kust\u012bbas vad\u012bbai. Tas \u013cauj kausam pacelties, nolaisties un noliekties, t\u0101d\u0113j\u0101di atvieglojot efekt\u012bvus materi\u0101lu apstr\u0101des uzdevumus. B\u016bt\u012bb\u0101 kausa cilindrs ir hidraulisk\u0101 cilindra veids, kas nodro\u0161ina prec\u012bzu da\u017e\u0101du meh\u0101nisko sist\u0113mu vad\u012bbu un vienm\u0113r\u012bgu darb\u012bbu.<\/p>\n<p><img decoding=\"async\" src=\"https:\/\/www.hydraulic-cylinders.net\/wp-content\/uploads\/2025\/04\/songte-company-1.webp\" alt=\"Str\u0113les cilindrs\"><\/p>\n<h3>Defin\u012bcija un p\u0101rskats<\/h3>\n<p>Hidrauliskie cilindri, tostarp str\u0113les cilindri, darbojas, p\u0101rveidojot hidraulisko ener\u0123iju meh\u0101nisk\u0101 sp\u0113k\u0101, \u013caujot ma\u0161\u012bn\u0101m veikt uzdevumus, kas saist\u012bti ar materi\u0101lu cel\u0161anu, rak\u0161anu vai p\u0101rvieto\u0161anu. Tie ir b\u016btiski b\u016bvniec\u012bbas un lauksaimniec\u012bbas darbos, kur efektivit\u0101tes un produktivit\u0101tes nodro\u0161in\u0101\u0161anai ir nepiecie\u0161ama smagu kravu cel\u0161ana un prec\u012bza kust\u012bba.<\/p>\n<h2>Str\u0113les cilindra \u012bpa\u0161\u012bbas<\/h2>\n<ul>\n<li><strong>Augsta iztur\u012bba un ilgm\u016b\u017e\u012bba:<\/strong> Parasti izgatavots no augstas stipr\u012bbas t\u0113rauda vai alum\u012bnija, kas sp\u0113j iztur\u0113t augstu spiedienu un lielas slodzes, vienlaikus piel\u0101gojoties skarbai darba videi.<\/li>\n<li><strong>Efekt\u012bva hidraulisk\u0101 darb\u012bba:<\/strong> Izmanto hidraulisk\u0101s e\u013c\u013cas spiedienu vienm\u0113r\u012bgai izvilk\u0161anai un ievilk\u0161anai, \u0101tri rea\u0123\u0113jot uz vad\u012bbas komand\u0101m un nodro\u0161inot sp\u0113c\u012bgu stum\u0161anas un vilk\u0161anas sp\u0113ku.<\/li>\n<li><strong>Da\u017e\u0101di veidi:<\/strong> Pieejams vienk\u0101r\u0161\u0101s vai divk\u0101r\u0161\u0101s darb\u012bbas konfigur\u0101cij\u0101s, lai apmierin\u0101tu da\u017e\u0101das ekspluat\u0101cijas vajadz\u012bbas, da\u017eiem mode\u013ciem ir teleskopiska konstrukcija, kas nodro\u0161ina liel\u0101ku pagarin\u0101jumu, nepalielinot \u0101r\u0113jos izm\u0113rus.<\/li>\n<li><strong>Apkopei draudz\u012bgs dizains:<\/strong> Izstr\u0101d\u0101ts, lai nodro\u0161in\u0101tu \u0113rtu piek\u013cuvi komponentiem, vienk\u0101r\u0161otu apkopi un samazin\u0101tu d\u012bkst\u0101ves laiku.<\/li>\n<li><strong>Lieliski bl\u012bv\u0113\u0161anas meh\u0101nismi:<\/strong> Ietver uzlabotas bl\u012bv\u0113\u0161anas tehnolo\u0123ijas, lai samazin\u0101tu nopl\u016bdes un pagarin\u0101tu cilindra kalpo\u0161anas laiku.<\/li>\n<\/ul>\n<h2>Str\u0113les cilindra pielietojums<\/h2>\n<h3>Celtniec\u012bbas apr\u012bkojums<\/h3>\n<p>Ekskavatoros str\u0113les cilindri ir \u013coti svar\u012bgi zemes vai gru\u017eu rak\u0161anai, iekrau\u0161anai un p\u0101rvieto\u0161anai. Tie nodro\u0161ina nepiecie\u0161amo sp\u0113ku kausa pacel\u0161anai un p\u0101rvieto\u0161anai, \u013caujot efekt\u012bvi veikt rak\u0161anas darbus. \u0160o cilindru konstrukcija nodro\u0161ina, ka tie sp\u0113j tikt gal\u0101 ar skarbas b\u016bvniec\u012bbas vides pras\u012bb\u0101m.<\/p>\n<h3>Lauksaimniec\u012bbas tehnika<\/h3>\n<p>Front\u0101lajos iekr\u0101v\u0113jos str\u0113les cilindri tiek izmantoti augsnes, siena un citu materi\u0101lu sav\u0101k\u0161anai, pacel\u0161anai un transport\u0113\u0161anai. To iztur\u012bg\u0101 konstrukcija \u013cauj tiem tikt gal\u0101 ar smag\u0101m krav\u0101m, vienlaikus saglab\u0101jot stabilit\u0101ti darb\u012bbas laik\u0101. \u0160\u012b uzticam\u012bba ir b\u016btiska lauksaimniec\u012bbas profesion\u0101\u013ciem, kuri ikdienas darbiem pa\u013caujas uz smago tehniku.<\/p>\n<h3>Ekskavatori<\/h3>\n<p>Ekskavatoru str\u0113les cilindri \u013cauj kausam efekt\u012bvi iek\u013c\u016bt augsn\u0113 rak\u0161anas laik\u0101. To hidraulisk\u0101s iesp\u0113jas nodro\u0161ina nepiecie\u0161amo sp\u0113ku dzi\u013cai izrak\u0161anai, padarot tos neaizst\u0101jamus b\u016bvniec\u012bbas un ainavu veido\u0161anas projektos.<\/p>\n<h3>Iekr\u0101v\u0113ji<\/h3>\n<p>Front\u0101lajos iekr\u0101v\u0113jos str\u0113les cilindri pal\u012bdz efekt\u012bvi pacelt un izg\u0101zt materi\u0101lus. Hidraulisk\u0101 jauda nodro\u0161ina \u0101tru un efekt\u012bvu darb\u012bbu, kas ir \u013coti svar\u012bgi, lai saglab\u0101tu produktivit\u0101ti darba viet\u0101s.<\/p>\n<h2>Dizaina apsv\u0113rumi un atlases krit\u0113riji<\/h2>\n<ul>\n<li><strong>Kravnes\u012bba:<\/strong> The design must withstand the maximum load during operations. Ensuring the cylinder&#8217;s load capacity matches the machinery&#8217;s requirements is essential for safety and performance.<\/li>\n<li><strong>Bl\u012bv\u0113juma integrit\u0101te:<\/strong> Efekt\u012bvs bl\u012bv\u0113jums nov\u0113r\u0161 hidraulisk\u0101 \u0161\u0137idruma nopl\u016bdi, kas ir \u013coti svar\u012bgi spiediena un darb\u012bbas efektivit\u0101tes uztur\u0113\u0161anai. Augstas kvalit\u0101tes bl\u012bv\u0113\u0161anas materi\u0101lu izv\u0113le ir \u013coti svar\u012bga iztur\u012bbai.<\/li>\n<li><strong>Iztur\u012bba:<\/strong> Str\u0113les cilindra konstrukcij\u0101 izmantotajiem materi\u0101liem j\u0101b\u016bt iztur\u012bgiem pret nodilumu un koroziju, lai nodro\u0161in\u0101tu ilgm\u016b\u017e\u012bbu, \u012bpa\u0161i skarbos apst\u0101k\u013cos.<\/li>\n<li><strong>Dro\u0161\u012bbas funkcijas:<\/strong> Dro\u0161\u012bbas meh\u0101nismu, piem\u0113ram, p\u0101rslodzes aizsardz\u012bbas un av\u0101rijas v\u0101rstu, iek\u013cau\u0161ana ir \u013coti svar\u012bga, lai nov\u0113rstu negad\u012bjumus un iek\u0101rtu boj\u0101jumus ekspluat\u0101cijas laik\u0101.<\/li>\n<li><strong>Apkopes pieejam\u012bba:<\/strong> Balona konstrukcija, kas paredz\u0113ta \u0113rtai piek\u013cuvei komponentiem, vienk\u0101r\u0161o regul\u0101ras p\u0101rbaudes un apkopi, iev\u0113rojami samazinot d\u012bkst\u0101ves laiku.<\/li>\n<\/ul>\n<p><img decoding=\"async\" src=\"https:\/\/www.hydraulic-cylinders.net\/wp-content\/uploads\/2025\/04\/songte-oil-pipes-and-spare-parts.webp\" alt=\"Hidraulisk\u0101s sast\u0101vda\u013cas\"><\/p>\n<h2>Bl\u012bv\u0113\u0161ana un e\u013c\u013co\u0161ana<\/h2>\n<p>Pareiza bl\u012bv\u0113\u0161ana ir kritiski svar\u012bga hidrauliskajos cilindros, lai saglab\u0101tu darb\u012bbas efektivit\u0101ti un nov\u0113rstu nopl\u016bdes. Da\u017e\u0101di bl\u012bv\u0113jumi, tostarp virzu\u013ca bl\u012bv\u0113jumi un stie\u0146a bl\u012bv\u0113jumi, ir izgatavoti no iztur\u012bgiem materi\u0101liem, piem\u0113ram, poliuret\u0101na un nitrila gumijas, lai iztur\u0113tu nodilumu. Cilindra korpuss un v\u012bt\u0146ot\u0101s gala virsmas ir smalki apstr\u0101d\u0101tas, lai uzlabotu to nodilumiztur\u012bbu. Regul\u0101ra e\u013c\u013co\u0161ana ar hidraulisko e\u013c\u013cu ir nepiecie\u0161ama, lai nodro\u0161in\u0101tu vienm\u0113r\u012bgu darb\u012bbu un nov\u0113rstu berzes rad\u012btus boj\u0101jumus.<\/p>\n<h2>Regul\u0101ra p\u0101rbaude un profilaktisk\u0101 apkope<\/h2>\n<ul>\n<li><strong>Regul\u0101ras p\u0101rbaudes:<\/strong> Regul\u0101ri p\u0101rbaudiet nodiluma paz\u012bmes, nopl\u016bdes un konstrukcijas integrit\u0101ti, lai identific\u0113tu probl\u0113mas, pirms t\u0101s saasin\u0101s. Agr\u012bna atkl\u0101\u0161ana var nov\u0113rst d\u0101rgus remontdarbus un d\u012bkst\u0101ves.<\/li>\n<li><strong>Pareiza e\u013c\u013co\u0161ana:<\/strong> Nodro\u0161iniet, lai hidraulisk\u0101s e\u013c\u013cas l\u012bmenis tiktu uztur\u0113ts un kust\u012bgaj\u0101m da\u013c\u0101m tiktu uzkl\u0101ta e\u013c\u013co\u0161ana, lai uzlabotu veiktsp\u0113ju un pagarin\u0101tu cilindra kalpo\u0161anas laiku.<\/li>\n<li><strong>Bl\u012bv\u0113juma nomai\u0146a:<\/strong> Regul\u0101ri nomainiet nolietot\u0101s bl\u012bves, lai uztur\u0113tu hidraulisko spiedienu un nov\u0113rstu nopl\u016bdes, nodro\u0161inot sist\u0113mas efekt\u012bvu darb\u012bbu.<\/li>\n<\/ul>\n<h2>Instal\u0101cijas rokasgr\u0101mata<\/h2>\n<p>Pareiza str\u0113les cilindra uzst\u0101d\u012b\u0161ana ir \u013coti svar\u012bga optim\u0101lai veiktsp\u0113jai. Vispirms p\u0101rliecinieties, vai mont\u0101\u017eas kron\u0161teini ir pareizi izl\u012bdzin\u0101ti un dro\u0161i nostiprin\u0101ti. Izmantojiet atbilsto\u0161us stiprin\u0101juma elementus, lai nov\u0113rstu jebk\u0101du kust\u012bbu darb\u012bbas laik\u0101. Pirms uzst\u0101d\u012b\u0161anas uz bl\u012bv\u0113m uzkl\u0101jiet pl\u0101nu hidraulisk\u0101s e\u013c\u013cas k\u0101rtu, lai veicin\u0101tu vienm\u0113r\u012bg\u0101ku darb\u012bbu. P\u0113c uzst\u0101d\u012b\u0161anas p\u0101rbaudiet izl\u012bdzin\u0101jumu un nepiecie\u0161am\u012bbas gad\u012bjum\u0101 piel\u0101gojiet to, lai lieto\u0161anas laik\u0101 nov\u0113rstu p\u0101rm\u0113r\u012bgu slodzi uz cilindru. Visbeidzot, veiciet testa braucienu, lai p\u0101rliecin\u0101tos, ka visas funkcijas darbojas pareizi, bez nopl\u016bd\u0113m vai neparast\u0101m ska\u0146\u0101m.<\/p>\n<p><img decoding=\"async\" src=\"https:\/\/www.hydraulic-cylinders.net\/wp-content\/uploads\/2025\/04\/songte-chushion-collar.webp\" alt=\"Instal\u0101cijas rokasgr\u0101mata\"><\/p>\n<h2>Dro\u0161\u012bbas apsv\u0113rumi un vides faktori<\/h2>\n<p>Hidraulisko cilindru darb\u012bbas laik\u0101 ir svar\u012bgi priorit\u0101ti pie\u0161\u0137irt dro\u0161\u012bbai. Operatoriem j\u0101iev\u0113ro dro\u0161\u012bbas protokoli un j\u0101izmanto individu\u0101lie aizsardz\u012bbas l\u012bdzek\u013ci, lai samazin\u0101tu riskus. J\u0101\u0146em v\u0113r\u0101 ar\u012b t\u0101di vides faktori k\u0101 ekstrem\u0101las temperat\u016bras un saskare ar kod\u012bg\u0101m viel\u0101m, jo \u200b\u200btie var ietekm\u0113t hidraulisko komponentu veiktsp\u0113ju un ilgm\u016b\u017e\u012bbu.<\/p>\n<h2>Probl\u0113mu nov\u0113r\u0161ana un bie\u017ei sastopamas probl\u0113mas<\/h2>\n<ul>\n<li><strong>Nopl\u016bde:<\/strong> Parasti to izraisa nodilu\u0161as bl\u012bves vai nepareiza uzst\u0101d\u012b\u0161ana. P\u0101rbaudiet bl\u012bves un nomainiet t\u0101s, ja nepiecie\u0161ams, lai nov\u0113rstu nopl\u016bdes probl\u0113mas.<\/li>\n<li><strong>Slikta veiktsp\u0113ja:<\/strong> Tas var rasties nepietiekama hidraulisk\u0101 \u0161\u0137idruma vai gaisa d\u0113\u013c sist\u0113m\u0101. P\u0101rliecinieties, vai \u0161\u0137idruma l\u012bmenis ir pietiekams, un, ja nepiecie\u0161ams, atgaisojiet sist\u0113mu.<\/li>\n<li><strong>Negaid\u012bta kust\u012bba:<\/strong> Var nor\u0101d\u012bt uz vad\u012bbas sist\u0113mas darb\u012bbas trauc\u0113jumiem vai nolietot\u0101m deta\u013c\u0101m. Veiciet r\u016bp\u012bgu p\u0101rbaudi, lai identific\u0113tu un nov\u0113rstu pamatprobl\u0113mas.<\/li>\n<\/ul>\n<h2>Probl\u0113mu nov\u0113r\u0161anas padomi<\/h2>\n<p>To effectively diagnose and resolve issues, it&#8217;s essential to conduct regular maintenance checks and monitor performance closely. Document any anomalies and perform root cause analysis to prevent recurring problems. Implement preventive measures, such as regular inspections and prompt repairs, to minimize potential issues and ensure the hydraulic system operates smoothly.<\/p>\n<p><img decoding=\"async\" src=\"https:\/\/www.hydraulic-cylinders.net\/wp-content\/uploads\/2025\/04\/songte-bushings-with-all-kinds-of-excavator-models.webp\" alt=\"Probl\u0113mu nov\u0113r\u0161anas padomi\"><\/p>\n<h2>Par m\u016bsu uz\u0146\u0113mumu<\/h2>\n<p>M\u0113s esam vado\u0161ais hidraulisko cilindru ra\u017eot\u0101js un vairumtirgot\u0101js, kas nodro\u0161ina pla\u0161u produktu kl\u0101stu viet\u0113jam un starptautiskajam tirgum. M\u016bsu ap\u0146em\u0161an\u0101s sasniegt izcil\u012bbu atspogu\u013cojas m\u016bsu pilnveidotajos ra\u017eo\u0161anas procesos, ko atbalsta kvalific\u0113ts tehniskais person\u0101ls un modernas digit\u0101l\u0101s ra\u017eo\u0161anas iek\u0101rtas. M\u0113s nep\u0101rtraukti uzlabojam savas ra\u017eo\u0161anas iesp\u0113jas, lai apmierin\u0101tu m\u016bsu klientu da\u017e\u0101d\u0101s vajadz\u012bbas, nodro\u0161inot augstu efektivit\u0101ti, precizit\u0101ti un augst\u0101k\u0101s kvalit\u0101tes produktus.<\/p>\n<p><img decoding=\"async\" src=\"https:\/\/www.hydraulic-cylinders.net\/wp-content\/uploads\/2025\/04\/songte-company-4.webp\" alt=\"M\u016bsu uz\u0146\u0113mums\"><br \/>\n<img decoding=\"async\" src=\"https:\/\/www.hydraulic-cylinders.net\/wp-content\/uploads\/2025\/04\/songte-company-3.webp\" alt=\"Produktu kl\u0101sts\"><\/p>\n<p>M\u0113s pied\u0101v\u0101jam piel\u0101gotus risin\u0101jumus, kas piel\u0101goti j\u016bsu \u012bpa\u0161aj\u0101m pras\u012bb\u0101m, nodro\u0161inot, ka m\u016bsu produkti atbilst starptautiskajiem standartiem. M\u016bsu specializ\u0113tais p\u0113cp\u0101rdo\u0161anas serviss v\u0113l vair\u0101k uzlabo klientu apmierin\u0101t\u012bbu, sniedzot atbalstu vis\u0101 produkta dz\u012bves cikl\u0101. Uzticiet mums visas savas hidraulisko cilindru vajadz\u012bbas.<\/p>\n<p>Autors: lil<\/p>","protected":false},"excerpt":{"rendered":"<p>Boom Cylinder For Wacker E238 Introduction to Boom Cylinder The Boom Cylinder is a vital component in the hydraulic system of heavy machinery, specifically designed for controlling the movement of buckets in excavators, backhoe loaders, and front loaders. It enables the bucket to lift, lower, and tilt, facilitating efficient material handling tasks. In essence, the [&hellip;]<\/p>","protected":false},"featured_media":17880,"comment_status":"open","ping_status":"closed","template":"","meta":{"_et_pb_use_builder":"","_et_pb_old_content":"","_et_gb_content_width":""},"product_brand":[],"product_cat":[1546],"product_tag":[1547,1496],"class_list":{"0":"post-19632","1":"product","2":"type-product","3":"status-publish","4":"has-post-thumbnail","6":"product_cat-boom-cylinders","7":"product_tag-boom-cylinders","8":"product_tag-hydraulic-cylinders","10":"first","11":"instock","12":"shipping-taxable","13":"product-type-simple"},"amp_enabled":true,"_links":{"self":[{"href":"https:\/\/www.hydraulic-cylinders.net\/lv\/wp-json\/wp\/v2\/product\/19632","targetHints":{"allow":["GET"]}}],"collection":[{"href":"https:\/\/www.hydraulic-cylinders.net\/lv\/wp-json\/wp\/v2\/product"}],"about":[{"href":"https:\/\/www.hydraulic-cylinders.net\/lv\/wp-json\/wp\/v2\/types\/product"}],"replies":[{"embeddable":true,"href":"https:\/\/www.hydraulic-cylinders.net\/lv\/wp-json\/wp\/v2\/comments?post=19632"}],"wp:featuredmedia":[{"embeddable":true,"href":"https:\/\/www.hydraulic-cylinders.net\/lv\/wp-json\/wp\/v2\/media\/17880"}],"wp:attachment":[{"href":"https:\/\/www.hydraulic-cylinders.net\/lv\/wp-json\/wp\/v2\/media?parent=19632"}],"wp:term":[{"taxonomy":"product_brand","embeddable":true,"href":"https:\/\/www.hydraulic-cylinders.net\/lv\/wp-json\/wp\/v2\/product_brand?post=19632"},{"taxonomy":"product_cat","embeddable":true,"href":"https:\/\/www.hydraulic-cylinders.net\/lv\/wp-json\/wp\/v2\/product_cat?post=19632"},{"taxonomy":"product_tag","embeddable":true,"href":"https:\/\/www.hydraulic-cylinders.net\/lv\/wp-json\/wp\/v2\/product_tag?post=19632"}],"curies":[{"name":"wp","href":"https:\/\/api.w.org\/{rel}","templated":true}]}}