{"id":19633,"date":"2025-04-07T06:58:34","date_gmt":"2025-04-07T06:58:34","guid":{"rendered":"https:\/\/www.hydraulic-cylinders.net\/product\/boom-cylinder-for-aotai-at80e-9\/"},"modified":"2025-04-07T06:58:37","modified_gmt":"2025-04-07T06:58:37","slug":"boom-cylinder-for-aotai-at80e-9","status":"publish","type":"product","link":"https:\/\/www.hydraulic-cylinders.net\/lv\/products\/boom-cylinder-for-aotai-at80e-9\/","title":{"rendered":"Str\u0113les cilindrs Aotai AT80E-9"},"content":{"rendered":"<h1>Str\u0113les cilindrs Aotai AT80E-9<\/h1>\n<h2>Produkta p\u0101rskats<\/h2>\n<p>Aotai AT80E-9 str\u0113les cilindrs ir svar\u012bga sast\u0101vda\u013ca, kas \u012bpa\u0161i izstr\u0101d\u0101ta smagaj\u0101m ma\u0161\u012bn\u0101m. \u0160is hidrauliskais cilindrs kontrol\u0113 str\u0113les kust\u012bbu, nodro\u0161inot efekt\u012bvu kausa pacel\u0161anu, nolai\u0161anu un noliek\u0161anu. \u0160ie cilindri ir b\u016btiski, lai efekt\u012bvi veiktu materi\u0101lu apstr\u0101des uzdevumus da\u017e\u0101dos pielietojumos, \u012bpa\u0161i b\u016bvniec\u012bb\u0101 un rak\u0161anas darbos.<\/p>\n<p><img decoding=\"async\" src=\"https:\/\/www.hydraulic-cylinders.net\/wp-content\/uploads\/2025\/04\/songte-company-1.webp\" alt=\"Str\u0113les cilindra att\u0113ls\"><\/p>\n<h3>Defin\u012bcija un funkcija<\/h3>\n<p>A bucket cylinder is a type of hydraulic cylinder specifically designed to manage the movement of buckets in heavy machinery such as excavators, backhoe loaders, and front loaders. Its main function is to facilitate the lifting, lowering, and tilting of the bucket, which is vital for effective material handling operations. These cylinders utilize hydraulic fluid to generate force and motion, making them indispensable in hydraulic systems. The bucket cylinder converts hydraulic energy into mechanical energy, allowing for precise control over the bucket&#8217;s movements, thereby enhancing productivity and efficiency on work sites.<\/p>\n<h2>Str\u0113les cilindra \u012bpa\u0161\u012bbas<\/h2>\n<ul>\n<li><strong>Augsta iztur\u012bba un ilgm\u016b\u017e\u012bba:<\/strong> \u0160ie cilindri ir izgatavoti no augstas stipr\u012bbas t\u0113rauda vai alum\u012bnija, un tie ir paredz\u0113ti, lai iztur\u0113tu augstu spiedienu un lielas slodzes, vienlaikus piel\u0101gojoties skarbajai darba videi. To konstrukcija ietver nodilumiztur\u012bbu un iztur\u012bbu pret koroziju, iev\u0113rojami pagarinot to kalpo\u0161anas laiku.<\/li>\n<li><strong>Efekt\u012bva hidraulisk\u0101 darb\u012bba:<\/strong> Cilindrs efekt\u012bvi darbojas, izmantojot hidraulisk\u0101s e\u013c\u013cas spiedienu, nodro\u0161inot vienm\u0113r\u012bgu izvirz\u012b\u0161anu un ievilk\u0161anu. Tas \u0101tri rea\u0123\u0113 uz vad\u012bbas komand\u0101m un nodro\u0161ina sp\u0113c\u012bgu stum\u0161anas un vilk\u0161anas sp\u0113ku, padarot to piem\u0113rotu smagu un sare\u017e\u0123\u012btu uzdevumu veik\u0161anai.<\/li>\n<li><strong>Da\u017e\u0101di veidi:<\/strong> Str\u0113les cilindrs ir pieejams da\u017e\u0101dos veidos, tostarp vienas darb\u012bbas (izmantojot hidraulisko sp\u0113ku vien\u0101 virzien\u0101) un divk\u0101r\u0161as darb\u012bbas (izmantojot hidraulisko sp\u0113ku abos virzienos) mode\u013ci. Da\u017eas versijas ir teleskopiskas, kas \u013cauj veikt liel\u0101ku pagarin\u0101jumu, nepalielinot \u0101r\u0113jos izm\u0113rus, padarot t\u0101s ide\u0101li piem\u0113rotas kompaktiem lietojumiem.<\/li>\n<li><strong>Vienk\u0101r\u0161a uzst\u0101d\u012b\u0161ana:<\/strong> \u0160ie cilindri ir paredz\u0113ti vienk\u0101r\u0161ai uzst\u0101d\u012b\u0161anai, nodro\u0161inot sader\u012bbu ar da\u017e\u0101diem smago ma\u0161\u012bnu mode\u013ciem, padarot nomai\u0146u un apkopi bez probl\u0113m\u0101m.<\/li>\n<li><strong>Izmaksu efektivit\u0101te:<\/strong> Izv\u0113loties m\u016bsu str\u0113les cilindrus, klienti var iev\u0113rojami ietaup\u012bt remonta un nomai\u0146as izmaksas, neupur\u0113jot veiktsp\u0113ju vai kvalit\u0101ti.<\/li>\n<\/ul>\n<p>M\u0113s ra\u017eojam \u0161os str\u0113les cilindrus, nodro\u0161inot perfektu eso\u0161o hidraulisko cilindru aizvieto\u0161anu tirg\u016b.<\/p>\n<p><img decoding=\"async\" src=\"https:\/\/www.hydraulic-cylinders.net\/wp-content\/uploads\/2025\/04\/songte-cylinder-head-with-all-kinds-excavator-models.webp\" alt=\"Ekskavatoru mode\u013ci\"><\/p>\n<h2>Str\u0113les cilindra pielietojumi<\/h2>\n<h3>Celtniec\u012bbas apr\u012bkojums<\/h3>\n<p>B\u016bvniec\u012bbas iek\u0101rt\u0101s str\u0113les cilindram ir b\u016btiska loma ekskavatoros, lai raktu, iekrautu un p\u0101rvietotu augsni vai gru\u017eus. Tas efekt\u012bvi p\u0101rvalda str\u0113les pacel\u0161anu un nolai\u0161anu, nodro\u0161inot prec\u012bzas rak\u0161anas darb\u012bbas. Hidraulisk\u0101 cilindra sp\u0113ja pacelt smagas kravas padara to b\u016btisku b\u016bvniec\u012bbas darbos, kur efektivit\u0101te un \u0101trums ir iz\u0161\u0137iro\u0161i svar\u012bgi projekta termi\u0146u iev\u0113ro\u0161anai.<\/p>\n<h3>Lauksaimniec\u012bbas tehnika<\/h3>\n<p>Lauksaimniec\u012bbas vid\u0113 str\u0113les cilindru izmanto front\u0101lajos iekr\u0101v\u0113jos augsnes, siena un citu materi\u0101lu sav\u0101k\u0161anai, cel\u0161anai un transport\u0113\u0161anai. Hidraulisk\u0101 jauda \u013cauj \u0101tri un efekt\u012bvi apstr\u0101d\u0101t smagas kravas, kas ir svar\u012bgi lauksaimniec\u012bbas darbos, kur laiks un efektivit\u0101te tie\u0161i ietekm\u0113 produktivit\u0101ti un ra\u017eu.<\/p>\n<h3>Ekskavatori<\/h3>\n<p>Ekskavatoros str\u0113les cilindrs atvieglo rak\u0161anas darb\u012bbas, \u013caujot kausam efekt\u012bvi iek\u013c\u016bt augsn\u0113. \u0160\u012b sp\u0113ja ir \u013coti svar\u012bga da\u017e\u0101diem darbiem, tostarp tran\u0161eju rak\u0161anai un vietas sagatavo\u0161anai, kur nepiecie\u0161ama precizit\u0101te, lai sasniegtu v\u0113lamos rezult\u0101tus, neboj\u0101jot apk\u0101rt\u0113j\u0101s teritorijas.<\/p>\n<h3>Iekr\u0101v\u0113ji<\/h3>\n<p>Front\u0101lajos iekr\u0101v\u0113jos str\u0113les cilindri pal\u012bdz efekt\u012bvi pacelt un izg\u0101zt materi\u0101lus. Hidrauliskie cilindri nodro\u0161ina nepiecie\u0161amo sp\u0113ku smagu kravu pacel\u0161anai, nodro\u0161inot, ka materi\u0101lus var prec\u012bzi transport\u0113t un novietot, kas ir svar\u012bgi gan b\u016bvniec\u012bbas, gan materi\u0101lu apstr\u0101des oper\u0101cij\u0101s.<\/p>\n<h2>Dizaina apsv\u0113rumi un atlases krit\u0113riji<\/h2>\n<h3>Kravnes\u012bba<\/h3>\n<p>Str\u0113les cilindra kravnes\u012bba ir kritisks konstrukcijas apsv\u0113rums. Tam j\u0101sp\u0113j iztur\u0113t maksim\u0101lo slod\u017eu svaru da\u017e\u0101dos pielietojumos. Cilindra izv\u0113le ar atbilsto\u0161u kravnes\u012bbu nodro\u0161ina dro\u0161\u012bbu un efektivit\u0101ti ekspluat\u0101cijas laik\u0101. Nepietiekami liels cilindrs var izrais\u012bt boj\u0101jumus, savuk\u0101rt p\u0101r\u0101k liels cilindrs var nevajadz\u012bgi palielin\u0101t izmaksas.<\/p>\n<h3>Bl\u012bv\u0113juma integrit\u0101te<\/h3>\n<p>Efekt\u012bvs bl\u012bv\u0113jums hidrauliskajos cilindros ir \u0101rk\u0101rt\u012bgi svar\u012bgs, lai nov\u0113rstu \u0161\u0137idruma nopl\u016bdi, kas var izrais\u012bt veiktsp\u0113jas probl\u0113mas un palielin\u0101tas apkopes izmaksas. Augstas kvalit\u0101tes bl\u012bv\u0113jumi, kas izgatavoti no iztur\u012bgiem materi\u0101liem, piem\u0113ram, poliuret\u0101na un nitrila gumijas, ir b\u016btiski, lai nodro\u0161in\u0101tu ilgm\u016b\u017e\u012bbu un uzticam\u012bbu. Konstrukcijai j\u0101b\u016bt t\u0101dai, lai b\u016btu iesp\u0113jama viegla bl\u012bv\u0113jumu nomai\u0146a, lai atvieglotu apkopi.<\/p>\n<h3>Iztur\u012bba<\/h3>\n<p>Durability is a significant factor for hydraulic cylinders operating in harsh environments. The materials used in manufacturing should resist wear and corrosion. Coatings and treatments applied to the cylinder body can enhance durability, prolonging the product&#8217;s lifespan and reducing the frequency of replacements.<\/p>\n<h3>Dro\u0161\u012bbas funkcijas<\/h3>\n<p>Dro\u0161\u012bba ir \u0101rk\u0101rt\u012bgi svar\u012bgs apsv\u0113rums hidraulisko cilindru projekt\u0113\u0161an\u0101. T\u0101du funkciju k\u0101 spiediena samazin\u0101\u0161anas v\u0101rstu un blo\u0137\u0113\u0161anas meh\u0101nismu iek\u013cau\u0161ana var uzlabot dro\u0161\u012bbu ekspluat\u0101cijas laik\u0101. \u0160\u012bs funkcijas nov\u0113r\u0161 negad\u012bjumus negaid\u012btu spiediena sv\u0101rst\u012bbu vai cilindra atteices d\u0113\u013c, nodro\u0161inot operatoru un ma\u0161\u012bnu dro\u0161\u012bbu.<\/p>\n<h3>Apkopes pieejam\u012bba<\/h3>\n<p>Hidraulisko cilindru projekt\u0113\u0161ana t\u0101, lai tiem b\u016btu \u0113rta piek\u013cuve apkopei, ir \u013coti svar\u012bga. Apkopes uzdevumiem, piem\u0113ram, e\u013c\u013co\u0161anai un bl\u012bv\u0113jumu nomai\u0146ai, j\u0101b\u016bt vienk\u0101r\u0161iem, lai samazin\u0101tu d\u012bkst\u0101ves laiku. Labi projekt\u0113ts cilindrs var iev\u0113rojami samazin\u0101t apkopes izmaksas un uzlabot darb\u012bbas efektivit\u0101ti.<\/p>\n<p><img decoding=\"async\" src=\"https:\/\/www.hydraulic-cylinders.net\/wp-content\/uploads\/2025\/04\/songte-oil-pipes-and-spare-parts.webp\" alt=\"E\u013c\u013cas caurules un rezerves da\u013cas\"><\/p>\n<h2>Bl\u012bv\u0113\u0161ana un e\u013c\u013co\u0161ana<\/h2>\n<p>Efekt\u012bva bl\u012bv\u0113\u0161ana un e\u013c\u013co\u0161ana ir kritiski svar\u012bga hidraulisko cilindru darb\u012bbas uztur\u0113\u0161anai. Da\u017e\u0101di bl\u012bv\u0113jumi, tostarp virzu\u013ca bl\u012bv\u0113jumi un stie\u0146a bl\u012bv\u0113jumi, ir b\u016btiski, lai nov\u0113rstu hidraulisk\u0101 \u0161\u0137idruma nopl\u016bdi. Bl\u012bv\u0113\u0161anas materi\u0101lu, piem\u0113ram, poliuret\u0101na vai nitrila gumijas, izv\u0113le nodro\u0161ina iztur\u012bbu pret nodilumu un vides apst\u0101k\u013ciem.<\/p>\n<p>Turkl\u0101t cilindra korpuss un v\u012bt\u0146otie gali tiek prec\u012bzi apstr\u0101d\u0101ti, lai uzlabotu iztur\u012bbu un veiktsp\u0113ju. Regul\u0101ra e\u013c\u013co\u0161ana ar atbilsto\u0161u hidraulisko e\u013c\u013cu ir nepiecie\u0161ama, lai samazin\u0101tu kust\u012bgo deta\u013cu berzi un nodilumu. \u0160is apkopes solis pal\u012bdz nodro\u0161in\u0101t vienm\u0113r\u012bgu darb\u012bbu un pagarina hidraulisk\u0101 cilindra kalpo\u0161anas laiku.<\/p>\n<h2>Regul\u0101ra apkope un prevent\u012bvie pas\u0101kumi<\/h2>\n<ul>\n<li><strong>P\u0101rbaudes:<\/strong> Regul\u0101ras p\u0101rbaudes j\u0101veic, lai noteiktu nolietojumu vai potenci\u0101las probl\u0113mas, pirms t\u0101s saasin\u0101s. \u0160\u0101da proakt\u012bva pieeja var nov\u0113rst d\u0101rgus remontdarbus un d\u012bkst\u0101ves.<\/li>\n<li><strong>E\u013c\u013co\u0161ana:<\/strong> Lai nodro\u0161in\u0101tu vienm\u0113r\u012bgu darb\u012bbu, ir svar\u012bgi nodro\u0161in\u0101t hidraulisko cilindru pien\u0101c\u012bgu e\u013c\u013co\u0161anu. Regul\u0101ra hidraulisk\u0101s e\u013c\u013cas p\u0101rbaude un papildin\u0101\u0161ana var nov\u0113rst p\u0101rm\u0113r\u012bgu nodilumu un pagarin\u0101t cilindra kalpo\u0161anas laiku.<\/li>\n<li><strong>Bl\u012bv\u0113juma nomai\u0146a:<\/strong> Laika gait\u0101 bl\u012bves var nolietoties, izraisot nopl\u016bdes. Regul\u0101ra nodilu\u0161o bl\u012bvju uzraudz\u012bba un savlaic\u012bga nomai\u0146a ir \u013coti svar\u012bga, lai saglab\u0101tu veiktsp\u0113ju un nov\u0113rstu hidraulisk\u0101 \u0161\u0137idruma zudumus.<\/li>\n<\/ul>\n<h2>Uzst\u0101d\u012b\u0161anas vadl\u012bnijas<\/h2>\n<p>Pareiza str\u0113les cilindra uzst\u0101d\u012b\u0161ana ir b\u016btiska optim\u0101lai veiktsp\u0113jai. Vispirms p\u0101rliecinieties, vai visas sast\u0101vda\u013cas ir t\u012bras un bez gru\u017eiem. Prec\u012bzi izl\u012bdziniet cilindru ar mont\u0101\u017eas kron\u0161teiniem, lai izvair\u012btos no p\u0101rm\u0113r\u012bgas slodzes uz cilindru. Atbilsto\u0161u mont\u0101\u017eas kron\u0161teinu izmanto\u0161ana ir \u013coti svar\u012bga, lai nostiprin\u0101tu cilindru viet\u0101.<\/p>\n<p>After aligning, tighten all bolts according to the manufacturer&#8217;s specifications to ensure a secure fit. Double-check that the hydraulic connections are tight and leak-free. Once installed, test the cylinder operation gradually, checking for any unusual noises or leaks. Proper alignment and secure installation can significantly reduce issues during operation.<\/p>\n<h2>Bie\u017ei sastopamie apkopes uzdevumi<\/h2>\n<h3>Regul\u0101ras p\u0101rbaudes<\/h3>\n<p>Regul\u0101ru hidraulisko cilindru p\u0101rbau\u017eu veik\u0161ana ir \u013coti svar\u012bga, lai laikus identific\u0113tu iesp\u0113jam\u0101s probl\u0113mas. P\u0101rbaudiet cilindrus, vai nav nodiluma paz\u012bmju, nopl\u016b\u017eu vai boj\u0101jumu. \u0160\u012b proakt\u012bv\u0101 pieeja var nov\u0113rst negaid\u012btus boj\u0101jumus un uzlabot hidraulisko sist\u0113mu uzticam\u012bbu.<\/p>\n<h3>Pareiza e\u013c\u013co\u0161ana<\/h3>\n<p>Atbilsto\u0161a e\u013c\u013co\u0161anas l\u012bme\u0146a uztur\u0113\u0161ana ir b\u016btiska, lai nov\u0113rstu nodilumu un nodro\u0161in\u0101tu vienm\u0113r\u012bgu darb\u012bbu. Regul\u0101ri p\u0101rbaudiet hidraulisk\u0101s e\u013c\u013cas l\u012bmeni un papildiniet to p\u0113c nepiecie\u0161am\u012bbas. Pareiza hidraulisk\u0101s e\u013c\u013cas veida izmanto\u0161ana ir \u013coti svar\u012bga cilindra optim\u0101lai darb\u012bbai un ilgm\u016b\u017e\u012bbai.<\/p>\n<h3>Bl\u012bvju nomai\u0146as un kalibr\u0113\u0161anas p\u0101rbaudes<\/h3>\n<p>Regul\u0101ri p\u0101rbaudiet bl\u012bv\u0113jumu nodilumu un nomainiet tos p\u0113c nepiecie\u0161am\u012bbas, lai nov\u0113rstu nopl\u016bdes. Kalibr\u0113\u0161anas p\u0101rbaudes nodro\u0161ina, ka cilindrs darbojas noteiktos parametros. Pareizi funkcion\u0113jo\u0161i bl\u012bv\u0113jumi un kalibr\u0113ti cilindri uzlabo darb\u012bbas efektivit\u0101ti un dro\u0161\u012bbu.<\/p>\n<p><img decoding=\"async\" src=\"https:\/\/www.hydraulic-cylinders.net\/wp-content\/uploads\/2025\/04\/songte-chushion-collar.webp\" alt=\"Spilvenu apkakle\"><\/p>\n<h2>Dro\u0161\u012bbas apsv\u0113rumi un vides faktori<\/h2>\n<p>Izmantojot hidrauliskos cilindrus, dro\u0161\u012bbas pas\u0101kumi ir \u0101rk\u0101rt\u012bgi svar\u012bgi. Operatoriem j\u0101b\u016bt apm\u0101c\u012btiem atpaz\u012bt potenci\u0101los apdraud\u0113jumus, kas saist\u012bti ar hidrauliskaj\u0101m iek\u0101rt\u0101m. Darbinot ma\u0161\u012bnas, kas apr\u012bkotas ar hidrauliskajiem cilindriem, j\u0101izmanto aizsargl\u012bdzek\u013ci un j\u0101iev\u0113ro dro\u0161\u012bbas protokoli. Hidraulisko cilindru projekt\u0113\u0161an\u0101 un apkop\u0113 j\u0101\u0146em v\u0113r\u0101 ar\u012b vides faktori, piem\u0113ram, temperat\u016bras sv\u0101rst\u012bbas un saskare ar kod\u012bg\u0101m viel\u0101m, lai nodro\u0161in\u0101tu uzticam\u012bbu un ilgm\u016b\u017e\u012bbu.<\/p>\n<h2>Probl\u0113mu nov\u0113r\u0161ana un bie\u017ei sastopamas probl\u0113mas<\/h2>\n<ul>\n<li><strong>Nerea\u0123\u0113jo\u0161s cilindrs:<\/strong> Ja cilindrs nerea\u0123\u0113 uz vad\u012bbas ier\u012bc\u0113m, p\u0101rbaudiet hidraulisk\u0101 \u0161\u0137idruma l\u012bmeni un iesp\u0113jam\u0101s nopl\u016bdes sist\u0113m\u0101. P\u0101rliecinieties, vai hidrauliskais s\u016bknis darbojas pareizi.<\/li>\n<li><strong>\u0160\u0137idruma nopl\u016bdes:<\/strong> \u0160\u0137idruma nopl\u016bdes var liecin\u0101t par nodilu\u0161iem bl\u012bv\u0113jumiem vai boj\u0101tiem cilindra komponentiem. P\u0101rbaudiet bl\u012bves, vai t\u0101s nav nodilu\u0161as, un nomainiet t\u0101s, ja nepiecie\u0161ams, lai nov\u0113rstu \u0161\u0137idruma zudumu.<\/li>\n<li><strong>Neparastas ska\u0146as:<\/strong> Neparastas ska\u0146as darb\u012bbas laik\u0101 var liecin\u0101t par iek\u0161\u0113jiem boj\u0101jumiem vai nepietiekamu e\u013c\u013co\u0161anu. Veiciet r\u016bp\u012bgas p\u0101rbaudes, lai noteiktu un nov\u0113rstu c\u0113loni.<\/li>\n<\/ul>\n<p>Prevent\u012bvu pas\u0101kumu, piem\u0113ram, regul\u0101ras apkopes un p\u0101rbau\u017eu, veik\u0161ana var pal\u012bdz\u0113t samazin\u0101t iesp\u0113jam\u0101s probl\u0113mas un uzlabot hidraulisko sist\u0113mu uzticam\u012bbu.<\/p>\n<p><img decoding=\"async\" src=\"https:\/\/www.hydraulic-cylinders.net\/wp-content\/uploads\/2025\/04\/songte-bushings-with-all-kinds-of-excavator-models.webp\" alt=\"Bukses ar ekskavatora mode\u013ciem\"><\/p>\n<h2>Uz\u0146\u0113muma ievads<\/h2>\n<p>M\u0113s esam vado\u0161ais rezerves hidraulisko cilindru ra\u017eot\u0101js, kas pied\u0101v\u0101 pla\u0161u produktu kl\u0101stu, kas apmierina gan viet\u0113jo, gan starptautisko tirgu vajadz\u012bbas. M\u016bsu ap\u0146em\u0161anos nodro\u0161in\u0101t izcilu kvalit\u0101ti atbalsta pilnveidoti ra\u017eo\u0161anas procesi un stabila ra\u017eo\u0161anas vad\u012bbas strat\u0113\u0123ija. M\u0113s izmantojam progres\u012bvas tehnolo\u0123ijas, prasm\u012bgu person\u0101lu un inovat\u012bvas test\u0113\u0161anas sist\u0113mas, lai past\u0101v\u012bgi uzlabotu m\u016bsu ra\u017eo\u0161anas platformu.<\/p>\n<p>M\u016bsu ra\u017eo\u0161anas iesp\u0113jas \u013cauj mums efekt\u012bvi apmierin\u0101t da\u017e\u0101das klientu vajadz\u012bbas, uzsverot augstu efektivit\u0101ti, precizit\u0101ti un kvalit\u0101ti. Ar starptautiskiem sertifik\u0101tiem un piel\u0101gotiem pakalpojumiem m\u0113s nodro\u0161in\u0101m, ka m\u016bsu produkti atbilst augst\u0101kajiem veiktsp\u0113jas un uzticam\u012bbas standartiem. M\u016bsu p\u0113cp\u0101rdo\u0161anas serviss ir izstr\u0101d\u0101ts, lai sniegtu past\u0101v\u012bgu atbalstu un pal\u012bdz\u012bbu, nodro\u0161inot klientu apmierin\u0101t\u012bbu ar m\u016bsu hidrauliskajiem risin\u0101jumiem.<\/p>\n<p><img decoding=\"async\" src=\"https:\/\/www.hydraulic-cylinders.net\/wp-content\/uploads\/2025\/04\/songte-company-4.webp\" alt=\"Uz\u0146\u0113muma att\u0113ls 4\"><br \/>\n<img decoding=\"async\" src=\"https:\/\/www.hydraulic-cylinders.net\/wp-content\/uploads\/2025\/04\/songte-company-3.webp\" alt=\"Uz\u0146\u0113muma att\u0113ls 3\"><\/p>\n<p>Autors: lil<\/p>","protected":false},"excerpt":{"rendered":"<p>Boom Cylinder For Aotai AT80E-9 Product Overview The Boom Cylinder for Aotai AT80E-9 is a crucial component designed specifically for heavy machinery. This hydraulic cylinder controls the movement of the boom, enabling the lifting, lowering, and tilting of the bucket effectively. These cylinders are essential for performing material handling tasks efficiently in various applications, particularly [&hellip;]<\/p>","protected":false},"featured_media":17881,"comment_status":"open","ping_status":"closed","template":"","meta":{"_et_pb_use_builder":"","_et_pb_old_content":"","_et_gb_content_width":""},"product_brand":[],"product_cat":[1546],"product_tag":[1547,1496],"class_list":{"0":"post-19633","1":"product","2":"type-product","3":"status-publish","4":"has-post-thumbnail","6":"product_cat-boom-cylinders","7":"product_tag-boom-cylinders","8":"product_tag-hydraulic-cylinders","10":"first","11":"instock","12":"shipping-taxable","13":"product-type-simple"},"amp_enabled":true,"_links":{"self":[{"href":"https:\/\/www.hydraulic-cylinders.net\/lv\/wp-json\/wp\/v2\/product\/19633","targetHints":{"allow":["GET"]}}],"collection":[{"href":"https:\/\/www.hydraulic-cylinders.net\/lv\/wp-json\/wp\/v2\/product"}],"about":[{"href":"https:\/\/www.hydraulic-cylinders.net\/lv\/wp-json\/wp\/v2\/types\/product"}],"replies":[{"embeddable":true,"href":"https:\/\/www.hydraulic-cylinders.net\/lv\/wp-json\/wp\/v2\/comments?post=19633"}],"wp:featuredmedia":[{"embeddable":true,"href":"https:\/\/www.hydraulic-cylinders.net\/lv\/wp-json\/wp\/v2\/media\/17881"}],"wp:attachment":[{"href":"https:\/\/www.hydraulic-cylinders.net\/lv\/wp-json\/wp\/v2\/media?parent=19633"}],"wp:term":[{"taxonomy":"product_brand","embeddable":true,"href":"https:\/\/www.hydraulic-cylinders.net\/lv\/wp-json\/wp\/v2\/product_brand?post=19633"},{"taxonomy":"product_cat","embeddable":true,"href":"https:\/\/www.hydraulic-cylinders.net\/lv\/wp-json\/wp\/v2\/product_cat?post=19633"},{"taxonomy":"product_tag","embeddable":true,"href":"https:\/\/www.hydraulic-cylinders.net\/lv\/wp-json\/wp\/v2\/product_tag?post=19633"}],"curies":[{"name":"wp","href":"https:\/\/api.w.org\/{rel}","templated":true}]}}