{"id":19634,"date":"2025-04-07T06:58:37","date_gmt":"2025-04-07T06:58:37","guid":{"rendered":"https:\/\/www.hydraulic-cylinders.net\/product\/boom-cylinder-for-aotai-at60e-9\/"},"modified":"2025-04-07T06:58:39","modified_gmt":"2025-04-07T06:58:39","slug":"boom-cylinder-for-aotai-at60e-9","status":"publish","type":"product","link":"https:\/\/www.hydraulic-cylinders.net\/lv\/products\/boom-cylinder-for-aotai-at60e-9\/","title":{"rendered":"Str\u0113les cilindrs Aotai AT60E-9"},"content":{"rendered":"<h1>Str\u0113les cilindrs Aotai AT60E-9<\/h1>\n<h2>Produkta p\u0101rskats<\/h2>\n<p>Aotai AT60E-9 str\u0113les cilindrs ir b\u016btiska hidrauliska sast\u0101vda\u013ca, kas paredz\u0113ta str\u0113les kust\u012bbas vad\u012bbai da\u017e\u0101d\u0101s smagaj\u0101s ma\u0161\u012bn\u0101s, piem\u0113ram, ekskavatoros un front\u0101lajos iekr\u0101v\u0113jos. \u0160is hidrauliskais cilindrs ir \u012bpa\u0161i izstr\u0101d\u0101ts, lai str\u0113li var\u0113tu pacelt, nolaist un noliekt, t\u0101d\u0113j\u0101di atvieglojot efekt\u012bvus materi\u0101lu apstr\u0101des uzdevumus. Izmantojot hidraulisk\u0101 \u0161\u0137idruma jaudu, \u0161is cilindrs nodro\u0161ina vienm\u0113r\u012bgu un prec\u012bzu kust\u012bbu, kas ir \u013coti svar\u012bgi b\u016bvniec\u012bbas un ieguves darbos.<\/p>\n<p><img decoding=\"async\" src=\"https:\/\/www.hydraulic-cylinders.net\/wp-content\/uploads\/2025\/04\/songte-company-1.webp\" alt=\"Str\u0113les cilindra p\u0101rskats\"><\/p>\n<h3>Defin\u012bcija un funkcija<\/h3>\n<p>Kausa cilindrs, ko da\u017ereiz d\u0113v\u0113 par str\u0113les cilindru, ir hidraulisk\u0101 cilindra veids, ko izmanto smagaj\u0101s ma\u0161\u012bn\u0101s. T\u0101 galven\u0101 funkcija ir kontrol\u0113t str\u0113les artikul\u0101ciju. Piem\u0113ram, ekskavatoros kausa cilindram ir b\u016btiska loma rak\u0161anas un cel\u0161anas oper\u0101cij\u0101s. Hidrauliskais spiediens atvieglo cilindra izstiep\u0161anu un ievilk\u0161anu, \u013caujot efekt\u012bvi kontrol\u0113t str\u0113les poz\u012bciju. \u0160\u012b funkcionalit\u0101te ir \u013coti svar\u012bga t\u0101diem uzdevumiem k\u0101 augsnes rak\u0161ana, smagu kravu cel\u0161ana un prec\u012bza kausa pozicion\u0113\u0161ana materi\u0101la p\u0101rvieto\u0161anai.<\/p>\n<h2>Str\u0113les cilindra \u012bpa\u0161\u012bbas<\/h2>\n<ul>\n<li><strong>Augsta iztur\u012bba un ilgm\u016b\u017e\u012bba:<\/strong> \u0160is cilindrs ir izgatavots no augstas stipr\u012bbas t\u0113rauda vai alum\u012bnija, un tas ir paredz\u0113ts, lai iztur\u0113tu augstu spiedienu un lielas slodzes, vienlaikus piel\u0101gojoties skarbai darba videi.<\/li>\n<li><strong>Efekt\u012bva hidraulisk\u0101 darb\u012bba:<\/strong> Izmantojot hidraulisk\u0101s e\u013c\u013cas spiedienu, cilindrs nodro\u0161ina vienm\u0113r\u012bgu izvirz\u012b\u0161anos un ievilk\u0161anu, nodro\u0161inot \u0101tru reakciju uz vad\u012bbas komand\u0101m un sp\u0113c\u012bgu stum\u0161anas un vilk\u0161anas sp\u0113ku.<\/li>\n<li><strong>Da\u017e\u0101di veidi:<\/strong> Pieejams vienvirziena darb\u012bbas (darbojas vien\u0101 virzien\u0101) vai divk\u0101r\u0161as darb\u012bbas (darbojas divos virzienos) konfigur\u0101cij\u0101s, kas \u013cauj piel\u0101got hidrauliskos risin\u0101jumus da\u017e\u0101diem pielietojumiem.<\/li>\n<li><strong>Telpu taupo\u0161s dizains:<\/strong> Da\u017eiem mode\u013ciem ir teleskopiska konstrukcija, kas nodro\u0161ina liel\u0101ku sniedzam\u012bbu, nepalielinot \u0101r\u0113jos izm\u0113rus, kas ir ide\u0101li piem\u0113rots \u0161aur\u0101m telp\u0101m.<\/li>\n<li><strong>Korozijas iztur\u012bba:<\/strong> Lai uzlabotu iztur\u012bbu pret nodilumu un koroziju, tiek izmantoti \u012bpa\u0161i p\u0101rkl\u0101jumi un materi\u0101li, kas nodro\u0161ina ilgm\u016b\u017e\u012bbu un uzticam\u012bbu.<\/li>\n<\/ul>\n<p>M\u0113s ra\u017eojam \u0161o produktu ar precizit\u0101ti, un m\u016bsu versijas kalpo k\u0101 ide\u0101li aizvietot\u0101ji eso\u0161ajiem hidrauliskajiem cilindriem da\u017e\u0101d\u0101s ma\u0161\u012bn\u0101s.<\/p>\n<p><img decoding=\"async\" src=\"https:\/\/www.hydraulic-cylinders.net\/wp-content\/uploads\/2025\/04\/songte-cylinder-head-with-all-kinds-excavator-models.webp\" alt=\"Cilindru nomai\u0146as iesp\u0113jas\"><\/p>\n<h2>Str\u0113les cilindra pielietojumi<\/h2>\n<h3>Celtniec\u012bbas apr\u012bkojums<\/h3>\n<p>Ekskavatoros str\u0113les cilindrs ir \u013coti svar\u012bgs rak\u0161anai, iekrau\u0161anai un augsnes vai gru\u017eu p\u0101rvieto\u0161anai. Tas pal\u012bdz manevr\u0113t kausu, lai efekt\u012bvi veiktu da\u017e\u0101dus uzdevumus. Str\u0113les cilindra rad\u012btais hidrauliskais sp\u0113ks nodro\u0161ina prec\u012bzu vad\u012bbu, \u013caujot operatoriem rakt dzi\u013ci zem\u0113 vai pacelt smagas kravas ar minim\u0101lu piep\u016bli. Ekskavatoros-iekr\u0101v\u0113jos kausa cilindrs ne tikai pal\u012bdz rak\u0161anas darbos, bet ar\u012b pal\u012bdz pacelt un transport\u0113t materi\u0101lus uz da\u017e\u0101d\u0101m viet\u0101m.<\/p>\n<h3>Lauksaimniec\u012bbas tehnika<\/h3>\n<p>Front\u0101lajos iekr\u0101v\u0113jos izmantotais str\u0113les cilindrs atvieglo augsnes, siena un citu materi\u0101lu sav\u0101k\u0161anas, cel\u0161anas un transport\u0113\u0161anas procesu. \u0160\u012b daudzpus\u012bba ir b\u016btiska lauksaimniec\u012bbas darbos, kur efekt\u012bva materi\u0101lu apstr\u0101de var iev\u0113rojami uzlabot produktivit\u0101ti. Hidraulisk\u0101 cilindra sp\u0113ja pacelt un noliekt kausu \u013cauj lauksaimniekiem efekt\u012bv\u0101k p\u0101rvald\u012bt savas darb\u012bbas, samazinot laika un darbasp\u0113ka izmaksas.<\/p>\n<h3>Rak\u0161anas darbi<\/h3>\n<p>Str\u0113les cilindrs \u013cauj ekskavatoriem iek\u013c\u016bt zem\u0113, nodro\u0161inot efekt\u012bvas rak\u0161anas oper\u0101cijas. Tas optimiz\u0113 rak\u0161anas procesu, uzlabojot materi\u0101lu izrak\u0161anas \u0101trumu un efektivit\u0101ti. \u013baujot kausam dzi\u013ci iek\u013c\u016bt augsn\u0113, tas nodro\u0161ina r\u016bp\u012bgus izrakumus, padarot to par b\u016btisku sast\u0101vda\u013cu b\u016bvniec\u012bbas un zemes p\u0101rvieto\u0161anas projektos.<\/p>\n<h3>Iekr\u0101v\u0113ji<\/h3>\n<p>Front\u0101lajos iekr\u0101v\u0113jos str\u0113les cilindram ir iz\u0161\u0137iro\u0161a noz\u012bme materi\u0101lu cel\u0161an\u0101 un izg\u0101\u0161an\u0101. Tas \u013cauj operatoriem pacelt kausu v\u0113lamaj\u0101 augstum\u0101 efekt\u012bvai izkrau\u0161anai, t\u0101d\u0113j\u0101di optimiz\u0113jot materi\u0101la p\u0101rvieto\u0161anas procesus. Str\u0113les cilindra nodro\u0161in\u0101t\u0101 hidraulisk\u0101 pal\u012bdz\u012bba \u013cauj \u0101tr\u0101k un efekt\u012bv\u0101k veikt iekrau\u0161anas un izkrau\u0161anas darbus, iev\u0113rojami uzlabojot produktivit\u0101ti da\u017e\u0101dos r\u016bpnieciskos pielietojumos.<\/p>\n<h2>Dizaina apsv\u0113rumi un atlases krit\u0113riji<\/h2>\n<h3>Kravnes\u012bba<\/h3>\n<p>Str\u0113les cilindra kravnes\u012bba ir kritisks konstrukcijas apsv\u0113rums. Tam ir j\u0101iztur pace\u013camo kravu svars un darb\u012bbas laik\u0101 rad\u012btie sp\u0113ki. Ra\u017eot\u0101ji nodro\u0161ina, ka izmantotie materi\u0101li un konstrukcijas metodes var iztur\u0113t nor\u0101d\u012bto slodzi, neapdraudot dro\u0161\u012bbu vai veiktsp\u0113ju.<\/p>\n<h3>Bl\u012bv\u0113\u0161anas meh\u0101nismi<\/h3>\n<p>Efekt\u012bva bl\u012bv\u0113\u0161ana ir b\u016btiska, lai atvieglotu hidraulisk\u0101s darb\u012bbas, vienlaikus nov\u0113r\u0161ot nopl\u016bdes. Lai nodro\u0161in\u0101tu hidraulisk\u0101s sist\u0113mas integrit\u0101ti, j\u0101izmanto augstas kvalit\u0101tes bl\u012bv\u0113jumi, piem\u0113ram, virzu\u013ca bl\u012bvsl\u0113gi \u200b\u200bun stie\u0146a bl\u012bvsl\u0113gi. Iztur\u012bgu materi\u0101lu, piem\u0113ram, poliuret\u0101na un nitrila gumijas, izv\u0113le uzlabo bl\u012bv\u0113\u0161anas sp\u0113jas un kop\u0113jo efektivit\u0101ti.<\/p>\n<h3>Iztur\u012bba<\/h3>\n<p>Iztur\u012bba ir \u0101rk\u0101rt\u012bgi svar\u012bga hidraulisko cilindru konstrukcij\u0101. Cilindram j\u0101sp\u0113j iztur\u0113t nodilumu nep\u0101rtrauktas darb\u012bbas laik\u0101 sare\u017e\u0123\u012btos apst\u0101k\u013cos. Ra\u017eot\u0101ji bie\u017ei izmanto uzlabotus materi\u0101lus un p\u0101rkl\u0101jumus, lai uzlabotu iztur\u012bbu pret koroziju un pagarin\u0101tu cilindra kalpo\u0161anas laiku, nodro\u0161inot uzticamu darb\u012bbu laika gait\u0101.<\/p>\n<h3>Dro\u0161\u012bbas funkcijas<\/h3>\n<p>Dro\u0161\u012bba ir galven\u0101 priorit\u0101te, projekt\u0113jot hidrauliskos cilindrus. T\u0101du funkciju k\u0101 spiediena samazin\u0101\u0161anas v\u0101rstu un p\u0101rslodzes aizsardz\u012bbas meh\u0101nismu iek\u013cau\u0161ana var pal\u012bdz\u0113t nov\u0113rst negad\u012bjumus un iek\u0101rtu boj\u0101jumus. \u0160ie dro\u0161\u012bbas pas\u0101kumi ir b\u016btiski gan iek\u0101rtu, gan operatoru aizsardz\u012bbai darb\u012bbas laik\u0101.<\/p>\n<h3>Apkopes un remonta apsv\u0113rumi<\/h3>\n<p>Ir \u013coti svar\u012bgi projekt\u0113t cilindru, \u0146emot v\u0113r\u0101 t\u0101 apkopes vienk\u0101r\u0161\u012bbu. Pieejamas deta\u013cas un standartiz\u0113tas deta\u013cas atvieglo savlaic\u012bgu remontu un samazina d\u012bkst\u0101ves laiku. Regul\u0101r\u0101m apkopes proced\u016br\u0101m, tostarp p\u0101rbaud\u0113m un deta\u013cu nomai\u0146ai, j\u0101b\u016bt viegli veicam\u0101m, lai nodro\u0161in\u0101tu optim\u0101lu veiktsp\u0113ju.<\/p>\n<p><img decoding=\"async\" src=\"https:\/\/www.hydraulic-cylinders.net\/wp-content\/uploads\/2025\/04\/songte-oil-pipes-and-spare-parts.webp\" alt=\"Hidraulisk\u0101 cilindra apkope\"><\/p>\n<h2>Bl\u012bv\u0113\u0161ana un e\u013c\u013co\u0161ana<\/h2>\n<p>Bl\u012bv\u0113\u0161ana un e\u013c\u013co\u0161ana ir kritiski svar\u012bgi hidraulisko cilindru darb\u012bbas uztur\u0113\u0161anas aspekti. Lai nov\u0113rstu hidraulisk\u0101 \u0161\u0137idruma nopl\u016bdi un pies\u0101r\u0146ojumu, j\u0101izmanto da\u017e\u0101di bl\u012bv\u0113jumi, piem\u0113ram, virzu\u013ca bl\u012bv\u0113jumi un stie\u0146a bl\u012bv\u0113jumi. Nodilumiztur\u012bgu materi\u0101lu, piem\u0113ram, poliuret\u0101na un nitrila gumijas, izmanto\u0161ana nodro\u0161ina \u0161o bl\u012bv\u0113jumu ilgm\u016b\u017e\u012bbu. Cilindra korpuss un v\u012bt\u0146ot\u0101s gala virsmas ir smalki apstr\u0101d\u0101tas, lai uzlabotu nodilumiztur\u012bbu. Turkl\u0101t regul\u0101ra e\u013c\u013co\u0161ana ar hidraulisko e\u013c\u013cu ir nepiecie\u0161ama, lai uztur\u0113tu vienm\u0113r\u012bgu darb\u012bbu un nov\u0113rstu p\u0101rm\u0113r\u012bgu berzi, kas var izrais\u012bt priek\u0161laic\u012bgu nodilumu un boj\u0101jumus.<\/p>\n<h2>Prevent\u012bvie apkopes pas\u0101kumi<\/h2>\n<ul>\n<li><strong>Regul\u0101ras p\u0101rbaudes:<\/strong> Regul\u0101ru p\u0101rbau\u017eu veik\u0161ana, lai noteiktu nodiluma, nopl\u016b\u017eu un boj\u0101jumu paz\u012bmes, ir \u013coti svar\u012bga, lai identific\u0113tu iesp\u0113jam\u0101s probl\u0113mas, pirms t\u0101s saasin\u0101s.<\/li>\n<li><strong>Piem\u0113rota e\u013c\u013co\u0161ana:<\/strong> Nodro\u0161inot pareizu hidraulisk\u0101 \u0161\u0137idruma l\u012bmeni un labu st\u0101vokli, tiks pagarin\u0101ts cilindra kalpo\u0161anas laiks un uzlabota veiktsp\u0113ja.<\/li>\n<li><strong>Bl\u012bv\u0113juma nomai\u0146a:<\/strong> Regul\u0101ra bl\u012bv\u0113jumu nomai\u0146a var nov\u0113rst nopl\u016bdes un uztur\u0113t hidraulisk\u0101s sist\u0113mas efektivit\u0101ti.<\/li>\n<\/ul>\n<h2>Uzst\u0101d\u012b\u0161anas vadl\u012bnijas<\/h2>\n<p>Pareiza str\u0113les cilindra uzst\u0101d\u012b\u0161ana ir b\u016btiska optim\u0101lai veiktsp\u0113jai. Vispirms p\u0101rliecinieties, vai mont\u0101\u017eas kron\u0161teini ir dro\u0161i piestiprin\u0101ti un izl\u012bdzin\u0101ti ar cilindru. Izmantojiet atbilsto\u0161us instrumentus, lai pievilktu visus savienojumus, izvairoties no p\u0101rm\u0113r\u012bga sp\u0113ka, kas var\u0113tu saboj\u0101t cilindru. P\u0101rliecinieties, vai hidraulisk\u0101s l\u012bnijas ir pareizi pievienotas un vai nav nopl\u016b\u017eu. Ieteicams iepaz\u012bties ar ra\u017eot\u0101ja uzst\u0101d\u012b\u0161anas rokasgr\u0101matu, lai ieg\u016btu konkr\u0113tus nor\u0101d\u012bjumus, kas piel\u0101goti uzst\u0101d\u0101majam modelim. P\u0113c uzst\u0101d\u012b\u0161anas p\u0101rbaudiet cilindra darb\u012bbu zem\u0101 spiedien\u0101, pirms pak\u0101peniski palieliniet spiedienu l\u012bdz darba l\u012bmenim, lai p\u0101rliecin\u0101tos, ka viss darbojas nevainojami.<\/p>\n<h2>Bie\u017ei sastopamie apkopes uzdevumi<\/h2>\n<ul>\n<li><strong>Regul\u0101ras p\u0101rbaudes:<\/strong> Regul\u0101ras p\u0101rbaudes pal\u012bdz noteikt nolietojumu, nov\u0113r\u0161ot negaid\u012btus boj\u0101jumus.<\/li>\n<li><strong>Piem\u0113rota e\u013c\u013co\u0161ana:<\/strong> Pareiza cilindra e\u013c\u013co\u0161ana var saglab\u0101t darb\u012bbas efektivit\u0101ti un pagarin\u0101t t\u0101 kalpo\u0161anas laiku.<\/li>\n<li><strong>Bl\u012bv\u0113juma nomai\u0146a:<\/strong> Regul\u0101ra bl\u012bv\u0113jumu uzraudz\u012bba un nomai\u0146a p\u0113c nepiecie\u0161am\u012bbas ir \u013coti svar\u012bga, lai nov\u0113rstu nopl\u016bdes un uztur\u0113tu veiktsp\u0113ju.<\/li>\n<\/ul>\n<p>Pareiza uzst\u0101d\u012b\u0161ana nodro\u0161ina cilindra pareizu izl\u012bdzin\u0101\u0161anu, savuk\u0101rt atbilsto\u0161a e\u013c\u013co\u0161ana nodro\u0161ina vienm\u0113r\u012bgu darb\u012bbu. Ir \u013coti svar\u012bgi, lai regul\u0113\u0161anai b\u016btu pareizie instrumenti un tiktu iev\u0113rotas ieteicam\u0101s p\u0101rbaudes, remonta un deta\u013cu nomai\u0146as proced\u016bras, lai maksim\u0101li palielin\u0101tu hidraulisk\u0101 cilindra kalpo\u0161anas laiku.<\/p>\n<p><img decoding=\"async\" src=\"https:\/\/www.hydraulic-cylinders.net\/wp-content\/uploads\/2025\/04\/songte-chushion-collar.webp\" alt=\"Cilindra uzst\u0101d\u012b\u0161ana\"><\/p>\n<h2>Dro\u0161\u012bbas apsv\u0113rumi un vides faktori<\/h2>\n<p>Izmantojot hidrauliskos cilindrus, dro\u0161\u012bbas pas\u0101kumu ievie\u0161ana ir \u013coti svar\u012bga, lai aizsarg\u0101tu operatorus un apr\u012bkojumu. Vienm\u0113r iev\u0113rojiet svara ierobe\u017eojumus un izvairieties no p\u0101rm\u0113r\u012bga sp\u0113ka pielieto\u0161anas darb\u012bbas laik\u0101. Regul\u0101ra apm\u0101c\u012bba par pareizu ma\u0161\u012bnu lieto\u0161anu var uzlabot dro\u0161\u012bbu. Turkl\u0101t vides apsv\u0113rumi, piem\u0113ram, pareiza \u0161\u0137idrumu utiliz\u0101cija un nopl\u016b\u017eu samazin\u0101\u0161ana, ir b\u016btiski, lai nodro\u0161in\u0101tu atbilst\u012bbu noteikumiem un samazin\u0101tu ietekmi uz vidi.<\/p>\n<h2>Bie\u017ei sastopamo probl\u0113mu nov\u0113r\u0161ana<\/h2>\n<ul>\n<li><strong>Nopl\u016bde:<\/strong> Ja hidrauliskais \u0161\u0137idrums nopl\u016bst, p\u0101rbaudiet bl\u012bves un savienojumus, vai tie nav boj\u0101ti vai nodilu\u0161i.<\/li>\n<li><strong>Samazin\u0101ta jauda:<\/strong> Ja cilindrs nerea\u0123\u0113 atbilsto\u0161i, p\u0101rliecinieties, vai \u0161\u0137idruma l\u012bmenis ir pietiekams, un p\u0101rbaudiet, vai hidrauliskaj\u0101s l\u012bnij\u0101s nav aizsprostojumu.<\/li>\n<li><strong>Neparastas ska\u0146as:<\/strong> Sl\u012bpo\u0161a vai klabo\u0161a ska\u0146a var liecin\u0101t par iek\u0161\u0113jiem boj\u0101jumiem; nepiecie\u0161ama t\u016bl\u012bt\u0113ja p\u0101rbaude un remonts.<\/li>\n<\/ul>\n<h2>Probl\u0113mu risin\u0101\u0161anas padomi<\/h2>\n<p>Lai efekt\u012bvi diagnostic\u0113tu un nov\u0113rstu probl\u0113mas, uzturiet struktur\u0113tu p\u0101rbau\u017eu kontrolsarakstu. Regul\u0101ra apkope un pareiza e\u013c\u013co\u0161ana var pal\u012bdz\u0113t samazin\u0101t probl\u0113mu iesp\u0113jam\u012bbu. Prevent\u012bvu pas\u0101kumu ievie\u0161ana, piem\u0113ram, operatoru apm\u0101c\u012bba par pareizu iek\u0101rtu lieto\u0161anu, var ar\u012b samazin\u0101t potenci\u0101l\u0101s probl\u0113mas.<\/p>\n<p><img decoding=\"async\" src=\"https:\/\/www.hydraulic-cylinders.net\/wp-content\/uploads\/2025\/04\/songte-bushings-with-all-kinds-of-excavator-models.webp\" alt=\"Probl\u0113mu nov\u0113r\u0161ana un apkope\"><\/p>\n<h2>Par m\u016bsu uz\u0146\u0113mumu<\/h2>\n<p>M\u0113s esam vado\u0161ais rezerves hidraulisko cilindru ra\u017eot\u0101js, kas pied\u0101v\u0101 pla\u0161u produktu kl\u0101stu, kas apmierina da\u017e\u0101das tirgus vajadz\u012bbas. M\u016bsu ap\u0146em\u0161anos sasniegt izcil\u012bbu virza progres\u012bvas ra\u017eo\u0161anas strat\u0113\u0123ijas, izmantojot kvalific\u0113tus tehni\u0137us, augst\u0101k\u0101s klases digit\u0101lo apr\u012bkojumu un profesion\u0101las test\u0113\u0161anas sist\u0113mas. M\u0113s past\u0101v\u012bgi uzlabojam savu ra\u017eo\u0161anas platformu, lai nodro\u0161in\u0101tu augstu efektivit\u0101ti, precizit\u0101ti un kvalit\u0101ti, apmierinot da\u017e\u0101das klientu pras\u012bbas. M\u016bsu pakalpojumi ietver piel\u0101gotus risin\u0101jumus, starptautiskas sertifik\u0101cijas un visaptvero\u0161u p\u0113cp\u0101rdo\u0161anas atbalstu.<\/p>\n<p><img decoding=\"async\" src=\"https:\/\/www.hydraulic-cylinders.net\/wp-content\/uploads\/2025\/04\/songte-company-4.webp\" alt=\"Uz\u0146\u0113muma p\u0101rskats\"><br \/>\n<img decoding=\"async\" src=\"https:\/\/www.hydraulic-cylinders.net\/wp-content\/uploads\/2025\/04\/songte-company-3.webp\" alt=\"Ra\u017eo\u0161anas iek\u0101rta\"><\/p>\n<p>Autors: lil<\/p>","protected":false},"excerpt":{"rendered":"<p>Boom Cylinder For Aotai AT60E-9 Product Overview The Boom Cylinder for Aotai AT60E-9 is an essential hydraulic component designed to control the movement of the boom in various heavy machinery, such as excavators and front loaders. This hydraulic cylinder is specifically engineered to enable the boom to lift, lower, and tilt, facilitating efficient material handling [&hellip;]<\/p>","protected":false},"featured_media":17867,"comment_status":"open","ping_status":"closed","template":"","meta":{"_et_pb_use_builder":"","_et_pb_old_content":"","_et_gb_content_width":""},"product_brand":[],"product_cat":[1546],"product_tag":[1547,1496],"class_list":{"0":"post-19634","1":"product","2":"type-product","3":"status-publish","4":"has-post-thumbnail","6":"product_cat-boom-cylinders","7":"product_tag-boom-cylinders","8":"product_tag-hydraulic-cylinders","10":"first","11":"instock","12":"shipping-taxable","13":"product-type-simple"},"amp_enabled":true,"_links":{"self":[{"href":"https:\/\/www.hydraulic-cylinders.net\/lv\/wp-json\/wp\/v2\/product\/19634","targetHints":{"allow":["GET"]}}],"collection":[{"href":"https:\/\/www.hydraulic-cylinders.net\/lv\/wp-json\/wp\/v2\/product"}],"about":[{"href":"https:\/\/www.hydraulic-cylinders.net\/lv\/wp-json\/wp\/v2\/types\/product"}],"replies":[{"embeddable":true,"href":"https:\/\/www.hydraulic-cylinders.net\/lv\/wp-json\/wp\/v2\/comments?post=19634"}],"wp:featuredmedia":[{"embeddable":true,"href":"https:\/\/www.hydraulic-cylinders.net\/lv\/wp-json\/wp\/v2\/media\/17867"}],"wp:attachment":[{"href":"https:\/\/www.hydraulic-cylinders.net\/lv\/wp-json\/wp\/v2\/media?parent=19634"}],"wp:term":[{"taxonomy":"product_brand","embeddable":true,"href":"https:\/\/www.hydraulic-cylinders.net\/lv\/wp-json\/wp\/v2\/product_brand?post=19634"},{"taxonomy":"product_cat","embeddable":true,"href":"https:\/\/www.hydraulic-cylinders.net\/lv\/wp-json\/wp\/v2\/product_cat?post=19634"},{"taxonomy":"product_tag","embeddable":true,"href":"https:\/\/www.hydraulic-cylinders.net\/lv\/wp-json\/wp\/v2\/product_tag?post=19634"}],"curies":[{"name":"wp","href":"https:\/\/api.w.org\/{rel}","templated":true}]}}