{"id":19635,"date":"2025-04-07T06:58:40","date_gmt":"2025-04-07T06:58:40","guid":{"rendered":"https:\/\/www.hydraulic-cylinders.net\/product\/boom-cylinder-for-aotai-at150e-9\/"},"modified":"2025-04-07T06:58:51","modified_gmt":"2025-04-07T06:58:51","slug":"boom-cylinder-for-aotai-at150e-9","status":"publish","type":"product","link":"https:\/\/www.hydraulic-cylinders.net\/lv\/products\/boom-cylinder-for-aotai-at150e-9\/","title":{"rendered":"Str\u0113les cilindrs Aotai AT150E-9"},"content":{"rendered":"<h1>Str\u0113les cilindrs Aotai AT150E-9<\/h1>\n<h2>Produkta p\u0101rskats<\/h2>\n<p>Aotai AT150E-9 str\u0113les cilindrs ir specializ\u0113ts hidrauliskais cilindrs, kas paredz\u0113ts kausu kust\u012bbas vad\u012bbai da\u017e\u0101dos smago ma\u0161\u012bnu pielietojumos. \u0160im cilindram ir iz\u0161\u0137iro\u0161a noz\u012bme hidrauliskaj\u0101s sist\u0113m\u0101s, nodro\u0161inot kausu pacel\u0161anu, nolai\u0161anu un noliek\u0161anu, kas atvieglo materi\u0101lu apstr\u0101des uzdevumus. Kausu cilindri ir b\u016btiskas ekskavatoru, ekskavatoru-iekr\u0101v\u0113ju un front\u0101lo iekr\u0101v\u0113ju sast\u0101vda\u013cas, \u013caujot \u0161\u012bm ma\u0161\u012bn\u0101m efekt\u012bvi darboties b\u016bvniec\u012bbas, lauksaimniec\u012bbas un r\u016bpniec\u012bbas uzdevumos.<\/p>\n<p><img decoding=\"async\" src=\"https:\/\/www.hydraulic-cylinders.net\/wp-content\/uploads\/2025\/04\/songte-company-1.webp\" alt=\"Aotai AT150E-9 str\u0113les cilindrs\" \/><\/p>\n<h3>Defin\u012bcija un p\u0101rskats<\/h3>\n<p>Kausa cilindri, kas \u012bpa\u0161i paredz\u0113ti kausu kust\u012bbas vad\u012bbai, izmanto hidraulisko spiedienu, lai nodro\u0161in\u0101tu nepiecie\u0161amo sp\u0113ku da\u017e\u0101d\u0101m darb\u012bb\u0101m. \u0160ie cilindri ir neat\u0146emama iek\u0101rtu funkcionalit\u0101tes sast\u0101vda\u013ca, \u013caujot veikt prec\u012bzas kust\u012bbas, kas nepiecie\u0161amas lieljaudas darbos. P\u0101rveidojot hidraulisko ener\u0123iju meh\u0101niskaj\u0101 ener\u0123ij\u0101, kausa cilindri \u013cauj operatoriem viegli un prec\u012bzi manipul\u0113t ar kausa poz\u012bciju.<\/p>\n<h2>Str\u0113les cilindra \u012bpa\u0161\u012bbas<\/h2>\n<ul>\n<li><strong>Augsta iztur\u012bba un ilgm\u016b\u017e\u012bba:<\/strong> Izgatavots no augstas stipr\u012bbas t\u0113rauda vai alum\u012bnija, kas sp\u0113j iztur\u0113t augstu spiedienu un lielas slodzes, paredz\u0113ts skarbiem darba apst\u0101k\u013ciem ar uzlabotu nodilumiztur\u012bbu un aizsardz\u012bbu pret koroziju.<\/li>\n<li><strong>Efekt\u012bva hidraulisk\u0101 darb\u012bba:<\/strong> Izmanto hidraulisko spiedienu vienm\u0113r\u012bgai izvilk\u0161anai un ievilk\u0161anai, nodro\u0161inot \u0101tru reakciju uz operatora komand\u0101m un jaud\u012bgu stum\u0161anas un vilk\u0161anas sp\u0113ku, kas piem\u0113rots smagiem un sare\u017e\u0123\u012btiem uzdevumiem.<\/li>\n<li><strong>Da\u017e\u0101di veidi:<\/strong> Pieejams vienk\u0101r\u0161\u0101s darb\u012bbas (izmantojot hidrauliku vien\u0101 virzien\u0101) vai divk\u0101r\u0161\u0101s darb\u012bbas (izmantojot hidrauliku abos virzienos) konfigur\u0101cij\u0101s, kas atbilst da\u017e\u0101d\u0101m ekspluat\u0101cijas vajadz\u012bb\u0101m. Da\u017eiem mode\u013ciem ir teleskopiska konstrukcija, kas nodro\u0161ina liel\u0101ku sniedzam\u012bbu, nepalielinot \u0101r\u0113jos izm\u0113rus, kas ir ide\u0101li piem\u0113rots darbam sl\u0113gt\u0101s telp\u0101s.<\/li>\n<li><strong>Piel\u0101gojamas opcijas:<\/strong> Var piel\u0101got konkr\u0113t\u0101m iek\u0101rtu pras\u012bb\u0101m, nodro\u0161inot sader\u012bbu un optim\u0101lu veiktsp\u0113ju da\u017e\u0101dos pielietojumos.<\/li>\n<li><strong>Uzlabotas dro\u0161\u012bbas funkcijas:<\/strong> Ietver ieb\u016bv\u0113tus dro\u0161\u012bbas meh\u0101nismus, lai nov\u0113rstu k\u013c\u016bmes un nodro\u0161in\u0101tu uzticamu darb\u012bbu, aizsarg\u0101jot gan iek\u0101rtu, gan operatoru.<\/li>\n<\/ul>\n<p>M\u0113s varam ra\u017eot \u0161o produktu, un m\u016bsu cilindri ir izstr\u0101d\u0101ti, lai perfekti aizst\u0101tu eso\u0161os hidrauliskos cilindrus.<\/p>\n<p><img decoding=\"async\" src=\"https:\/\/www.hydraulic-cylinders.net\/wp-content\/uploads\/2025\/04\/songte-cylinder-head-with-all-kinds-excavator-models.webp\" alt=\"Hidraulisk\u0101 cilindra nomai\u0146a\" \/><\/p>\n<h2>Str\u0113les cilindra pielietojumi<\/h2>\n<h3>Celtniec\u012bbas apr\u012bkojums<\/h3>\n<p>B\u016bvniec\u012bbas tehnikas jom\u0101 str\u0113les cilindri ir atrodami ekskavatoros, kur tiem ir b\u016btiska loma augsnes vai gru\u017eu rak\u0161an\u0101, iekrau\u0161an\u0101 un transport\u0113\u0161an\u0101. Str\u0113les cilindra hidraulisk\u0101 darb\u012bba \u013cauj prec\u012bzi kontrol\u0113t kausa poz\u012bciju, \u013caujot operatoriem veikt sare\u017e\u0123\u012btus manevrus, kas nepiecie\u0161ami rak\u0161anas darbiem. \u0160\u012b funkcionalit\u0101te ir \u013coti svar\u012bga b\u016bvniec\u012bbas projektos, kur efektivit\u0101te un precizit\u0101te tie\u0161i ietekm\u0113 produktivit\u0101ti un dro\u0161\u012bbu.<\/p>\n<h3>Lauksaimniec\u012bbas tehnika<\/h3>\n<p>Lauksaimniec\u012bbas tehnik\u0101, piem\u0113ram, front\u0101lajos iekr\u0101v\u0113jos, str\u0113les cilindrus izmanto augsnes, siena un citu materi\u0101lu sav\u0101k\u0161anai, pacel\u0161anai un transport\u0113\u0161anai. To sp\u0113ja viegli tikt gal\u0101 ar smag\u0101m krav\u0101m padara tos neaizst\u0101jamus lauksaimniec\u012bbas darbos. Str\u0113les cilindra hidraulisk\u0101 sist\u0113ma pal\u012bdz optimiz\u0113t darbpl\u016bsmu, samazin\u0101t roku darbu un palielin\u0101t lauksaimniec\u012bbas uzdevumu kop\u0113jo efektivit\u0101ti, kas ir b\u016btiski m\u016bsdienu lauksaimniec\u012bbas praks\u0113.<\/p>\n<h3>Ekskavatori<\/h3>\n<p>Ekskavatoru str\u0113les cilindrs atvieglo rak\u0161anas darb\u012bbu, \u013caujot kausam efekt\u012bvi iek\u013c\u016bt augsn\u0113. \u0160\u012b sp\u0113ja ir vit\u0101li svar\u012bga rak\u0161anas darbos, jo t\u0101 \u013cauj operatoriem prec\u012bzi sasniegt dzi\u013c\u0101kus zemes sl\u0101\u0146us. Str\u0113les cilindra rad\u012btais hidrauliskais sp\u0113ks nodro\u0161ina, ka ekskavators var tikt gal\u0101 ar da\u017e\u0101diem augsnes tipiem un reljefa apst\u0101k\u013ciem, t\u0101d\u0113j\u0101di uzlabojot t\u0101 daudzpus\u012bbu da\u017e\u0101d\u0101s darba viet\u0101s.<\/p>\n<h3>Iekr\u0101v\u0113ji<\/h3>\n<p>Front\u0101lajos iekr\u0101v\u0113jos str\u0113les cilindri pal\u012bdz efekt\u012bvi pacelt un izkraut kravas. Hidraulisk\u0101 sist\u0113ma nodro\u0161ina vienm\u0113r\u012bgu darb\u012bbu, nodro\u0161inot, ka iekr\u0101v\u0113js var apstr\u0101d\u0101t smagus materi\u0101lus, neapdraudot dro\u0161\u012bbu vai veiktsp\u0113ju. \u0160is pielietojums ir \u012bpa\u0161i svar\u012bgs b\u016bvniec\u012bb\u0101 un ainavu veido\u0161an\u0101, kur savlaic\u012bga materi\u0101lu apstr\u0101de ir kritiski svar\u012bga projekta pan\u0101kumiem.<\/p>\n<h2>Dizaina apsv\u0113rumi un atlases krit\u0113riji<\/h2>\n<h3>Kravnes\u012bba<\/h3>\n<p>Izv\u0113loties str\u0113les cilindru, viens no galvenajiem apsv\u0113rumiem ir t\u0101 kravnes\u012bba. Tam j\u0101sp\u0113j iztur\u0113t maksim\u0101lo slodzi, ar kuru iek\u0101rta saskarsies ekspluat\u0101cijas laik\u0101. Cilindra konstrukcijai j\u0101atspogu\u013co paredz\u0113tais lietojums, nodro\u0161inot, ka tas var dro\u0161i iztur\u0113t svaru, nerisk\u0113jot saboj\u0101ties. Slodzes pras\u012bbu apr\u0113\u0137in\u0101\u0161ana ietver apstr\u0101d\u0101jamo materi\u0101lu veidu un tehnikai izvirz\u012bto ekspluat\u0101cijas pras\u012bbu nov\u0113rt\u0113\u0161anu. Pareizi nov\u0113rt\u0113ts cilindrs nodro\u0161ina ne tikai efekt\u012bvu darb\u012bbu, bet ar\u012b iek\u0101rtas un operatora dro\u0161\u012bbu.<\/p>\n<h3>Bl\u012bv\u0113juma veiktsp\u0113ja<\/h3>\n<p>Bl\u012bv\u0113jums ir v\u0113l viens svar\u012bgs hidraulisk\u0101 cilindra konstrukcijas aspekts. Efekt\u012bvs bl\u012bv\u0113jums nov\u0113r\u0161 hidraulisk\u0101 \u0161\u0137idruma nopl\u016bdi un uztur spiedienu, kas nepiecie\u0161ams vienm\u0113r\u012bgai darb\u012bbai. Konstrukcij\u0101 j\u0101iek\u013cauj augstas kvalit\u0101tes bl\u012bv\u0113jumi, kas sp\u0113j iztur\u0113t ekspluat\u0101cijas apst\u0101k\u013cus, tostarp temperat\u016bras sv\u0101rst\u012bbas un pies\u0101r\u0146ot\u0101ju iedarb\u012bbu. Izv\u0113loties no iztur\u012bgiem materi\u0101liem, piem\u0113ram, poliuret\u0101na vai nitrila gumijas, izgatavotus bl\u012bv\u0113jumus, tiek uzlabota cilindra kalpo\u0161anas laiks un samazin\u0101ta apkopes nepiecie\u0161am\u012bba, nodro\u0161inot optim\u0101lu hidraulisk\u0101s sist\u0113mas darb\u012bbu laika gait\u0101.<\/p>\n<h3>Iztur\u012bba<\/h3>\n<p>Hidrauliskajiem cilindriem, kas darbojas sare\u017e\u0123\u012btos apst\u0101k\u013cos, iztur\u012bba ir \u0101rk\u0101rt\u012bgi svar\u012bga. Konstrukcij\u0101 izmantotajiem materi\u0101liem j\u0101b\u016bt iztur\u012bgiem pret nodilumu un koroziju, pagarinot cilindra kalpo\u0161anas laiku. Ra\u017eot\u0101ji bie\u017ei izmanto uzlabotus p\u0101rkl\u0101jumus un apstr\u0101des metodes, lai uzlabotu cilindra korpusa un sast\u0101vda\u013cu iztur\u012bbu. Izv\u0113loties cilindru, kas var iztur\u0113t intens\u012bvu lieto\u0161anu, vienlaikus nodro\u0161inot uzticamu veiktsp\u0113ju, ir svar\u012bgi nov\u0113rt\u0113t paredzamo kalpo\u0161anas laiku un apkopes bie\u017eumu.<\/p>\n<h3>Dro\u0161\u012bbas funkcijas<\/h3>\n<p>Dro\u0161\u012bbas funkciju iek\u013cau\u0161ana str\u0113les cilindra konstrukcij\u0101 ir \u013coti svar\u012bga, lai nov\u0113rstu negad\u012bjumus un apr\u012bkojuma boj\u0101jumus. Tas ietver t\u0101du meh\u0101nismu k\u0101 spiediena samazin\u0101\u0161anas v\u0101rstu un p\u0101rslodzes aizsardz\u012bbas sist\u0113mu ievie\u0161anu. \u0160\u012bs funkcijas pal\u012bdz p\u0101rvald\u012bt negaid\u012btus hidraulisk\u0101 spiediena l\u0113cienus, samazinot katastrof\u0101lu k\u013c\u016bmju iesp\u0113jam\u012bbu. Turkl\u0101t operatoriem j\u0101iepaz\u012bstas ar ar cilindru saist\u012btaj\u0101m dro\u0161\u012bbas vadl\u012bnij\u0101m, lai nodro\u0161in\u0101tu pareizu protokolu iev\u0113ro\u0161anu darb\u012bbas laik\u0101.<\/p>\n<h3>Uzturam\u012bba<\/h3>\n<p>Izv\u0113loties str\u0113les cilindru, galvenajam apsv\u0113rumam j\u0101b\u016bt apkopes pieejam\u012bbai. Konstrukcija, kas nodro\u0161ina \u0113rtu piek\u013cuvi komponentiem, atvieglo regul\u0101ras p\u0101rbaudes un remontu. Tas ietver t\u0101das funkcijas k\u0101 no\u0146emamus gala v\u0101ci\u0146us, pieejamus bl\u012bv\u0113jumus un vienk\u0101r\u0161i e\u013c\u013co\u0161anas punktus. Regul\u0101ra apkope ir \u013coti svar\u012bga, lai nodro\u0161in\u0101tu optim\u0101lu veiktsp\u0113ju un ilgm\u016b\u017e\u012bbu, savuk\u0101rt konstrukcija, kas vienk\u0101r\u0161o apkopes uzdevumus, var ietaup\u012bt izmaksas un samazin\u0101t d\u012bkst\u0101ves laiku.<\/p>\n<p><img decoding=\"async\" src=\"https:\/\/www.hydraulic-cylinders.net\/wp-content\/uploads\/2025\/04\/songte-oil-pipes-and-spare-parts.webp\" alt=\"Hidraulisk\u0101s da\u013cas\" \/><\/p>\n<h2>Cilindra bl\u012bv\u0113\u0161ana un e\u013c\u013co\u0161ana<\/h2>\n<p>Bl\u012bv\u0113jums un e\u013c\u013co\u0161ana ir kritiski svar\u012bgas hidraulisko cilindru funkcionalit\u0101tei un ilgm\u016b\u017e\u012bbai. Lai uztur\u0113tu hidraulisko spiedienu un nov\u0113rstu nopl\u016bdes, tiek izmantoti da\u017e\u0101di bl\u012bv\u0113\u0161anas elementi, piem\u0113ram, virzu\u013ca bl\u012bv\u0113jumi un stie\u0146a bl\u012bv\u0113jumi. Bl\u012bv\u0113jumu izv\u0113le no nodilumiztur\u012bgiem materi\u0101liem, piem\u0113ram, poliuret\u0101na vai nitrila gumijas, nodro\u0161ina iztur\u012bbu un veiktsp\u0113ju. Turkl\u0101t cilindra korpuss un v\u012bt\u0146ot\u0101s gala virsmas tiek r\u016bp\u012bgi apstr\u0101d\u0101tas, lai uzlabotu nodilumiztur\u012bbu.<\/p>\n<p>Regul\u0101ra e\u013c\u013co\u0161ana ir b\u016btiska, lai uztur\u0113tu hidraulisk\u0101s sist\u0113mas efektivit\u0101ti. Cilindrs periodiski j\u0101uzpilda ar atbilsto\u0161u hidraulisk\u0101s e\u013c\u013cas daudzumu, lai nodro\u0161in\u0101tu vienm\u0113r\u012bgu kust\u012bbu un nov\u0113rstu iek\u0161\u0113jo nodilumu. Regul\u0101ras apkopes grafika izveide e\u013c\u013co\u0161anai pal\u012bdz nodro\u0161in\u0101t cilindra efekt\u012bvu darb\u012bbu, samazinot boj\u0101jumu vai atteices risku laika gait\u0101.<\/p>\n<h2>Regul\u0101ras p\u0101rbaudes un profilaktisk\u0101s apkopes pas\u0101kumi<\/h2>\n<ul>\n<li><strong>Regul\u0101ras p\u0101rbaudes:<\/strong> Regul\u0101ru hidraulisk\u0101 cilindra p\u0101rbau\u017eu veik\u0161ana ir \u013coti svar\u012bga, lai laikus identific\u0113tu jebk\u0101das nodiluma vai boj\u0101jumu paz\u012bmes. Operatoriem j\u0101p\u0101rbauda, \u200b\u200bvai nav \u0161\u0137idruma nopl\u016b\u017eu, neparastu trok\u0161\u0146u vai veiktsp\u0113jas izmai\u0146u, un nekav\u0113joties j\u0101risina visas probl\u0113mas, lai nov\u0113rstu turpm\u0101kas komplik\u0101cijas.<\/li>\n<li><strong>Piem\u0113rota e\u013c\u013co\u0161ana:<\/strong> Nodro\u0161inot, ka cilindrs ir pien\u0101c\u012bgi iee\u013c\u013cots, tiek samazin\u0101ta iek\u0161\u0113jo deta\u013cu berze un nodilums. Operatoriem j\u0101iev\u0113ro ra\u017eot\u0101ja ieteikumi attiec\u012bb\u0101 uz sm\u0113rvielas veidu un interv\u0101liem, saglab\u0101jot optim\u0101lus darba apst\u0101k\u013cus.<\/li>\n<li><strong>Bl\u012bv\u0113juma nomai\u0146a:<\/strong> Laika gait\u0101 bl\u012bves var nolietoties un k\u013c\u016bt maz\u0101k efekt\u012bvas. Regul\u0101ra bl\u012bvju p\u0101rbaude un nomai\u0146a p\u0113c nepiecie\u0161am\u012bbas var nov\u0113rst hidraulisk\u0101 \u0161\u0137idruma nopl\u016bdes un saglab\u0101t veiktsp\u0113ju, nodro\u0161inot cilindra ilgm\u016b\u017e\u012bbu.<\/li>\n<\/ul>\n<h2>Uzst\u0101d\u012b\u0161anas vadl\u012bnijas<\/h2>\n<p>Pareiza str\u0113les cilindra uzst\u0101d\u012b\u0161ana ir b\u016btiska optim\u0101lai veiktsp\u0113jai un dro\u0161\u012bbai. Vispirms p\u0101rliecinieties, vai mont\u0101\u017eas virsmas ir t\u012bras un bez gru\u017eiem, kas var trauc\u0113t izl\u012bdzin\u0101\u0161anu. Izmantojiet atbilsto\u0161us instrumentus, lai nostiprin\u0101tu cilindru, nodro\u0161inot, ka tas ir pareizi izl\u012bdzin\u0101ts ar atbilsto\u0161aj\u0101m meh\u0101niskaj\u0101m sast\u0101vda\u013c\u0101m. Ieteicams izmantot piem\u0113rotas mont\u0101\u017eas kron\u0161teinus, lai dro\u0161i nostiprin\u0101tu cilindru viet\u0101.<\/p>\n<p>Uzst\u0101d\u012b\u0161anas laik\u0101 divreiz p\u0101rbaudiet, vai visi hidrauliskie savienojumi ir cie\u0161i un bez nopl\u016bd\u0113m. Izvairieties no p\u0101r\u0101k lielas pievilk\u0161anas, jo tas var izrais\u012bt boj\u0101jumus. P\u0113c s\u0101kotn\u0113j\u0101s uzst\u0101d\u012b\u0161anas darbiniet cilindru zem\u0101 spiedien\u0101, lai p\u0101rliecin\u0101tos, ka tas darbojas pareizi, pirms pak\u013caujat to piln\u0101m darba slodz\u0113m. Iev\u0113rojot \u0161\u012bs vadl\u012bnijas, j\u016bs nodro\u0161in\u0101siet, ka str\u0113les cilindrs ir pareizi uzst\u0101d\u012bts un darbojas, k\u0101 paredz\u0113ts.<\/p>\n<h2>Bie\u017ei sastopamie apkopes uzdevumi<\/h2>\n<ul>\n<li><strong>Regul\u0101ras p\u0101rbaudes:<\/strong> Regul\u0101ras p\u0101rbaudes ir \u013coti svar\u012bgas, lai laikus identific\u0113tu visas iesp\u0113jam\u0101s probl\u0113mas. Operatoriem j\u0101nov\u0113rt\u0113 cilindrs, vai nav nopl\u016b\u017eu, boj\u0101jumu vai nodiluma. Pareiza apkope nodro\u0161ina, ka visas probl\u0113mas tiek risin\u0101tas, pirms t\u0101s saasin\u0101s, t\u0101d\u0113j\u0101di veicinot ilgsto\u0161u darb\u012bbu.<\/li>\n<li><strong>Piem\u0113rota e\u013c\u013co\u0161ana:<\/strong> Regul\u0101ra e\u013c\u013co\u0161ana ir b\u016btiska, lai uztur\u0113tu hidraulisk\u0101s sist\u0113mas efektivit\u0101ti. Operatoriem j\u0101iev\u0113ro vadl\u012bnijas par e\u013c\u013co\u0161anas veidu un bie\u017eumu, jo pareiza e\u013c\u013co\u0161ana samazina nodilumu un uzlabo veiktsp\u0113ju.<\/li>\n<li><strong>Bl\u012bv\u0113juma nomai\u0146as un kalibr\u0113\u0161anas p\u0101rbaudes:<\/strong> Regul\u0101ra bl\u012bv\u0113jumu p\u0101rbaude un nomai\u0146a ir \u013coti svar\u012bga, lai nov\u0113rstu \u0161\u0137idruma nopl\u016bdes. Kalibr\u0113\u0161anas p\u0101rbaudes nodro\u0161ina, ka cilindrs darbojas noteiktaj\u0101s robe\u017e\u0101s, saglab\u0101jot t\u0101 funkciju precizit\u0101ti.<\/li>\n<\/ul>\n<p>Pareiza uzst\u0101d\u012b\u0161ana, e\u013c\u013co\u0161ana un regul\u0113\u0161ana ir \u013coti svar\u012bga, lai nodro\u0161in\u0101tu str\u0113les cilindra ilgm\u016b\u017e\u012bbu. Operatoriem uzst\u0101d\u012b\u0161anas laik\u0101 j\u0101uzman\u0101s no cilindra prec\u012bzas izl\u012bdzin\u0101\u0161anas un j\u0101izmanto atbilsto\u0161i stiprin\u0101juma kron\u0161teini. Ieteicamo p\u0101rbaudes, remonta un nomai\u0146as proced\u016bru iev\u0113ro\u0161ana v\u0113l vair\u0101k pagarin\u0101s cilindra kalpo\u0161anas laiku un uzlabos veiktsp\u0113ju.<\/p>\n<p><img decoding=\"async\" src=\"https:\/\/www.hydraulic-cylinders.net\/wp-content\/uploads\/2025\/04\/songte-chushion-collar.webp\" alt=\"Spilvenu apkakle\" \/><\/p>\n<h2>Dro\u0161\u012bbas apsv\u0113rumi un vides faktori<\/h2>\n<p>Str\u0101d\u0101jot ar hidrauliskajiem cilindriem, dro\u0161\u012bbas pas\u0101kumi ir \u0101rk\u0101rt\u012bgi svar\u012bgi. Operatoriem j\u0101iev\u0113ro noteiktie dro\u0161\u012bbas protokoli, lai samazin\u0101tu ar hidraulisk\u0101 spiediena atteic\u0113m saist\u012btos riskus. Ir svar\u012bgi apzin\u0101ties iesp\u0113jamos apdraud\u0113jumus un nodro\u0161in\u0101t, lai visas dro\u0161\u012bbas funkcijas darbotos pareizi. Regul\u0101ra operatoru dro\u0161\u012bbas apm\u0101c\u012bba var iev\u0113rojami samazin\u0101t negad\u012bjumu iesp\u0113jam\u012bbu, veicinot dro\u0161u darba vidi.<\/p>\n<h2>K\u013c\u016bmju diagnostika un bie\u017e\u0101k sastopam\u0101s probl\u0113mas<\/h2>\n<ul>\n<li><strong>Nopl\u016bdes probl\u0113mas:<\/strong> \u0160\u0137idruma nopl\u016bdes var liecin\u0101t par nolietotiem bl\u012bv\u0113jumiem vai boj\u0101tiem komponentiem. Operatoriem regul\u0101ri j\u0101p\u0101rbauda, \u200b\u200bvai nav nopl\u016b\u017eu, lai uztur\u0113tu atbilsto\u0161u hidraulisko spiedienu.<\/li>\n<li><strong>Cilindra iestr\u0113g\u0161ana:<\/strong> Ja cilindrs neizvirz\u0101s vai neievelkas vienm\u0113r\u012bgi, tas var b\u016bt saist\u012bts ar \u0161\u0137\u0113r\u0161\u013ciem vai iek\u0161\u0113jiem boj\u0101jumiem. \u0160o probl\u0113mu identific\u0113\u0161ana un nov\u0113r\u0161ana ir \u013coti svar\u012bga dro\u0161ai darb\u012bbai.<\/li>\n<li><strong>Spiediena zudums:<\/strong> P\u0113k\u0161\u0146s spiediena zudums var liecin\u0101t par iek\u0161\u0113j\u0101m nopl\u016bd\u0113m vai aizsprostojumiem hidrauliskaj\u0101 sist\u0113m\u0101. Spiediena probl\u0113mu diagnostic\u0113\u0161ana un nov\u0113r\u0161ana nekav\u0113joties nodro\u0161ina sist\u0113mas efekt\u012bvu darb\u012bbu.<\/li>\n<\/ul>\n<h2>Probl\u0113mu nov\u0113r\u0161anas padomi un risin\u0101jumi<\/h2>\n<p>Lai efekt\u012bvi diagnostic\u0113tu un nov\u0113rstu probl\u0113mas ar str\u0113les cilindru, operatoriem vispirms j\u0101veic vizu\u0101la p\u0101rbaude, lai identific\u0113tu jebk\u0101das ac\u012bmredzamas nopl\u016bdes vai boj\u0101jumus. Nopl\u016b\u017eu gad\u012bjum\u0101 probl\u0113mu bie\u017ei vien var atrisin\u0101t, nolietotu bl\u012bv\u0113jumu nomai\u0146a un cie\u0161u savienojumu nodro\u0161in\u0101\u0161ana. Ja cilindrs ir iestr\u0113dzis, r\u016bp\u012bga iek\u0161\u0113jo meh\u0101nismu p\u0101rbaude un visu aizsprostojumu nov\u0113r\u0161ana pal\u012bdz\u0113s atjaunot funkcionalit\u0101ti.<\/p>\n<p>Spiediena zuduma gad\u012bjum\u0101 ir svar\u012bgi p\u0101rbaud\u012bt, vai hidrauliskaj\u0101s l\u012bnij\u0101s nav nopl\u016b\u017eu, un p\u0101rbaud\u012bt bl\u012bv\u0113jumu nodilumu. Regul\u0101ras apkopes prakses, piem\u0113ram, pl\u0101notas p\u0101rbaudes un pareiza e\u013c\u013co\u0161ana, var iev\u0113rojami samazin\u0101t \u0161o probl\u0113mu ra\u0161an\u0101s iesp\u0113jam\u012bbu, nodro\u0161inot ilgtsp\u0113j\u012bgu un efekt\u012bvu darb\u012bbu.<\/p>\n<p><img decoding=\"async\" src=\"https:\/\/www.hydraulic-cylinders.net\/wp-content\/uploads\/2025\/04\/songte-bushings-with-all-kinds-of-excavator-models.webp\" alt=\"Ekskavatoru bukses\" \/><\/p>\n<h2>Uz\u0146\u0113muma p\u0101rskats<\/h2>\n<p>M\u0113s esam vado\u0161ais rezerves hidraulisko cilindru ra\u017eot\u0101js, kas pied\u0101v\u0101 pla\u0161u produktu kl\u0101stu, kas ir nostiprin\u0101jis m\u016bsu k\u0101 galven\u0101 sp\u0113l\u0113t\u0101ja poz\u012bciju viet\u0113j\u0101 un starptautiskaj\u0101 tirg\u016b. M\u016bsu ap\u0146em\u0161an\u0101s sasniegt izcil\u012bbu un m\u016bsu pilnveidot\u0101s ra\u017eo\u0161anas strat\u0113\u0123ijas \u013cauj mums ra\u017eot augstas kvalit\u0101tes hidrauliskos cilindrus, kas apmierina da\u017e\u0101das klientu vajadz\u012bbas.<\/p>\n<p>M\u016bsu ra\u017eo\u0161anas iesp\u0113jas izmanto progres\u012bvas tehnolo\u0123ijas, kvalific\u0113tu person\u0101lu un stabilu kvalit\u0101tes kontroles sist\u0113mu, kas \u013cauj mums nodro\u0161in\u0101t, ka katrs produkts atbilst augst\u0101kajiem standartiem. Koncentr\u0113joties uz efektivit\u0101ti, precizit\u0101ti un kvalit\u0101ti, m\u0113s cen\u0161amies izpild\u012bt m\u016bsu klientu da\u017e\u0101d\u0101s pras\u012bbas.<\/p>\n<p><img decoding=\"async\" src=\"https:\/\/www.hydraulic-cylinders.net\/wp-content\/uploads\/2025\/04\/songte-company-4.webp\" alt=\"Uz\u0146\u0113muma p\u0101rskats\" \/><br \/>\n<img decoding=\"async\" src=\"https:\/\/www.hydraulic-cylinders.net\/wp-content\/uploads\/2025\/04\/songte-company-3.webp\" alt=\"Ra\u017eo\u0161anas iek\u0101rta\" \/><\/p>\n<h3>Profesionalit\u0101te un piel\u0101go\u0161ana<\/h3>\n<p>M\u016bsu profesionalit\u0101te atspogu\u013cojas m\u016bsu komandas zin\u0101\u0161an\u0101s un ap\u0146em\u0161an\u0101s nodro\u0161in\u0101t klientu apmierin\u0101t\u012bbu. M\u0113s pied\u0101v\u0101jam piel\u0101gotus pakalpojumus, kas piel\u0101goti konkr\u0113t\u0101m pras\u012bb\u0101m, nodro\u0161inot, ka m\u016bsu produkti atbilst katra klienta unik\u0101laj\u0101m vajadz\u012bb\u0101m.<\/p>\n<h3>Starptautisk\u0101s sertifik\u0101cijas<\/h3>\n<p>Mums ir da\u017e\u0101di starptautiski sertifik\u0101ti, kas apliecina m\u016bsu ap\u0146em\u0161anos nodro\u0161in\u0101t kvalit\u0101ti un stingru ra\u017eo\u0161anas standartu iev\u0113ro\u0161anu. M\u016bsu sertifik\u0101ti sniedz m\u016bsu klientiem p\u0101rliec\u012bbu par m\u016bsu produktu uzticam\u012bbu un dro\u0161\u012bbu.<\/p>\n<h3>Ra\u017eo\u0161anas iek\u0101rtas<\/h3>\n<p>M\u016bsu modern\u0101kais ra\u017eo\u0161anas apr\u012bkojums \u013cauj mums ra\u017eot hidrauliskos cilindrus ar augstu precizit\u0101ti un efektivit\u0101ti. M\u0113s past\u0101v\u012bgi ieguld\u0101m l\u012bdzek\u013cus modern\u0101s tehnolo\u0123ij\u0101s, lai uzlabotu m\u016bsu ra\u017eo\u0161anas jaudas un apmierin\u0101tu nozares pras\u012bbas.<\/p>\n<h3>P\u0113cp\u0101rdo\u0161anas serviss<\/h3>\n<p>M\u0113s ticam ilgsto\u0161u attiec\u012bbu veido\u0161anai ar m\u016bsu klientiem, izmantojot izcilu p\u0113cp\u0101rdo\u0161anas apkalpo\u0161anu. M\u016bsu atbalsta komanda ir gatava pal\u012bdz\u0113t klientiem ar jebk\u0101diem jaut\u0101jumiem, nodro\u0161inot nevainojamu pieredzi no pirkuma l\u012bdz pat apkopei.<\/p>\n<p>Autors lyl<\/p>","protected":false},"excerpt":{"rendered":"<p>Boom Cylinder For Aotai AT150E-9 Product Overview The Boom Cylinder for Aotai AT150E-9 is a specialized hydraulic cylinder designed to control the movement of buckets in various heavy machinery applications. This cylinder plays a crucial role in hydraulic systems, enabling the lifting, lowering, and tilting of buckets, which facilitates material handling tasks. Bucket cylinders are [&hellip;]<\/p>","protected":false},"featured_media":17868,"comment_status":"open","ping_status":"closed","template":"","meta":{"_et_pb_use_builder":"","_et_pb_old_content":"","_et_gb_content_width":""},"product_brand":[],"product_cat":[1546],"product_tag":[1547,1496],"class_list":{"0":"post-19635","1":"product","2":"type-product","3":"status-publish","4":"has-post-thumbnail","6":"product_cat-boom-cylinders","7":"product_tag-boom-cylinders","8":"product_tag-hydraulic-cylinders","10":"first","11":"instock","12":"shipping-taxable","13":"product-type-simple"},"amp_enabled":true,"_links":{"self":[{"href":"https:\/\/www.hydraulic-cylinders.net\/lv\/wp-json\/wp\/v2\/product\/19635","targetHints":{"allow":["GET"]}}],"collection":[{"href":"https:\/\/www.hydraulic-cylinders.net\/lv\/wp-json\/wp\/v2\/product"}],"about":[{"href":"https:\/\/www.hydraulic-cylinders.net\/lv\/wp-json\/wp\/v2\/types\/product"}],"replies":[{"embeddable":true,"href":"https:\/\/www.hydraulic-cylinders.net\/lv\/wp-json\/wp\/v2\/comments?post=19635"}],"wp:featuredmedia":[{"embeddable":true,"href":"https:\/\/www.hydraulic-cylinders.net\/lv\/wp-json\/wp\/v2\/media\/17868"}],"wp:attachment":[{"href":"https:\/\/www.hydraulic-cylinders.net\/lv\/wp-json\/wp\/v2\/media?parent=19635"}],"wp:term":[{"taxonomy":"product_brand","embeddable":true,"href":"https:\/\/www.hydraulic-cylinders.net\/lv\/wp-json\/wp\/v2\/product_brand?post=19635"},{"taxonomy":"product_cat","embeddable":true,"href":"https:\/\/www.hydraulic-cylinders.net\/lv\/wp-json\/wp\/v2\/product_cat?post=19635"},{"taxonomy":"product_tag","embeddable":true,"href":"https:\/\/www.hydraulic-cylinders.net\/lv\/wp-json\/wp\/v2\/product_tag?post=19635"}],"curies":[{"name":"wp","href":"https:\/\/api.w.org\/{rel}","templated":true}]}}