{"id":19636,"date":"2025-04-07T06:58:53","date_gmt":"2025-04-07T06:58:53","guid":{"rendered":"https:\/\/www.hydraulic-cylinders.net\/product\/boom-cylinder-for-aotai-at90e-9\/"},"modified":"2025-04-07T06:58:56","modified_gmt":"2025-04-07T06:58:56","slug":"boom-cylinder-for-aotai-at90e-9","status":"publish","type":"product","link":"https:\/\/www.hydraulic-cylinders.net\/lv\/products\/boom-cylinder-for-aotai-at90e-9\/","title":{"rendered":"Str\u0113les cilindrs Aotai AT90E-9"},"content":{"rendered":"<h1>Str\u0113les cilindrs Aotai AT90E-9<\/h1>\n<h2>Ievads str\u0113les cilindros<\/h2>\n<p>Str\u0113les cilindrs ir b\u016btiska hidraulisko sist\u0113mu sast\u0101vda\u013ca, kas \u012bpa\u0161i paredz\u0113ta da\u017e\u0101du smago ma\u0161\u012bnu piekabju, piem\u0113ram, ekskavatoru, iekr\u0101v\u0113ju un front\u0101lo iekr\u0101v\u0113ju, kust\u012bbas vad\u012bbai. \u0160is hidrauliskais cilindrs \u013cauj pacelt, nolaist un noliekt kausu, t\u0101d\u0113j\u0101di atvieglojot efekt\u012bvus materi\u0101lu apstr\u0101des uzdevumus. B\u016bt\u012bb\u0101 str\u0113les cilindri ir hidrauliskie cilindri, kas piel\u0101goti lieljaudas lietojumiem, nodro\u0161inot, ka tehnika var efekt\u012bvi darboties sare\u017e\u0123\u012btos apst\u0101k\u013cos.<\/p>\n<p><img decoding=\"async\" src=\"https:\/\/www.hydraulic-cylinders.net\/wp-content\/uploads\/2025\/04\/songte-company-1.webp\" alt=\"Str\u0113les cilindrs\" \/><\/p>\n<h2>Str\u0113les cilindra \u012bpa\u0161\u012bbas<\/h2>\n<ul>\n<li>\n<h3>Augsta iztur\u012bba un ilgm\u016b\u017e\u012bba<\/h3>\n<p>Izgatavots no augstas stipr\u012bbas t\u0113rauda vai alum\u012bnija, str\u0113les cilindrs ir konstru\u0113ts t\u0101, lai iztur\u0113tu augstu spiedienu un lielas slodzes, padarot to piem\u0113rotu skarbiem darba apst\u0101k\u013ciem. Lai pagarin\u0101tu produkta kalpo\u0161anas laiku, konstrukcij\u0101 ir \u0146emti v\u0113r\u0101 nodilumiztur\u012bbas un korozijas iztur\u012bbas apsv\u0113rumi.<\/p>\n<\/li>\n<li>\n<h3>Efekt\u012bva hidraulisk\u0101 darb\u012bba<\/h3>\n<p>Cilindrs izmanto hidraulisk\u0101s e\u013c\u013cas spiedienu, lai pan\u0101ktu vienm\u0113r\u012bgas un \u0101tras izstiep\u0161anas un ievilk\u0161anas kust\u012bbas. Tas \u013cauj \u0101tri rea\u0123\u0113t uz vad\u012bbas komand\u0101m, nodro\u0161inot sp\u0113c\u012bgu stum\u0161anas un vilk\u0161anas sp\u0113ku, kas ir ide\u0101li piem\u0113rots smagu materi\u0101lu apstr\u0101dei un sare\u017e\u0123\u012btu uzdevumu veik\u0161anai.<\/p>\n<\/li>\n<li>\n<h3>Pieejami da\u017e\u0101di veidi<\/h3>\n<p>Klienti var izv\u0113l\u0113ties starp vienas darb\u012bbas cilindriem (kas izmanto hidraulisko spiedienu vien\u0101 virzien\u0101) vai divk\u0101r\u0161as darb\u012bbas cilindriem (kas izmanto hidraulisko spiedienu abos virzienos), lai apmierin\u0101tu da\u017e\u0101das ekspluat\u0101cijas vajadz\u012bbas. Da\u017eiem mode\u013ciem ir teleskopiska konstrukcija, kas \u013cauj pan\u0101kt liel\u0101ku pagarin\u0101jumu, nepalielinot \u0101r\u0113jos izm\u0113rus, kas ir ide\u0101li piem\u0113rots ierobe\u017eotas vietas lietojumprogramm\u0101m.<\/p>\n<\/li>\n<li>\n<h3>Piel\u0101gotas ra\u017eo\u0161anas iesp\u0113jas<\/h3>\n<p>M\u0113s specializ\u0113jamies str\u0113les cilindru ra\u017eo\u0161an\u0101, kas var perfekti aizst\u0101t eso\u0161os hidrauliskos cilindrus, nodro\u0161inot neman\u0101mu integr\u0101ciju un veiktsp\u0113ju.<\/p>\n<\/li>\n<li>\n<h3>Visaptvero\u0161a kvalit\u0101tes kontrole<\/h3>\n<p>Katrs str\u0113les cilindrs tiek pak\u013cauts stingrai p\u0101rbaudei, lai atbilstu starptautiskajiem kvalit\u0101tes standartiem, nodro\u0161inot uzticam\u012bbu un dro\u0161\u012bbu ekspluat\u0101cijas laik\u0101.<\/p>\n<\/li>\n<\/ul>\n<p><img decoding=\"async\" src=\"https:\/\/www.hydraulic-cylinders.net\/wp-content\/uploads\/2025\/04\/songte-cylinder-head-with-all-kinds-excavator-models.webp\" alt=\"Ekskavatoru mode\u013ci\" \/><\/p>\n<h2>Str\u0113les cilindru pielietojums<\/h2>\n<ul>\n<li>\n<h3>Celtniec\u012bbas apr\u012bkojums<\/h3>\n<p>Ekskavatoros str\u0113les cilindri ir vit\u0101li svar\u012bgi zemes vai gru\u017eu rak\u0161anai, iekrau\u0161anai un p\u0101rvieto\u0161anai. Tie \u013cauj kausam efekt\u012bvi iek\u013c\u016bt augsn\u0113, padarot tos neaizst\u0101jamus b\u016bvniec\u012bbas darbos.<\/p>\n<\/li>\n<li>\n<h3>Lauksaimniec\u012bbas tehnika<\/h3>\n<p>Front\u0101lie iekr\u0101v\u0113ji izmanto str\u0113les cilindrus, lai efekt\u012bvi paceltu, paceltu un transport\u0113tu augsni, sienu un citus materi\u0101lus. \u0160\u012b funkcionalit\u0101te ir \u013coti svar\u012bga lauksaimniec\u012bbas darbos, kur b\u016btiska ir savlaic\u012bga materi\u0101lu apstr\u0101de.<\/p>\n<\/li>\n<li>\n<h3>Ekskavatori<\/h3>\n<p>Ekskavatoros str\u0113les cilindrs \u013cauj kausam iek\u013c\u016bt zem\u0113, nodro\u0161inot efekt\u012bvas rak\u0161anas darb\u012bbas. \u0160\u012b sp\u0113ja ir b\u016btiska b\u016bvniec\u012bbas, ainavu veido\u0161anas un ieguves darbos.<\/p>\n<\/li>\n<li>\n<h3>Iekr\u0101v\u0113ji<\/h3>\n<p>Front\u0101lajos iekr\u0101v\u0113jos str\u0113les cilindri pal\u012bdz efekt\u012bvi pacelt un izkraut kravas, \u013caujot operatoriem prec\u012bzi un efekt\u012bvi p\u0101rvald\u012bt materi\u0101lus.<\/p>\n<\/li>\n<\/ul>\n<h2>Dizaina apsv\u0113rumi un atlases krit\u0113riji<\/h2>\n<ul>\n<li>\n<h3>Kravnes\u012bba<\/h3>\n<p>Str\u0113les cilindra kravnes\u012bba ir \u013coti svar\u012bga, jo t\u0101 nosaka svaru, ko tas var dro\u0161i pacelt un manipul\u0113t. Pareizas kravnes\u012bbas v\u0113rt\u0113jums ir b\u016btisks, lai nov\u0113rstu meh\u0101niskus boj\u0101jumus un nodro\u0161in\u0101tu dro\u0161\u012bbu ekspluat\u0101cijas laik\u0101.<\/p>\n<\/li>\n<li>\n<h3>Bl\u012bv\u0113\u0161anas meh\u0101nismi<\/h3>\n<p>Efekt\u012bva bl\u012bv\u0113\u0161ana nov\u0113r\u0161 hidraulisk\u0101 \u0161\u0137idruma nopl\u016bdes, nodro\u0161inot optim\u0101lu veiktsp\u0113ju un ilgm\u016b\u017e\u012bbu. Augstas kvalit\u0101tes bl\u012bv\u0113jumi, piem\u0113ram, virzu\u013ca bl\u012bvsl\u0113gi \u200b\u200bun stie\u0146u bl\u012bvsl\u0113gi, kas izgatavoti no iztur\u012bgiem materi\u0101liem, piem\u0113ram, poliuret\u0101na un nitrila gumijas, uzlabo cilindra efektivit\u0101ti.<\/p>\n<\/li>\n<li>\n<h3>Iztur\u012bba<\/h3>\n<p>Iztur\u012bba ir b\u016btisks faktors str\u0113les cilindru konstrukcij\u0101. Tiem j\u0101iztur skarbi apst\u0101k\u013ci, tostarp main\u012bgas temperat\u016bras un pak\u013cau\u0161ana kod\u012bgiem materi\u0101liem, kas laika gait\u0101 var ietekm\u0113t to darb\u012bbu.<\/p>\n<\/li>\n<li>\n<h3>Dro\u0161\u012bbas funkcijas<\/h3>\n<p>Dro\u0161\u012bbas funkciju, piem\u0113ram, spiediena samazin\u0101\u0161anas v\u0101rstu un p\u0101rslodzes aizsardz\u012bbas, iek\u013cau\u0161ana pal\u012bdz mazin\u0101t riskus ekspluat\u0101cijas laik\u0101, nodro\u0161inot gan operatora, gan iek\u0101rtas dro\u0161\u012bbu.<\/p>\n<\/li>\n<li>\n<h3>Apkope un remont\u0113jam\u012bba<\/h3>\n<p>Vienk\u0101r\u0161a apkope un remont\u0113jam\u012bba ir \u013coti svar\u012bgas, lai samazin\u0101tu d\u012bkst\u0101ves laiku. Konstrukcijas elementi, kas atvieglo vienk\u0101r\u0161as p\u0101rbaudes un remontu, pagarina balona ekspluat\u0101cijas laiku un samazina izmaksas.<\/p>\n<\/li>\n<\/ul>\n<p><img decoding=\"async\" src=\"https:\/\/www.hydraulic-cylinders.net\/wp-content\/uploads\/2025\/04\/songte-oil-pipes-and-spare-parts.webp\" alt=\"E\u013c\u013cas caurules un rezerves da\u013cas\" \/><\/p>\n<h2>Hidraulisk\u0101 cilindra bl\u012bv\u0113\u0161ana un e\u013c\u013co\u0161ana<\/h2>\n<p>Efekt\u012bva bl\u012bv\u0113\u0161ana ir \u013coti svar\u012bga hidrauliskajiem cilindriem. Da\u017e\u0101diem bl\u012bv\u0113\u0161anas komponentiem, piem\u0113ram, virzu\u013ca bl\u012bv\u0113jumiem un stie\u0146a bl\u012bv\u0113jumiem, ir b\u016btiska loma. Bl\u012bv\u0113jumi, kas izgatavoti no nodilumiztur\u012bgiem materi\u0101liem, piem\u0113ram, poliuret\u0101na un nitrila gumijas, nodro\u0161ina iztur\u012bbu un ilgm\u016b\u017e\u012bbu. Cilindra korpuss un v\u012bt\u0146otie gali tiek prec\u012bzi apstr\u0101d\u0101ti, lai uzlabotu nodilumiztur\u012bbu. Lai nodro\u0161in\u0101tu vienm\u0113r\u012bgu darb\u012bbu un nov\u0113rstu nodilumu, ir nepiecie\u0161ama regul\u0101ra e\u013c\u013co\u0161ana ar hidraulisko e\u013c\u013cu.<\/p>\n<h2>Prevent\u012bvie apkopes pas\u0101kumi<\/h2>\n<ul>\n<li>\n<h3>Regul\u0101ras p\u0101rbaudes<\/h3>\n<p>Regul\u0101ri p\u0101rbaudiet str\u0113les cilindru, vai nav nodiluma, nopl\u016bdes vai boj\u0101jumu paz\u012bmju. Potenci\u0101lo probl\u0113mu agr\u012bna atkl\u0101\u0161ana var nov\u0113rst pla\u0161us remontdarbus un saglab\u0101t darb\u012bbas efektivit\u0101ti.<\/p>\n<\/li>\n<li>\n<h3>Piem\u0113rota e\u013c\u013co\u0161ana<\/h3>\n<p>Lai uztur\u0113tu optim\u0101lu veiktsp\u0113ju un nov\u0113rstu darb\u012bbas trauc\u0113jumus, regul\u0101ri nodro\u0161iniet, lai cilindrs tiktu iee\u013c\u013cots ar atbilsto\u0161u hidraulisko e\u013c\u013cu.<\/p>\n<\/li>\n<li>\n<h3>Bl\u012bv\u0113juma nomai\u0146a<\/h3>\n<p>Nomainiet bl\u012bves ieteicamajos interv\u0101los vai tad, kad ir redzamas nodiluma paz\u012bmes, lai nov\u0113rstu nopl\u016bdes un uztur\u0113tu hidraulisko spiedienu.<\/p>\n<\/li>\n<\/ul>\n<h2>Instal\u0101cijas rokasgr\u0101mata<\/h2>\n<p>Pareiza str\u0113les cilindra uzst\u0101d\u012b\u0161ana ir \u013coti svar\u012bga t\u0101 veiktsp\u0113jai un ilgm\u016b\u017e\u012bbai. Vispirms p\u0101rliecinieties, ka darba vieta ir t\u012bra un bez gru\u017eiem. Pareizi izl\u012bdziniet cilindru ar stiprin\u0101juma punktiem, izmantojot atbilsto\u0161us stiprin\u0101juma kron\u0161teinus, lai to nostiprin\u0101tu viet\u0101. Piel\u0101gojiet cilindra poz\u012bciju, lai p\u0101rliecin\u0101tos, ka tas ir taisns un saska\u0146ots ar hidraulisko sist\u0113mu. Pievienojiet hidraulisk\u0101s l\u012bnijas, p\u0101rliecinoties, ka nav gaisa burbu\u013cu. Visbeidzot, pirms pilnas lieto\u0161anas p\u0101rbaudiet cilindra darb\u012bbu, lai p\u0101rliecin\u0101tos, ka viss darbojas pareizi.<\/p>\n<h2>Bie\u017ei sastopamie apkopes uzdevumi<\/h2>\n<ul>\n<li>\n<h3>Regul\u0101ras p\u0101rbaudes<\/h3>\n<p>Regul\u0101ras p\u0101rbaudes pal\u012bdz laikus noteikt nodilumu vai boj\u0101jumus, \u013caujot savlaic\u012bgi veikt remontu, kas nov\u0113r\u0161 d\u0101rgus boj\u0101jumus.<\/p>\n<\/li>\n<li>\n<h3>Pareiza e\u013c\u013co\u0161ana<\/h3>\n<p>Lai samazin\u0101tu berzi un nodilumu, ir svar\u012bgi nodro\u0161in\u0101t atbilsto\u0161u e\u013c\u013co\u0161anu, kas iev\u0113rojami palielina cilindra kalpo\u0161anas laiku.<\/p>\n<\/li>\n<li>\n<h3>Bl\u012bvju nomai\u0146as un kalibr\u0113\u0161anas p\u0101rbaudes<\/h3>\n<p>Regul\u0101ras p\u0101rbaudes un bl\u012bv\u0113jumu nomai\u0146a uztur hidraulisk\u0101s sist\u0113mas integrit\u0101ti, savuk\u0101rt kalibr\u0113\u0161ana nodro\u0161ina cilindra darb\u012bbu noteikto parametru robe\u017e\u0101s.<\/p>\n<\/li>\n<\/ul>\n<p><img decoding=\"async\" src=\"https:\/\/www.hydraulic-cylinders.net\/wp-content\/uploads\/2025\/04\/songte-chushion-collar.webp\" alt=\"Spilvenu apkakle\" \/><\/p>\n<h2>Dro\u0161\u012bbas apsv\u0113rumi un vides faktori<\/h2>\n<p>Dro\u0161\u012bbas pas\u0101kumi ir \u0101rk\u0101rt\u012bgi svar\u012bgi, lietojot str\u0113les cilindrus. Operatoriem j\u0101b\u016bt apm\u0101c\u012btiem dro\u0161as lieto\u0161anas praks\u0113 un j\u0101apzin\u0101s iesp\u0113jamie apdraud\u0113jumi. Turkl\u0101t, izmantojot videi draudz\u012bgus hidrauliskos \u0161\u0137idrumus, var samazin\u0101t ietekmi uz vidi nopl\u016b\u017eu vai izl\u012b\u0161anas gad\u012bjum\u0101.<\/p>\n<h2>K\u013c\u016bmju diagnostika un bie\u017e\u0101k sastopam\u0101s probl\u0113mas<\/h2>\n<ul>\n<li>\n<h3>Nopl\u016bdu\u0161as bl\u012bves<\/h3>\n<p>Nopl\u016bdu\u0161as bl\u012bves var izrais\u012bt samazin\u0101tu veiktsp\u0113ju un hidraulisk\u0101 \u0161\u0137idruma zudumus. Lai nov\u0113rstu \u0161o probl\u0113mu, ir svar\u012bgi regul\u0101ri p\u0101rbaud\u012bt un savlaic\u012bgi nomain\u012bt bl\u012bves.<\/p>\n<\/li>\n<li>\n<h3>Spiediena kritumi<\/h3>\n<p>Spiediena kritumi sist\u0113m\u0101 var liecin\u0101t par aizsprostojumiem vai nopl\u016bd\u0113m. Lai atrastu un nov\u0113rstu \u0161\u012bs probl\u0113mas, ir j\u0101veic r\u016bp\u012bgas hidraulisko l\u012bniju un savienojumu p\u0101rbaudes.<\/p>\n<\/li>\n<li>\n<h3>L\u0113na darb\u012bba<\/h3>\n<p>Ja cilindrs darbojas l\u0113ni, tas var liecin\u0101t par nepietiekamu hidraulisk\u0101 \u0161\u0137idruma vai gaisa daudzumu sist\u0113m\u0101. Regul\u0101ra apkope un atbilsto\u0161s \u0161\u0137idruma l\u012bmenis ir \u013coti svar\u012bgi optim\u0101las veiktsp\u0113jas uztur\u0113\u0161anai.<\/p>\n<\/li>\n<\/ul>\n<h2>Probl\u0113mu nov\u0113r\u0161anas padomi<\/h2>\n<p>Lai efekt\u012bvi diagnostic\u0113tu un nov\u0113rstu probl\u0113mas ar str\u0113les cilindriem, regul\u0101ri p\u0101rbaudiet, vai nav nopl\u016b\u017eu, un veiciet \u0161\u0137idruma l\u012bme\u0146a nov\u0113rt\u0113jumus. Nekav\u0113joties nov\u0113rsiet visas konstat\u0113t\u0101s probl\u0113mas, lai izvair\u012btos no saasin\u0101\u0161an\u0101s. Prevent\u012bvie pas\u0101kumi, piem\u0113ram, regul\u0101ra apkope un p\u0101rbaudes, ir \u013coti svar\u012bgi, lai samazin\u0101tu potenci\u0101l\u0101s probl\u0113mas un nodro\u0161in\u0101tu netrauc\u0113tu darb\u012bbu.<\/p>\n<p><img decoding=\"async\" src=\"https:\/\/www.hydraulic-cylinders.net\/wp-content\/uploads\/2025\/04\/songte-bushings-with-all-kinds-of-excavator-models.webp\" alt=\"Bukses ar ekskavatora mode\u013ciem\" \/><\/p>\n<h2>Par m\u016bsu uz\u0146\u0113mumu<\/h2>\n<p>M\u0113s esam vado\u0161ais hidraulisko cilindru ra\u017eot\u0101js, kas specializ\u0113jas augstas kvalit\u0101tes rezerves da\u013cu nodro\u0161in\u0101\u0161an\u0101. M\u016bsu pla\u0161ais produktu kl\u0101sts ir pozicion\u0113jis m\u016bs k\u0101 vienu no vado\u0161ajiem ra\u017eot\u0101jiem un vairumtirgot\u0101jiem gan viet\u0113j\u0101, gan starptautiskaj\u0101 tirg\u016b. M\u0113s iev\u0113rojam izcil\u012bbu kvalit\u0101t\u0113, pa\u013caujoties uz sare\u017e\u0123\u012bt\u0101m ra\u017eo\u0161anas vad\u012bbas strat\u0113\u0123ij\u0101m. Izmantojot kvalific\u0113tus speci\u0101listus, augsto tehnolo\u0123iju ra\u017eo\u0161anas iek\u0101rtas un modernas test\u0113\u0161anas sist\u0113mas, m\u0113s nep\u0101rtraukti uzlabojam savas ra\u017eo\u0161anas platformas un nodro\u0161in\u0101m savu produktu kvalit\u0101ti. M\u016bsu ap\u0146em\u0161an\u0101s nodro\u0161in\u0101t augstu efektivit\u0101ti, precizit\u0101ti un kvalit\u0101ti \u013cauj mums apmierin\u0101t da\u017e\u0101das klientu vajadz\u012bbas.<\/p>\n<p><img decoding=\"async\" src=\"https:\/\/www.hydraulic-cylinders.net\/wp-content\/uploads\/2025\/04\/songte-company-4.webp\" alt=\"Uz\u0146\u0113muma p\u0101rskats\" \/><br \/>\n<img decoding=\"async\" src=\"https:\/\/www.hydraulic-cylinders.net\/wp-content\/uploads\/2025\/04\/songte-company-3.webp\" alt=\"Ra\u017eo\u0161anas iek\u0101rta\" \/><\/p>\n<p>Rezum\u0113jot, m\u016bsu uz\u0146\u0113mums ir ap\u0146\u0113mies sniegt specializ\u0113tus pakalpojumus, starptautiskus sertifik\u0101tus un piel\u0101gotus risin\u0101jumus. M\u016bsu modern\u0101k\u0101s ra\u017eo\u0161anas iek\u0101rtas un visaptvero\u0161ie p\u0113cp\u0101rdo\u0161anas pakalpojumi nodro\u0161ina, ka m\u0113s efekt\u012bvi izpild\u0101m klientu cer\u012bbas.<\/p>\n<p>Autors: lil<\/p>","protected":false},"excerpt":{"rendered":"<p>Boom Cylinder For Aotai AT90E-9 Introduction to Boom Cylinders The Boom Cylinder is an essential component in hydraulic systems, specifically designed to control the movement of various heavy machinery attachments, such as those found in excavators, backhoe loaders, and front-end loaders. This hydraulic cylinder allows for the lifting, lowering, and tilting of the bucket, facilitating [&hellip;]<\/p>","protected":false},"featured_media":17869,"comment_status":"open","ping_status":"closed","template":"","meta":{"_et_pb_use_builder":"","_et_pb_old_content":"","_et_gb_content_width":""},"product_brand":[],"product_cat":[1546],"product_tag":[1547,1496],"class_list":{"0":"post-19636","1":"product","2":"type-product","3":"status-publish","4":"has-post-thumbnail","6":"product_cat-boom-cylinders","7":"product_tag-boom-cylinders","8":"product_tag-hydraulic-cylinders","10":"first","11":"instock","12":"shipping-taxable","13":"product-type-simple"},"amp_enabled":true,"_links":{"self":[{"href":"https:\/\/www.hydraulic-cylinders.net\/lv\/wp-json\/wp\/v2\/product\/19636","targetHints":{"allow":["GET"]}}],"collection":[{"href":"https:\/\/www.hydraulic-cylinders.net\/lv\/wp-json\/wp\/v2\/product"}],"about":[{"href":"https:\/\/www.hydraulic-cylinders.net\/lv\/wp-json\/wp\/v2\/types\/product"}],"replies":[{"embeddable":true,"href":"https:\/\/www.hydraulic-cylinders.net\/lv\/wp-json\/wp\/v2\/comments?post=19636"}],"wp:featuredmedia":[{"embeddable":true,"href":"https:\/\/www.hydraulic-cylinders.net\/lv\/wp-json\/wp\/v2\/media\/17869"}],"wp:attachment":[{"href":"https:\/\/www.hydraulic-cylinders.net\/lv\/wp-json\/wp\/v2\/media?parent=19636"}],"wp:term":[{"taxonomy":"product_brand","embeddable":true,"href":"https:\/\/www.hydraulic-cylinders.net\/lv\/wp-json\/wp\/v2\/product_brand?post=19636"},{"taxonomy":"product_cat","embeddable":true,"href":"https:\/\/www.hydraulic-cylinders.net\/lv\/wp-json\/wp\/v2\/product_cat?post=19636"},{"taxonomy":"product_tag","embeddable":true,"href":"https:\/\/www.hydraulic-cylinders.net\/lv\/wp-json\/wp\/v2\/product_tag?post=19636"}],"curies":[{"name":"wp","href":"https:\/\/api.w.org\/{rel}","templated":true}]}}