{"id":19640,"date":"2025-04-07T06:59:04","date_gmt":"2025-04-07T06:59:04","guid":{"rendered":"https:\/\/www.hydraulic-cylinders.net\/product\/boom-cylinder-for-atlas-2306lc\/"},"modified":"2025-04-07T06:59:07","modified_gmt":"2025-04-07T06:59:07","slug":"boom-cylinder-for-atlas-2306lc","status":"publish","type":"product","link":"https:\/\/www.hydraulic-cylinders.net\/lv\/products\/boom-cylinder-for-atlas-2306lc\/","title":{"rendered":"Str\u0113les cilindrs modelim Atlas 2306LC"},"content":{"rendered":"<h1>Str\u0113les cilindrs modelim Atlas 2306LC<\/h1>\n<h2>Ievads str\u0113les cilindr\u0101<\/h2>\n<p>Str\u0113les cilindrs ir b\u016btiska sast\u0101vda\u013ca, kas \u012bpa\u0161i izstr\u0101d\u0101ta smagaj\u0101m ma\u0161\u012bn\u0101m, piem\u0113ram, ekskavatoriem, iekr\u0101v\u0113jiem un front\u0101lajiem iekr\u0101v\u0113jiem. \u0160is hidrauliskais cilindrs ir \u013coti svar\u012bgs kausa kust\u012bbas kontrolei, \u013caujot tam efekt\u012bvi pacelt, nolaist un noliekt, kas ir \u013coti svar\u012bgi materi\u0101lu apstr\u0101des uzdevumiem. Hidrauliskaj\u0101s sist\u0113m\u0101s \u0161ie cilindri p\u0101rveido hidraulisko spiedienu meh\u0101nisk\u0101 sp\u0113k\u0101, \u013caujot operatoriem prec\u012bzi un viegli veikt sare\u017e\u0123\u012btus uzdevumus.<\/p>\n<p><img decoding=\"async\" src=\"https:\/\/www.hydraulic-cylinders.net\/wp-content\/uploads\/2025\/04\/songte-company-1.webp\" alt=\"Str\u0113les cilindrs\" \/><\/p>\n<h2>Str\u0113les cilindra \u012bpa\u0161\u012bbas<\/h2>\n<ul>\n<li><strong>Augsta iztur\u012bba un ilgm\u016b\u017e\u012bba:<\/strong> Izgatavots no augstas stipr\u012bbas t\u0113rauda vai alum\u012bnija, paredz\u0113ts iztur\u0113t augstu spiedienu un lielas slodzes, vienlaikus piel\u0101gojoties skarbajiem darba apst\u0101k\u013ciem. Nodilumiztur\u012bba un iztur\u012bba pret koroziju ir galven\u0101s \u012bpa\u0161\u012bbas, kas pagarina produkta kalpo\u0161anas laiku.<\/li>\n<li><strong>Efekt\u012bva hidraulisk\u0101 darb\u012bba:<\/strong> Izmanto hidraulisk\u0101s e\u013c\u013cas spiedienu vienm\u0113r\u012bgai izvilk\u0161anai un ievilk\u0161anai, \u0101tri rea\u0123\u0113jot uz operatora komand\u0101m un nodro\u0161inot iev\u0113rojamu stum\u0161anas un vilk\u0161anas sp\u0113ku, kas ir ide\u0101li piem\u0113rots smagu materi\u0101lu apstr\u0101dei un sare\u017e\u0123\u012btiem uzdevumiem.<\/li>\n<li><strong>Da\u017e\u0101di veidi:<\/strong> Pieejami ar vienas darb\u012bbas (darbojas vien\u0101 virzien\u0101) vai divk\u0101r\u0161as darb\u012bbas (darbojas abos virzienos) cilindriem, kas atbilst da\u017e\u0101d\u0101m ekspluat\u0101cijas vajadz\u012bb\u0101m. Da\u017ei mode\u013ci ir teleskopiski, kas \u013cauj tos papla\u0161in\u0101t, nepalielinot \u0101r\u0113jos izm\u0113rus, t\u0101p\u0113c tie ir piem\u0113roti lieto\u0161anai ierobe\u017eot\u0101 telp\u0101.<\/li>\n<li><strong>Piel\u0101gota ra\u017eo\u0161ana:<\/strong> M\u016bsu produkti var lieliski aizst\u0101t da\u017e\u0101dus hidrauliskos cilindrus, nodro\u0161inot sader\u012bbu un veiktsp\u0113ju.<\/li>\n<\/ul>\n<p><img decoding=\"async\" src=\"https:\/\/www.hydraulic-cylinders.net\/wp-content\/uploads\/2025\/04\/songte-cylinder-head-with-all-kinds-excavator-models.webp\" alt=\"Cilindra galva\" \/><\/p>\n<h2>Str\u0113les cilindra pielietojumi<\/h2>\n<h3>Celtniec\u012bbas apr\u012bkojums<\/h3>\n<p>Ekskavatoros str\u0113les cilindri ir vit\u0101li svar\u012bgi augsnes vai gru\u017eu rak\u0161anai, iekrau\u0161anai un p\u0101rvieto\u0161anai. Tie nodro\u0161ina nepiecie\u0161amo sp\u0113ku, lai iegremd\u0113tu kausu zem\u0113 un paceltu kravu transport\u0113\u0161anai. Ekskavatoros-iekr\u0101v\u0113jos kausa cilindrs pal\u012bdz ne tikai rakt, bet ar\u012b pacelt materi\u0101lus no vienas vietas uz otru, padarot to par neaizst\u0101jamu instrumentu b\u016bvlaukumos.<\/p>\n<h3>Lauksaimniec\u012bbas tehnika<\/h3>\n<p>Front\u0101lajos iekr\u0101v\u0113jos \u0161ie cilindri ir b\u016btiski augsnes, siena un citu materi\u0101lu sav\u0101k\u0161anai, cel\u0161anai un transport\u0113\u0161anai. Str\u0113les cilindra sp\u0113ja efekt\u012bvi pacelt un nolaist kausu uzlabo produktivit\u0101ti lauksaimniec\u012bbas darbos, piem\u0113ram, graudu iekrau\u0161an\u0101 vai m\u0113slo\u0161anas l\u012bdzek\u013cu un citu materi\u0101lu p\u0101rvieto\u0161an\u0101.<\/p>\n<h3>Ekskavatori<\/h3>\n<p>Ekskavatoru kausa cilindrs \u013cauj kausam efekt\u012bvi iek\u013c\u016bt augsn\u0113, atvieglojot rak\u0161anas darb\u012bbu. \u0160\u012b sp\u0113ja ir \u013coti svar\u012bga rak\u0161anas darbos, kur nepiecie\u0161ama precizit\u0101te un jauda, \u200b\u200blai efekt\u012bvi no\u0146emtu zemi un citus materi\u0101lus.<\/p>\n<h3>Iekr\u0101v\u0113ji<\/h3>\n<p>Front\u0101lajos iekr\u0101v\u0113jos str\u0113les cilindri pal\u012bdz efekt\u012bvi pacelt un izkraut kravas. To konstrukcija nodro\u0161ina, ka operatori var viegli p\u0101rvald\u012bt smagus materi\u0101lus, uzlabojot kop\u0113jo darb\u012bbas efektivit\u0101ti darba viet\u0101s.<\/p>\n<h2>Dizaina apsv\u0113rumi un atlases krit\u0113riji<\/h2>\n<h3>Kravnes\u012bba<\/h3>\n<p>Kravnes\u012bba ir kritisks faktors str\u0113les cilindru konstrukcij\u0101. T\u0101 attiecas uz to, cik lielu svaru cilindrs var dro\u0161i pacelt un manevr\u0113t. Cilindra izv\u0113le ar atbilsto\u0161u kravnes\u012bbu nodro\u0161ina ekspluat\u0101cijas dro\u0161\u012bbu un nov\u0113r\u0161 priek\u0161laic\u012bgu nodilumu vai boj\u0101jumus. Kravnes\u012bbu ietekm\u0113jo\u0161ie faktori ir materi\u0101la iztur\u012bba, konstrukcijas \u0123eometrija un hidraulisk\u0101 \u0161\u0137idruma \u012bpa\u0161\u012bbas.<\/p>\n<h3>Bl\u012bv\u0113\u0161ana<\/h3>\n<p>Bl\u012bv\u0113\u0161anas sp\u0113j\u0101m ir iz\u0161\u0137iro\u0161a noz\u012bme hidraulisko cilindru ilgm\u016b\u017e\u012bb\u0101 un veiktsp\u0113j\u0101. Augstas kvalit\u0101tes bl\u012bv\u0113jumi nov\u0113r\u0161 hidraulisk\u0101 \u0161\u0137idruma nopl\u016bdi, nodro\u0161inot efekt\u012bvu darb\u012bbu un samazinot ietekmi uz vidi. Bl\u012bv\u0113jumi, kas izgatavoti no t\u0101diem materi\u0101liem k\u0101 poliuret\u0101ns un nitrilgumija, ir v\u0113lam\u0101ki to iztur\u012bbas un nodilumiztur\u012bbas d\u0113\u013c. Pareizi konstru\u0113tas bl\u012bv\u0113\u0161anas sist\u0113mas samazina ar\u012b apkopes nepiecie\u0161am\u012bbu un ekspluat\u0101cijas d\u012bkst\u0101ves laiku.<\/p>\n<h3>Iztur\u012bba<\/h3>\n<p>Iztur\u012bba ietver vair\u0101kus aspektus, tostarp materi\u0101la izv\u0113li, iztur\u012bbu pret nodilumu un koroziju, k\u0101 ar\u012b sp\u0113ju iztur\u0113t lielas slodzes darb\u012bbas pras\u012bbas. Labi projekt\u0113tam hidrauliskajam cilindram j\u0101b\u016bt izgatavotam no iztur\u012bgiem materi\u0101liem, kas var iztur\u0113t skarbus apst\u0101k\u013cus, nodro\u0161inot ilg\u0101ku kalpo\u0161anas laiku un uzticamu veiktsp\u0113ju laika gait\u0101.<\/p>\n<h3>Dro\u0161\u012bba<\/h3>\n<p>Dro\u0161\u012bba ir \u0101rk\u0101rt\u012bgi svar\u012bga, projekt\u0113jot str\u0113les cilindrus. T\u0101das funkcijas k\u0101 p\u0101rslodzes aizsardz\u012bba, atbilsto\u0161as \u200b\u200bspiediena samazin\u0101\u0161anas sist\u0113mas un iztur\u012bga konstrukcijas integrit\u0101te ir b\u016btiskas, lai nov\u0113rstu negad\u012bjumus. Cilindra konstrukcijai j\u0101atbilst ar\u012b attiec\u012bgajiem dro\u0161\u012bbas standartiem un noteikumiem, nodro\u0161inot t\u0101 dro\u0161u darb\u012bbu noteiktaj\u0101s robe\u017e\u0101s.<\/p>\n<h3>Uzturam\u012bba<\/h3>\n<p>Apkopes vieglums attiecas uz to, cik viegli ir apkalpot un remont\u0113t hidraulisko cilindru. T\u0101das funkcijas k\u0101 pieejamas bl\u012bv\u0113\u0161anas sist\u0113mas, nomain\u0101mas deta\u013cas un vienk\u0101r\u0161s dizains veicina efekt\u012bvu apkopes praksi. Regul\u0101ra apkope \u013cauj laikus atkl\u0101t probl\u0113mas, samazinot d\u012bkst\u0101ves laiku un pagarinot cilindra ekspluat\u0101cijas laiku.<\/p>\n<p><img decoding=\"async\" src=\"https:\/\/www.hydraulic-cylinders.net\/wp-content\/uploads\/2025\/04\/songte-oil-pipes-and-spare-parts.webp\" alt=\"E\u013c\u013cas caurules un rezerves da\u013cas\" \/><\/p>\n<h2>Bl\u012bv\u0113\u0161ana un e\u013c\u013co\u0161ana<\/h2>\n<p>Str\u0113les cilindru bl\u012bv\u0113\u0161ana un e\u013c\u013co\u0161ana ir b\u016btiska optim\u0101las veiktsp\u0113jas uztur\u0113\u0161anai. Da\u017e\u0101di bl\u012bv\u0113\u0161anas komponenti, piem\u0113ram, virzu\u013ca bl\u012bv\u0113jumi un stie\u0146a bl\u012bv\u0113jumi, ir \u013coti svar\u012bgi, lai nov\u0113rstu hidraulisk\u0101 \u0161\u0137idruma nopl\u016bdi. Bl\u012bv\u0113jumi, kas izgatavoti no nodilumiztur\u012bgiem materi\u0101liem, piem\u0113ram, poliuret\u0101na un nitrila gumijas, nodro\u0161ina ilgm\u016b\u017e\u012bbu un efektivit\u0101ti. Turkl\u0101t cilindra korpuss un v\u012bt\u0146otie gali tiek r\u016bp\u012bgi apstr\u0101d\u0101ti, lai uzlabotu nodilumiztur\u012bbu. Regul\u0101ra e\u013c\u013co\u0161ana ar hidraulisko e\u013c\u013cu ir nepiecie\u0161ama, lai uztur\u0113tu vienm\u0113r\u012bgu darb\u012bbu un nov\u0113rstu nodilumu.<\/p>\n<h2>Prevent\u012bvie apkopes pas\u0101kumi<\/h2>\n<ul>\n<li><strong>Regul\u0101ras p\u0101rbaudes:<\/strong> Regul\u0101ras p\u0101rbaudes pal\u012bdz noteikt nolietojumu, pirms tas k\u013c\u016bst par nopietn\u0101m probl\u0113m\u0101m. P\u0101rbaudiet, vai nav nopl\u016b\u017eu, nepareizas izl\u012bdzin\u0101\u0161anas vai fizisku boj\u0101jumu paz\u012bmju, un nekav\u0113joties nov\u0113rsiet \u0161\u012bs probl\u0113mas.<\/li>\n<li><strong>Piem\u0113rota e\u013c\u013co\u0161ana:<\/strong> P\u0101rliecinieties, vai hidrauliskais cilindrs ir pien\u0101c\u012bgi iee\u013c\u013cots ar pareiz\u0101 veida hidraulisko \u0161\u0137idrumu. Regul\u0101ra hidraulisk\u0101s e\u013c\u013cas p\u0101rbaude un uzpild\u012b\u0161ana nov\u0113rs\u012bs p\u0101rm\u0113r\u012bgu nodilumu un saglab\u0101s veiktsp\u0113ju.<\/li>\n<li><strong>Bl\u012bv\u0113juma nomai\u0146a:<\/strong> Bl\u012bves laika gait\u0101 nolietojas past\u0101v\u012bga spiediena un kust\u012bbas d\u0113\u013c. Regul\u0101ri p\u0101rbaudiet, vai bl\u012bv\u0113m nav boj\u0101jumu vai nodiluma paz\u012bmju, un nomainiet t\u0101s p\u0113c nepiecie\u0161am\u012bbas, lai nov\u0113rstu nopl\u016bdes un saglab\u0101tu efektivit\u0101ti.<\/li>\n<\/ul>\n<h2>Uzst\u0101d\u012b\u0161anas vadl\u012bnijas<\/h2>\n<p>Pareiza str\u0113les cilindra uzst\u0101d\u012b\u0161ana ir \u013coti svar\u012bga t\u0101 veiktsp\u0113jai un ilgm\u016b\u017e\u012bbai. Vispirms p\u0101rliecinieties, vai visas sast\u0101vda\u013cas ir sader\u012bgas un bez gru\u017eiem. Pareizi izl\u012bdziniet cilindru ar mont\u0101\u017eas kron\u0161teiniem, lai nov\u0113rstu p\u0101rm\u0113r\u012bgu slodzi. Uzst\u0101d\u012b\u0161anas laik\u0101 izmantojiet atbilsto\u0161as \u200b\u200buzst\u0101d\u012b\u0161anas iek\u0101rtas, lai saglab\u0101tu prec\u012bzu pozicion\u0113\u0161anu. Nostipriniet cilindru, izmantojot atbilsto\u0161us stiprin\u0101jumus un griezes momenta iestat\u012bjumus, k\u0101 nor\u0101d\u012bjis ra\u017eot\u0101js. P\u0113c uzst\u0101d\u012b\u0161anas p\u0101rbaudiet hidraulisko sist\u0113mu, lai p\u0101rliecin\u0101tos, ka t\u0101 darbojas nevainojami, bez nopl\u016bd\u0113m vai aizsprostojumiem.<\/p>\n<h2>Bie\u017ei sastopamie apkopes uzdevumi<\/h2>\n<ul>\n<li><strong>Regul\u0101ra p\u0101rbaude:<\/strong> P\u0101rbaudiet, vai nav fizisku boj\u0101jumu, nopl\u016b\u017eu vai nodiluma paz\u012bmju. Probl\u0113mu agr\u012bna atkl\u0101\u0161ana var nov\u0113rst liel\u0101kas probl\u0113mas v\u0113l\u0101k.<\/li>\n<li><strong>Pareiza e\u013c\u013co\u0161ana:<\/strong> P\u0101rliecinieties, vai visas kust\u012bg\u0101s da\u013cas ir pien\u0101c\u012bgi iee\u013c\u013cotas ar pareizo hidraulisko \u0161\u0137idrumu. \u0160is solis ir \u013coti svar\u012bgs efekt\u012bvai darb\u012bbai un nodiluma samazin\u0101\u0161anai.<\/li>\n<li><strong>Bl\u012bv\u0113juma nomai\u0146a:<\/strong> Uzraugiet bl\u012bv\u0113jumu st\u0101vokli un nomainiet tos p\u0113c nepiecie\u0161am\u012bbas, lai nov\u0113rstu hidraulisk\u0101 \u0161\u0137idruma nopl\u016bdes, kas var ietekm\u0113t sist\u0113mas darb\u012bbu un dro\u0161\u012bbu.<\/li>\n<\/ul>\n<p>Uzst\u0101d\u012b\u0161anas laik\u0101 ir svar\u012bgi uztur\u0113t pareizu izl\u012bdzin\u0101jumu, lai izvair\u012btos no priek\u0161laic\u012bgas atteices. Izmantojiet piem\u0113rotus mont\u0101\u017eas kron\u0161teinus, lai nostiprin\u0101tu cilindru, un p\u0101rliecinieties, ka visi savienojumi ir pievilkti atbilsto\u0161i specifik\u0101cij\u0101m. Regul\u0101ri p\u0101rskatiet savu apkopes grafiku, iek\u013caujot p\u0101rbaudes un nomai\u0146as proced\u016bras, k\u0101 ar\u012b atjauno\u0161anas pakalpojumus, lai uzlabotu str\u0113les cilindra ilgm\u016b\u017e\u012bbu.<\/p>\n<p><img decoding=\"async\" src=\"https:\/\/www.hydraulic-cylinders.net\/wp-content\/uploads\/2025\/04\/songte-chushion-collar.webp\" alt=\"Spilvenu apkakle\" \/><\/p>\n<h2>Dro\u0161\u012bbas apsv\u0113rumi un vides faktori<\/h2>\n<p>Izmantojot hidrauliskos cilindrus, dro\u0161\u012bbas pas\u0101kumi ir \u013coti svar\u012bgi. Operatoriem j\u0101b\u016bt apm\u0101c\u012btiem par iek\u0101rtas pareizu darb\u012bbu un ierobe\u017eojumiem. Ir svar\u012bgi ar\u012b ieviest dro\u0161\u012bbas pas\u0101kumus, piem\u0113ram, spiediena samazin\u0101\u0161anas v\u0101rstus un p\u0101rslodzes aizsardz\u012bbu, lai nov\u0113rstu negad\u012bjumus. Vides apsv\u0113rumi ietver hidraulisko \u0161\u0137idrumu pareizu utiliz\u0101ciju un noteikumu iev\u0113ro\u0161anu attiec\u012bb\u0101 uz emisij\u0101m un vides dro\u0161\u012bbas standartiem.<\/p>\n<h2>Probl\u0113mu nov\u0113r\u0161ana un bie\u017ei sastopamas probl\u0113mas<\/h2>\n<ul>\n<li><strong>Nopl\u016bde:<\/strong> Nopl\u016bde ir izplat\u012bta probl\u0113ma, kas var rasties nolietotu bl\u012bv\u0113jumu vai nepareizas uzst\u0101d\u012b\u0161anas d\u0113\u013c. Regul\u0101ra nopl\u016b\u017eu p\u0101rbaude un bl\u012bv\u0113jumu nomai\u0146a var mazin\u0101t \u0161o probl\u0113mu.<\/li>\n<li><strong>Jaudas zudums:<\/strong> Ja cilindrs nedarbojas efekt\u012bvi, tas var b\u016bt saist\u012bts ar nepietiekamu hidraulisk\u0101 \u0161\u0137idruma daudzumu vai aizsprostojumu hidrauliskaj\u0101s l\u012bnij\u0101s. Regul\u0101ra apkope nodro\u0161ina pietiekamu \u0161\u0137idruma l\u012bmeni un l\u012bniju t\u012br\u012bbu.<\/li>\n<li><strong>Trok\u0161\u0146aina darb\u012bba:<\/strong> Neparasti trok\u0161\u0146i darb\u012bbas laik\u0101 var liecin\u0101t par iek\u0161\u0113jiem boj\u0101jumiem vai e\u013c\u013co\u0161anas nepiecie\u0161am\u012bbu. Savlaic\u012bga trok\u0161\u0146a avota izp\u0113te var nov\u0113rst turpm\u0101kus boj\u0101jumus.<\/li>\n<\/ul>\n<h2>Probl\u0113mu nov\u0113r\u0161anas padomi<\/h2>\n<p>Lai efekt\u012bvi diagnostic\u0113tu probl\u0113mas, veiciet r\u016bp\u012bgu hidraulisk\u0101s sist\u0113mas p\u0101rbaudi, p\u0101rbaudot, vai nav nopl\u016b\u017eu, aizsprostojumu un vai ir atbilsto\u0161s \u0161\u0137idruma l\u012bmenis. P\u0101rliecinieties, vai bl\u012bves ir neskartas un cilindrs ir pareizi izl\u012bdzin\u0101ts. Ieviesiet prevent\u012bvus pas\u0101kumus, piem\u0113ram, regul\u0101ras apkopes p\u0101rbaudes un savlaic\u012bgu nolietoto deta\u013cu nomai\u0146u, lai samazin\u0101tu atk\u0101rtotu probl\u0113mu risku. Risinot probl\u0113mas laikus, j\u016bs varat samazin\u0101t d\u012bkst\u0101ves laiku un uzlabot str\u0113les cilindra veiktsp\u0113ju.<\/p>\n<p><img decoding=\"async\" src=\"https:\/\/www.hydraulic-cylinders.net\/wp-content\/uploads\/2025\/04\/songte-bushings-with-all-kinds-of-excavator-models.webp\" alt=\"Ekskavatoru bukses\" \/><\/p>\n<h2>Par m\u016bsu uz\u0146\u0113mumu<\/h2>\n<p>M\u0113s esam vado\u0161ais rezerves hidraulisko cilindru ra\u017eot\u0101js un vairumtirgot\u0101js ar pla\u0161u produktu kl\u0101stu. M\u016bsu ap\u0146em\u0161an\u0101s nodro\u0161in\u0101t kvalit\u0101ti ir padar\u012bjusi m\u016bs par iev\u0113rojamu sp\u0113l\u0113t\u0101ju gan viet\u0113j\u0101, gan starptautiskaj\u0101 tirg\u016b. M\u0113s iev\u0113rojam izcil\u012bbu ra\u017eo\u0161an\u0101, ko atbalsta izsmalcin\u0101tas ra\u017eo\u0161anas vad\u012bbas strat\u0113\u0123ijas. M\u016bsu tehnisk\u0101s zin\u0101\u0161anas, modernas ra\u017eo\u0161anas iek\u0101rtas un profesion\u0101l\u0101s test\u0113\u0161anas sist\u0113mas nep\u0101rtraukti uzlabo m\u016bsu ra\u017eo\u0161anas iesp\u0113jas. Koncentr\u0113joties uz augstu efektivit\u0101ti, precizit\u0101ti un kvalit\u0101ti, m\u0113s cen\u0161amies apmierin\u0101t m\u016bsu klientu da\u017e\u0101d\u0101s vajadz\u012bbas.<\/p>\n<p><img decoding=\"async\" src=\"https:\/\/www.hydraulic-cylinders.net\/wp-content\/uploads\/2025\/04\/songte-company-4.webp\" alt=\"Uz\u0146\u0113muma p\u0101rskats 1\" \/><br \/>\n<img decoding=\"async\" src=\"https:\/\/www.hydraulic-cylinders.net\/wp-content\/uploads\/2025\/04\/songte-company-3.webp\" alt=\"Uz\u0146\u0113muma p\u0101rskats 2\" \/><\/p>\n<p>M\u016bsu stipr\u0101s puses ir profesionalit\u0101te, starptautiskie sertifik\u0101ti, piel\u0101goti pakalpojumi, modern\u0101k\u0101s ra\u017eo\u0161anas iek\u0101rtas un sp\u0113c\u012bgs p\u0113cp\u0101rdo\u0161anas atbalsts.<\/p>\n<p>Autors: lil<\/p>","protected":false},"excerpt":{"rendered":"<p>Boom Cylinder For Atlas 2306LC Introduction to Boom Cylinder The Boom Cylinder is an essential component designed specifically for heavy machinery like excavators, backhoe loaders, and front loaders. This hydraulic cylinder is crucial for controlling the movement of the bucket, enabling it to lift, lower, and tilt efficiently, which is vital for material handling tasks. [&hellip;]<\/p>","protected":false},"featured_media":17873,"comment_status":"open","ping_status":"closed","template":"","meta":{"_et_pb_use_builder":"","_et_pb_old_content":"","_et_gb_content_width":""},"product_brand":[],"product_cat":[1546],"product_tag":[1547,1496],"class_list":{"0":"post-19640","1":"product","2":"type-product","3":"status-publish","4":"has-post-thumbnail","6":"product_cat-boom-cylinders","7":"product_tag-boom-cylinders","8":"product_tag-hydraulic-cylinders","10":"first","11":"instock","12":"shipping-taxable","13":"product-type-simple"},"amp_enabled":true,"_links":{"self":[{"href":"https:\/\/www.hydraulic-cylinders.net\/lv\/wp-json\/wp\/v2\/product\/19640","targetHints":{"allow":["GET"]}}],"collection":[{"href":"https:\/\/www.hydraulic-cylinders.net\/lv\/wp-json\/wp\/v2\/product"}],"about":[{"href":"https:\/\/www.hydraulic-cylinders.net\/lv\/wp-json\/wp\/v2\/types\/product"}],"replies":[{"embeddable":true,"href":"https:\/\/www.hydraulic-cylinders.net\/lv\/wp-json\/wp\/v2\/comments?post=19640"}],"wp:featuredmedia":[{"embeddable":true,"href":"https:\/\/www.hydraulic-cylinders.net\/lv\/wp-json\/wp\/v2\/media\/17873"}],"wp:attachment":[{"href":"https:\/\/www.hydraulic-cylinders.net\/lv\/wp-json\/wp\/v2\/media?parent=19640"}],"wp:term":[{"taxonomy":"product_brand","embeddable":true,"href":"https:\/\/www.hydraulic-cylinders.net\/lv\/wp-json\/wp\/v2\/product_brand?post=19640"},{"taxonomy":"product_cat","embeddable":true,"href":"https:\/\/www.hydraulic-cylinders.net\/lv\/wp-json\/wp\/v2\/product_cat?post=19640"},{"taxonomy":"product_tag","embeddable":true,"href":"https:\/\/www.hydraulic-cylinders.net\/lv\/wp-json\/wp\/v2\/product_tag?post=19640"}],"curies":[{"name":"wp","href":"https:\/\/api.w.org\/{rel}","templated":true}]}}