{"id":19642,"date":"2025-04-07T06:59:10","date_gmt":"2025-04-07T06:59:10","guid":{"rendered":"https:\/\/www.hydraulic-cylinders.net\/product\/boom-cylinder-for-atlas-7008lc\/"},"modified":"2025-04-07T06:59:12","modified_gmt":"2025-04-07T06:59:12","slug":"boom-cylinder-for-atlas-7008lc","status":"publish","type":"product","link":"https:\/\/www.hydraulic-cylinders.net\/lv\/products\/boom-cylinder-for-atlas-7008lc\/","title":{"rendered":"Str\u0113les cilindrs modelim Atlas 7008LC"},"content":{"rendered":"<h1>Str\u0113les cilindrs modelim Atlas 7008LC<\/h1>\n<h2>Str\u0113les cilindra izpratne<\/h2>\n<p>Str\u0113les cilindrs ir kritiski svar\u012bga sast\u0101vda\u013ca da\u017e\u0101d\u0101s smagaj\u0101s ma\u0161\u012bn\u0101s, \u012bpa\u0161i ekskavatoros, univers\u0101lajos iekr\u0101v\u0113jos un front\u0101lajos iekr\u0101v\u0113jos. Tas ir hidraulisk\u0101 cilindra veids, kas \u012bpa\u0161i paredz\u0113ts kausa kust\u012bbas vad\u012bbai, \u013caujot operatoriem prec\u012bzi pacelt, nolaist un noliekt kausu. \u0160\u012b funkcionalit\u0101te ir b\u016btiska efekt\u012bviem materi\u0101lu apstr\u0101des uzdevumiem, padarot str\u0113les cilindrus neaizst\u0101jamus b\u016bvniec\u012bbas un rak\u0161anas darbos.<\/p>\n<p>Hidrauliskaj\u0101 sist\u0113m\u0101 str\u0113les cilindram ir b\u016btiska loma, p\u0101rveidojot hidraulisk\u0101 \u0161\u0137idruma spiedienu meh\u0101nisk\u0101 sp\u0113k\u0101, nodro\u0161inot vienm\u0113r\u012bgas un sp\u0113c\u012bgas kust\u012bbas. Kad hidrauliskais \u0161\u0137idrums non\u0101k cilindr\u0101, tas nospie\u017e virzuli, kas p\u0113c tam p\u0101rvieto savienoto stieni un galu gal\u0101 kausu. Sp\u0113ja kontrol\u0113t kausa poz\u012bciju \u013cauj efekt\u012bvi rakt, iekraut un transport\u0113t materi\u0101lus, uzlabojot kop\u0113jo produktivit\u0101ti.<\/p>\n<p><img decoding=\"async\" src=\"https:\/\/www.hydraulic-cylinders.net\/wp-content\/uploads\/2025\/04\/songte-company-1.webp\" alt=\"Str\u0113les cilindrs modelim Atlas 7008LC\"\/><\/p>\n<h2>Str\u0113les cilindra \u012bpa\u0161\u012bbas<\/h2>\n<ul>\n<li>\n<h3>Augsta iztur\u012bba un ilgm\u016b\u017e\u012bba<\/h3>\n<p>Parasti no augstas stipr\u012bbas t\u0113rauda vai alum\u012bnija izgatavotais str\u0113les cilindrs ir konstru\u0113ts t\u0101, lai iztur\u0113tu augstu spiedienu un lielas slodzes. T\u0101 konstrukcija \u0146em v\u0113r\u0101 nodilumiztur\u012bbu un aizsardz\u012bbu pret koroziju, nodro\u0161inot ilg\u0101ku kalpo\u0161anas laiku pat skarbos darba apst\u0101k\u013cos.<\/p>\n<\/li>\n<li>\n<h3>Efekt\u012bva hidraulisk\u0101 darb\u012bba<\/h3>\n<p>Konstrukcij\u0101 tiek izmantots hidraulisk\u0101s e\u013c\u013cas spiediens, lai nodro\u0161in\u0101tu vienm\u0113r\u012bgu izvilk\u0161anu un ievilk\u0161anu, \u013caujot \u0101tri rea\u0123\u0113t uz operatora komand\u0101m. \u0160\u012b efektivit\u0101te nodro\u0161ina sp\u0113c\u012bgus stum\u0161anas un vilk\u0161anas sp\u0113kus, padarot to piem\u0113rotu smagu priek\u0161metu apstr\u0101dei un sare\u017e\u0123\u012btiem ekspluat\u0101cijas uzdevumiem.<\/p>\n<\/li>\n<li>\n<h3>Da\u017e\u0101di veidi<\/h3>\n<p>Str\u0113les cilindri ir pieejami da\u017e\u0101d\u0101s konfigur\u0101cij\u0101s, tostarp vienas darb\u012bbas (izmantojot hidraulisko sp\u0113ku vien\u0101 virzien\u0101) un divk\u0101r\u0161as darb\u012bbas (darbojas abos virzienos). Da\u017ei mode\u013ci ir teleskopiski, kas \u013cauj veikt liel\u0101ku pagarin\u0101jumu, nepalielinot \u0101r\u0113jos izm\u0113rus, kas ir ide\u0101li piem\u0113rots lietojumiem ar ierobe\u017eotu vietu.<\/p>\n<\/li>\n<li>\n<h3>Piel\u0101gojami risin\u0101jumi<\/h3>\n<p>M\u016bsu ra\u017eo\u0161anas iesp\u0113jas \u013cauj mums ra\u017eot str\u0113les cilindrus, kas var lieliski aizst\u0101t eso\u0161os hidrauliskos cilindrus, nodro\u0161inot sader\u012bbu un veiktsp\u0113ju.<\/p>\n<\/li>\n<li>\n<h3>Uzlabotas ra\u017eo\u0161anas metodes<\/h3>\n<p>Izmantojot m\u016bsu ra\u017eo\u0161anas procesos jaun\u0101k\u0101s tehnolo\u0123ijas, m\u0113s garant\u0113jam augstas kvalit\u0101tes produktus, kas atbilst nozares standartiem.<\/p>\n<\/li>\n<\/ul>\n<p><img decoding=\"async\" src=\"https:\/\/www.hydraulic-cylinders.net\/wp-content\/uploads\/2025\/04\/songte-cylinder-head-with-all-kinds-excavator-models.webp\" alt=\"Hidraulisk\u0101 cilindra galva\"\/><\/p>\n<h2>Str\u0113les cilindra pielietojumi<\/h2>\n<ul>\n<li>\n<h3>Celtniec\u012bbas apr\u012bkojums<\/h3>\n<p>Ekskavatoros str\u0113les cilindri ir \u013coti svar\u012bgi augsnes vai gru\u017eu rak\u0161anai, iekrau\u0161anai un p\u0101rvieto\u0161anai. Tie \u013cauj kausam efekt\u012bvi iek\u013c\u016bt zem\u0113, atvieglojot rak\u0161anas procesus. Ekskavatoros-iekr\u0101v\u0113jos \u0161ie cilindri pal\u012bdz gan rak\u0161anas, gan cel\u0161anas oper\u0101cij\u0101s, uzlabojot daudzpus\u012bbu un efektivit\u0101ti b\u016bvlaukumos.<\/p>\n<\/li>\n<li>\n<h3>Lauksaimniec\u012bbas tehnika<\/h3>\n<p>Front\u0101lajos iekr\u0101v\u0113jos str\u0113les cilindriem ir b\u016btiska loma da\u017e\u0101du materi\u0101lu, piem\u0113ram, augsnes, siena un citu lauksaimniec\u012bbas produktu, sav\u0101k\u0161an\u0101, cel\u0161an\u0101 un transport\u0113\u0161an\u0101. To iztur\u012bg\u0101 konstrukcija \u013cauj efekt\u012bvi apstr\u0101d\u0101t smagas kravas, padarot tos par b\u016btiskiem instrumentiem lauksaimniec\u012bbas darbos.<\/p>\n<\/li>\n<li>\n<h3>Ekskavatori<\/h3>\n<p>Str\u0113les cilindrs \u013cauj kausam iek\u013c\u016bt augsn\u0113, prec\u012bzi veicot rak\u0161anas darb\u012bbas. \u0160\u012b sp\u0113ja ir kritiski svar\u012bga da\u017e\u0101dos rak\u0161anas projektos, nodro\u0161inot efekt\u012bvu augsnes no\u0146em\u0161anu un sagatavo\u0161anu b\u016bvniec\u012bbai.<\/p>\n<\/li>\n<li>\n<h3>Iekr\u0101v\u0113ji<\/h3>\n<p>Front\u0101lajos iekr\u0101v\u0113jos \u0161ie cilindri pal\u012bdz pacelt un izg\u0101zt materi\u0101lus, uzlabojot darb\u012bbas efektivit\u0101ti. To uzticam\u0101 darb\u012bba nodro\u0161ina, ka materi\u0101li tiek p\u0101rvietoti un novietoti \u0101tri un prec\u012bzi.<\/p>\n<\/li>\n<\/ul>\n<h2>Dizaina apsv\u0113rumi un atlases krit\u0113riji<\/h2>\n<ul>\n<li>\n<h3>Kravnes\u012bba<\/h3>\n<p>Izv\u0113loties str\u0113les cilindru, ir svar\u012bgi izprast t\u0101 kravnes\u012bbu. Cilindram j\u0101sp\u0113j iztur\u0113t maksim\u0101lo svaru, ar kuru tas saskarsies darb\u012bbas laik\u0101, neapdraudot veiktsp\u0113ju vai dro\u0161\u012bbu. Pareizi izv\u0113l\u0113ts cilindrs nodro\u0161ina, ka smagas kravas tiek apstr\u0101d\u0101tas efekt\u012bvi, samazinot boj\u0101jumu risku.<\/p>\n<\/li>\n<li>\n<h3>Bl\u012bv\u0113\u0161anas tehnolo\u0123ija<\/h3>\n<p>Efekt\u012bvs bl\u012bv\u0113jums ir \u013coti svar\u012bgs str\u0113les cilindru darb\u012bbas efektivit\u0101tei. Augstas kvalit\u0101tes bl\u012bv\u0113jumi nov\u0113r\u0161 hidraulisk\u0101 \u0161\u0137idruma nopl\u016bdi, kas var izrais\u012bt samazin\u0101tu veiktsp\u0113ju un palielin\u0101tu nodilumu. Atbilsto\u0161u bl\u012bv\u0113\u0161anas materi\u0101lu, piem\u0113ram, poliuret\u0101na un nitrilgumijas, izv\u0113le ir b\u016btiska, lai uzlabotu iztur\u012bbu un saglab\u0101tu funkcionalit\u0101ti zem spiediena.<\/p>\n<\/li>\n<li>\n<h3>Iztur\u012bba<\/h3>\n<p>Str\u0113les cilindra konstrukcijas materi\u0101liem un konstrukcijai j\u0101b\u016bt v\u0113rstai uz iztur\u012bbu, lai iztur\u0113tu skarbus ekspluat\u0101cijas apst\u0101k\u013cus. Iztur\u012bgs cilindrs b\u016bs iztur\u012bgs pret nodilumu un koroziju, kas galu gal\u0101 nodro\u0161in\u0101s ilg\u0101ku kalpo\u0161anas laiku un samazin\u0101s apkopes izmaksas. Ra\u017eot\u0101ji bie\u017ei izmanto uzlabotus p\u0101rkl\u0101jumus un apstr\u0101des metodes, lai uzlabotu hidraulisko cilindru ilgm\u016b\u017e\u012bbu.<\/p>\n<\/li>\n<li>\n<h3>Dro\u0161\u012bbas funkcijas<\/h3>\n<p>Ir svar\u012bgi iek\u013caut dro\u0161\u012bbas elementus str\u0113les cilindru konstrukcij\u0101. Tas ietver spiediena samazin\u0101\u0161anas v\u0101rstus, lai nov\u0113rstu p\u0101rslodzi, un sist\u0113mas, kas nodro\u0161ina pareizu izl\u012bdzin\u0101\u0161anu darb\u012bbas laik\u0101. Dro\u0161\u012bba ir galven\u0101 priorit\u0101te, un cilindriem ir j\u0101darbojas dro\u0161i, neradot risku operatoriem vai apr\u012bkojumam.<\/p>\n<\/li>\n<li>\n<h3>Apkopes pieejam\u012bba<\/h3>\n<p>V\u0113l viens svar\u012bgs konstrukcijas apsv\u0113rums ir viegla apkope. Str\u0113les cilindriem j\u0101nodro\u0161ina vienk\u0101r\u0161a e\u013c\u013co\u0161ana, p\u0101rbaudes un iesp\u0113jamie remontdarbi. Konstrukcijas, kas nodro\u0161ina \u0113rtu piek\u013cuvi komponentiem, var iev\u0113rojami samazin\u0101t d\u012bkst\u0101ves laiku un nodro\u0161in\u0101t, ka apkopes uzdevumi tiek veikti efekt\u012bvi.<\/p>\n<\/li>\n<\/ul>\n<p><img decoding=\"async\" src=\"https:\/\/www.hydraulic-cylinders.net\/wp-content\/uploads\/2025\/04\/songte-oil-pipes-and-spare-parts.webp\" alt=\"Hidraulisk\u0101s e\u013c\u013cas caurules un rezerves da\u013cas\"\/><\/p>\n<h2>Bl\u012bv\u0113\u0161ana un e\u013c\u013co\u0161ana<\/h2>\n<p>Efekt\u012bva bl\u012bv\u0113\u0161ana un e\u013c\u013co\u0161ana ir \u0101rk\u0101rt\u012bgi svar\u012bga, lai str\u0113les cilindri darbotos optim\u0101li. Hidraulisk\u0101s integrit\u0101tes uztur\u0113\u0161anai tiek izmantoti da\u017e\u0101di bl\u012bv\u0113\u0161anas komponenti, piem\u0113ram, virzu\u013ca bl\u012bv\u0113jumi un stie\u0146a bl\u012bv\u0113jumi. Bl\u012bv\u0113jumi, kas izgatavoti no nodilumiztur\u012bgiem materi\u0101liem, piem\u0113ram, poliuret\u0101na un nitrila gumijas, tiek izv\u0113l\u0113ti to iztur\u012bbas d\u0113\u013c spiediena un temperat\u016bras sv\u0101rst\u012bb\u0101s.<\/p>\n<p>Cilindra korpuss un v\u012bt\u0146otie gali ir smalki apstr\u0101d\u0101ti, lai uzlabotu to nodilumiztur\u012bbu, t\u0101d\u0113j\u0101di veicinot hidraulisk\u0101s sist\u0113mas ilgm\u016b\u017e\u012bbu. Regul\u0101ra e\u013c\u013co\u0161ana ar hidraulisko e\u013c\u013cu ir nepiecie\u0161ama, lai kust\u012bg\u0101s da\u013cas darbotos nevainojami, nov\u0113r\u0161ot nodilumu, kas var\u0113tu izrais\u012bt cilindra boj\u0101jumus.<\/p>\n<h2>Prevent\u012bvie apkopes pas\u0101kumi<\/h2>\n<ul>\n<li>\n<h3>Regul\u0101ras p\u0101rbaudes<\/h3>\n<p>Regul\u0101ri j\u0101veic p\u0101rbaudes, lai p\u0101rbaud\u012btu nodiluma paz\u012bmes, boj\u0101jumus vai \u0161\u0137idrumu nopl\u016bdes. Probl\u0113mu agr\u012bna atkl\u0101\u0161ana var nov\u0113rst nopietn\u0101kas probl\u0113mas v\u0113l\u0101k un nodro\u0161in\u0101t dro\u0161u darb\u012bbu.<\/p>\n<\/li>\n<li>\n<h3>Piem\u0113rota e\u013c\u013co\u0161ana<\/h3>\n<p>P\u0101rliecinieties, ka hidraulisk\u0101 e\u013c\u013ca tiek papildin\u0101ta saska\u0146\u0101 ar ra\u017eot\u0101ja nor\u0101d\u012bjumiem. Atbilsto\u0161a e\u013c\u013co\u0161ana samazina berzi un nodilumu, pagarinot cilindra ekspluat\u0101cijas laiku.<\/p>\n<\/li>\n<li>\n<h3>Bl\u012bv\u0113juma nomai\u0146a<\/h3>\n<p>Bl\u012bves regul\u0101ri j\u0101p\u0101rbauda un j\u0101nomaina, ja ir redzamas nodiluma paz\u012bmes. Bl\u012bvju uztur\u0113\u0161ana lab\u0101 st\u0101vokl\u012b ir \u013coti svar\u012bga, lai nov\u0113rstu nopl\u016bdes un uztur\u0113tu hidraulisko spiedienu.<\/p>\n<\/li>\n<\/ul>\n<h2>Uzst\u0101d\u012b\u0161anas vadl\u012bnijas<\/h2>\n<p>Pareiza str\u0113les cilindra uzst\u0101d\u012b\u0161ana ir b\u016btiska optim\u0101lai veiktsp\u0113jai un dro\u0161\u012bbai. Pirms uzst\u0101d\u012b\u0161anas p\u0101rliecinieties, ka hidrauliskaj\u0101 sist\u0113m\u0101 nav spiediena. R\u016bp\u012bgi izl\u012bdziniet cilindru ar mont\u0101\u017eas kron\u0161teiniem, p\u0101rliecinoties, ka tas ir taisns un dro\u0161i piestiprin\u0101ts. Atbilsto\u0161u mont\u0101\u017eas kron\u0161teinu izmanto\u0161ana pal\u012bdz stabiliz\u0113t cilindru, nov\u0113r\u0161ot nepareizu izl\u012bdzin\u0101\u0161anu darb\u012bbas laik\u0101.<\/p>\n<p>Pirms spiediena paaugstin\u0101\u0161anas sist\u0113m\u0101 p\u0101rbaudiet, vai visi hidrauliskie savienojumi ir cie\u0161i un bez nopl\u016bd\u0113m. P\u0113c uzst\u0101d\u012b\u0161anas veiciet r\u016bp\u012bgu p\u0101rbaudi, lai p\u0101rliecin\u0101tos, ka viss darbojas pareizi. Regul\u0101ri uzraugiet cilindra darb\u012bbu, mekl\u0113jot jebk\u0101das neatbilst\u012bbas paz\u012bmes, kas var\u0113tu liecin\u0101t par nepareizu uzst\u0101d\u012b\u0161anu vai nodilumu.<\/p>\n<h2>Apkopes uzdevumi<\/h2>\n<ul>\n<li>\n<h3>Regul\u0101ras p\u0101rbaudes<\/h3>\n<p>Ir \u013coti svar\u012bgi regul\u0101ri p\u0101rbaud\u012bt str\u0113les cilindru. Mekl\u0113jiet boj\u0101jumu, nodiluma vai \u0161\u0137idruma nopl\u016b\u017eu paz\u012bmes. P\u0101rbaudiet bl\u012bv\u0113jumu integrit\u0101ti un p\u0101rliecinieties, ka nav redzamu plaisu vai deform\u0101ciju. Savlaic\u012bga potenci\u0101lo probl\u0113mu identific\u0113\u0161ana var nov\u0113rst katastrof\u0101las k\u013c\u016bmes ekspluat\u0101cijas laik\u0101.<\/p>\n<\/li>\n<li>\n<h3>Piem\u0113rota e\u013c\u013co\u0161ana<\/h3>\n<p>E\u013c\u013co\u0161ana ir \u013coti svar\u012bga str\u0113les cilindru netrauc\u0113tai darb\u012bbai. Ir svar\u012bgi izmantot pareizo hidraulisk\u0101s e\u013c\u013cas veidu, k\u0101 nor\u0101d\u012bjis ra\u017eot\u0101js. P\u0101rliecinieties, ka e\u013c\u013ca ir t\u012bra un bez piemais\u012bjumiem, jo \u200b\u200bnet\u012bra e\u013c\u013ca var izrais\u012bt palielin\u0101tu nodilumu un iesp\u0113jamu cilindra boj\u0101jumu.<\/p>\n<\/li>\n<li>\n<h3>Bl\u012bv\u0113juma nomai\u0146a<\/h3>\n<p>Bl\u012bv\u0113jumi ir \u013coti svar\u012bgi hidraulisk\u0101s integrit\u0101tes uztur\u0113\u0161anai, un tie j\u0101nomaina, kad par\u0101d\u0101s nodiluma paz\u012bmes. Regul\u0101ri p\u0101rbaudiet bl\u012bv\u0113jumu st\u0101vokli, un, ja tiek konstat\u0113tas nopl\u016bdes, nekav\u0113joties nomainiet tos, lai nov\u0113rstu turpm\u0101kus cilindra boj\u0101jumus un uztur\u0113tu optim\u0101lu veiktsp\u0113ju.<\/p>\n<\/li>\n<\/ul>\n<p><img decoding=\"async\" src=\"https:\/\/www.hydraulic-cylinders.net\/wp-content\/uploads\/2025\/04\/songte-chushion-collar.webp\" alt=\"Spilvenu apkakle\"\/><\/p>\n<h2>Dro\u0161\u012bbas apsv\u0113rumi un vides faktori<\/h2>\n<p>Dro\u0161\u012bbas pas\u0101kumu ievie\u0161ana str\u0113les cilindru darb\u012bbas laik\u0101 ir \u0101rk\u0101rt\u012bgi svar\u012bga. Operatoriem j\u0101b\u016bt apm\u0101c\u012btiem dro\u0161i r\u012bkoties ar hidrauliskaj\u0101m sist\u0113m\u0101m, izprotot riskus, kas saist\u012bti ar augstspiediena iek\u0101rt\u0101m. Vienm\u0113r j\u0101izmanto dro\u0161\u012bbas apr\u012bkojums un j\u0101veic atbilsto\u0161i piesardz\u012bbas pas\u0101kumi, lai izvair\u012btos no negad\u012bjumiem. Turkl\u0101t, lai samazin\u0101tu hidraulisko darb\u012bbu ietekmi uz vidi, ir svar\u012bgi \u0146emt v\u0113r\u0101 ar\u012b vides apsv\u0113rumus, piem\u0113ram, hidraulisk\u0101 \u0161\u0137idruma nopl\u016b\u017eu p\u0101rvald\u012bbu un veco bl\u012bv\u0113jumu un sm\u0113rvielu pareizu utiliz\u0101ciju.<\/p>\n<h2>K\u013c\u016bmju diagnostika un bie\u017e\u0101k sastopam\u0101s probl\u0113mas<\/h2>\n<ul>\n<li>\n<h3>\u0160\u0137idruma nopl\u016bdes<\/h3>\n<p>\u0160\u0137idruma nopl\u016bdes ir bie\u017ei sastopama probl\u0113ma hidrauliskajos cilindros, ko bie\u017ei izraisa nodilu\u0161as bl\u012bves vai boj\u0101tas \u0161\u013c\u016btenes. Regul\u0101ra nopl\u016b\u017eu p\u0101rbaude var nov\u0113rst hidraulisk\u0101 spiediena zudumu un uztur\u0113t sist\u0113mas efektivit\u0101ti. Ja tiek konstat\u0113ta nopl\u016bde, izp\u0113tiet t\u0101s avotu un nomainiet nepiecie\u0161am\u0101s deta\u013cas.<\/p>\n<\/li>\n<li>\n<h3>Samazin\u0101ta veiktsp\u0113ja<\/h3>\n<p>Ja str\u0113les cilindra veiktsp\u0113ja ir samazin\u0101ta, piem\u0113ram, kust\u012bba ir l\u0113na vai darb\u012bba nerea\u0123\u0113, tas var liecin\u0101t par zemu hidraulisk\u0101 \u0161\u0137idruma l\u012bmeni vai gaisu sist\u0113m\u0101. Regul\u0101ri p\u0101rbaudiet \u0161\u0137idruma l\u012bmeni un, ja nepiecie\u0161ams, atgaisojiet sist\u0113mu, lai uztur\u0113tu optim\u0101lu veiktsp\u0113ju.<\/p>\n<\/li>\n<li>\n<h3>P\u0101rkar\u0161ana<\/h3>\n<p>P\u0101rkar\u0161ana var notikt p\u0101rm\u0113r\u012bgas slodzes vai nepietiekamas e\u013c\u013co\u0161anas d\u0113\u013c. Uzraugiet hidraulisko \u0161\u0137idrumu temperat\u016bru un p\u0101rliecinieties, ka sist\u0113ma nav p\u0101rslogota. Regul\u0101ras e\u013c\u013co\u0161anas p\u0101rbaudes pal\u012bdz\u0113s uztur\u0113t darba temperat\u016bru un veiktsp\u0113ju.<\/p>\n<\/li>\n<\/ul>\n<p>Lai efekt\u012bvi diagnostic\u0113tu un nov\u0113rstu probl\u0113mas, ir svar\u012bgi iev\u0113rot ra\u017eot\u0101ja nor\u0101d\u012bjumus un veikt regul\u0101ras apkopes p\u0101rbaudes. Prevent\u012bvie pas\u0101kumi var iev\u0113rojami samazin\u0101t probl\u0113mu ra\u0161an\u0101s iesp\u0113jam\u012bbu, nodro\u0161inot uzticamu un efekt\u012bvu darb\u012bbu.<\/p>\n<p><img decoding=\"async\" src=\"https:\/\/www.hydraulic-cylinders.net\/wp-content\/uploads\/2025\/04\/songte-bushings-with-all-kinds-of-excavator-models.webp\" alt=\"Ekskavatoru mode\u013cu bukses\"\/><\/p>\n<h2>Par m\u016bsu uz\u0146\u0113mumu<\/h2>\n<p>M\u0113s esam vado\u0161ais hidraulisko cilindru ra\u017eot\u0101js un vairumtirgot\u0101js, kas ir ap\u0146\u0113mies nodro\u0161in\u0101t augstas kvalit\u0101tes produktus gan viet\u0113jam, gan starptautiskajam tirgum. M\u016bsu daudzveid\u012bgais produktu kl\u0101sts ir nostiprin\u0101jis m\u016bsu k\u0101 galven\u0101 sp\u0113l\u0113t\u0101ja poz\u012bcijas hidraulisko cilindru nozar\u0113.<\/p>\n<p>M\u016bsu ap\u0146em\u0161anos sasniegt izcil\u012bbu atbalsta labi struktur\u0113ta ra\u017eo\u0161anas vad\u012bbas strat\u0113\u0123ija prec\u012bzi noregul\u0113t\u0101 ra\u017eo\u0161anas darbn\u012bc\u0101. Izmantojot kvalific\u0113tu tehnisko person\u0101lu, modernu digit\u0101lo ra\u017eo\u0161anas apr\u012bkojumu un profesion\u0101lu test\u0113\u0161anas sist\u0113mu, m\u0113s nep\u0101rtraukti uzlabojam savu ra\u017eo\u0161anas platformu un uzlabojam produktu kvalit\u0101ti.<\/p>\n<p>M\u016bsu iesp\u0113jas sniedzas l\u012bdz piel\u0101gotu risin\u0101jumu pied\u0101v\u0101\u0161anai, kas piel\u0101goti m\u016bsu klientu unik\u0101laj\u0101m pras\u012bb\u0101m. M\u0113s pie\u0161\u0137iram priorit\u0101ti profesion\u0101lam servisam, starptautisk\u0101m sertifik\u0101cij\u0101m un sp\u0113c\u012bgam p\u0113cp\u0101rdo\u0161anas atbalstam, lai nodro\u0161in\u0101tu klientu apmierin\u0101t\u012bbu un veidotu ilgtermi\u0146a partnerattiec\u012bbas.<\/p>\n<p><img decoding=\"async\" src=\"https:\/\/www.hydraulic-cylinders.net\/wp-content\/uploads\/2025\/04\/songte-company-4.webp\" alt=\"Uz\u0146\u0113muma p\u0101rskats\"\/><br \/>\n<img decoding=\"async\" src=\"https:\/\/www.hydraulic-cylinders.net\/wp-content\/uploads\/2025\/04\/songte-company-3.webp\" alt=\"Uz\u0146\u0113muma telpas\"\/><\/p>\n<p>Autors: lil<\/p>","protected":false},"excerpt":{"rendered":"<p>Boom Cylinder For Atlas 7008LC Understanding the Boom Cylinder The boom cylinder is a critical component found in various heavy machinery, particularly excavators, backhoe loaders, and front-end loaders. It is a type of hydraulic cylinder specifically designed to control the movement of the bucket, allowing operators to lift, lower, and tilt the bucket with precision. [&hellip;]<\/p>","protected":false},"featured_media":17875,"comment_status":"open","ping_status":"closed","template":"","meta":{"_et_pb_use_builder":"","_et_pb_old_content":"","_et_gb_content_width":""},"product_brand":[],"product_cat":[1546],"product_tag":[1547,1496],"class_list":{"0":"post-19642","1":"product","2":"type-product","3":"status-publish","4":"has-post-thumbnail","6":"product_cat-boom-cylinders","7":"product_tag-boom-cylinders","8":"product_tag-hydraulic-cylinders","10":"first","11":"instock","12":"shipping-taxable","13":"product-type-simple"},"amp_enabled":true,"_links":{"self":[{"href":"https:\/\/www.hydraulic-cylinders.net\/lv\/wp-json\/wp\/v2\/product\/19642","targetHints":{"allow":["GET"]}}],"collection":[{"href":"https:\/\/www.hydraulic-cylinders.net\/lv\/wp-json\/wp\/v2\/product"}],"about":[{"href":"https:\/\/www.hydraulic-cylinders.net\/lv\/wp-json\/wp\/v2\/types\/product"}],"replies":[{"embeddable":true,"href":"https:\/\/www.hydraulic-cylinders.net\/lv\/wp-json\/wp\/v2\/comments?post=19642"}],"wp:featuredmedia":[{"embeddable":true,"href":"https:\/\/www.hydraulic-cylinders.net\/lv\/wp-json\/wp\/v2\/media\/17875"}],"wp:attachment":[{"href":"https:\/\/www.hydraulic-cylinders.net\/lv\/wp-json\/wp\/v2\/media?parent=19642"}],"wp:term":[{"taxonomy":"product_brand","embeddable":true,"href":"https:\/\/www.hydraulic-cylinders.net\/lv\/wp-json\/wp\/v2\/product_brand?post=19642"},{"taxonomy":"product_cat","embeddable":true,"href":"https:\/\/www.hydraulic-cylinders.net\/lv\/wp-json\/wp\/v2\/product_cat?post=19642"},{"taxonomy":"product_tag","embeddable":true,"href":"https:\/\/www.hydraulic-cylinders.net\/lv\/wp-json\/wp\/v2\/product_tag?post=19642"}],"curies":[{"name":"wp","href":"https:\/\/api.w.org\/{rel}","templated":true}]}}