{"id":19645,"date":"2025-04-07T06:59:19","date_gmt":"2025-04-07T06:59:19","guid":{"rendered":"https:\/\/www.hydraulic-cylinders.net\/product\/boom-cylinder-for-bonny-ced1000-7\/"},"modified":"2025-04-07T06:59:22","modified_gmt":"2025-04-07T06:59:22","slug":"boom-cylinder-for-bonny-ced1000-7","status":"publish","type":"product","link":"https:\/\/www.hydraulic-cylinders.net\/lv\/products\/boom-cylinder-for-bonny-ced1000-7\/","title":{"rendered":"Str\u0113les cilindrs Bonny CED1000-7"},"content":{"rendered":"<h1>Str\u0113les cilindrs Bonny CED1000-7<\/h1>\n<h2>Ievads str\u0113les cilindr\u0101<\/h2>\n<p>Str\u0113les cilindrs, kas \u012bpa\u0161i izstr\u0101d\u0101ts Bonny CED1000-7, ir b\u016btiska sast\u0101vda\u013ca hidrauliskaj\u0101s sist\u0113m\u0101s, ko izmanto smagaj\u0101 ma\u0161\u012bn\u0101. \u0160is hidrauliskais cilindrs galvenok\u0101rt ir atbild\u012bgs par str\u0113les kust\u012bbas vad\u012bbu, \u013caujot tai izstiepties, ievilkties un noliekties p\u0113c nepiecie\u0161am\u012bbas. \u0160\u012b funkcionalit\u0101te ir vit\u0101li svar\u012bga da\u017e\u0101diem materi\u0101lu apstr\u0101des uzdevumiem, uzlabojot t\u0101du iek\u0101rtu k\u0101 ekskavatoru, univers\u0101lo iekr\u0101v\u0113ju un front\u0101lo iekr\u0101v\u0113ju efektivit\u0101ti un daudzpus\u012bbu.<\/p>\n<p>K\u0101 specializ\u0113ts hidrauliskais cilindrs, kausa cilindram ir b\u016btiska loma smago ma\u0161\u012bnu darb\u012bb\u0101. Tas nodro\u0161ina prec\u012bzas kausa kust\u012bbas, \u013caujot operatoriem viegli veikt t\u0101dus uzdevumus k\u0101 rak\u0161ana, cel\u0161ana un noliek\u0161ana. Hidraulisk\u0101s sist\u0113mas spiediens veicina vienm\u0113r\u012bgu darb\u012bbu, nodro\u0161inot, ka str\u0113le var efekt\u012bvi tikt gal\u0101 ar b\u016bvniec\u012bbas, lauksaimniec\u012bbas un citu lieljaudas darbu pras\u012bb\u0101m.<\/p>\n<p><img decoding=\"async\" src=\"https:\/\/www.hydraulic-cylinders.net\/wp-content\/uploads\/2025\/04\/songte-company-1.webp\" alt=\"Str\u0113les cilindrs\"><\/p>\n<h2>Str\u0113les cilindra \u012bpa\u0161\u012bbas<\/h2>\n<ul>\n<li>\n<h3>Augsta iztur\u012bba un ilgm\u016b\u017e\u012bba<\/h3>\n<p>Izgatavots no augstas stipr\u012bbas t\u0113rauda vai alum\u012bnija, str\u0113les cilindrs ir paredz\u0113ts augsta spiediena un lielu slodzi iztur\u0113\u0161anai, padarot to piem\u0113rotu skarbiem darba apst\u0101k\u013ciem. Izmantotie materi\u0101li nodro\u0161ina nodilumiztur\u012bbu un aizsardz\u012bbu pret koroziju, pagarinot cilindra kalpo\u0161anas laiku.<\/p>\n<\/li>\n<li>\n<h3>Efekt\u012bva hidraulisk\u0101 darb\u012bba<\/h3>\n<p>Cilindrs izmanto hidraulisk\u0101s e\u013c\u013cas spiedienu, lai nodro\u0161in\u0101tu vienm\u0113r\u012bgas izstiep\u0161anas un ievilk\u0161anas kust\u012bbas. \u0160\u012b konstrukcija \u013cauj \u0101tri rea\u0123\u0113t uz darb\u012bbas komand\u0101m, nodro\u0161inot iev\u0113rojamu stum\u0161anas un vilk\u0161anas sp\u0113ku, kas ir svar\u012bgi smagu kravu apstr\u0101dei un sare\u017e\u0123\u012btu uzdevumu veik\u0161anai.<\/p>\n<\/li>\n<li>\n<h3>Da\u017e\u0101di veidi<\/h3>\n<p>Str\u0113les cilindrs, kas pieejams gan vienas darb\u012bbas (izmantojot hidraulisko spiedienu vien\u0101 virzien\u0101), gan divk\u0101r\u0161as darb\u012bbas (izmantojot hidraulisko spiedienu abos virzienos) konfigur\u0101cij\u0101s, var apmierin\u0101t da\u017e\u0101das ekspluat\u0101cijas pras\u012bbas. Da\u017ei mode\u013ci ir teleskopiski, kas \u013cauj pan\u0101kt liel\u0101ku pagarin\u0101jumu, nepalielinot \u0101r\u0113jos izm\u0113rus, padarot tos ide\u0101li piem\u0113rotus darbam ar ierobe\u017eotu vietu.<\/p>\n<\/li>\n<\/ul>\n<h2>Ra\u017eo\u0161anas iesp\u0113jas<\/h2>\n<p>M\u0113s lepojamies ar savu sp\u0113ju ra\u017eot str\u0113les cilindrus, kas pied\u0101v\u0101 perfektu eso\u0161o hidraulisko cilindru aizvietot\u0101ju. M\u016bsu produkti tiek ra\u017eoti atbilsto\u0161i augst\u0101kajiem standartiem, nodro\u0161inot sader\u012bbu un veiktsp\u0113ju ar da\u017e\u0101d\u0101m hidrauliskaj\u0101m sist\u0113m\u0101m.<\/p>\n<p><img decoding=\"async\" src=\"https:\/\/www.hydraulic-cylinders.net\/wp-content\/uploads\/2025\/04\/songte-cylinder-head-with-all-kinds-excavator-models.webp\" alt=\"Ekskavatoru mode\u013ci\"><\/p>\n<h2>Str\u0113les cilindra pielietojumi<\/h2>\n<ul>\n<li>\n<h3>Celtniec\u012bbas apr\u012bkojums<\/h3>\n<p>Ekskavatoros str\u0113les cilindram ir iz\u0161\u0137iro\u0161a noz\u012bme augsnes vai gru\u017eu rak\u0161an\u0101, iekrau\u0161an\u0101 un p\u0101rvieto\u0161an\u0101. Tas \u013cauj kausam efekt\u012bvi iek\u013c\u016bt zem\u0113, nodro\u0161inot efekt\u012bvu rak\u0161anu un materi\u0101lu apstr\u0101di. Turkl\u0101t ekskavatoros-iekr\u0101v\u0113jos cilindrs pal\u012bdz gan rak\u0161anas, gan cel\u0161anas funkcij\u0101s, optimiz\u0113jot veiktsp\u0113ju b\u016bvlaukumos.<\/p>\n<\/li>\n<li>\n<h3>Lauksaimniec\u012bbas tehnika<\/h3>\n<p>Front\u0101lie iekr\u0101v\u0113ji izmanto str\u0113les cilindrus augsnes, siena un citu materi\u0101lu sav\u0101k\u0161anai, cel\u0161anai un transport\u0113\u0161anai. \u0160o cilindru efektivit\u0101te palielina lauksaimniec\u012bbas darbu produktivit\u0101ti, \u013caujot lauksaimniekiem efekt\u012bv\u0101k p\u0101rvald\u012bt savus uzdevumus.<\/p>\n<\/li>\n<li>\n<h3>Ekskavatori<\/h3>\n<p>Str\u0113les cilindrs atvieglo rak\u0161anas darb\u012bbas ekskavatoros, \u013caujot kausam prec\u012bzi izlauzties cauri augsnei. \u0160\u012b sp\u0113ja ir b\u016btiska da\u017e\u0101dos b\u016bvniec\u012bbas un nojauk\u0161anas projektos, kur nepiecie\u0161ama prec\u012bza izrak\u0161ana.<\/p>\n<\/li>\n<li>\n<h3>Iekr\u0101v\u0113ji<\/h3>\n<p>Front\u0101lajos iekr\u0101v\u0113jos str\u0113les cilindrs pal\u012bdz efekt\u012bvi pacelt un izg\u0101zt kravas. \u0160\u012b funkcionalit\u0101te ir vit\u0101li svar\u012bga t\u0101diem uzdevumiem k\u0101 gru\u017eu sav\u0101k\u0161ana vai materi\u0101lu p\u0101rvieto\u0161ana, padarot to par neaizst\u0101jamu sast\u0101vda\u013cu b\u016bvniec\u012bbas un ainavu veido\u0161anas darbos.<\/p>\n<\/li>\n<\/ul>\n<h2>Dizaina apsv\u0113rumi un atlases krit\u0113riji<\/h2>\n<ul>\n<li>\n<h3>Kravnes\u012bba<\/h3>\n<p>Izv\u0113loties hidraulisko cilindru, ir \u013coti svar\u012bgi izprast kravnes\u012bbu. Str\u0113les cilindram j\u0101sp\u0113j iztur\u0113t paredzam\u0101s svara slodzes ekspluat\u0101cijas laik\u0101. Pareizs izm\u0113rs nodro\u0161ina dro\u0161\u012bbu un efektivit\u0101ti, nov\u0113r\u0161ot boj\u0101jumus, kas var\u0113tu izrais\u012bt d\u0101rgas d\u012bkst\u0101ves.<\/p>\n<\/li>\n<li>\n<h3>Bl\u012bv\u0113\u0161ana<\/h3>\n<p>Efekt\u012bva bl\u012bv\u0113\u0161ana ir b\u016btiska hidraulisk\u0101 spiediena uztur\u0113\u0161anai un nopl\u016b\u017eu nov\u0113r\u0161anai. Str\u0113les cilindr\u0101 parasti tiek izmantoti augstas kvalit\u0101tes bl\u012bv\u0113jumi, kas iztur skarbus apst\u0101k\u013cus, vienlaikus nodro\u0161inot ilgm\u016b\u017e\u012bgu veiktsp\u0113ju. Pareiza bl\u012bv\u0113\u0161ana ar\u012b samazina apkopes nepiecie\u0161am\u012bbu.<\/p>\n<\/li>\n<li>\n<h3>Iztur\u012bba<\/h3>\n<p>Str\u0113les cilindra materi\u0101li un konstrukcija b\u016btiski ietekm\u0113 t\u0101 iztur\u012bbu. Lai nodro\u0161in\u0101tu, ka cilindrs laika gait\u0101 var iztur\u0113t intens\u012bvas lieto\u0161anas rad\u012bt\u0101s gr\u016bt\u012bbas, j\u0101\u0146em v\u0113r\u0101 t\u0101di faktori k\u0101 materi\u0101la iztur\u012bba, p\u0101rkl\u0101jums un kop\u0113j\u0101 konstrukcija.<\/p>\n<\/li>\n<li>\n<h3>Dro\u0161\u012bba<\/h3>\n<p>Hidrauliskaj\u0101s sist\u0113m\u0101s dro\u0161\u012bbas funkcijas ir \u0101rk\u0101rt\u012bgi svar\u012bgas. Str\u0113les cilindram j\u0101ietver meh\u0101nismi, kas nov\u0113r\u0161 nejau\u0161u spiediena izdal\u012b\u0161anos, un dro\u0161\u012bbas v\u0101rsti p\u0101rslodzes situ\u0101ciju p\u0101rvald\u012bbai, nodro\u0161inot operatora dro\u0161\u012bbu lieto\u0161anas laik\u0101.<\/p>\n<\/li>\n<li>\n<h3>Apkope<\/h3>\n<p>Visbeidzot, viegla apkope ir galvenais faktors cilindru konstrukcij\u0101. Funkcijas, kas nodro\u0161ina \u0101tru p\u0101rbaudi, \u0113rtu piek\u013cuvi e\u013c\u013co\u0161anai un vienk\u0101r\u0161us nomai\u0146as procesus, var iev\u0113rojami uzlabot darb\u012bbas laiku un samazin\u0101t izmaksas.<\/p>\n<\/li>\n<\/ul>\n<p><img decoding=\"async\" src=\"https:\/\/www.hydraulic-cylinders.net\/wp-content\/uploads\/2025\/04\/songte-oil-pipes-and-spare-parts.webp\" alt=\"E\u013c\u013cas caurules un rezerves da\u013cas\"><\/p>\n<h2>Str\u0113les cilindra bl\u012bv\u0113\u0161ana un e\u013c\u013co\u0161ana<\/h2>\n<p>Lai nodro\u0161in\u0101tu str\u0113les cilindra optim\u0101lu darb\u012bbu, ir svar\u012bgi izmantot da\u017e\u0101dus bl\u012bv\u0113\u0161anas komponentus, piem\u0113ram, virzu\u013ca bl\u012bves un stie\u0146a bl\u012bves. Bl\u012bv\u0113jumu izv\u0113le, kas izgatavoti no iztur\u012bgiem materi\u0101liem, piem\u0113ram, poliuret\u0101na un nitrila gumijas, uzlabo nodilumiztur\u012bbu un ilgm\u016b\u017e\u012bbu. Turkl\u0101t cilindra korpuss un v\u012bt\u0146otie gali ir j\u0101apstr\u0101d\u0101 ar prec\u012bzu apstr\u0101di, lai uzlabotu nodilumiztur\u012bbu. Regul\u0101ras hidraulisk\u0101s e\u013c\u013cas p\u0101rbaudes un uzpild\u012b\u0161ana e\u013c\u013co\u0161anai ir svar\u012bgas ar\u012b, lai nodro\u0161in\u0101tu vienm\u0113r\u012bgu darb\u012bbu un nov\u0113rstu p\u0101rm\u0113r\u012bgu nodilumu.<\/p>\n<h2>Prevent\u012bvie apkopes pas\u0101kumi<\/h2>\n<ul>\n<li>\n<h3>Regul\u0101ras p\u0101rbaudes<\/h3>\n<p>Regul\u0101ru p\u0101rbau\u017eu veik\u0161ana \u013cauj laikus atkl\u0101t potenci\u0101las probl\u0113mas. Mekl\u0113jiet nodiluma paz\u012bmes, nopl\u016bdes vai neatbilst\u012bbas cilindru darb\u012bb\u0101. Agr\u012bna identific\u0113\u0161ana var nov\u0113rst nopietnus boj\u0101jumus, kas trauc\u0113 darb\u012bbu.<\/p>\n<\/li>\n<li>\n<h3>Piem\u0113rota e\u013c\u013co\u0161ana<\/h3>\n<p>Lai nodro\u0161in\u0101tu vienm\u0113r\u012bgu darb\u012bbu, ir \u013coti svar\u012bgi nodro\u0161in\u0101t str\u0113les cilindra pien\u0101c\u012bgu e\u013c\u013co\u0161anu. Regul\u0101ri p\u0101rbaudiet un papildiniet hidraulisk\u0101s e\u013c\u013cas l\u012bmeni, lai izvair\u012btos no berzes un p\u0101rkar\u0161anas, kas var izrais\u012bt deta\u013cu boj\u0101jumus.<\/p>\n<\/li>\n<li>\n<h3>Bl\u012bv\u0113juma nomai\u0146a<\/h3>\n<p>Bl\u012bves regul\u0101ri j\u0101maina, lai uztur\u0113tu spiedienu un nov\u0113rstu nopl\u016bdes. Bl\u012bvju st\u0101vok\u013ca uzraudz\u012bba var pal\u012bdz\u0113t noteikt, kad t\u0101s ir j\u0101nomaina, t\u0101d\u0113j\u0101di izvairoties no efektivit\u0101tes samazin\u0101\u0161an\u0101s un iesp\u0113jam\u0101m sist\u0113mas k\u013c\u016bm\u0113m.<\/p>\n<\/li>\n<\/ul>\n<h2>Uzst\u0101d\u012b\u0161anas vadl\u012bnijas<\/h2>\n<p>Pareiza str\u0113les cilindra uzst\u0101d\u012b\u0161ana ir \u013coti svar\u012bga optim\u0101lai veiktsp\u0113jai. Vispirms p\u0101rliecinieties, vai cilindrs ir pareizi izl\u012bdzin\u0101ts ar tehnikas stiprin\u0101juma punktiem. Piem\u0113rotu stiprin\u0101juma kron\u0161teinu izmanto\u0161ana pal\u012bdz\u0113s nostiprin\u0101t cilindru viet\u0101. Esiet uzman\u012bgi, lai izvair\u012btos no nepareizas izl\u012bdzin\u0101\u0161anas, kas var izrais\u012bt darb\u012bbas neefektivit\u0101ti vai priek\u0161laic\u012bgu nodilumu. Izmantojiet atbilsto\u0161us hidrauliskos savienojumus un p\u0101rliecinieties, ka tie ir pievilkti atbilsto\u0161i ra\u017eot\u0101ja specifik\u0101cij\u0101m. Turkl\u0101t p\u0113c uzst\u0101d\u012b\u0161anas p\u0101rbaudiet, vai nav hidraulisko nopl\u016b\u017eu, un pirms darba uzs\u0101k\u0161anas p\u0101rliecinieties par pareizu \u0161\u0137idruma l\u012bmeni.<\/p>\n<h2>Bie\u017ei sastopamie apkopes uzdevumi<\/h2>\n<ul>\n<li>\n<h3>Regul\u0101ras p\u0101rbaudes<\/h3>\n<p>Regul\u0101ras p\u0101rbaudes ir b\u016btiskas, lai nodro\u0161in\u0101tu str\u0113les cilindra efekt\u012bvu darb\u012bbu. P\u0101rbaudiet, vai nav nodiluma paz\u012bmju, nopl\u016b\u017eu un vai bl\u012bv\u0113jumi darbojas pareizi. \u0160\u012b proakt\u012bv\u0101 pieeja pal\u012bdz identific\u0113t potenci\u0101l\u0101s probl\u0113mas, pirms t\u0101s saasin\u0101s.<\/p>\n<\/li>\n<li>\n<h3>Pareiza e\u013c\u013co\u0161ana<\/h3>\n<p>Pareizas hidraulisk\u0101s e\u013c\u013cas lieto\u0161ana un atbilsto\u0161as \u200b\u200be\u013c\u013co\u0161anas uztur\u0113\u0161ana ir \u013coti svar\u012bga cilindra ilgm\u016b\u017e\u012bbai. Regul\u0101ri uzraugiet e\u013c\u013cas l\u012bmeni un kvalit\u0101ti, nodro\u0161inot cilindra nevainojamu darb\u012bbu bez nevajadz\u012bgas berzes.<\/p>\n<\/li>\n<li>\n<h3>Bl\u012bvju nomai\u0146as un kalibr\u0113\u0161anas p\u0101rbaudes<\/h3>\n<p>Regul\u0101ri nomainiet nolietot\u0101s bl\u012bves un veiciet kalibr\u0113\u0161anas p\u0101rbaudes, lai nodro\u0161in\u0101tu prec\u012bzu darb\u012bbu. Laika gait\u0101 bl\u012bves var nolietoties, izraisot nopl\u016bdes, t\u0101p\u0113c ir nepiecie\u0161ama savlaic\u012bga nomai\u0146a. Kalibr\u0113\u0161ana nodro\u0161ina, ka cilindrs darbojas atbilsto\u0161i nepiecie\u0161amaj\u0101m specifik\u0101cij\u0101m, uzlabojot dro\u0161\u012bbu un efektivit\u0101ti.<\/p>\n<\/li>\n<\/ul>\n<p><img decoding=\"async\" src=\"https:\/\/www.hydraulic-cylinders.net\/wp-content\/uploads\/2025\/04\/songte-chushion-collar.webp\" alt=\"Spilvenu apkakle\"><\/p>\n<h2>Dro\u0161\u012bbas apsv\u0113rumi un vides faktori<\/h2>\n<p>Dro\u0161\u012bbas pas\u0101kumi ir \u013coti svar\u012bgi, lietojot hidrauliskos cilindrus. Operatoriem j\u0101b\u016bt apm\u0101c\u012btiem par str\u0113les cilindra \u012bpa\u0161aj\u0101m funkcij\u0101m un iesp\u0113jamiem apdraud\u0113jumiem. Regul\u0101ras dro\u0161\u012bbas p\u0101rbaudes un ekspluat\u0101cijas vadl\u012bniju iev\u0113ro\u0161ana var samazin\u0101t negad\u012bjumu skaitu un nodro\u0161in\u0101t dro\u0161u darba vidi. Turkl\u0101t ekspluat\u0101cijas laik\u0101 j\u0101\u0146em v\u0113r\u0101 vides faktori, piem\u0113ram, j\u0101izvair\u0101s no pak\u013cau\u0161anas ekstrem\u0101l\u0101m temperat\u016br\u0101m, kas var\u0113tu ietekm\u0113t hidraulisk\u0101 \u0161\u0137idruma darb\u012bbu un cilindra integrit\u0101ti.<\/p>\n<h2>Probl\u0113mu nov\u0113r\u0161ana un bie\u017ei sastopamas probl\u0113mas<\/h2>\n<ul>\n<li>\n<h3>Hidraulisk\u0101s nopl\u016bdes<\/h3>\n<p>Hidraulisk\u0101s nopl\u016bdes var rasties bl\u012bv\u0113juma atteices vai nepareizu savienojumu d\u0113\u013c. Regul\u0101ri p\u0101rbaudiet bl\u012bv\u0113jumu un savienojumu integrit\u0101ti. Ja tiek konstat\u0113tas nopl\u016bdes, nekav\u0113joties nomainiet bl\u012bves, lai nov\u0113rstu \u0161\u0137idruma zudumu un uztur\u0113tu spiedienu.<\/p>\n<\/li>\n<li>\n<h3>Slikta veiktsp\u0113ja<\/h3>\n<p>Ja str\u0113les cilindrs nedarbojas efekt\u012bvi, p\u0101rbaudiet hidraulisk\u0101 \u0161\u0137idruma l\u012bmeni un p\u0101rliecinieties, vai cilindr\u0101 nav aizsprostojumu. Zems \u0161\u0137idruma l\u012bmenis var izrais\u012bt l\u0113nu darb\u012bbu un samazin\u0101tu celtsp\u0113ju.<\/p>\n<\/li>\n<li>\n<h3>Neparastas ska\u0146as<\/h3>\n<p>Neparasti trok\u0161\u0146i darb\u012bbas laik\u0101 var liecin\u0101t par iek\u0161\u0113ju nodilumu vai gaisu hidrauliskaj\u0101 sist\u0113m\u0101. Noskaidrojiet trok\u0161\u0146a avotu un veiciet nepiecie\u0161amo apkopi, lai nekav\u0113joties nov\u0113rstu probl\u0113mu.<\/p>\n<\/li>\n<\/ul>\n<p><img decoding=\"async\" src=\"https:\/\/www.hydraulic-cylinders.net\/wp-content\/uploads\/2025\/04\/songte-bushings-with-all-kinds-of-excavator-models.webp\" alt=\"Bukses ar ekskavatora mode\u013ciem\"><\/p>\n<h2>Probl\u0113mu nov\u0113r\u0161anas padomi<\/h2>\n<p>Lai efekt\u012bvi diagnostic\u0113tu un risin\u0101tu probl\u0113mas, apsveriet iesp\u0113ju ieviest prevent\u012bvus pas\u0101kumus, piem\u0113ram, regul\u0101ras p\u0101rbaudes un apkopes grafikus. Detaliz\u0113tu darb\u012bbu un apkopes \u017eurn\u0101lu uztur\u0113\u0161ana var pal\u012bdz\u0113t identific\u0113t mode\u013cus, kas rada probl\u0113mas. Turkl\u0101t nodro\u0161iniet, lai operatori b\u016btu apm\u0101c\u012bti laikus atpaz\u012bt potenci\u0101lu k\u013c\u016bmju paz\u012bmes, \u013caujot \u0101tri iejaukties un minimiz\u0113t d\u012bkst\u0101vi.<\/p>\n<h2>Par m\u016bsu uz\u0146\u0113mumu<\/h2>\n<p>M\u0113s esam vado\u0161ais hidraulisko cilindru ra\u017eot\u0101js un vairumtirgot\u0101js, kas apkalpo gan viet\u0113jos, gan starptautiskos tirgus. M\u016bsu pla\u0161ais produktu kl\u0101sts m\u016bs pozicion\u0113 k\u0101 galveno nozares dal\u012bbnieku. M\u0113s iev\u0113rojam izcil\u012bbu kvalit\u0101t\u0113, ko virza izsmalcin\u0101ta ra\u017eo\u0161anas strat\u0113\u0123ija, kas uzsver precizit\u0101ti un efektivit\u0101ti. M\u016bsu prasm\u012bgais darbasp\u0113ks apvienojum\u0101 ar progres\u012bv\u0101m digit\u0101l\u0101s ra\u017eo\u0161anas tehnolo\u0123ij\u0101m un stingr\u0101m test\u0113\u0161anas sist\u0113m\u0101m uzlabo m\u016bsu ra\u017eo\u0161anas iesp\u0113jas. M\u0113s esam ap\u0146\u0113mu\u0161ies apmierin\u0101t da\u017e\u0101das klientu vajadz\u012bbas ar augstas kvalit\u0101tes produktiem un izcilu servisu.<\/p>\n<p>M\u016bsu profesionalit\u0101ti apliecina starptautiski sertifik\u0101ti, kas nodro\u0161ina atbilst\u012bbu glob\u0101lajiem standartiem. M\u0113s pied\u0101v\u0101jam ar\u012b piel\u0101gotus pakalpojumus, kas piel\u0101goti konkr\u0113t\u0101m klientu pras\u012bb\u0101m. M\u016bsu modern\u0101kais ra\u017eo\u0161anas apr\u012bkojums \u013cauj mums uztur\u0113t augstu efektivit\u0101ti un precizit\u0101ti, savuk\u0101rt m\u016bsu p\u0113cp\u0101rdo\u0161anas serviss nodro\u0161ina past\u0101v\u012bgu atbalstu m\u016bsu klientiem.<\/p>\n<p><img decoding=\"async\" src=\"https:\/\/www.hydraulic-cylinders.net\/wp-content\/uploads\/2025\/04\/songte-company-4.webp\" alt=\"Uz\u0146\u0113muma att\u0113ls 1\"><br \/>\n<img decoding=\"async\" src=\"https:\/\/www.hydraulic-cylinders.net\/wp-content\/uploads\/2025\/04\/songte-company-3.webp\" alt=\"Uz\u0146\u0113muma att\u0113ls 2\"><\/p>\n<p>Autors: lil<\/p>","protected":false},"excerpt":{"rendered":"<p>Boom Cylinder For Bonny CED1000-7 Introduction to Boom Cylinder The Boom Cylinder, specifically designed for the Bonny CED1000-7, is a crucial component in hydraulic systems used in heavy machinery. This hydraulic cylinder is primarily responsible for controlling the movement of the boom, allowing it to extend, retract, and tilt as needed. This functionality is vital [&hellip;]<\/p>","protected":false},"featured_media":17878,"comment_status":"open","ping_status":"closed","template":"","meta":{"_et_pb_use_builder":"","_et_pb_old_content":"","_et_gb_content_width":""},"product_brand":[],"product_cat":[1546],"product_tag":[1547,1496],"class_list":{"0":"post-19645","1":"product","2":"type-product","3":"status-publish","4":"has-post-thumbnail","6":"product_cat-boom-cylinders","7":"product_tag-boom-cylinders","8":"product_tag-hydraulic-cylinders","10":"first","11":"instock","12":"shipping-taxable","13":"product-type-simple"},"amp_enabled":true,"_links":{"self":[{"href":"https:\/\/www.hydraulic-cylinders.net\/lv\/wp-json\/wp\/v2\/product\/19645","targetHints":{"allow":["GET"]}}],"collection":[{"href":"https:\/\/www.hydraulic-cylinders.net\/lv\/wp-json\/wp\/v2\/product"}],"about":[{"href":"https:\/\/www.hydraulic-cylinders.net\/lv\/wp-json\/wp\/v2\/types\/product"}],"replies":[{"embeddable":true,"href":"https:\/\/www.hydraulic-cylinders.net\/lv\/wp-json\/wp\/v2\/comments?post=19645"}],"wp:featuredmedia":[{"embeddable":true,"href":"https:\/\/www.hydraulic-cylinders.net\/lv\/wp-json\/wp\/v2\/media\/17878"}],"wp:attachment":[{"href":"https:\/\/www.hydraulic-cylinders.net\/lv\/wp-json\/wp\/v2\/media?parent=19645"}],"wp:term":[{"taxonomy":"product_brand","embeddable":true,"href":"https:\/\/www.hydraulic-cylinders.net\/lv\/wp-json\/wp\/v2\/product_brand?post=19645"},{"taxonomy":"product_cat","embeddable":true,"href":"https:\/\/www.hydraulic-cylinders.net\/lv\/wp-json\/wp\/v2\/product_cat?post=19645"},{"taxonomy":"product_tag","embeddable":true,"href":"https:\/\/www.hydraulic-cylinders.net\/lv\/wp-json\/wp\/v2\/product_tag?post=19645"}],"curies":[{"name":"wp","href":"https:\/\/api.w.org\/{rel}","templated":true}]}}