{"id":19646,"date":"2025-04-07T06:59:22","date_gmt":"2025-04-07T06:59:22","guid":{"rendered":"https:\/\/www.hydraulic-cylinders.net\/product\/boom-cylinder-for-bonny-ce750-8\/"},"modified":"2025-04-07T06:59:25","modified_gmt":"2025-04-07T06:59:25","slug":"boom-cylinder-for-bonny-ce750-8","status":"publish","type":"product","link":"https:\/\/www.hydraulic-cylinders.net\/lv\/products\/boom-cylinder-for-bonny-ce750-8\/","title":{"rendered":"Str\u0113les cilindrs Bonny CE750-8"},"content":{"rendered":"<h1>Str\u0113les cilindrs Bonny CE750-8<\/h1>\n<h2>Produkta p\u0101rskats<\/h2>\n<p>Bonny CE750-8 str\u0113les cilindrs ir b\u016btiska hidraulisko sist\u0113mu sast\u0101vda\u013ca, kas \u012bpa\u0161i paredz\u0113ta, lai kontrol\u0113tu str\u0113les kust\u012bbu smagaj\u0101s ma\u0161\u012bn\u0101s. \u0160ie cilindri ir neat\u0146emama ekskavatoru, univers\u0101lo iekr\u0101v\u0113ju un front\u0101lo iekr\u0101v\u0113ju darb\u012bbas sast\u0101vda\u013ca, \u013caujot str\u0113lei pacelties, nolaisties un noliekties, t\u0101d\u0113j\u0101di atvieglojot da\u017e\u0101dus materi\u0101lu apstr\u0101des uzdevumus.<\/p>\n<p>Kausa cilindri darbojas, izmantojot hidraulisko spiedienu, nodro\u0161inot vienm\u0113r\u012bgu un efekt\u012bvu kust\u012bbas vad\u012bbu. Tiem ir iztur\u012bga konstrukcija, kas iztur iev\u0113rojamus sp\u0113kus, kas saist\u012bti ar lieljaudas darb\u012bb\u0101m, padarot tos par uzticamu izv\u0113li b\u016bvniec\u012bb\u0101, lauksaimniec\u012bb\u0101 un cit\u0101s nozar\u0113s.<\/p>\n<p><img decoding=\"async\" src=\"https:\/\/www.hydraulic-cylinders.net\/wp-content\/uploads\/2025\/04\/songte-company-1.webp\" alt=\"Str\u0113les cilindrs Bonny CE750-8\"><\/p>\n<h2>Galven\u0101s iez\u012bmes<\/h2>\n<ul>\n<li><strong>Augsta iztur\u012bba un ilgm\u016b\u017e\u012bba:<\/strong> \u0160ie cilindri, kas parasti ir izgatavoti no augstas stipr\u012bbas t\u0113rauda vai alum\u012bnija, ir paredz\u0113ti, lai iztur\u0113tu augstu spiedienu un lielas slodzes, vienlaikus izturot skarbus darba apst\u0101k\u013cus.<\/li>\n<li><strong>Efekt\u012bva hidraulisk\u0101 darb\u012bba:<\/strong> Izmantojot hidraulisk\u0101s e\u013c\u013cas spiedienu, \u0161ie cilindri nodro\u0161ina vienm\u0113r\u012bgu izvirz\u012b\u0161anu un ievilk\u0161anu, \u0101tri rea\u0123\u0113jot uz operatora komand\u0101m un radot iev\u0113rojamu stum\u0161anas un vilk\u0161anas sp\u0113ku.<\/li>\n<li><strong>Da\u017e\u0101di veidi:<\/strong> Pieejami k\u0101 vienas darb\u012bbas (darbojas vien\u0101 virzien\u0101) vai divk\u0101r\u0161as darb\u012bbas (darbojas abos virzienos) cilindri, da\u017eiem mode\u013ciem ir teleskopiska konstrukcija liel\u0101kam pagarin\u0101jumam, nepalielinot \u0101r\u0113jos izm\u0113rus, kas ir ide\u0101li piem\u0113rots ierobe\u017eotas vietas lietojumprogramm\u0101m.<\/li>\n<\/ul>\n<p>M\u016bsu ra\u017eo\u0161anas iesp\u0113jas nodro\u0161ina, ka m\u0113s varam ra\u017eot cilindrus, kas perfekti aizst\u0101j eso\u0161os hidrauliskos cilindrus, pied\u0101v\u0101jot uzticamu veiktsp\u0113ju un sader\u012bbu.<\/p>\n<p><img decoding=\"async\" src=\"https:\/\/www.hydraulic-cylinders.net\/wp-content\/uploads\/2025\/04\/songte-cylinder-head-with-all-kinds-excavator-models.webp\" alt=\"Hidraulisk\u0101 cilindra nomai\u0146a\"><\/p>\n<h2>Lietojumprogrammu scen\u0101riji<\/h2>\n<h3>Celtniec\u012bbas apr\u012bkojums<\/h3>\n<p>Ekskavatoros str\u0113les cilindri ir b\u016btiski augsnes vai gru\u017eu rak\u0161anai, iekrau\u0161anai un p\u0101rvieto\u0161anai. To sp\u0113ja izstiepties un ievilkties \u013cauj operatoriem veikt sare\u017e\u0123\u012btas kust\u012bbas, padarot tos nenov\u0113rt\u0113jamus b\u016bvniec\u012bbas darbos. Ar\u012b ekskavatori izmanto \u0161os cilindrus, pal\u012bdzot gan rak\u0161anas, gan cel\u0161anas darbos, nodro\u0161inot efekt\u012bvu darb\u012bbu darba viet\u0101s.<\/p>\n<h3>Lauksaimniec\u012bbas tehnika<\/h3>\n<p>Front\u0101lie iekr\u0101v\u0113ji izmanto str\u0113les cilindrus, lai paceltu, paceltu un transport\u0113tu augsni, sienu un citus materi\u0101lus. \u0160o cilindru jaud\u012bg\u0101 darb\u012bba \u013cauj lauksaimniekiem un lauksaimniec\u012bbas darbiniekiem viegli un prec\u012bzi veikt t\u0101dus uzdevumus k\u0101 iekrau\u0161ana, izkrau\u0161ana un materi\u0101lu apstr\u0101de.<\/p>\n<h3>Ekskavatori<\/h3>\n<p>Ekskavatora kausa cilindriem ir galven\u0101 loma, lai kauss var\u0113tu iek\u013c\u016bt augsn\u0113, atvieglojot efekt\u012bvas rak\u0161anas darb\u012bbas. To iztur\u012bg\u0101 konstrukcija nodro\u0161ina uzticamu veiktsp\u0113ju sare\u017e\u0123\u012btu rak\u0161anas darbu laik\u0101, padarot tos neaizst\u0101jamus da\u017e\u0101dos projektos, s\u0101kot no ainavu veido\u0161anas l\u012bdz liela m\u0113roga b\u016bvniec\u012bbai.<\/p>\n<h3>Iekr\u0101v\u0113ji<\/h3>\n<p>Front\u0101lajos iekr\u0101v\u0113jos str\u0113les cilindri pal\u012bdz efekt\u012bvi pacelt un izkraut kravas. To sp\u0113ja nodro\u0161in\u0101t lielu celtsp\u0113ju noz\u012bm\u0113, ka darb\u012bbas var veikt efekt\u012bv\u0101k, t\u0101d\u0113j\u0101di veicinot uzlabotu produktivit\u0101ti materi\u0101lu apstr\u0101des uzdevumos.<\/p>\n<h2>Dizaina apsv\u0113rumi un atlases krit\u0113riji<\/h2>\n<h3>Kravnes\u012bba<\/h3>\n<p>Viens no galvenajiem apsv\u0113rumiem, izv\u0113loties str\u0113les cilindru, ir t\u0101 kravnes\u012bba. Cilindram j\u0101sp\u0113j iztur\u0113t maksim\u0101lo slodzi, kas paredzama ekspluat\u0101cijas laik\u0101, bez atteices. Tas ietver nepiecie\u0161am\u0101s celtsp\u0113jas un notur\u0113\u0161anas jaudas apr\u0113\u0137in\u0101\u0161anu, \u0146emot v\u0113r\u0101 dro\u0161\u012bbas rezerves, lai nodro\u0161in\u0101tu uzticamu darb\u012bbu ekstrem\u0101los apst\u0101k\u013cos.<\/p>\n<h3>Bl\u012bv\u0113\u0161ana<\/h3>\n<p>Efekt\u012bva bl\u012bv\u0113\u0161ana ir \u013coti svar\u012bga hidraulisk\u0101 spiediena uztur\u0113\u0161anai un \u0161\u0137idruma nopl\u016b\u017eu nov\u0113r\u0161anai. Augstas kvalit\u0101tes bl\u012bves aizsarg\u0101 pret net\u012brumu un mitruma iek\u013c\u016b\u0161anu, kas var pasliktin\u0101t veiktsp\u0113ju un izrais\u012bt priek\u0161laic\u012bgu boj\u0101jumu. Bl\u012bv\u0113jumu materi\u0101lu, tostarp poliuret\u0101na un nitrila gumijas, izv\u0113lei ir b\u016btiska loma iztur\u012bbas un veiktsp\u0113jas nodro\u0161in\u0101\u0161an\u0101.<\/p>\n<h3>Iztur\u012bba<\/h3>\n<p>Iztur\u012bba ir kritisks faktors str\u0113les cilindru konstrukcij\u0101. Tiem j\u0101iztur skarbi vides apst\u0101k\u013ci, tostarp augsts spiediens, abraz\u012bvi materi\u0101li un ekstrem\u0101las temperat\u016bras. Izmantojot materi\u0101lus ar augstu nodilumiztur\u012bbu un korozijas aizsardz\u012bbas \u012bpa\u0161\u012bb\u0101m, tiek pagarin\u0101ts \u0161o cilindru kalpo\u0161anas laiks, samazinot nepiecie\u0161am\u012bbu p\u0113c bie\u017eas nomai\u0146as.<\/p>\n<h3>Dro\u0161\u012bba<\/h3>\n<p>Dro\u0161\u012bba hidrauliskaj\u0101s sist\u0113m\u0101s ir \u0101rk\u0101rt\u012bgi svar\u012bga. Str\u0113les cilindri ir konstru\u0113ti ar dro\u0161\u012bbas funkcij\u0101m negad\u012bjumu nov\u0113r\u0161anai, piem\u0113ram, spiediena samazin\u0101\u0161anas v\u0101rstiem, lai mazin\u0101tu p\u0101rspiediena riskus. Regul\u0101ras p\u0101rbaudes un dro\u0161\u012bbas protokolu iev\u0113ro\u0161ana ekspluat\u0101cijas laik\u0101 v\u0113l vair\u0101k veicina dro\u0161u darba vidi.<\/p>\n<h3>Apkope<\/h3>\n<p>Svar\u012bgs projekt\u0113\u0161anas apsv\u0113rums ir vienk\u0101r\u0161a apkope. Str\u0113les cilindriem j\u0101nodro\u0161ina \u0113rta piek\u013cuve deta\u013c\u0101m, kur\u0101m nepiecie\u0161ama regul\u0101ra p\u0101rbaude un apkope. Tas ietver funkcijas, kas atvieglo bl\u012bv\u0113jumu un citu deta\u013cu nomai\u0146u, veicinot ilgtsp\u0113j\u012bgu darb\u012bbas efektivit\u0101ti un samazinot d\u012bkst\u0101ves laiku.<\/p>\n<p><img decoding=\"async\" src=\"https:\/\/www.hydraulic-cylinders.net\/wp-content\/uploads\/2025\/04\/songte-oil-pipes-and-spare-parts.webp\" alt=\"Hidraulisko cilindru deta\u013cas\"><\/p>\n<h2>Bl\u012bv\u0113\u0161ana un e\u013c\u013co\u0161ana<\/h2>\n<p>Efekt\u012bva bl\u012bv\u0113\u0161ana un e\u013c\u013co\u0161ana ir b\u016btiska str\u0113les cilindru dro\u0161ai darb\u012bbai. Lai uztur\u0113tu hidraulisko spiedienu un nov\u0113rstu nopl\u016bdes, tiek izmantoti da\u017e\u0101di bl\u012bv\u0113\u0161anas komponenti, piem\u0113ram, virzu\u013ca bl\u012bv\u0113jumi un stie\u0146a bl\u012bv\u0113jumi. Bl\u012bv\u0113jumi bie\u017ei tiek izgatavoti no iztur\u012bgiem materi\u0101liem, piem\u0113ram, poliuret\u0101na un nitrila gumijas, kas nodro\u0161ina iztur\u012bbu pret nodilumu un vides faktoriem.<\/p>\n<p>Cilindra korpuss un v\u012bt\u0146ot\u0101s gala virsmas tiek prec\u012bzi apstr\u0101d\u0101tas, lai uzlabotu nodilumiztur\u012bbu un nodro\u0161in\u0101tu cie\u0161u piegul\u0161anu. Regul\u0101ra e\u013c\u013co\u0161ana ir b\u016btiska; operatoriem regul\u0101ri j\u0101p\u0101rbauda hidraulisk\u0101s e\u013c\u013cas l\u012bmenis un j\u0101pieliek pareizais hidraulisk\u0101 \u0161\u0137idruma daudzums, lai uztur\u0113tu optim\u0101lu veiktsp\u0113ju un nov\u0113rstu nodilumu.<\/p>\n<h2>Regul\u0101ra p\u0101rbaude un profilaktisk\u0101 apkope<\/h2>\n<ul>\n<li><strong>Regul\u0101ras p\u0101rbaudes:<\/strong> Regul\u0101ri veiciet p\u0101rbaudes, lai identific\u0113tu jebk\u0101das nodiluma, nopl\u016b\u017eu vai boj\u0101jumu paz\u012bmes. Agr\u012bna atkl\u0101\u0161ana \u013cauj savlaic\u012bgi veikt remontu, nov\u0113r\u0161ot nopietn\u0101kas probl\u0113mas.<\/li>\n<li><strong>Pareiza e\u013c\u013co\u0161ana:<\/strong> Nodro\u0161iniet, lai hidraulisk\u0101s e\u013c\u013cas l\u012bmenis b\u016btu nemain\u012bgs un lai tiktu izmantots pareizais e\u013c\u013cas veids. Regul\u0101ra e\u013c\u013co\u0161ana samazina berzi un nodilumu, t\u0101d\u0113j\u0101di pagarinot cilindra kalpo\u0161anas laiku.<\/li>\n<li><strong>Bl\u012bv\u0113juma nomai\u0146a:<\/strong> Uzraugiet bl\u012bv\u0113jumu st\u0101vokli un nomainiet tos p\u0113c nepiecie\u0161am\u012bbas. Nolietoti vai boj\u0101ti bl\u012bv\u0113jumi var izrais\u012bt nopl\u016bdes un samazin\u0101t veiktsp\u0113ju, t\u0101p\u0113c proakt\u012bva nomai\u0146a ir \u013coti svar\u012bga funkcionalit\u0101tes uztur\u0113\u0161anai.<\/li>\n<\/ul>\n<h2>Uzst\u0101d\u012b\u0161anas vadl\u012bnijas<\/h2>\n<p>Pareiza str\u0113les cilindra uzst\u0101d\u012b\u0161ana ir \u013coti svar\u012bga, lai nodro\u0161in\u0101tu t\u0101 efektivit\u0101ti un ilgm\u016b\u017e\u012bbu. Vispirms p\u0101rliecinieties, vai cilindrs un t\u0101 stiprin\u0101juma punkti ir t\u012bri un bez pies\u0101r\u0146ojuma. Prec\u012bzi izl\u012bdziniet cilindru ar stiprin\u0101juma kron\u0161teiniem, izmantojot atbilsto\u0161us balstus, lai saglab\u0101tu stabilit\u0101ti uzst\u0101d\u012b\u0161anas laik\u0101.<\/p>\n<p>Stingri nostipriniet cilindru ar ieteicamajiem stiprin\u0101jumiem, p\u0101rliecinoties, ka tie ir pievilkti l\u012bdz nor\u0101d\u012btajam l\u012bmenim, lai nov\u0113rstu to atsl\u0101b\u0161anu darb\u012bbas laik\u0101. P\u0113c uzst\u0101d\u012b\u0161anas veiciet r\u016bp\u012bgu p\u0101rbaudi, lai p\u0101rliecin\u0101tos, ka visi savienojumi ir dro\u0161i un ka cilindrs darbojas nevainojami bez \u0161\u0137\u0113r\u0161\u013ciem. P\u0113c uzst\u0101d\u012b\u0161anas regul\u0101ri p\u0101rbaudiet pareizu izl\u012bdzin\u0101jumu, lai izvair\u012btos no p\u0101rm\u0113r\u012bgas slodzes uz deta\u013c\u0101m.<\/p>\n<h2>Apkopes uzdevumi<\/h2>\n<ul>\n<li><strong>Regul\u0101ras p\u0101rbaudes:<\/strong> Regul\u0101ru p\u0101rbau\u017eu veik\u0161ana ir \u013coti svar\u012bga, lai laikus identific\u0113tu iesp\u0113jam\u0101s probl\u0113mas. Darb\u012bbas laik\u0101 mekl\u0113jiet nodiluma paz\u012bmes, nopl\u016bdes vai jebk\u0101dus neparastus trok\u0161\u0146us, jo tie var nor\u0101d\u012bt uz sl\u0113pt\u0101m probl\u0113m\u0101m, kur\u0101m, iesp\u0113jams, j\u0101piev\u0113r\u0161 uzman\u012bba.<\/li>\n<li><strong>Piem\u0113rota e\u013c\u013co\u0161ana:<\/strong> Pareizas e\u013c\u013co\u0161anas uztur\u0113\u0161ana ir b\u016btiska str\u0113les cilindra netrauc\u0113tai darb\u012bbai. P\u0101rliecinieties, ka izmantojat ieteicamo hidraulisko e\u013c\u013cu un uzkl\u0101jat to ra\u017eot\u0101ja vadl\u012bnij\u0101s nor\u0101d\u012btajos interv\u0101los, lai nov\u0113rstu p\u0101rm\u0113r\u012bgu nodilumu.<\/li>\n<li><strong>Bl\u012bv\u0113juma nomai\u0146a:<\/strong> Bl\u012bv\u0113jumi ir \u013coti svar\u012bgi hidraulisk\u0101 spiediena uztur\u0113\u0161anai. Regul\u0101ri p\u0101rbaudiet to st\u0101vokli un nomainiet tos, ja tie ir nodiluma paz\u012bmes, nodro\u0161inot optim\u0101lu veiktsp\u0113ju un nov\u0113r\u0161ot nopl\u016bdes.<\/li>\n<\/ul>\n<p>Uzst\u0101d\u012b\u0161anas laik\u0101 p\u0101rliecinieties, vai cilindrs ir pareizi izl\u012bdzin\u0101ts, lai nov\u0113rstu nepareizas izl\u012bdzin\u0101\u0161anas probl\u0113mas. Izmantojiet piem\u0113rotus mont\u0101\u017eas kron\u0161teinus, lai nodro\u0161in\u0101tu stabilit\u0101ti. Iev\u0113rojiet ieteicam\u0101s p\u0101rbaudes un nomai\u0146as proced\u016bras un nodro\u0161iniet, ka deta\u013cas tiek nomain\u012btas ar l\u012bdzv\u0113rt\u012bgas kvalit\u0101tes komponentiem, lai saglab\u0101tu funkcionalit\u0101ti un pagarin\u0101tu cilindra ekspluat\u0101cijas laiku.<\/p>\n<p><img decoding=\"async\" src=\"https:\/\/www.hydraulic-cylinders.net\/wp-content\/uploads\/2025\/04\/songte-chushion-collar.webp\" alt=\"Spilvenu apkakle\"><\/p>\n<h2>Dro\u0161\u012bbas apsv\u0113rumi un vides faktori<\/h2>\n<p>Izmantojot hidrauliskos cilindrus, ir svar\u012bgi iev\u0113rot dro\u0161\u012bbas pas\u0101kumus, lai nov\u0113rstu negad\u012bjumus un traumas. Operatoriem j\u0101b\u016bt apm\u0101c\u012btiem par pareizu apr\u012bkojuma lieto\u0161anu un j\u0101p\u0101rzina dro\u0161\u012bbas protokoli, tostarp j\u0101prot atpaz\u012bt ar hidraulisko spiedienu un iesp\u0113jamiem meh\u0101niskiem boj\u0101jumiem saist\u012btos apdraud\u0113jumus. Pareiza hidraulisko \u0161\u0137idrumu apstr\u0101de un uzglab\u0101\u0161ana ir ar\u012b \u013coti svar\u012bga, lai nov\u0113rstu vides pies\u0101r\u0146ojumu.<\/p>\n<h2>Probl\u0113mu nov\u0113r\u0161ana un bie\u017ei sastopamas probl\u0113mas<\/h2>\n<ul>\n<li><strong>Nopl\u016bde:<\/strong> Viena no visbie\u017e\u0101k sastopamaj\u0101m hidraulisko cilindru probl\u0113m\u0101m ir nopl\u016bde, ko bie\u017ei izraisa nodilu\u0161i bl\u012bv\u0113jumi. Regul\u0101ras p\u0101rbaudes un savlaic\u012bga bl\u012bv\u0113jumu nomai\u0146a var mazin\u0101t \u0161o probl\u0113mu.<\/li>\n<li><strong>Spiediena zudums:<\/strong> Nepietiekamu hidraulisko spiedienu var izrais\u012bt \u0161\u0137idruma nopl\u016bdes, gaiss hidrauliskaj\u0101 sist\u0113m\u0101 vai nepareizi funkcion\u0113jo\u0161as deta\u013cas. Avota diagnostika ir kritiski svar\u012bga norm\u0101las darb\u012bbas atjauno\u0161anai.<\/li>\n<li><strong>Neparastas ska\u0146as:<\/strong> Sl\u012bpo\u0161a vai \u0161\u0146\u0101co\u0161a ska\u0146a darb\u012bbas laik\u0101 var liecin\u0101t par iek\u0161\u0113jiem boj\u0101jumiem vai nepietiekamu e\u013c\u013co\u0161anu. C\u0113lo\u0146a savlaic\u012bga noteik\u0161ana un nov\u0113r\u0161ana var nov\u0113rst turpm\u0101kus boj\u0101jumus.<\/li>\n<\/ul>\n<p>Lai efekt\u012bvi diagnostic\u0113tu probl\u0113mas, operatoriem j\u0101uztur veiktsp\u0113jas un remontu v\u0113stures \u017eurn\u0101ls. Iepaz\u012b\u0161an\u0101s ar bie\u017ei sastopamaj\u0101m probl\u0113m\u0101m un to simptomiem \u013cauj t\u0101s \u0101tr\u0101k atrisin\u0101t un samazin\u0101t iek\u0101rtu d\u012bkst\u0101ves laiku.<\/p>\n<p>Prevent\u012bvie pas\u0101kumi, piem\u0113ram, regul\u0101ra apkope un ekspluat\u0101cijas vadl\u012bniju iev\u0113ro\u0161ana, var iev\u0113rojami samazin\u0101t potenci\u0101lo probl\u0113mu ra\u0161anos, nodro\u0161inot hidraulisko cilindru nevainojamu darb\u012bbu un ilgm\u016b\u017e\u012bbu.<\/p>\n<p><img decoding=\"async\" src=\"https:\/\/www.hydraulic-cylinders.net\/wp-content\/uploads\/2025\/04\/songte-bushings-with-all-kinds-of-excavator-models.webp\" alt=\"Ekskavatoru mode\u013cu bukses\"><\/p>\n<h2>Par m\u016bsu uz\u0146\u0113mumu<\/h2>\n<p>M\u0113s esam vado\u0161ais rezerves hidraulisko cilindru ra\u017eot\u0101js, kas pied\u0101v\u0101 pla\u0161u produktu kl\u0101stu, lai apmierin\u0101tu gan viet\u0113j\u0101, gan starptautisk\u0101 tirgus vajadz\u012bbas. M\u016bsu ap\u0146em\u0161an\u0101s nodro\u0161in\u0101t kvalit\u0101ti atspogu\u013cojas m\u016bsu r\u016bp\u012bgajos ra\u017eo\u0161anas procesos un nozares standartu iev\u0113ro\u0161an\u0101.<\/p>\n<p>M\u016bsu modernaj\u0101s ra\u017eo\u0161anas iek\u0101rt\u0101s tiek izmantotas jaun\u0101k\u0101s tehnolo\u0123ijas un kvalific\u0113ts darbasp\u0113ks, lai nodro\u0161in\u0101tu augstu efektivit\u0101ti un precizit\u0101ti. M\u0113s uzsveram nep\u0101rtrauktu uzlabo\u0161anu un inov\u0101cijas, izmantojot savu tehnisko pieredzi, lai uzlabotu produktu kvalit\u0101ti un apmierin\u0101tu da\u017e\u0101das klientu pras\u012bbas.<\/p>\n<p>M\u016bsu pakalpojumi sniedzas t\u0101l\u0101k par ra\u017eo\u0161anu; m\u0113s pied\u0101v\u0101jam piel\u0101gotus risin\u0101jumus, tostarp piel\u0101go\u0161anas iesp\u0113jas un stabilu p\u0113cp\u0101rdo\u0161anas atbalstu, nodro\u0161inot, ka m\u016bsu klienti sa\u0146em visaugst\u0101ko apkalpo\u0161anas l\u012bmeni. M\u0113s esam ap\u0146\u0113mu\u0161ies nodro\u0161in\u0101t izcil\u012bbu un uzticam\u012bbu katr\u0101 pied\u0101v\u0101taj\u0101 produkt\u0101.<\/p>\n<p><img decoding=\"async\" src=\"https:\/\/www.hydraulic-cylinders.net\/wp-content\/uploads\/2025\/04\/songte-company-4.webp\" alt=\"Uz\u0146\u0113muma att\u0113ls 1\"><br \/>\n<img decoding=\"async\" src=\"https:\/\/www.hydraulic-cylinders.net\/wp-content\/uploads\/2025\/04\/songte-company-3.webp\" alt=\"Uz\u0146\u0113muma att\u0113ls 2\"><\/p>\n<p>Autors: lil<\/p>","protected":false},"excerpt":{"rendered":"<p>Boom Cylinder For Bonny CE750-8 Product Overview The Boom Cylinder for Bonny CE750-8 is a crucial component in hydraulic systems, specifically designed to control the movement of the boom on heavy machinery. These cylinders are integral to the operation of excavators, backhoes, and front loaders, enabling the boom to lift, lower, and tilt, thus facilitating [&hellip;]<\/p>","protected":false},"featured_media":17879,"comment_status":"open","ping_status":"closed","template":"","meta":{"_et_pb_use_builder":"","_et_pb_old_content":"","_et_gb_content_width":""},"product_brand":[],"product_cat":[1546],"product_tag":[1547,1496],"class_list":{"0":"post-19646","1":"product","2":"type-product","3":"status-publish","4":"has-post-thumbnail","6":"product_cat-boom-cylinders","7":"product_tag-boom-cylinders","8":"product_tag-hydraulic-cylinders","10":"first","11":"instock","12":"shipping-taxable","13":"product-type-simple"},"amp_enabled":true,"_links":{"self":[{"href":"https:\/\/www.hydraulic-cylinders.net\/lv\/wp-json\/wp\/v2\/product\/19646","targetHints":{"allow":["GET"]}}],"collection":[{"href":"https:\/\/www.hydraulic-cylinders.net\/lv\/wp-json\/wp\/v2\/product"}],"about":[{"href":"https:\/\/www.hydraulic-cylinders.net\/lv\/wp-json\/wp\/v2\/types\/product"}],"replies":[{"embeddable":true,"href":"https:\/\/www.hydraulic-cylinders.net\/lv\/wp-json\/wp\/v2\/comments?post=19646"}],"wp:featuredmedia":[{"embeddable":true,"href":"https:\/\/www.hydraulic-cylinders.net\/lv\/wp-json\/wp\/v2\/media\/17879"}],"wp:attachment":[{"href":"https:\/\/www.hydraulic-cylinders.net\/lv\/wp-json\/wp\/v2\/media?parent=19646"}],"wp:term":[{"taxonomy":"product_brand","embeddable":true,"href":"https:\/\/www.hydraulic-cylinders.net\/lv\/wp-json\/wp\/v2\/product_brand?post=19646"},{"taxonomy":"product_cat","embeddable":true,"href":"https:\/\/www.hydraulic-cylinders.net\/lv\/wp-json\/wp\/v2\/product_cat?post=19646"},{"taxonomy":"product_tag","embeddable":true,"href":"https:\/\/www.hydraulic-cylinders.net\/lv\/wp-json\/wp\/v2\/product_tag?post=19646"}],"curies":[{"name":"wp","href":"https:\/\/api.w.org\/{rel}","templated":true}]}}