{"id":19647,"date":"2025-04-07T06:59:25","date_gmt":"2025-04-07T06:59:25","guid":{"rendered":"https:\/\/www.hydraulic-cylinders.net\/product\/boom-cylinder-for-bonny-wzy32-7\/"},"modified":"2025-04-07T06:59:28","modified_gmt":"2025-04-07T06:59:28","slug":"boom-cylinder-for-bonny-wzy32-7","status":"publish","type":"product","link":"https:\/\/www.hydraulic-cylinders.net\/lv\/products\/boom-cylinder-for-bonny-wzy32-7\/","title":{"rendered":"Str\u0113les cilindrs Bonny WZY32-7"},"content":{"rendered":"<h1>Str\u0113les cilindrs Bonny WZY32-7<\/h1>\n<h2>Ievads str\u0113les cilindros<\/h2>\n<p>Str\u0113les cilindrs, kas \u012bpa\u0161i izstr\u0101d\u0101ts smagaj\u0101m ma\u0161\u012bn\u0101m, piem\u0113ram, Bonny WZY32-7, ir b\u016btiska hidraulisko sist\u0113mu sast\u0101vda\u013ca. \u0160ie cilindri ir atbild\u012bgi par kausa kust\u012bbas vad\u012bbu da\u017e\u0101d\u0101s smagaj\u0101s iek\u0101rt\u0101s, piem\u0113ram, ekskavatoros, iekr\u0101v\u0113jos ar ekskavatoru un front\u0101lajos iekr\u0101v\u0113jos. Tie \u013cauj kausam pacelties, nolaisties un noliekties, efekt\u012bvi atvieglojot materi\u0101lu apstr\u0101des uzdevumus.<\/p>\n<p>Str\u0113les cilindri, kas ir konstru\u0113ti k\u0101 hidrauliskie cilindri, kust\u012bbas rad\u012b\u0161anai izmanto hidraulisko \u0161\u0137idrumu. P\u0101rveidojot hidraulisko spiedienu meh\u0101nisk\u0101 sp\u0113k\u0101, tie nodro\u0161ina nepiecie\u0161amo jaudu sare\u017e\u0123\u012btu darb\u012bbu veik\u0161anai. Iztur\u012bg\u0101 konstrukcija nodro\u0161ina uzticam\u012bbu lielas slodzes apst\u0101k\u013cos, padarot tos par vit\u0101li svar\u012bgiem b\u016bvniec\u012bb\u0101, lauksaimniec\u012bb\u0101 un cit\u0101s smag\u0101s lietojumprogramm\u0101s.<\/p>\n<p><img decoding=\"async\" src=\"https:\/\/www.hydraulic-cylinders.net\/wp-content\/uploads\/2025\/04\/songte-company-1.webp\" alt=\"Str\u0113les cilindrs\"><\/p>\n<h2>Str\u0113les cilindra galven\u0101s iez\u012bmes<\/h2>\n<ul>\n<li>\n<h3>Augsta iztur\u012bba un ilgm\u016b\u017e\u012bba<\/h3>\n<p>\u0160ie cilindri ir izgatavoti no augstas stipr\u012bbas t\u0113rauda vai alum\u012bnija, un tie sp\u0113j iztur\u0113t augstu spiedienu un lielas slodzes. To konstrukcij\u0101 ir \u0146emta v\u0113r\u0101 nodilumiztur\u012bba un iztur\u012bba pret koroziju, kas iev\u0113rojami pagarina to kalpo\u0161anas laiku.<\/p>\n<\/li>\n<li>\n<h3>Efekt\u012bva hidraulisk\u0101 darb\u012bba<\/h3>\n<p>Izmantojot hidraulisk\u0101s e\u013c\u013cas spiedienu, str\u0113les cilindri nodro\u0161ina vienm\u0113r\u012bgu izstiep\u0161anu un ievilk\u0161anu. Tie \u0101tri rea\u0123\u0113 uz vad\u012bbas komand\u0101m, nodro\u0161inot jaud\u012bgu stum\u0161anas un vilk\u0161anas sp\u0113ku, kas ir b\u016btiski smagu un sare\u017e\u0123\u012btu uzdevumu veik\u0161anai.<\/p>\n<\/li>\n<li>\n<h3>Da\u017e\u0101di veidi<\/h3>\n<p>\u0160ie cilindri ir pieejami vienk\u0101r\u0161\u0101s darb\u012bbas (izmantojot hidraulisko spiedienu vien\u0101 virzien\u0101) vai divk\u0101r\u0161\u0101s darb\u012bbas (izmantojot hidraulisko spiedienu abos virzienos) konfigur\u0101cij\u0101s. Da\u017eiem mode\u013ciem ir teleskopiska konstrukcija, kas \u013cauj pan\u0101kt liel\u0101ku pagarin\u0101jumu, nepalielinot \u0101r\u0113jos izm\u0113rus, kas ir ide\u0101li piem\u0113rots lietojumiem ar ierobe\u017eotu vietu.<\/p>\n<\/li>\n<li>\n<h3>Piel\u0101gota ra\u017eo\u0161ana<\/h3>\n<p>M\u0113s varam ra\u017eot \u0161o produktu, lai perfekti aizst\u0101tu eso\u0161os hidrauliskos cilindrus, nodro\u0161inot sader\u012bbu un veiktsp\u0113ju da\u017e\u0101dos mode\u013cos un lietojumos.<\/p>\n<\/li>\n<\/ul>\n<p><img decoding=\"async\" src=\"https:\/\/www.hydraulic-cylinders.net\/wp-content\/uploads\/2025\/04\/songte-cylinder-head-with-all-kinds-excavator-models.webp\" alt=\"Ekskavatoru str\u0113les cilindrs\"><\/p>\n<h2>Str\u0113les cilindru pielietojums<\/h2>\n<h3>Celtniec\u012bbas apr\u012bkojums<\/h3>\n<p>Ekskavatoros str\u0113les cilindri ir vit\u0101li svar\u012bgi augsnes vai gru\u017eu rak\u0161anai, iekrau\u0161anai un p\u0101rvieto\u0161anai. Tie nodro\u0161ina optim\u0101lu veiktsp\u0113ju rak\u0161anas laik\u0101, \u013caujot prec\u012bzi kontrol\u0113t un p\u0101rvietot kausu. Ekskavatoros-iekr\u0101v\u0113jos \u0161ie cilindri pal\u012bdz gan rak\u0161an\u0101, gan cel\u0161an\u0101, uzlabojot ma\u0161\u012bnas daudzpus\u012bbu.<\/p>\n<h3>Lauksaimniec\u012bbas tehnika<\/h3>\n<p>Front\u0101lie iekr\u0101v\u0113ji izmanto str\u0113les cilindrus augsnes, siena un citu materi\u0101lu efekt\u012bvai sav\u0101k\u0161anai, cel\u0161anai un transport\u0113\u0161anai. Hidraulisk\u0101 jauda \u013cauj lauksaimniekiem viegli p\u0101rvald\u012bt smagas kravas, uzlabojot produktivit\u0101ti saimniec\u012bb\u0101.<\/p>\n<h3>Ekskavatori<\/h3>\n<p>Ekskavatoros str\u0113les cilindrs atvieglo rak\u0161anas darb\u012bbu, \u013caujot kausam iek\u013c\u016bt augsn\u0113. \u0160\u012b sp\u0113ja ir \u013coti svar\u012bga efekt\u012bvai rak\u0161anai, \u012bpa\u0161i sare\u017e\u0123\u012bt\u0101 reljef\u0101, kur nepiecie\u0161ama precizit\u0101te.<\/p>\n<h3>Iekr\u0101v\u0113ji<\/h3>\n<p>Front\u0101lie iekr\u0101v\u0113ji g\u016bst labumu no str\u0113les cilindriem, lai efekt\u012bvi paceltu un izg\u0101ztu kravas. Hidraulisk\u0101 darb\u012bba \u013cauj operatoriem prec\u012bzi apstr\u0101d\u0101t materi\u0101lus, padarot tos par b\u016btisku sast\u0101vda\u013cu b\u016bvniec\u012bbas un materi\u0101lu apstr\u0101des uzdevumos.<\/p>\n<h2>Dizaina apsv\u0113rumi un atlases krit\u0113riji<\/h2>\n<h3>Kravnes\u012bba<\/h3>\n<p>Ir \u013coti svar\u012bgi izprast str\u0113les cilindra kravnes\u012bbu, lai p\u0101rliecin\u0101tos, ka tas sp\u0113j iztur\u0113t konkr\u0113tu pielietojumu pras\u012bbas. Cilindra ar nepietiekamu kravnes\u012bbu izv\u0113le var izrais\u012bt boj\u0101jumus, potenci\u0101li izraisot negad\u012bjumus un apr\u012bkojuma boj\u0101jumus.<\/p>\n<h3>Bl\u012bv\u0113\u0161ana<\/h3>\n<p>Efekt\u012bvs bl\u012bv\u0113jums ir vit\u0101li svar\u012bgs hidraulisk\u0101 spiediena uztur\u0113\u0161anai un \u0161\u0137idruma nopl\u016b\u017eu nov\u0113r\u0161anai. Kvalitat\u012bvi bl\u012bv\u0113jumi, kas izgatavoti no iztur\u012bgiem materi\u0101liem, ir b\u016btiski, lai nodro\u0161in\u0101tu str\u0113les cilindra ilgm\u016b\u017e\u012bbu un efektivit\u0101ti.<\/p>\n<h3>Iztur\u012bba<\/h3>\n<p>Iztur\u012bba ir galvenais apsv\u0113rums str\u0113les cilindru projekt\u0113\u0161an\u0101. Tiem j\u0101iztur skarbi darba apst\u0101k\u013ci, tostarp putek\u013cu, mitruma un main\u012bgas temperat\u016bras iedarb\u012bba. Augstas kvalit\u0101tes materi\u0101lu izv\u0113le uzlabo kop\u0113jo iztur\u012bbu.<\/p>\n<h3>Dro\u0161\u012bba<\/h3>\n<p>Dro\u0161\u012bbas funkcij\u0101m j\u0101b\u016bt priorit\u0101tei str\u0113les cilindru projekt\u0113\u0161an\u0101 un izv\u0113l\u0113. Dro\u0161\u012bbas pas\u0101kumu, piem\u0113ram, spiediena samazin\u0101\u0161anas v\u0101rstu, ievie\u0161ana var nov\u0113rst p\u0101rslodzi un potenci\u0101lus boj\u0101jumus, nodro\u0161inot dro\u0161\u0101ku darb\u012bbu.<\/p>\n<h3>Uzturam\u012bba<\/h3>\n<p>Visbeidzot, apkopes vienk\u0101r\u0161\u012bba ir iz\u0161\u0137iro\u0161a, izv\u0113loties str\u0113les cilindru. Konstrukcijas, kas nodro\u0161ina \u0113rtu piek\u013cuvi remontam un regul\u0101rai apkopei, var iev\u0113rojami samazin\u0101t d\u012bkst\u0101ves laiku un ekspluat\u0101cijas izmaksas.<\/p>\n<p><img decoding=\"async\" src=\"https:\/\/www.hydraulic-cylinders.net\/wp-content\/uploads\/2025\/04\/songte-oil-pipes-and-spare-parts.webp\" alt=\"Hidraulisk\u0101s sast\u0101vda\u013cas\"><\/p>\n<h2>Bl\u012bv\u0113\u0161ana un e\u013c\u013co\u0161ana<\/h2>\n<p>Pareiza bl\u012bv\u0113\u0161ana ir b\u016btiska str\u0113les cilindru darb\u012bbai. Hidraulisk\u0101 spiediena uztur\u0113\u0161anai tiek izmantoti da\u017e\u0101di bl\u012bv\u0113jumi, piem\u0113ram, virzu\u013ca bl\u012bv\u0113jumi un stie\u0146a bl\u012bv\u0113jumi. Bl\u012bv\u0113jumi, kas izgatavoti no nodilumiztur\u012bgiem materi\u0101liem, piem\u0113ram, poliuret\u0101na un nitrila gumijas, nodro\u0161ina optim\u0101lu veiktsp\u0113ju. Turkl\u0101t cilindra korpuss un v\u012bt\u0146otie gali tiek r\u016bp\u012bgi apstr\u0101d\u0101ti, lai uzlabotu nodilumiztur\u012bbu.<\/p>\n<p>Nepiecie\u0161ama regul\u0101ra e\u013c\u013co\u0161ana, periodiski papildinot hidraulisko e\u013c\u013cu. \u0160is apkopes solis ne tikai veicina vienm\u0113r\u012bgu darb\u012bbu, bet ar\u012b nov\u0113r\u0161 kust\u012bgo da\u013cu nodilumu, pagarinot cilindra kalpo\u0161anas laiku.<\/p>\n<h2>Regul\u0101ra p\u0101rbaude un profilaktisk\u0101 apkope<\/h2>\n<ul>\n<li>\n<h3>Regul\u0101ras p\u0101rbaudes<\/h3>\n<p>Regul\u0101ras p\u0101rbaudes var noteikt nodilumu un iesp\u0113jam\u0101s probl\u0113mas, pirms t\u0101s saasin\u0101s. Darb\u012bbas laik\u0101 mekl\u0113jiet nopl\u016bdes, korozijas vai neparastu trok\u0161\u0146u paz\u012bmes.<\/p>\n<\/li>\n<li>\n<h3>Pareiza e\u013c\u013co\u0161ana<\/h3>\n<p>Regul\u0101ra cilindra deta\u013cu e\u013c\u013co\u0161ana nodro\u0161ina vienm\u0113r\u012bgu darb\u012bbu un samazina berzi, pagarinot cilindra kalpo\u0161anas laiku.<\/p>\n<\/li>\n<li>\n<h3>Bl\u012bv\u0113juma nomai\u0146a<\/h3>\n<p>Laika gait\u0101 bl\u012bves var nolietoties un zaud\u0113t savu efektivit\u0101ti. Regul\u0101ra bl\u012bvju p\u0101rbaude un nomai\u0146a var pal\u012bdz\u0113t uztur\u0113t hidraulisko efektivit\u0101ti un nov\u0113rst nopl\u016bdes.<\/p>\n<\/li>\n<\/ul>\n<h2>Uzst\u0101d\u012b\u0161anas vadl\u012bnijas<\/h2>\n<p>Pareiza str\u0113les cilindra uzst\u0101d\u012b\u0161ana ir b\u016btiska optim\u0101lai veiktsp\u0113jai. Vispirms p\u0101rliecinieties, vai visas sast\u0101vda\u013cas ir t\u012bras un bez gru\u017eiem. Pareiza cilindra izl\u012bdzin\u0101\u0161ana ir \u013coti svar\u012bga; nepareiza izl\u012bdzin\u0101\u0161ana var izrais\u012bt priek\u0161laic\u012bgu nodilumu. Izmantojiet atbilsto\u0161us mont\u0101\u017eas kron\u0161teinus, lai nostiprin\u0101tu cilindru, nodro\u0161inot, ka tas ir stingri fiks\u0113ts viet\u0101. Pievelkot skr\u016bves un savienojumus, iev\u0113rojiet ra\u017eot\u0101ja nor\u0101d\u012bjumus par griezes momenta specifik\u0101cij\u0101m.<\/p>\n<p>P\u0113c uzst\u0101d\u012b\u0161anas ir svar\u012bgi r\u016bp\u012bgi p\u0101rbaud\u012bt visus hidrauliskos savienojumus, vai nav nopl\u016b\u017eu. P\u0113c uzst\u0101d\u012b\u0161anas veiciet testa darb\u012bbu, lai p\u0101rliecin\u0101tos, ka cilindrs darbojas nevainojami, bez jebk\u0101d\u0101m neatbilst\u012bb\u0101m.<\/p>\n<h2>Bie\u017ei sastopamie apkopes uzdevumi<\/h2>\n<ul>\n<li>\n<h3>Regul\u0101ras p\u0101rbaudes<\/h3>\n<p>Regul\u0101r\u0101s p\u0101rbaudes j\u0101veic, lai koncentr\u0113tos uz bl\u012bv\u0113jumu un hidraulisk\u0101s sist\u0113mas st\u0101vokli. Lai saglab\u0101tu funkcionalit\u0101ti, nekav\u0113joties j\u0101nov\u0113r\u0161 visas nodiluma paz\u012bmes.<\/p>\n<\/li>\n<li>\n<h3>Piem\u0113rota e\u013c\u013co\u0161ana<\/h3>\n<p>Ir \u013coti svar\u012bgi izmantot pareizu hidraulisk\u0101s e\u013c\u013cas veidu un daudzumu e\u013c\u013co\u0161anai. P\u0101rliecinieties, ka e\u013c\u013ca ir t\u012bra, lai nov\u0113rstu pies\u0101r\u0146ojumu un nodilumu.<\/p>\n<\/li>\n<li>\n<h3>Bl\u012bv\u0113juma nomai\u0146a un kalibr\u0113\u0161ana<\/h3>\n<p>Regul\u0101ri nomainiet bl\u012bves k\u0101 da\u013cu no apkopes p\u0101rbaud\u0113m. Lai nodro\u0161in\u0101tu optim\u0101lu veiktsp\u0113ju, j\u0101veic ar\u012b hidraulisk\u0101s sist\u0113mas kalibr\u0113\u0161ana.<\/p>\n<\/li>\n<\/ul>\n<p><img decoding=\"async\" src=\"https:\/\/www.hydraulic-cylinders.net\/wp-content\/uploads\/2025\/04\/songte-chushion-collar.webp\" alt=\"Spilvenu apkakle\"><\/p>\n<h2>Dro\u0161\u012bbas apsv\u0113rumi un vides faktori<\/h2>\n<p>Dro\u0161\u012bbas pas\u0101kumu ievie\u0161ana, lietojot str\u0113les cilindrus, ir \u013coti svar\u012bga. Operatoriem j\u0101b\u016bt apm\u0101c\u012btiem dro\u0161i r\u012bkoties ar apr\u012bkojumu, tostarp izprast svara ierobe\u017eojumus un pareizu hidraulisko sist\u0113mu lieto\u0161anu. Regul\u0101ra apkope un dro\u0161\u012bbas protokolu iev\u0113ro\u0161ana var iev\u0113rojami samazin\u0101t negad\u012bjumu risku.<\/p>\n<h2>K\u013c\u016bmju diagnostika un bie\u017e\u0101k sastopam\u0101s probl\u0113mas<\/h2>\n<ul>\n<li>\n<h3>Hidraulisk\u0101s nopl\u016bdes<\/h3>\n<p>Nopl\u016bdes var liecin\u0101t par nolietotiem bl\u012bv\u0113jumiem vai boj\u0101tiem komponentiem. P\u0101rbaudiet bl\u012bves un savienojumus, nepiecie\u0161am\u012bbas gad\u012bjum\u0101 pievelkot vai nomainot tos, lai nov\u0113rstu \u0161\u0137idruma zudumu.<\/p>\n<\/li>\n<li>\n<h3>L\u0113na darb\u012bba<\/h3>\n<p>Ja str\u0113les cilindrs darbojas l\u0113ni, p\u0101rbaudiet hidraulisk\u0101 \u0161\u0137idruma l\u012bmeni un p\u0101rliecinieties, vai l\u012bnij\u0101s nav aizsprostojumu. Gaiss sist\u0113m\u0101 var izrais\u012bt ar\u012b l\u0113nu darb\u012bbu.<\/p>\n<\/li>\n<li>\n<h3>Neparastas ska\u0146as<\/h3>\n<p>Neparastas ska\u0146as darb\u012bbas laik\u0101 var liecin\u0101t par iek\u0161\u0113jiem boj\u0101jumiem vai zemu hidraulisk\u0101 \u0161\u0137idruma l\u012bmeni. Nekav\u0113joties p\u0101rbaudiet, vai tas ir boj\u0101ts, lai izvair\u012btos no nopietniem boj\u0101jumiem.<\/p>\n<\/li>\n<\/ul>\n<p>Iev\u0113rojot \u0161os diagnostikas padomus, operatori var efekt\u012bvi nov\u0113rst probl\u0113mas un uztur\u0113t str\u0113les cilindru maksim\u0101lu veiktsp\u0113ju.<\/p>\n<h2>Uz\u0146\u0113muma p\u0101rskats<\/h2>\n<p>M\u0113s esam ra\u017eot\u0101js, kas specializ\u0113jas rezerves hidraulisko cilindru ra\u017eo\u0161an\u0101 ar daudzveid\u012bgu produktu l\u012bniju, kas m\u016bs pozicion\u0113 k\u0101 vado\u0161o ra\u017eot\u0101ju un vairumtirgot\u0101ju gan viet\u0113j\u0101, gan starptautiskaj\u0101 tirg\u016b. M\u016bsu ap\u0146em\u0161an\u0101s sasniegt izcil\u012bbu atspogu\u013cojas m\u016bsu pilnveidotajos ra\u017eo\u0161anas procesos un augstu kvalit\u0101tes standartu iev\u0113ro\u0161an\u0101.<\/p>\n<p>M\u0113s izmantojam kvalific\u0113tu darbasp\u0113ku, modernu digit\u0101lo ra\u017eo\u0161anas apr\u012bkojumu un stabilas test\u0113\u0161anas sist\u0113mas, lai uzlabotu savas ra\u017eo\u0161anas jaudas. M\u016bsu koncentr\u0113\u0161an\u0101s uz augstu efektivit\u0101ti, precizit\u0101ti un kvalit\u0101ti \u013cauj mums efekt\u012bvi apmierin\u0101t m\u016bsu klientu da\u017e\u0101d\u0101s vajadz\u012bbas.<\/p>\n<p>Turkl\u0101t m\u0113s pied\u0101v\u0101jam piel\u0101gotus pakalpojumus, nodro\u0161inot, ka m\u016bsu produkti atbilst konkr\u0113t\u0101m lietojumprogrammu pras\u012bb\u0101m. M\u016bsu starptautiskie sertifik\u0101ti apliecina m\u016bsu ap\u0146em\u0161anos nodro\u0161in\u0101t kvalit\u0101ti un uzticam\u012bbu, savuk\u0101rt m\u016bsu \u012bpa\u0161ais p\u0113cp\u0101rdo\u0161anas atbalsts nodro\u0161ina klientu apmierin\u0101t\u012bbu.<\/p>\n<p><img decoding=\"async\" src=\"https:\/\/www.hydraulic-cylinders.net\/wp-content\/uploads\/2025\/04\/songte-company-4.webp\" alt=\"Uz\u0146\u0113muma t\u0113ls\"><br \/>\n<img decoding=\"async\" src=\"https:\/\/www.hydraulic-cylinders.net\/wp-content\/uploads\/2025\/04\/songte-company-3.webp\" alt=\"Uz\u0146\u0113muma t\u0113ls\"><\/p>\n<p>Autors: lil<\/p>","protected":false},"excerpt":{"rendered":"<p>Boom Cylinder For Bonny WZY32-7 Introduction to Boom Cylinders The boom cylinder, specifically designed for heavy machinery like the Bonny WZY32-7, is an essential component within hydraulic systems. These cylinders are responsible for controlling the movement of the bucket in various heavy equipment such as excavators, backhoe loaders, and front-end loaders. They enable the bucket [&hellip;]<\/p>","protected":false},"featured_media":17880,"comment_status":"open","ping_status":"closed","template":"","meta":{"_et_pb_use_builder":"","_et_pb_old_content":"","_et_gb_content_width":""},"product_brand":[],"product_cat":[1546],"product_tag":[1547,1496],"class_list":{"0":"post-19647","1":"product","2":"type-product","3":"status-publish","4":"has-post-thumbnail","6":"product_cat-boom-cylinders","7":"product_tag-boom-cylinders","8":"product_tag-hydraulic-cylinders","10":"first","11":"instock","12":"shipping-taxable","13":"product-type-simple"},"amp_enabled":true,"_links":{"self":[{"href":"https:\/\/www.hydraulic-cylinders.net\/lv\/wp-json\/wp\/v2\/product\/19647","targetHints":{"allow":["GET"]}}],"collection":[{"href":"https:\/\/www.hydraulic-cylinders.net\/lv\/wp-json\/wp\/v2\/product"}],"about":[{"href":"https:\/\/www.hydraulic-cylinders.net\/lv\/wp-json\/wp\/v2\/types\/product"}],"replies":[{"embeddable":true,"href":"https:\/\/www.hydraulic-cylinders.net\/lv\/wp-json\/wp\/v2\/comments?post=19647"}],"wp:featuredmedia":[{"embeddable":true,"href":"https:\/\/www.hydraulic-cylinders.net\/lv\/wp-json\/wp\/v2\/media\/17880"}],"wp:attachment":[{"href":"https:\/\/www.hydraulic-cylinders.net\/lv\/wp-json\/wp\/v2\/media?parent=19647"}],"wp:term":[{"taxonomy":"product_brand","embeddable":true,"href":"https:\/\/www.hydraulic-cylinders.net\/lv\/wp-json\/wp\/v2\/product_brand?post=19647"},{"taxonomy":"product_cat","embeddable":true,"href":"https:\/\/www.hydraulic-cylinders.net\/lv\/wp-json\/wp\/v2\/product_cat?post=19647"},{"taxonomy":"product_tag","embeddable":true,"href":"https:\/\/www.hydraulic-cylinders.net\/lv\/wp-json\/wp\/v2\/product_tag?post=19647"}],"curies":[{"name":"wp","href":"https:\/\/api.w.org\/{rel}","templated":true}]}}