{"id":19648,"date":"2025-04-07T06:59:28","date_gmt":"2025-04-07T06:59:28","guid":{"rendered":"https:\/\/www.hydraulic-cylinders.net\/product\/boom-cylinder-for-bonny-wzyq42-6\/"},"modified":"2025-04-07T06:59:31","modified_gmt":"2025-04-07T06:59:31","slug":"boom-cylinder-for-bonny-wzyq42-6","status":"publish","type":"product","link":"https:\/\/www.hydraulic-cylinders.net\/lv\/products\/boom-cylinder-for-bonny-wzyq42-6\/","title":{"rendered":"Str\u0113les cilindrs Bonny WZYQ42-6"},"content":{"rendered":"<h1>Str\u0113les cilindrs Bonny WZYQ42-6<\/h1>\n<h2>Ievads str\u0113les cilindr\u0101<\/h2>\n<p>Bonny WZYQ42-6 str\u0113les cilindrs ir b\u016btiska hidraulisko sist\u0113mu sast\u0101vda\u013ca, kas \u012bpa\u0161i paredz\u0113ta kausu kust\u012bbas vad\u012bbai smag\u0101 ma\u0161\u012bn\u0101, piem\u0113ram, ekskavatoros, ekskavatoros-iekr\u0101v\u0113jos un front\u0101lajos iekr\u0101v\u0113jos. \u0160is specializ\u0113tais hidrauliskais cilindrs \u013cauj pacelt, nolaist un noliekt kausu, atvieglojot efekt\u012bvus materi\u0101lu apstr\u0101des darbus. Str\u0113les cilindrs darbojas augsta spiediena ietekm\u0113, nodro\u0161inot vienm\u0113r\u012bgas un prec\u012bzas kust\u012bbas, kas nepiecie\u0161amas rak\u0161anas un iekrau\u0161anas darbiem.<\/p>\n<p><img decoding=\"async\" src=\"https:\/\/www.hydraulic-cylinders.net\/wp-content\/uploads\/2025\/04\/songte-company-1.webp\" alt=\"Str\u0113les cilindrs\" \/><\/p>\n<h2>Str\u0113les cilindra \u012bpa\u0161\u012bbas<\/h2>\n<h3>Augsta iztur\u012bba un ilgm\u016b\u017e\u012bba<\/h3>\n<ul>\n<li>Izgatavots no augstas stipr\u012bbas t\u0113rauda vai alum\u012bnija, kas sp\u0113j iztur\u0113t augstu spiedienu un lielas slodzes.<\/li>\n<li>Izstr\u0101d\u0101ts, lai iztur\u0113tu skarbus darba apst\u0101k\u013cus, \u012bpa\u0161u uzman\u012bbu piev\u0113r\u0161ot nodilumiztur\u012bbai un korozijas iztur\u012bbai, lai pagarin\u0101tu kalpo\u0161anas laiku.<\/li>\n<\/ul>\n<h3>Efekt\u012bva hidraulisk\u0101 darb\u012bba<\/h3>\n<ul>\n<li>Izmanto hidraulisk\u0101s e\u013c\u013cas spiedienu vienm\u0113r\u012bgai izvilk\u0161anai un ievilk\u0161anai, nodro\u0161inot \u0101tru reakciju uz vad\u012bbas komand\u0101m.<\/li>\n<li>Nodro\u0161ina sp\u0113c\u012bgu stum\u0161anas un vilk\u0161anas sp\u0113ku, kas ir ide\u0101li piem\u0113rots smagu priek\u0161metu apstr\u0101dei un sare\u017e\u0123\u012btiem ekspluat\u0101cijas uzdevumiem.<\/li>\n<\/ul>\n<h3>Da\u017e\u0101di veidi<\/h3>\n<ul>\n<li>Pieejams vienk\u0101r\u0161\u0101s darb\u012bbas (hidraulisk\u0101 sist\u0113ma tiek izmantota vien\u0101 virzien\u0101) vai divk\u0101r\u0161\u0101s darb\u012bbas (hidraulisk\u0101 sist\u0113ma tiek izmantota abos virzienos) konfigur\u0101cij\u0101s, lai apmierin\u0101tu da\u017e\u0101das ekspluat\u0101cijas vajadz\u012bbas.<\/li>\n<li>Da\u017eiem mode\u013ciem ir teleskopiska konstrukcija, kas \u013cauj tos pagarin\u0101t, nepalielinot \u0101r\u0113jos izm\u0113rus, t\u0101p\u0113c tie ir piem\u0113roti lieto\u0161anai ierobe\u017eot\u0101 telp\u0101.<\/li>\n<\/ul>\n<p>M\u016bsu produkti sp\u0113j perfekti aizst\u0101t \u0161os hidrauliskos cilindrus.<\/p>\n<p><img decoding=\"async\" src=\"https:\/\/www.hydraulic-cylinders.net\/wp-content\/uploads\/2025\/04\/songte-cylinder-head-with-all-kinds-excavator-models.webp\" alt=\"Hidraulisko cilindru mode\u013ci\" \/><\/p>\n<h2>Str\u0113les cilindra pielietojums<\/h2>\n<h3>Celtniec\u012bbas apr\u012bkojums<\/h3>\n<p>Ekskavatoros str\u0113les cilindri ir \u013coti svar\u012bgi rak\u0161anai, iekrau\u0161anai un augsnes vai gru\u017eu p\u0101rvieto\u0161anai. Tie \u013cauj kausam efekt\u012bvi iek\u013c\u016bt zem\u0113, atvieglojot rak\u0161anas procesu. Ekskavatoros-iekr\u0101v\u0113jos str\u0113les cilindrs pal\u012bdz gan rak\u0161anas, gan cel\u0161anas oper\u0101cij\u0101s, nodro\u0161inot daudzpus\u012bgu funkcionalit\u0101ti b\u016bvlaukumos.<\/p>\n<h3>Lauksaimniec\u012bbas tehnika<\/h3>\n<p>Front\u0101lajos iekr\u0101v\u0113jos str\u0113les cilindri ir svar\u012bgi augsnes, siena un citu materi\u0101lu sav\u0101k\u0161anai, cel\u0161anai un transport\u0113\u0161anai. \u0160ie cilindri nodro\u0161ina iekr\u0101v\u0113ja efekt\u012bvu darb\u012bbu, maksim\u0101li palielinot produktivit\u0101ti lauksaimniec\u012bbas darbos, nodro\u0161inot nepiecie\u0161amo hidraulisko sp\u0113ku da\u017e\u0101diem uzdevumiem.<\/p>\n<h3>Ekskavatori<\/h3>\n<p>Ekskavatoru str\u0113les cilindrs \u013cauj kausam iek\u013c\u016bt augsn\u0113, efekt\u012bvi veicot rak\u0161anas darb\u012bbas. \u0160\u012b sp\u0113ja padara to par neaizst\u0101jamu instrumentu gan b\u016bvniec\u012bbas, gan nojauk\u0161anas projektos, nodro\u0161inot, ka ekskavators var viegli tikt gal\u0101 ar pla\u0161u materi\u0101lu kl\u0101stu.<\/p>\n<h3>Iekr\u0101v\u0113ji<\/h3>\n<p>Front\u0101lajos iekr\u0101v\u0113jos str\u0113les cilindri pal\u012bdz efekt\u012bvi pacelt un izkraut kravas. To konstrukcija nodro\u0161ina optim\u0101lu veiktsp\u0113ju pie liel\u0101m slodz\u0113m, nodro\u0161inot, ka materi\u0101lus var \u0101tri un efekt\u012bvi p\u0101rvald\u012bt, kas ir \u013coti svar\u012bgi strauji main\u012bg\u0101 b\u016bvniec\u012bbas vid\u0113.<\/p>\n<h2>Dizaina apsv\u0113rumi un atlases krit\u0113riji<\/h2>\n<h3>Kravnes\u012bba<\/h3>\n<p>Izv\u0113loties str\u0113les cilindru, \u0101rk\u0101rt\u012bgi svar\u012bgi ir izprast kravnes\u012bbu. Cilindram j\u0101sp\u0113j iztur\u0113t maksim\u0101lo paredzamo slodzi bez atteices riska. Tas ietver p\u0101rvietojamo materi\u0101lu svara un to pacel\u0161anai nepiecie\u0161am\u0101 sp\u0113ka nov\u0113rt\u0113\u0161anu. Liel\u0101ka kravnes\u012bba bie\u017ei vien noz\u012bm\u0113 liel\u0101ku dro\u0161\u012bbu un uzticam\u012bbu darb\u012bb\u0101s, \u012bpa\u0161i lieljaudas lietojumos.<\/p>\n<h3>Bl\u012bv\u0113\u0161anas meh\u0101nismi<\/h3>\n<p>Hidraulisk\u0101 cilindra efektivit\u0101ti b\u016btiski ietekm\u0113 t\u0101 bl\u012bv\u0113\u0161anas sist\u0113mas. Pareizi bl\u012bv\u0113jumi nov\u0113r\u0161 hidraulisk\u0101 \u0161\u0137idruma nopl\u016bdi, kas ir vit\u0101li svar\u012bgi spiediena un funkcionalit\u0101tes uztur\u0113\u0161anai. Bl\u012bv\u0113jumu materi\u0101lu izv\u0113le ietekm\u0113 ar\u012b ilgm\u016b\u017e\u012bbu un piel\u0101go\u0161an\u0101s sp\u0113ju da\u017e\u0101d\u0101m darba vid\u0113m, jo \u200b\u200baugstas kvalit\u0101tes bl\u012bv\u0113jumi var iztur\u0113t nodilumu un vides faktorus, nodro\u0161inot nemain\u012bgu veiktsp\u0113ju laika gait\u0101.<\/p>\n<h3>Iztur\u012bba<\/h3>\n<p>Iztur\u012bba ir kritisks faktors str\u0113les cilindru konstrukcij\u0101. Tiem j\u0101b\u016bt pietiekami iztur\u012bgiem, lai iztur\u0113tu skarbus darba apst\u0101k\u013cus, nepasliktinoties to kvalit\u0101tei. Tas ietver iztur\u012bbu pret nodilumu, koroziju un nogurumu, kas var rasties atk\u0101rtotas lieto\u0161anas rezult\u0101t\u0101 zem spiediena. Ra\u017eo\u0161anas proces\u0101 j\u0101iek\u013cauj materi\u0101li un metodes, kas uzlabo iztur\u012bbu, nodro\u0161inot cilindra optim\u0101lu darb\u012bbu vis\u0101 t\u0101 kalpo\u0161anas laik\u0101.<\/p>\n<h3>Dro\u0161\u012bbas funkcijas<\/h3>\n<p>Hidraulisko cilindru konstrukcij\u0101 ir svar\u012bgi iek\u013caut dro\u0161\u012bbas elementus. Tas ietver p\u0101rslodzes aizsardz\u012bbas meh\u0101nismus, kas nov\u0113r\u0161 cilindra pak\u013cau\u0161anu sp\u0113kiem, kas p\u0101rsniedz t\u0101 jaudu, kas var\u0113tu izrais\u012bt katastrof\u0101lu boj\u0101jumu. Dro\u0161\u012bbas pas\u0101kumos j\u0101iek\u013cauj ar\u012b spiediena samazin\u0101\u0161anas v\u0101rsti, lai p\u0101rvald\u012btu p\u0101rm\u0113r\u012bga spiediena apst\u0101k\u013cus, nodro\u0161inot, ka operatori var str\u0101d\u0101t p\u0101rliecino\u0161i, bez lieka riska.<\/p>\n<h3>Apkope un izmantojam\u012bba<\/h3>\n<p>Vienk\u0101r\u0161a apkope un apkalpojam\u012bba ir svar\u012bgi apsv\u0113rumi, izv\u0113loties str\u0113les cilindru. Konstrukcijai j\u0101nodro\u0161ina deta\u013cu, tostarp bl\u012bvju un citu iek\u0161\u0113jo komponentu, vienk\u0101r\u0161a p\u0101rbaude un nomai\u0146a. Regul\u0101riem apkopes protokoliem j\u0101b\u016bt viegli izpild\u0101miem, \u013caujot operatoriem veikt p\u0101rbaudes un remontu bez ilgsto\u0161as \u200b\u200bd\u012bkst\u0101ves, t\u0101d\u0113j\u0101di uzlabojot kop\u0113jo darb\u012bbas efektivit\u0101ti.<\/p>\n<p><img decoding=\"async\" src=\"https:\/\/www.hydraulic-cylinders.net\/wp-content\/uploads\/2025\/04\/songte-oil-pipes-and-spare-parts.webp\" alt=\"E\u013c\u013cas caurules un rezerves da\u013cas\" \/><\/p>\n<h2>Bl\u012bv\u0113\u0161ana un e\u013c\u013co\u0161ana<\/h2>\n<p>Efekt\u012bva bl\u012bv\u0113\u0161ana un e\u013c\u013co\u0161ana ir \u013coti svar\u012bga hidraulisko cilindru ilgm\u016b\u017e\u012bbai un veiktsp\u0113jai. Lai nov\u0113rstu \u0161\u0137idruma nopl\u016bdes un uztur\u0113tu spiedienu, tiek izmantoti da\u017e\u0101di bl\u012bv\u0113\u0161anas elementi, piem\u0113ram, virzu\u013ca bl\u012bvsl\u0113gi \u200b\u200bun stie\u0146a bl\u012bvsl\u0113gi. Bl\u012bv\u0113jumi bie\u017ei tiek izgatavoti no iztur\u012bgiem materi\u0101liem, piem\u0113ram, poliuret\u0101na un nitrila gumijas, kas nodro\u0161ina izcilu nodilumiztur\u012bbu. Turkl\u0101t cilindra korpuss un v\u012bt\u0146ot\u0101s gala virsmas tiek prec\u012bzi apstr\u0101d\u0101tas, lai uzlabotu iztur\u012bbu.<\/p>\n<p>Regul\u0101ra e\u013c\u013co\u0161ana ar hidraulisko e\u013c\u013cu ir b\u016btiska, lai samazin\u0101tu kust\u012bgo da\u013cu berzi un nodilumu. \u0160\u012b e\u013c\u013co\u0161ana ir j\u0101uzrauga un regul\u0101ri j\u0101papildina, lai nodro\u0161in\u0101tu optim\u0101lu veiktsp\u0113ju. Nepietiekama e\u013c\u013co\u0161ana var izrais\u012bt palielin\u0101tu nodilumu un potenci\u0101li katastrof\u0101lu cilindra boj\u0101jumu.<\/p>\n<h2>Prevent\u012bvie apkopes pas\u0101kumi<\/h2>\n<ul>\n<li><strong>Regul\u0101ras p\u0101rbaudes:<\/strong> Regul\u0101ras p\u0101rbaudes, lai noteiktu nopl\u016bdes, nodilumu un boj\u0101jumus, var nov\u0113rst nelielu probl\u0113mu p\u0101rv\u0113r\u0161anos nopietn\u0101s probl\u0113m\u0101s. P\u0101rbaudiet bl\u012bves un p\u0101rliecinieties, ka hidraulisk\u0101s l\u012bnijas ir lab\u0101 st\u0101vokl\u012b.<\/li>\n<li><strong>E\u013c\u013co\u0161ana:<\/strong> Regul\u0101ra cilindra e\u013c\u013co\u0161ana nodro\u0161in\u0101s vienm\u0113r\u012bgu darb\u012bbu un samazin\u0101s iek\u0161\u0113jo deta\u013cu nodilumu. Tas j\u0101dara saska\u0146\u0101 ar ra\u017eot\u0101ja ieteikumiem.<\/li>\n<li><strong>Bl\u012bv\u0113juma nomai\u0146a:<\/strong> Laika gait\u0101 bl\u012bves var nolietoties un t\u0101s var b\u016bt j\u0101nomaina, lai saglab\u0101tu hidraulisk\u0101s sist\u0113mas integrit\u0101ti. Regul\u0101ri p\u0101rbaudiet bl\u012bves un nomainiet t\u0101s p\u0113c nepiecie\u0161am\u012bbas, lai nov\u0113rstu nopl\u016bdes.<\/li>\n<\/ul>\n<h2>Uzst\u0101d\u012b\u0161anas vadl\u012bnijas<\/h2>\n<p>Pareiza str\u0113les cilindra uzst\u0101d\u012b\u0161ana ir \u013coti svar\u012bga optim\u0101lai veiktsp\u0113jai. Vispirms p\u0101rliecinieties, vai visas mont\u0101\u017eas virsmas ir t\u012bras un bez gru\u017eiem. Izmantojiet atbilsto\u0161us izl\u012bdzin\u0101\u0161anas instrumentus, lai nodro\u0161in\u0101tu, ka cilindrs ir pareizi izl\u012bdzin\u0101ts ar mont\u0101\u017eas punktiem. Lai nostiprin\u0101tu cilindru viet\u0101, nov\u0113r\u0161ot jebk\u0101du nepareizu izl\u012bdzin\u0101\u0161anu darb\u012bbas laik\u0101, j\u0101izmanto ieteicam\u0101s uzst\u0101d\u012b\u0161anas kron\u0161teini.<\/p>\n<p>Noregul\u0113jiet hidrauliskos savienojumus, p\u0101rliecinoties, ka visi savienojumi ir cie\u0161i un bez nopl\u016bd\u0113m. P\u0113c uzst\u0101d\u012b\u0161anas veiciet r\u016bp\u012bgu p\u0101rbaudi, lai p\u0101rliecin\u0101tos, ka viss ir pareizi novietots un savienots. Pirms pilnas darba slodzes sasnieg\u0161anas ieteicams veikt testa darb\u012bbu zem\u0101 spiedien\u0101, lai p\u0101rbaud\u012btu, vai nav nopl\u016b\u017eu un darb\u012bbas probl\u0113mu.<\/p>\n<h2>Bie\u017ei sastopamie apkopes uzdevumi<\/h2>\n<h3>Regul\u0101ras p\u0101rbaudes<\/h3>\n<p>Regul\u0101ru p\u0101rbau\u017eu veik\u0161ana ir \u013coti svar\u012bga, lai nodro\u0161in\u0101tu hidraulisk\u0101 cilindra pareizu darb\u012bbu. Mekl\u0113jiet nodiluma paz\u012bmes, piem\u0113ram, plaisas vai koroziju, un nov\u0113rt\u0113jiet bl\u012bv\u0113jumu st\u0101vokli, vai nav nopl\u016b\u017eu paz\u012bmju. Probl\u0113mu agr\u012bna atkl\u0101\u0161ana var nov\u0113rst d\u0101rgus remontdarbus un d\u012bkst\u0101ves.<\/p>\n<h3>Pareiza e\u013c\u013co\u0161ana<\/h3>\n<p>P\u0101rliecinieties, vai hidrauliskais cilindrs ir pien\u0101c\u012bgi iee\u013c\u013cots, lai nodro\u0161in\u0101tu vienm\u0113r\u012bgu darb\u012bbu. Pareiza hidraulisk\u0101 \u0161\u0137idruma veida un daudzuma izmanto\u0161ana pagarina cilindra kalpo\u0161anas laiku un nov\u0113r\u0161 p\u0101rm\u0113r\u012bgu nodilumu. Regul\u0101ri p\u0101rbaudiet \u0161\u0137idruma l\u012bmeni un nepiecie\u0161am\u012bbas gad\u012bjum\u0101 papildiniet, lai uztur\u0113tu optim\u0101lu veiktsp\u0113ju.<\/p>\n<h3>Bl\u012bvju nomai\u0146as un kalibr\u0113\u0161anas p\u0101rbaudes<\/h3>\n<p>Bl\u012bv\u0113jumi ir kritiski svar\u012bgas sast\u0101vda\u013cas, kas periodiski j\u0101nomaina. Regul\u0101ri p\u0101rbaudiet bl\u012bv\u0113jumu nodilumu un nekav\u0113joties nomainiet tos, lai nov\u0113rstu nopl\u016bdes. Kalibr\u0113\u0161anas p\u0101rbaudes nodro\u0161ina, ka cilindrs darbojas noteiktos parametros, t\u0101d\u0113j\u0101di veicinot dro\u0161u un efekt\u012bvu darb\u012bbu.<\/p>\n<p><img decoding=\"async\" src=\"https:\/\/www.hydraulic-cylinders.net\/wp-content\/uploads\/2025\/04\/songte-chushion-collar.webp\" alt=\"Spilvenu apkakle\" \/><\/p>\n<h2>Dro\u0161\u012bbas apsv\u0113rumi un vides faktori<\/h2>\n<p>Str\u0101d\u0101jot ar hidrauliskajiem cilindriem, ir svar\u012bgi noteikt dro\u0161\u012bbas pas\u0101kumu priorit\u0101ti. Operatoriem j\u0101b\u016bt apm\u0101c\u012btiem izprast potenci\u0101los apdraud\u0113jumus, kas saist\u012bti ar hidrauliskaj\u0101m sist\u0113m\u0101m, tostarp augstspiediena \u0161\u0137idruma nopl\u016bdes riskus. Vienm\u0113r j\u0101valk\u0101 atbilsto\u0161i individu\u0101lie aizsardz\u012bbas l\u012bdzek\u013ci (IAL), lai samazin\u0101tu traumu risku. Turkl\u0101t j\u0101\u0146em v\u0113r\u0101 vides apsv\u0113rumi, piem\u0113ram, pareiza hidraulisko \u0161\u0137idrumu utiliz\u0101cija un darba zonu t\u012br\u012bbas uztur\u0113\u0161ana, lai nov\u0113rstu nopl\u016bdes.<\/p>\n<h2>Probl\u0113mu nov\u0113r\u0161ana un bie\u017ei sastopamas probl\u0113mas<\/h2>\n<ul>\n<li><strong>Nopl\u016bde:<\/strong> Viena no visbie\u017e\u0101k sastopamaj\u0101m probl\u0113m\u0101m ir nopl\u016bde, ko bie\u017ei izraisa nolietotas bl\u012bves vai boj\u0101ti savienojumi. Ja tiek konstat\u0113ta nopl\u016bde, p\u0101rbaudiet bl\u012bves un nepiecie\u0161am\u012bbas gad\u012bjum\u0101 nomainiet t\u0101s.<\/li>\n<li><strong>Samazin\u0101ta veiktsp\u0113ja:<\/strong> Ja hidrauliskais cilindrs nedarbojas vienm\u0113r\u012bgi, tas var b\u016bt nepietiekamas e\u013c\u013co\u0161anas vai hidrauliskaj\u0101 sist\u0113m\u0101 iesprostota gaisa d\u0113\u013c. Nodro\u0161iniet atbilsto\u0161u \u0161\u0137idruma l\u012bmeni un izlaidiet sist\u0113mu no gaisa.<\/li>\n<li><strong>Neparastas ska\u0146as:<\/strong> T\u0101di trok\u0161\u0146i k\u0101 d\u016bko\u0146a vai sl\u012bp\u0113\u0161ana var liecin\u0101t par iek\u0161\u0113jiem boj\u0101jumiem vai e\u013c\u013co\u0161anas tr\u016bkumu. P\u0101rbaudiet cilindru, vai tas nav nodilis, un p\u0101rliecinieties, vai tiek uztur\u0113ta atbilsto\u0161a e\u013c\u013co\u0161ana.<\/li>\n<\/ul>\n<h2>Probl\u0113mu nov\u0113r\u0161anas padomi<\/h2>\n<p>Lai efekt\u012bvi diagnostic\u0113tu un nov\u0113rstu probl\u0113mas, vispirms p\u0101rbaudiet \u0161\u0137idruma l\u012bmeni un p\u0101rliecinieties, ka hidrauliskaj\u0101 sist\u0113m\u0101 nav nopl\u016b\u017eu. Lai nov\u0113rstu probl\u0113mu ra\u0161anos, j\u0101iev\u0113ro regul\u0101ras apkopes prakses. Operatoriem ar\u012b j\u0101zina potenci\u0101lo probl\u0113mu simptomi un j\u0101r\u012bkojas \u0101tri, lai tos nov\u0113rstu.<\/p>\n<p>Prevent\u012bvu pas\u0101kumu, piem\u0113ram, regul\u0101ru p\u0101rbau\u017eu un savlaic\u012bgas apkopes, ievie\u0161ana var iev\u0113rojami samazin\u0101t probl\u0113mu ra\u0161an\u0101s iesp\u0113jam\u012bbu un pagarin\u0101t hidraulisk\u0101 cilindra kop\u0113jo kalpo\u0161anas laiku.<\/p>\n<p><img decoding=\"async\" src=\"https:\/\/www.hydraulic-cylinders.net\/wp-content\/uploads\/2025\/04\/songte-bushings-with-all-kinds-of-excavator-models.webp\" alt=\"Ekskavatoru mode\u013cu bukses\" \/><\/p>\n<h2>Par m\u016bsu uz\u0146\u0113mumu<\/h2>\n<p>M\u0113s esam rezerves hidraulisko cilindru ra\u017eot\u0101js, kas pied\u0101v\u0101 pla\u0161u produktu kl\u0101stu un k\u013c\u016bst par vienu no vado\u0161ajiem ra\u017eot\u0101jiem un vairumtirgot\u0101jiem gan viet\u0113j\u0101, gan starptautiskaj\u0101 tirg\u016b. M\u0113s pie\u0161\u0137iram priorit\u0101ti izcilai kvalit\u0101tei, izmantojot izsmalcin\u0101tu ra\u017eo\u0161anas strat\u0113\u0123iju, kas apvieno nozar\u0113 vado\u0161\u0101s tehnolo\u0123ijas, prasm\u012bgu person\u0101lu un stabilu p\u0101rbaudes sist\u0113mu.<\/p>\n<p>M\u016bsu ra\u017eotnes ir apr\u012bkotas ar modern\u0101m digit\u0101l\u0101s ra\u017eo\u0161anas iek\u0101rt\u0101m, kas uzlabo ra\u017eo\u0161anas efektivit\u0101ti un precizit\u0101ti. M\u0113s past\u0101v\u012bgi uzlabojam savu ra\u017eo\u0161anas platformu, lai nodro\u0161in\u0101tu augstas kvalit\u0101tes ra\u017eo\u0161anas mar\u0161rutus, t\u0101d\u0113j\u0101di apmierinot da\u017e\u0101das klientu vajadz\u012bbas.<\/p>\n<p>M\u016bsu ap\u0146em\u0161anos nodro\u0161in\u0101t profesionalit\u0101ti apliecina starptautisk\u0101s sertifik\u0101cijas, klientu specifik\u0101cij\u0101m piel\u0101goti pakalpojumi un past\u0101v\u012bgas invest\u012bcijas modern\u0101kaj\u0101s ra\u017eo\u0161anas iek\u0101rt\u0101s. M\u016bsu specializ\u0113tais p\u0113cp\u0101rdo\u0161anas serviss nodro\u0161ina, ka klienti sa\u0146em past\u0101v\u012bgu atbalstu ar\u012b p\u0113c ieg\u0101des.<\/p>\n<p><img decoding=\"async\" src=\"https:\/\/www.hydraulic-cylinders.net\/wp-content\/uploads\/2025\/04\/songte-company-4.webp\" alt=\"Uz\u0146\u0113muma att\u0113ls 1\" \/><br \/>\n<img decoding=\"async\" src=\"https:\/\/www.hydraulic-cylinders.net\/wp-content\/uploads\/2025\/04\/songte-company-3.webp\" alt=\"Uz\u0146\u0113muma att\u0113ls 2\" \/><\/p>\n<p>Autors Lails.<\/p>","protected":false},"excerpt":{"rendered":"<p>Boom Cylinder For Bonny WZYQ42-6 Introduction to Boom Cylinder The Boom Cylinder for Bonny WZYQ42-6 is a vital component in hydraulic systems, specifically designed for controlling the movement of buckets in heavy machinery such as excavators, backhoe loaders, and front loaders. This specialized hydraulic cylinder allows for the lifting, lowering, and tilting of the bucket, [&hellip;]<\/p>","protected":false},"featured_media":17881,"comment_status":"open","ping_status":"closed","template":"","meta":{"_et_pb_use_builder":"","_et_pb_old_content":"","_et_gb_content_width":""},"product_brand":[],"product_cat":[1546],"product_tag":[1547,1496],"class_list":{"0":"post-19648","1":"product","2":"type-product","3":"status-publish","4":"has-post-thumbnail","6":"product_cat-boom-cylinders","7":"product_tag-boom-cylinders","8":"product_tag-hydraulic-cylinders","10":"first","11":"instock","12":"shipping-taxable","13":"product-type-simple"},"amp_enabled":true,"_links":{"self":[{"href":"https:\/\/www.hydraulic-cylinders.net\/lv\/wp-json\/wp\/v2\/product\/19648","targetHints":{"allow":["GET"]}}],"collection":[{"href":"https:\/\/www.hydraulic-cylinders.net\/lv\/wp-json\/wp\/v2\/product"}],"about":[{"href":"https:\/\/www.hydraulic-cylinders.net\/lv\/wp-json\/wp\/v2\/types\/product"}],"replies":[{"embeddable":true,"href":"https:\/\/www.hydraulic-cylinders.net\/lv\/wp-json\/wp\/v2\/comments?post=19648"}],"wp:featuredmedia":[{"embeddable":true,"href":"https:\/\/www.hydraulic-cylinders.net\/lv\/wp-json\/wp\/v2\/media\/17881"}],"wp:attachment":[{"href":"https:\/\/www.hydraulic-cylinders.net\/lv\/wp-json\/wp\/v2\/media?parent=19648"}],"wp:term":[{"taxonomy":"product_brand","embeddable":true,"href":"https:\/\/www.hydraulic-cylinders.net\/lv\/wp-json\/wp\/v2\/product_brand?post=19648"},{"taxonomy":"product_cat","embeddable":true,"href":"https:\/\/www.hydraulic-cylinders.net\/lv\/wp-json\/wp\/v2\/product_cat?post=19648"},{"taxonomy":"product_tag","embeddable":true,"href":"https:\/\/www.hydraulic-cylinders.net\/lv\/wp-json\/wp\/v2\/product_tag?post=19648"}],"curies":[{"name":"wp","href":"https:\/\/api.w.org\/{rel}","templated":true}]}}